{"id":118631,"date":"2018-02-10T15:05:39","date_gmt":"2018-02-10T20:05:39","guid":{"rendered":"https:\/\/www.myvacaya.com\/vacaya-esperienze\/"},"modified":"2023-12-21T08:53:21","modified_gmt":"2023-12-21T13:53:21","slug":"vacaya-esperienze","status":"publish","type":"page","link":"https:\/\/www.myvacaya.com\/it\/scoprire\/vacaya-esperienze\/","title":{"rendered":"VACAYA Esperienze"},"content":{"rendered":"<p>[et_pb_section fb_built=&#8221;1&#8243; fullwidth=&#8221;on&#8221; admin_label=&#8221;Slider&#8221; module_id=&#8221;cursore-sezione-interno&#8221; _builder_version=&#8221;4.17.6&#8243; _module_preset=&#8221;default&#8221; background_enable_image=&#8221;off&#8221; global_colors_info=&#8221;{}&#8221;][et_pb_fullwidth_code admin_label=&#8221;Slider Overlay&#8221; module_class=&#8221;interior-page-overlay&#8221; _builder_version=&#8221;4.17.6&#8243; _module_preset=&#8221;default&#8221; positioning=&#8221;absolute&#8221; position_origin_a=&#8221;top_right&#8221; position_origin_f=&#8221;top_right&#8221; z_index=&#8221;100&#8243; width=&#8221;50%&#8221; width_tablet=&#8221;50%&#8221; width_phone=&#8221;100%&#8221; width_last_edited=&#8221;on|phone&#8221; height=&#8221;100vh&#8221; global_colors_info=&#8221;{}&#8221;]<div class=\"trip-overlay\"><div class=\"trip-title\"><h1>VACAYA Esperienze<\/h1><\/div><\/div>[\/et_pb_fullwidth_code][et_pb_fullwidth_slider show_arrows=&#8221;off&#8221; admin_label=&#8221;Slider Images&#8221; module_id=&#8221;slider-images&#8221; _builder_version=&#8221;4.17.6&#8243; _module_preset=&#8221;default&#8221; height=&#8221;100vh&#8221; auto=&#8221;on&#8221; global_colors_info=&#8221;{}&#8221;][et_pb_slide _builder_version=&#8221;4.17.6&#8243; _module_preset=&#8221;default&#8221; background_color=&#8221;RGBA(255,255,255,0)&#8221; background_enable_color=&#8221;on&#8221; background_image=&#8221;https:\/\/www.myvacaya.com\/wp-content\/uploads\/2022\/09\/our-experiences.jpg&#8221; background_enable_image=&#8221;on&#8221; background_last_edited=&#8221;on|desktop&#8221; background_image_phone=&#8221;https:\/\/www.myvacaya.com\/wp-content\/uploads\/2022\/11\/vacaya-experiences-mobile-414&#215;500-1.jpg&#8221; background_enable_image_phone=&#8221;on&#8221; global_colors_info=&#8221;{}&#8221; sticky_transition=&#8221;on&#8221;][\/et_pb_slide][\/et_pb_fullwidth_slider][\/et_pb_section][et_pb_section fb_built=&#8221;1&#8243; custom_padding_last_edited=&#8221;on|phone&#8221; _builder_version=&#8221;4.17.6&#8243; _module_preset=&#8221;default&#8221; custom_padding=&#8221;||0%||false|false&#8221; custom_padding_tablet=&#8221;||||false|false&#8221; custom_padding_phone=&#8221;||||false|false&#8221; global_colors_info=&#8221;{}&#8221;][et_pb_row custom_padding_last_edited=&#8221;on|desktop&#8221; _builder_version=&#8221;4.17.6&#8243; _module_preset=&#8221;default&#8221; custom_padding=&#8221;||0%||false|false&#8221; custom_padding_tablet=&#8221;||||false|false&#8221; custom_padding_phone=&#8221;||||false|false&#8221; global_colors_info=&#8221;{}&#8221;][et_pb_column type=&#8221;4_4&#8243; _builder_version=&#8221;4.17.6&#8243; _module_preset=&#8221;default&#8221; global_colors_info=&#8221;{}&#8221;][et_pb_text _builder_version=&#8221;4.17.6&#8243; _module_preset=&#8221;default&#8221; custom_margin=&#8221;||||false|false&#8221; custom_margin_tablet=&#8221;||||false|false&#8221; custom_margin_phone=&#8221;||||false|false&#8221; custom_margin_last_edited=&#8221;on|phone&#8221; global_colors_info=&#8221;{}&#8221;]I viaggi LGBT+ sono divertenti, vero? Ma per molti di noi, questa \u00e8 solo una parte dell&#8217;equazione. Certo, amiamo l&#8217;intrattenimento continuo, le feste, le connessioni e le amicizie, ma cerchiamo anche esperienze che risuonino a un livello emotivo pi\u00f9 profondo. Vacanze in una gamma pi\u00f9 ampia di destinazioni, pi\u00f9 personalizzate e pi\u00f9 in sintonia con la cultura locale, ispirando la nostra comunit\u00e0 verso un percorso di scoperta di s\u00e9. Dal primo giorno, VACAYA ha definito tre categorie di vacanze che avrebbero gettato le basi per la nostra ampia offerta per soddisfare una variet\u00e0 di sogni di vacanza.<\/p>\n<p>Analizziamoli&#8230;[\/et_pb_text][\/et_pb_column][\/et_pb_row][\/et_pb_section][et_pb_section fb_built=&#8221;1&#8243; custom_padding_last_edited=&#8221;on|phone&#8221; admin_label=&#8221;Bliss&#8221; _builder_version=&#8221;4.17.6&#8243; _module_preset=&#8221;default&#8221; custom_padding=&#8221;0%||0%||false|false&#8221; custom_padding_tablet=&#8221;||||false|false&#8221; custom_padding_phone=&#8221;||||false|false&#8221; global_colors_info=&#8221;{}&#8221;][et_pb_row _builder_version=&#8221;4.17.6&#8243; _module_preset=&#8221;default&#8221; global_colors_info=&#8221;{}&#8221;][et_pb_column type=&#8221;4_4&#8243; _builder_version=&#8221;4.17.6&#8243; _module_preset=&#8221;default&#8221; global_colors_info=&#8221;{}&#8221;][et_pb_text admin_label=&#8221;Section Title &#8211; H3&#8243; _builder_version=&#8221;4.17.6&#8243; _module_preset=&#8221;default&#8221; header_3_font=&#8221;Futura Bold|||on|||||&#8221; header_3_text_align=&#8221;center&#8221; header_3_text_color=&#8221;#000000&#8243; header_3_font_size=&#8221;18px&#8221; header_3_letter_spacing=&#8221;1.8px&#8221; header_3_line_height=&#8221;24px&#8221; custom_margin=&#8221;||||false|false&#8221; custom_margin_tablet=&#8221;||||false|false&#8221; custom_margin_phone=&#8221;||||false|false&#8221; custom_margin_last_edited=&#8221;on|phone&#8221; custom_padding=&#8221;||||false|false&#8221; hover_enabled=&#8221;0&#8243; global_colors_info=&#8221;{}&#8221; sticky_enabled=&#8221;0&#8243;]<\/p>\n<h3>VACAYA CROCIERE SU GRANDI NAVI<\/h3>\n<p>[\/et_pb_text][\/et_pb_column][\/et_pb_row][et_pb_row column_structure=&#8221;1_3,2_3&#8243; _builder_version=&#8221;4.17.6&#8243; _module_preset=&#8221;default&#8221; global_colors_info=&#8221;{}&#8221;][et_pb_column type=&#8221;1_3&#8243; _builder_version=&#8221;4.17.6&#8243; _module_preset=&#8221;default&#8221; global_colors_info=&#8221;{}&#8221;][et_pb_image src=&#8221;https:\/\/www.myvacaya.com\/wp-content\/uploads\/2022\/09\/bliss-1&#215;1-v2a-300&#215;300-1.png&#8221; title_text=&#8221;beatitudine-1&#215;1-v2a-300&#215;300&#8243; force_fullwidth=&#8221;on&#8221; _builder_version=&#8221;4.17.6&#8243; _module_preset=&#8221;default&#8221; global_colors_info=&#8221;{}&#8221;][\/et_pb_image][\/et_pb_column][et_pb_column type=&#8221;2_3&#8243; _builder_version=&#8221;4.17.6&#8243; _module_preset=&#8221;default&#8221; global_colors_info=&#8221;{}&#8221;][et_pb_text _builder_version=&#8221;4.17.6&#8243; _module_preset=&#8221;default&#8221; hover_enabled=&#8221;0&#8243; global_colors_info=&#8221;{}&#8221; sticky_enabled=&#8221;0&#8243;]<\/p>\n<p>Ottieni ci\u00f2 che conta di pi\u00f9 con lo stile e il servizio che desideri, il tutto a un prezzo vantaggioso. Le nostre crociere su grandi navi offrono un ambiente accogliente e privo di giudizio, intrattenimento all-star, feste strabilianti e attivit\u00e0 non-stop per espandere esponenzialmente la tua cerchia sociale.<\/p>\n<p>Il nostro impegno per l&#8217;eccellenza inizia con le partnership che stiamo costruendo con le principali compagnie di crociera del mondo: Celebrity, Royal Caribbean, Holland America, NCL, Oceania e Princess. Ma \u00e8 la magia dei nostri ospiti che si incontrano su queste navi che porta davvero VACAYA al livello successivo. La nostra programmazione all&#8217;avanguardia e le nuove attivit\u00e0 sociali innovative hanno lo scopo di metterti in contatto con altri viaggiatori in modi spensierati e inaspettati.<\/p>\n<p>Il ritmo <strong>BlG-SHIP CRUISE di VACAYA<\/strong> \u00e8&#8230; <strong>Divertente<\/strong> . <strong>Leggero<\/strong> . <strong>Caldo<\/strong> . <strong>Spontaneo<\/strong> . <strong>Gioioso<\/strong> . <strong>Coinvolgente<\/strong> . <strong>Celebrativo<\/strong> . <strong>Non stop<\/strong> . In definitiva, ogni vacanza Bliss \u00e8 ci\u00f2 che fai tu, totalmente tuo da definire. Le nostre navi sono l&#8217;hub definitivo per l&#8217;amicizia: la tua possibilit\u00e0 di entrare in contatto con persone che la pensano allo stesso modo provenienti da tutto il mondo in un ambiente festoso e giocoso.<\/p>\n<p>[\/et_pb_text][\/et_pb_column][\/et_pb_row][et_pb_row _builder_version=&#8221;4.17.6&#8243; _module_preset=&#8221;default&#8221; global_colors_info=&#8221;{}&#8221;][et_pb_column type=&#8221;4_4&#8243; _builder_version=&#8221;4.17.6&#8243; _module_preset=&#8221;default&#8221; global_colors_info=&#8221;{}&#8221;][et_pb_text admin_label=&#8221;Trip List &#8211; Bliss&#8221; _builder_version=&#8221;4.17.6&#8243; _module_preset=&#8221;default&#8221; custom_padding=&#8221;2.5%|10%|2.5%|10%|false|false&#8221; border_width_all=&#8221;1px&#8221; border_color_all=&#8221;#000000&#8243; global_colors_info=&#8221;{}&#8221;]<div id=\"ajax-load-more\" class=\"ajax-load-more-wrap default\" data-id=\"experience-items\" data-alm-id=\"\" data-canonical-url=\"https:\/\/www.myvacaya.com\/it\/scoprire\/vacaya-esperienze\/\" data-slug=\"vacaya-esperienze\" data-post-id=\"118631\"  data-localized=\"ajax_load_more_experience_items_vars\" data-alm-object=\"ajax_load_more_experience_items\"><ul aria-live=\"polite\" aria-atomic=\"true\" class=\"alm-listing alm-ajax\" data-container-type=\"ul\" data-loading-style=\"default\" data-repeater=\"template_4\" data-post-type=\"trip\" data-taxonomy=\"experience_type\" data-taxonomy-terms=\"bliss\" data-taxonomy-operator=\"IN\" data-meta-key=\"show_trip_tile\" data-meta-value=\"1\" data-custom-args=\"post_parent: 0\" data-order=\"ASC\" data-orderby=\"date\" data-offset=\"0\" data-posts-per-page=\"20\" data-lang=\"it\" data-scroll=\"false\" data-button-label=\"Load More\" data-prev-button-label=\"Load Previous\" data-destroy-after=\"1\"><\/ul><div class=\"alm-btn-wrap\" data-rel=\"ajax-load-more\"><button class=\"alm-load-more-btn\" type=\"button\">Load More<\/button><\/div><\/div>[\/et_pb_text][\/et_pb_column][\/et_pb_row][\/et_pb_section][et_pb_section fb_built=&#8221;1&#8243; custom_padding_last_edited=&#8221;on|phone&#8221; admin_label=&#8221;Oasis&#8221; _builder_version=&#8221;4.17.6&#8243; _module_preset=&#8221;default&#8221; custom_padding=&#8221;0%||0%||false|false&#8221; custom_padding_tablet=&#8221;||||false|false&#8221; custom_padding_phone=&#8221;||||false|false&#8221; global_colors_info=&#8221;{}&#8221;][et_pb_row _builder_version=&#8221;4.17.6&#8243; _module_preset=&#8221;default&#8221; global_colors_info=&#8221;{}&#8221;][et_pb_column type=&#8221;4_4&#8243; _builder_version=&#8221;4.17.6&#8243; _module_preset=&#8221;default&#8221; global_colors_info=&#8221;{}&#8221;][et_pb_text admin_label=&#8221;Section Title &#8211; H3&#8243; _builder_version=&#8221;4.17.6&#8243; _module_preset=&#8221;default&#8221; header_3_font=&#8221;Futura Bold|||on|||||&#8221; header_3_text_align=&#8221;center&#8221; header_3_text_color=&#8221;#000000&#8243; header_3_font_size=&#8221;18px&#8221; header_3_letter_spacing=&#8221;1.8px&#8221; header_3_line_height=&#8221;24px&#8221; custom_margin=&#8221;||||false|false&#8221; custom_margin_tablet=&#8221;||||false|false&#8221; custom_margin_phone=&#8221;||||false|false&#8221; custom_margin_last_edited=&#8221;on|phone&#8221; custom_padding=&#8221;||||false|false&#8221; hover_enabled=&#8221;0&#8243; global_colors_info=&#8221;{}&#8221; sticky_enabled=&#8221;0&#8243;]<\/p>\n<h3>RESORT E TOUR VACAYA<\/h3>\n<p>[\/et_pb_text][\/et_pb_column][\/et_pb_row][et_pb_row column_structure=&#8221;1_3,2_3&#8243; _builder_version=&#8221;4.17.6&#8243; _module_preset=&#8221;default&#8221; global_colors_info=&#8221;{}&#8221;][et_pb_column type=&#8221;1_3&#8243; _builder_version=&#8221;4.17.6&#8243; _module_preset=&#8221;default&#8221; global_colors_info=&#8221;{}&#8221;][et_pb_image src=&#8221;https:\/\/www.myvacaya.com\/wp-content\/uploads\/2022\/09\/oasis-1&#215;1-v2a-300&#215;300-1.png&#8221; title_text=&#8221;oasi-1&#215;1-v2a-300&#215;300&#8243; force_fullwidth=&#8221;on&#8221; _builder_version=&#8221;4.17.6&#8243; _module_preset=&#8221;default&#8221; global_colors_info=&#8221;{}&#8221;][\/et_pb_image][\/et_pb_column][et_pb_column type=&#8221;2_3&#8243; _builder_version=&#8221;4.17.6&#8243; _module_preset=&#8221;default&#8221; global_colors_info=&#8221;{}&#8221;][et_pb_text _builder_version=&#8221;4.17.6&#8243; _module_preset=&#8221;default&#8221; hover_enabled=&#8221;0&#8243; global_colors_info=&#8221;{}&#8221; sticky_enabled=&#8221;0&#8243;]<\/p>\n<p>Pi\u00f9 rilassati delle nostre crociere su grandi navi, gli irresistibili resort e tour di VACAYA offrono la vacanza perfetta per chi cerca divertimento, relax, avventura e romanticismo. Sia che tu stia cercando di sfrecciare attraverso le chiome degli alberi o rilassarti in un&#8217;incredibile piscina, lo troverai qui mentre crei amicizie e ricordi che dureranno una vita.<\/p>\n<p>Abbiamo completamente rotto gli schemi con le nostre vacanze in resort, collaborando con propriet\u00e0 che ridefiniscono ci\u00f2 che ci si aspetta e ci\u00f2 che \u00e8 possibile, dal vero &#8220;tutto compreso&#8221; (dove tutto, dalla cucina premiata, ai cocktail di prima qualit\u00e0, ai trattamenti benessere selezionati, alle escursioni, i servizi del salone, le esperienze di immersione SCUBA e il golf sono inclusi) a propriet\u00e0 non all-inclusive che stabiliscono uno standard completamente nuovo nelle comunit\u00e0 che rappresentano. \u00c8 uno stile di vacanze in resort LGBT+ che sappiamo che adorerai: ogni viaggio Oasis \u00e8 unico a s\u00e9 stante.<\/p>\n<p>Il ritmo <strong>di VACAYA RESORTS &amp; TOURS<\/strong> \u00e8\u2026 <strong>Rilassato<\/strong> . <strong>Facile<\/strong> . <strong>Divertimento<\/strong> . <strong>Equilibrato<\/strong> . <strong>Lussuoso<\/strong> . <strong>Indulgente<\/strong> . <strong>Sportivo<\/strong> . <strong>Senza copione<\/strong> . <strong>Avventuroso<\/strong> . Un modo tutto nuovo di giocare.<\/p>\n<p>[\/et_pb_text][\/et_pb_column][\/et_pb_row][et_pb_row _builder_version=&#8221;4.17.6&#8243; _module_preset=&#8221;default&#8221; global_colors_info=&#8221;{}&#8221;][et_pb_column type=&#8221;4_4&#8243; _builder_version=&#8221;4.17.6&#8243; _module_preset=&#8221;default&#8221; global_colors_info=&#8221;{}&#8221;][et_pb_text admin_label=&#8221;Trip List &#8211; Oasis&#8221; _builder_version=&#8221;4.17.6&#8243; _module_preset=&#8221;default&#8221; custom_padding=&#8221;2.5%|10%|2.5%|10%|false|false&#8221; border_width_all=&#8221;1px&#8221; border_color_all=&#8221;#000000&#8243; global_colors_info=&#8221;{}&#8221;]<div id=\"ajax-load-more-2\" class=\"ajax-load-more-wrap default\" data-id=\"experience-items\" data-alm-id=\"\" data-canonical-url=\"https:\/\/www.myvacaya.com\/it\/scoprire\/vacaya-esperienze\/\" data-slug=\"vacaya-esperienze\" data-post-id=\"118631\"  data-localized=\"ajax_load_more_experience_items_vars\" data-alm-object=\"ajax_load_more_experience_items\"><ul aria-live=\"polite\" aria-atomic=\"true\" class=\"alm-listing alm-ajax\" data-container-type=\"ul\" data-loading-style=\"default\" data-repeater=\"template_4\" data-post-type=\"trip\" data-taxonomy=\"experience_type\" data-taxonomy-terms=\"oasis\" data-taxonomy-operator=\"IN\" data-meta-key=\"show_trip_tile\" data-meta-value=\"1\" data-custom-args=\"post_parent: 0\" data-order=\"ASC\" data-orderby=\"date\" data-offset=\"0\" data-posts-per-page=\"20\" data-lang=\"it\" data-scroll=\"false\" data-button-label=\"Load More\" data-prev-button-label=\"Load Previous\" data-destroy-after=\"1\"><\/ul><div class=\"alm-btn-wrap\" data-rel=\"ajax-load-more-2\"><button class=\"alm-load-more-btn\" type=\"button\">Load More<\/button><\/div><\/div>[\/et_pb_text][\/et_pb_column][\/et_pb_row][\/et_pb_section][et_pb_section fb_built=&#8221;1&#8243; custom_padding_last_edited=&#8221;on|phone&#8221; admin_label=&#8221;Luxe&#8221; _builder_version=&#8221;4.17.6&#8243; _module_preset=&#8221;default&#8221; custom_padding=&#8221;0%||||false|false&#8221; custom_padding_tablet=&#8221;||||false|false&#8221; custom_padding_phone=&#8221;||||false|false&#8221; global_colors_info=&#8221;{}&#8221;][et_pb_row _builder_version=&#8221;4.17.6&#8243; _module_preset=&#8221;default&#8221; global_colors_info=&#8221;{}&#8221;][et_pb_column type=&#8221;4_4&#8243; _builder_version=&#8221;4.17.6&#8243; _module_preset=&#8221;default&#8221; global_colors_info=&#8221;{}&#8221;][et_pb_text admin_label=&#8221;Section Title &#8211; H3&#8243; _builder_version=&#8221;4.17.6&#8243; _module_preset=&#8221;default&#8221; header_3_font=&#8221;Futura Bold|||on|||||&#8221; header_3_text_align=&#8221;center&#8221; header_3_text_color=&#8221;#000000&#8243; header_3_font_size=&#8221;18px&#8221; header_3_letter_spacing=&#8221;1.8px&#8221; header_3_line_height=&#8221;24px&#8221; custom_margin=&#8221;||||false|false&#8221; custom_margin_tablet=&#8221;||||false|false&#8221; custom_margin_phone=&#8221;||||false|false&#8221; custom_margin_last_edited=&#8221;on|phone&#8221; custom_padding=&#8221;||||false|false&#8221; hover_enabled=&#8221;0&#8243; global_colors_info=&#8221;{}&#8221; sticky_enabled=&#8221;0&#8243;]<\/p>\n<h3>CROCIERE VACAYA SU PICCOLE NAVI<\/h3>\n<p>[\/et_pb_text][\/et_pb_column][\/et_pb_row][et_pb_row column_structure=&#8221;1_3,2_3&#8243; _builder_version=&#8221;4.17.6&#8243; _module_preset=&#8221;default&#8221; global_colors_info=&#8221;{}&#8221;][et_pb_column type=&#8221;1_3&#8243; _builder_version=&#8221;4.17.6&#8243; _module_preset=&#8221;default&#8221; global_colors_info=&#8221;{}&#8221;][et_pb_image src=&#8221;https:\/\/www.myvacaya.com\/wp-content\/uploads\/2022\/09\/oasis-1&#215;1-v2a-300&#215;300-1.png&#8221; title_text=&#8221;oasi-1&#215;1-v2a-300&#215;300&#8243; force_fullwidth=&#8221;on&#8221; _builder_version=&#8221;4.17.6&#8243; _module_preset=&#8221;default&#8221; global_colors_info=&#8221;{}&#8221;][\/et_pb_image][\/et_pb_column][et_pb_column type=&#8221;2_3&#8243; _builder_version=&#8221;4.17.6&#8243; _module_preset=&#8221;default&#8221; global_colors_info=&#8221;{}&#8221;][et_pb_text _builder_version=&#8221;4.17.6&#8243; _module_preset=&#8221;default&#8221; hover_enabled=&#8221;0&#8243; global_colors_info=&#8221;{}&#8221; sticky_enabled=&#8221;0&#8243;]<\/p>\n<p>Dalle spezie indiane alle rovine Maya, dai pinguini antartici ai paesaggi onirici europei, i nostri viaggi di scoperta ti immergono nei sapori autentici delle destinazioni pi\u00f9 popolari e fuori dai sentieri battuti del mondo, il tutto con uno stile e un lusso di prima classe. Spedizioni a vela in stile boutique e navi fluviali, le crociere VACAYA Small-Ship Cruises sono impenitentemente esclusive: accoglienti per tutti, ovviamente, ma costruite per i viaggiatori pi\u00f9 esigenti che cercano esperienze intime, splendide sistemazioni e un servizio impareggiabile.<\/p>\n<p>VACAYA collabora con le principali compagnie di crociere di piccole navi del mondo, tra cui Transcend, Emerald Waterways, Ponant, Avalon Waterways e Hurtigruten: linee scelte perch\u00e9 costruite per superare costantemente le aspettative.<\/p>\n<p>Le nostre vacanze in crociera su piccole navi sono una celebrazione delle meraviglie del nostro pianeta. Raggiungeranno gli angoli pi\u00f9 remoti del globo, offrendo agli ospiti VACAYA l&#8217;opportunit\u00e0 di espandere i propri orizzonti in modi completamente nuovi.<\/p>\n<p>Il ritmo della <strong>VACAYA SMALL-SHIP CRUISE<\/strong> \u00e8&#8230; <strong>audace<\/strong> . <strong>Raffinato<\/strong> . <strong>Intimo<\/strong> . <strong>Esotico<\/strong> . <strong>Tesoro<\/strong> . <strong>Calma<\/strong> . <strong>Freddo<\/strong> . <strong>Mille dollari<\/strong> . Un&#8217;occasione per vivere la vita al massimo.<\/p>\n<p>[\/et_pb_text][\/et_pb_column][\/et_pb_row][et_pb_row _builder_version=&#8221;4.17.6&#8243; _module_preset=&#8221;default&#8221; global_colors_info=&#8221;{}&#8221;][et_pb_column type=&#8221;4_4&#8243; _builder_version=&#8221;4.17.6&#8243; _module_preset=&#8221;default&#8221; global_colors_info=&#8221;{}&#8221;][et_pb_text admin_label=&#8221;Trip List &#8211; Luxe&#8221; _builder_version=&#8221;4.17.6&#8243; _module_preset=&#8221;default&#8221; custom_padding=&#8221;2.5%|10%|2.5%|10%|false|false&#8221; border_width_all=&#8221;1px&#8221; border_color_all=&#8221;#000000&#8243; global_colors_info=&#8221;{}&#8221;]<div id=\"ajax-load-more-3\" class=\"ajax-load-more-wrap default\" data-id=\"experience-items\" data-alm-id=\"\" data-canonical-url=\"https:\/\/www.myvacaya.com\/it\/scoprire\/vacaya-esperienze\/\" data-slug=\"vacaya-esperienze\" data-post-id=\"118631\"  data-localized=\"ajax_load_more_experience_items_vars\" data-alm-object=\"ajax_load_more_experience_items\"><ul aria-live=\"polite\" aria-atomic=\"true\" class=\"alm-listing alm-ajax\" data-container-type=\"ul\" data-loading-style=\"default\" data-repeater=\"template_4\" data-post-type=\"trip\" data-taxonomy=\"experience_type\" data-taxonomy-terms=\"luxe\" data-taxonomy-operator=\"IN\" data-meta-key=\"show_trip_tile\" data-meta-value=\"1\" data-custom-args=\"post_parent: 0\" data-order=\"ASC\" data-orderby=\"date\" data-offset=\"0\" data-posts-per-page=\"20\" data-lang=\"it\" data-scroll=\"false\" data-button-label=\"Load More\" data-prev-button-label=\"Load Previous\" data-destroy-after=\"1\"><\/ul><div class=\"alm-btn-wrap\" data-rel=\"ajax-load-more-3\"><button class=\"alm-load-more-btn\" type=\"button\">Load More<\/button><\/div><\/div>[\/et_pb_text][\/et_pb_column][\/et_pb_row][\/et_pb_section]<\/p>\n","protected":false},"excerpt":{"rendered":"<p><div class=\"trip-overlay\"><div class=\"trip-title\"><h1>Tessere viaggio con titolo &#8211; Solo crociere<\/h1><\/div><\/div>I viaggi LGBT+ sono divertenti, vero? Ma per molti di noi, questa \u00e8 solo una parte dell&#8217;equazione. Certo, amiamo l&#8217;intrattenimento continuo, le feste, le connessioni e le amicizie, ma cerchiamo anche esperienze che risuonino a un livello emotivo pi\u00f9 profondo. Vacanze in una gamma pi\u00f9 ampia di destinazioni, pi\u00f9 personalizzate e pi\u00f9 in sintonia con [&hellip;]<\/p>\n","protected":false},"author":1,"featured_media":0,"parent":118679,"menu_order":0,"comment_status":"closed","ping_status":"closed","template":"","meta":{"_acf_changed":false,"_et_pb_use_builder":"on","_et_pb_old_content":"","_et_gb_content_width":"","_monsterinsights_skip_tracking":false,"_monsterinsights_sitenote_active":false,"_monsterinsights_sitenote_note":"","_monsterinsights_sitenote_category":0,"footnotes":""},"class_list":["post-118631","page","type-page","status-publish","hentry"],"acf":[],"_links":{"self":[{"href":"https:\/\/www.myvacaya.com\/it\/wp-json\/wp\/v2\/pages\/118631","targetHints":{"allow":["GET"]}}],"collection":[{"href":"https:\/\/www.myvacaya.com\/it\/wp-json\/wp\/v2\/pages"}],"about":[{"href":"https:\/\/www.myvacaya.com\/it\/wp-json\/wp\/v2\/types\/page"}],"author":[{"embeddable":true,"href":"https:\/\/www.myvacaya.com\/it\/wp-json\/wp\/v2\/users\/1"}],"replies":[{"embeddable":true,"href":"https:\/\/www.myvacaya.com\/it\/wp-json\/wp\/v2\/comments?post=118631"}],"version-history":[{"count":7,"href":"https:\/\/www.myvacaya.com\/it\/wp-json\/wp\/v2\/pages\/118631\/revisions"}],"predecessor-version":[{"id":141592,"href":"https:\/\/www.myvacaya.com\/it\/wp-json\/wp\/v2\/pages\/118631\/revisions\/141592"}],"up":[{"embeddable":true,"href":"https:\/\/www.myvacaya.com\/it\/wp-json\/wp\/v2\/pages\/118679"}],"wp:attachment":[{"href":"https:\/\/www.myvacaya.com\/it\/wp-json\/wp\/v2\/media?parent=118631"}],"curies":[{"name":"wp","href":"https:\/\/api.w.org\/{rel}","templated":true}]}}