{"id":118627,"date":"2018-02-10T15:07:16","date_gmt":"2018-02-10T20:07:16","guid":{"rendered":"https:\/\/www.myvacaya.com\/ridare\/"},"modified":"2023-08-04T10:51:11","modified_gmt":"2023-08-04T14:51:11","slug":"ridare","status":"publish","type":"page","link":"https:\/\/www.myvacaya.com\/it\/scoprire\/ridare\/","title":{"rendered":"Ridare"},"content":{"rendered":"<p>[et_pb_section fb_built=&#8221;1&#8243; fullwidth=&#8221;on&#8221; admin_label=&#8221;Slider&#8221; module_id=&#8221;cursore-sezione-interno&#8221; _builder_version=&#8221;4.17.6&#8243; _module_preset=&#8221;default&#8221; background_enable_image=&#8221;off&#8221; global_colors_info=&#8221;{}&#8221;][et_pb_fullwidth_code admin_label=&#8221;Slider Overlay&#8221; module_class=&#8221;interior-page-overlay&#8221; _builder_version=&#8221;4.17.6&#8243; _module_preset=&#8221;default&#8221; positioning=&#8221;absolute&#8221; position_origin_a=&#8221;top_right&#8221; position_origin_f=&#8221;top_right&#8221; z_index=&#8221;100&#8243; width=&#8221;50%&#8221; width_tablet=&#8221;50%&#8221; width_phone=&#8221;100%&#8221; width_last_edited=&#8221;on|phone&#8221; height=&#8221;100vh&#8221; hover_enabled=&#8221;0&#8243; global_colors_info=&#8221;{}&#8221; sticky_enabled=&#8221;0&#8243;]<div class=\"trip-overlay\"><div class=\"trip-title\"><h1>Ridare<\/h1><\/div><\/div>[\/et_pb_fullwidth_code][et_pb_fullwidth_slider show_arrows=&#8221;off&#8221; admin_label=&#8221;Slider Images&#8221; module_id=&#8221;slider-images&#8221; _builder_version=&#8221;4.17.6&#8243; _module_preset=&#8221;default&#8221; height=&#8221;100vh&#8221; auto=&#8221;on&#8221; global_colors_info=&#8221;{}&#8221;][et_pb_slide _builder_version=&#8221;4.17.6&#8243; _module_preset=&#8221;default&#8221; background_color=&#8221;RGBA(255,255,255,0)&#8221; background_enable_color=&#8221;on&#8221; background_image=&#8221;https:\/\/www.myvacaya.com\/wp-content\/uploads\/2022\/09\/giving-back-3.jpg&#8221; background_enable_image=&#8221;on&#8221; background_last_edited=&#8221;on|desktop&#8221; background_image_phone=&#8221;https:\/\/www.myvacaya.com\/wp-content\/uploads\/2022\/11\/give-back-mobile-414&#215;500-1.jpg&#8221; background_enable_image_phone=&#8221;on&#8221; global_colors_info=&#8221;{}&#8221; sticky_transition=&#8221;on&#8221;][\/et_pb_slide][\/et_pb_fullwidth_slider][\/et_pb_section][et_pb_section fb_built=&#8221;1&#8243; custom_padding_last_edited=&#8221;on|phone&#8221; _builder_version=&#8221;4.17.6&#8243; _module_preset=&#8221;default&#8221; custom_padding=&#8221;||||false|false&#8221; custom_padding_tablet=&#8221;||||false|false&#8221; custom_padding_phone=&#8221;||||false|false&#8221; global_colors_info=&#8221;{}&#8221;][et_pb_row custom_padding_last_edited=&#8221;on|desktop&#8221; _builder_version=&#8221;4.17.6&#8243; _module_preset=&#8221;default&#8221; custom_padding=&#8221;||||false|false&#8221; custom_padding_tablet=&#8221;||||false|false&#8221; custom_padding_phone=&#8221;||||false|false&#8221; global_colors_info=&#8221;{}&#8221;][et_pb_column type=&#8221;4_4&#8243; _builder_version=&#8221;4.17.6&#8243; _module_preset=&#8221;default&#8221; global_colors_info=&#8221;{}&#8221;][et_pb_text _builder_version=&#8221;4.17.6&#8243; _module_preset=&#8221;default&#8221; custom_margin=&#8221;||||false|false&#8221; custom_margin_tablet=&#8221;||||false|false&#8221; custom_margin_phone=&#8221;||||false|false&#8221; custom_margin_last_edited=&#8221;on|phone&#8221; global_colors_info=&#8221;{}&#8221;]Come immagini il nostro mondo tra 50 anni? Restituire alla comunit\u00e0 riflette il nostro impegno nei confronti dell&#8217;idea che tutti possiamo fare la differenza. A tal fine, VACAYA ha due modi in cui speriamo di avere un impatto sia a livello locale che globale&#8230;[\/et_pb_text][\/et_pb_column][\/et_pb_row][\/et_pb_section][et_pb_section fb_built=&#8221;1&#8243; custom_padding_last_edited=&#8221;on|desktop&#8221; admin_label=&#8221;Video&#8221; _builder_version=&#8221;4.17.6&#8243; _module_preset=&#8221;default&#8221; custom_padding=&#8221;0%||0%||false|false&#8221; custom_padding_tablet=&#8221;0%||0%||false|false&#8221; custom_padding_phone=&#8221;0%||0%||false|false&#8221; global_colors_info=&#8221;{}&#8221;][et_pb_row custom_padding_last_edited=&#8221;on|desktop&#8221; _builder_version=&#8221;4.17.6&#8243; _module_preset=&#8221;default&#8221; custom_padding=&#8221;0%||0%||false|false&#8221; custom_padding_tablet=&#8221;&#8221; custom_padding_phone=&#8221;||0%||false|false&#8221; global_colors_info=&#8221;{}&#8221;][et_pb_column type=&#8221;4_4&#8243; _builder_version=&#8221;4.17.4&#8243; _module_preset=&#8221;default&#8221; global_colors_info=&#8221;{}&#8221;][et_pb_image src=&#8221;https:\/\/www.myvacaya.com\/wp-content\/uploads\/2022\/09\/giving-back-1.jpg&#8221; title_text=&#8221;restituzione-1&#8243; show_bottom_space=&#8221;off&#8221; force_fullwidth=&#8221;on&#8221; admin_label=&#8221;Video Thumbnail&#8221; module_class=&#8221;popmake-29174&#8243; _builder_version=&#8221;4.17.6&#8243; _module_preset=&#8221;default&#8221; scroll_fade_enable=&#8221;on&#8221; global_colors_info=&#8221;{}&#8221;][\/et_pb_image][et_pb_image src=&#8221;https:\/\/www.myvacaya.com\/wp-content\/uploads\/2022\/10\/play-btn-pink-white.png&#8221; title_text=&#8221;play-btn-rosa-bianco&#8221; align=&#8221;center&#8221; admin_label=&#8221;Play Button&#8221; module_class=&#8221;popmake-29174&#8243; _builder_version=&#8221;4.17.6&#8243; _module_preset=&#8221;default&#8221; positioning=&#8221;absolute&#8221; position_origin_a=&#8221;center_center&#8221; position_origin_f=&#8221;center_center&#8221; z_index=&#8221;10&#8243; width=&#8221;100%&#8221; width_tablet=&#8221;100%&#8221; width_phone=&#8221;&#8221; width_last_edited=&#8221;on|phone&#8221; max_width_tablet=&#8221;&#8221; max_width_phone=&#8221;50px&#8221; max_width_last_edited=&#8221;on|phone&#8221; global_colors_info=&#8221;{}&#8221;][\/et_pb_image][\/et_pb_column][\/et_pb_row][\/et_pb_section][et_pb_section fb_built=&#8221;1&#8243; custom_padding_last_edited=&#8221;on|desktop&#8221; _builder_version=&#8221;4.17.6&#8243; _module_preset=&#8221;default&#8221; custom_padding=&#8221;4%||0%||false|false&#8221; custom_padding_tablet=&#8221;4%||||false|false&#8221; custom_padding_phone=&#8221;40px||||false|false&#8221; global_colors_info=&#8221;{}&#8221;][et_pb_row column_structure=&#8221;1_2,1_2&#8243; custom_padding_last_edited=&#8221;on|desktop&#8221; _builder_version=&#8221;4.17.6&#8243; _module_preset=&#8221;default&#8221; custom_padding=&#8221;0%||0%||false|false&#8221; custom_padding_tablet=&#8221;0%||0%||false|false&#8221; custom_padding_phone=&#8221;0%||0%||false|false&#8221; global_colors_info=&#8221;{}&#8221;][et_pb_column type=&#8221;1_2&#8243; _builder_version=&#8221;4.17.6&#8243; _module_preset=&#8221;default&#8221; global_colors_info=&#8221;{}&#8221;][et_pb_text admin_label=&#8221;Section Title &#8211; H3&#8243; _builder_version=&#8221;4.17.6&#8243; _module_preset=&#8221;default&#8221; header_3_font=&#8221;Futura Bold|||on|||||&#8221; header_3_text_align=&#8221;center&#8221; header_3_text_color=&#8221;#000000&#8243; header_3_font_size=&#8221;18px&#8221; header_3_letter_spacing=&#8221;1.8px&#8221; header_3_line_height=&#8221;24px&#8221; custom_margin=&#8221;||||false|false&#8221; custom_margin_tablet=&#8221;||||false|false&#8221; custom_margin_phone=&#8221;||||false|false&#8221; custom_margin_last_edited=&#8221;on|phone&#8221; custom_padding=&#8221;||||false|false&#8221; global_colors_info=&#8221;{}&#8221;]<\/p>\n<h3>RaggiungiOUT<\/h3>\n<p>[\/et_pb_text][et_pb_text _builder_version=&#8221;4.17.6&#8243; _module_preset=&#8221;default&#8221; global_colors_info=&#8221;{}&#8221;]La nostra missione \u00e8 assicurarci di restituire di pi\u00f9 alle comunit\u00e0 che visitiamo rispetto a ci\u00f2 che ci viene tolto. Collaborando con le organizzazioni locali, offriamo ai nostri ospiti l&#8217;opportunit\u00e0 durante le loro vacanze di restituire alle comunit\u00e0 che visitiamo, sia con un po&#8217; di equit\u00e0 del sudore che finanziariamente. Rendere il mondo un posto migliore \u00e8 facile. Tutto quello che devi fare \u00e8 avere il tempo della tua vita. Le nostre offerte includono:<\/p>\n<p><strong>Zaino da progetto<\/strong><br \/>\n Una delle conseguenze pi\u00f9 devastanti del vivere in povert\u00e0 \u00e8 l&#8217;impatto che ha sull&#8217;istruzione di un bambino. Per uno studente svantaggiato in luoghi come Cuba, Roat\u00e1n, Barbuda o Messico, poter iniziare l&#8217;anno scolastico con materiale scolastico nuovo di zecca \u00e8 fondamentale per la sua capacit\u00e0 di apprendere e crescere. Project Backpack offre agli ospiti VACAYA l&#8217;opportunit\u00e0 di raccogliere e consegnare questi materiali alle scuole nei porti che visitiamo.<\/p>\n<p><strong>Promuovere la comprensione attraverso il volontariato  <\/strong><br \/>\nI viaggi LGBT hanno dimostrato di essere uno dei motori principali per ottenere l&#8217;accettazione della nostra comunit\u00e0 a livello globale. VACAYA rafforzer\u00e0 queste relazioni attraverso le nostre escursioni a terra di volontariato. Con l&#8217;obiettivo dell&#8217;impatto sociale, gli ospiti coinvolgeranno le comunit\u00e0 locali portando gioia ai giovani che vivono in orfanotrofi poveri, aiutando a ricostruire una struttura devastata dall&#8217;uragano o realizzando filtri per l&#8217;acqua economici ma efficaci e consegnandoli alle famiglie bisognose. VACAYA, in collaborazione con la nostra compagnia di crociere e gli ospiti del resort, guider\u00e0 questi sforzi filantropici per lasciare un&#8217;impressione duratura sui nostri ospiti.[\/et_pb_text][\/et_pb_column][et_pb_column type=&#8221;1_2&#8243; _builder_version=&#8221;4.17.6&#8243; _module_preset=&#8221;default&#8221; global_colors_info=&#8221;{}&#8221;][et_pb_text admin_label=&#8221;Section Title &#8211; H3&#8243; _builder_version=&#8221;4.17.6&#8243; _module_preset=&#8221;default&#8221; header_3_font=&#8221;Futura Bold|||on|||||&#8221; header_3_text_align=&#8221;center&#8221; header_3_text_color=&#8221;#000000&#8243; header_3_font_size=&#8221;18px&#8221; header_3_letter_spacing=&#8221;1.8px&#8221; header_3_line_height=&#8221;24px&#8221; custom_margin=&#8221;||||false|false&#8221; custom_margin_tablet=&#8221;||||false|false&#8221; custom_margin_phone=&#8221;||||false|false&#8221; custom_margin_last_edited=&#8221;on|phone&#8221; custom_padding=&#8221;||||false|false&#8221; global_colors_info=&#8221;{}&#8221;]<\/p>\n<h3>Cabine per cause<\/h3>\n<p>[\/et_pb_text][et_pb_text _builder_version=&#8221;4.17.6&#8243; _module_preset=&#8221;default&#8221; global_colors_info=&#8221;{}&#8221;]In qualit\u00e0 di azienda indipendente, abbiamo la libert\u00e0 di sostenere cause che hanno un impatto positivo sul nostro mondo. Restituire \u00e8 importante per noi e vogliamo condividere questa passione consentendo agli ospiti VACAYA di aiutare a decidere quali cause sosteniamo. Attraverso il tuo sostegno a VACAYA, il nostro programma <em>Cabins for Causes<\/em> doner\u00e0 camere da crociera a cause meritevoli di tua scelta. Di tanto in tanto, terremo nomine ed elezioni che coinvolgono i nostri ospiti per guidare le nostre donazioni di beneficenza. Ci auguriamo di poter aiutare nei seguenti modi:<\/p>\n<ul>\n<li><strong>Risolvere problemi critici a casa<\/strong><br \/>\nMiriamo a sostenere le organizzazioni che affrontano i difficili problemi che devono affrontare le persone LGBT in America. Gli esempi includono il superamento degli effetti dei giovani che fanno coming out con famiglie che non li supportano, la fornitura di cure mediche critiche per l&#8217;HIV\/AIDS a tutti i bisognosi e la garanzia di alloggi a prezzi accessibili e privi di discriminazioni per i nostri anziani LGBT in crescita.<\/li>\n<li><strong>Garantire l&#8217;uguaglianza continua a crescere<\/strong><br \/>\nGrazie al duro lavoro di generazioni di sostenitori e attivisti LGBT che si sono battuti per renderlo possibile, il nostro paese ha fatto passi da gigante nell&#8217;uguaglianza che alcuni di noi non immaginavano possibili nel corso della nostra vita. Aspiriamo a sostenere le organizzazioni che lottano per la piena uguaglianza federale per gli americani LGBT, onorare il servizio militare delle persone LGBT ed educare i disinformati sulle sfide affrontate dalla nostra comunit\u00e0.<\/li>\n<li><strong>Rafforzare i diritti umani nel mondo<\/strong><br \/>\nIntendiamo supportare organizzazioni in paesi come Russia, India, Malesia, Arabia Saudita, Singapore, Emirati Arabi Uniti e Qatar con governi omofobi e leggi anti-omosessuali che limitano la capacit\u00e0 dei membri della comunit\u00e0 LGBT di realizzare il loro pieno potenziale. Offriremo risorse e un messaggio di speranza con una visione di vita libera, aperta e maggioritaria.<\/li>\n<\/ul>\n<p><strong>Essere considerato<\/strong><br \/>\nVACAYA sta attualmente accettando le domande <em>di Cabine per cause<\/em> a titolo oneroso.<\/p>\n<p>Per candidarsi, inviare le seguenti informazioni a <a href=\"mailto:marketing@myvacaya.com\" target=\"_blank\" rel=\"noopener\">marketing@myvacaya.com<\/a> :<\/p>\n<ul>\n<li>Nome dell&#8217;organizzazione<\/li>\n<li>Sito web dell&#8217;organizzazione<\/li>\n<li>Nome, e-mail e numero di telefono del contatto dell&#8217;organizzazione<\/li>\n<li>Nome e data dell&#8217;evento<\/li>\n<li>Numero di partecipanti<\/li>\n<li>Altri dettagli (sentiti libero di allegare una breve presentazione)<\/li>\n<\/ul>\n<p>[\/et_pb_text][\/et_pb_column][\/et_pb_row][\/et_pb_section][et_pb_section fb_built=&#8221;1&#8243; admin_label=&#8221;Trip Tiles with Divider and Title&#8221; _builder_version=&#8221;4.17.6&#8243; _module_preset=&#8221;default&#8221; global_colors_info=&#8221;{}&#8221;][et_pb_row _builder_version=&#8221;4.17.6&#8243; _module_preset=&#8221;default&#8221; global_colors_info=&#8221;{}&#8221;][et_pb_column type=&#8221;4_4&#8243; _builder_version=&#8221;4.17.6&#8243; _module_preset=&#8221;default&#8221; global_colors_info=&#8221;{}&#8221;][et_pb_divider color=&#8221;#000000&#8243; divider_position=&#8221;center&#8221; _builder_version=&#8221;4.17.6&#8243; _module_preset=&#8221;default&#8221; global_colors_info=&#8221;{}&#8221;][\/et_pb_divider][\/et_pb_column][\/et_pb_row][et_pb_row _builder_version=&#8221;4.17.6&#8243; _module_preset=&#8221;default&#8221; global_colors_info=&#8221;{}&#8221;][et_pb_column type=&#8221;4_4&#8243; _builder_version=&#8221;4.17.6&#8243; _module_preset=&#8221;default&#8221; global_colors_info=&#8221;{}&#8221;][et_pb_text admin_label=&#8221;Section Title &#8211; H3&#8243; _builder_version=&#8221;4.17.6&#8243; _module_preset=&#8221;default&#8221; header_3_font=&#8221;Futura Bold|||on|||||&#8221; header_3_text_align=&#8221;center&#8221; header_3_text_color=&#8221;#000000&#8243; header_3_font_size=&#8221;18px&#8221; header_3_letter_spacing=&#8221;1.8px&#8221; header_3_line_height=&#8221;24px&#8221; custom_margin=&#8221;||||false|false&#8221; custom_margin_tablet=&#8221;||||false|false&#8221; custom_margin_phone=&#8221;||||false|false&#8221; custom_margin_last_edited=&#8221;on|phone&#8221; custom_padding=&#8221;||||false|false&#8221; global_colors_info=&#8221;{}&#8221;]<\/p>\n<h3>DARE INDIETRO DURANTE QUESTE VACANZE<\/h3>\n<p>[\/et_pb_text][\/et_pb_column][\/et_pb_row][et_pb_row _builder_version=&#8221;4.17.6&#8243; _module_preset=&#8221;default&#8221; global_colors_info=&#8221;{}&#8221;][et_pb_column type=&#8221;4_4&#8243; _builder_version=&#8221;4.17.6&#8243; _module_preset=&#8221;default&#8221; global_colors_info=&#8221;{}&#8221;][et_pb_text _builder_version=&#8221;4.17.6&#8243; _module_preset=&#8221;default&#8221; global_colors_info=&#8221;{}&#8221;]<div id=\"ajax-load-more\" class=\"ajax-load-more-wrap default\" data-id=\"experience-items\" data-alm-id=\"\" data-canonical-url=\"https:\/\/www.myvacaya.com\/it\/scoprire\/ridare\/\" data-slug=\"ridare\" data-post-id=\"118627\"  data-localized=\"ajax_load_more_experience_items_vars\" data-alm-object=\"ajax_load_more_experience_items\"><ul aria-live=\"polite\" aria-atomic=\"true\" class=\"alm-listing alm-ajax\" data-container-type=\"ul\" data-loading-style=\"default\" data-repeater=\"template_1\" data-post-type=\"trip\" data-meta-key=\"show_trip_tile\" data-meta-value=\"1\" data-custom-args=\"post_parent: 0\" data-order=\"ASC\" data-orderby=\"date\" data-offset=\"0\" data-posts-per-page=\"20\" data-lang=\"it\" data-scroll=\"false\" data-button-label=\"Load More\" data-prev-button-label=\"Load Previous\" data-destroy-after=\"1\"><\/ul><div class=\"alm-btn-wrap\" data-rel=\"ajax-load-more\"><button class=\"alm-load-more-btn\" type=\"button\">Load More<\/button><\/div><\/div>[\/et_pb_text][\/et_pb_column][\/et_pb_row][\/et_pb_section][et_pb_section fb_built=&#8221;1&#8243; admin_label=&#8221;The Vacaya Difference&#8221; _builder_version=&#8221;4.17.6&#8243; _module_preset=&#8221;default&#8221; background_color=&#8221;#191919&#8243; custom_padding=&#8221;||||false|false&#8221; global_colors_info=&#8221;{}&#8221;][et_pb_row _builder_version=&#8221;4.17.6&#8243; _module_preset=&#8221;default&#8221; global_colors_info=&#8221;{}&#8221;][et_pb_column type=&#8221;4_4&#8243; _builder_version=&#8221;4.17.4&#8243; _module_preset=&#8221;default&#8221; global_colors_info=&#8221;{}&#8221;][et_pb_text admin_label=&#8221;Section Title &#8211; H3&#8243; _builder_version=&#8221;4.17.6&#8243; _module_preset=&#8221;default&#8221; header_3_font=&#8221;Futura Bold|||on|||||&#8221; header_3_text_align=&#8221;center&#8221; header_3_text_color=&#8221;#FFFFFF&#8221; header_3_font_size=&#8221;18px&#8221; header_3_letter_spacing=&#8221;1.8px&#8221; header_3_line_height=&#8221;24px&#8221; custom_margin=&#8221;||4%||false|false&#8221; custom_margin_tablet=&#8221;||4%||false|false&#8221; custom_margin_phone=&#8221;||40px||false|false&#8221; custom_margin_last_edited=&#8221;on|phone&#8221; global_colors_info=&#8221;{}&#8221;]<\/p>\n<h3>La differenza Vacaya<\/h3>\n<p>[\/et_pb_text][dmpro_carousel columns=&#8221;5&#8243; space_between=&#8221;32&#8243; container_padding=&#8221;0px|30px|0px|30px|false|false&#8221; loop=&#8221;on&#8221; autoplay=&#8221;on&#8221; pause_on_hover=&#8221;off&#8221; autoplay_speed=&#8221;3000&#8243; columns_tablet=&#8221;3&#8243; columns_phone=&#8221;2&#8243; columns_last_edited=&#8221;on|phone&#8221; _builder_version=&#8221;4.17.6&#8243; _module_preset=&#8221;default&#8221; title_font=&#8221;Futura Bold|||on|||||&#8221; title_text_color=&#8221;#FFFFFF&#8221; title_font_size=&#8221;18px&#8221; title_letter_spacing=&#8221;0.1em&#8221; title_line_height=&#8221;24px&#8221; desc_font=&#8221;Helvetica||||||||&#8221; desc_text_color=&#8221;#FFFFFF&#8221; desc_font_size=&#8221;16px&#8221; desc_line_height=&#8221;1.5em&#8221; global_colors_info=&#8221;{}&#8221;][dmpro_carousel_child title=&#8221;Diventa Ambasciatore&#8221; img_src=&#8221;https:\/\/www.myvacaya.com\/wp-content\/uploads\/2022\/07\/ambassadors-1.jpg&#8221; text_title=&#8221;Diventa Ambasciatore&#8221; desc_text=&#8221;Eager to help spread the news about VACAYA? We have everything you need to get started!&#8221; _builder_version=&#8221;4.17.4&#8243; _module_preset=&#8221;default&#8221; global_colors_info=&#8221;{}&#8221;][\/dmpro_carousel_child][dmpro_carousel_child title=&#8221;Offerte impareggiabili&#8221; img_src=&#8221;https:\/\/www.myvacaya.com\/wp-content\/uploads\/2022\/07\/unparalled-offers.png&#8221; text_title=&#8221;Offerte impareggiabili&#8221; desc_text=&#8221;Are you ready to dive into VACAYA headfirst? We\u2019ve got a special selection of offers just for you!&#8221; _builder_version=&#8221;4.17.4&#8243; _module_preset=&#8221;default&#8221; global_colors_info=&#8221;{}&#8221;][\/dmpro_carousel_child][dmpro_carousel_child title=&#8221;Accessibilit\u00e0&#8221; img_src=&#8221;https:\/\/www.myvacaya.com\/wp-content\/uploads\/2022\/07\/accesibility.jpg&#8221; text_title=&#8221;Accessibilit\u00e0&#8221; desc_text=&#8221;VACAYA and our partners create a welcoming environment for travelers with special needs.&#8221; _builder_version=&#8221;4.17.4&#8243; _module_preset=&#8221;default&#8221; global_colors_info=&#8221;{}&#8221;][\/dmpro_carousel_child][dmpro_carousel_child title=&#8221;Ridare&#8221; img_src=&#8221;https:\/\/www.myvacaya.com\/wp-content\/uploads\/2022\/07\/giving-back-2.jpg&#8221; text_title=&#8221;Ridare&#8221; desc_text=&#8221;Our efforts in the community reflect our commitment to the idea that we can all make a difference.&#8221; _builder_version=&#8221;4.17.4&#8243; _module_preset=&#8221;default&#8221; global_colors_info=&#8221;{}&#8221;][\/dmpro_carousel_child][dmpro_carousel_child title=&#8221;Tutti sono i benvenuti&#8221; img_src=&#8221;https:\/\/www.myvacaya.com\/wp-content\/uploads\/2022\/07\/all-are-welcome.png&#8221; text_title=&#8221;Tutti sono i benvenuti&#8221; desc_text=&#8221;Open your mind to the rainbow of fun that can be had in the world. <em>That\u2019s<\/em> the spirit of VACAYA!&#8221; _builder_version=&#8221;4.17.4&#8243; _module_preset=&#8221;default&#8221; global_colors_info=&#8221;{}&#8221;][\/dmpro_carousel_child][dmpro_carousel_child title=&#8221;Le nostre esperienze&#8221; img_src=&#8221;https:\/\/www.myvacaya.com\/wp-content\/uploads\/2022\/07\/vacaya-experiences.jpg&#8221; text_title=&#8221;Le nostre esperienze&#8221; desc_text=&#8221;VACAYA delivers vacations tailored to the unique desires of our guests. How will <em>you<\/em> VACAYA?&#8221; _builder_version=&#8221;4.17.4&#8243; _module_preset=&#8221;default&#8221; global_colors_info=&#8221;{}&#8221;][\/dmpro_carousel_child][dmpro_carousel_child title=&#8221;Zuppa Alfabetica&#8221; img_src=&#8221;https:\/\/www.myvacaya.com\/wp-content\/uploads\/2022\/07\/the-difference-alphabet-soup-290&#215;175-2.jpg&#8221; text_title=&#8221;Zuppa Alfabetica&#8221; desc_text=&#8221;Look no further\u2026 VACAYA\u2019s handy guide will help you navigate the entire LGBTQIAPK spectrum.&#8221; _builder_version=&#8221;4.17.4&#8243; _module_preset=&#8221;default&#8221; global_colors_info=&#8221;{}&#8221;][\/dmpro_carousel_child][dmpro_carousel_child title=&#8221;Viaggiatori solitari&#8221; img_src=&#8221;https:\/\/www.myvacaya.com\/wp-content\/uploads\/2022\/07\/step-by-step.jpg&#8221; text_title=&#8221;Viaggiatori solitari&#8221; desc_text=&#8221;<\/p>\n<p>VACAYA\u2019s \u201cSolo Traveling with Ease Program\u201d is perfect for single travelers looking to join in the fun.<\/p>\n<p>&#8221; _builder_version=&#8221;4.17.4&#8243; _module_preset=&#8221;default&#8221; global_colors_info=&#8221;{}&#8221;][\/dmpro_carousel_child][\/dmpro_carousel][\/et_pb_column][\/et_pb_row][\/et_pb_section]<\/p>\n","protected":false},"excerpt":{"rendered":"<p><div class=\"trip-overlay\"><div class=\"trip-title\"><h1>Tessere viaggio con titolo &#8211; Solo crociere<\/h1><\/div><\/div>Come immagini il nostro mondo tra 50 anni? Restituire alla comunit\u00e0 riflette il nostro impegno nei confronti dell&#8217;idea che tutti possiamo fare la differenza. A tal fine, VACAYA ha due modi in cui speriamo di avere un impatto sia a livello locale che globale&#8230;RaggiungiOUTLa nostra missione \u00e8 assicurarci di restituire di pi\u00f9 alle comunit\u00e0 che [&hellip;]<\/p>\n","protected":false},"author":1,"featured_media":0,"parent":118679,"menu_order":0,"comment_status":"closed","ping_status":"closed","template":"","meta":{"_acf_changed":false,"_et_pb_use_builder":"on","_et_pb_old_content":"","_et_gb_content_width":"","_monsterinsights_skip_tracking":false,"_monsterinsights_sitenote_active":false,"_monsterinsights_sitenote_note":"","_monsterinsights_sitenote_category":0,"footnotes":""},"class_list":["post-118627","page","type-page","status-publish","hentry"],"acf":[],"_links":{"self":[{"href":"https:\/\/www.myvacaya.com\/it\/wp-json\/wp\/v2\/pages\/118627","targetHints":{"allow":["GET"]}}],"collection":[{"href":"https:\/\/www.myvacaya.com\/it\/wp-json\/wp\/v2\/pages"}],"about":[{"href":"https:\/\/www.myvacaya.com\/it\/wp-json\/wp\/v2\/types\/page"}],"author":[{"embeddable":true,"href":"https:\/\/www.myvacaya.com\/it\/wp-json\/wp\/v2\/users\/1"}],"replies":[{"embeddable":true,"href":"https:\/\/www.myvacaya.com\/it\/wp-json\/wp\/v2\/comments?post=118627"}],"version-history":[{"count":1,"href":"https:\/\/www.myvacaya.com\/it\/wp-json\/wp\/v2\/pages\/118627\/revisions"}],"predecessor-version":[{"id":118639,"href":"https:\/\/www.myvacaya.com\/it\/wp-json\/wp\/v2\/pages\/118627\/revisions\/118639"}],"up":[{"embeddable":true,"href":"https:\/\/www.myvacaya.com\/it\/wp-json\/wp\/v2\/pages\/118679"}],"wp:attachment":[{"href":"https:\/\/www.myvacaya.com\/it\/wp-json\/wp\/v2\/media?parent=118627"}],"curies":[{"name":"wp","href":"https:\/\/api.w.org\/{rel}","templated":true}]}}