{"id":118608,"date":"2018-02-10T15:04:40","date_gmt":"2018-02-10T20:04:40","guid":{"rendered":"https:\/\/www.myvacaya.com\/preparati\/"},"modified":"2025-11-11T09:34:53","modified_gmt":"2025-11-11T14:34:53","slug":"preparati","status":"publish","type":"page","link":"https:\/\/www.myvacaya.com\/it\/preparati\/","title":{"rendered":"Preparati"},"content":{"rendered":"<p>[et_pb_section fb_built=&#8221;1&#8243; fullwidth=&#8221;on&#8221; admin_label=&#8221;Slider&#8221; module_id=&#8221;cursore-sezione-interno&#8221; _builder_version=&#8221;4.17.6&#8243; _module_preset=&#8221;default&#8221; background_enable_image=&#8221;off&#8221; global_colors_info=&#8221;{}&#8221;][et_pb_fullwidth_code admin_label=&#8221;Slider Overlay&#8221; module_class=&#8221;interior-page-overlay&#8221; _builder_version=&#8221;4.17.6&#8243; _module_preset=&#8221;default&#8221; positioning=&#8221;absolute&#8221; position_origin_a=&#8221;top_right&#8221; position_origin_f=&#8221;top_right&#8221; z_index=&#8221;100&#8243; width=&#8221;50%&#8221; width_tablet=&#8221;50%&#8221; width_phone=&#8221;100%&#8221; width_last_edited=&#8221;on|phone&#8221; height=&#8221;100vh&#8221; global_colors_info=&#8221;{}&#8221;]<div class=\"trip-overlay\"><div class=\"trip-title\"><h1>Preparati<\/h1><\/div><\/div>[\/et_pb_fullwidth_code][et_pb_fullwidth_slider show_arrows=&#8221;off&#8221; admin_label=&#8221;Slider Images&#8221; module_id=&#8221;slider-images&#8221; _builder_version=&#8221;4.17.6&#8243; _module_preset=&#8221;default&#8221; height=&#8221;100vh&#8221; auto=&#8221;on&#8221; global_colors_info=&#8221;{}&#8221;][et_pb_slide _builder_version=&#8221;4.17.6&#8243; _module_preset=&#8221;default&#8221; background_color=&#8221;RGBA(255,255,255,0)&#8221; background_enable_color=&#8221;on&#8221; background_image=&#8221;https:\/\/www.myvacaya.com\/wp-content\/uploads\/2022\/09\/get-ready.jpg&#8221; background_enable_image=&#8221;on&#8221; background_last_edited=&#8221;on|desktop&#8221; background_image_phone=&#8221;https:\/\/www.myvacaya.com\/wp-content\/uploads\/2022\/11\/get-ready-mobile-414&#215;500-1.jpg&#8221; background_enable_image_phone=&#8221;on&#8221; global_colors_info=&#8221;{}&#8221; sticky_transition=&#8221;on&#8221;][\/et_pb_slide][\/et_pb_fullwidth_slider][\/et_pb_section][et_pb_section fb_built=&#8221;1&#8243; custom_padding_last_edited=&#8221;on|phone&#8221; _builder_version=&#8221;4.17.6&#8243; _module_preset=&#8221;default&#8221; custom_padding=&#8221;||||false|false&#8221; custom_padding_tablet=&#8221;||||false|false&#8221; custom_padding_phone=&#8221;||||false|false&#8221; global_colors_info=&#8221;{}&#8221;][et_pb_row custom_padding_last_edited=&#8221;on|desktop&#8221; _builder_version=&#8221;4.17.6&#8243; _module_preset=&#8221;default&#8221; custom_padding=&#8221;||||false|false&#8221; custom_padding_tablet=&#8221;||||false|false&#8221; custom_padding_phone=&#8221;||||false|false&#8221; global_colors_info=&#8221;{}&#8221;][et_pb_column type=&#8221;4_4&#8243; _builder_version=&#8221;4.17.6&#8243; _module_preset=&#8221;default&#8221; global_colors_info=&#8221;{}&#8221;][et_pb_text admin_label=&#8221;Section Title &#8211; H2&#8243; _builder_version=&#8221;4.17.6&#8243; _module_preset=&#8221;default&#8221; text_letter_spacing=&#8221;1.8px&#8221; text_line_height=&#8221;22px&#8221; header_2_font=&#8221;Futura Bold|||on|||||&#8221; header_2_text_align=&#8221;center&#8221; header_2_text_color=&#8221;#000000&#8243; header_2_font_size=&#8221;30px&#8221; header_2_letter_spacing=&#8221;1.8px&#8221; header_2_line_height=&#8221;36px&#8221; header_3_font=&#8221;Futura Bold|||on|||||&#8221; header_3_text_align=&#8221;center&#8221; header_3_text_color=&#8221;#000000&#8243; header_3_font_size=&#8221;18px&#8221; header_3_letter_spacing=&#8221;1.8px&#8221; header_3_line_height=&#8221;24px&#8221; custom_margin=&#8221;||||false|false&#8221; custom_padding=&#8221;||||false|false&#8221; custom_padding_tablet=&#8221;||||false|false&#8221; custom_padding_phone=&#8221;||||false|false&#8221; custom_padding_last_edited=&#8221;on|phone&#8221; global_colors_info=&#8221;{}&#8221;]<\/p>\n<h2>La nostra missione \u00e8 assicurarti di avere tutti gli strumenti<br \/> necessario per goderti la tua vacanza con noi<\/h2>\n<p>[\/et_pb_text][et_pb_text admin_label=&#8221;Text&#8221; _builder_version=&#8221;4.23.4&#8243; _module_preset=&#8221;default&#8221; custom_margin=&#8221;||||false|false&#8221; custom_margin_tablet=&#8221;||||false|false&#8221; custom_margin_phone=&#8221;||||false|false&#8221; custom_margin_last_edited=&#8221;on|phone&#8221; global_colors_info=&#8221;{}&#8221;]<\/p>\n<p>Ti forniremo tutte le informazioni di cui hai bisogno, dai temi delle feste all&#8217;anteprima dell&#8217;intrattenimento, ben prima dell&#8217;inizio della tua vacanza. Inoltre, ci impegneremo con te durante la tua esperienza pre e post vacanza. Ci aiuterai a progettare e implementare le nostre iniziative di beneficenza specifiche per il viaggio. E nei concorsi in stile <em>Choose-Your-Own-Adventure<\/em> , aiuterai anche a scrivere parte della sceneggiatura per la tua crociera VACAYA o vacanza in resort.<\/p>\n<p>[\/et_pb_text][\/et_pb_column][\/et_pb_row][et_pb_row column_structure=&#8221;1_3,1_3,1_3&#8243; _builder_version=&#8221;4.23.4&#8243; _module_preset=&#8221;default&#8221; global_colors_info=&#8221;{}&#8221;][et_pb_column type=&#8221;1_3&#8243; _builder_version=&#8221;4.23.4&#8243; _module_preset=&#8221;default&#8221; global_colors_info=&#8221;{}&#8221;][et_pb_text admin_label=&#8221;Section Title &#8211; H3&#8243; _builder_version=&#8221;4.23.4&#8243; _module_preset=&#8221;default&#8221; header_3_font=&#8221;Futura Bold|||on|||||&#8221; header_3_text_align=&#8221;center&#8221; header_3_text_color=&#8221;#000000&#8243; header_3_font_size=&#8221;18px&#8221; header_3_letter_spacing=&#8221;1.8px&#8221; header_3_line_height=&#8221;24px&#8221; custom_margin=&#8221;||||false|false&#8221; custom_margin_tablet=&#8221;||||false|false&#8221; custom_margin_phone=&#8221;||||false|false&#8221; custom_margin_last_edited=&#8221;on|phone&#8221; custom_padding=&#8221;||||false|false&#8221; global_colors_info=&#8221;{}&#8221;]<\/p>\n<h3>Circa 120 giorni prima del viaggio<\/h3>\n<p>[\/et_pb_text][et_pb_text _builder_version=&#8221;4.23.4&#8243; _module_preset=&#8221;default&#8221; global_colors_info=&#8221;{}&#8221;]<\/p>\n<p>Abbiamo lavorato per mesi mettendo tutto insieme per te e non ce la facciamo pi\u00f9! Se sei come noi, sappiamo che non vedi l&#8217;ora di iniziare a prepararti per il tuo viaggio. Circa quattro mesi prima della vostra vacanza, <strong>annunceremo i temi delle feste<\/strong> per le nostre vacanze sulle grandi navi e nei resort. <strong>*<\/strong> Vogliamo eliminarvi lo stress di dover correre all&#8217;ultimo minuto per decidere cosa indossare, cos\u00ec avrete tutto il tempo per iniziare a pensare e acquistare i vostri favolosi costumi individuali e di gruppo. Ovviamente i costumi non sono mai richiesti, ma senza dubbio aggiungono divertimento!<\/p>\n<p>[\/et_pb_text][\/et_pb_column][et_pb_column type=&#8221;1_3&#8243; _builder_version=&#8221;4.23.4&#8243; _module_preset=&#8221;default&#8221; global_colors_info=&#8221;{}&#8221;][et_pb_text admin_label=&#8221;Section Title &#8211; H3&#8243; _builder_version=&#8221;4.23.4&#8243; _module_preset=&#8221;default&#8221; header_3_font=&#8221;Futura Bold|||on|||||&#8221; header_3_text_align=&#8221;center&#8221; header_3_text_color=&#8221;#000000&#8243; header_3_font_size=&#8221;18px&#8221; header_3_letter_spacing=&#8221;1.8px&#8221; header_3_line_height=&#8221;24px&#8221; custom_margin=&#8221;||||false|false&#8221; custom_margin_tablet=&#8221;||||false|false&#8221; custom_margin_phone=&#8221;||||false|false&#8221; custom_margin_last_edited=&#8221;on|phone&#8221; custom_padding=&#8221;||||false|false&#8221; global_colors_info=&#8221;{}&#8221;]<\/p>\n<h3>Circa 45 giorni prima del viaggio<\/h3>\n<p>[\/et_pb_text][et_pb_text _builder_version=&#8221;4.23.4&#8243; _module_preset=&#8221;default&#8221; global_colors_info=&#8221;{}&#8221;]<\/p>\n<p><strong>Crociere VACAYA su grandi navi:<\/strong> circa 45 giorni <strong>**<\/strong> prima della tua crociera, inizia <em>davvero<\/em> il conto alla rovescia per la tua vacanza! Abbiamo inviato il nostro manifest finale alla compagnia di crociera e <strong>il tuo numero di prenotazione ufficiale verr\u00e0 generato e fornito entro 45 giorni<\/strong> . Il tuo numero di prenotazione \u00e8 la chiave per organizzare tutto in anticipo, inclusi gli appuntamenti alla spa, la prenotazione di escursioni a terra e la ricerca del momento giusto per gustare uno dei nostri raffinati ristoranti di specialit\u00e0 gastronomiche. E, naturalmente, se non sei un pianificatore, avrai l&#8217;opportunit\u00e0 di prenotare molti di questi extra a bordo. Ma ricorda&#8230; quasi tutto si basa sulla regola del primo arrivato, primo servito, quindi vorrai prenderli finch\u00e9 il guadagno \u00e8 buono!<\/p>\n<p><strong>VACAYA Resorts &amp; Tours:<\/strong> per i nostri programmi di resort e tour (che non hanno un equivalente &#8220;Numero di prenotazione&#8221;), pubblicheremo informazioni specifiche sul programma circa 45 giorni prima dell&#8217;evento della vacanza.<\/p>\n<p><strong>VACAYA Crociere per piccole navi:<\/strong> per i nostri programmi per piccole navi (che variano notevolmente a seconda della compagnia di crociere con cui collaboriamo), pubblicheremo informazioni specifiche sul programma circa 45 giorni prima della tua vacanza.<\/p>\n<p>Per una comprensione pi\u00f9 profonda delle differenze tra le nostre esperienze Big-Ship, Small-Ship e Resorts &amp; Tours, <a href=\"https:\/\/www.myvacaya.com\/it\/scoprire\/vacaya-esperienze\/\" target=\"_blank\" rel=\"noopener\">ESPLORA QUI<\/a> .<\/p>\n<p>[\/et_pb_text][\/et_pb_column][et_pb_column type=&#8221;1_3&#8243; _builder_version=&#8221;4.23.4&#8243; _module_preset=&#8221;default&#8221; global_colors_info=&#8221;{}&#8221;][et_pb_text admin_label=&#8221;Section Title &#8211; H3&#8243; _builder_version=&#8221;4.23.4&#8243; _module_preset=&#8221;default&#8221; header_3_font=&#8221;Futura Bold|||on|||||&#8221; header_3_text_align=&#8221;center&#8221; header_3_text_color=&#8221;#000000&#8243; header_3_font_size=&#8221;18px&#8221; header_3_letter_spacing=&#8221;1.8px&#8221; header_3_line_height=&#8221;24px&#8221; custom_margin=&#8221;||||false|false&#8221; custom_margin_tablet=&#8221;||||false|false&#8221; custom_margin_phone=&#8221;||||false|false&#8221; custom_margin_last_edited=&#8221;on|phone&#8221; custom_padding=&#8221;||||false|false&#8221; global_colors_info=&#8221;{}&#8221;]<\/p>\n<h3>Il conto alla rovescia finale<\/h3>\n<p>[\/et_pb_text][et_pb_text _builder_version=&#8221;4.23.4&#8243; _module_preset=&#8221;default&#8221; global_colors_info=&#8221;{}&#8221;]<\/p>\n<p>Sappiamo che inizierai a scoppiare di entusiasmo negli ultimi <strong>30 giorni prima del tuo viaggio<\/strong> mentre condividiamo un&#8217;anteprima di intrattenimento e le attivit\u00e0 che daranno vita alla tua esperienza VACAYA!<\/p>\n<p>Assicurati di tenere d&#8217;occhio la tua casella di posta durante questo periodo. Ti comunicheremo via email informazioni importanti che sicuramente arricchiranno il tuo viaggio. Inoltre, la pagina Preparati del tuo viaggio (a cui puoi accedere facendo clic sul tuo viaggio dall&#8217;elenco seguente) \u00e8 il punto di riferimento per tutte le informazioni importanti relative alla tua vacanza. In ciascuna pagina Get Ready \u00e8 inoltre presente un archivio e-mail. Conserviamo tutte le e-mail di servizio inviate agli ospiti in questo archivio. Quindi, se hai difficolt\u00e0 a trovare una vecchia email, puoi sempre guardare qui per aggiornarti.  <\/p>\n<p>[\/et_pb_text][\/et_pb_column][\/et_pb_row][et_pb_row _builder_version=&#8221;4.17.6&#8243; _module_preset=&#8221;default&#8221; global_colors_info=&#8221;{}&#8221;][et_pb_column type=&#8221;4_4&#8243; _builder_version=&#8221;4.17.6&#8243; _module_preset=&#8221;default&#8221; global_colors_info=&#8221;{}&#8221;][et_pb_text _builder_version=&#8221;4.23.4&#8243; _module_preset=&#8221;default&#8221; custom_padding=&#8221;2.5%|10%|2.5%|10%|false|false&#8221; hover_enabled=&#8221;0&#8243; border_width_all=&#8221;1px&#8221; border_color_all=&#8221;#000000&#8243; global_colors_info=&#8221;{}&#8221; sticky_enabled=&#8221;0&#8243;]<\/p>\n<p style=\"font-weight: 400;\"><strong>*Nota importante sulle feste esclusive di VACAYA: il cuore pulsante della tua esperienza nella destinazione!<\/strong><\/p>\n<p style=\"font-weight: 400;\">Che tu stia navigando in alto mare o esplorando resort esotici, noi di VACAYA crediamo che le nostre feste siano l&#8217;anima della tua avventura. Ogni tipologia di viaggio ha le sue feste esclusive, pensate per riunire tutti, festeggiare e creare ricordi indimenticabili. Ecco un&#8217;anteprima di cosa puoi aspettarti da ogni tipologia di viaggio VACAYA&#8230;  <\/p>\n<p>&nbsp;<\/p>\n<p style=\"font-weight: 400;\"><strong>CROCIERE SU GRANDI NAVI: Salpate per festeggiare!<\/strong><\/p>\n<p style=\"font-weight: 400;\"><strong>Notte 1 \u2013 QUESTO SONO IO<\/strong><br \/> Parti con stile! Indossa qualcosa che dica agli altri chi sei e da dove vieni. <\/p>\n<p style=\"font-weight: 400;\"><strong>Giorno 2 \u2013 Il nostro primo V-Dance (festa pomeridiana): STOPLIGHT PARTY<\/strong><br \/> Un modo colorato per socializzare! Single e pronto a socializzare? Passa al VERDE! Sei qui solo per rilassarti e fare amicizia platonica? Indossa il ROSSO. Da qualche parte magicamente nel mezzo? Il GIALLO \u00e8 il colore che ti serve per raccontare la storia.<\/p>\n<p><strong>In un giorno o una sera a caso: SCEGLI LA TUA FESTA AVVENTURA<\/strong><br \/> Il nostro CYOA PARTY \u00e8 la TUA occasione per decidere il tema della festa. Accettiamo le candidature online di tutti e poi i partecipanti selezionano il tema vincente dalla lista dei finalisti stilata dal V Team. <\/p>\n<p style=\"font-weight: 400;\"><strong>Notte 5 \u2013 UNA FESTA &#8220;COLORATA&#8221;<\/strong><br \/> Storicamente, questa \u00e8 stata una FESTA ROSSA, ma ora andiamo avanti! Quindi, in ogni crociera di 7 notti a bordo di una grande nave VACAYA, la nostra festa pi\u00f9 grande della settimana, la quinta notte, esploder\u00e0 di colori, invitando i vacanzieri a vestirsi in modo impeccabile con un&#8217;unica tonalit\u00e0, trasformando l&#8217;intera nave in un mare di vibrante espressione di s\u00e9 e di connessione. Il blu potrebbe evocare la freschezza oceanica e la fantasia del denim. Il viola potrebbe incarnare il glamour regale e la maestosit\u00e0 della discoteca. Oppure l&#8217;arancione potrebbe accendere un divertimento infuocato con vibrazioni tropicali al tramonto e un audace tocco retr\u00f2. Il tuo V Team selezioner\u00e0 il colore principale del viaggio e lo comunicher\u00e0 120 giorni prima della partenza.<\/p>\n<p style=\"font-weight: 400;\"><strong>Giorno 7 \u2013 V-Dance finale: SHE&#8217;S A MESS!<\/strong><br \/>Vestiti con un fantastico mix dei costumi della settimana, indossando un pezzo di ciascuno dei costumi precedenti. Sii giocoso e buffo quanto vuoi, perch\u00e9 il nostro V-Dance preferito della settimana \u00e8 il finale perfetto per la tua crociera! <\/p>\n<p style=\"font-weight: 400;\">Oltre a queste celebrazioni esclusive, altre feste sono ispirate ad eventi particolari, dalle Olimpiadi alle festivit\u00e0 natalizie, che cambiano a ogni avventura. I temi delle altre feste vengono annunciati 120 giorni prima della partenza della crociera. <\/p>\n<p>&nbsp;<\/p>\n<p style=\"font-weight: 400;\"><strong>RESORT: la migliore vita notturna della tua casa lontano da casa!<\/strong><strong> <\/strong><\/p>\n<p style=\"font-weight: 400;\"><strong>Notte 1 \u2013 QUESTO SONO IO<\/strong><br \/> Come sulle navi da crociera&#8230; metti in mostra chi sei con un outfit divertente che stimoli la conversazione.<\/p>\n<p style=\"font-weight: 400;\"><strong>Giorno 2 \u2013 FESTA AL SEMAFORO<\/strong><br \/> Stessi colori della crociera: verde per i single, rosso per gli amici, giallo per chi \u00e8 in viaggio.<\/p>\n<p style=\"font-weight: 400;\"><strong>Di solito il giorno 4 o il giorno 7 \u2013 LETTERA V-DANCE<\/strong><br \/> Scegliamo una lettera dell&#8217;alfabeto e tu e i tuoi amici indosserete costumi che iniziano con quella lettera. Semplice e divertente! <\/p>\n<p style=\"font-weight: 400;\">Tutti gli altri temi della festa vengono decisi dal tuo V Team e pubblicati 120 giorni prima dell&#8217;inizio dell&#8217;evento.<\/p>\n<p style=\"font-weight: 400;\"><strong> <\/strong><\/p>\n<p style=\"font-weight: 400;\"><strong>CROCIERE SU PICCOLE NAVI: Intime e giocose<\/strong><\/p>\n<p style=\"font-weight: 400;\">Anche se l&#8217;atmosfera qui \u00e8 pi\u00f9 da cocktail party chic, ci piace comunque un tocco di divertimento in costume!<\/p>\n<p style=\"font-weight: 400;\"><strong>Notte 1 \u2013 QUESTO SONO IO<\/strong><br \/> Personalizza il tuo look e presentati con stile.<\/p>\n<p style=\"font-weight: 400;\"><strong>Serata a caso \u2013 SERATA IN ACCAPPATOIO!<\/strong><br \/>Prendi l&#8217;accappatoio caldo dalla tua cabina, completalo con gli accessori che hai in casa e indossalo per tutta la sera a partire dalle 18:00. Questa serata spesso si conclude con tutti che si tolgono l&#8217;accappatoio e si godono una divertente <strong>FESTA DELLA BIANCHERIA INTIMA.<\/strong> <\/p>\n<p>Oltre a queste due serate, solitamente proponiamo anche due o tre serate musicali ispirate a decenni specifici (ad esempio, una <strong>FESTA anni &#8217;80<\/strong> ).<\/p>\n<p>&nbsp;<\/p>\n<p style=\"font-weight: 400;\"><strong>TOUR: Esplorazioni senza il caos dei costumi!<\/strong><\/p>\n<p style=\"font-weight: 400;\">La maggior parte dei nostri tour incentrati sulla destinazione sono all&#8217;insegna della scoperta, lontani dalle feste. Potresti apprezzare una cena di gruppo o un cocktail, ma non c&#8217;\u00e8 bisogno di mettere in valigia costumi di scena. Porta solo il tuo spirito d&#8217;avventura!  <\/p>\n<p>&nbsp;<\/p>\n<p style=\"font-weight: 400;\">Qualunque sia il tipo di viaggio, le feste esclusive di VACAYA sono la tua occasione per connetterti, ballare, ridere e celebrare tutto ci\u00f2 che rende il tuo viaggio straordinario. Quindi, creiamo ricordi indimenticabili&#8230; una festa esclusiva alla volta! <\/p>\n<p>[\/et_pb_text][et_pb_text _builder_version=&#8221;4.23.4&#8243; _module_preset=&#8221;default&#8221; custom_padding=&#8221;2.5%|10%|2.5%|10%|false|false&#8221; border_width_all=&#8221;1px&#8221; border_color_all=&#8221;#000000&#8243; global_colors_info=&#8221;{}&#8221;]<\/p>\n<p><strong><span class=\"yellow\">**<\/span> Notare che:<\/strong><br \/> VACAYA collabora con tutte le principali compagnie di crociera e alcune non aprono le registrazioni online prima della data di partenza. Ovviamente, te lo comunicheremo fin dall&#8217;inizio se questo \u00e8 il caso di un particolare programma. Avrai una piena comprensione della tempistica prevista dal momento in cui prenoti con noi.<\/p>\n<p>[\/et_pb_text][et_pb_text _builder_version=&#8221;4.17.6&#8243; _module_preset=&#8221;default&#8221; custom_margin=&#8221;4%||||false|false&#8221; custom_padding=&#8221;2.5%|10%|2.5%|10%|false|false&#8221; border_width_all=&#8221;1px&#8221; border_color_all=&#8221;#000000&#8243; global_colors_info=&#8221;{}&#8221;]<div id=\"ajax-load-more\" class=\"ajax-load-more-wrap default\" data-id=\"experience-items\" data-alm-id=\"\" data-canonical-url=\"https:\/\/www.myvacaya.com\/it\/preparati\/\" data-slug=\"preparati\" data-post-id=\"118608\"  data-localized=\"ajax_load_more_experience_items_vars\" data-alm-object=\"ajax_load_more_experience_items\"><ul aria-live=\"polite\" aria-atomic=\"true\" class=\"alm-listing alm-ajax\" data-container-type=\"ul\" data-loading-style=\"default\" data-repeater=\"template_5\" data-post-type=\"trip\" data-meta-key=\"show_trip_tile\" data-meta-value=\"1\" data-custom-args=\"post_parent: 0\" data-order=\"ASC\" data-orderby=\"date\" data-offset=\"0\" data-posts-per-page=\"20\" data-lang=\"it\" data-scroll=\"false\" data-button-label=\"Load More\" data-prev-button-label=\"Load Previous\" data-destroy-after=\"1\"><\/ul><div class=\"alm-btn-wrap\" data-rel=\"ajax-load-more\"><button class=\"alm-load-more-btn\" type=\"button\">Load More<\/button><\/div><\/div>[\/et_pb_text][\/et_pb_column][\/et_pb_row][\/et_pb_section][et_pb_section fb_built=&#8221;1&#8243; admin_label=&#8221;Side to Side&#8221; _builder_version=&#8221;4.17.6&#8243; _module_preset=&#8221;default&#8221; custom_padding=&#8221;0%||0%||false|false&#8221; global_colors_info=&#8221;{}&#8221;][et_pb_row use_custom_gutter=&#8221;on&#8221; make_equal=&#8221;on&#8221; custom_padding_last_edited=&#8221;on|tablet&#8221; admin_label=&#8221;Riga da lato a lato&#8221; module_class=&#8221;social-media-header side-by-side&#8221; _builder_version=&#8221;4.17.6&#8243; _module_preset=&#8221;default&#8221; background_image=&#8221;https:\/\/www.myvacaya.com\/wp-content\/uploads\/2022\/09\/social-media-full-size.png&#8221; parallax=&#8221;on&#8221; width=&#8221;100%&#8221; height=&#8221;600px&#8221; height_tablet=&#8221;600px&#8221; height_phone=&#8221;auto&#8221; height_last_edited=&#8221;on|phone&#8221; custom_padding=&#8221;20%||20%||false|false&#8221; custom_padding_tablet=&#8221;20%||20%||false|false&#8221; custom_padding_phone=&#8221;20%||20%||false|false&#8221; custom_css_main_element=&#8221;margin: auto;&#8221; global_colors_info=&#8221;{}&#8221;][et_pb_column type=&#8221;4_4&#8243; _builder_version=&#8221;4.17.6&#8243; _module_preset=&#8221;default&#8221; custom_css_main_element=&#8221;display: flex;||flex-direction: column;||justify-content: center;&#8221; global_colors_info=&#8221;{}&#8221;][et_pb_text admin_label=&#8221;Side to Side Text&#8221; _builder_version=&#8221;4.17.6&#8243; _module_preset=&#8221;default&#8221; header_3_font=&#8221;Northwell Alt||||||||&#8221; header_3_text_align=&#8221;center&#8221; header_3_text_color=&#8221;#FFFFFF&#8221; header_3_font_size=&#8221;150px&#8221; header_3_line_height=&#8221;153px&#8221; custom_margin_tablet=&#8221;&#8221; custom_margin_phone=&#8221;&#8221; custom_margin_last_edited=&#8221;on|phone&#8221; scroll_fade_enable=&#8221;on&#8221; scroll_blur_enable=&#8221;on&#8221; header_3_font_size_tablet=&#8221;150px&#8221; header_3_font_size_phone=&#8221;40px&#8221; header_3_font_size_last_edited=&#8221;on|phone&#8221; header_3_line_height_tablet=&#8221;153px&#8221; header_3_line_height_phone=&#8221;43px&#8221; header_3_line_height_last_edited=&#8221;on|phone&#8221; global_colors_info=&#8221;{}&#8221;]<\/p>\n<h3>Facile non \u00e8 mai stato<br \/>\n questo divertimento<\/h3>\n<p>[\/et_pb_text][\/et_pb_column][\/et_pb_row][\/et_pb_section]<\/p>\n","protected":false},"excerpt":{"rendered":"<p><div class=\"trip-overlay\"><div class=\"trip-title\"><h1>Tessere viaggio con titolo &#8211; Solo crociere<\/h1><\/div><\/div>La nostra missione \u00e8 assicurarti di avere tutti gli strumenti necessario per goderti la tua vacanza con noiTi forniremo tutte le informazioni di cui hai bisogno, dai temi delle feste all&#8217;anteprima dell&#8217;intrattenimento, ben prima dell&#8217;inizio della tua vacanza. Inoltre, ci impegneremo con te durante la tua esperienza pre e post vacanza. Ci aiuterai a progettare [&hellip;]<\/p>\n","protected":false},"author":1,"featured_media":0,"parent":0,"menu_order":0,"comment_status":"closed","ping_status":"closed","template":"","meta":{"_acf_changed":false,"_et_pb_use_builder":"on","_et_pb_old_content":"","_et_gb_content_width":"","_monsterinsights_skip_tracking":false,"_monsterinsights_sitenote_active":false,"_monsterinsights_sitenote_note":"","_monsterinsights_sitenote_category":0,"footnotes":""},"class_list":["post-118608","page","type-page","status-publish","hentry"],"acf":[],"_links":{"self":[{"href":"https:\/\/www.myvacaya.com\/it\/wp-json\/wp\/v2\/pages\/118608","targetHints":{"allow":["GET"]}}],"collection":[{"href":"https:\/\/www.myvacaya.com\/it\/wp-json\/wp\/v2\/pages"}],"about":[{"href":"https:\/\/www.myvacaya.com\/it\/wp-json\/wp\/v2\/types\/page"}],"author":[{"embeddable":true,"href":"https:\/\/www.myvacaya.com\/it\/wp-json\/wp\/v2\/users\/1"}],"replies":[{"embeddable":true,"href":"https:\/\/www.myvacaya.com\/it\/wp-json\/wp\/v2\/comments?post=118608"}],"version-history":[{"count":43,"href":"https:\/\/www.myvacaya.com\/it\/wp-json\/wp\/v2\/pages\/118608\/revisions"}],"predecessor-version":[{"id":187079,"href":"https:\/\/www.myvacaya.com\/it\/wp-json\/wp\/v2\/pages\/118608\/revisions\/187079"}],"wp:attachment":[{"href":"https:\/\/www.myvacaya.com\/it\/wp-json\/wp\/v2\/media?parent=118608"}],"curies":[{"name":"wp","href":"https:\/\/api.w.org\/{rel}","templated":true}]}}