{"id":84691,"date":"2021-06-17T09:17:47","date_gmt":"2021-06-17T13:17:47","guid":{"rendered":"https:\/\/www.myvacaya.com\/rick-leonard\/"},"modified":"2023-08-02T16:45:59","modified_gmt":"2023-08-02T20:45:59","slug":"rick-leonard","status":"publish","type":"page","link":"https:\/\/www.myvacaya.com\/fr\/rick-leonard\/","title":{"rendered":"Rick L\u00e9onard"},"content":{"rendered":"<p>[et_pb_section fb_built=\u00a0\u00bb1&Prime; fullwidth=\u00a0\u00bbon\u00a0\u00bb admin_label=\u00a0\u00bbSlider\u00a0\u00bb module_id=\u00a0\u00bbslider-section-interieur\u00a0\u00bb _builder_version=\u00a0\u00bb4.17.6&Prime; _module_preset=\u00a0\u00bbdefault\u00a0\u00bb background_enable_image=\u00a0\u00bboff\u00a0\u00bb global_colors_info=\u00a0\u00bb{}\u00a0\u00bb][et_pb_fullwidth_code admin_label=\u00a0\u00bbSlider Overlay\u00a0\u00bb module_class=\u00a0\u00bbinterior-page-overlay\u00a0\u00bb _builder_version=\u00a0\u00bb4.17.6&Prime; _module_preset=\u00a0\u00bbdefault\u00a0\u00bb positioning=\u00a0\u00bbabsolute\u00a0\u00bb position_origin_a=\u00a0\u00bbtop_right\u00a0\u00bb position_origin_f=\u00a0\u00bbtop_right\u00a0\u00bb z_index=\u00a0\u00bb100&Prime; width=\u00a0\u00bb50%\u00a0\u00bb width_tablet=\u00a0\u00bb50%\u00a0\u00bb width_phone=\u00a0\u00bb100%\u00a0\u00bb width_last_edited=\u00a0\u00bbon|phone\u00a0\u00bb height=\u00a0\u00bb100vh\u00a0\u00bb hover_enabled=\u00a0\u00bb0&Prime; global_colors_info=\u00a0\u00bb{}\u00a0\u00bb sticky_enabled=\u00a0\u00bb0&Prime;]<div class=\"trip-overlay\"><div class=\"trip-title\"><h1>Rick L\u00e9onard<\/h1><\/div><\/div>[\/et_pb_fullwidth_code][et_pb_fullwidth_slider show_arrows=\u00a0\u00bboff\u00a0\u00bb admin_label=\u00a0\u00bbSlider Images\u00a0\u00bb module_id=\u00a0\u00bbslider-images\u00a0\u00bb _builder_version=\u00a0\u00bb4.17.6&Prime; _module_preset=\u00a0\u00bbdefault\u00a0\u00bb height=\u00a0\u00bb100vh\u00a0\u00bb auto=\u00a0\u00bbon\u00a0\u00bb global_colors_info=\u00a0\u00bb{}\u00a0\u00bb][et_pb_slide _builder_version=\u00a0\u00bb4.17.6&Prime; _module_preset=\u00a0\u00bbdefault\u00a0\u00bb background_color=\u00a0\u00bbRGBA(255,255,255,0)\u00a0\u00bb background_enable_color=\u00a0\u00bbon\u00a0\u00bb background_image=\u00a0\u00bbhttps:\/\/www.myvacaya.com\/wp-content\/uploads\/2022\/09\/Piano-Desktop.jpeg\u00a0\u00bb background_enable_image=\u00a0\u00bbon\u00a0\u00bb background_last_edited=\u00a0\u00bbon|desktop\u00a0\u00bb background_enable_color_phone=\u00a0\u00bboff\u00a0\u00bb background_image_phone=\u00a0\u00bbhttps:\/\/www.myvacaya.com\/wp-content\/uploads\/2022\/11\/Piano-Mobile.jpeg\u00a0\u00bb background_enable_image_phone=\u00a0\u00bbon\u00a0\u00bb global_colors_info=\u00a0\u00bb{}\u00a0\u00bb sticky_transition=\u00a0\u00bbon\u00a0\u00bb][\/et_pb_slide][\/et_pb_fullwidth_slider][\/et_pb_section][et_pb_section fb_built=\u00a0\u00bb1&Prime; custom_padding_last_edited=\u00a0\u00bbon|phone\u00a0\u00bb _builder_version=\u00a0\u00bb4.17.6&Prime; _module_preset=\u00a0\u00bbdefault\u00a0\u00bb custom_padding=\u00a0\u00bb||||false|false\u00a0\u00bb custom_padding_tablet=\u00a0\u00bb||||false|false\u00a0\u00bb custom_padding_phone=\u00a0\u00bb||||false|false\u00a0\u00bb global_colors_info=\u00a0\u00bb{}\u00a0\u00bb][et_pb_row column_structure=\u00a0\u00bb1_4,3_4&Prime; custom_padding_last_edited=\u00a0\u00bbon|desktop\u00a0\u00bb _builder_version=\u00a0\u00bb4.17.6&Prime; _module_preset=\u00a0\u00bbdefault\u00a0\u00bb custom_padding=\u00a0\u00bb||||false|false\u00a0\u00bb custom_padding_tablet=\u00a0\u00bb||||false|false\u00a0\u00bb custom_padding_phone=\u00a0\u00bb||||false|false\u00a0\u00bb global_colors_info=\u00a0\u00bb{}\u00a0\u00bb][et_pb_column type=\u00a0\u00bb1_4&Prime; _builder_version=\u00a0\u00bb4.17.6&Prime; _module_preset=\u00a0\u00bbdefault\u00a0\u00bb global_colors_info=\u00a0\u00bb{}\u00a0\u00bb][et_pb_image src=\u00a0\u00bbhttps:\/\/www.myvacaya.com\/wp-content\/uploads\/2022\/09\/Rick-Leonard-2-834&#215;1024-1.jpeg\u00a0\u00bb title_text=\u00a0\u00bbRick-L\u00e9onard-2-834&#215;1024&Prime; force_fullwidth=\u00a0\u00bbon\u00a0\u00bb _builder_version=\u00a0\u00bb4.17.6&Prime; _module_preset=\u00a0\u00bbdefault\u00a0\u00bb global_colors_info=\u00a0\u00bb{}\u00a0\u00bb][\/et_pb_image][\/et_pb_column][et_pb_column type=\u00a0\u00bb3_4&Prime; _builder_version=\u00a0\u00bb4.17.6&Prime; _module_preset=\u00a0\u00bbdefault\u00a0\u00bb global_colors_info=\u00a0\u00bb{}\u00a0\u00bb][et_pb_text _builder_version=\u00a0\u00bb4.17.6&Prime; _module_preset=\u00a0\u00bbdefault\u00a0\u00bb custom_margin=\u00a0\u00bb||||false|false\u00a0\u00bb custom_margin_tablet=\u00a0\u00bb||||false|false\u00a0\u00bb custom_margin_phone=\u00a0\u00bb||||false|false\u00a0\u00bb custom_margin_last_edited=\u00a0\u00bbon|phone\u00a0\u00bb global_colors_info=\u00a0\u00bb{}\u00a0\u00bb]Rick Leonard est un interpr\u00e8te et directeur musical chevronn\u00e9 et populaire, connu du public du sud de la Floride depuis plus d&rsquo;une d\u00e9cennie. Originaire de New York, Rick a b\u00e9n\u00e9fici\u00e9 de r\u00e9sidences renomm\u00e9es dans des lieux c\u00e9l\u00e8bres tels que Tavern on the Green, The Russian Tea Room, The Firebird, One If By Land, Two If By Sea et bien d&rsquo;autres.<\/p>\n<p>En tant que directeur musical, il a fond\u00e9 The Cabaret by the Bay \u00e0 Cherry Grove, NY, et y a pr\u00e9sent\u00e9 des artistes de cabaret de haut niveau pendant plus de 7 ans. En outre, il a \u00e9t\u00e9 directeur musical d&rsquo;artistes tels que Belinda Carlysle (The Go-Gos), Kimberley Locke ( <strong><em>American Idol<\/em><\/strong> et artiste \u00e0 succ\u00e8s), Shoshana Bean ( <strong><em>Wicked<\/em><\/strong> ) de Broadway, la c\u00e9l\u00e8bre actrice Sally Struthers et bien d&rsquo;autres.<\/p>\n<p>Dans le sud de la Floride, Rick a \u00e9t\u00e9 l&rsquo;artiste r\u00e9sident pendant 10 ans au d\u00e9sormais l\u00e9gendaire Magnum Lounge Supper Club, ainsi que dans des lieux tels que The Manor \u00e0 Fort Lauderdale.<\/p>\n<p>Rick est actuellement artiste r\u00e9sident \u00e0 \u00ab\u00a0Live at the National\u00a0\u00bb au National Hotel de Miami Beach et il est ravi de faire partie de l&rsquo;incroyable liste de talents sur les croisi\u00e8res en gros navires, les aventures en petits navires et les complexes tout compris de VACAYA.<\/p>\n<p>De cette inspiration, VACAYA est n\u00e9. Le nom lui-m\u00eame parle au concept : \u00ab\u00a0VACAYA\u00a0\u00bb est un mot de <a href=\"https:\/\/theculturetrip.com\/europe\/united-kingdom\/england\/london\/articles\/this-secret-language-allowed-gay-men-to-communicate-when-homosexuality-was-illegal\/?utm_source=facebook&amp;utm_medium=facebook&amp;utm_campaign=072018secretlanguagegay\" target=\"_blank\" rel=\"noopener\">Polari<\/a> , une langue s\u00e9culaire utilis\u00e9e par la sous-culture gay pour communiquer discr\u00e8tement. Parall\u00e8lement \u00e0 cela, le mot d&rsquo;argot \u00ab\u00a0vacay\u00a0\u00bb est devenu un terme courant pour les vacances. Ensemble, les deux significations c\u00e9l\u00e8brent notre identit\u00e9 LGBT et l&rsquo;esprit inclusif, joyeux et sans entraves que nous ch\u00e9rissons.<\/p>\n<p>John, Randle, Patrick et tous les Vacayans vous invitent \u00e0 vous ouvrir \u00e0 de nouvelles exp\u00e9riences, \u00e0 une exploration consciente, \u00e0 un plaisir sans fin et \u00e0 des connexions plus profondes\u2026 ils vous invitent \u00e0 VACAYA.[\/et_pb_text][\/et_pb_column][\/et_pb_row][\/et_pb_section]<\/p>\n","protected":false},"excerpt":{"rendered":"<p><div class=\"trip-overlay\"><div class=\"trip-title\"><h1>Tuiles de voyage avec titre &#8211; Croisi\u00e8res uniquement<\/h1><\/div><\/div>Rick Leonard est un interpr\u00e8te et directeur musical chevronn\u00e9 et populaire, connu du public du sud de la Floride depuis plus d&rsquo;une d\u00e9cennie. Originaire de New York, Rick a b\u00e9n\u00e9fici\u00e9 de r\u00e9sidences renomm\u00e9es dans des lieux c\u00e9l\u00e8bres tels que Tavern on the Green, The Russian Tea Room, The Firebird, One If By Land, Two If [&hellip;]<\/p>\n","protected":false},"author":4,"featured_media":0,"parent":0,"menu_order":0,"comment_status":"closed","ping_status":"closed","template":"","meta":{"_acf_changed":false,"_et_pb_use_builder":"on","_et_pb_old_content":"","_et_gb_content_width":"","_monsterinsights_skip_tracking":false,"_monsterinsights_sitenote_active":false,"_monsterinsights_sitenote_note":"","_monsterinsights_sitenote_category":0,"footnotes":""},"class_list":["post-84691","page","type-page","status-publish","hentry"],"acf":[],"_links":{"self":[{"href":"https:\/\/www.myvacaya.com\/fr\/wp-json\/wp\/v2\/pages\/84691","targetHints":{"allow":["GET"]}}],"collection":[{"href":"https:\/\/www.myvacaya.com\/fr\/wp-json\/wp\/v2\/pages"}],"about":[{"href":"https:\/\/www.myvacaya.com\/fr\/wp-json\/wp\/v2\/types\/page"}],"author":[{"embeddable":true,"href":"https:\/\/www.myvacaya.com\/fr\/wp-json\/wp\/v2\/users\/4"}],"replies":[{"embeddable":true,"href":"https:\/\/www.myvacaya.com\/fr\/wp-json\/wp\/v2\/comments?post=84691"}],"version-history":[{"count":8,"href":"https:\/\/www.myvacaya.com\/fr\/wp-json\/wp\/v2\/pages\/84691\/revisions"}],"predecessor-version":[{"id":84756,"href":"https:\/\/www.myvacaya.com\/fr\/wp-json\/wp\/v2\/pages\/84691\/revisions\/84756"}],"wp:attachment":[{"href":"https:\/\/www.myvacaya.com\/fr\/wp-json\/wp\/v2\/media?parent=84691"}],"curies":[{"name":"wp","href":"https:\/\/api.w.org\/{rel}","templated":true}]}}