{"id":84660,"date":"2020-06-19T14:46:25","date_gmt":"2020-06-19T18:46:25","guid":{"rendered":"https:\/\/www.myvacaya.com\/decouvrir\/voix-noires\/"},"modified":"2023-08-02T16:45:40","modified_gmt":"2023-08-02T20:45:40","slug":"voix-noires","status":"publish","type":"page","link":"https:\/\/www.myvacaya.com\/fr\/decouvrir\/voix-noires\/","title":{"rendered":"VOIX NOIRES"},"content":{"rendered":"<p>[et_pb_section fb_built=\u00a0\u00bb1&Prime; fullwidth=\u00a0\u00bbon\u00a0\u00bb admin_label=\u00a0\u00bbSlider\u00a0\u00bb module_id=\u00a0\u00bbslider-section-interieur\u00a0\u00bb _builder_version=\u00a0\u00bb4.17.6&Prime; _module_preset=\u00a0\u00bbdefault\u00a0\u00bb background_enable_image=\u00a0\u00bboff\u00a0\u00bb global_colors_info=\u00a0\u00bb{}\u00a0\u00bb][et_pb_fullwidth_code admin_label=\u00a0\u00bbSlider Overlay\u00a0\u00bb module_class=\u00a0\u00bbinterior-page-overlay\u00a0\u00bb _builder_version=\u00a0\u00bb4.17.6&Prime; _module_preset=\u00a0\u00bbdefault\u00a0\u00bb positioning=\u00a0\u00bbabsolute\u00a0\u00bb position_origin_a=\u00a0\u00bbtop_right\u00a0\u00bb position_origin_f=\u00a0\u00bbtop_right\u00a0\u00bb z_index=\u00a0\u00bb100&Prime; width=\u00a0\u00bb50%\u00a0\u00bb width_tablet=\u00a0\u00bb50%\u00a0\u00bb width_phone=\u00a0\u00bb100%\u00a0\u00bb width_last_edited=\u00a0\u00bbon|phone\u00a0\u00bb height=\u00a0\u00bb100vh\u00a0\u00bb hover_enabled=\u00a0\u00bb0&Prime; global_colors_info=\u00a0\u00bb{}\u00a0\u00bb sticky_enabled=\u00a0\u00bb0&Prime;]<div class=\"trip-overlay\"><div class=\"trip-title\"><h1>VOIX NOIRES<\/h1><\/div><\/div>[\/et_pb_fullwidth_code][et_pb_fullwidth_slider show_arrows=\u00a0\u00bboff\u00a0\u00bb admin_label=\u00a0\u00bbSlider Images\u00a0\u00bb module_id=\u00a0\u00bbslider-images\u00a0\u00bb _builder_version=\u00a0\u00bb4.17.6&Prime; _module_preset=\u00a0\u00bbdefault\u00a0\u00bb height=\u00a0\u00bb100vh\u00a0\u00bb auto=\u00a0\u00bbon\u00a0\u00bb global_colors_info=\u00a0\u00bb{}\u00a0\u00bb][et_pb_slide _builder_version=\u00a0\u00bb4.17.6&Prime; _module_preset=\u00a0\u00bbdefault\u00a0\u00bb background_color=\u00a0\u00bbRGBA(255,255,255,0)\u00a0\u00bb background_enable_color=\u00a0\u00bbon\u00a0\u00bb background_image=\u00a0\u00bbhttps:\/\/www.myvacaya.com\/wp-content\/uploads\/2022\/09\/1440&#215;570.jpeg\u00a0\u00bb background_enable_image=\u00a0\u00bbon\u00a0\u00bb background_last_edited=\u00a0\u00bbon|desktop\u00a0\u00bb background_image_phone=\u00a0\u00bbhttps:\/\/www.myvacaya.com\/wp-content\/uploads\/2022\/11\/414&#215;500.jpeg\u00a0\u00bb background_enable_image_phone=\u00a0\u00bbon\u00a0\u00bb global_colors_info=\u00a0\u00bb{}\u00a0\u00bb sticky_transition=\u00a0\u00bbon\u00a0\u00bb][\/et_pb_slide][\/et_pb_fullwidth_slider][\/et_pb_section][et_pb_section fb_built=\u00a0\u00bb1&Prime; custom_padding_last_edited=\u00a0\u00bbon|phone\u00a0\u00bb _builder_version=\u00a0\u00bb4.17.6&Prime; _module_preset=\u00a0\u00bbdefault\u00a0\u00bb custom_padding=\u00a0\u00bb||||false|false\u00a0\u00bb custom_padding_tablet=\u00a0\u00bb||||false|false\u00a0\u00bb custom_padding_phone=\u00a0\u00bb||||false|false\u00a0\u00bb global_colors_info=\u00a0\u00bb{}\u00a0\u00bb][et_pb_row custom_padding_last_edited=\u00a0\u00bbon|desktop\u00a0\u00bb _builder_version=\u00a0\u00bb4.17.6&Prime; _module_preset=\u00a0\u00bbdefault\u00a0\u00bb custom_padding=\u00a0\u00bb||||false|false\u00a0\u00bb custom_padding_tablet=\u00a0\u00bb||||false|false\u00a0\u00bb custom_padding_phone=\u00a0\u00bb||||false|false\u00a0\u00bb global_colors_info=\u00a0\u00bb{}\u00a0\u00bb][et_pb_column type=\u00a0\u00bb4_4&Prime; _builder_version=\u00a0\u00bb4.17.6&Prime; _module_preset=\u00a0\u00bbdefault\u00a0\u00bb global_colors_info=\u00a0\u00bb{}\u00a0\u00bb][et_pb_text _builder_version=\u00a0\u00bb4.17.6&Prime; _module_preset=\u00a0\u00bbdefault\u00a0\u00bb custom_margin=\u00a0\u00bb||||false|false\u00a0\u00bb custom_margin_tablet=\u00a0\u00bb||||false|false\u00a0\u00bb custom_margin_phone=\u00a0\u00bb||||false|false\u00a0\u00bb custom_margin_last_edited=\u00a0\u00bbon|phone\u00a0\u00bb global_colors_info=\u00a0\u00bb{}\u00a0\u00bb]Dans un effort pour renforcer notre soutien au mouvement Black Lives Matter, nous avons contact\u00e9 plusieurs de nos invit\u00e9s, agents de voyage et artistes noirs pour \u00e9couter leurs histoires et discuter de la mani\u00e8re dont VACAYA peut se tenir \u00e0 leurs c\u00f4t\u00e9s alors que nous nous mobilisons tous pour le changement. Ici, nous vous pr\u00e9sentons trois de ces personnes incroyables. Nous encourageons chacun d&rsquo;entre vous \u00e0 relever ses d\u00e9fis et \u00e0 soutenir ses nobles causes. Ensemble, nous avons la capacit\u00e9 de changer le monde.[\/et_pb_text][\/et_pb_column][\/et_pb_row][et_pb_row column_structure=\u00a0\u00bb1_3,1_3,1_3&Prime; _builder_version=\u00a0\u00bb4.17.6&Prime; _module_preset=\u00a0\u00bbdefault\u00a0\u00bb global_colors_info=\u00a0\u00bb{}\u00a0\u00bb][et_pb_column type=\u00a0\u00bb1_3&Prime; _builder_version=\u00a0\u00bb4.17.6&Prime; _module_preset=\u00a0\u00bbdefault\u00a0\u00bb global_colors_info=\u00a0\u00bb{}\u00a0\u00bb][et_pb_image src=\u00a0\u00bbhttps:\/\/www.myvacaya.com\/wp-content\/uploads\/2022\/09\/RebasChallenge-300&#215;300-1.jpg\u00a0\u00bb title_text=\u00a0\u00bbD\u00e9fi Rebas-300&#215;300&Prime; force_fullwidth=\u00a0\u00bbon\u00a0\u00bb _builder_version=\u00a0\u00bb4.17.6&Prime; _module_preset=\u00a0\u00bbdefault\u00a0\u00bb global_colors_info=\u00a0\u00bb{}\u00a0\u00bb][\/et_pb_image][\/et_pb_column][et_pb_column type=\u00a0\u00bb1_3&Prime; _builder_version=\u00a0\u00bb4.17.6&Prime; _module_preset=\u00a0\u00bbdefault\u00a0\u00bb global_colors_info=\u00a0\u00bb{}\u00a0\u00bb][et_pb_image src=\u00a0\u00bbhttps:\/\/www.myvacaya.com\/wp-content\/uploads\/2022\/09\/Laurence-Pinckney-300&#215;300-1.jpg\u00a0\u00bb title_text=\u00a0\u00bbLaurence-Pinckney-300&#215;300&Prime; force_fullwidth=\u00a0\u00bbon\u00a0\u00bb _builder_version=\u00a0\u00bb4.17.6&Prime; _module_preset=\u00a0\u00bbdefault\u00a0\u00bb global_colors_info=\u00a0\u00bb{}\u00a0\u00bb][\/et_pb_image][\/et_pb_column][et_pb_column type=\u00a0\u00bb1_3&Prime; _builder_version=\u00a0\u00bb4.17.6&Prime; _module_preset=\u00a0\u00bbdefault\u00a0\u00bb global_colors_info=\u00a0\u00bb{}\u00a0\u00bb][et_pb_image src=\u00a0\u00bbhttps:\/\/www.myvacaya.com\/wp-content\/uploads\/2022\/09\/Coreys-Challenge-300&#215;300-1.jpg\u00a0\u00bb title_text=\u00a0\u00bbCoreys-Challenge-300&#215;300&Prime; force_fullwidth=\u00a0\u00bbon\u00a0\u00bb admin_label=\u00a0\u00bbImage\u00a0\u00bb _builder_version=\u00a0\u00bb4.17.6&Prime; _module_preset=\u00a0\u00bbdefault\u00a0\u00bb global_colors_info=\u00a0\u00bb{}\u00a0\u00bb][\/et_pb_image][\/et_pb_column][\/et_pb_row][et_pb_row _builder_version=\u00a0\u00bb4.17.6&Prime; _module_preset=\u00a0\u00bbdefault\u00a0\u00bb global_colors_info=\u00a0\u00bb{}\u00a0\u00bb][et_pb_column type=\u00a0\u00bb4_4&Prime; _builder_version=\u00a0\u00bb4.17.6&Prime; _module_preset=\u00a0\u00bbdefault\u00a0\u00bb global_colors_info=\u00a0\u00bb{}\u00a0\u00bb][et_pb_text admin_label=\u00a0\u00bbSection Title &#8211; H3&Prime; _builder_version=\u00a0\u00bb4.17.6&Prime; _module_preset=\u00a0\u00bbdefault\u00a0\u00bb header_3_font=\u00a0\u00bbFutura Bold|||on|||||\u00a0\u00bb header_3_text_align=\u00a0\u00bbcenter\u00a0\u00bb header_3_text_color=\u00a0\u00bb#000000&Prime; header_3_font_size=\u00a0\u00bb18px\u00a0\u00bb header_3_letter_spacing=\u00a0\u00bb1.8px\u00a0\u00bb header_3_line_height=\u00a0\u00bb24px\u00a0\u00bb custom_margin=\u00a0\u00bb||||false|false\u00a0\u00bb custom_margin_tablet=\u00a0\u00bb||||false|false\u00a0\u00bb custom_margin_phone=\u00a0\u00bb||||false|false\u00a0\u00bb custom_margin_last_edited=\u00a0\u00bbon|phone\u00a0\u00bb custom_padding=\u00a0\u00bb||||false|false\u00a0\u00bb custom_padding_tablet=\u00a0\u00bb||||false|false\u00a0\u00bb custom_padding_phone=\u00a0\u00bb||||false|false\u00a0\u00bb custom_padding_last_edited=\u00a0\u00bbon|phone\u00a0\u00bb global_colors_info=\u00a0\u00bb{}\u00a0\u00bb]<\/p>\n<h3>RENCONTRE AVEC ISREBA WHEELER AIKEN<\/h3>\n<p>[\/et_pb_text][et_pb_text _builder_version=\u00a0\u00bb4.17.6&Prime; _module_preset=\u00a0\u00bbdefault\u00a0\u00bb global_colors_info=\u00a0\u00bb{}\u00a0\u00bb]Reba est la moiti\u00e9 du duo dynamique de Reba &amp; Peaches &#8211; deux femmes noires fortes qui ont trouv\u00e9 un foyer avec VACAYA.<\/p>\n<p>Reba partage : \u00ab Je suis tellement fatigu\u00e9. J&rsquo;en ai marre de devoir r\u00e9p\u00e9ter la m\u00eame chose encore et encore pour qu&rsquo;elle soit ignor\u00e9e. J&rsquo;ai l&rsquo;impression de me cogner la t\u00eate contre un mur de briques. Je suis fatigu\u00e9 de me battre. J&rsquo;en ai marre d&rsquo;\u00eatre class\u00e9 NHI (No Human Involved). J&rsquo;en ai marre de ne pas pouvoir respirer. Marcher dans les rues, je le sens\u2026 tu me d\u00e9testes et tu ne me connais m\u00eame pas.<\/p>\n<p>\u00ab\u00a0Lorsque je voyage avec VACAYA, je peux laisser ces frustrations derri\u00e8re moi et vivre un peu d&rsquo;utopie. Une chose que j&rsquo;aime dans les voyages, c&rsquo;est que tout le monde se dit \u00absalut\u00bb en se croisant, qu&rsquo;ils se connaissent ou non. Personne ne nous a jamais demand\u00e9 de faire \u00e7a. Cela arrive tout simplement. Ne serait-ce pas incroyable si nous pouvions apporter ce simple acte de gentillesse dans notre vie de tous les jours\u2026 \u00e9tablir un contact visuel, sourire et se dire bonjour ? Alors aujourd&rsquo;hui, je vous mets au d\u00e9fi de commencer \u00e0 le faire dans vos villes natales pour vous faire savoir \u00ab\u00a0Je vous vois\u00a0\u00bb, \u00ab\u00a0Je vous respecte\u00a0\u00bb, \u00ab\u00a0Je vous appr\u00e9cie\u00a0\u00bb. Ce \u00e0 quoi nous sommes tous confront\u00e9s en ce moment est tellement immense. Nous devons trouver un moyen de le rendre un peu plus g\u00e9rable. Avec ce petit geste, ensemble, nous avons le pouvoir de changer le monde\u2026 un \u00ab salut \u00bb \u00e0 la fois.<\/p>\n<p>En l&rsquo;honneur de Reba et Peaches, VACAYA a fait un don en leur nom \u00e0 Doing4Others. Nous vous encourageons \u00e0 vous joindre \u00e0 nous pour soutenir cette incroyable organisation. La mission de Doing4Others est de favoriser l&rsquo;engagement communautaire et de renforcer le leadership, l&#8217;empathie et la pr\u00e9paration \u00e0 la carri\u00e8re de la prochaine g\u00e9n\u00e9ration de b\u00e9n\u00e9voles.<\/p>\n<p>Pour soutenir Doing4Others, visitez <a href=\"https:\/\/www.doing4others.org\" target=\"_blank\" rel=\"noopener\">https:\/\/www.doing4others.org<\/a> .[\/et_pb_text][et_pb_divider color=\u00a0\u00bb#000000&Prime; divider_position=\u00a0\u00bbcenter\u00a0\u00bb _builder_version=\u00a0\u00bb4.17.6&Prime; _module_preset=\u00a0\u00bbdefault\u00a0\u00bb global_colors_info=\u00a0\u00bb{}\u00a0\u00bb][\/et_pb_divider][et_pb_text admin_label=\u00a0\u00bbSection Title &#8211; H3&Prime; _builder_version=\u00a0\u00bb4.17.6&Prime; _module_preset=\u00a0\u00bbdefault\u00a0\u00bb header_3_font=\u00a0\u00bbFutura Bold|||on|||||\u00a0\u00bb header_3_text_align=\u00a0\u00bbcenter\u00a0\u00bb header_3_text_color=\u00a0\u00bb#000000&Prime; header_3_font_size=\u00a0\u00bb18px\u00a0\u00bb header_3_letter_spacing=\u00a0\u00bb1.8px\u00a0\u00bb header_3_line_height=\u00a0\u00bb24px\u00a0\u00bb custom_margin=\u00a0\u00bb||||false|false\u00a0\u00bb custom_margin_tablet=\u00a0\u00bb||||false|false\u00a0\u00bb custom_margin_phone=\u00a0\u00bb||||false|false\u00a0\u00bb custom_margin_last_edited=\u00a0\u00bbon|phone\u00a0\u00bb custom_padding=\u00a0\u00bb||||false|false\u00a0\u00bb custom_padding_tablet=\u00a0\u00bb||||false|false\u00a0\u00bb custom_padding_phone=\u00a0\u00bb||||false|false\u00a0\u00bb custom_padding_last_edited=\u00a0\u00bbon|phone\u00a0\u00bb global_colors_info=\u00a0\u00bb{}\u00a0\u00bb]<\/p>\n<h3>RENCONTREZ LAURENCE PINCKNEY<\/h3>\n<p>[\/et_pb_text][et_pb_text _builder_version=\u00a0\u00bb4.17.6&Prime; _module_preset=\u00a0\u00bbdefault\u00a0\u00bb global_colors_info=\u00a0\u00bb{}\u00a0\u00bb]Laurence Pinckney, pr\u00e9sidente de Zenbiz Travel, LLC. Laurence a pass\u00e9 les 15 derni\u00e8res ann\u00e9es au service de la communaut\u00e9 noire LGBT+ en tant que l&rsquo;une de ses principales agences de voyages. Il a \u00e9t\u00e9 co-organisateur de Black Pride NYC de 2001 \u00e0 2005, des \u00e9v\u00e9nements Dominican Island Heat et des croisi\u00e8res Nubian Dreams &amp; UHCC. En raison du manque de diversit\u00e9 et d&rsquo;inclusion au sein de la communaut\u00e9 LGBT, les Black Prides et les \u00e9v\u00e9nements alternatifs pour les communaut\u00e9s LGBTQ noires se sont d\u00e9velopp\u00e9s partout dans le monde.<\/p>\n<p>Laurence a partag\u00e9 ses r\u00e9flexions sur tout ce qui se passe aujourd&rsquo;hui : \u00ab C&rsquo;est sans fin. Encore et encore. Cette fois, c&rsquo;est diff\u00e9rent, cependant. Mais pour nous en assurer, nous avons d&rsquo;abord besoin que TOUT LE MONDE reconnaisse qu&rsquo;il y a un probl\u00e8me. Nous ne pouvons pas faire cela seuls. Chacun de nous doit jouer un r\u00f4le.<\/p>\n<p>\u00ab Dans le secteur du voyage, la repr\u00e9sentation compte. Si nous ne voyons pas nos propres visages dans les publicit\u00e9s, sur les sites Web, nous supposons souvent que nous ne sommes pas les bienvenus. Pendant trop longtemps, nous avons \u00e9t\u00e9 sous-repr\u00e9sent\u00e9s ou pas repr\u00e9sent\u00e9s du tout. Ce qui a attir\u00e9 Zenbiz Travel vers VACAYA d\u00e8s le d\u00e9but, c&rsquo;est que j&rsquo;ai remarqu\u00e9 que VACAYA avait un marketing qui incluait nos visages. C&rsquo;\u00e9tait rare dans le marketing des voyages LGBT. Apr\u00e8s avoir parl\u00e9 aux Vacayans, il est devenu imm\u00e9diatement \u00e9vident que VACAYA cherchait \u00e0 faire quelque chose de diff\u00e9rent. Ils nous soutiennent, donc nous les soutenons. Nous sommes fiers de transmettre ce message \u00e0 nos clients et \u00e0 d&rsquo;autres personnes en soutien \u00e0 VACAYA. Nous continuerons \u00e0 encourager VACAYA \u00e0 aller encore plus loin. L&rsquo;imagerie inclusive est un excellent premier pas, mais que se passe-t-il au-del\u00e0&nbsp;? Telles sont les questions auxquelles nous devons maintenant r\u00e9pondre\u2026 ensemble.<\/p>\n<p>\u00ab Les Vacayans m&rsquo;ont demand\u00e9 comment j&rsquo;allais d\u00e9fier ceux qui cherchent \u00e0 faire partie de la solution. Je propose donc ce d\u00e9fi \u00e0 tout le monde\u2026 lisez ou regardez les m\u00e9dias noirs pendant 40 minutes. Je recommande The Root ( <a href=\"http:\/\/www.theroot.com\/\"><span class=\"Hyperlink1\">www.theroot.com<\/span><\/a> ), Black News Channel ( <a href=\"https:\/\/blacknewschannel.com\/about\/\"><span class=\"Hyperlink1\">https:\/\/blacknewschannel.com\/about\/<\/span><\/a> ) ou AM Joy (sur MSNBC). Je recommande \u00e9galement le film prim\u00e9 <a href=\"https:\/\/www.burden-thefilm.com\/\"><span class=\"Link\">BURDEN, de Nathan Hale Williams<\/span><\/a> . 40 minutes peuvent non seulement changer votre point de vue, mais ce changement dans votre fa\u00e7on de voir les choses a le pouvoir de changer le monde.<\/p>\n<p>En l&rsquo;honneur de Laurence, VACAYA a fait un don en son nom \u00e0 la National Black Justice Coalition. NBJC est une organisation de d\u00e9fense des droits civiques d\u00e9di\u00e9e \u00e0 l&rsquo;autonomisation des personnes noires lesbiennes, gays, bisexuelles, transgenres, queer et du m\u00eame sexe (LGBTQ\/SGL), y compris les personnes vivant avec le VIH\/sida. La mission du NBJC est de mettre fin au racisme, \u00e0 l&rsquo;homophobie et aux pr\u00e9jug\u00e9s et \u00e0 la stigmatisation LGBTQ\/SGL.<\/p>\n<p>Pour vous joindre \u00e0 nous pour soutenir la National Black Justice Coalition, visitez <a href=\"http:\/\/www.nbjc.org\/donate\/\"><span class=\"Hyperlink0\">http:\/\/www.nbjc.org\/donate\/<\/span><\/a> .<\/p>\n<p>Et pour soutenir Laurence et son \u00e9quipe chez Zenbiz Travel, rendez-vous sur <a href=\"https:\/\/www.zenbiztravel.com\/\"><span class=\"Hyperlink0\"><span lang=\"DE\">https:\/\/www.zenbiztravel.com<\/span><\/span><\/a> .[\/et_pb_text][et_pb_divider color=\u00a0\u00bb#000000&Prime; divider_position=\u00a0\u00bbcenter\u00a0\u00bb _builder_version=\u00a0\u00bb4.17.6&Prime; _module_preset=\u00a0\u00bbdefault\u00a0\u00bb global_colors_info=\u00a0\u00bb{}\u00a0\u00bb][\/et_pb_divider][et_pb_text admin_label=\u00a0\u00bbSection Title &#8211; H3&Prime; _builder_version=\u00a0\u00bb4.17.6&Prime; _module_preset=\u00a0\u00bbdefault\u00a0\u00bb header_3_font=\u00a0\u00bbFutura Bold|||on|||||\u00a0\u00bb header_3_text_align=\u00a0\u00bbcenter\u00a0\u00bb header_3_text_color=\u00a0\u00bb#000000&Prime; header_3_font_size=\u00a0\u00bb18px\u00a0\u00bb header_3_letter_spacing=\u00a0\u00bb1.8px\u00a0\u00bb header_3_line_height=\u00a0\u00bb24px\u00a0\u00bb custom_margin=\u00a0\u00bb||||false|false\u00a0\u00bb custom_margin_tablet=\u00a0\u00bb||||false|false\u00a0\u00bb custom_margin_phone=\u00a0\u00bb||||false|false\u00a0\u00bb custom_margin_last_edited=\u00a0\u00bbon|phone\u00a0\u00bb custom_padding=\u00a0\u00bb||||false|false\u00a0\u00bb custom_padding_tablet=\u00a0\u00bb||||false|false\u00a0\u00bb custom_padding_phone=\u00a0\u00bb||||false|false\u00a0\u00bb custom_padding_last_edited=\u00a0\u00bbon|phone\u00a0\u00bb global_colors_info=\u00a0\u00bb{}\u00a0\u00bb]<\/p>\n<h3>RENCONTRER COREY CRAIG<\/h3>\n<p>[\/et_pb_text][et_pb_text _builder_version=\u00a0\u00bb4.17.6&Prime; _module_preset=\u00a0\u00bbdefault\u00a0\u00bb global_colors_info=\u00a0\u00bb{}\u00a0\u00bb]Corey a fait ses d\u00e9buts VACAYA lors de notre croisi\u00e8re Ptown l&rsquo;ann\u00e9e derni\u00e8re et reviendra tourner lors de nos vacances au Mexique cet automne et lors de notre croisi\u00e8re dans les Cara\u00efbes en f\u00e9vrier prochain.<\/p>\n<p>Interrog\u00e9 sur son point de vue sur tout ce qui se passe en ce moment, Corey a partag\u00e9: \u00abEn termes simples, c&rsquo;est comme si quelqu&rsquo;un avait p\u00e9t\u00e9 dans l&rsquo;ascenseur TOUS LES JOURS pour toujours et que tout le monde les appelait ENFIN. Cependant, ma foi en l&rsquo;humanit\u00e9 a \u00e9t\u00e9 restaur\u00e9e en voyant tant de personnes de races et d&rsquo;ethnies diff\u00e9rentes marchant pour ce qui est juste. La prochaine normalit\u00e9 consiste vraiment \u00e0 faire le m\u00e9nage &#8211; \u00e0 abandonner la l\u00e9thargie et l&rsquo;inaction qui nous ont amen\u00e9s ici. Je ne cherche des excuses de personne, mais je demande qu&rsquo;on reconnaisse qu&rsquo;il y a un probl\u00e8me. Pour faire \u00e9cho aux mots profonds de Kimberly Jones, sachez que nous recherchons l&rsquo;\u00e9galit\u00e9, pas la vengeance.<\/p>\n<p>Si vous n&rsquo;avez pas vu la vid\u00e9o de Kimberly, c&rsquo;est un must ( <a href=\"https:\/\/www.youtube.com\/watch?v=sb9_qGOa9Go\">https:\/\/www.youtube.com\/watch?v=sb9_qGOa9Go<\/a> ).<\/p>\n<p>\u00ab VACAYA m&rsquo;a demand\u00e9 comment je d\u00e9fierais les personnes qui cherchent \u00e0 faire partie de la solution et ma r\u00e9ponse est triple. Tout d&rsquo;abord, consid\u00e9rez cette opportunit\u00e9 comme le plus grand s\u00e9minaire de connaissance de la situation de tous les temps. Creusez vos propres pr\u00e9jug\u00e9s personnels et essayez de comprendre quand ils ont commenc\u00e9 et o\u00f9 vous les avez appris. Demandez-vous\u2026 ces pr\u00e9jug\u00e9s ont-ils fait de moi une meilleure personne et m&rsquo;ont-ils prot\u00e9g\u00e9&nbsp;? Je suppose que non. Une fois que vous reconnaissez les origines de ces pr\u00e9jug\u00e9s, il est beaucoup plus facile de les changer. Et deuxi\u00e8mement\u2026 vous devez mieux comprendre l&rsquo;histoire des Noirs. Trois pages dans un manuel ne suffisent pas. Vous devez creuser plus profond\u00e9ment. Avoir une compr\u00e9hension plus profonde est essentiel pour influer sur le changement. Et enfin, si vous voyez un tort \u2013 et je parle de petits torts et de torts majuscules \u2013 ne restez pas silencieux. Dire quelque chose. Faire quelque chose. Nous devons nous entraider et c&rsquo;est particuli\u00e8rement vrai au sein de la communaut\u00e9 LGBT+.<\/p>\n<p>\u00ab\u00a0D\u00e8s le d\u00e9but, VACAYA a adopt\u00e9 un \u00e9tat d&rsquo;esprit d&rsquo;inclusion totale. Trop souvent, les \u00e9v\u00e9nements sont \u00e9tiquet\u00e9s en fonction du marketing. Nous avons permis aux d\u00e9sirs de quelques-uns de garder monolithique une piste de danse autrement color\u00e9e. Si une affiche montre trop de personnes de couleur (ou m\u00eame une seule personne dans certains cas), elle est trop souvent consid\u00e9r\u00e9e comme un \u00e9v\u00e9nement gay ethnique. Ce qui m&rsquo;a pouss\u00e9 \u00e0 travailler avec VACAYA, c&rsquo;est l&rsquo;appel ouvert et l&rsquo;inclusion dans leur marketing et j&rsquo;en suis tr\u00e8s reconnaissant. Demandez-vous : \u00ab Est-ce que je me sens \u00e0 l&rsquo;aise avec des Noirs en croisi\u00e8re ou dans un complexe uniquement s&rsquo;ils sont derri\u00e8re le bar, dans une cabine de DJ ou dans une sorte de service ? Si c&rsquo;est vrai, alors VACAYA n&rsquo;est pas pour vous. Si vous avez un probl\u00e8me avec la diversit\u00e9 en g\u00e9n\u00e9ral, alors VACAYA n&rsquo;est pas pour vous. VACAYA dit qu&rsquo;ils sont \u00ab\u00a0construits pour tout le monde\u00a0\u00bb, mais tout le monde n&rsquo;est pas con\u00e7u pour VACAYA. Et c&rsquo;est bon. Il existe de nombreuses autres options si vous pensez que vous ne pouvez \u00eatre qu&rsquo;avec d&rsquo;autres personnes comme vous. Mais si vous croyez vraiment que nous sommes tous \u00e9gaux, alors j&rsquo;esp\u00e8re avoir la chance de vous rencontrer et de partager un moment avec vous lors de notre prochain voyage ensemble.<\/p>\n<p>En l&rsquo;honneur de Corey, VACAYA a fait un don au Black Trans Travel Fund. Corey poursuit : \u00ab\u00a0C&rsquo;est navrant de savoir que la communaut\u00e9 trans noire est toujours assassin\u00e9e dans tout le pays et que personne ne parle en leur nom ou ne donne la presse \u00e0 leurs histoires. La communaut\u00e9 trans noire a lanc\u00e9 notre mouvement pour l&rsquo;\u00e9galit\u00e9 LGBT+. Le moins que nous puissions faire est de les aider \u00e0 se d\u00e9placer dans le monde sans harc\u00e8lement ni violence.<\/p>\n<p>Nous vous encourageons \u00e0 nous rejoindre pour nous soutenir. Pour en savoir plus ou pour contribuer, visitez <a href=\"https:\/\/www.blacktranstravelfund.com\/\">https:\/\/www.blacktranstravelfund.com\/<\/a> .[\/et_pb_text][\/et_pb_column][\/et_pb_row][\/et_pb_section]<\/p>\n","protected":false},"excerpt":{"rendered":"<p><div class=\"trip-overlay\"><div class=\"trip-title\"><h1>Tuiles de voyage avec titre &#8211; Croisi\u00e8res uniquement<\/h1><\/div><\/div>Dans un effort pour renforcer notre soutien au mouvement Black Lives Matter, nous avons contact\u00e9 plusieurs de nos invit\u00e9s, agents de voyage et artistes noirs pour \u00e9couter leurs histoires et discuter de la mani\u00e8re dont VACAYA peut se tenir \u00e0 leurs c\u00f4t\u00e9s alors que nous nous mobilisons tous pour le changement. Ici, nous vous pr\u00e9sentons [&hellip;]<\/p>\n","protected":false},"author":4,"featured_media":70539,"parent":84365,"menu_order":0,"comment_status":"closed","ping_status":"closed","template":"","meta":{"_acf_changed":false,"_et_pb_use_builder":"on","_et_pb_old_content":"","_et_gb_content_width":"","_monsterinsights_skip_tracking":false,"_monsterinsights_sitenote_active":false,"_monsterinsights_sitenote_note":"","_monsterinsights_sitenote_category":0,"footnotes":""},"class_list":["post-84660","page","type-page","status-publish","has-post-thumbnail","hentry"],"acf":[],"_links":{"self":[{"href":"https:\/\/www.myvacaya.com\/fr\/wp-json\/wp\/v2\/pages\/84660","targetHints":{"allow":["GET"]}}],"collection":[{"href":"https:\/\/www.myvacaya.com\/fr\/wp-json\/wp\/v2\/pages"}],"about":[{"href":"https:\/\/www.myvacaya.com\/fr\/wp-json\/wp\/v2\/types\/page"}],"author":[{"embeddable":true,"href":"https:\/\/www.myvacaya.com\/fr\/wp-json\/wp\/v2\/users\/4"}],"replies":[{"embeddable":true,"href":"https:\/\/www.myvacaya.com\/fr\/wp-json\/wp\/v2\/comments?post=84660"}],"version-history":[{"count":1,"href":"https:\/\/www.myvacaya.com\/fr\/wp-json\/wp\/v2\/pages\/84660\/revisions"}],"predecessor-version":[{"id":84666,"href":"https:\/\/www.myvacaya.com\/fr\/wp-json\/wp\/v2\/pages\/84660\/revisions\/84666"}],"up":[{"embeddable":true,"href":"https:\/\/www.myvacaya.com\/fr\/wp-json\/wp\/v2\/pages\/84365"}],"wp:featuredmedia":[{"embeddable":true,"href":"https:\/\/www.myvacaya.com\/fr\/wp-json\/wp\/v2\/media\/70539"}],"wp:attachment":[{"href":"https:\/\/www.myvacaya.com\/fr\/wp-json\/wp\/v2\/media?parent=84660"}],"curies":[{"name":"wp","href":"https:\/\/api.w.org\/{rel}","templated":true}]}}