{"id":84633,"date":"2018-03-15T20:39:52","date_gmt":"2018-03-16T00:39:52","guid":{"rendered":"https:\/\/www.myvacaya.com\/decouvrir\/ventes-de-groupe\/"},"modified":"2023-08-02T16:45:36","modified_gmt":"2023-08-02T20:45:36","slug":"ventes-de-groupe","status":"publish","type":"page","link":"https:\/\/www.myvacaya.com\/fr\/decouvrir\/ventes-de-groupe\/","title":{"rendered":"Ventes de groupe"},"content":{"rendered":"<p>[et_pb_section fb_built=\u00a0\u00bb1&Prime; fullwidth=\u00a0\u00bbon\u00a0\u00bb admin_label=\u00a0\u00bbSlider\u00a0\u00bb module_id=\u00a0\u00bbslider-section-interieur\u00a0\u00bb _builder_version=\u00a0\u00bb4.17.6&Prime; _module_preset=\u00a0\u00bbdefault\u00a0\u00bb background_enable_image=\u00a0\u00bboff\u00a0\u00bb global_colors_info=\u00a0\u00bb{}\u00a0\u00bb][et_pb_fullwidth_code admin_label=\u00a0\u00bbSlider Overlay\u00a0\u00bb module_class=\u00a0\u00bbinterior-page-overlay\u00a0\u00bb _builder_version=\u00a0\u00bb4.17.6&Prime; _module_preset=\u00a0\u00bbdefault\u00a0\u00bb positioning=\u00a0\u00bbabsolute\u00a0\u00bb position_origin_a=\u00a0\u00bbtop_right\u00a0\u00bb position_origin_f=\u00a0\u00bbtop_right\u00a0\u00bb z_index=\u00a0\u00bb100&Prime; width=\u00a0\u00bb50%\u00a0\u00bb width_tablet=\u00a0\u00bb50%\u00a0\u00bb width_phone=\u00a0\u00bb100%\u00a0\u00bb width_last_edited=\u00a0\u00bbon|phone\u00a0\u00bb height=\u00a0\u00bb100vh\u00a0\u00bb hover_enabled=\u00a0\u00bb0&Prime; global_colors_info=\u00a0\u00bb{}\u00a0\u00bb sticky_enabled=\u00a0\u00bb0&Prime;]<div class=\"trip-overlay\"><div class=\"trip-title\"><h1>Ventes de groupe<\/h1><\/div><\/div>[\/et_pb_fullwidth_code][et_pb_fullwidth_slider show_arrows=\u00a0\u00bboff\u00a0\u00bb admin_label=\u00a0\u00bbSlider Images\u00a0\u00bb module_id=\u00a0\u00bbslider-images\u00a0\u00bb _builder_version=\u00a0\u00bb4.17.6&Prime; _module_preset=\u00a0\u00bbdefault\u00a0\u00bb height=\u00a0\u00bb100vh\u00a0\u00bb auto=\u00a0\u00bbon\u00a0\u00bb global_colors_info=\u00a0\u00bb{}\u00a0\u00bb][et_pb_slide _builder_version=\u00a0\u00bb4.17.6&Prime; _module_preset=\u00a0\u00bbdefault\u00a0\u00bb background_color=\u00a0\u00bbRGBA(255,255,255,0)\u00a0\u00bb background_enable_color=\u00a0\u00bbon\u00a0\u00bb background_image=\u00a0\u00bbhttps:\/\/www.myvacaya.com\/wp-content\/uploads\/2022\/09\/group-sales.jpg\u00a0\u00bb background_enable_image=\u00a0\u00bbon\u00a0\u00bb background_last_edited=\u00a0\u00bbon|desktop\u00a0\u00bb background_image_phone=\u00a0\u00bbhttps:\/\/www.myvacaya.com\/wp-content\/uploads\/2022\/11\/group-travel-mobile-414&#215;500-1.jpg\u00a0\u00bb background_enable_image_phone=\u00a0\u00bbon\u00a0\u00bb global_colors_info=\u00a0\u00bb{}\u00a0\u00bb sticky_transition=\u00a0\u00bbon\u00a0\u00bb][\/et_pb_slide][\/et_pb_fullwidth_slider][\/et_pb_section][et_pb_section fb_built=\u00a0\u00bb1&Prime; custom_padding_last_edited=\u00a0\u00bbon|phone\u00a0\u00bb _builder_version=\u00a0\u00bb4.17.6&Prime; _module_preset=\u00a0\u00bbdefault\u00a0\u00bb custom_padding=\u00a0\u00bb||0%||false|false\u00a0\u00bb custom_padding_tablet=\u00a0\u00bb||||false|false\u00a0\u00bb custom_padding_phone=\u00a0\u00bb||||false|false\u00a0\u00bb global_colors_info=\u00a0\u00bb{}\u00a0\u00bb][et_pb_row custom_padding_last_edited=\u00a0\u00bbon|desktop\u00a0\u00bb _builder_version=\u00a0\u00bb4.17.6&Prime; _module_preset=\u00a0\u00bbdefault\u00a0\u00bb custom_padding=\u00a0\u00bb||0%||false|false\u00a0\u00bb custom_padding_tablet=\u00a0\u00bb||||false|false\u00a0\u00bb custom_padding_phone=\u00a0\u00bb||||false|false\u00a0\u00bb global_colors_info=\u00a0\u00bb{}\u00a0\u00bb][et_pb_column type=\u00a0\u00bb4_4&Prime; _builder_version=\u00a0\u00bb4.17.6&Prime; _module_preset=\u00a0\u00bbdefault\u00a0\u00bb global_colors_info=\u00a0\u00bb{}\u00a0\u00bb][et_pb_text _builder_version=\u00a0\u00bb4.17.6&Prime; _module_preset=\u00a0\u00bbdefault\u00a0\u00bb custom_margin=\u00a0\u00bb||||false|false\u00a0\u00bb custom_margin_tablet=\u00a0\u00bb||||false|false\u00a0\u00bb custom_margin_phone=\u00a0\u00bb||||false|false\u00a0\u00bb custom_margin_last_edited=\u00a0\u00bbon|phone\u00a0\u00bb global_colors_info=\u00a0\u00bb{}\u00a0\u00bb]Voyager avec des amis est une grande partie de l&rsquo;exp\u00e9rience de vacances LGBT +. Alors, que vous et votre fou rire <b><span style=\"color: #ffcc00;\"><span style=\"color: #ffff00;\">*<\/span><\/span><\/b> recherchiez 2 ou 50 chambres, l&rsquo;outil de r\u00e9servation en ligne de VACAYA vous facilite plus que jamais la t\u00e2che.[\/et_pb_text][et_pb_text admin_label=\u00a0\u00bbSection Title &#8211; H3&Prime; _builder_version=\u00a0\u00bb4.17.6&Prime; _module_preset=\u00a0\u00bbdefault\u00a0\u00bb header_3_font=\u00a0\u00bbFutura Bold|||on|||||\u00a0\u00bb header_3_text_align=\u00a0\u00bbcenter\u00a0\u00bb header_3_text_color=\u00a0\u00bb#000000&Prime; header_3_font_size=\u00a0\u00bb18px\u00a0\u00bb header_3_letter_spacing=\u00a0\u00bb1.8px\u00a0\u00bb header_3_line_height=\u00a0\u00bb24px\u00a0\u00bb custom_margin=\u00a0\u00bb||||false|false\u00a0\u00bb custom_margin_tablet=\u00a0\u00bb||||false|false\u00a0\u00bb custom_margin_phone=\u00a0\u00bb||||false|false\u00a0\u00bb custom_margin_last_edited=\u00a0\u00bbon|phone\u00a0\u00bb custom_padding=\u00a0\u00bb||||false|false\u00a0\u00bb custom_padding_tablet=\u00a0\u00bb||||false|false\u00a0\u00bb custom_padding_phone=\u00a0\u00bb||||false|false\u00a0\u00bb custom_padding_last_edited=\u00a0\u00bbon|phone\u00a0\u00bb global_colors_info=\u00a0\u00bb{}\u00a0\u00bb]<\/p>\n<h3>COMMENT R\u00c9SERVER VOTRE GROUPE &#8211; BONNES PRATIQUES<\/h3>\n<p>[\/et_pb_text][et_pb_text _builder_version=\u00a0\u00bb4.17.6&Prime; _module_preset=\u00a0\u00bbdefault\u00a0\u00bb global_colors_info=\u00a0\u00bb{}\u00a0\u00bb]Si votre groupe recherche des chambres c\u00f4te \u00e0 c\u00f4te ou m\u00eame des chambres \u00e0 proximit\u00e9 \u00e0 diff\u00e9rents prix, nous sommes convaincus que vous pouvez g\u00e9rer vous-m\u00eame une r\u00e9servation de groupe. Et voici quelques conseils pour vous aider en cours de route :<\/p>\n<ul>\n<li>Commencez par r\u00e9unir votre groupe lors d&rsquo;un appel (ou mieux encore&#8230; en t\u00eate-\u00e0-t\u00eate avec des cocktails&nbsp;!). Une fois que tout le monde est r\u00e9uni, d\u00e9signez un chef de groupe qui peut mod\u00e9rer. Faites-nous confiance&#8230; vous voudrez votre propre Julie McCoy.<span style=\"color: #ffff00;\"><strong>**<\/strong><\/span><\/li>\n<li>Jetez un \u0153il au plan de pont statique\/carte de la station pour le voyage qui vous int\u00e9resse, vous et vos amis (ceux-ci sont disponibles sur la page LES PRIX pour chaque voyage).<\/li>\n<li>S\u00e9lectionnez un domaine d&rsquo;int\u00e9r\u00eat g\u00e9n\u00e9ral sur le navire\/au complexe. O\u00f9 souhaitez-vous que les chambres de votre groupe soient situ\u00e9es ?<\/li>\n<li>Vous r\u00e9serverez chaque chambre individuellement directement sur notre site Web, il est donc pr\u00e9f\u00e9rable de r\u00e9server toutes en m\u00eame temps pour vous assurer que tout le monde dans votre rire obtient la chambre exacte qu&rsquo;il souhaite.<\/li>\n<li>Une fois que vous passez \u00e0 l&rsquo;option R\u00c9SERVER MAINTENANT, notre outil de r\u00e9servation en ligne affiche l&rsquo;inventaire disponible actuel. En utilisant votre recherche initiale comme point de d\u00e9part, recherchez simplement ce domaine d&rsquo;int\u00e9r\u00eat pour voir si ces chambres sont toujours disponibles. Que ce soit \u00e0 partir d&rsquo;un ordinateur de bureau, d&rsquo;une tablette ou d&rsquo;un appareil mobile, vous pouvez chacun consulter les plans de pont \u00ab&nbsp;en direct&nbsp;\u00bb et voir les pi\u00e8ces disponibles en temps r\u00e9el.<\/li>\n<li>Notre syst\u00e8me vous permet de retenir votre choix de chambre jusqu&rsquo;\u00e0 30 minutes pendant que vos amis placent \u00e9galement leurs propres chambres c\u00f4te \u00e0 c\u00f4te ou \u00e0 proximit\u00e9 en attente. Une fois que chacun d&rsquo;entre vous a mis la chambre souhait\u00e9e \u00ab en attente \u00bb, vous pouvez alors proc\u00e9der au d\u00e9part simultan\u00e9ment.<\/li>\n<\/ul>\n<p>Il n&rsquo;y a vraiment pas de meilleure fa\u00e7on de voyager avec VACAYA qu&rsquo;en alignant des chambres adjacentes avec vos amis et en cr\u00e9ant votre propre petit quartier sur le bateau&nbsp;!<\/p>\n<p>&nbsp;<\/p>\n<p><span style=\"color: #ffff00;\"><strong>*<\/strong><\/span> Un groupe de gays \u00e9tait autrefois connu sous le nom de \u00ab\u00a0gaggle\u00a0\u00bb, mais maintenant c&rsquo;est un \u00ab\u00a0gaggle\u00a0\u00bb. Je t&rsquo;en prie.<\/p>\n<p><span style=\"color: #ffff00;\"><strong>**<\/strong><\/span> Si vous avez moins de 30 ans, \u00ab\u00a0Julie McCoy\u00a0\u00bb fait r\u00e9f\u00e9rence au c\u00e9l\u00e8bre directeur de croisi\u00e8re de la com\u00e9die ABC des ann\u00e9es 70\/80, <em>The Love Boat<\/em> . De rien\u2026 encore une fois.[\/et_pb_text][\/et_pb_column][\/et_pb_row][\/et_pb_section][et_pb_section fb_built=\u00a0\u00bb1&Prime; admin_label=\u00a0\u00bbTrip Tiles with Divider and Title\u00a0\u00bb _builder_version=\u00a0\u00bb4.17.6&Prime; _module_preset=\u00a0\u00bbdefault\u00a0\u00bb global_colors_info=\u00a0\u00bb{}\u00a0\u00bb][et_pb_row _builder_version=\u00a0\u00bb4.17.6&Prime; _module_preset=\u00a0\u00bbdefault\u00a0\u00bb global_colors_info=\u00a0\u00bb{}\u00a0\u00bb][et_pb_column type=\u00a0\u00bb4_4&Prime; _builder_version=\u00a0\u00bb4.17.6&Prime; _module_preset=\u00a0\u00bbdefault\u00a0\u00bb global_colors_info=\u00a0\u00bb{}\u00a0\u00bb][et_pb_divider color=\u00a0\u00bb#000000&Prime; divider_position=\u00a0\u00bbcenter\u00a0\u00bb _builder_version=\u00a0\u00bb4.17.6&Prime; _module_preset=\u00a0\u00bbdefault\u00a0\u00bb global_colors_info=\u00a0\u00bb{}\u00a0\u00bb][\/et_pb_divider][\/et_pb_column][\/et_pb_row][et_pb_row _builder_version=\u00a0\u00bb4.17.6&Prime; _module_preset=\u00a0\u00bbdefault\u00a0\u00bb global_colors_info=\u00a0\u00bb{}\u00a0\u00bb][et_pb_column type=\u00a0\u00bb4_4&Prime; _builder_version=\u00a0\u00bb4.17.6&Prime; _module_preset=\u00a0\u00bbdefault\u00a0\u00bb global_colors_info=\u00a0\u00bb{}\u00a0\u00bb][et_pb_text admin_label=\u00a0\u00bbSection Title &#8211; H3&Prime; _builder_version=\u00a0\u00bb4.17.6&Prime; _module_preset=\u00a0\u00bbdefault\u00a0\u00bb header_3_font=\u00a0\u00bbFutura Bold|||on|||||\u00a0\u00bb header_3_text_align=\u00a0\u00bbcenter\u00a0\u00bb header_3_text_color=\u00a0\u00bb#000000&Prime; header_3_font_size=\u00a0\u00bb18px\u00a0\u00bb header_3_letter_spacing=\u00a0\u00bb1.8px\u00a0\u00bb header_3_line_height=\u00a0\u00bb24px\u00a0\u00bb custom_margin=\u00a0\u00bb||||false|false\u00a0\u00bb custom_margin_tablet=\u00a0\u00bb||||false|false\u00a0\u00bb custom_margin_phone=\u00a0\u00bb||||false|false\u00a0\u00bb custom_margin_last_edited=\u00a0\u00bbon|phone\u00a0\u00bb custom_padding=\u00a0\u00bb||||false|false\u00a0\u00bb global_colors_info=\u00a0\u00bb{}\u00a0\u00bb]<\/p>\n<h3>SI VOUS N&rsquo;AVEZ PAS R\u00c9SERV\u00c9 LES VACANCES LGBT+ LES PLUS CHAUDES DE LA PLAN\u00c8TE,<br \/>\nQU&rsquo;EST-CE QUE TU ATTENDS? V\u00c9RIFIEZ-LES CI-DESSOUS&nbsp;!<\/h3>\n<p>[\/et_pb_text][\/et_pb_column][\/et_pb_row][et_pb_row _builder_version=\u00a0\u00bb4.17.6&Prime; _module_preset=\u00a0\u00bbdefault\u00a0\u00bb global_colors_info=\u00a0\u00bb{}\u00a0\u00bb][et_pb_column type=\u00a0\u00bb4_4&Prime; _builder_version=\u00a0\u00bb4.17.6&Prime; _module_preset=\u00a0\u00bbdefault\u00a0\u00bb global_colors_info=\u00a0\u00bb{}\u00a0\u00bb][et_pb_text _builder_version=\u00a0\u00bb4.17.6&Prime; _module_preset=\u00a0\u00bbdefault\u00a0\u00bb global_colors_info=\u00a0\u00bb{}\u00a0\u00bb]<div id=\"ajax-load-more\" class=\"ajax-load-more-wrap default\" data-id=\"experience-items\" data-alm-id=\"\" data-canonical-url=\"https:\/\/www.myvacaya.com\/fr\/decouvrir\/ventes-de-groupe\/\" data-slug=\"ventes-de-groupe\" data-post-id=\"84633\"  data-localized=\"ajax_load_more_experience_items_vars\" data-alm-object=\"ajax_load_more_experience_items\"><ul aria-live=\"polite\" aria-atomic=\"true\" class=\"alm-listing alm-ajax\" data-container-type=\"ul\" data-loading-style=\"default\" data-repeater=\"template_1\" data-post-type=\"trip\" data-meta-key=\"show_trip_tile\" data-meta-value=\"1\" data-custom-args=\"post_parent: 0\" data-order=\"ASC\" data-orderby=\"date\" data-offset=\"0\" data-posts-per-page=\"20\" data-lang=\"fr\" data-scroll=\"false\" data-button-label=\"Load More\" data-prev-button-label=\"Load Previous\" data-destroy-after=\"1\"><\/ul><div class=\"alm-btn-wrap\" data-rel=\"ajax-load-more\"><button class=\"alm-load-more-btn\" type=\"button\">Load More<\/button><\/div><\/div>[\/et_pb_text][\/et_pb_column][\/et_pb_row][\/et_pb_section]<\/p>\n","protected":false},"excerpt":{"rendered":"<p><div class=\"trip-overlay\"><div class=\"trip-title\"><h1>Tuiles de voyage avec titre &#8211; Croisi\u00e8res uniquement<\/h1><\/div><\/div>Voyager avec des amis est une grande partie de l&rsquo;exp\u00e9rience de vacances LGBT +. Alors, que vous et votre fou rire * recherchiez 2 ou 50 chambres, l&rsquo;outil de r\u00e9servation en ligne de VACAYA vous facilite plus que jamais la t\u00e2che.COMMENT R\u00c9SERVER VOTRE GROUPE &#8211; BONNES PRATIQUESSi votre groupe recherche des chambres c\u00f4te \u00e0 c\u00f4te [&hellip;]<\/p>\n","protected":false},"author":1,"featured_media":0,"parent":84365,"menu_order":0,"comment_status":"closed","ping_status":"closed","template":"","meta":{"_acf_changed":false,"_et_pb_use_builder":"on","_et_pb_old_content":"","_et_gb_content_width":"","_monsterinsights_skip_tracking":false,"_monsterinsights_sitenote_active":false,"_monsterinsights_sitenote_note":"","_monsterinsights_sitenote_category":0,"footnotes":""},"class_list":["post-84633","page","type-page","status-publish","hentry"],"acf":[],"_links":{"self":[{"href":"https:\/\/www.myvacaya.com\/fr\/wp-json\/wp\/v2\/pages\/84633","targetHints":{"allow":["GET"]}}],"collection":[{"href":"https:\/\/www.myvacaya.com\/fr\/wp-json\/wp\/v2\/pages"}],"about":[{"href":"https:\/\/www.myvacaya.com\/fr\/wp-json\/wp\/v2\/types\/page"}],"author":[{"embeddable":true,"href":"https:\/\/www.myvacaya.com\/fr\/wp-json\/wp\/v2\/users\/1"}],"replies":[{"embeddable":true,"href":"https:\/\/www.myvacaya.com\/fr\/wp-json\/wp\/v2\/comments?post=84633"}],"version-history":[{"count":1,"href":"https:\/\/www.myvacaya.com\/fr\/wp-json\/wp\/v2\/pages\/84633\/revisions"}],"predecessor-version":[{"id":84651,"href":"https:\/\/www.myvacaya.com\/fr\/wp-json\/wp\/v2\/pages\/84633\/revisions\/84651"}],"up":[{"embeddable":true,"href":"https:\/\/www.myvacaya.com\/fr\/wp-json\/wp\/v2\/pages\/84365"}],"wp:attachment":[{"href":"https:\/\/www.myvacaya.com\/fr\/wp-json\/wp\/v2\/media?parent=84633"}],"curies":[{"name":"wp","href":"https:\/\/api.w.org\/{rel}","templated":true}]}}