{"id":84619,"date":"2018-03-29T17:54:59","date_gmt":"2018-03-29T21:54:59","guid":{"rendered":"https:\/\/www.myvacaya.com\/ressources-pour-les-pros-du-voyage\/vente-et-marketing-avec-vacaya\/"},"modified":"2023-08-02T16:45:37","modified_gmt":"2023-08-02T20:45:37","slug":"vente-et-marketing-avec-vacaya","status":"publish","type":"page","link":"https:\/\/www.myvacaya.com\/fr\/ressources-pour-les-pros-du-voyage\/vente-et-marketing-avec-vacaya\/","title":{"rendered":"Vente et marketing avec VACAYA"},"content":{"rendered":"<p>[et_pb_section fb_built=\u00a0\u00bb1&Prime; fullwidth=\u00a0\u00bbon\u00a0\u00bb admin_label=\u00a0\u00bbSlider\u00a0\u00bb module_id=\u00a0\u00bbslider-section-interieur\u00a0\u00bb _builder_version=\u00a0\u00bb4.17.6&Prime; _module_preset=\u00a0\u00bbdefault\u00a0\u00bb background_enable_image=\u00a0\u00bboff\u00a0\u00bb global_colors_info=\u00a0\u00bb{}\u00a0\u00bb][et_pb_fullwidth_code admin_label=\u00a0\u00bbSlider Overlay\u00a0\u00bb module_class=\u00a0\u00bbinterior-page-overlay\u00a0\u00bb _builder_version=\u00a0\u00bb4.17.6&Prime; _module_preset=\u00a0\u00bbdefault\u00a0\u00bb positioning=\u00a0\u00bbabsolute\u00a0\u00bb position_origin_a=\u00a0\u00bbtop_right\u00a0\u00bb position_origin_f=\u00a0\u00bbtop_right\u00a0\u00bb z_index=\u00a0\u00bb100&Prime; width=\u00a0\u00bb50%\u00a0\u00bb width_tablet=\u00a0\u00bb50%\u00a0\u00bb width_phone=\u00a0\u00bb100%\u00a0\u00bb width_last_edited=\u00a0\u00bbon|phone\u00a0\u00bb height=\u00a0\u00bb100vh\u00a0\u00bb hover_enabled=\u00a0\u00bb0&Prime; global_colors_info=\u00a0\u00bb{}\u00a0\u00bb sticky_enabled=\u00a0\u00bb0&Prime;]<div class=\"trip-overlay\"><div class=\"trip-title\"><h1>Vente et marketing avec VACAYA<\/h1><\/div><\/div>[\/et_pb_fullwidth_code][et_pb_fullwidth_slider show_arrows=\u00a0\u00bboff\u00a0\u00bb admin_label=\u00a0\u00bbSlider Images\u00a0\u00bb module_id=\u00a0\u00bbslider-images\u00a0\u00bb _builder_version=\u00a0\u00bb4.17.6&Prime; _module_preset=\u00a0\u00bbdefault\u00a0\u00bb height=\u00a0\u00bb100vh\u00a0\u00bb auto=\u00a0\u00bbon\u00a0\u00bb global_colors_info=\u00a0\u00bb{}\u00a0\u00bb][et_pb_slide _builder_version=\u00a0\u00bb4.17.6&Prime; _module_preset=\u00a0\u00bbdefault\u00a0\u00bb background_color=\u00a0\u00bbRGBA(255,255,255,0)\u00a0\u00bb background_enable_color=\u00a0\u00bbon\u00a0\u00bb background_image=\u00a0\u00bbhttps:\/\/www.myvacaya.com\/wp-content\/uploads\/2022\/09\/travel-agents-selling-marketing.jpg\u00a0\u00bb background_enable_image=\u00a0\u00bbon\u00a0\u00bb background_last_edited=\u00a0\u00bbon|desktop\u00a0\u00bb background_image_phone=\u00a0\u00bbhttps:\/\/www.myvacaya.com\/wp-content\/uploads\/2022\/11\/selling-marketing-vacayamobile-414&#215;500-1.png\u00a0\u00bb background_enable_image_phone=\u00a0\u00bbon\u00a0\u00bb global_colors_info=\u00a0\u00bb{}\u00a0\u00bb sticky_transition=\u00a0\u00bbon\u00a0\u00bb][\/et_pb_slide][\/et_pb_fullwidth_slider][\/et_pb_section][et_pb_section fb_built=\u00a0\u00bb1&Prime; custom_padding_last_edited=\u00a0\u00bbon|phone\u00a0\u00bb _builder_version=\u00a0\u00bb4.17.6&Prime; _module_preset=\u00a0\u00bbdefault\u00a0\u00bb custom_padding=\u00a0\u00bb||||false|false\u00a0\u00bb custom_padding_tablet=\u00a0\u00bb||||false|false\u00a0\u00bb custom_padding_phone=\u00a0\u00bb||||false|false\u00a0\u00bb global_colors_info=\u00a0\u00bb{}\u00a0\u00bb][et_pb_row custom_padding_last_edited=\u00a0\u00bbon|desktop\u00a0\u00bb _builder_version=\u00a0\u00bb4.17.6&Prime; _module_preset=\u00a0\u00bbdefault\u00a0\u00bb custom_padding=\u00a0\u00bb||||false|false\u00a0\u00bb custom_padding_tablet=\u00a0\u00bb||||false|false\u00a0\u00bb custom_padding_phone=\u00a0\u00bb||||false|false\u00a0\u00bb global_colors_info=\u00a0\u00bb{}\u00a0\u00bb][et_pb_column type=\u00a0\u00bb4_4&Prime; _builder_version=\u00a0\u00bb4.17.6&Prime; _module_preset=\u00a0\u00bbdefault\u00a0\u00bb global_colors_info=\u00a0\u00bb{}\u00a0\u00bb][et_pb_text _builder_version=\u00a0\u00bb4.17.6&Prime; _module_preset=\u00a0\u00bbdefault\u00a0\u00bb custom_margin=\u00a0\u00bb||||false|false\u00a0\u00bb custom_margin_tablet=\u00a0\u00bb||||false|false\u00a0\u00bb custom_margin_phone=\u00a0\u00bb||||false|false\u00a0\u00bb custom_margin_last_edited=\u00a0\u00bbon|phone\u00a0\u00bb global_colors_info=\u00a0\u00bb{}\u00a0\u00bb]\u00catre un professionnel du voyage VACAYA agr\u00e9\u00e9 est un hommage \u00e0 votre connaissance du produit VACAYA et \u00e0 la valeur que votre agence apporte \u00e0 nos clients communs. La vente et le marketing avec VACAYA d\u00e9bloqueront de pr\u00e9cieux avantages et opportunit\u00e9s de r\u00e9mun\u00e9ration. Merci d&rsquo;avance de tirer parti de ces ressources et de soutenir nos politiques mutuellement b\u00e9n\u00e9fiques.[\/et_pb_text][et_pb_text admin_label=\u00a0\u00bbSection Title &#8211; H3&Prime; _builder_version=\u00a0\u00bb4.17.6&Prime; _module_preset=\u00a0\u00bbdefault\u00a0\u00bb header_3_font=\u00a0\u00bbFutura Bold|||on|||||\u00a0\u00bb header_3_text_align=\u00a0\u00bbcenter\u00a0\u00bb header_3_text_color=\u00a0\u00bb#000000&Prime; header_3_font_size=\u00a0\u00bb18px\u00a0\u00bb header_3_letter_spacing=\u00a0\u00bb1.8px\u00a0\u00bb header_3_line_height=\u00a0\u00bb24px\u00a0\u00bb custom_margin=\u00a0\u00bb||||false|false\u00a0\u00bb custom_margin_tablet=\u00a0\u00bb||||false|false\u00a0\u00bb custom_margin_phone=\u00a0\u00bb||||false|false\u00a0\u00bb custom_margin_last_edited=\u00a0\u00bbon|phone\u00a0\u00bb custom_padding=\u00a0\u00bb||||false|false\u00a0\u00bb custom_padding_tablet=\u00a0\u00bb||||false|false\u00a0\u00bb custom_padding_phone=\u00a0\u00bb||||false|false\u00a0\u00bb custom_padding_last_edited=\u00a0\u00bbon|phone\u00a0\u00bb global_colors_info=\u00a0\u00bb{}\u00a0\u00bb]<\/p>\n<h3>VENDRE AVEC VACAYA<\/h3>\n<p>[\/et_pb_text][et_pb_text _builder_version=\u00a0\u00bb4.17.6&Prime; _module_preset=\u00a0\u00bbdefault\u00a0\u00bb global_colors_info=\u00a0\u00bb{}\u00a0\u00bb]Vous trouverez ici toutes les informations dont vous avez besoin pour comprendre et maintenir la relation solide entre VAVACA et votre client, et surtout, comment gagner de pr\u00e9cieuses commissions.<\/p>\n<p>Et, bien s\u00fbr, si jamais vous avez des questions\/commentaires, notre \u00e9quipe sera toujours l\u00e0 pour vous.<\/p>\n<p><a class=\"btn-pink-inline\" href=\"https:\/\/www.myvacaya.com\/fr\/ressources-pour-les-pros-du-voyage\/lignes-directrices-des-pros-du-voyage\/\"><span>Lignes directrices des pros du voyage<\/span><\/a>[\/et_pb_text][\/et_pb_column][\/et_pb_row][et_pb_row _builder_version=\u00a0\u00bb4.17.6&Prime; _module_preset=\u00a0\u00bbdefault\u00a0\u00bb global_colors_info=\u00a0\u00bb{}\u00a0\u00bb][et_pb_column type=\u00a0\u00bb4_4&Prime; _builder_version=\u00a0\u00bb4.17.6&Prime; _module_preset=\u00a0\u00bbdefault\u00a0\u00bb global_colors_info=\u00a0\u00bb{}\u00a0\u00bb][et_pb_text admin_label=\u00a0\u00bbSection Title &#8211; H3&Prime; _builder_version=\u00a0\u00bb4.17.6&Prime; _module_preset=\u00a0\u00bbdefault\u00a0\u00bb header_3_font=\u00a0\u00bbFutura Bold|||on|||||\u00a0\u00bb header_3_text_align=\u00a0\u00bbcenter\u00a0\u00bb header_3_text_color=\u00a0\u00bb#000000&Prime; header_3_font_size=\u00a0\u00bb18px\u00a0\u00bb header_3_letter_spacing=\u00a0\u00bb1.8px\u00a0\u00bb header_3_line_height=\u00a0\u00bb24px\u00a0\u00bb custom_margin=\u00a0\u00bb||||false|false\u00a0\u00bb custom_margin_tablet=\u00a0\u00bb||||false|false\u00a0\u00bb custom_margin_phone=\u00a0\u00bb||||false|false\u00a0\u00bb custom_margin_last_edited=\u00a0\u00bbon|phone\u00a0\u00bb custom_padding=\u00a0\u00bb||||false|false\u00a0\u00bb custom_padding_tablet=\u00a0\u00bb||||false|false\u00a0\u00bb custom_padding_phone=\u00a0\u00bb||||false|false\u00a0\u00bb custom_padding_last_edited=\u00a0\u00bbon|phone\u00a0\u00bb global_colors_info=\u00a0\u00bb{}\u00a0\u00bb]<\/p>\n<h3>MARKETING AVEC VACAYA<\/h3>\n<p>[\/et_pb_text][\/et_pb_column][\/et_pb_row][et_pb_row column_structure=\u00a0\u00bb2_3,1_3&Prime; _builder_version=\u00a0\u00bb4.17.6&Prime; _module_preset=\u00a0\u00bbdefault\u00a0\u00bb global_colors_info=\u00a0\u00bb{}\u00a0\u00bb][et_pb_column type=\u00a0\u00bb2_3&Prime; _builder_version=\u00a0\u00bb4.17.6&Prime; _module_preset=\u00a0\u00bbdefault\u00a0\u00bb global_colors_info=\u00a0\u00bb{}\u00a0\u00bb][et_pb_text _builder_version=\u00a0\u00bb4.17.6&Prime; _module_preset=\u00a0\u00bbdefault\u00a0\u00bb global_colors_info=\u00a0\u00bb{}\u00a0\u00bb]Notre section Marketing met en \u00e9vidence les avantages et les b\u00e9n\u00e9fices dont b\u00e9n\u00e9ficiera votre agence en \u00e9tablissant une relation avec nous. Vous d\u00e9couvrirez une myriade d&rsquo;outils et de ressources disponibles dans le cadre du programme de professionnels du voyage agr\u00e9\u00e9s de VACAYA pour vous aider \u00e0 promouvoir et \u00e0 d\u00e9velopper votre entreprise. Enfin, nous d\u00e9crirons les politiques r\u00e9gissant notre programme pour vous aider \u00e0 rester en r\u00e8gle avec VACAYA.<\/p>\n<p>Au fur et \u00e0 mesure que votre relation avec The Vacayans se renforce, nous sommes convaincus que vous nous trouverez comme des partenaires accueillants dans votre r\u00e9ussite &#8211; une \u00e9quipe enti\u00e8rement collaborative construite autour de la compr\u00e9hension mutuelle et du respect du travail que vous faites.<\/p>\n<p>Toute notre \u00e9quipe est l\u00e0 pour vous aider \u00e0 vendre VACAYA, mais si jamais vous avez besoin d&rsquo;une assistance personnelle directe, veuillez envoyer un e-mail \u00e0 <strong><a href=\"mailto:travelagents@myvacaya.com\" target=\"_blank\" rel=\"noopener\">travelagents@myvacaya.com<\/a><\/strong> et nous ferons de notre mieux pour vous r\u00e9pondre rapidement.<\/p>\n<p><a class=\"btn-pink-inline\" href=\"https:\/\/www.myvacaya.com\/fr\/ressources-pour-les-pros-du-voyage\/consignes-marketing-pour-les-pros-du-voyage\/\"><span>Directives de commercialisation<\/span><\/a>[\/et_pb_text][\/et_pb_column][et_pb_column type=\u00a0\u00bb1_3&Prime; _builder_version=\u00a0\u00bb4.17.6&Prime; _module_preset=\u00a0\u00bbdefault\u00a0\u00bb global_colors_info=\u00a0\u00bb{}\u00a0\u00bb][revslider_divi revslider_divi=\u00a0\u00bb%91rev_slider alias=%22travel-agent-patrick%22 slidertitle=%22Travel Agent &#8211; Patrick%22%93%91\/rev_slider%93&Prime; _builder_version=\u00a0\u00bb4.17.6&Prime; _module_preset=\u00a0\u00bbdefault\u00a0\u00bb global_colors_info=\u00a0\u00bb{}\u00a0\u00bb][\/revslider_divi][\/et_pb_column][\/et_pb_row][\/et_pb_section]<\/p>\n","protected":false},"excerpt":{"rendered":"<p><div class=\"trip-overlay\"><div class=\"trip-title\"><h1>Tuiles de voyage avec titre &#8211; Croisi\u00e8res uniquement<\/h1><\/div><\/div>\u00catre un professionnel du voyage VACAYA agr\u00e9\u00e9 est un hommage \u00e0 votre connaissance du produit VACAYA et \u00e0 la valeur que votre agence apporte \u00e0 nos clients communs. La vente et le marketing avec VACAYA d\u00e9bloqueront de pr\u00e9cieux avantages et opportunit\u00e9s de r\u00e9mun\u00e9ration. Merci d&rsquo;avance de tirer parti de ces ressources et de soutenir nos [&hellip;]<\/p>\n","protected":false},"author":1,"featured_media":0,"parent":84491,"menu_order":0,"comment_status":"closed","ping_status":"closed","template":"","meta":{"_acf_changed":false,"_et_pb_use_builder":"on","_et_pb_old_content":"","_et_gb_content_width":"","_monsterinsights_skip_tracking":false,"_monsterinsights_sitenote_active":false,"_monsterinsights_sitenote_note":"","_monsterinsights_sitenote_category":0,"footnotes":""},"class_list":["post-84619","page","type-page","status-publish","hentry"],"acf":[],"_links":{"self":[{"href":"https:\/\/www.myvacaya.com\/fr\/wp-json\/wp\/v2\/pages\/84619","targetHints":{"allow":["GET"]}}],"collection":[{"href":"https:\/\/www.myvacaya.com\/fr\/wp-json\/wp\/v2\/pages"}],"about":[{"href":"https:\/\/www.myvacaya.com\/fr\/wp-json\/wp\/v2\/types\/page"}],"author":[{"embeddable":true,"href":"https:\/\/www.myvacaya.com\/fr\/wp-json\/wp\/v2\/users\/1"}],"replies":[{"embeddable":true,"href":"https:\/\/www.myvacaya.com\/fr\/wp-json\/wp\/v2\/comments?post=84619"}],"version-history":[{"count":1,"href":"https:\/\/www.myvacaya.com\/fr\/wp-json\/wp\/v2\/pages\/84619\/revisions"}],"predecessor-version":[{"id":84640,"href":"https:\/\/www.myvacaya.com\/fr\/wp-json\/wp\/v2\/pages\/84619\/revisions\/84640"}],"up":[{"embeddable":true,"href":"https:\/\/www.myvacaya.com\/fr\/wp-json\/wp\/v2\/pages\/84491"}],"wp:attachment":[{"href":"https:\/\/www.myvacaya.com\/fr\/wp-json\/wp\/v2\/media?parent=84619"}],"curies":[{"name":"wp","href":"https:\/\/api.w.org\/{rel}","templated":true}]}}