{"id":84599,"date":"2019-03-19T11:31:01","date_gmt":"2019-03-19T15:31:01","guid":{"rendered":"https:\/\/www.myvacaya.com\/marche\/"},"modified":"2023-08-02T16:45:39","modified_gmt":"2023-08-02T20:45:39","slug":"marche","status":"publish","type":"page","link":"https:\/\/www.myvacaya.com\/fr\/marche\/","title":{"rendered":"March\u00e9"},"content":{"rendered":"<p>[et_pb_section fb_built=\u00a0\u00bb1&Prime; fullwidth=\u00a0\u00bbon\u00a0\u00bb admin_label=\u00a0\u00bbSlider\u00a0\u00bb module_id=\u00a0\u00bbslider-section-interieur\u00a0\u00bb _builder_version=\u00a0\u00bb4.17.6&Prime; _module_preset=\u00a0\u00bbdefault\u00a0\u00bb background_enable_image=\u00a0\u00bboff\u00a0\u00bb global_colors_info=\u00a0\u00bb{}\u00a0\u00bb][et_pb_fullwidth_code admin_label=\u00a0\u00bbSlider Overlay\u00a0\u00bb module_class=\u00a0\u00bbinterior-page-overlay\u00a0\u00bb _builder_version=\u00a0\u00bb4.17.6&Prime; _module_preset=\u00a0\u00bbdefault\u00a0\u00bb positioning=\u00a0\u00bbabsolute\u00a0\u00bb position_origin_a=\u00a0\u00bbtop_right\u00a0\u00bb position_origin_f=\u00a0\u00bbtop_right\u00a0\u00bb z_index=\u00a0\u00bb100&Prime; width=\u00a0\u00bb50%\u00a0\u00bb width_tablet=\u00a0\u00bb50%\u00a0\u00bb width_phone=\u00a0\u00bb100%\u00a0\u00bb width_last_edited=\u00a0\u00bbon|phone\u00a0\u00bb height=\u00a0\u00bb100vh\u00a0\u00bb hover_enabled=\u00a0\u00bb0&Prime; global_colors_info=\u00a0\u00bb{}\u00a0\u00bb sticky_enabled=\u00a0\u00bb0&Prime;]<div class=\"trip-overlay\"><div class=\"trip-title\"><h1>March\u00e9<\/h1><\/div><\/div>[\/et_pb_fullwidth_code][et_pb_fullwidth_slider show_arrows=\u00a0\u00bboff\u00a0\u00bb admin_label=\u00a0\u00bbSlider Images\u00a0\u00bb module_id=\u00a0\u00bbslider-images\u00a0\u00bb _builder_version=\u00a0\u00bb4.17.6&Prime; _module_preset=\u00a0\u00bbdefault\u00a0\u00bb height=\u00a0\u00bb100vh\u00a0\u00bb auto=\u00a0\u00bbon\u00a0\u00bb global_colors_info=\u00a0\u00bb{}\u00a0\u00bb][et_pb_slide _builder_version=\u00a0\u00bb4.17.6&Prime; _module_preset=\u00a0\u00bbdefault\u00a0\u00bb background_color=\u00a0\u00bbRGBA(255,255,255,0)\u00a0\u00bb background_enable_color=\u00a0\u00bbon\u00a0\u00bb background_image=\u00a0\u00bbhttps:\/\/www.myvacaya.com\/wp-content\/uploads\/2022\/09\/VACAYA-Marketplace-1.jpg\u00a0\u00bb background_enable_image=\u00a0\u00bbon\u00a0\u00bb background_last_edited=\u00a0\u00bbon|desktop\u00a0\u00bb background_image_phone=\u00a0\u00bbhttps:\/\/www.myvacaya.com\/wp-content\/uploads\/2022\/11\/vacaya-our-name-mobile-414&#215;500-1.jpg\u00a0\u00bb background_enable_image_phone=\u00a0\u00bbon\u00a0\u00bb global_colors_info=\u00a0\u00bb{}\u00a0\u00bb sticky_transition=\u00a0\u00bbon\u00a0\u00bb][\/et_pb_slide][\/et_pb_fullwidth_slider][\/et_pb_section][et_pb_section fb_built=\u00a0\u00bb1&Prime; custom_padding_last_edited=\u00a0\u00bbon|phone\u00a0\u00bb _builder_version=\u00a0\u00bb4.17.6&Prime; _module_preset=\u00a0\u00bbdefault\u00a0\u00bb custom_padding=\u00a0\u00bb||||false|false\u00a0\u00bb custom_padding_tablet=\u00a0\u00bb||||false|false\u00a0\u00bb custom_padding_phone=\u00a0\u00bb||||false|false\u00a0\u00bb global_colors_info=\u00a0\u00bb{}\u00a0\u00bb][et_pb_row custom_padding_last_edited=\u00a0\u00bbon|desktop\u00a0\u00bb _builder_version=\u00a0\u00bb4.17.6&Prime; _module_preset=\u00a0\u00bbdefault\u00a0\u00bb custom_padding=\u00a0\u00bb||||false|false\u00a0\u00bb custom_padding_tablet=\u00a0\u00bb||||false|false\u00a0\u00bb custom_padding_phone=\u00a0\u00bb||||false|false\u00a0\u00bb global_colors_info=\u00a0\u00bb{}\u00a0\u00bb][et_pb_column type=\u00a0\u00bb4_4&Prime; _builder_version=\u00a0\u00bb4.17.6&Prime; _module_preset=\u00a0\u00bbdefault\u00a0\u00bb global_colors_info=\u00a0\u00bb{}\u00a0\u00bb][et_pb_text admin_label=\u00a0\u00bbSection Title &#8211; H3&Prime; _builder_version=\u00a0\u00bb4.17.6&Prime; _module_preset=\u00a0\u00bbdefault\u00a0\u00bb header_3_font=\u00a0\u00bbFutura Bold|||on|||||\u00a0\u00bb header_3_text_align=\u00a0\u00bbcenter\u00a0\u00bb header_3_text_color=\u00a0\u00bb#000000&Prime; header_3_font_size=\u00a0\u00bb18px\u00a0\u00bb header_3_letter_spacing=\u00a0\u00bb1.8px\u00a0\u00bb header_3_line_height=\u00a0\u00bb24px\u00a0\u00bb custom_margin=\u00a0\u00bb||||false|false\u00a0\u00bb custom_margin_tablet=\u00a0\u00bb||||false|false\u00a0\u00bb custom_margin_phone=\u00a0\u00bb||||false|false\u00a0\u00bb custom_margin_last_edited=\u00a0\u00bbon|phone\u00a0\u00bb custom_padding=\u00a0\u00bb||||false|false\u00a0\u00bb custom_padding_tablet=\u00a0\u00bb||||false|false\u00a0\u00bb custom_padding_phone=\u00a0\u00bb||||false|false\u00a0\u00bb custom_padding_last_edited=\u00a0\u00bbon|phone\u00a0\u00bb global_colors_info=\u00a0\u00bb{}\u00a0\u00bb]<\/p>\n<h3>Montrez votre esprit VACAYA avec le dernier V Gear&nbsp;!<\/h3>\n<p>[\/et_pb_text][et_pb_text admin_label=\u00a0\u00bbText\u00a0\u00bb _builder_version=\u00a0\u00bb4.17.6&Prime; _module_preset=\u00a0\u00bbdefault\u00a0\u00bb custom_margin=\u00a0\u00bb||||false|false\u00a0\u00bb custom_margin_tablet=\u00a0\u00bb||||false|false\u00a0\u00bb custom_margin_phone=\u00a0\u00bb||||false|false\u00a0\u00bb custom_margin_last_edited=\u00a0\u00bbon|phone\u00a0\u00bb global_colors_info=\u00a0\u00bb{}\u00a0\u00bb]Nous sommes tr\u00e8s heureux d&rsquo;annoncer le lancement de notre nouveau Marketplace. Des t-shirts et d\u00e9bardeurs VACAYA aux sweats \u00e0 capuche et jet\u00e9s arc-en-ciel, tout ce que vous pourriez vouloir montrer votre soutien \u00e0 VACAYA se trouve ici. Cliquez simplement sur le gros bouton rose ci-dessous et magasinez jusqu&rsquo;\u00e0 ce que vous en ayez envie&nbsp;!<br \/>\n&nbsp;<br \/>\n<img loading=\"lazy\" decoding=\"async\" class=\"aligncenter wp-image-20744\" src=\"https:\/\/www.myvacaya.com\/wp-content\/uploads\/2020\/11\/Screen-Shot-2020-11-26-at-9.34.37-AM-300x163.png\" alt=\"\" width=\"600\" height=\"327\" srcset=\"https:\/\/www.myvacaya.com\/wp-content\/uploads\/2020\/11\/Screen-Shot-2020-11-26-at-9.34.37-AM-300x163.png 300w, https:\/\/www.myvacaya.com\/wp-content\/uploads\/2020\/11\/Screen-Shot-2020-11-26-at-9.34.37-AM-768x418.png 768w, https:\/\/www.myvacaya.com\/wp-content\/uploads\/2020\/11\/Screen-Shot-2020-11-26-at-9.34.37-AM-1024x557.png 1024w\" sizes=\"(max-width: 600px) 100vw, 600px\" \/><br \/>\n&nbsp;<br \/>\n<a class=\"btn-pink-inline\" href=\"https:\/\/vacaya-stuff.myshopify.com\/?key=9e06379e8861f1d7c56f6a33e1cfd66f9b587c0f0fd34306c5f6ce13884b5b03&amp;utm_source=VACAYA+NEWSLETTER&amp;utm_campaign=ab2d605ed8-thanksgiving_2020_enewsletter_11242020&amp;utm_medium=email&amp;utm_term=0_c5170e1c40-ab2d605ed8-149567581\" target=\"_blank\" rel=\"noopener\"><span class=\"link-inside\">VISITEZ LA PLACE DE MARCH\u00c9 DES MARCHANDISES VACAYA<\/span><\/a>[\/et_pb_text][et_pb_text admin_label=\u00a0\u00bbSection Title &#8211; H3&Prime; _builder_version=\u00a0\u00bb4.17.6&Prime; _module_preset=\u00a0\u00bbdefault\u00a0\u00bb header_3_font=\u00a0\u00bbFutura Bold|||on|||||\u00a0\u00bb header_3_text_align=\u00a0\u00bbcenter\u00a0\u00bb header_3_text_color=\u00a0\u00bb#000000&Prime; header_3_font_size=\u00a0\u00bb18px\u00a0\u00bb header_3_letter_spacing=\u00a0\u00bb1.8px\u00a0\u00bb header_3_line_height=\u00a0\u00bb24px\u00a0\u00bb custom_margin=\u00a0\u00bb||||false|false\u00a0\u00bb custom_margin_tablet=\u00a0\u00bb||||false|false\u00a0\u00bb custom_margin_phone=\u00a0\u00bb||||false|false\u00a0\u00bb custom_margin_last_edited=\u00a0\u00bbon|phone\u00a0\u00bb custom_padding=\u00a0\u00bb||||false|false\u00a0\u00bb custom_padding_tablet=\u00a0\u00bb||||false|false\u00a0\u00bb custom_padding_phone=\u00a0\u00bb||||false|false\u00a0\u00bb custom_padding_last_edited=\u00a0\u00bbon|phone\u00a0\u00bb global_colors_info=\u00a0\u00bb{}\u00a0\u00bb]<\/p>\n<h3>IMPRESSION \u00c0 LA DEMANDE VACAYA<\/h3>\n<p>[\/et_pb_text][et_pb_text admin_label=\u00a0\u00bbText\u00a0\u00bb _builder_version=\u00a0\u00bb4.17.6&Prime; _module_preset=\u00a0\u00bbdefault\u00a0\u00bb header_4_font=\u00a0\u00bb|||on|||||\u00a0\u00bb header_4_text_align=\u00a0\u00bbcenter\u00a0\u00bb custom_margin=\u00a0\u00bb||||false|false\u00a0\u00bb custom_margin_tablet=\u00a0\u00bb||||false|false\u00a0\u00bb custom_margin_phone=\u00a0\u00bb||||false|false\u00a0\u00bb custom_margin_last_edited=\u00a0\u00bbon|phone\u00a0\u00bb global_colors_info=\u00a0\u00bb{}\u00a0\u00bb]<\/p>\n<h4>Impression professionnelle \u00e0 prix co\u00fbtant, livr\u00e9e chez vous !<\/h4>\n<p>&nbsp;<br \/>\nBienvenue dans la boutique d&rsquo;impression \u00e0 la demande de VACAYA. Ici, vous trouverez de superbes ressources VACAYA imprim\u00e9es par des professionnels, telles que des cartes postales, des d\u00e9pliants, des documents de tirage au sort et des autocollants que vous pouvez partager avec vos amis et vos clients. Beaucoup sont m\u00eame personnalisables avec vos informations de contact\/agence. Si vous vivez aux \u00c9tats-Unis, votre commande vous sera exp\u00e9di\u00e9e directement en quelques jours. Les commandes internationales prennent juste un peu plus de temps. Sur la base de vos commentaires, nous ajouterons de nouvelles options tout le temps. Envoyez simplement vos suggestions \u00e0 <a href=\"mailto:marketing@myvacaya.com\" target=\"_blank\" rel=\"noopener\">marketing@myvacaya.com<\/a> .<\/p>\n<p>La commande est intuitive, mais si vous avez besoin d&rsquo;un peu d&rsquo;aide suppl\u00e9mentaire, des instructions \u00e9tape par \u00e9tape peuvent \u00eatre trouv\u00e9es <a href=\"https:\/\/www.myvacaya.com\/wp-content\/uploads\/2019\/03\/VACAYA-OnDemand-Print-Shop-Instructions.pdf\" target=\"_blank\" rel=\"noopener\">ICI<\/a> .<\/p>\n<p><a href=\"https:\/\/myvacaya.privateprintstore.com\/\" target=\"_blank\" rel=\"noopener\"><img loading=\"lazy\" decoding=\"async\" class=\"aligncenter size-full wp-image-6374\" src=\"https:\/\/www.myvacaya.com\/wp-content\/uploads\/2019\/03\/PRINT-SHOP.png\" alt=\"\" width=\"1100\" height=\"340\" srcset=\"https:\/\/www.myvacaya.com\/wp-content\/uploads\/2019\/03\/PRINT-SHOP.png 1100w, https:\/\/www.myvacaya.com\/wp-content\/uploads\/2019\/03\/PRINT-SHOP-300x93.png 300w, https:\/\/www.myvacaya.com\/wp-content\/uploads\/2019\/03\/PRINT-SHOP-768x237.png 768w, https:\/\/www.myvacaya.com\/wp-content\/uploads\/2019\/03\/PRINT-SHOP-1024x317.png 1024w\" sizes=\"(max-width: 1100px) 100vw, 1100px\" \/><\/a><\/p>\n<p><a class=\"btn-pink-inline\" href=\"https:\/\/myvacaya.privateprintstore.com\/\" target=\"_blank\" rel=\"noopener\"><span class=\"link-inside\">Entrez dans l&rsquo;atelier d&rsquo;impression \u00e0 la demande<\/span><\/a>[\/et_pb_text][\/et_pb_column][\/et_pb_row][\/et_pb_section]<\/p>\n","protected":false},"excerpt":{"rendered":"<p><div class=\"trip-overlay\"><div class=\"trip-title\"><h1>Tuiles de voyage avec titre &#8211; Croisi\u00e8res uniquement<\/h1><\/div><\/div>Montrez votre esprit VACAYA avec le dernier V Gear&nbsp;!Nous sommes tr\u00e8s heureux d&rsquo;annoncer le lancement de notre nouveau Marketplace. Des t-shirts et d\u00e9bardeurs VACAYA aux sweats \u00e0 capuche et jet\u00e9s arc-en-ciel, tout ce que vous pourriez vouloir montrer votre soutien \u00e0 VACAYA se trouve ici. Cliquez simplement sur le gros bouton rose ci-dessous et magasinez [&hellip;]<\/p>\n","protected":false},"author":4,"featured_media":0,"parent":0,"menu_order":0,"comment_status":"closed","ping_status":"closed","template":"","meta":{"_acf_changed":false,"_et_pb_use_builder":"on","_et_pb_old_content":"","_et_gb_content_width":"","_monsterinsights_skip_tracking":false,"_monsterinsights_sitenote_active":false,"_monsterinsights_sitenote_note":"","_monsterinsights_sitenote_category":0,"footnotes":""},"class_list":["post-84599","page","type-page","status-publish","hentry"],"acf":[],"_links":{"self":[{"href":"https:\/\/www.myvacaya.com\/fr\/wp-json\/wp\/v2\/pages\/84599","targetHints":{"allow":["GET"]}}],"collection":[{"href":"https:\/\/www.myvacaya.com\/fr\/wp-json\/wp\/v2\/pages"}],"about":[{"href":"https:\/\/www.myvacaya.com\/fr\/wp-json\/wp\/v2\/types\/page"}],"author":[{"embeddable":true,"href":"https:\/\/www.myvacaya.com\/fr\/wp-json\/wp\/v2\/users\/4"}],"replies":[{"embeddable":true,"href":"https:\/\/www.myvacaya.com\/fr\/wp-json\/wp\/v2\/comments?post=84599"}],"version-history":[{"count":10,"href":"https:\/\/www.myvacaya.com\/fr\/wp-json\/wp\/v2\/pages\/84599\/revisions"}],"predecessor-version":[{"id":84664,"href":"https:\/\/www.myvacaya.com\/fr\/wp-json\/wp\/v2\/pages\/84599\/revisions\/84664"}],"wp:attachment":[{"href":"https:\/\/www.myvacaya.com\/fr\/wp-json\/wp\/v2\/media?parent=84599"}],"curies":[{"name":"wp","href":"https:\/\/api.w.org\/{rel}","templated":true}]}}