{"id":84461,"date":"2018-02-10T15:14:43","date_gmt":"2018-02-10T20:14:43","guid":{"rendered":"https:\/\/www.myvacaya.com\/a-propos-de-vacaya\/carrieres\/"},"modified":"2026-01-06T09:49:02","modified_gmt":"2026-01-06T14:49:02","slug":"carrieres","status":"publish","type":"page","link":"https:\/\/www.myvacaya.com\/fr\/a-propos-de-vacaya\/carrieres\/","title":{"rendered":"Carri\u00e8res"},"content":{"rendered":"<p>[et_pb_section fb_built=\u00a0\u00bb1&Prime; fullwidth=\u00a0\u00bbon\u00a0\u00bb admin_label=\u00a0\u00bbSlider\u00a0\u00bb module_id=\u00a0\u00bbslider-section-interieur\u00a0\u00bb _builder_version=\u00a0\u00bb4.17.6&Prime; _module_preset=\u00a0\u00bbdefault\u00a0\u00bb background_enable_image=\u00a0\u00bboff\u00a0\u00bb global_colors_info=\u00a0\u00bb{}\u00a0\u00bb][et_pb_fullwidth_code admin_label=\u00a0\u00bbSlider Overlay\u00a0\u00bb module_class=\u00a0\u00bbinterior-page-overlay\u00a0\u00bb _builder_version=\u00a0\u00bb4.17.6&Prime; _module_preset=\u00a0\u00bbdefault\u00a0\u00bb positioning=\u00a0\u00bbabsolute\u00a0\u00bb position_origin_a=\u00a0\u00bbtop_right\u00a0\u00bb position_origin_f=\u00a0\u00bbtop_right\u00a0\u00bb z_index=\u00a0\u00bb100&Prime; width=\u00a0\u00bb50%\u00a0\u00bb width_tablet=\u00a0\u00bb50%\u00a0\u00bb width_phone=\u00a0\u00bb100%\u00a0\u00bb width_last_edited=\u00a0\u00bbon|phone\u00a0\u00bb height=\u00a0\u00bb100vh\u00a0\u00bb global_colors_info=\u00a0\u00bb{}\u00a0\u00bb]<div class=\"trip-overlay\"><div class=\"trip-title\"><h1>Carri\u00e8res<\/h1><\/div><\/div>[\/et_pb_fullwidth_code][et_pb_fullwidth_slider show_arrows=\u00a0\u00bboff\u00a0\u00bb admin_label=\u00a0\u00bbSlider Images\u00a0\u00bb module_id=\u00a0\u00bbslider-images\u00a0\u00bb _builder_version=\u00a0\u00bb4.17.6&Prime; _module_preset=\u00a0\u00bbdefault\u00a0\u00bb height=\u00a0\u00bb100vh\u00a0\u00bb auto=\u00a0\u00bbon\u00a0\u00bb global_colors_info=\u00a0\u00bb{}\u00a0\u00bb][et_pb_slide _builder_version=\u00a0\u00bb4.17.6&Prime; _module_preset=\u00a0\u00bbdefault\u00a0\u00bb background_color=\u00a0\u00bbRGBA(255,255,255,0)\u00a0\u00bb background_enable_color=\u00a0\u00bbon\u00a0\u00bb background_image=\u00a0\u00bbhttps:\/\/www.myvacaya.com\/wp-content\/uploads\/2022\/09\/GettyImages-900637248-v1b.png\u00a0\u00bb background_enable_image=\u00a0\u00bbon\u00a0\u00bb background_last_edited=\u00a0\u00bbon|desktop\u00a0\u00bb background_image_phone=\u00a0\u00bbhttps:\/\/www.myvacaya.com\/wp-content\/uploads\/2022\/11\/careers-mobile-414&#215;500-1.jpg\u00a0\u00bb background_enable_image_phone=\u00a0\u00bbon\u00a0\u00bb global_colors_info=\u00a0\u00bb{}\u00a0\u00bb sticky_transition=\u00a0\u00bbon\u00a0\u00bb][\/et_pb_slide][\/et_pb_fullwidth_slider][\/et_pb_section][et_pb_section fb_built=\u00a0\u00bb1&Prime; custom_padding_last_edited=\u00a0\u00bbon|phone\u00a0\u00bb _builder_version=\u00a0\u00bb4.17.6&Prime; _module_preset=\u00a0\u00bbdefault\u00a0\u00bb custom_padding=\u00a0\u00bb||0%||false|false\u00a0\u00bb custom_padding_tablet=\u00a0\u00bb||||false|false\u00a0\u00bb custom_padding_phone=\u00a0\u00bb||||false|false\u00a0\u00bb global_colors_info=\u00a0\u00bb{}\u00a0\u00bb][et_pb_row _builder_version=\u00a0\u00bb4.17.6&Prime; _module_preset=\u00a0\u00bbdefault\u00a0\u00bb custom_padding=\u00a0\u00bb||0%||false|false\u00a0\u00bb global_colors_info=\u00a0\u00bb{}\u00a0\u00bb][et_pb_column type=\u00a0\u00bb4_4&Prime; _builder_version=\u00a0\u00bb4.17.6&Prime; _module_preset=\u00a0\u00bbdefault\u00a0\u00bb global_colors_info=\u00a0\u00bb{}\u00a0\u00bb][et_pb_text _builder_version=\u00a0\u00bb4.27.4&Prime; _module_preset=\u00a0\u00bbdefault\u00a0\u00bb custom_margin=\u00a0\u00bb||||false|false\u00a0\u00bb custom_margin_tablet=\u00a0\u00bb||||false|false\u00a0\u00bb custom_margin_phone=\u00a0\u00bb||||false|false\u00a0\u00bb custom_margin_last_edited=\u00a0\u00bbon|phone\u00a0\u00bb custom_padding=\u00a0\u00bb||4%||false|false\u00a0\u00bb custom_padding_tablet=\u00a0\u00bb||4%||false|false\u00a0\u00bb custom_padding_phone=\u00a0\u00bb||40px||false|false\u00a0\u00bb custom_padding_last_edited=\u00a0\u00bbon|phone\u00a0\u00bb hover_enabled=\u00a0\u00bb0&Prime; global_colors_info=\u00a0\u00bb{}\u00a0\u00bb sticky_enabled=\u00a0\u00bb0&Prime;]<\/p>\n<p>Chez VACAYA, nous sommes dans un voyage passionnant pour cr\u00e9er l&rsquo;une des marques de voyage les plus innovantes au monde. Au fur et \u00e0 mesure de notre croissance, nous r\u00e9unirons une \u00e9quipe fantastique de personnes qui comprennent la v\u00e9ritable importance du travail d&rsquo;\u00e9quipe.<\/p>\n<p>Les valeurs fondamentales de VACAYA guident la gestion quotidienne de notre entreprise. Nous nous effor\u00e7ons d&rsquo;\u00eatre r\u00e9fl\u00e9chis, g\u00e9n\u00e9reux, curieux, audacieux, flexibles, courtois, reconnaissants et, surtout, de faire ce qu&rsquo;il faut\u2026 les uns pour les autres, pour nos invit\u00e9s et pour nos partenaires de l&rsquo;industrie. Nous tous ici \u00e0 VACAYA faisons ce travail \u00e0 cause de la joie qui vient de la cr\u00e9ation et de l&rsquo;ex\u00e9cution. Nous sommes <i>toujours<\/i> une \u00e9quipe &#8211; travaillant ensemble pour donner vie \u00e0 la mission et \u00e0 la vision de VACAYA.<\/p>\n<p style=\"padding-left: 30px;\"><strong>NOTRE MISSION<\/strong><br \/> Pour r\u00e9aliser les r\u00eaves de vacances de tous les adultes qui croient que \u00ab l&rsquo;amour est l&rsquo;amour \u00bb, gr\u00e2ce \u00e0 notre engagement envers un service de classe mondiale hautement personnalis\u00e9, des exp\u00e9riences de qualit\u00e9 et un rapport qualit\u00e9-prix in\u00e9gal\u00e9.<\/p>\n<p style=\"padding-left: 30px;\"><strong>NOTRE VISION<\/strong><br \/> Nous croyons que des interactions constantes, \u00e9thiques et de qualit\u00e9 avec nos clients, nos partenaires commerciaux, nos employ\u00e9s et la communaut\u00e9 se traduiront par des relations fid\u00e8les et durables. VACAYA s&rsquo;engage \u00e0 aider \u00e0 rendre le monde meilleur en inspirant les invit\u00e9s \u00e0 faire du b\u00e9n\u00e9volat, \u00e0 faire des dons et \u00e0 promouvoir la compr\u00e9hension humaine envers les moins fortun\u00e9s au sein des communaut\u00e9s que nous visitons dans le monde entier. Notre succ\u00e8s est mesur\u00e9 par les clients qui choisissent de revenir chez nous encore et encore et qui encouragent leurs amis et leur famille \u00e0 faire \u00e9galement l&rsquo;exp\u00e9rience de VACAYA.<\/p>\n<p>Chez VACAYA, la personnalit\u00e9 et les tendances culturelles de chaque membre de l&rsquo;\u00e9quipe comptent autant que leurs comp\u00e9tences. Les Vacayans sont gentils, intelligents, en plus, capables d&rsquo;anticiper, intuitifs, passionn\u00e9s et respect\u00e9s dans toute l&rsquo;industrie.<\/p>\n<p>Notre espoir est de nous associer \u00e0 des personnes qui ont \u00e0 la fois le cerveau droit (cr\u00e9atif) et le cerveau gauche (logique) &#8211; capables d&rsquo;apporter une touche magique \u00e0 l&rsquo;exp\u00e9rience VACAYA tout en \u00e9tant tr\u00e8s attentifs \u00e0 notre entreprise.<\/p>\n<p>Au fur et \u00e0 mesure que des postes seront disponibles (et ils le seront), veuillez revenir ici pour obtenir des d\u00e9tails sp\u00e9cifiques et des instructions de soumission.<\/p>\n<p>&nbsp;<\/p>\n<h2 style=\"text-align: center;\"><span style=\"color: #800080;\">POSTES OUVERTS<\/span><\/h2>\n<p>&nbsp;<\/p>\n<p style=\"font-weight: 400; text-align: center;\">Il n&rsquo;y a actuellement aucun poste vacant.<\/p>\n<p>&nbsp;<\/p>\n<p>&nbsp;<\/p>\n<p style=\"font-weight: 400;\">VACAYA est un employeur qui respecte l&rsquo;\u00e9galit\u00e9 des chances. Nous accueillons les candidatures de personnes issues de milieux et d&rsquo;exp\u00e9riences de vie divers.<\/p>\n<h3 style=\"text-align: center;\"> <\/h3>\n<p>&nbsp;<\/p>\n<p>&nbsp;<\/p>\n<p>[\/et_pb_text][\/et_pb_column][\/et_pb_row][\/et_pb_section]<\/p>\n","protected":false},"excerpt":{"rendered":"<p><div class=\"trip-overlay\"><div class=\"trip-title\"><h1>Tuiles de voyage avec titre &#8211; Croisi\u00e8res uniquement<\/h1><\/div><\/div>Chez VACAYA, nous sommes dans un voyage passionnant pour cr\u00e9er l&rsquo;une des marques de voyage les plus innovantes au monde. Au fur et \u00e0 mesure de notre croissance, nous r\u00e9unirons une \u00e9quipe fantastique de personnes qui comprennent la v\u00e9ritable importance du travail d&rsquo;\u00e9quipe. Les valeurs fondamentales de VACAYA guident la gestion quotidienne de notre entreprise. [&hellip;]<\/p>\n","protected":false},"author":1,"featured_media":0,"parent":84421,"menu_order":0,"comment_status":"closed","ping_status":"closed","template":"","meta":{"_acf_changed":false,"_et_pb_use_builder":"on","_et_pb_old_content":"","_et_gb_content_width":"","_monsterinsights_skip_tracking":false,"_monsterinsights_sitenote_active":false,"_monsterinsights_sitenote_note":"","_monsterinsights_sitenote_category":0,"footnotes":""},"class_list":["post-84461","page","type-page","status-publish","hentry"],"acf":[],"_links":{"self":[{"href":"https:\/\/www.myvacaya.com\/fr\/wp-json\/wp\/v2\/pages\/84461","targetHints":{"allow":["GET"]}}],"collection":[{"href":"https:\/\/www.myvacaya.com\/fr\/wp-json\/wp\/v2\/pages"}],"about":[{"href":"https:\/\/www.myvacaya.com\/fr\/wp-json\/wp\/v2\/types\/page"}],"author":[{"embeddable":true,"href":"https:\/\/www.myvacaya.com\/fr\/wp-json\/wp\/v2\/users\/1"}],"replies":[{"embeddable":true,"href":"https:\/\/www.myvacaya.com\/fr\/wp-json\/wp\/v2\/comments?post=84461"}],"version-history":[{"count":19,"href":"https:\/\/www.myvacaya.com\/fr\/wp-json\/wp\/v2\/pages\/84461\/revisions"}],"predecessor-version":[{"id":188412,"href":"https:\/\/www.myvacaya.com\/fr\/wp-json\/wp\/v2\/pages\/84461\/revisions\/188412"}],"up":[{"embeddable":true,"href":"https:\/\/www.myvacaya.com\/fr\/wp-json\/wp\/v2\/pages\/84421"}],"wp:attachment":[{"href":"https:\/\/www.myvacaya.com\/fr\/wp-json\/wp\/v2\/media?parent=84461"}],"curies":[{"name":"wp","href":"https:\/\/api.w.org\/{rel}","templated":true}]}}