{"id":84453,"date":"2018-02-10T15:16:50","date_gmt":"2018-02-10T20:16:50","guid":{"rendered":"https:\/\/www.myvacaya.com\/ressources-pour-les-invites\/assurance-voyage\/"},"modified":"2024-04-30T14:15:45","modified_gmt":"2024-04-30T18:15:45","slug":"assurance-voyage","status":"publish","type":"page","link":"https:\/\/www.myvacaya.com\/fr\/ressources-pour-les-invites\/assurance-voyage\/","title":{"rendered":"Assurance voyage"},"content":{"rendered":"<p>[et_pb_section fb_built=\u00a0\u00bb1&Prime; fullwidth=\u00a0\u00bbon\u00a0\u00bb admin_label=\u00a0\u00bbSlider\u00a0\u00bb module_id=\u00a0\u00bbslider-section-interieur\u00a0\u00bb _builder_version=\u00a0\u00bb4.17.6&Prime; _module_preset=\u00a0\u00bbdefault\u00a0\u00bb background_enable_image=\u00a0\u00bboff\u00a0\u00bb global_colors_info=\u00a0\u00bb{}\u00a0\u00bb][et_pb_fullwidth_code admin_label=\u00a0\u00bbSlider Overlay\u00a0\u00bb module_class=\u00a0\u00bbinterior-page-overlay\u00a0\u00bb _builder_version=\u00a0\u00bb4.17.6&Prime; _module_preset=\u00a0\u00bbdefault\u00a0\u00bb positioning=\u00a0\u00bbabsolute\u00a0\u00bb position_origin_a=\u00a0\u00bbtop_right\u00a0\u00bb position_origin_f=\u00a0\u00bbtop_right\u00a0\u00bb z_index=\u00a0\u00bb100&Prime; width=\u00a0\u00bb50%\u00a0\u00bb width_tablet=\u00a0\u00bb50%\u00a0\u00bb width_phone=\u00a0\u00bb100%\u00a0\u00bb width_last_edited=\u00a0\u00bbon|phone\u00a0\u00bb height=\u00a0\u00bb100vh\u00a0\u00bb global_colors_info=\u00a0\u00bb{}\u00a0\u00bb]<div class=\"trip-overlay\"><div class=\"trip-title\"><h1>Assurance voyage<\/h1><\/div><\/div>[\/et_pb_fullwidth_code][et_pb_fullwidth_slider show_arrows=\u00a0\u00bboff\u00a0\u00bb admin_label=\u00a0\u00bbSlider Images\u00a0\u00bb module_id=\u00a0\u00bbslider-images\u00a0\u00bb _builder_version=\u00a0\u00bb4.17.6&Prime; _module_preset=\u00a0\u00bbdefault\u00a0\u00bb height=\u00a0\u00bb100vh\u00a0\u00bb auto=\u00a0\u00bbon\u00a0\u00bb global_colors_info=\u00a0\u00bb{}\u00a0\u00bb][et_pb_slide _builder_version=\u00a0\u00bb4.17.6&Prime; _module_preset=\u00a0\u00bbdefault\u00a0\u00bb background_color=\u00a0\u00bbRGBA(255,255,255,0)\u00a0\u00bb background_enable_color=\u00a0\u00bbon\u00a0\u00bb background_image=\u00a0\u00bbhttps:\/\/www.myvacaya.com\/wp-content\/uploads\/2022\/09\/travel-insurance.jpg\u00a0\u00bb background_enable_image=\u00a0\u00bbon\u00a0\u00bb background_last_edited=\u00a0\u00bbon|desktop\u00a0\u00bb background_image_phone=\u00a0\u00bbhttps:\/\/www.myvacaya.com\/wp-content\/uploads\/2022\/11\/travel-insurancefb-1200&#215;630-1.png\u00a0\u00bb background_enable_image_phone=\u00a0\u00bbon\u00a0\u00bb global_colors_info=\u00a0\u00bb{}\u00a0\u00bb sticky_transition=\u00a0\u00bbon\u00a0\u00bb][\/et_pb_slide][\/et_pb_fullwidth_slider][\/et_pb_section][et_pb_section fb_built=\u00a0\u00bb1&Prime; custom_padding_last_edited=\u00a0\u00bbon|phone\u00a0\u00bb _builder_version=\u00a0\u00bb4.17.6&Prime; _module_preset=\u00a0\u00bbdefault\u00a0\u00bb custom_padding=\u00a0\u00bb||||false|false\u00a0\u00bb custom_padding_tablet=\u00a0\u00bb||||false|false\u00a0\u00bb custom_padding_phone=\u00a0\u00bb||||false|false\u00a0\u00bb global_colors_info=\u00a0\u00bb{}\u00a0\u00bb][et_pb_row custom_padding_last_edited=\u00a0\u00bbon|desktop\u00a0\u00bb _builder_version=\u00a0\u00bb4.17.6&Prime; _module_preset=\u00a0\u00bbdefault\u00a0\u00bb custom_padding=\u00a0\u00bb||||false|false\u00a0\u00bb custom_padding_tablet=\u00a0\u00bb||||false|false\u00a0\u00bb custom_padding_phone=\u00a0\u00bb||||false|false\u00a0\u00bb global_colors_info=\u00a0\u00bb{}\u00a0\u00bb][et_pb_column type=\u00a0\u00bb4_4&Prime; _builder_version=\u00a0\u00bb4.17.6&Prime; _module_preset=\u00a0\u00bbdefault\u00a0\u00bb global_colors_info=\u00a0\u00bb{}\u00a0\u00bb][et_pb_text _builder_version=\u00a0\u00bb4.23.4&Prime; _module_preset=\u00a0\u00bbdefault\u00a0\u00bb custom_margin=\u00a0\u00bb||||false|false\u00a0\u00bb custom_margin_tablet=\u00a0\u00bb||||false|false\u00a0\u00bb custom_margin_phone=\u00a0\u00bb||||false|false\u00a0\u00bb custom_margin_last_edited=\u00a0\u00bbon|phone\u00a0\u00bb hover_enabled=\u00a0\u00bb0&Prime; global_colors_info=\u00a0\u00bb{}\u00a0\u00bb sticky_enabled=\u00a0\u00bb0&Prime;]L&rsquo;assurance voyage peut \u00eatre un excellent investissement, en particulier lorsque vous voyagez vers des destinations exotiques, avez plusieurs correspondances ou envisagez de vous lancer dans des activit\u00e9s d&rsquo;aventure. VACAYA recommande fortement d&rsquo;acheter une police pour prot\u00e9ger vos dollars de vacances durement gagn\u00e9s. La cl\u00e9 est de choisir la bonne politique pour vos besoins sp\u00e9cifiques. Les \u00e9l\u00e9ments suivants peuvent vous aider \u00e0 trouver la bonne politique&nbsp;:<\/p>\n<ol>\n<li>V\u00e9rifiez si vos cartes de cr\u00e9dit, vos adh\u00e9sions \u00e0 un club automobile, votre couverture propri\u00e9taire\/locataire ou votre employeur fournissent des polices qui incluent une couverture pour les voyages \u00e0 l&rsquo;\u00e9tranger.<\/li>\n<li>Vous voulez toujours choisir une compagnie d&rsquo;assurance tierce pour fournir votre couverture. Vous aurez la possibilit\u00e9 de souscrire une police d&rsquo;assurance responsabilit\u00e9 civile ind\u00e9pendante \u00e0 la fin de votre r\u00e9servation en ligne avec nous.<\/li>\n<li>Faites attention \u00e0 la couverture des conditions m\u00e9dicales pr\u00e9existantes et assurez-vous que les dispositions de la police sont suffisamment larges pour chaque passager individuel. Par exemple, la couverture de groupe Medicare pour les personnes \u00e2g\u00e9es peut ne pas \u00eatre disponible pour un traitement en dehors des \u00c9tats-Unis. De nombreuses polices incluront une couverture pour les conditions m\u00e9dicales pr\u00e9existantes si vous souscrivez la police \u00e0 peu pr\u00e8s au m\u00eame moment o\u00f9 vous effectuez le d\u00e9p\u00f4t initial pour votre voyage.<\/li>\n<li>Les politiques qui incluent des dispositions d&rsquo;\u00e9vacuation sont pr\u00e9f\u00e9rables, en particulier lorsque vous voyagez dans des r\u00e9gions du tiers monde, car les normes m\u00e9dicales dans de nombreux pays sont inf\u00e9rieures \u00e0 celles des \u00c9tats-Unis.<\/li>\n<li>Examinez les conditions de protection contre le terrorisme dans la politique pour vous assurer qu&rsquo;elle inclut les zones environnantes d&rsquo;un incident terroriste, et pas seulement les villes sur l&rsquo;itin\u00e9raire.<\/li>\n<li>Si vous \u00eates un voyageur fr\u00e9quent, l&rsquo;acquisition d&rsquo;une police d&rsquo;assurance voyage annuelle peut \u00eatre une bonne affaire.<\/li>\n<li>Lorsque vous comparez des polices, ne pr\u00e9sumez pas que des polices \u00e0 prix similaire offrent une couverture identique. Examinez attentivement les motifs d&rsquo;annulation couverts et non couverts.<\/li>\n<li>Les polices \u00ab\u00a0Annuler pour quelque raison que ce soit\u00a0\u00bb sont co\u00fbteuses, mais effectuer une analyse des co\u00fbts suppl\u00e9mentaires pour ce type de couverture et vos besoins particuliers peut \u00e9viter des probl\u00e8mes plus tard.<\/li>\n<li>L&rsquo;assurance-vie temporaire est moins ch\u00e8re par l&rsquo;interm\u00e9diaire de votre courtier que les machines d&rsquo;assurance \u00e0 l&rsquo;a\u00e9roport.<\/li>\n<li>Une couverture suppl\u00e9mentaire pour les bagages est fortement conseill\u00e9e compte tenu de la responsabilit\u00e9 limit\u00e9e des compagnies a\u00e9riennes de 3 300 $ pour les vols int\u00e9rieurs \/ 1 600 $ pour les vols internationaux en cas de perte ou de retard des bagages.<\/li>\n<\/ol>\n<p>Pour plus d&rsquo;informations sur ce sujet, assurez-vous de lire le blog <strong><a href=\"https:\/\/www.myvacaya.com\/fr\/assurance-voyage-101\/\">Travel Insurance 101<\/a><\/strong> de Vacayan John Finen.[\/et_pb_text][\/et_pb_column][\/et_pb_row][\/et_pb_section]<\/p>\n","protected":false},"excerpt":{"rendered":"<p><div class=\"trip-overlay\"><div class=\"trip-title\"><h1>Tuiles de voyage avec titre &#8211; Croisi\u00e8res uniquement<\/h1><\/div><\/div>L&rsquo;assurance voyage peut \u00eatre un excellent investissement, en particulier lorsque vous voyagez vers des destinations exotiques, avez plusieurs correspondances ou envisagez de vous lancer dans des activit\u00e9s d&rsquo;aventure. VACAYA recommande fortement d&rsquo;acheter une police pour prot\u00e9ger vos dollars de vacances durement gagn\u00e9s. La cl\u00e9 est de choisir la bonne politique pour vos besoins sp\u00e9cifiques. Les [&hellip;]<\/p>\n","protected":false},"author":1,"featured_media":0,"parent":84426,"menu_order":0,"comment_status":"closed","ping_status":"closed","template":"","meta":{"_acf_changed":false,"_et_pb_use_builder":"on","_et_pb_old_content":"","_et_gb_content_width":"","_monsterinsights_skip_tracking":false,"_monsterinsights_sitenote_active":false,"_monsterinsights_sitenote_note":"","_monsterinsights_sitenote_category":0,"footnotes":""},"class_list":["post-84453","page","type-page","status-publish","hentry"],"acf":[],"_links":{"self":[{"href":"https:\/\/www.myvacaya.com\/fr\/wp-json\/wp\/v2\/pages\/84453","targetHints":{"allow":["GET"]}}],"collection":[{"href":"https:\/\/www.myvacaya.com\/fr\/wp-json\/wp\/v2\/pages"}],"about":[{"href":"https:\/\/www.myvacaya.com\/fr\/wp-json\/wp\/v2\/types\/page"}],"author":[{"embeddable":true,"href":"https:\/\/www.myvacaya.com\/fr\/wp-json\/wp\/v2\/users\/1"}],"replies":[{"embeddable":true,"href":"https:\/\/www.myvacaya.com\/fr\/wp-json\/wp\/v2\/comments?post=84453"}],"version-history":[{"count":5,"href":"https:\/\/www.myvacaya.com\/fr\/wp-json\/wp\/v2\/pages\/84453\/revisions"}],"predecessor-version":[{"id":151437,"href":"https:\/\/www.myvacaya.com\/fr\/wp-json\/wp\/v2\/pages\/84453\/revisions\/151437"}],"up":[{"embeddable":true,"href":"https:\/\/www.myvacaya.com\/fr\/wp-json\/wp\/v2\/pages\/84426"}],"wp:attachment":[{"href":"https:\/\/www.myvacaya.com\/fr\/wp-json\/wp\/v2\/media?parent=84453"}],"curies":[{"name":"wp","href":"https:\/\/api.w.org\/{rel}","templated":true}]}}