{"id":84438,"date":"2018-02-10T15:16:25","date_gmt":"2018-02-10T20:16:25","guid":{"rendered":"https:\/\/www.myvacaya.com\/ressources-pour-les-invites\/politique-de-confidentialite\/"},"modified":"2023-08-02T16:44:59","modified_gmt":"2023-08-02T20:44:59","slug":"politique-de-confidentialite","status":"publish","type":"page","link":"https:\/\/www.myvacaya.com\/fr\/ressources-pour-les-invites\/politique-de-confidentialite\/","title":{"rendered":"politique de confidentialit\u00e9"},"content":{"rendered":"<p>[et_pb_section fb_built=\u00a0\u00bb1&Prime; fullwidth=\u00a0\u00bbon\u00a0\u00bb admin_label=\u00a0\u00bbSlider\u00a0\u00bb module_id=\u00a0\u00bbslider-section-interieur\u00a0\u00bb _builder_version=\u00a0\u00bb4.17.6&Prime; _module_preset=\u00a0\u00bbdefault\u00a0\u00bb background_enable_image=\u00a0\u00bboff\u00a0\u00bb global_colors_info=\u00a0\u00bb{}\u00a0\u00bb][et_pb_fullwidth_code admin_label=\u00a0\u00bbSlider Overlay\u00a0\u00bb module_class=\u00a0\u00bbinterior-page-overlay\u00a0\u00bb _builder_version=\u00a0\u00bb4.17.6&Prime; _module_preset=\u00a0\u00bbdefault\u00a0\u00bb positioning=\u00a0\u00bbabsolute\u00a0\u00bb position_origin_a=\u00a0\u00bbtop_right\u00a0\u00bb position_origin_f=\u00a0\u00bbtop_right\u00a0\u00bb z_index=\u00a0\u00bb100&Prime; width=\u00a0\u00bb50%\u00a0\u00bb width_tablet=\u00a0\u00bb50%\u00a0\u00bb width_phone=\u00a0\u00bb100%\u00a0\u00bb width_last_edited=\u00a0\u00bbon|phone\u00a0\u00bb height=\u00a0\u00bb100vh\u00a0\u00bb hover_enabled=\u00a0\u00bb0&Prime; global_colors_info=\u00a0\u00bb{}\u00a0\u00bb sticky_enabled=\u00a0\u00bb0&Prime;]<div class=\"trip-overlay\"><div class=\"trip-title\"><h1>politique de confidentialit\u00e9<\/h1><\/div><\/div>[\/et_pb_fullwidth_code][et_pb_fullwidth_slider show_arrows=\u00a0\u00bboff\u00a0\u00bb admin_label=\u00a0\u00bbSlider Images\u00a0\u00bb module_id=\u00a0\u00bbslider-images\u00a0\u00bb _builder_version=\u00a0\u00bb4.17.6&Prime; _module_preset=\u00a0\u00bbdefault\u00a0\u00bb height=\u00a0\u00bb100vh\u00a0\u00bb auto=\u00a0\u00bbon\u00a0\u00bb global_colors_info=\u00a0\u00bb{}\u00a0\u00bb][et_pb_slide _builder_version=\u00a0\u00bb4.17.6&Prime; _module_preset=\u00a0\u00bbdefault\u00a0\u00bb background_color=\u00a0\u00bbRGBA(255,255,255,0)\u00a0\u00bb background_enable_color=\u00a0\u00bbon\u00a0\u00bb background_image=\u00a0\u00bbhttps:\/\/www.myvacaya.com\/wp-content\/uploads\/2022\/09\/privacy.jpg\u00a0\u00bb background_enable_image=\u00a0\u00bbon\u00a0\u00bb background_last_edited=\u00a0\u00bbon|desktop\u00a0\u00bb background_image_phone=\u00a0\u00bbhttps:\/\/www.myvacaya.com\/wp-content\/uploads\/2022\/11\/privacy-policy-mobile-414&#215;500-1.jpg\u00a0\u00bb background_enable_image_phone=\u00a0\u00bbon\u00a0\u00bb global_colors_info=\u00a0\u00bb{}\u00a0\u00bb sticky_transition=\u00a0\u00bbon\u00a0\u00bb][\/et_pb_slide][\/et_pb_fullwidth_slider][\/et_pb_section][et_pb_section fb_built=\u00a0\u00bb1&Prime; custom_padding_last_edited=\u00a0\u00bbon|phone\u00a0\u00bb _builder_version=\u00a0\u00bb4.17.6&Prime; _module_preset=\u00a0\u00bbdefault\u00a0\u00bb custom_padding=\u00a0\u00bb||||false|false\u00a0\u00bb custom_padding_tablet=\u00a0\u00bb||||false|false\u00a0\u00bb custom_padding_phone=\u00a0\u00bb||||false|false\u00a0\u00bb global_colors_info=\u00a0\u00bb{}\u00a0\u00bb][et_pb_row custom_padding_last_edited=\u00a0\u00bbon|desktop\u00a0\u00bb _builder_version=\u00a0\u00bb4.17.6&Prime; _module_preset=\u00a0\u00bbdefault\u00a0\u00bb custom_padding=\u00a0\u00bb||||false|false\u00a0\u00bb custom_padding_tablet=\u00a0\u00bb||||false|false\u00a0\u00bb custom_padding_phone=\u00a0\u00bb||||false|false\u00a0\u00bb global_colors_info=\u00a0\u00bb{}\u00a0\u00bb][et_pb_column type=\u00a0\u00bb4_4&Prime; _builder_version=\u00a0\u00bb4.17.6&Prime; _module_preset=\u00a0\u00bbdefault\u00a0\u00bb global_colors_info=\u00a0\u00bb{}\u00a0\u00bb][et_pb_text _builder_version=\u00a0\u00bb4.17.6&Prime; _module_preset=\u00a0\u00bbdefault\u00a0\u00bb custom_margin=\u00a0\u00bb||||false|false\u00a0\u00bb custom_margin_tablet=\u00a0\u00bb||||false|false\u00a0\u00bb custom_margin_phone=\u00a0\u00bb||||false|false\u00a0\u00bb custom_margin_last_edited=\u00a0\u00bbon|phone\u00a0\u00bb global_colors_info=\u00a0\u00bb{}\u00a0\u00bb]Cette politique de confidentialit\u00e9 (\u00ab\u00a0Politique\u00a0\u00bb) s&rsquo;applique aux informations re\u00e7ues par VACAYA (la \u00ab\u00a0Soci\u00e9t\u00e9\u00a0\u00bb). Cet avis d\u00e9crit notre politique de confidentialit\u00e9 (\u00ab\u00a0Politique\u00a0\u00bb) en ce qui concerne les donn\u00e9es collect\u00e9es via notre site Web, les fonctionnalit\u00e9s interactives, les applications, les widgets, les blogs, les r\u00e9seaux sociaux et les \u00ab\u00a0onglets\u00a0\u00bb de r\u00e9seau social ou d&rsquo;adh\u00e9sion, et d&rsquo;autres offres en ligne ou sans fil qui affichent un lien vers cette politique de confidentialit\u00e9, accessible via un ordinateur, un appareil mobile ou une autre technologie (ensemble, le \u00ab site Web \u00bb). Cette politique explique quelles informations nous recueillons \u00e0 votre sujet et ce que nous en faisons. La Soci\u00e9t\u00e9 se r\u00e9serve le droit de r\u00e9viser cette politique de confidentialit\u00e9 \u00e0 tout moment. Nous vous informerons de toute modification importante de la politique en publiant la nouvelle politique ici et en modifiant la date de \u00ab&nbsp;derni\u00e8re mise \u00e0 jour&nbsp;\u00bb en haut. Vous devriez lire p\u00e9riodiquement cette politique pour prendre connaissance de toute r\u00e9vision.<\/p>\n<p><strong>Quelles informations collectons-nous?<\/strong><br \/>\nVous nous fournissez volontairement des donn\u00e9es personnelles lorsque vous effectuez une action telle que faire une r\u00e9servation avec nous, demander des informations sur VACAYA, visiter le site Web ou par diverses autres m\u00e9thodes. Nous recueillons aupr\u00e8s de vous les informations de carte de cr\u00e9dit le cas \u00e9ch\u00e9ant, afin de faciliter vos achats. Nous collectons des informations personnelles identifiables individuellement (\u00ab\u00a0Donn\u00e9es personnelles\u00a0\u00bb) que vous nous fournissez telles que votre nom, votre adresse e-mail, votre adresse postale, votre num\u00e9ro de t\u00e9l\u00e9phone, votre code postal, votre pays, votre sexe, votre date de naissance, votre \u00e2ge, votre nom de membre ou d&rsquo;\u00e9cran, et mot de passe. En outre, vous pouvez choisir de fournir \u00e0 VACAYA des informations suppl\u00e9mentaires, notamment l&rsquo;\u00e9tat civil, le revenu du m\u00e9nage, l&rsquo;\u00e9ducation et le statut professionnel. Nos sondages sollicitent votre avis sur diverses questions. VACAYA offre la possibilit\u00e9 de transmettre des informations sur le site \u00e0 une autre personne par e-mail ou via les r\u00e9seaux sociaux. Si vous utilisez l&rsquo;un de ces services, nous utiliserons l&rsquo;adresse e-mail du destinataire ou votre signal de r\u00e9seau social afin d&rsquo;envoyer les informations et nous vous demanderons \u00e9galement votre adresse e-mail.<\/p>\n<p>Sur notre site Web, en plus des donn\u00e9es personnelles, nous collectons \u00e9galement des donn\u00e9es non personnellement identifiables, telles que (mais sans s&rsquo;y limiter) le nombre de visiteurs uniques, la fr\u00e9quence des visites sur le site Web, les pages du site Web consult\u00e9es, le site auquel le visiteur d&rsquo;arriv\u00e9e et de d\u00e9part, ainsi que l&rsquo;adresse IP de l&rsquo;ordinateur utilis\u00e9 pour acc\u00e9der au site Web.<\/p>\n<p><strong>Que faisons-nous des informations que nous collectons ?<\/strong><br \/>\nNous utilisons les donn\u00e9es personnelles que nous collectons pour fournir nos services et nous engager dans des activit\u00e9s de publicit\u00e9 et de marketing. Nous utilisons la carte de cr\u00e9dit et\/ou d&rsquo;autres informations financi\u00e8res que vous nous fournissez pour ex\u00e9cuter votre commande ou votre demande. La Soci\u00e9t\u00e9 prend des pr\u00e9cautions raisonnables afin d&rsquo;essayer d&rsquo;assurer la s\u00fbret\u00e9 et la s\u00e9curit\u00e9 des transactions en ligne de nos clients. Les num\u00e9ros de carte de cr\u00e9dit que vous entrez sur notre page Web de facturation sont crypt\u00e9s et transmis via la technologie SSL (Secure Sockets Layer). SSL est la norme de l&rsquo;industrie pour la s\u00e9curisation des transactions de messagerie Web.<\/p>\n<p>Nous recueillons votre adresse IP (un num\u00e9ro attribu\u00e9 par votre fournisseur d&rsquo;acc\u00e8s Internet \u00e0 votre ordinateur pour identifier son emplacement). Nous utilisons votre adresse IP pour aider \u00e0 diagnostiquer les probl\u00e8mes avec notre serveur et pour administrer ce site. Nous utilisons \u00e9galement parfois des adresses IP pour communiquer avec les membres et les abonn\u00e9s et peut-\u00eatre m\u00eame bannir les membres qui ne respectent pas nos conditions d&rsquo;utilisation.<\/p>\n<p><strong>Partageons-nous les informations que nous collectons avec des tiers ?<\/strong><br \/>\nNous partageons des donn\u00e9es personnelles ainsi que des donn\u00e9es non personnellement identifiables avec nos partenaires commerciaux\/fournisseurs pour fournir nos services, \u00e0 des fins d&rsquo;\u00e9tudes de march\u00e9 et de l&rsquo;industrie, \u00e0 des fins de publicit\u00e9 et de marketing, et pour d&rsquo;autres raisons.<\/p>\n<p>La Soci\u00e9t\u00e9 peut transf\u00e9rer toute information contenue dans ses bases de donn\u00e9es, y compris, mais sans s&rsquo;y limiter, les Donn\u00e9es personnelles, \u00e0 une soci\u00e9t\u00e9 affili\u00e9e ou \u00e0 un tiers dans le cadre d&rsquo;un transfert d&rsquo;actifs commerciaux.<\/p>\n<p>La Soci\u00e9t\u00e9 peut \u00e9galement divulguer des donn\u00e9es afin de se conformer \u00e0 toute proc\u00e9dure judiciaire, y compris les demandes des forces de l&rsquo;ordre et des agences gouvernementales, pour faire respecter les conditions d&rsquo;utilisation du site Web et d&rsquo;autres accords, et pour prot\u00e9ger les clients et les autres. Nous pouvons le faire lorsque nous pensons de bonne foi que la divulgation de ces informations est autrement n\u00e9cessaire ou conseill\u00e9e, y compris, par exemple, pour identifier, contacter ou intenter une action en justice contre une personne susceptible de causer un pr\u00e9judice ou d&rsquo;interf\u00e9rer avec les droits ou la propri\u00e9t\u00e9 de la Soci\u00e9t\u00e9, un autre utilisateur ou toute autre personne qui pourrait \u00eatre l\u00e9s\u00e9e par de telles activit\u00e9s.<\/p>\n<p>La Soci\u00e9t\u00e9 peut divulguer des donn\u00e9es personnelles lorsque nous avons des raisons de croire que la divulgation de ces informations est n\u00e9cessaire pour identifier, enqu\u00eater, contacter ou intenter une action en justice contre quelqu&rsquo;un qui pourrait causer des blessures ou des interf\u00e9rences avec (intentionnellement ou non) le site Web ou les droits ou propri\u00e9t\u00e9.<\/p>\n<p><strong>Utilisons-nous des cookies ?<\/strong><br \/>\nOui. Les cookies sont de petits fichiers de donn\u00e9es g\u00e9n\u00e9r\u00e9s par des serveurs Web et stock\u00e9s sur votre ordinateur pour un acc\u00e8s futur. Nous utilisons principalement des cookies pour am\u00e9liorer votre navigation sur notre site Web. Par exemple, un cookie peut vous permettre de continuer vos achats sans avoir \u00e0 ressaisir des articles d\u00e9j\u00e0 plac\u00e9s dans le panier. La majorit\u00e9 des navigateurs Web acceptent les cookies, mais le menu \u00ab\u00a0Aide\u00a0\u00bb de votre navigateur devrait vous proposer des options pour emp\u00eacher, accepter ou recevoir un avis de nouveaux cookies. Vous pouvez configurer votre navigateur Web pour d\u00e9sactiver les cookies, mais cela peut nuire \u00e0 votre utilisation du site Web.<\/p>\n<p><strong>Qu&rsquo;en est-il des liens tiers&nbsp;?<\/strong><br \/>\nCe site Web peut contenir des hyperliens vers d&rsquo;autres sites Web. La Soci\u00e9t\u00e9 n&rsquo;est pas responsable de leurs pratiques ou de leur contenu en mati\u00e8re de confidentialit\u00e9. Nous vous invitons \u00e0 consulter la politique de confidentialit\u00e9 de tout site Web que vous visitez.<\/p>\n<p><strong>S\u00e9curit\u00e9<\/strong><br \/>\nBien que la Soci\u00e9t\u00e9 s&rsquo;efforce de prot\u00e9ger les donn\u00e9es personnelles et la confidentialit\u00e9 des utilisateurs, nous ne pouvons garantir la s\u00e9curit\u00e9 des informations que vous divulguez en ligne et vous le faites \u00e0 vos risques et p\u00e9rils. Malheureusement, aucune transmission de donn\u00e9es sur Internet ne peut \u00eatre garantie \u00e0 100 % s\u00e9curis\u00e9e. Par cons\u00e9quent, alors que nous nous effor\u00e7ons de prot\u00e9ger vos donn\u00e9es personnelles, la Soci\u00e9t\u00e9 ne peut assurer ou garantir la s\u00e9curit\u00e9 des informations que vous nous transmettez ou de nos produits ou services en ligne, et vous le faites \u00e0 vos risques et p\u00e9rils. Une fois que nous recevons votre transmission, nous d\u00e9ployons des efforts raisonnables pour assurer sa s\u00e9curit\u00e9 sur nos syst\u00e8mes.<\/p>\n<p><strong>Publicit\u00e9 de tiers<\/strong><br \/>\nLes publicit\u00e9s apparaissant sur le site Web peuvent vous \u00eatre livr\u00e9es par l&rsquo;un de nos partenaires publicitaires. Nos partenaires publicitaires peuvent utiliser des cookies. Cela permet au r\u00e9seau publicitaire de reconna\u00eetre votre ordinateur chaque fois qu&rsquo;il vous envoie une publicit\u00e9 en ligne. De cette mani\u00e8re, les r\u00e9seaux publicitaires peuvent compiler des informations sur l&rsquo;endroit o\u00f9 vous, ou d&rsquo;autres utilisateurs de votre ordinateur, avez vu leurs publicit\u00e9s et d\u00e9terminer sur quelles publicit\u00e9s vous avez cliqu\u00e9. Ces informations permettent \u00e0 un r\u00e9seau publicitaire de diffuser des publicit\u00e9s cibl\u00e9es qui, selon lui, vous int\u00e9resseront le plus. VACAYA n&rsquo;a pas acc\u00e8s ni contr\u00f4le des cookies qui peuvent \u00eatre plac\u00e9s sur l&rsquo;ordinateur de toute utilisation par les serveurs publicitaires tiers ou les r\u00e9seaux publicitaires.<\/p>\n<p><strong>Avis aux r\u00e9sidents de Californie<\/strong><br \/>\nEn vertu de l&rsquo;article 1798.83 du Code civil de Californie, les r\u00e9sidents de Californie ont le droit de demander par \u00e9crit aux entreprises avec lesquelles ils ont une relation commerciale \u00e9tablie, (a) une liste des cat\u00e9gories d&rsquo;informations personnelles, telles que le nom, l&rsquo;adresse e-mail et l&rsquo;adresse postale et le type de services fournis au client, qu&rsquo;une entreprise a divulgu\u00e9es \u00e0 des tiers (y compris des soci\u00e9t\u00e9s affili\u00e9es qui sont des entit\u00e9s juridiques distinctes) au cours de la l&rsquo;ann\u00e9e civile pr\u00e9c\u00e9dente aux fins de marketing direct des tiers et (b) les noms et adresses de tous ces tiers. Pour demander les informations ci-dessus, veuillez nous contacter par e-mail \u00e0 <strong><a href=\"mailto:marketing@myvacaya.com\">marketing@myvacaya.com<\/a><\/strong> ou \u00e9crivez-nous \u00e0&nbsp;: Attn&nbsp;: California Privacy Rights Info Request, <strong><a href=\"mailto:info@myvacaya.com\">info@myvacaya.com<\/a><\/strong> . Nous r\u00e9pondrons \u00e0 ces demandes d&rsquo;acc\u00e8s aux informations dans les 30 jours suivant leur r\u00e9ception \u00e0 l&rsquo;adresse e-mail ou postale indiqu\u00e9e ci-dessus. Veuillez noter que nous ne sommes tenus de r\u00e9pondre \u00e0 chaque client qu&rsquo;une fois par ann\u00e9e civile.<\/p>\n<p>De plus, la loi californienne exige que nous indiquions si nous respectons les param\u00e8tres \u00ab\u00a0Ne pas suivre\u00a0\u00bb dans votre navigateur concernant la publicit\u00e9 cibl\u00e9e. Nous ne modifions pas actuellement nos pratiques lorsqu&rsquo;un signal Do Not Track est re\u00e7u. Pour en savoir plus sur Do Not Track et pour savoir comment refuser de recevoir des publicit\u00e9s cibl\u00e9es, veuillez cliquer sur <strong><a href=\"https:\/\/www.aboutads.info\/choices\" target=\"_blank\" rel=\"noopener\">www.aboutads.info\/choices<\/a><\/strong> .<\/p>\n<p><strong>Enfants<\/strong><br \/>\nLe site Web n&rsquo;est pas destin\u00e9 aux enfants et la Soci\u00e9t\u00e9 ne collecte pas intentionnellement de donn\u00e9es personnelles aupr\u00e8s d&rsquo;enfants. Si vous avez des raisons de croire que nous avons collect\u00e9 des donn\u00e9es personnelles aupr\u00e8s d&rsquo;une personne de moins de 13 ans, veuillez nous en informer.<\/p>\n<p><strong>Comment puis-je me d\u00e9sabonner ou me d\u00e9sabonner&nbsp;?<\/strong><br \/>\nTous les e-mails que vous recevrez de notre part contiendront des instructions sp\u00e9cifiques sur la fa\u00e7on de vous d\u00e9sabonner et vous pourrez vous d\u00e9sabonner \u00e0 tout moment.<\/p>\n<ul>\n<li>Suivez les instructions fournies dans tout e-mail de la Soci\u00e9t\u00e9&nbsp;; ou<\/li>\n<li>Envoyez un e-mail \u00e0 l&rsquo;adresse suivante&nbsp;: <strong><a href=\"mailto:info@myvacaya.com\">info@myvacaya.com<\/a><\/strong> , Attention&nbsp;: Questions sur la confidentialit\u00e9 du site Web<\/li>\n<\/ul>\n<p>Veuillez pr\u00e9voir jusqu&rsquo;\u00e0 2 semaines pour vous d\u00e9sabonner de tous les e-mails de la soci\u00e9t\u00e9.<\/p>\n<p><strong>R\u00e9clamations<\/strong><br \/>\nSi vous pensez que la soci\u00e9t\u00e9 a agi de mani\u00e8re incompatible avec cette politique, veuillez nous en informer \u00e0 l&rsquo;adresse ci-dessus \u00e0 <strong><a href=\"mailto:info@myvacaya.com\">info@myvacaya.com<\/a><\/strong> et nous essaierons de r\u00e9soudre votre probl\u00e8me.[\/et_pb_text][\/et_pb_column][\/et_pb_row][\/et_pb_section]<\/p>\n","protected":false},"excerpt":{"rendered":"<p><div class=\"trip-overlay\"><div class=\"trip-title\"><h1>Tuiles de voyage avec titre &#8211; Croisi\u00e8res uniquement<\/h1><\/div><\/div>Cette politique de confidentialit\u00e9 (\u00ab\u00a0Politique\u00a0\u00bb) s&rsquo;applique aux informations re\u00e7ues par VACAYA (la \u00ab\u00a0Soci\u00e9t\u00e9\u00a0\u00bb). Cet avis d\u00e9crit notre politique de confidentialit\u00e9 (\u00ab\u00a0Politique\u00a0\u00bb) en ce qui concerne les donn\u00e9es collect\u00e9es via notre site Web, les fonctionnalit\u00e9s interactives, les applications, les widgets, les blogs, les r\u00e9seaux sociaux et les \u00ab\u00a0onglets\u00a0\u00bb de r\u00e9seau social ou d&rsquo;adh\u00e9sion, et d&rsquo;autres offres [&hellip;]<\/p>\n","protected":false},"author":1,"featured_media":0,"parent":84426,"menu_order":0,"comment_status":"closed","ping_status":"closed","template":"","meta":{"_acf_changed":false,"_et_pb_use_builder":"on","_et_pb_old_content":"","_et_gb_content_width":"","_monsterinsights_skip_tracking":false,"_monsterinsights_sitenote_active":false,"_monsterinsights_sitenote_note":"","_monsterinsights_sitenote_category":0,"footnotes":""},"class_list":["post-84438","page","type-page","status-publish","hentry"],"acf":[],"_links":{"self":[{"href":"https:\/\/www.myvacaya.com\/fr\/wp-json\/wp\/v2\/pages\/84438","targetHints":{"allow":["GET"]}}],"collection":[{"href":"https:\/\/www.myvacaya.com\/fr\/wp-json\/wp\/v2\/pages"}],"about":[{"href":"https:\/\/www.myvacaya.com\/fr\/wp-json\/wp\/v2\/types\/page"}],"author":[{"embeddable":true,"href":"https:\/\/www.myvacaya.com\/fr\/wp-json\/wp\/v2\/users\/1"}],"replies":[{"embeddable":true,"href":"https:\/\/www.myvacaya.com\/fr\/wp-json\/wp\/v2\/comments?post=84438"}],"version-history":[{"count":1,"href":"https:\/\/www.myvacaya.com\/fr\/wp-json\/wp\/v2\/pages\/84438\/revisions"}],"predecessor-version":[{"id":84445,"href":"https:\/\/www.myvacaya.com\/fr\/wp-json\/wp\/v2\/pages\/84438\/revisions\/84445"}],"up":[{"embeddable":true,"href":"https:\/\/www.myvacaya.com\/fr\/wp-json\/wp\/v2\/pages\/84426"}],"wp:attachment":[{"href":"https:\/\/www.myvacaya.com\/fr\/wp-json\/wp\/v2\/media?parent=84438"}],"curies":[{"name":"wp","href":"https:\/\/api.w.org\/{rel}","templated":true}]}}