{"id":181164,"date":"2025-04-23T11:22:56","date_gmt":"2025-04-23T15:22:56","guid":{"rendered":"https:\/\/www.myvacaya.com\/bienvenue-slay-rangers\/"},"modified":"2025-04-23T11:50:01","modified_gmt":"2025-04-23T15:50:01","slug":"bienvenue-slay-rangers","status":"publish","type":"page","link":"https:\/\/www.myvacaya.com\/fr\/bienvenue-slay-rangers\/","title":{"rendered":"BIENVENUE SLAY RANGERS !"},"content":{"rendered":"<p>[et_pb_section fb_built=\u00a0\u00bb1&Prime; fullwidth=\u00a0\u00bbon\u00a0\u00bb admin_label=\u00a0\u00bbSlider\u00a0\u00bb module_id=\u00a0\u00bbslider-section-interieur\u00a0\u00bb _builder_version=\u00a0\u00bb4.17.6&Prime; _module_preset=\u00a0\u00bbdefault\u00a0\u00bb background_enable_image=\u00a0\u00bboff\u00a0\u00bb global_colors_info=\u00a0\u00bb{}\u00a0\u00bb][et_pb_fullwidth_code admin_label=\u00a0\u00bbSlider Overlay\u00a0\u00bb module_class=\u00a0\u00bbinterior-page-overlay\u00a0\u00bb _builder_version=\u00a0\u00bb4.17.6&Prime; _module_preset=\u00a0\u00bbdefault\u00a0\u00bb positioning=\u00a0\u00bbabsolute\u00a0\u00bb position_origin_a=\u00a0\u00bbtop_right\u00a0\u00bb position_origin_f=\u00a0\u00bbtop_right\u00a0\u00bb z_index=\u00a0\u00bb100&Prime; width=\u00a0\u00bb50%\u00a0\u00bb width_tablet=\u00a0\u00bb50%\u00a0\u00bb width_phone=\u00a0\u00bb100%\u00a0\u00bb width_last_edited=\u00a0\u00bbon|phone\u00a0\u00bb height=\u00a0\u00bb100vh\u00a0\u00bb global_colors_info=\u00a0\u00bb{}\u00a0\u00bb]<div class=\"trip-overlay\"><div class=\"trip-title\"><h1>BIENVENUE SLAY RANGERS !<\/h1><\/div><\/div>[\/et_pb_fullwidth_code][et_pb_fullwidth_slider show_arrows=\u00a0\u00bboff\u00a0\u00bb admin_label=\u00a0\u00bbSlider Images\u00a0\u00bb module_id=\u00a0\u00bbslider-images\u00a0\u00bb _builder_version=\u00a0\u00bb4.23.4&Prime; _module_preset=\u00a0\u00bbdefault\u00a0\u00bb height=\u00a0\u00bb100vh\u00a0\u00bb auto=\u00a0\u00bbon\u00a0\u00bb global_colors_info=\u00a0\u00bb{}\u00a0\u00bb][et_pb_slide _builder_version=\u00a0\u00bb4.23.4&Prime; _module_preset=\u00a0\u00bbdefault\u00a0\u00bb background_color=\u00a0\u00bbRGBA(255,255,255,0)\u00a0\u00bb background_enable_color=\u00a0\u00bbon\u00a0\u00bb background_image=\u00a0\u00bbhttps:\/\/www.myvacaya.com\/wp-content\/uploads\/2025\/04\/Mexico-DD-Desktop-Hero-1920&#215;1020-1.jpg\u00a0\u00bb background_enable_image=\u00a0\u00bbon\u00a0\u00bb background_last_edited=\u00a0\u00bbon|phone\u00a0\u00bb background_image_phone=\u00a0\u00bbhttps:\/\/www.myvacaya.com\/wp-content\/uploads\/2025\/04\/Mexico-DD-Mobile-Hero-1080&#215;1920-1.jpg\u00a0\u00bb background_enable_image_phone=\u00a0\u00bbon\u00a0\u00bb global_colors_info=\u00a0\u00bb{}\u00a0\u00bb sticky_transition=\u00a0\u00bbon\u00a0\u00bb][\/et_pb_slide][\/et_pb_fullwidth_slider][\/et_pb_section][et_pb_section fb_built=\u00a0\u00bb1&Prime; custom_padding_last_edited=\u00a0\u00bbon|phone\u00a0\u00bb _builder_version=\u00a0\u00bb4.17.6&Prime; _module_preset=\u00a0\u00bbdefault\u00a0\u00bb custom_padding=\u00a0\u00bb||||false|false\u00a0\u00bb custom_padding_tablet=\u00a0\u00bb||||false|false\u00a0\u00bb custom_padding_phone=\u00a0\u00bb||||false|false\u00a0\u00bb global_colors_info=\u00a0\u00bb{}\u00a0\u00bb][et_pb_row custom_padding_last_edited=\u00a0\u00bbon|desktop\u00a0\u00bb _builder_version=\u00a0\u00bb4.17.6&Prime; _module_preset=\u00a0\u00bbdefault\u00a0\u00bb custom_padding=\u00a0\u00bb||||false|false\u00a0\u00bb custom_padding_tablet=\u00a0\u00bb||||false|false\u00a0\u00bb custom_padding_phone=\u00a0\u00bb||||false|false\u00a0\u00bb global_colors_info=\u00a0\u00bb{}\u00a0\u00bb][et_pb_column type=\u00a0\u00bb4_4&Prime; _builder_version=\u00a0\u00bb4.17.6&Prime; _module_preset=\u00a0\u00bbdefault\u00a0\u00bb global_colors_info=\u00a0\u00bb{}\u00a0\u00bb][et_pb_text admin_label=\u00a0\u00bbSection Title &#8211; H2&Prime; _builder_version=\u00a0\u00bb4.23.4&Prime; _module_preset=\u00a0\u00bbdefault\u00a0\u00bb text_letter_spacing=\u00a0\u00bb1.8px\u00a0\u00bb text_line_height=\u00a0\u00bb22px\u00a0\u00bb header_2_font=\u00a0\u00bbFutura Bold|||on|||||\u00a0\u00bb header_2_text_align=\u00a0\u00bbcenter\u00a0\u00bb header_2_text_color=\u00a0\u00bb#000000&Prime; header_2_font_size=\u00a0\u00bb30px\u00a0\u00bb header_2_letter_spacing=\u00a0\u00bb1.8px\u00a0\u00bb header_2_line_height=\u00a0\u00bb36px\u00a0\u00bb header_3_font=\u00a0\u00bbFutura Bold|||on|||||\u00a0\u00bb header_3_text_align=\u00a0\u00bbcenter\u00a0\u00bb header_3_text_color=\u00a0\u00bb#000000&Prime; header_3_font_size=\u00a0\u00bb18px\u00a0\u00bb header_3_letter_spacing=\u00a0\u00bb1.8px\u00a0\u00bb header_3_line_height=\u00a0\u00bb24px\u00a0\u00bb custom_margin=\u00a0\u00bb||||false|false\u00a0\u00bb custom_padding=\u00a0\u00bb||||false|false\u00a0\u00bb custom_padding_tablet=\u00a0\u00bb||||false|false\u00a0\u00bb custom_padding_phone=\u00a0\u00bb||||false|false\u00a0\u00bb custom_padding_last_edited=\u00a0\u00bbon|phone\u00a0\u00bb global_colors_info=\u00a0\u00bb{}\u00a0\u00bb]<\/p>\n<h2>La qu\u00eate ultime de Gaymer vous attend au Camp VACAYA<\/h2>\n<p>[\/et_pb_text][dmpro_carousel columns=\u00a0\u00bb2&Prime; space_between=\u00a0\u00bb35&Prime; container_padding=\u00a0\u00bb4%|0%|4%|2%|false|false\u00a0\u00bb loop=\u00a0\u00bbon\u00a0\u00bb autoplay=\u00a0\u00bbon\u00a0\u00bb pause_on_hover=\u00a0\u00bboff\u00a0\u00bb navigation=\u00a0\u00bbon\u00a0\u00bb navigation_prev_icon_yn=\u00a0\u00bbon\u00a0\u00bb navigation_prev_icon=\u00a0\u00bb&#x34;||divi||400&Prime; navigation_next_icon_yn=\u00a0\u00bbon\u00a0\u00bb navigation_next_icon=\u00a0\u00bb&#x35;||divi||400&Prime; navigation_color=\u00a0\u00bb#000000&Prime; columns_tablet=\u00a0\u00bb3&Prime; columns_phone=\u00a0\u00bb1&Prime; columns_last_edited=\u00a0\u00bbon|phone\u00a0\u00bb container_padding_tablet=\u00a0\u00bb\u00a0\u00bb container_padding_phone=\u00a0\u00bb||0%||false|false\u00a0\u00bb container_padding_last_edited=\u00a0\u00bbon|phone\u00a0\u00bb _builder_version=\u00a0\u00bb4.23.4&Prime; _module_preset=\u00a0\u00bbdefault\u00a0\u00bb title_font=\u00a0\u00bbFutura Bold||||||||\u00a0\u00bb title_font_size=\u00a0\u00bb18px\u00a0\u00bb title_letter_spacing=\u00a0\u00bb0.1em\u00a0\u00bb title_line_height=\u00a0\u00bb24px\u00a0\u00bb hover_transition_speed_curve=\u00a0\u00bbease-in\u00a0\u00bb scroll_fade_enable=\u00a0\u00bbon\u00a0\u00bb global_colors_info=\u00a0\u00bb{}\u00a0\u00bb][dmpro_carousel_child title=\u00a0\u00bbDD1&Prime; img_src=\u00a0\u00bbhttps:\/\/www.myvacaya.com\/wp-content\/uploads\/2025\/04\/1.-DD-Carousel.jpg\u00a0\u00bb text_title=\u00a0\u00bbDD1&Prime; _builder_version=\u00a0\u00bb4.23.4&Prime; _module_preset=\u00a0\u00bbdefault\u00a0\u00bb title_font_size=\u00a0\u00bb24px\u00a0\u00bb title_line_height=\u00a0\u00bb27px\u00a0\u00bb global_colors_info=\u00a0\u00bb{}\u00a0\u00bb][\/dmpro_carousel_child][dmpro_carousel_child title=\u00a0\u00bbDD2&Prime; img_src=\u00a0\u00bbhttps:\/\/www.myvacaya.com\/wp-content\/uploads\/2025\/04\/2.-DD-Carousel.jpg\u00a0\u00bb text_title=\u00a0\u00bbDD2&Prime; _builder_version=\u00a0\u00bb4.23.4&Prime; _module_preset=\u00a0\u00bbdefault\u00a0\u00bb title_font_size=\u00a0\u00bb24px\u00a0\u00bb title_line_height=\u00a0\u00bb27px\u00a0\u00bb global_colors_info=\u00a0\u00bb{}\u00a0\u00bb][\/dmpro_carousel_child][dmpro_carousel_child title=\u00a0\u00bbDD3&Prime; img_src=\u00a0\u00bbhttps:\/\/www.myvacaya.com\/wp-content\/uploads\/2025\/04\/3.-DD-Carousel.jpg\u00a0\u00bb text_title=\u00a0\u00bbDD3&Prime; _builder_version=\u00a0\u00bb4.23.4&Prime; _module_preset=\u00a0\u00bbdefault\u00a0\u00bb title_font_size=\u00a0\u00bb24px\u00a0\u00bb title_line_height=\u00a0\u00bb27px\u00a0\u00bb global_colors_info=\u00a0\u00bb{}\u00a0\u00bb][\/dmpro_carousel_child][dmpro_carousel_child title=\u00a0\u00bbDD4&Prime; img_src=\u00a0\u00bbhttps:\/\/www.myvacaya.com\/wp-content\/uploads\/2025\/04\/4.-DD-Carousel.jpg\u00a0\u00bb text_title=\u00a0\u00bbDD4&Prime; _builder_version=\u00a0\u00bb4.23.4&Prime; _module_preset=\u00a0\u00bbdefault\u00a0\u00bb title_font_size=\u00a0\u00bb24px\u00a0\u00bb title_line_height=\u00a0\u00bb27px\u00a0\u00bb global_colors_info=\u00a0\u00bb{}\u00a0\u00bb][\/dmpro_carousel_child][dmpro_carousel_child title=\u00a0\u00bbDD5&Prime; img_src=\u00a0\u00bbhttps:\/\/www.myvacaya.com\/wp-content\/uploads\/2025\/04\/5.-DD-Carousel.jpg\u00a0\u00bb text_title=\u00a0\u00bbDD5&Prime; _builder_version=\u00a0\u00bb4.23.4&Prime; _module_preset=\u00a0\u00bbdefault\u00a0\u00bb title_font_size=\u00a0\u00bb24px\u00a0\u00bb title_line_height=\u00a0\u00bb27px\u00a0\u00bb global_colors_info=\u00a0\u00bb{}\u00a0\u00bb][\/dmpro_carousel_child][\/dmpro_carousel][et_pb_text _builder_version=\u00a0\u00bb4.23.4&Prime; _module_preset=\u00a0\u00bbdefault\u00a0\u00bb custom_margin=\u00a0\u00bb||||false|false\u00a0\u00bb custom_margin_tablet=\u00a0\u00bb||||false|false\u00a0\u00bb custom_margin_phone=\u00a0\u00bb||||false|false\u00a0\u00bb custom_margin_last_edited=\u00a0\u00bbon|phone\u00a0\u00bb global_colors_info=\u00a0\u00bb{}\u00a0\u00bb]Pr\u00e9parez-vous \u00e0 passer au niveau sup\u00e9rieur avec Slay Rangers, un \u00e9v\u00e9nement de jeu \u00e9pique au Camp VACAYA \u00e0 Vallarta&nbsp;! Que vous soyez amateur de jeux de soci\u00e9t\u00e9 ou expert en Donjons et Dragons, il y en a pour tous les go\u00fbts. Plongez dans des jeux de r\u00f4le palpitants, d\u00e9fiez vos amis dans des jeux de soci\u00e9t\u00e9 classiques ou d\u00e9tendez-vous en regardant des \u00e9v\u00e9nements en direct. C&rsquo;est l&rsquo;endroit id\u00e9al pour lancer les d\u00e9s, rencontrer d&rsquo;autres joueurs et cr\u00e9er des souvenirs l\u00e9gendaires. Ne manquez pas l&rsquo;action&nbsp;: c&rsquo;est parti pour le Camp VACAYA&nbsp;![\/et_pb_text][dmpro_carousel columns=\u00a0\u00bb2&Prime; space_between=\u00a0\u00bb35&Prime; container_padding=\u00a0\u00bb4%|0%|4%|2%|false|false\u00a0\u00bb loop=\u00a0\u00bbon\u00a0\u00bb autoplay=\u00a0\u00bbon\u00a0\u00bb pause_on_hover=\u00a0\u00bboff\u00a0\u00bb navigation=\u00a0\u00bbon\u00a0\u00bb navigation_prev_icon_yn=\u00a0\u00bbon\u00a0\u00bb navigation_prev_icon=\u00a0\u00bb&#x34;||divi||400&Prime; navigation_next_icon_yn=\u00a0\u00bbon\u00a0\u00bb navigation_next_icon=\u00a0\u00bb&#x35;||divi||400&Prime; navigation_color=\u00a0\u00bb#000000&Prime; columns_tablet=\u00a0\u00bb3&Prime; columns_phone=\u00a0\u00bb1&Prime; columns_last_edited=\u00a0\u00bbon|phone\u00a0\u00bb container_padding_tablet=\u00a0\u00bb\u00a0\u00bb container_padding_phone=\u00a0\u00bb||0%||false|false\u00a0\u00bb container_padding_last_edited=\u00a0\u00bbon|phone\u00a0\u00bb _builder_version=\u00a0\u00bb4.23.4&Prime; _module_preset=\u00a0\u00bbdefault\u00a0\u00bb title_font=\u00a0\u00bbFutura Bold||||||||\u00a0\u00bb title_font_size=\u00a0\u00bb18px\u00a0\u00bb title_letter_spacing=\u00a0\u00bb0.1em\u00a0\u00bb title_line_height=\u00a0\u00bb24px\u00a0\u00bb hover_transition_speed_curve=\u00a0\u00bbease-in\u00a0\u00bb scroll_fade_enable=\u00a0\u00bbon\u00a0\u00bb global_colors_info=\u00a0\u00bb{}\u00a0\u00bb][dmpro_carousel_child title=\u00a0\u00bbLE MEILLEUR RAPPORT QUALIT\u00c9-PRIX POUR LES VOYAGEURS SOUCIEUX DE SON BUDGET\u00a0\u00bb img_src=\u00a0\u00bbhttps:\/\/www.myvacaya.com\/wp-content\/uploads\/2022\/11\/Carousel-budget-travelers-1.jpg\u00a0\u00bb text_title=\u00a0\u00bbLE MEILLEUR RAPPORT QUALIT\u00c9-PRIX POUR LES VOYAGEURS SOUCIEUX DE SON BUDGET\u00a0\u00bb _builder_version=\u00a0\u00bb4.23.4&Prime; _module_preset=\u00a0\u00bbdefault\u00a0\u00bb title_font_size=\u00a0\u00bb24px\u00a0\u00bb title_line_height=\u00a0\u00bb27px\u00a0\u00bb global_colors_info=\u00a0\u00bb{}\u00a0\u00bb][\/dmpro_carousel_child][dmpro_carousel_child title=\u00a0\u00bbREPRISE DE RESORT LGBT+\u00a0\u00bb img_src=\u00a0\u00bbhttps:\/\/www.myvacaya.com\/wp-content\/uploads\/2022\/11\/Carousel-Resort-Take-Over-1.jpg\u00a0\u00bb text_title=\u00a0\u00bbREPRISE DE RESORT LGBT+\u00a0\u00bb _builder_version=\u00a0\u00bb4.23.4&Prime; _module_preset=\u00a0\u00bbdefault\u00a0\u00bb title_font_size=\u00a0\u00bb24px\u00a0\u00bb title_line_height=\u00a0\u00bb27px\u00a0\u00bb global_colors_info=\u00a0\u00bb{}\u00a0\u00bb][\/dmpro_carousel_child][dmpro_carousel_child title=\u00a0\u00bbTROIS PISCINES \u00c9CLATANTES\u00a0\u00bb img_src=\u00a0\u00bbhttps:\/\/www.myvacaya.com\/wp-content\/uploads\/2022\/11\/Carousel-3-sparkling-pools-1.jpg\u00a0\u00bb text_title=\u00a0\u00bbTROIS PISCINES \u00c9CLATANTES\u00a0\u00bb _builder_version=\u00a0\u00bb4.23.4&Prime; _module_preset=\u00a0\u00bbdefault\u00a0\u00bb title_font_size=\u00a0\u00bb24px\u00a0\u00bb title_line_height=\u00a0\u00bb27px\u00a0\u00bb global_colors_info=\u00a0\u00bb{}\u00a0\u00bb][\/dmpro_carousel_child][dmpro_carousel_child title=\u00a0\u00bbUNE PATROUILLE AVEC TENUE FACULTATIVE DES V\u00caTEMENTS\u00a0\u00bb img_src=\u00a0\u00bbhttps:\/\/www.myvacaya.com\/wp-content\/uploads\/2022\/11\/Carousel-clothing-optional-pool-1.jpg\u00a0\u00bb text_title=\u00a0\u00bbUNE PISCINE AVEC TENUE DE V\u00caTEMENTS FACULTATIVE\u00a0\u00bb _builder_version=\u00a0\u00bb4.23.4&Prime; _module_preset=\u00a0\u00bbdefault\u00a0\u00bb title_font_size=\u00a0\u00bb24px\u00a0\u00bb title_line_height=\u00a0\u00bb27px\u00a0\u00bb global_colors_info=\u00a0\u00bb{}\u00a0\u00bb][\/dmpro_carousel_child][dmpro_carousel_child title=\u00a0\u00bbIMMENSE RLD\u00a0\u00bb img_src=\u00a0\u00bbhttps:\/\/www.myvacaya.com\/wp-content\/uploads\/2022\/11\/Carousel-RLD-1.jpg\u00a0\u00bb text_title=\u00a0\u00bbIMMENSE RLD\u00a0\u00bb _builder_version=\u00a0\u00bb4.23.4&Prime; _module_preset=\u00a0\u00bbdefault\u00a0\u00bb title_font_size=\u00a0\u00bb24px\u00a0\u00bb title_line_height=\u00a0\u00bb27px\u00a0\u00bb global_colors_info=\u00a0\u00bb{}\u00a0\u00bb][\/dmpro_carousel_child][dmpro_carousel_child title=\u00a0\u00bbEXCURSIONS S\u00c9LECTIONN\u00c9ES\u00a0\u00bb img_src=\u00a0\u00bbhttps:\/\/www.myvacaya.com\/wp-content\/uploads\/2022\/11\/girl-ziplining-mexico-1.jpg\u00a0\u00bb text_title=\u00a0\u00bbEXCURSIONS S\u00c9LECTIONN\u00c9ES\u00a0\u00bb _builder_version=\u00a0\u00bb4.23.4&Prime; _module_preset=\u00a0\u00bbdefault\u00a0\u00bb title_font_size=\u00a0\u00bb24px\u00a0\u00bb title_line_height=\u00a0\u00bb27px\u00a0\u00bb global_colors_info=\u00a0\u00bb{}\u00a0\u00bb][\/dmpro_carousel_child][dmpro_carousel_child title=\u00a0\u00bbDES BARRES \u00c0 CHAQUE TOURNANT\u00a0\u00bb img_src=\u00a0\u00bbhttps:\/\/www.myvacaya.com\/wp-content\/uploads\/2022\/11\/Carousel-men-1.jpg\u00a0\u00bb text_title=\u00a0\u00bbDES BARRES \u00c0 CHAQUE TOURNANT\u00a0\u00bb _builder_version=\u00a0\u00bb4.23.4&Prime; _module_preset=\u00a0\u00bbdefault\u00a0\u00bb title_font_size=\u00a0\u00bb24px\u00a0\u00bb title_line_height=\u00a0\u00bb27px\u00a0\u00bb global_colors_info=\u00a0\u00bb{}\u00a0\u00bb][\/dmpro_carousel_child][dmpro_carousel_child title=\u00a0\u00bbDES F\u00caTES AMUSANTES ET CONVIVIALES\u00a0\u00bb img_src=\u00a0\u00bbhttps:\/\/www.myvacaya.com\/wp-content\/uploads\/2022\/11\/Value-Page-parties.jpg\u00a0\u00bb text_title=\u00a0\u00bbDES F\u00caTES AMUSANTES ET CONVIVIALES\u00a0\u00bb _builder_version=\u00a0\u00bb4.23.4&Prime; _module_preset=\u00a0\u00bbdefault\u00a0\u00bb title_font_size=\u00a0\u00bb24px\u00a0\u00bb title_line_height=\u00a0\u00bb27px\u00a0\u00bb global_colors_info=\u00a0\u00bb{}\u00a0\u00bb][\/dmpro_carousel_child][dmpro_carousel_child title=\u00a0\u00bb\u00c9QUIPE V ET PERSONNEL DU STATION LOCAL\u00a0\u00bb img_src=\u00a0\u00bbhttps:\/\/www.myvacaya.com\/wp-content\/uploads\/2022\/11\/Carousel-Team-1.jpg\u00a0\u00bb text_title=\u00a0\u00bb\u00c9QUIPE V ET PERSONNEL DU STATION LOCAL\u00a0\u00bb _builder_version=\u00a0\u00bb4.23.4&Prime; _module_preset=\u00a0\u00bbdefault\u00a0\u00bb title_font_size=\u00a0\u00bb24px\u00a0\u00bb title_line_height=\u00a0\u00bb27px\u00a0\u00bb global_colors_info=\u00a0\u00bb{}\u00a0\u00bb][\/dmpro_carousel_child][dmpro_carousel_child title=\u00a0\u00bbTOUT LE MONDE EST BIENVENU\u00a0\u00bb img_src=\u00a0\u00bbhttps:\/\/www.myvacaya.com\/wp-content\/uploads\/2022\/11\/All-Are-Welcome-1.jpg\u00a0\u00bb text_title=\u00a0\u00bbTOUT LE MONDE EST BIENVENU\u00a0\u00bb _builder_version=\u00a0\u00bb4.23.4&Prime; _module_preset=\u00a0\u00bbdefault\u00a0\u00bb title_font_size=\u00a0\u00bb24px\u00a0\u00bb title_line_height=\u00a0\u00bb27px\u00a0\u00bb global_colors_info=\u00a0\u00bb{}\u00a0\u00bb][\/dmpro_carousel_child][\/dmpro_carousel][et_pb_text _builder_version=\u00a0\u00bb4.23.4&Prime; _module_preset=\u00a0\u00bbdefault\u00a0\u00bb custom_margin=\u00a0\u00bb||||false|false\u00a0\u00bb custom_margin_tablet=\u00a0\u00bb||||false|false\u00a0\u00bb custom_margin_phone=\u00a0\u00bb||||false|false\u00a0\u00bb custom_margin_last_edited=\u00a0\u00bbon|phone\u00a0\u00bb global_colors_info=\u00a0\u00bb{}\u00a0\u00bb]Les Slay Rangers ont acc\u00e8s \u00e0 TOUTES LES S\u00c9ANCES DE JEUX DE SOCI\u00c9T\u00c9 et \u00e0 l&rsquo;exp\u00e9rience compl\u00e8te du complexe h\u00f4telier tout compris VACAYA dans le cadre de notre semaine m\u00e9morable au Camp VACAYA&nbsp;! Du 26&nbsp;octobre au 2&nbsp;novembre&nbsp;2025, nous investissons le luxueux Hard Rock Hotel Vallarta pour notre c\u00e9l\u00e9bration annuelle d&rsquo;Halloween et du Jour des Morts. Cette escapade mexicaine tout compris offre un rapport qualit\u00e9-prix imbattable avec un h\u00e9bergement confortable, des repas et des boissons \u00e0 volont\u00e9, et un programme complet de divertissements et d&rsquo;activit\u00e9s sociales exclusifs \u00e0 VACAYA. Du beach-volley au yoga, en passant par les piscines en bord de mer, l&rsquo;aquagym et les jacuzzis, vous trouverez l&rsquo;\u00e9quilibre parfait entre d\u00e9tente et aventure. Ajoutez \u00e0 cela des soir\u00e9es \u00e0 th\u00e8me, des spectacles surprises et une communaut\u00e9 chaleureuse et accueillante, et vous obtenez des vacances inoubliables, fa\u00e7on Slay Rangers.    <\/p>\n<p>R\u00c9SERVEZ VOTRE EXP\u00c9RIENCE SLAY RANGER AU CAMP VACAYA MAINTENANT !  <\/p>\n<p><a class=\"btn-pink-inline\" href=\"https:\/\/www.myvacaya.com\/fr\/trip\/complexe-touristique-du-mexique-2025\/\"><span class=\"btn-inline-span\">EN SAVOIR PLUS ET R\u00c9SERVER MAINTENANT<\/span><\/a>[\/et_pb_text][\/et_pb_column][\/et_pb_row][et_pb_row _builder_version=\u00a0\u00bb4.23.4&Prime; _module_preset=\u00a0\u00bbdefault\u00a0\u00bb global_colors_info=\u00a0\u00bb{}\u00a0\u00bb][et_pb_column type=\u00a0\u00bb4_4&Prime; _builder_version=\u00a0\u00bb4.23.4&Prime; _module_preset=\u00a0\u00bbdefault\u00a0\u00bb global_colors_info=\u00a0\u00bb{}\u00a0\u00bb][et_pb_text admin_label=\u00a0\u00bbSection Title &#8211; H2&Prime; _builder_version=\u00a0\u00bb4.23.4&Prime; _module_preset=\u00a0\u00bbdefault\u00a0\u00bb text_letter_spacing=\u00a0\u00bb1.8px\u00a0\u00bb text_line_height=\u00a0\u00bb22px\u00a0\u00bb header_2_font=\u00a0\u00bbFutura Bold|||on|||||\u00a0\u00bb header_2_text_align=\u00a0\u00bbcenter\u00a0\u00bb header_2_text_color=\u00a0\u00bb#000000&Prime; header_2_font_size=\u00a0\u00bb30px\u00a0\u00bb header_2_letter_spacing=\u00a0\u00bb1.8px\u00a0\u00bb header_2_line_height=\u00a0\u00bb36px\u00a0\u00bb header_3_font=\u00a0\u00bbFutura Bold|||on|||||\u00a0\u00bb header_3_text_align=\u00a0\u00bbcenter\u00a0\u00bb header_3_text_color=\u00a0\u00bb#000000&Prime; header_3_font_size=\u00a0\u00bb18px\u00a0\u00bb header_3_letter_spacing=\u00a0\u00bb1.8px\u00a0\u00bb header_3_line_height=\u00a0\u00bb24px\u00a0\u00bb custom_margin=\u00a0\u00bb||||false|false\u00a0\u00bb custom_padding=\u00a0\u00bb||||false|false\u00a0\u00bb custom_padding_tablet=\u00a0\u00bb||||false|false\u00a0\u00bb custom_padding_phone=\u00a0\u00bb||||false|false\u00a0\u00bb custom_padding_last_edited=\u00a0\u00bbon|phone\u00a0\u00bb global_colors_info=\u00a0\u00bb{}\u00a0\u00bb]<\/p>\n<h2>REJOIGNEZ DISCORD<\/h2>\n<p>[\/et_pb_text][et_pb_text _builder_version=\u00a0\u00bb4.23.4&Prime; _module_preset=\u00a0\u00bbdefault\u00a0\u00bb global_colors_info=\u00a0\u00bb{}\u00a0\u00bb]L&rsquo;aventure commence maintenant ! En attendant une exp\u00e9rience de jeu inoubliable au Camp VACAYA, rejoignez-nous en avant-premi\u00e8re sur Discord pour \u00e9changer avec d&rsquo;autres joueurs, discuter de vos jeux pr\u00e9f\u00e9r\u00e9s et recevoir les derni\u00e8res infos sur Slay Rangers ! Des jeux de soci\u00e9t\u00e9 \u00e0 Donjons &amp; Dragons, en passant par des \u00e9v\u00e9nements de jeu en direct et bien plus encore, ce sera g\u00e9nial !<br \/>\nCliquez ci-dessous pour rejoindre la communaut\u00e9 Discord officielle de Slay Rangers, o\u00f9 le plaisir commence aujourd&rsquo;hui !<\/p>\n<p><a class=\"btn-pink-inline\" href=\"https:\/\/discord.com\/invite\/WUBSW2Ch4U\"><span class=\"btn-inline-span\">REJOIGNEZ LE DISCORD SLAY RANGER !<\/span><\/a><\/p>\n<p>Nous avons h\u00e2te de vous rencontrer et de jouer avec vous ! [\/et_pb_text][\/et_pb_column][\/et_pb_row][\/et_pb_section]<\/p>\n","protected":false},"excerpt":{"rendered":"<p><div class=\"trip-overlay\"><div class=\"trip-title\"><h1>Tuiles de voyage avec titre &#8211; Croisi\u00e8res uniquement<\/h1><\/div><\/div>La qu\u00eate ultime de Gaymer vous attend au Camp VACAYA<div class=\"et_pb_module dmpro_carousel dmpro_carousel_0\">\n\t\t\t\t\n\t\t\t\t\n\t\t\t\t\n\t\t\t\t\n\t\t\t\t\n\t\t\t\t\n\t\t\t\t<div class=\"et_pb_module_inner\">\n\t\t\t\t\t\n            <div class=\"dmpro-carousel-main\" data-columnsdesktop='2' data-columnstablet='3' data-columnsphone='1' data-spacebetween='35' data-spacebetween_tablet='35' data-spacebetween_phone='35' data-loop='on' data-speed='500' data-navigation='on' data-pagination='off' data-autoplay='on' data-autoplayspeed='5000' data-pauseonhover='off' data-effect='slide' data-rotate='50' data-dynamicbullets='on' data-ordernumber='0' data-centered='off' data-shadow='true'>\n                <div class=\"swiper swiper-dmpro-container\">\n                    <div class=\"swiper-wrapper dmpro-carousel-wrapper\">\n                        \n                    <\/div>\n                <\/div>\n                \n                <div class=\"swiper-button-next swiper-arrow-button dmpro-sbn0\" data-icon=\"&#x35;\"><\/div> \n                 <div class=\"swiper-button-prev swiper-arrow-button dmpro-sbp0\" data-icon=\"&#x34;\"><\/div>\n                 \n            <\/div>\n\t\t\t\t<\/div>\n\t\t\t<\/div><div class=\"et_pb_module dmpro_carousel_child dmpro_carousel_child_0\">\n\t\t\t\t\n\t\t\t\t\n\t\t\t\t\n\t\t\t\t\n\t\t\t\t\n\t\t\t\t\n\t\t\t\t<div class=\"et_pb_module_inner\">\n\t\t\t\t\t\n            <div class=\"dmpro-carousel-child-wrapper\">\n                <div class=\"dmpro-image-wrap\"><span class=\"dmpro-carousel-image\">\n                    <img decoding=\"async\" src=\"https:\/\/www.myvacaya.com\/wp-content\/uploads\/2025\/04\/1.-DD-Carousel.jpg\" alt=\"\"\/>\n                <\/span><\/div>\n                <div class=\"dmpro-carousel-item-content\">\n                    <h2 class=\"dmpro-carousel-item-title\">DD1<\/h2>\n                    \n                    <div class=\"dmpro-carousel-button-wrapper\">\n                        \n                    <\/div>\n                <\/div>\n            <\/div>\n\t\t\t\t<\/div>\n\t\t\t<\/div><div class=\"et_pb_module dmpro_carousel_child dmpro_carousel_child_1\">\n\t\t\t\t\n\t\t\t\t\n\t\t\t\t\n\t\t\t\t\n\t\t\t\t\n\t\t\t\t\n\t\t\t\t<div class=\"et_pb_module_inner\">\n\t\t\t\t\t\n            <div class=\"dmpro-carousel-child-wrapper\">\n                <div class=\"dmpro-image-wrap\"><span class=\"dmpro-carousel-image\">\n                    <img decoding=\"async\" src=\"https:\/\/www.myvacaya.com\/wp-content\/uploads\/2025\/04\/2.-DD-Carousel.jpg\" alt=\"\"\/>\n                <\/span><\/div>\n                <div class=\"dmpro-carousel-item-content\">\n                    <h2 class=\"dmpro-carousel-item-title\">DD2<\/h2>\n                    \n                    <div class=\"dmpro-carousel-button-wrapper\">\n                        \n                    <\/div>\n                <\/div>\n            <\/div>\n\t\t\t\t<\/div>\n\t\t\t<\/div><div class=\"et_pb_module dmpro_carousel_child dmpro_carousel_child_2\">\n\t\t\t\t\n\t\t\t\t\n\t\t\t\t\n\t\t\t\t\n\t\t\t\t\n\t\t\t\t\n\t\t\t\t<div class=\"et_pb_module_inner\">\n\t\t\t\t\t\n            <div class=\"dmpro-carousel-child-wrapper\">\n                <div class=\"dmpro-image-wrap\"><span class=\"dmpro-carousel-image\">\n                    <img decoding=\"async\" src=\"\" alt=\"\"\/>\n                <\/span><\/div>\n                <div class=\"dmpro-carousel-item-content\">\n                    \n                    \n                    <div class=\"dmpro-carousel-button-wrapper\">\n                        \n                    <\/div>\n                <\/div>\n            <\/div>\n\t\t\t\t<\/div>\n\t\t\t<\/div><\/p>\n","protected":false},"author":1,"featured_media":0,"parent":0,"menu_order":0,"comment_status":"closed","ping_status":"closed","template":"","meta":{"_acf_changed":false,"_et_pb_use_builder":"on","_et_pb_old_content":"","_et_gb_content_width":"","_monsterinsights_skip_tracking":false,"_monsterinsights_sitenote_active":false,"_monsterinsights_sitenote_note":"","_monsterinsights_sitenote_category":0,"footnotes":""},"class_list":["post-181164","page","type-page","status-publish","hentry"],"acf":[],"_links":{"self":[{"href":"https:\/\/www.myvacaya.com\/fr\/wp-json\/wp\/v2\/pages\/181164","targetHints":{"allow":["GET"]}}],"collection":[{"href":"https:\/\/www.myvacaya.com\/fr\/wp-json\/wp\/v2\/pages"}],"about":[{"href":"https:\/\/www.myvacaya.com\/fr\/wp-json\/wp\/v2\/types\/page"}],"author":[{"embeddable":true,"href":"https:\/\/www.myvacaya.com\/fr\/wp-json\/wp\/v2\/users\/1"}],"replies":[{"embeddable":true,"href":"https:\/\/www.myvacaya.com\/fr\/wp-json\/wp\/v2\/comments?post=181164"}],"version-history":[{"count":6,"href":"https:\/\/www.myvacaya.com\/fr\/wp-json\/wp\/v2\/pages\/181164\/revisions"}],"predecessor-version":[{"id":181377,"href":"https:\/\/www.myvacaya.com\/fr\/wp-json\/wp\/v2\/pages\/181164\/revisions\/181377"}],"wp:attachment":[{"href":"https:\/\/www.myvacaya.com\/fr\/wp-json\/wp\/v2\/media?parent=181164"}],"curies":[{"name":"wp","href":"https:\/\/api.w.org\/{rel}","templated":true}]}}