{"id":154601,"date":"2024-06-15T05:04:58","date_gmt":"2024-06-15T09:04:58","guid":{"rendered":"https:\/\/www.myvacaya.com\/politiques-de-formation-de-groupes-sociaux-prives\/"},"modified":"2024-06-15T05:05:16","modified_gmt":"2024-06-15T09:05:16","slug":"politiques-de-formation-de-groupes-sociaux-prives","status":"publish","type":"page","link":"https:\/\/www.myvacaya.com\/fr\/politiques-de-formation-de-groupes-sociaux-prives\/","title":{"rendered":"Politiques de formation de groupes sociaux priv\u00e9s"},"content":{"rendered":"<p style=\"font-weight: 400;\"><strong>Formation de groupes sociaux priv\u00e9s  <\/strong><\/p>\n<p style=\"font-weight: 400;\">M\u00eame si nous pensons que le <a href=\"https:\/\/www.facebook.com\/groups\/238279406908419\/\" target=\"_blank\" rel=\"noopener\"><strong>groupe de super fans LGBTQ+ VACAYA<\/strong><\/a> est un lieu id\u00e9al pour discuter et cr\u00e9er une communaut\u00e9, nous reconnaissons que certains d&rsquo;entre vous souhaitent peut-\u00eatre toujours se connecter dans leurs propres groupes sociaux priv\u00e9s. C&rsquo;est compr\u00e9hensible. Cependant, il y a quelques \u00e9l\u00e9ments que vous voudrez prendre en compte (au-del\u00e0 des complexit\u00e9s que nous avons expos\u00e9es dans notre blog S&rsquo;\u00e9loigner de Facebook) qui vous aideront \u00e0 rester en r\u00e8gle avec VACAYA si vous choisissez de lancer votre propre groupe social&nbsp;:<\/p>\n<ul style=\"font-weight: 400;\">\n<li>\u00c9videmment, nous sommes ravis d&rsquo;avoir des fans enthousiastes et nous voulons nous assurer que tout le monde profite de son temps dans la communaut\u00e9. Pour garder les choses transparentes, veuillez inclure ce qui suit dans la biographie de votre groupe : <strong><em>\u00ab Ce groupe n&rsquo;est pas affili\u00e9 \u00e0 VACAYA. Les opinions contenues dans le pr\u00e9sent document ne repr\u00e9sentent pas celles de l\u2019entreprise.<\/em><\/strong><\/li>\n<li>N&rsquo;utilisez pas d&rsquo;ic\u00f4nes (par exemple \u2705) qui pourraient faire croire aux gens que vous repr\u00e9sentez officiellement VACAYA.<\/li>\n<li>N&rsquo;utilisez pas les marques VACAYA, y compris, mais sans s&rsquo;y limiter, le nom \u00ab VACAYA \u00bb, le logo VACAYA ou tout autre \u00e9l\u00e9ment de marque associ\u00e9 dans le titre, la description ou les images du groupe. Cette politique s&rsquo;applique \u00e0 toutes les formes de m\u00e9dias sociaux et de communaut\u00e9s en ligne.<\/li>\n<\/ul>\n<p>&nbsp;<\/p>\n<p style=\"font-weight: 400;\"><strong>Les raisons de cette politique<\/strong><\/p>\n<ul style=\"font-weight: 400;\">\n<li><strong>Int\u00e9grit\u00e9 et coh\u00e9rence de la marque&nbsp;:<\/strong> La marque VACAYA promet qualit\u00e9, inclusivit\u00e9 et exp\u00e9riences de voyage LGBTQ+ uniques. L&rsquo;utilisation non autoris\u00e9e d&rsquo;une marque peut cr\u00e9er des incoh\u00e9rences et induire les gens en erreur. Nous visons donc \u00e0 garantir une compr\u00e9hension claire et coh\u00e9rente de notre marque et de nos valeurs.<\/li>\n<li><strong>Consid\u00e9rations juridiques&nbsp;:<\/strong> l&rsquo;utilisation non autoris\u00e9e de marques commerciales peut entra\u00eener des probl\u00e8mes juridiques. Cette politique est en place pour prot\u00e9ger VACAYA et ses invit\u00e9s de toute complication juridique potentielle li\u00e9e aux droits de propri\u00e9t\u00e9 intellectuelle.<\/li>\n<li><strong>Exp\u00e9rience client&nbsp;:<\/strong> en garantissant que toutes les communications et communaut\u00e9s officielles sont g\u00e9r\u00e9es par VACAYA, nous pouvons fournir une exp\u00e9rience client coh\u00e9rente et de haute qualit\u00e9. De cette fa\u00e7on, les clients re\u00e7oivent des informations pr\u00e9cises et un soutien directement de la part de The V Team, garantissant ainsi que leurs besoins sont satisfaits efficacement.<\/li>\n<\/ul>\n<p>&nbsp;<\/p>\n<p style=\"font-weight: 400;\"><strong>Suggestions de titres de groupes personnels<\/strong><\/p>\n<p style=\"font-weight: 400;\">Bien que les clients soient encourag\u00e9s \u00e0 se connecter avec d&rsquo;autres voyageurs, ils doivent le faire sans utiliser le nom VACAYA. Voici quelques suggestions alternatives pour nommer des groupes personnels&nbsp;:<\/p>\n<ul style=\"font-weight: 400;\">\n<li>\u00ab\u00a0Copains de voyage queer\u00a0\u00bb<\/li>\n<li>\u00ab\u00a0Voyageurs arc-en-ciel\u00a0\u00bb<\/li>\n<li>\u00ab Groupe de croisi\u00e8res dans les Cara\u00efbes 2025 \u2013 Dates de la croisi\u00e8re \u00bb<\/li>\n<li>\u00abGroupe de croiseurs pour hommes gays\u00bb<\/li>\n<\/ul>\n<p style=\"font-weight: 400;\">Ces titres permettent aux gens de cr\u00e9er des groupes significatifs et identifiables sans porter atteinte aux marques d\u00e9pos\u00e9es de VACAYA. En respectant cette politique, les clients contribuent \u00e0 prot\u00e9ger l&rsquo;int\u00e9grit\u00e9 de la marque VACAYA et contribuent \u00e0 une exp\u00e9rience communautaire positive et unifi\u00e9e.<\/p>\n<p>&nbsp;<\/p>\n<p style=\"font-weight: 400;\"><strong>Mise en \u0153uvre<\/strong><\/p>\n<ol style=\"font-weight: 400;\">\n<li><strong>Communication<\/strong>&nbsp;: Cette politique sera communiqu\u00e9e \u00e0 tous les invit\u00e9s via nos r\u00e9seaux sociaux, notre site Web et d&rsquo;autres communications avec les invit\u00e9s.<\/li>\n<li><strong>Surveillance<\/strong>&nbsp;: VACAYA surveillera les plateformes de m\u00e9dias sociaux et les communaut\u00e9s en ligne pour garantir le respect de nos politiques \u00e9nonc\u00e9es.<\/li>\n<li><strong>Application<\/strong> : Les groupes trouv\u00e9s en violation de cette politique seront invit\u00e9s \u00e0 changer leur nom et\/ou \u00e0 supprimer toute marque VACAYA. Le non-respect peut entra\u00eener des poursuites judiciaires.<\/li>\n<\/ol>\n<p style=\"font-weight: 400;\">En adh\u00e9rant \u00e0 cette politique, vous soutenez le succ\u00e8s et l&rsquo;int\u00e9grit\u00e9 continus de VACAYA, garantissant une exp\u00e9rience claire, coh\u00e9rente et de haute qualit\u00e9 pour tous.<\/p>\n<p style=\"font-weight: 400;\">Si vous avez des questions concernant cette politique ou si vous souhaitez que nous intervenions sur une d\u00e9cision, envoyez simplement un e-mail <a href=\"mailto:marketing@myvacaya.com\" target=\"_blank\" rel=\"noopener\">\u00e0 marketing@myvacaya.com<\/a> et nous vous r\u00e9pondrons dans les plus brefs d\u00e9lais.<\/p>\n","protected":false},"excerpt":{"rendered":"<p>Formation de groupes sociaux priv\u00e9s M\u00eame si nous pensons que le groupe de super fans LGBTQ+ VACAYA est un lieu id\u00e9al pour discuter et cr\u00e9er une communaut\u00e9, nous reconnaissons que certains d&rsquo;entre vous souhaitent peut-\u00eatre toujours se connecter dans leurs propres groupes sociaux priv\u00e9s. C&rsquo;est compr\u00e9hensible. Cependant, il y a quelques \u00e9l\u00e9ments que vous voudrez [&hellip;]<\/p>\n","protected":false},"author":4,"featured_media":0,"parent":0,"menu_order":0,"comment_status":"closed","ping_status":"closed","template":"","meta":{"_acf_changed":false,"_et_pb_use_builder":"","_et_pb_old_content":"","_et_gb_content_width":"","_monsterinsights_skip_tracking":false,"_monsterinsights_sitenote_active":false,"_monsterinsights_sitenote_note":"","_monsterinsights_sitenote_category":0,"footnotes":""},"class_list":["post-154601","page","type-page","status-publish","hentry"],"acf":[],"_links":{"self":[{"href":"https:\/\/www.myvacaya.com\/fr\/wp-json\/wp\/v2\/pages\/154601","targetHints":{"allow":["GET"]}}],"collection":[{"href":"https:\/\/www.myvacaya.com\/fr\/wp-json\/wp\/v2\/pages"}],"about":[{"href":"https:\/\/www.myvacaya.com\/fr\/wp-json\/wp\/v2\/types\/page"}],"author":[{"embeddable":true,"href":"https:\/\/www.myvacaya.com\/fr\/wp-json\/wp\/v2\/users\/4"}],"replies":[{"embeddable":true,"href":"https:\/\/www.myvacaya.com\/fr\/wp-json\/wp\/v2\/comments?post=154601"}],"version-history":[{"count":1,"href":"https:\/\/www.myvacaya.com\/fr\/wp-json\/wp\/v2\/pages\/154601\/revisions"}],"predecessor-version":[{"id":154606,"href":"https:\/\/www.myvacaya.com\/fr\/wp-json\/wp\/v2\/pages\/154601\/revisions\/154606"}],"wp:attachment":[{"href":"https:\/\/www.myvacaya.com\/fr\/wp-json\/wp\/v2\/media?parent=154601"}],"curies":[{"name":"wp","href":"https:\/\/api.w.org\/{rel}","templated":true}]}}