{"id":148977,"date":"2024-03-27T10:12:15","date_gmt":"2024-03-27T14:12:15","guid":{"rendered":"https:\/\/www.myvacaya.com\/le-quartier-rouge-de-vacaya\/"},"modified":"2024-03-27T10:40:54","modified_gmt":"2024-03-27T14:40:54","slug":"le-quartier-rouge-de-vacaya","status":"publish","type":"page","link":"https:\/\/www.myvacaya.com\/fr\/decouvrir\/le-quartier-rouge-de-vacaya\/","title":{"rendered":"Le quartier rouge de Vacaya"},"content":{"rendered":"<p>[et_pb_section fb_built=\u00a0\u00bb1&Prime; fullwidth=\u00a0\u00bbon\u00a0\u00bb admin_label=\u00a0\u00bbSlider\u00a0\u00bb module_id=\u00a0\u00bbslider-section-interieur\u00a0\u00bb _builder_version=\u00a0\u00bb4.17.6&Prime; _module_preset=\u00a0\u00bbdefault\u00a0\u00bb background_enable_image=\u00a0\u00bboff\u00a0\u00bb global_colors_info=\u00a0\u00bb{}\u00a0\u00bb][et_pb_fullwidth_code admin_label=\u00a0\u00bbSlider Overlay\u00a0\u00bb module_class=\u00a0\u00bbinterior-page-overlay\u00a0\u00bb _builder_version=\u00a0\u00bb4.17.6&Prime; _module_preset=\u00a0\u00bbdefault\u00a0\u00bb positioning=\u00a0\u00bbabsolute\u00a0\u00bb position_origin_a=\u00a0\u00bbtop_right\u00a0\u00bb position_origin_f=\u00a0\u00bbtop_right\u00a0\u00bb z_index=\u00a0\u00bb100&Prime; width=\u00a0\u00bb50%\u00a0\u00bb width_tablet=\u00a0\u00bb50%\u00a0\u00bb width_phone=\u00a0\u00bb100%\u00a0\u00bb width_last_edited=\u00a0\u00bbon|phone\u00a0\u00bb height=\u00a0\u00bb100vh\u00a0\u00bb global_colors_info=\u00a0\u00bb{}\u00a0\u00bb]<div class=\"trip-overlay\"><div class=\"trip-title\"><h1>Le quartier rouge de Vacaya<\/h1><\/div><\/div>[\/et_pb_fullwidth_code][et_pb_fullwidth_slider show_arrows=\u00a0\u00bboff\u00a0\u00bb admin_label=\u00a0\u00bbSlider Images\u00a0\u00bb module_id=\u00a0\u00bbslider-images\u00a0\u00bb _builder_version=\u00a0\u00bb4.23.4&Prime; _module_preset=\u00a0\u00bbdefault\u00a0\u00bb height=\u00a0\u00bb100vh\u00a0\u00bb auto=\u00a0\u00bbon\u00a0\u00bb global_colors_info=\u00a0\u00bb{}\u00a0\u00bb][et_pb_slide _builder_version=\u00a0\u00bb4.23.4&Prime; _module_preset=\u00a0\u00bbdefault\u00a0\u00bb background_color=\u00a0\u00bbRGBA(255,255,255,0)\u00a0\u00bb background_enable_color=\u00a0\u00bbon\u00a0\u00bb background_image=\u00a0\u00bbhttps:\/\/www.myvacaya.com\/wp-content\/uploads\/2024\/03\/RLD-Hero-Desktop.jpg\u00a0\u00bb background_enable_image=\u00a0\u00bbon\u00a0\u00bb background_last_edited=\u00a0\u00bbon|phone\u00a0\u00bb background_image_phone=\u00a0\u00bbhttps:\/\/www.myvacaya.com\/wp-content\/uploads\/2024\/03\/RLD-Hero-mobile.jpg\u00a0\u00bb background_enable_image_phone=\u00a0\u00bbon\u00a0\u00bb global_colors_info=\u00a0\u00bb{}\u00a0\u00bb sticky_transition=\u00a0\u00bbon\u00a0\u00bb][\/et_pb_slide][\/et_pb_fullwidth_slider][\/et_pb_section][et_pb_section fb_built=\u00a0\u00bb1&Prime; custom_padding_last_edited=\u00a0\u00bbon|desktop\u00a0\u00bb _builder_version=\u00a0\u00bb4.23.4&Prime; _module_preset=\u00a0\u00bbdefault\u00a0\u00bb custom_padding=\u00a0\u00bb||||false|false\u00a0\u00bb custom_padding_tablet=\u00a0\u00bb||||false|false\u00a0\u00bb custom_padding_phone=\u00a0\u00bb||||false|false\u00a0\u00bb global_colors_info=\u00a0\u00bb{}\u00a0\u00bb][et_pb_row _builder_version=\u00a0\u00bb4.17.6&Prime; _module_preset=\u00a0\u00bbdefault\u00a0\u00bb custom_padding=\u00a0\u00bb||0%||false|false\u00a0\u00bb global_colors_info=\u00a0\u00bb{}\u00a0\u00bb][et_pb_column type=\u00a0\u00bb4_4&Prime; _builder_version=\u00a0\u00bb4.17.6&Prime; _module_preset=\u00a0\u00bbdefault\u00a0\u00bb global_colors_info=\u00a0\u00bb{}\u00a0\u00bb][et_pb_text _builder_version=\u00a0\u00bb4.23.4&Prime; _module_preset=\u00a0\u00bbdefault\u00a0\u00bb global_colors_info=\u00a0\u00bb{}\u00a0\u00bb]<\/p>\n<p>Entrez dans un espace captivant o\u00f9 les fantasmes prennent vie et o\u00f9 les inhibitions se dissipent dans un terrain de jeu sexuel progressif. En explorant cette oasis, vous d\u00e9couvrirez un monde intime o\u00f9 la passion et le d\u00e9sir sexuels d\u00e9complex\u00e9s occupent une place centrale. Perdez-vous dans le labyrinthe, les rythmes rythm\u00e9s et les g\u00e9missements de ferveur all\u00e9chants qui flottent dans l&rsquo;air. Bienvenue dans le quartier rouge de VACAYA&nbsp;!<\/p>\n<p>Le RLD de VACAYA est un terrain de jeu de sensualit\u00e9, minutieusement con\u00e7u pour combler vos d\u00e9sirs les plus profonds. Passez du temps dans la zone de d\u00e9tente et profitez de la compagnie d&rsquo;adultes partageant les m\u00eames id\u00e9es au clair de lune. Lorsque vous \u00eates pr\u00eat, entrez dans l&rsquo;espace de jeu pour d\u00e9couvrir un espace d\u00e9cadent orn\u00e9 de meubles pour pimenter la nuit et d&rsquo;un \u00e9clairage tamis\u00e9 qui projette une lueur s\u00e9duisante. Laissez-vous transporter dans un royaume o\u00f9 le plaisir ne conna\u00eet pas de limites.<\/p>\n<p><strong>\u00c9coutons certains de nos invit\u00e9s qui ont v\u00e9cu l&rsquo;exp\u00e9rience RLD de VACAYA&nbsp;:  <\/strong><\/p>\n<p>[\/et_pb_text][\/et_pb_column][\/et_pb_row][et_pb_row custom_padding_last_edited=\u00a0\u00bbon|desktop\u00a0\u00bb _builder_version=\u00a0\u00bb4.17.6&Prime; _module_preset=\u00a0\u00bbdefault\u00a0\u00bb custom_padding=\u00a0\u00bb||0%||false|false\u00a0\u00bb custom_padding_tablet=\u00a0\u00bb\u00a0\u00bb custom_padding_phone=\u00a0\u00bb||||false|false\u00a0\u00bb global_colors_info=\u00a0\u00bb{}\u00a0\u00bb][et_pb_column type=\u00a0\u00bb4_4&Prime; _builder_version=\u00a0\u00bb4.17.4&Prime; _module_preset=\u00a0\u00bbdefault\u00a0\u00bb global_colors_info=\u00a0\u00bb{}\u00a0\u00bb][et_pb_image src=\u00a0\u00bbhttps:\/\/www.myvacaya.com\/wp-content\/uploads\/2024\/03\/Website-Video-RLD-Testimonials-2.jpg\u00a0\u00bb title_text=\u00a0\u00bbVid\u00e9o du site Web T\u00e9moignages RLD 2&Prime; show_bottom_space=\u00a0\u00bboff\u00a0\u00bb force_fullwidth=\u00a0\u00bbon\u00a0\u00bb admin_label=\u00a0\u00bbVideo Thumbnail\u00a0\u00bb module_class=\u00a0\u00bbpopmake-148917&Prime; _builder_version=\u00a0\u00bb4.23.4&Prime; _module_preset=\u00a0\u00bbdefault\u00a0\u00bb scroll_fade_enable=\u00a0\u00bbon\u00a0\u00bb global_colors_info=\u00a0\u00bb{}\u00a0\u00bb][\/et_pb_image][et_pb_image src=\u00a0\u00bbhttps:\/\/www.myvacaya.com\/wp-content\/uploads\/2022\/07\/play-btn.png\u00a0\u00bb title_text=\u00a0\u00bbplay-btn\u00a0\u00bb align=\u00a0\u00bbcenter\u00a0\u00bb admin_label=\u00a0\u00bbPlay Button\u00a0\u00bb module_class=\u00a0\u00bbpopmake-148917&Prime; _builder_version=\u00a0\u00bb4.23.4&Prime; _module_preset=\u00a0\u00bbdefault\u00a0\u00bb positioning=\u00a0\u00bbabsolute\u00a0\u00bb position_origin_a=\u00a0\u00bbcenter_center\u00a0\u00bb position_origin_f=\u00a0\u00bbcenter_center\u00a0\u00bb z_index=\u00a0\u00bb10&Prime; width=\u00a0\u00bb100%\u00a0\u00bb global_colors_info=\u00a0\u00bb{}\u00a0\u00bb][\/et_pb_image][\/et_pb_column][\/et_pb_row][et_pb_row _builder_version=\u00a0\u00bb4.17.6&Prime; _module_preset=\u00a0\u00bbdefault\u00a0\u00bb custom_padding=\u00a0\u00bb||0%||false|false\u00a0\u00bb global_colors_info=\u00a0\u00bb{}\u00a0\u00bb][et_pb_column type=\u00a0\u00bb4_4&Prime; _builder_version=\u00a0\u00bb4.17.6&Prime; _module_preset=\u00a0\u00bbdefault\u00a0\u00bb global_colors_info=\u00a0\u00bb{}\u00a0\u00bb][et_pb_text _builder_version=\u00a0\u00bb4.23.4&Prime; _module_preset=\u00a0\u00bbdefault\u00a0\u00bb global_colors_info=\u00a0\u00bb{}\u00a0\u00bb]<strong>Pourquoi le RLD existe<\/strong><br \/>\nChez VACAYA, nous embrassons et c\u00e9l\u00e9brons tout le spectre de notre existence humaine \u2013 en puisant dans les sublimes v\u00e9rit\u00e9s et r\u00e9alit\u00e9s humaines de chacun des membres de notre communaut\u00e9. \u00c0 quelques exceptions pr\u00e8s (nous vous saluons, nos fr\u00e8res et s\u0153urs asexuels), nous sommes TOUS des \u00eatres sexuels. Et pour beaucoup de membres de notre communaut\u00e9, le sexe est l\u2019une des expressions les plus fondamentales de notre humanit\u00e9.<\/p>\n<p>Ainsi, au lieu de repousser cette r\u00e9alit\u00e9 dans l&rsquo;ombre comme beaucoup d&rsquo;autres l&rsquo;ont fait, chez VACAYA, nous la c\u00e9l\u00e9brons avec notre quartier rouge r\u00e9volutionnaire de fin de soir\u00e9e sur nos grandes croisi\u00e8res et dans la plupart de nos complexes h\u00f4teliers. Notre \u00ab RLD \u00bb n\u2019est qu\u2019un des nombreux aspects de l\u2019exp\u00e9rience VACAYA. Si ce n&rsquo;est pas votre tasse de th\u00e9 proverbiale, vous serez enchant\u00e9 par une myriade d&rsquo;autres options non sexuelles chaque soir.<\/p>\n<p>Si vous souhaitez faire l&rsquo;exp\u00e9rience de notre RLD, il est essentiel de comprendre les \u00e9l\u00e9ments fondamentaux et l&rsquo;\u00e9tiquette&nbsp;:<\/p>\n<p><strong>Quand et o\u00f9.  <\/strong><br \/>\nNos quartiers rouges sont situ\u00e9s dans les espaces \u00e0 bord ou dans nos complexes qui ont le plus de sens. Nous examinons la s\u00e9curit\u00e9, la confidentialit\u00e9, la sortie, etc. pour d\u00e9terminer le meilleur emplacement. Sur les navires, le RLD se situe g\u00e9n\u00e9ralement sur les terrains de sport du pont sup\u00e9rieur. Dans nos resorts, la localisation est plus fluide, mais g\u00e9n\u00e9ralement un peu hors des sentiers battus. Lors de la plupart des voyages sur de grands navires\/stations baln\u00e9aires, notre RLD ouvre entre 22h et 23h et dure jusqu&rsquo;aux petites heures (\u00ab petites heures \u00bb est d\u00e9finie comme lorsqu&rsquo;il reste peu de monde dans l&rsquo;espace de jeu et que VACAYA RLD Guru Patrick est pr\u00eat \u00e0 partir. au lit. Alors venez quand vous \u00eates pr\u00eat, venez souvent et profitez-en&nbsp;!).<\/p>\n<p><strong>Espaces sexuels positifs et progressistes.<\/strong><br \/>\nLe mouvement sexo-positif est un mouvement social et philosophique qui cherche \u00e0 changer les attitudes et les normes culturelles autour de la sexualit\u00e9, en promouvant la reconnaissance de la sexualit\u00e9 (et de ses innombrables formes d&rsquo;expression) comme une partie naturelle et saine de l&rsquo;exp\u00e9rience humaine et en soulignant l&rsquo;importance de la souverainet\u00e9 personnelle, les pratiques sexuelles plus s\u00fbres et les relations sexuelles consensuelles (sans violence ni coercition). Il couvre tous les aspects de l\u2019identit\u00e9 sexuelle, y compris l\u2019expression de genre, l\u2019orientation, la relation au corps (body-positivit\u00e9, nudit\u00e9, choix), le choix du style relationnel et les droits reproductifs.<\/p>\n<p>La nature sexuelle progressive de VACAYA est \u00ab une attitude envers la sexualit\u00e9 humaine qui consid\u00e8re toutes les activit\u00e9s sexuelles consensuelles comme fondamentalement saines et agr\u00e9ables, encourageant le plaisir sexuel et l&rsquo;exp\u00e9rimentation. Elle bouscule les tabous soci\u00e9taux et vise \u00e0 promouvoir des activit\u00e9s sexuelles saines et consensuelles. Notre nature progressiste en mati\u00e8re de sexualit\u00e9 plaide \u00e9galement pour une \u00e9ducation sexuelle compl\u00e8te et des relations sexuelles prot\u00e9g\u00e9es dans le cadre de sa position. Nous ne faisons g\u00e9n\u00e9ralement aucune distinction morale entre les types d\u2019activit\u00e9s sexuelles, consid\u00e9rant ces choix comme des questions de pr\u00e9f\u00e9rence personnelle.<\/p>\n<p><strong>Le consentement est requis.<\/strong><br \/>\nLorsque l\u2019on s\u2019engage dans le RLD, la recherche du consentement n\u2019est pas seulement une exigence, mais un aspect fondamental du respect, de la dignit\u00e9 et de la conduite \u00e9thique. Il incarne la reconnaissance de l\u2019autonomie individuelle et du droit \u00e0 l\u2019autod\u00e9termination. L&rsquo;obtention d&rsquo;un consentement explicite \u00e9tablit une base de confiance et garantit que toutes les parties impliqu\u00e9es sont des participants consentants. Il favorise une culture de compr\u00e9hension mutuelle, o\u00f9 les fronti\u00e8res sont reconnues et respect\u00e9es, favorisant ainsi des relations plus saines et plus significatives. VEUILLEZ DEMANDER ET OBTENIR LE CONSENTEMENT AVANT DE VOUS ENGAGER DANS TOUTE ACTIVIT\u00c9 AU SEIN DU RLD.<\/p>\n<p><strong>Les gens recherchent et donnent leur consentement de diff\u00e9rentes mani\u00e8res.<\/strong><br \/>\nQue ce soit par le biais de la communication verbale ou d&rsquo;indices non verbaux comme le toucher, la reconnaissance des diff\u00e9rents styles de communication est cruciale pour favoriser la compr\u00e9hension mutuelle et garantir que toutes les interactions sont consensuelles et respectueuses. De plus, il est important de comprendre que des attouchements et des attouchements anonymes peuvent se produire dans certains espaces, et les individus doivent \u00eatre pr\u00eats \u00e0 g\u00e9rer de telles situations avec assurance. Quelle que soit la mani\u00e8re dont le consentement est recherch\u00e9, chacun conserve la possibilit\u00e9 de refuser son consentement ; si quelqu&rsquo;un vous touche, vous pouvez verbaliser votre non-consentement, le repousser gentiment ou \u00e9loigner sa main.<\/p>\n<p><strong>Non veut dire Non.  <\/strong><br \/>\nCela devrait aller de soi, mais \u00ab non signifie non \u00bb dans toutes les formes de communication. Qu&rsquo;une personne exprime son d\u00e9sint\u00e9r\u00eat verbalement, physiquement ou par le langage corporel, il est essentiel de respecter ses limites et de s&rsquo;abstenir d&rsquo;\u00eatre insistant ou irrespectueux. N&rsquo;essayez pas de lancer le jeu si quelqu&rsquo;un s&rsquo;\u00e9loigne, secoue la t\u00eate, repousse votre main ou refuse par le langage corporel. Ne soyez pas insistant ou grossier. Soyez conscient de votre langage corporel et de celui des autres et rappelez-vous que le consentement non verbal devient plus difficile \u00e0 lire lorsqu\u2019il s\u2019agit d\u2019alcool. Si vous \u00eates en \u00e9tat d&rsquo;\u00e9bri\u00e9t\u00e9, le moniteur VACAYA RLD vous demandera de quitter l&rsquo;espace, que quelqu&rsquo;un se soit plaint ou non. Pour ceux qui recherchent le consentement de mani\u00e8re non verbale, veuillez garder cette r\u00e8gle simple \u00e0 l\u2019esprit&nbsp;: ne soyez pas un connard. Ne vous imposez pas \u00e0 quelqu&rsquo;un s&rsquo;il nie clairement son consentement. Cela devient une agression. Le non-respect du consentement n&rsquo;est pas sexy&nbsp;; c&rsquo;est du harc\u00e8lement. Et pousser trop loin pourrait \u00eatre criminel.<\/p>\n<p><strong>\u00c9coutons Marie et Steve, nos experts, qui nous \u00e9clairent sur la fa\u00e7on dont le consentement varie entre les espaces enti\u00e8rement masculins et queer&nbsp;:  <\/strong>[\/et_pb_text][\/et_pb_column][\/et_pb_row][et_pb_row custom_padding_last_edited=\u00a0\u00bbon|desktop\u00a0\u00bb _builder_version=\u00a0\u00bb4.17.6&Prime; _module_preset=\u00a0\u00bbdefault\u00a0\u00bb custom_padding=\u00a0\u00bb||0%||false|false\u00a0\u00bb custom_padding_tablet=\u00a0\u00bb\u00a0\u00bb custom_padding_phone=\u00a0\u00bb||||false|false\u00a0\u00bb global_colors_info=\u00a0\u00bb{}\u00a0\u00bb][et_pb_column type=\u00a0\u00bb4_4&Prime; _builder_version=\u00a0\u00bb4.17.4&Prime; _module_preset=\u00a0\u00bbdefault\u00a0\u00bb global_colors_info=\u00a0\u00bb{}\u00a0\u00bb][et_pb_image src=\u00a0\u00bbhttps:\/\/www.myvacaya.com\/wp-content\/uploads\/2024\/03\/Consent-Website-Video-Thumbnail.jpg\u00a0\u00bb title_text=\u00a0\u00bbMiniature de la vid\u00e9o du site Web de consentement\u00a0\u00bb show_bottom_space=\u00a0\u00bboff\u00a0\u00bb force_fullwidth=\u00a0\u00bbon\u00a0\u00bb admin_label=\u00a0\u00bbVideo Thumbnail\u00a0\u00bb module_class=\u00a0\u00bbpopmake-148946&Prime; _builder_version=\u00a0\u00bb4.23.4&Prime; _module_preset=\u00a0\u00bbdefault\u00a0\u00bb scroll_fade_enable=\u00a0\u00bbon\u00a0\u00bb global_colors_info=\u00a0\u00bb{}\u00a0\u00bb][\/et_pb_image][et_pb_image src=\u00a0\u00bbhttps:\/\/www.myvacaya.com\/wp-content\/uploads\/2022\/07\/play-btn.png\u00a0\u00bb title_text=\u00a0\u00bbplay-btn\u00a0\u00bb align=\u00a0\u00bbcenter\u00a0\u00bb admin_label=\u00a0\u00bbPlay Button\u00a0\u00bb module_class=\u00a0\u00bbpopmake-148946&Prime; _builder_version=\u00a0\u00bb4.23.4&Prime; _module_preset=\u00a0\u00bbdefault\u00a0\u00bb positioning=\u00a0\u00bbabsolute\u00a0\u00bb position_origin_a=\u00a0\u00bbcenter_center\u00a0\u00bb position_origin_f=\u00a0\u00bbcenter_center\u00a0\u00bb z_index=\u00a0\u00bb10&Prime; width=\u00a0\u00bb100%\u00a0\u00bb global_colors_info=\u00a0\u00bb{}\u00a0\u00bb][\/et_pb_image][\/et_pb_column][\/et_pb_row][et_pb_row _builder_version=\u00a0\u00bb4.23.4&Prime; _module_preset=\u00a0\u00bbdefault\u00a0\u00bb custom_padding=\u00a0\u00bb||||false|false\u00a0\u00bb global_colors_info=\u00a0\u00bb{}\u00a0\u00bb][et_pb_column type=\u00a0\u00bb4_4&Prime; _builder_version=\u00a0\u00bb4.17.6&Prime; _module_preset=\u00a0\u00bbdefault\u00a0\u00bb global_colors_info=\u00a0\u00bb{}\u00a0\u00bb][et_pb_text _builder_version=\u00a0\u00bb4.23.4&Prime; _module_preset=\u00a0\u00bbdefault\u00a0\u00bb global_colors_info=\u00a0\u00bb{}\u00a0\u00bb]<strong>Un consentement implicite est possible, mais peut \u00eatre r\u00e9voqu\u00e9.<\/strong><br \/>\nSi quelqu&rsquo;un a les yeux band\u00e9s et est \u00e0 quatre pattes, il est probable qu&rsquo;il vous donne son consentement non verbal pour avoir des relations sexuelles avec lui. Si un homme se tient l\u00e0 avec sa bite \u00e0 la main, il vous donne peut-\u00eatre votre consentement non verbal pour l&rsquo;approcher et probablement pour lui faire une fellation. Certains \u00e9v\u00e9nements ont des Glory Holes. Les Glory Holes sont un autre endroit o\u00f9 il existe un certain degr\u00e9 de consentement implicite, car une partie de l&rsquo;enthousiasme des participants volontaires vient du fait qu&rsquo;ils ne peuvent pas voir la personne de l&rsquo;autre c\u00f4t\u00e9 du Glory Hole. Toutefois, si quelqu&rsquo;un s&rsquo;\u00e9loigne ou signale un changement d&rsquo;intention, cela signifie qu&rsquo;il a refus\u00e9 son consentement.<\/p>\n<p><strong>En cas de doute, demandez. Si quelque chose arrive, parlez-en \u00e0 quelqu&rsquo;un.<\/strong><br \/>\nIl est acceptable de demander des \u00e9claircissements \u00e0 un participant RLD ou au <strong>moniteur VACAYA RLD<\/strong> . Et si vous rencontrez un comportement qui ne correspond pas aux param\u00e8tres ci-dessus et que vous sentez que votre espace a \u00e9t\u00e9 viol\u00e9, informez le moniteur VACAYA RLD ou un membre de la V Team. S&rsquo;il y a une plainte, notre moniteur RLD entrera \u00e0 l&rsquo;int\u00e9rieur et rappellera \u00e0 tout le monde quelles sont les politiques pour s&rsquo;assurer que cela ne se reproduise plus. S&rsquo;il s&rsquo;agit d&rsquo;un probl\u00e8me grave, le moniteur peut \u00e9teindre le RLD pour la nuit. Mais en g\u00e9n\u00e9ral, le moniteur RLD garantit que le RLD est bien rang\u00e9, r\u00e9pond aux questions et contribue \u00e0 cr\u00e9er un espace s\u00fbr et sensuel pour nos invit\u00e9s.<\/p>\n<p><strong>Ne laissez pas le rejet g\u00e2cher votre soir\u00e9e.<\/strong><br \/>\nCertaines personnes voudront jouer avec vous, d&rsquo;autres non. La personne que vous avez regard\u00e9e toute la nuit n&rsquo;est peut-\u00eatre pas int\u00e9ress\u00e9e par vous, et ce n&rsquo;est pas grave. Acceptez-le et sachez que cela fait partie de la r\u00e9alit\u00e9 de chaque espace de jeu.<\/p>\n<p><strong>Respectez la vie priv\u00e9e. Pas de photos ni de vid\u00e9ographie.<\/strong><br \/>\nLe Red Light District est un endroit o\u00f9 les gens vont se d\u00e9complexer, se d\u00e9tacher de la morale et du jugement de la soci\u00e9t\u00e9 et r\u00e9aliser leurs fantasmes sexuels. Le respect de la vie priv\u00e9e des autres est essentiel pour maintenir cette atmosph\u00e8re. Parler des autres participants en dehors de ces lieux donne une mauvaise image de vous et nuit \u00e0 l&rsquo;objectif de l&rsquo;espace. LES CAM\u00c9RAS NE SONT PAS AUTORIS\u00c9ES DANS LE QUARTIER ROUGE.<\/p>\n<p><strong>Si vous choisissez d&rsquo;avoir des relations sexuelles non prot\u00e9g\u00e9es, assumez les risques.<\/strong><br \/>\nTous les rapports sexuels comportent un certain risque de transmission du VIH\/IST, mais ce risque peut \u00eatre minimis\u00e9 si vous prenez certaines mesures de pr\u00e9caution, comme l&rsquo;utilisation de pr\u00e9servatifs ou la PrEP. M\u00eame avec des pr\u00e9servatifs, vous courez toujours un risque de contracter des infections sexuellement transmissibles courantes, et la PrEP ne vous prot\u00e8ge que du VIH. C&rsquo;est pourquoi la page officielle de la PrEP sur le site Web du CDC indique que vous devez utiliser des pr\u00e9servatifs en conjonction avec la PrEP pour vous prot\u00e9ger contre des infections comme la syphilis, la chlamydia et la gonorrh\u00e9e.<\/p>\n<p>Si vous choisissez de ne pas porter de pr\u00e9servatif, vous courez \u00e9videmment un risque plus \u00e9lev\u00e9 de contracter une IST que vos pairs qui en portent. C&rsquo;est un simple fait. Il n\u2019y a cependant aucune honte \u00e0 cela. C&rsquo;est juste un fait de la vie sexuelle d&rsquo;aujourd&rsquo;hui. Si vous aimez le jeu anonyme &#8211; sans parler, sans noms, sans bavardages &#8211; vous assumez un risque encore plus \u00e9lev\u00e9, et un tel risque fait absolument partie de ce type d&rsquo;exp\u00e9rience.<\/p>\n<p>Puisque le risque est in\u00e9vitable, il n&rsquo;y a aucune raison de laisser cette r\u00e9alit\u00e9 vous emp\u00eacher de profiter de ce que vous aimez. Prenez les mesures n\u00e9cessaires pour rester en bonne sant\u00e9. Faites-vous tester fr\u00e9quemment. Si vous \u00eates s\u00e9ropositif, prenez des m\u00e9dicaments d\u00e8s que possible et prenez-les avec diligence. Les personnes s\u00e9ropositives qui prennent leurs m\u00e9dicaments tels que prescrits peuvent devenir ind\u00e9tectables, ce qui signifie que les tests de d\u00e9tection des anticorps anti-VIH ne peuvent pas d\u00e9tecter le virus dans leur sang et que la probabilit\u00e9 de transmettre le virus \u00e0 leurs partenaires est \u00ab extr\u00eamement faible \u00bb. Ind\u00e9tectable = Intransmissible (U=U).<\/p>\n<p><strong>Faites-vous tester pour le VIH et les autres IST avant ET apr\u00e8s l&rsquo;\u00e9v\u00e9nement.<\/strong><br \/>\nSi vous faites autre chose que de l&rsquo;observer, il va sans dire que tout le monde devrait subir un test de d\u00e9pistage des infections sexuellement transmissibles avant et apr\u00e8s des vacances VACAYA au cours desquelles vous envisagez de fr\u00e9quenter le quartier rouge. Le d\u00e9pistage fr\u00e9quent est la fa\u00e7on dont notre communaut\u00e9 r\u00e9duit la propagation du VIH et d&rsquo;autres infections sexuellement transmissibles.<\/p>\n<p><strong>Amusez-vous et explorez vos limites pass\u00e9es.<\/strong><br \/>\nEt surtout, amusez-vous. Le RLD est un endroit s\u00fbr pour explorer et m\u00eame d\u00e9passer les limites sexuelles pass\u00e9es, o\u00f9 les individus peuvent librement embrasser leurs d\u00e9sirs et leurs curiosit\u00e9s sans crainte de jugement ou de pr\u00e9judice. Il offre un environnement favorable \u00e0 la croissance personnelle et \u00e0 la d\u00e9couverte, encourageant les participants \u00e0 s&rsquo;engager dans des exp\u00e9riences consensuelles qui r\u00e9pondent \u00e0 leurs d\u00e9sirs et \u00e9largissent leurs horizons sexuels. Qu&rsquo;il s&rsquo;agisse de rechercher de nouvelles aventures ou d&rsquo;approfondir des liens existants, le RLD favorise une culture d&rsquo;ouverture et d&rsquo;acceptation, o\u00f9 les individus peuvent s&rsquo;exprimer de mani\u00e8re authentique et profiter des plaisirs de l&rsquo;exploration.[\/et_pb_text][\/et_pb_column][\/et_pb_row][\/et_pb_section]<\/p>\n","protected":false},"excerpt":{"rendered":"<p><div class=\"trip-overlay\"><div class=\"trip-title\"><h1>Tuiles de voyage avec titre &#8211; Croisi\u00e8res uniquement<\/h1><\/div><\/div>Entrez dans un espace captivant o\u00f9 les fantasmes prennent vie et o\u00f9 les inhibitions se dissipent dans un terrain de jeu sexuel progressif. En explorant cette oasis, vous d\u00e9couvrirez un monde intime o\u00f9 la passion et le d\u00e9sir sexuels d\u00e9complex\u00e9s occupent une place centrale. Perdez-vous dans le labyrinthe, les rythmes rythm\u00e9s et les g\u00e9missements de [&hellip;]<\/p>\n","protected":false},"author":1,"featured_media":0,"parent":84365,"menu_order":0,"comment_status":"closed","ping_status":"closed","template":"","meta":{"_acf_changed":false,"_et_pb_use_builder":"on","_et_pb_old_content":"","_et_gb_content_width":"","_monsterinsights_skip_tracking":false,"_monsterinsights_sitenote_active":false,"_monsterinsights_sitenote_note":"","_monsterinsights_sitenote_category":0,"footnotes":""},"class_list":["post-148977","page","type-page","status-publish","hentry"],"acf":[],"_links":{"self":[{"href":"https:\/\/www.myvacaya.com\/fr\/wp-json\/wp\/v2\/pages\/148977","targetHints":{"allow":["GET"]}}],"collection":[{"href":"https:\/\/www.myvacaya.com\/fr\/wp-json\/wp\/v2\/pages"}],"about":[{"href":"https:\/\/www.myvacaya.com\/fr\/wp-json\/wp\/v2\/types\/page"}],"author":[{"embeddable":true,"href":"https:\/\/www.myvacaya.com\/fr\/wp-json\/wp\/v2\/users\/1"}],"replies":[{"embeddable":true,"href":"https:\/\/www.myvacaya.com\/fr\/wp-json\/wp\/v2\/comments?post=148977"}],"version-history":[{"count":8,"href":"https:\/\/www.myvacaya.com\/fr\/wp-json\/wp\/v2\/pages\/148977\/revisions"}],"predecessor-version":[{"id":149039,"href":"https:\/\/www.myvacaya.com\/fr\/wp-json\/wp\/v2\/pages\/148977\/revisions\/149039"}],"up":[{"embeddable":true,"href":"https:\/\/www.myvacaya.com\/fr\/wp-json\/wp\/v2\/pages\/84365"}],"wp:attachment":[{"href":"https:\/\/www.myvacaya.com\/fr\/wp-json\/wp\/v2\/media?parent=148977"}],"curies":[{"name":"wp","href":"https:\/\/api.w.org\/{rel}","templated":true}]}}