{"id":62898,"date":"2018-04-20T15:09:39","date_gmt":"2018-04-20T19:09:39","guid":{"rendered":"https:\/\/www.myvacaya.com\/centro-de-prensa\/descargas-de-imagenes-y-logotipos\/pulse-iniciar-sesion\/"},"modified":"2023-08-02T14:36:00","modified_gmt":"2023-08-02T18:36:00","slug":"pulse-iniciar-sesion","status":"publish","type":"page","link":"https:\/\/www.myvacaya.com\/es\/centro-de-prensa\/descargas-de-imagenes-y-logotipos\/pulse-iniciar-sesion\/","title":{"rendered":"Pulse Iniciar sesi\u00f3n"},"content":{"rendered":"<p>[et_pb_section fb_built=\u00bb1&#8243; fullwidth=\u00bbon\u00bb admin_label=\u00bbSlider\u00bb module_id=\u00bbdeslizador-secci\u00f3n-interior\u00bb _builder_version=\u00bb4.17.6&#8243; _module_preset=\u00bbdefault\u00bb background_enable_image=\u00bboff\u00bb global_colors_info=\u00bb{}\u00bb][et_pb_fullwidth_code admin_label=\u00bbSlider Overlay\u00bb module_class=\u00bbinterior-page-overlay\u00bb _builder_version=\u00bb4.17.6&#8243; _module_preset=\u00bbdefault\u00bb positioning=\u00bbabsolute\u00bb position_origin_a=\u00bbtop_right\u00bb position_origin_f=\u00bbtop_right\u00bb z_index=\u00bb100&#8243; width=\u00bb50%\u00bb width_tablet=\u00bb50%\u00bb width_phone=\u00bb100%\u00bb width_last_edited=\u00bbon|phone\u00bb height=\u00bb100vh\u00bb hover_enabled=\u00bb0&#8243; global_colors_info=\u00bb{}\u00bb sticky_enabled=\u00bb0&#8243;]<div class=\"trip-overlay\"><div class=\"trip-title\"><h1>Pulse Iniciar sesi\u00f3n<\/h1><\/div><\/div>[\/et_pb_fullwidth_code][et_pb_fullwidth_slider show_arrows=\u00bboff\u00bb admin_label=\u00bbSlider Images\u00bb module_id=\u00bbslider-images\u00bb _builder_version=\u00bb4.17.6&#8243; _module_preset=\u00bbdefault\u00bb height=\u00bb100vh\u00bb auto=\u00bbon\u00bb global_colors_info=\u00bb{}\u00bb][et_pb_slide _builder_version=\u00bb4.17.6&#8243; _module_preset=\u00bbdefault\u00bb background_color=\u00bbRGBA(255,255,255,0)\u00bb background_enable_color=\u00bbon\u00bb background_image=\u00bbhttps:\/\/www.myvacaya.com\/wp-content\/uploads\/2022\/09\/download.jpg\u00bb background_enable_image=\u00bbon\u00bb background_last_edited=\u00bbon|desktop\u00bb background_image_phone=\u00bbhttps:\/\/www.myvacaya.com\/wp-content\/uploads\/2022\/11\/press-center-login-mobile-414&#215;500-1.jpg\u00bb background_enable_image_phone=\u00bbon\u00bb global_colors_info=\u00bb{}\u00bb sticky_transition=\u00bbon\u00bb][\/et_pb_slide][\/et_pb_fullwidth_slider][\/et_pb_section][et_pb_section fb_built=\u00bb1&#8243; custom_padding_last_edited=\u00bbon|phone\u00bb _builder_version=\u00bb4.17.6&#8243; _module_preset=\u00bbdefault\u00bb custom_padding=\u00bb||||false|false\u00bb custom_padding_tablet=\u00bb||||false|false\u00bb custom_padding_phone=\u00bb||||false|false\u00bb global_colors_info=\u00bb{}\u00bb][et_pb_row custom_padding_last_edited=\u00bbon|desktop\u00bb _builder_version=\u00bb4.17.6&#8243; _module_preset=\u00bbdefault\u00bb custom_padding=\u00bb||||false|false\u00bb custom_padding_tablet=\u00bb||||false|false\u00bb custom_padding_phone=\u00bb||||false|false\u00bb global_colors_info=\u00bb{}\u00bb][et_pb_column type=\u00bb4_4&#8243; _builder_version=\u00bb4.17.6&#8243; _module_preset=\u00bbdefault\u00bb global_colors_info=\u00bb{}\u00bb][et_pb_text admin_label=\u00bbSection Title &#8211; H3&#8243; _builder_version=\u00bb4.17.6&#8243; _module_preset=\u00bbdefault\u00bb header_3_font=\u00bbFutura Bold|||on|||||\u00bb header_3_text_align=\u00bbcenter\u00bb header_3_text_color=\u00bb#000000&#8243; header_3_font_size=\u00bb18px\u00bb header_3_letter_spacing=\u00bb1.8px\u00bb header_3_line_height=\u00bb24px\u00bb custom_margin=\u00bb||||false|false\u00bb custom_margin_tablet=\u00bb||||false|false\u00bb custom_margin_phone=\u00bb||||false|false\u00bb custom_margin_last_edited=\u00bbon|phone\u00bb custom_padding=\u00bb||||false|false\u00bb global_colors_info=\u00bb{}\u00bb]<\/p>\n<h3>Gracias por su inter\u00e9s en las im\u00e1genes y logotipos de VACAYA para sus art\u00edculos de prensa.<\/h3>\n<p>[\/et_pb_text][et_pb_text _builder_version=\u00bb4.17.6&#8243; _module_preset=\u00bbdefault\u00bb text_orientation=\u00bbcenter\u00bb custom_margin=\u00bb||||false|false\u00bb custom_margin_tablet=\u00bb||||false|false\u00bb custom_margin_phone=\u00bb||||false|false\u00bb custom_margin_last_edited=\u00bbon|phone\u00bb global_colors_info=\u00bb{}\u00bb]Esta \u00e1rea est\u00e1 protegida con contrase\u00f1a. Para obtener acceso, env\u00ede un correo electr\u00f3nico <a href=\"mailto:marketing@myvacaya.com\">a marketing@myvacaya.com<\/a> .<\/p>\n<div id=\"wppb-login-wrap\" class=\"wppb-user-forms\">\n\t\t<form name=\"wppb-loginform\" id=\"wppb-loginform\" class=\"\" action=\"https:\/\/www.myvacaya.com\/es\/wp-json\/wp\/v2\/pages\/62898\" method=\"post\">\n\t\t\t\n\t\t\t<p class=\"wppb-form-field login-username\">\n\t\t\t\t<label for=\"wppb_user_login\">Email<\/label>\n\t\t\t\t<input type=\"email\" name=\"log\" id=\"wppb_user_login\" class=\"input\" value=\"\" size=\"20\" \/>\n\t\t\t<\/p>\n\t\t\t<p class=\"wppb-form-field login-password\">\n\t\t\t\t<label for=\"wppb_user_pass\">Password<\/label>\n\t\t\t\t<span class=\"wppb-password-field-container\">\n\t\t\t\t    <input type=\"password\" name=\"pwd\" id=\"wppb_user_pass\" class=\"input\" value=\"\" size=\"20\" \/>\n\t\t\t\t     <!-- add the HTML for the visibility toggle -->\n\t\t\t\t<\/span>\n            <\/p>\n\t\t\t\n\t\t\t\n\t\t\t<p class=\"wppb-form-field login-remember\"><input name=\"rememberme\" type=\"checkbox\" id=\"rememberme\" value=\"forever\" \/><label for=\"rememberme\">Remember Me<\/label><\/p>\n\t\t\t<p class=\"login-submit\">\n\t\t\t\t<input type=\"submit\" name=\"wp-submit\" id=\"wppb-submit\" class=\"button button-primary\" value=\"Log In\"\" \/>\n\t\t\t\t<input type=\"hidden\" name=\"redirect_to\" value=\"https:\/\/www.myvacaya.com\/press-center\/image-logo-downloads\/press-materials\/\" \/>\n\t\t\t<\/p>\n\t\t\t<input type=\"hidden\" name=\"wppb_login\" value=\"true\"\/>\n\t\t\t<input type=\"hidden\" name=\"wppb_form_location\" value=\"widget\"\/>\n\t\t\t<input type=\"hidden\" name=\"wppb_request_url\" value=\"https:\/\/www.myvacaya.com\/es\/wp-json\/wp\/v2\/pages\/62898\"\/>\n\t\t\t<input type=\"hidden\" name=\"wppb_lostpassword_url\" value=\"\"\/>\n\t\t\t<input type=\"hidden\" name=\"wppb_redirect_priority\" value=\"normal\"\/>\n\t\t\t<input type=\"hidden\" name=\"wppb_referer_url\" value=\"\"\/>\n\t\t\t<input type=\"hidden\" id=\"CSRFToken-wppb\" name=\"CSRFToken-wppb\" value=\"216652dc31\" \/><input type=\"hidden\" name=\"_wp_http_referer\" value=\"\/es\/wp-json\/wp\/v2\/pages\/62898\" \/>\n\t\t\t<input type=\"hidden\" name=\"wppb_redirect_check\" value=\"true\"\/>\n\t\t\t\n\t\t<\/form><script>window.onload = function() { jQuery(document).ready(function($) { $(\"input[name=\\\"log\\\"]\").on(\"keyup\", function() { $(this).val( $.trim($(this).val()) ); }); }); }<\/script><\/div>\n<p>Si ya ha iniciado sesi\u00f3n y no est\u00e1 viendo las im\u00e1genes, su sesi\u00f3n se ha agotado. Por favor <strong>CERRAR SESI\u00d3N<\/strong> y volver a iniciar sesi\u00f3n.[\/et_pb_text][\/et_pb_column][\/et_pb_row][\/et_pb_section]<\/p>\n","protected":false},"excerpt":{"rendered":"<p><div class=\"trip-overlay\"><div class=\"trip-title\"><h1>Fichas de viaje con t\u00edtulo: solo cruceros<\/h1><\/div><\/div>Gracias por su inter\u00e9s en las im\u00e1genes y logotipos de VACAYA para sus art\u00edculos de prensa.Esta \u00e1rea est\u00e1 protegida con contrase\u00f1a. Para obtener acceso, env\u00ede un correo electr\u00f3nico a marketing@myvacaya.com . <div id=\"wppb-login-wrap\" class=\"wppb-user-forms\">\n\t\t<form name=\"wppb-loginform\" id=\"wppb-loginform\" class=\"\" action=\"https:\/\/www.myvacaya.com\/es\/wp-json\/wp\/v2\/pages\/62898\" method=\"post\">\n\t\t\t\n\t\t\t<p class=\"wppb-form-field login-username\">\n\t\t\t\t<label for=\"wppb_user_login\">Email<\/label>\n\t\t\t\t<input type=\"email\" name=\"log\" id=\"wppb_user_login\" class=\"input\" value=\"\" size=\"20\" \/>\n\t\t\t<\/p>\n\t\t\t<p class=\"wppb-form-field login-password\">\n\t\t\t\t<label for=\"wppb_user_pass\">Password<\/label>\n\t\t\t\t<span class=\"wppb-password-field-container\">\n\t\t\t\t    <input type=\"password\" name=\"pwd\" id=\"wppb_user_pass\" class=\"input\" value=\"\" size=\"20\" \/>\n\t\t\t\t     <!-- add the HTML for the visibility toggle -->\n\t\t\t\t<\/span>\n            <\/p>\n\t\t\t\n\t\t\t\n\t\t\t<p class=\"wppb-form-field login-remember\"><input name=\"rememberme\" type=\"checkbox\" id=\"rememberme\" value=\"forever\" \/><label for=\"rememberme\">Remember Me<\/label><\/p>\n\t\t\t<p class=\"login-submit\">\n\t\t\t\t<input type=\"submit\" name=\"wp-submit\" id=\"wppb-submit\" class=\"button button-primary\" value=\"Log In\"\" \/>\n\t\t\t\t<input type=\"hidden\" name=\"redirect_to\" value=\"https:\/\/www.myvacaya.com\/press-center\/image-logo-downloads\/press-materials\/\" \/>\n\t\t\t<\/p>\n\t\t\t<input type=\"hidden\" name=\"wppb_login\" value=\"true\"\/>\n\t\t\t<input type=\"hidden\" name=\"wppb_form_location\" value=\"widget\"\/>\n\t\t\t<input type=\"hidden\" name=\"wppb_request_url\" value=\"https:\/\/www.myvacaya.com\/es\/wp-json\/wp\/v2\/pages\/62898\"\/>\n\t\t\t<input type=\"hidden\" name=\"wppb_lostpassword_url\" value=\"\"\/>\n\t\t\t<input type=\"hidden\" name=\"wppb_redirect_priority\" value=\"normal\"\/>\n\t\t\t<input type=\"hidden\" name=\"wppb_referer_url\" value=\"\"\/>\n\t\t\t<input type=\"hidden\" id=\"CSRFToken-wppb\" name=\"CSRFToken-wppb\" value=\"216652dc31\" \/><input type=\"hidden\" name=\"_wp_http_referer\" value=\"\/es\/wp-json\/wp\/v2\/pages\/62898\" \/>\n\t\t\t<input type=\"hidden\" name=\"wppb_redirect_check\" value=\"true\"\/>\n\t\t\t\n\t\t<\/form><script>window.onload = function() { jQuery(document).ready(function($) { $(\"input[name=\\\"log\\\"]\").on(\"keyup\", function() { $(this).val( $.trim($(this).val()) ); }); }); }<\/script><\/div> Si ya ha iniciado sesi\u00f3n y no est\u00e1 viendo las im\u00e1genes, su sesi\u00f3n se ha agotado. Por favor CERRAR SESI\u00d3N y volver [&hellip;]<\/p>\n","protected":false},"author":1,"featured_media":0,"parent":62674,"menu_order":0,"comment_status":"closed","ping_status":"closed","template":"","meta":{"_acf_changed":false,"_et_pb_use_builder":"on","_et_pb_old_content":"","_et_gb_content_width":"","_monsterinsights_skip_tracking":false,"_monsterinsights_sitenote_active":false,"_monsterinsights_sitenote_note":"","_monsterinsights_sitenote_category":0,"footnotes":""},"class_list":["post-62898","page","type-page","status-publish","hentry"],"acf":[],"_links":{"self":[{"href":"https:\/\/www.myvacaya.com\/es\/wp-json\/wp\/v2\/pages\/62898","targetHints":{"allow":["GET"]}}],"collection":[{"href":"https:\/\/www.myvacaya.com\/es\/wp-json\/wp\/v2\/pages"}],"about":[{"href":"https:\/\/www.myvacaya.com\/es\/wp-json\/wp\/v2\/types\/page"}],"author":[{"embeddable":true,"href":"https:\/\/www.myvacaya.com\/es\/wp-json\/wp\/v2\/users\/1"}],"replies":[{"embeddable":true,"href":"https:\/\/www.myvacaya.com\/es\/wp-json\/wp\/v2\/comments?post=62898"}],"version-history":[{"count":1,"href":"https:\/\/www.myvacaya.com\/es\/wp-json\/wp\/v2\/pages\/62898\/revisions"}],"predecessor-version":[{"id":62913,"href":"https:\/\/www.myvacaya.com\/es\/wp-json\/wp\/v2\/pages\/62898\/revisions\/62913"}],"up":[{"embeddable":true,"href":"https:\/\/www.myvacaya.com\/es\/wp-json\/wp\/v2\/pages\/62674"}],"wp:attachment":[{"href":"https:\/\/www.myvacaya.com\/es\/wp-json\/wp\/v2\/media?parent=62898"}],"curies":[{"name":"wp","href":"https:\/\/api.w.org\/{rel}","templated":true}]}}