{"id":62847,"date":"2019-03-19T11:31:01","date_gmt":"2019-03-19T15:31:01","guid":{"rendered":"https:\/\/www.myvacaya.com\/mercado\/"},"modified":"2023-08-02T14:35:52","modified_gmt":"2023-08-02T18:35:52","slug":"mercado","status":"publish","type":"page","link":"https:\/\/www.myvacaya.com\/es\/mercado\/","title":{"rendered":"Mercado"},"content":{"rendered":"<p>[et_pb_section fb_built=\u00bb1&#8243; fullwidth=\u00bbon\u00bb admin_label=\u00bbSlider\u00bb module_id=\u00bbdeslizador-secci\u00f3n-interior\u00bb _builder_version=\u00bb4.17.6&#8243; _module_preset=\u00bbdefault\u00bb background_enable_image=\u00bboff\u00bb global_colors_info=\u00bb{}\u00bb][et_pb_fullwidth_code admin_label=\u00bbSlider Overlay\u00bb module_class=\u00bbinterior-page-overlay\u00bb _builder_version=\u00bb4.17.6&#8243; _module_preset=\u00bbdefault\u00bb positioning=\u00bbabsolute\u00bb position_origin_a=\u00bbtop_right\u00bb position_origin_f=\u00bbtop_right\u00bb z_index=\u00bb100&#8243; width=\u00bb50%\u00bb width_tablet=\u00bb50%\u00bb width_phone=\u00bb100%\u00bb width_last_edited=\u00bbon|phone\u00bb height=\u00bb100vh\u00bb hover_enabled=\u00bb0&#8243; global_colors_info=\u00bb{}\u00bb sticky_enabled=\u00bb0&#8243;]<div class=\"trip-overlay\"><div class=\"trip-title\"><h1>Mercado<\/h1><\/div><\/div>[\/et_pb_fullwidth_code][et_pb_fullwidth_slider show_arrows=\u00bboff\u00bb admin_label=\u00bbSlider Images\u00bb module_id=\u00bbslider-images\u00bb _builder_version=\u00bb4.17.6&#8243; _module_preset=\u00bbdefault\u00bb height=\u00bb100vh\u00bb auto=\u00bbon\u00bb global_colors_info=\u00bb{}\u00bb][et_pb_slide _builder_version=\u00bb4.17.6&#8243; _module_preset=\u00bbdefault\u00bb background_color=\u00bbRGBA(255,255,255,0)\u00bb background_enable_color=\u00bbon\u00bb background_image=\u00bbhttps:\/\/www.myvacaya.com\/wp-content\/uploads\/2022\/09\/VACAYA-Marketplace-1.jpg\u00bb background_enable_image=\u00bbon\u00bb background_last_edited=\u00bbon|desktop\u00bb background_image_phone=\u00bbhttps:\/\/www.myvacaya.com\/wp-content\/uploads\/2022\/11\/vacaya-our-name-mobile-414&#215;500-1.jpg\u00bb background_enable_image_phone=\u00bbon\u00bb global_colors_info=\u00bb{}\u00bb sticky_transition=\u00bbon\u00bb][\/et_pb_slide][\/et_pb_fullwidth_slider][\/et_pb_section][et_pb_section fb_built=\u00bb1&#8243; custom_padding_last_edited=\u00bbon|phone\u00bb _builder_version=\u00bb4.17.6&#8243; _module_preset=\u00bbdefault\u00bb custom_padding=\u00bb||||false|false\u00bb custom_padding_tablet=\u00bb||||false|false\u00bb custom_padding_phone=\u00bb||||false|false\u00bb global_colors_info=\u00bb{}\u00bb][et_pb_row custom_padding_last_edited=\u00bbon|desktop\u00bb _builder_version=\u00bb4.17.6&#8243; _module_preset=\u00bbdefault\u00bb custom_padding=\u00bb||||false|false\u00bb custom_padding_tablet=\u00bb||||false|false\u00bb custom_padding_phone=\u00bb||||false|false\u00bb global_colors_info=\u00bb{}\u00bb][et_pb_column type=\u00bb4_4&#8243; _builder_version=\u00bb4.17.6&#8243; _module_preset=\u00bbdefault\u00bb global_colors_info=\u00bb{}\u00bb][et_pb_text admin_label=\u00bbSection Title &#8211; H3&#8243; _builder_version=\u00bb4.17.6&#8243; _module_preset=\u00bbdefault\u00bb header_3_font=\u00bbFutura Bold|||on|||||\u00bb header_3_text_align=\u00bbcenter\u00bb header_3_text_color=\u00bb#000000&#8243; header_3_font_size=\u00bb18px\u00bb header_3_letter_spacing=\u00bb1.8px\u00bb header_3_line_height=\u00bb24px\u00bb custom_margin=\u00bb||||false|false\u00bb custom_margin_tablet=\u00bb||||false|false\u00bb custom_margin_phone=\u00bb||||false|false\u00bb custom_margin_last_edited=\u00bbon|phone\u00bb custom_padding=\u00bb||||false|false\u00bb custom_padding_tablet=\u00bb||||false|false\u00bb custom_padding_phone=\u00bb||||false|false\u00bb custom_padding_last_edited=\u00bbon|phone\u00bb global_colors_info=\u00bb{}\u00bb]<\/p>\n<h3>\u00a1Muestra tu esp\u00edritu VACAYA con lo \u00faltimo en V Gear!<\/h3>\n<p>[\/et_pb_text][et_pb_text admin_label=\u00bbText\u00bb _builder_version=\u00bb4.17.6&#8243; _module_preset=\u00bbdefault\u00bb custom_margin=\u00bb||||false|false\u00bb custom_margin_tablet=\u00bb||||false|false\u00bb custom_margin_phone=\u00bb||||false|false\u00bb custom_margin_last_edited=\u00bbon|phone\u00bb global_colors_info=\u00bb{}\u00bb]Nos complace anunciar el lanzamiento de nuestro nuevo Marketplace. Desde camisetas y camisetas sin mangas de VACAYA hasta sudaderas con capucha y mantas de arco\u00edris, aqu\u00ed puede encontrar todo lo que pueda desear para mostrar su apoyo a VACAYA. \u00a1Simplemente presione el bot\u00f3n rosa grande a continuaci\u00f3n y compre hasta el contenido de su coraz\u00f3n!<br \/>\n&nbsp;<br \/>\n<img loading=\"lazy\" decoding=\"async\" class=\"aligncenter wp-image-20744\" src=\"https:\/\/www.myvacaya.com\/wp-content\/uploads\/2020\/11\/Screen-Shot-2020-11-26-at-9.34.37-AM-300x163.png\" alt=\"\" width=\"600\" height=\"327\" srcset=\"https:\/\/www.myvacaya.com\/wp-content\/uploads\/2020\/11\/Screen-Shot-2020-11-26-at-9.34.37-AM-300x163.png 300w, https:\/\/www.myvacaya.com\/wp-content\/uploads\/2020\/11\/Screen-Shot-2020-11-26-at-9.34.37-AM-768x418.png 768w, https:\/\/www.myvacaya.com\/wp-content\/uploads\/2020\/11\/Screen-Shot-2020-11-26-at-9.34.37-AM-1024x557.png 1024w\" sizes=\"(max-width: 600px) 100vw, 600px\" \/><br \/>\n&nbsp;<br \/>\n<a class=\"btn-pink-inline\" href=\"https:\/\/vacaya-stuff.myshopify.com\/?key=9e06379e8861f1d7c56f6a33e1cfd66f9b587c0f0fd34306c5f6ce13884b5b03&amp;utm_source=VACAYA+NEWSLETTER&amp;utm_campaign=ab2d605ed8-thanksgiving_2020_enewsletter_11242020&amp;utm_medium=email&amp;utm_term=0_c5170e1c40-ab2d605ed8-149567581\" target=\"_blank\" rel=\"noopener\"><span class=\"link-inside\">VISITE EL MERCADO DE MERCANC\u00cdAS DE VACAYA<\/span><\/a>[\/et_pb_text][et_pb_text admin_label=\u00bbSection Title &#8211; H3&#8243; _builder_version=\u00bb4.17.6&#8243; _module_preset=\u00bbdefault\u00bb header_3_font=\u00bbFutura Bold|||on|||||\u00bb header_3_text_align=\u00bbcenter\u00bb header_3_text_color=\u00bb#000000&#8243; header_3_font_size=\u00bb18px\u00bb header_3_letter_spacing=\u00bb1.8px\u00bb header_3_line_height=\u00bb24px\u00bb custom_margin=\u00bb||||false|false\u00bb custom_margin_tablet=\u00bb||||false|false\u00bb custom_margin_phone=\u00bb||||false|false\u00bb custom_margin_last_edited=\u00bbon|phone\u00bb custom_padding=\u00bb||||false|false\u00bb custom_padding_tablet=\u00bb||||false|false\u00bb custom_padding_phone=\u00bb||||false|false\u00bb custom_padding_last_edited=\u00bbon|phone\u00bb global_colors_info=\u00bb{}\u00bb]<\/p>\n<h3>IMPRENTA VACAYA ONDEMAND<\/h3>\n<p>[\/et_pb_text][et_pb_text admin_label=\u00bbText\u00bb _builder_version=\u00bb4.17.6&#8243; _module_preset=\u00bbdefault\u00bb header_4_font=\u00bb|||on|||||\u00bb header_4_text_align=\u00bbcenter\u00bb custom_margin=\u00bb||||false|false\u00bb custom_margin_tablet=\u00bb||||false|false\u00bb custom_margin_phone=\u00bb||||false|false\u00bb custom_margin_last_edited=\u00bbon|phone\u00bb global_colors_info=\u00bb{}\u00bb]<\/p>\n<h4>Impresi\u00f3n profesional al costo, entregado a usted!<\/h4>\n<p>&nbsp;<br \/>\nBienvenido a la imprenta OnDemand de VACAYA. Aqu\u00ed encontrar\u00e1 excelentes recursos de VACAYA impresos profesionalmente, como tarjetas postales, volantes, folletos de sorteos y calcoman\u00edas que puede compartir con amigos y clientes. Muchos son incluso personalizables con su informaci\u00f3n de contacto\/agencia. Si vive en los EE. UU., su pedido se le enviar\u00e1 directamente dentro de unos d\u00edas. Los pedidos internacionales tardan un poco m\u00e1s. En funci\u00f3n de sus comentarios, agregaremos nuevas opciones todo el tiempo. Simplemente env\u00ede sus sugerencias a <a href=\"mailto:marketing@myvacaya.com\" target=\"_blank\" rel=\"noopener\">marketing@myvacaya.com<\/a> .<\/p>\n<p>Hacer un pedido es intuitivo, pero si necesita un poco de ayuda adicional, puede encontrar instrucciones paso a paso <a href=\"https:\/\/www.myvacaya.com\/wp-content\/uploads\/2019\/03\/VACAYA-OnDemand-Print-Shop-Instructions.pdf\" target=\"_blank\" rel=\"noopener\">AQU\u00cd<\/a> .<\/p>\n<p><a href=\"https:\/\/myvacaya.privateprintstore.com\/\" target=\"_blank\" rel=\"noopener\"><img loading=\"lazy\" decoding=\"async\" class=\"aligncenter size-full wp-image-6374\" src=\"https:\/\/www.myvacaya.com\/wp-content\/uploads\/2019\/03\/PRINT-SHOP.png\" alt=\"\" width=\"1100\" height=\"340\" srcset=\"https:\/\/www.myvacaya.com\/wp-content\/uploads\/2019\/03\/PRINT-SHOP.png 1100w, https:\/\/www.myvacaya.com\/wp-content\/uploads\/2019\/03\/PRINT-SHOP-300x93.png 300w, https:\/\/www.myvacaya.com\/wp-content\/uploads\/2019\/03\/PRINT-SHOP-768x237.png 768w, https:\/\/www.myvacaya.com\/wp-content\/uploads\/2019\/03\/PRINT-SHOP-1024x317.png 1024w\" sizes=\"(max-width: 1100px) 100vw, 1100px\" \/><\/a><\/p>\n<p><a class=\"btn-pink-inline\" href=\"https:\/\/myvacaya.privateprintstore.com\/\" target=\"_blank\" rel=\"noopener\"><span class=\"link-inside\">Ingrese a la imprenta OnDemand<\/span><\/a>[\/et_pb_text][\/et_pb_column][\/et_pb_row][\/et_pb_section]<\/p>\n","protected":false},"excerpt":{"rendered":"<p><div class=\"trip-overlay\"><div class=\"trip-title\"><h1>Fichas de viaje con t\u00edtulo: solo cruceros<\/h1><\/div><\/div>\u00a1Muestra tu esp\u00edritu VACAYA con lo \u00faltimo en V Gear!Nos complace anunciar el lanzamiento de nuestro nuevo Marketplace. Desde camisetas y camisetas sin mangas de VACAYA hasta sudaderas con capucha y mantas de arco\u00edris, aqu\u00ed puede encontrar todo lo que pueda desear para mostrar su apoyo a VACAYA. \u00a1Simplemente presione el bot\u00f3n rosa grande a [&hellip;]<\/p>\n","protected":false},"author":4,"featured_media":0,"parent":0,"menu_order":0,"comment_status":"closed","ping_status":"closed","template":"","meta":{"_acf_changed":false,"_et_pb_use_builder":"on","_et_pb_old_content":"","_et_gb_content_width":"","_monsterinsights_skip_tracking":false,"_monsterinsights_sitenote_active":false,"_monsterinsights_sitenote_note":"","_monsterinsights_sitenote_category":0,"footnotes":""},"class_list":["post-62847","page","type-page","status-publish","hentry"],"acf":[],"_links":{"self":[{"href":"https:\/\/www.myvacaya.com\/es\/wp-json\/wp\/v2\/pages\/62847","targetHints":{"allow":["GET"]}}],"collection":[{"href":"https:\/\/www.myvacaya.com\/es\/wp-json\/wp\/v2\/pages"}],"about":[{"href":"https:\/\/www.myvacaya.com\/es\/wp-json\/wp\/v2\/types\/page"}],"author":[{"embeddable":true,"href":"https:\/\/www.myvacaya.com\/es\/wp-json\/wp\/v2\/users\/4"}],"replies":[{"embeddable":true,"href":"https:\/\/www.myvacaya.com\/es\/wp-json\/wp\/v2\/comments?post=62847"}],"version-history":[{"count":1,"href":"https:\/\/www.myvacaya.com\/es\/wp-json\/wp\/v2\/pages\/62847\/revisions"}],"predecessor-version":[{"id":62861,"href":"https:\/\/www.myvacaya.com\/es\/wp-json\/wp\/v2\/pages\/62847\/revisions\/62861"}],"wp:attachment":[{"href":"https:\/\/www.myvacaya.com\/es\/wp-json\/wp\/v2\/media?parent=62847"}],"curies":[{"name":"wp","href":"https:\/\/api.w.org\/{rel}","templated":true}]}}