{"id":62796,"date":"2021-06-17T09:17:47","date_gmt":"2021-06-17T13:17:47","guid":{"rendered":"https:\/\/www.myvacaya.com\/rick-leonard\/"},"modified":"2023-08-02T14:35:57","modified_gmt":"2023-08-02T18:35:57","slug":"rick-leonard","status":"publish","type":"page","link":"https:\/\/www.myvacaya.com\/es\/rick-leonard\/","title":{"rendered":"rick leonard"},"content":{"rendered":"<p>[et_pb_section fb_built=\u00bb1&#8243; fullwidth=\u00bbon\u00bb admin_label=\u00bbSlider\u00bb module_id=\u00bbdeslizador-secci\u00f3n-interior\u00bb _builder_version=\u00bb4.17.6&#8243; _module_preset=\u00bbdefault\u00bb background_enable_image=\u00bboff\u00bb global_colors_info=\u00bb{}\u00bb][et_pb_fullwidth_code admin_label=\u00bbSlider Overlay\u00bb module_class=\u00bbinterior-page-overlay\u00bb _builder_version=\u00bb4.17.6&#8243; _module_preset=\u00bbdefault\u00bb positioning=\u00bbabsolute\u00bb position_origin_a=\u00bbtop_right\u00bb position_origin_f=\u00bbtop_right\u00bb z_index=\u00bb100&#8243; width=\u00bb50%\u00bb width_tablet=\u00bb50%\u00bb width_phone=\u00bb100%\u00bb width_last_edited=\u00bbon|phone\u00bb height=\u00bb100vh\u00bb hover_enabled=\u00bb0&#8243; global_colors_info=\u00bb{}\u00bb sticky_enabled=\u00bb0&#8243;]<div class=\"trip-overlay\"><div class=\"trip-title\"><h1>rick leonard<\/h1><\/div><\/div>[\/et_pb_fullwidth_code][et_pb_fullwidth_slider show_arrows=\u00bboff\u00bb admin_label=\u00bbSlider Images\u00bb module_id=\u00bbslider-images\u00bb _builder_version=\u00bb4.17.6&#8243; _module_preset=\u00bbdefault\u00bb height=\u00bb100vh\u00bb auto=\u00bbon\u00bb global_colors_info=\u00bb{}\u00bb][et_pb_slide _builder_version=\u00bb4.17.6&#8243; _module_preset=\u00bbdefault\u00bb background_color=\u00bbRGBA(255,255,255,0)\u00bb background_enable_color=\u00bbon\u00bb background_image=\u00bbhttps:\/\/www.myvacaya.com\/wp-content\/uploads\/2022\/09\/Piano-Desktop.jpeg\u00bb background_enable_image=\u00bbon\u00bb background_last_edited=\u00bbon|desktop\u00bb background_enable_color_phone=\u00bboff\u00bb background_image_phone=\u00bbhttps:\/\/www.myvacaya.com\/wp-content\/uploads\/2022\/11\/Piano-Mobile.jpeg\u00bb background_enable_image_phone=\u00bbon\u00bb global_colors_info=\u00bb{}\u00bb sticky_transition=\u00bbon\u00bb][\/et_pb_slide][\/et_pb_fullwidth_slider][\/et_pb_section][et_pb_section fb_built=\u00bb1&#8243; custom_padding_last_edited=\u00bbon|phone\u00bb _builder_version=\u00bb4.17.6&#8243; _module_preset=\u00bbdefault\u00bb custom_padding=\u00bb||||false|false\u00bb custom_padding_tablet=\u00bb||||false|false\u00bb custom_padding_phone=\u00bb||||false|false\u00bb global_colors_info=\u00bb{}\u00bb][et_pb_row column_structure=\u00bb1_4,3_4&#8243; custom_padding_last_edited=\u00bbon|desktop\u00bb _builder_version=\u00bb4.17.6&#8243; _module_preset=\u00bbdefault\u00bb custom_padding=\u00bb||||false|false\u00bb custom_padding_tablet=\u00bb||||false|false\u00bb custom_padding_phone=\u00bb||||false|false\u00bb global_colors_info=\u00bb{}\u00bb][et_pb_column type=\u00bb1_4&#8243; _builder_version=\u00bb4.17.6&#8243; _module_preset=\u00bbdefault\u00bb global_colors_info=\u00bb{}\u00bb][et_pb_image src=\u00bbhttps:\/\/www.myvacaya.com\/wp-content\/uploads\/2022\/09\/Rick-Leonard-2-834&#215;1024-1.jpeg\u00bb title_text=\u00bbRick-Leonard-2-834&#215;1024&#8243; force_fullwidth=\u00bbon\u00bb _builder_version=\u00bb4.17.6&#8243; _module_preset=\u00bbdefault\u00bb global_colors_info=\u00bb{}\u00bb][\/et_pb_image][\/et_pb_column][et_pb_column type=\u00bb3_4&#8243; _builder_version=\u00bb4.17.6&#8243; _module_preset=\u00bbdefault\u00bb global_colors_info=\u00bb{}\u00bb][et_pb_text _builder_version=\u00bb4.17.6&#8243; _module_preset=\u00bbdefault\u00bb custom_margin=\u00bb||||false|false\u00bb custom_margin_tablet=\u00bb||||false|false\u00bb custom_margin_phone=\u00bb||||false|false\u00bb custom_margin_last_edited=\u00bbon|phone\u00bb global_colors_info=\u00bb{}\u00bb]Rick Leonard es un popular int\u00e9rprete experimentado y director musical que ha sido familiar para el p\u00fablico del sur de la Florida durante m\u00e1s de una d\u00e9cada. Proveniente de la ciudad de Nueva York, Rick disfrut\u00f3 de residencias de renombre en lugares tan famosos como Tavern on the Green, The Russian Tea Room, The Firebird, One If By Land, Two If By Sea y muchos m\u00e1s.<\/p>\n<p>Como director musical, fund\u00f3 The Cabaret by the Bay en Cherry Grove, Nueva York, y present\u00f3 all\u00ed a artistas de cabaret de primer nivel durante m\u00e1s de 7 a\u00f1os. Adem\u00e1s, se ha desempe\u00f1ado como director musical de artistas como Belinda Carlysle (The Go-Gos), Kimberley Locke ( <strong><em>American Idol<\/em><\/strong> y exitosa artista discogr\u00e1fica), Shoshana Bean de Broadway ( <strong><em>Wicked<\/em><\/strong> ), la famosa actriz Sally Struthers y muchos m\u00e1s.<\/p>\n<p>En el sur de Florida, Rick fue el artista residente durante 10 a\u00f1os en el ahora legendario Magnum Lounge Supper Club, adem\u00e1s de actuar en lugares como The Manor en Fort Lauderdale.<\/p>\n<p>Rick es actualmente un artista residente en \u00abLive at the National\u00bb en el National Hotel en Miami Beach y est\u00e1 encantado de estar entre la incre\u00edble lista de talentos en los cruceros de barcos grandes, aventuras en barcos peque\u00f1os y resorts todo incluido de VACAYA.<\/p>\n<p>De esta inspiraci\u00f3n naci\u00f3 VACAYA. El nombre en s\u00ed mismo habla del concepto: \u201cVACAYA\u201d es una palabra de <a href=\"https:\/\/theculturetrip.com\/europe\/united-kingdom\/england\/london\/articles\/this-secret-language-allowed-gay-men-to-communicate-when-homosexuality-was-illegal\/?utm_source=facebook&amp;utm_medium=facebook&amp;utm_campaign=072018secretlanguagegay\" target=\"_blank\" rel=\"noopener\">Polari<\/a> , un lenguaje centenario utilizado por la subcultura gay para comunicarse discretamente. Adem\u00e1s de eso, la palabra de la jerga \u00abvacay\u00bb se ha convertido en un t\u00e9rmino informal para las vacaciones. Juntos, los dos significados celebran nuestra identidad LGBT y el esp\u00edritu inclusivo, alegre y sin restricciones que apreciamos.<\/p>\n<p>John, Randle, Patrick y todos los Vacayans te invitan a abrirte a nuevas experiencias, exploraci\u00f3n consciente, diversi\u00f3n sin fin y conexiones m\u00e1s profundas&#8230; te invitan a VACAYA.[\/et_pb_text][\/et_pb_column][\/et_pb_row][\/et_pb_section]<\/p>\n","protected":false},"excerpt":{"rendered":"<p><div class=\"trip-overlay\"><div class=\"trip-title\"><h1>Fichas de viaje con t\u00edtulo: solo cruceros<\/h1><\/div><\/div>Rick Leonard es un popular int\u00e9rprete experimentado y director musical que ha sido familiar para el p\u00fablico del sur de la Florida durante m\u00e1s de una d\u00e9cada. Proveniente de la ciudad de Nueva York, Rick disfrut\u00f3 de residencias de renombre en lugares tan famosos como Tavern on the Green, The Russian Tea Room, The Firebird, [&hellip;]<\/p>\n","protected":false},"author":4,"featured_media":0,"parent":0,"menu_order":0,"comment_status":"closed","ping_status":"closed","template":"","meta":{"_acf_changed":false,"_et_pb_use_builder":"on","_et_pb_old_content":"","_et_gb_content_width":"","_monsterinsights_skip_tracking":false,"_monsterinsights_sitenote_active":false,"_monsterinsights_sitenote_note":"","_monsterinsights_sitenote_category":0,"footnotes":""},"class_list":["post-62796","page","type-page","status-publish","hentry"],"acf":[],"_links":{"self":[{"href":"https:\/\/www.myvacaya.com\/es\/wp-json\/wp\/v2\/pages\/62796","targetHints":{"allow":["GET"]}}],"collection":[{"href":"https:\/\/www.myvacaya.com\/es\/wp-json\/wp\/v2\/pages"}],"about":[{"href":"https:\/\/www.myvacaya.com\/es\/wp-json\/wp\/v2\/types\/page"}],"author":[{"embeddable":true,"href":"https:\/\/www.myvacaya.com\/es\/wp-json\/wp\/v2\/users\/4"}],"replies":[{"embeddable":true,"href":"https:\/\/www.myvacaya.com\/es\/wp-json\/wp\/v2\/comments?post=62796"}],"version-history":[{"count":10,"href":"https:\/\/www.myvacaya.com\/es\/wp-json\/wp\/v2\/pages\/62796\/revisions"}],"predecessor-version":[{"id":62892,"href":"https:\/\/www.myvacaya.com\/es\/wp-json\/wp\/v2\/pages\/62796\/revisions\/62892"}],"wp:attachment":[{"href":"https:\/\/www.myvacaya.com\/es\/wp-json\/wp\/v2\/media?parent=62796"}],"curies":[{"name":"wp","href":"https:\/\/api.w.org\/{rel}","templated":true}]}}