{"id":62783,"date":"2018-03-15T20:39:52","date_gmt":"2018-03-16T00:39:52","guid":{"rendered":"https:\/\/www.myvacaya.com\/descubrir\/ventas-grupales\/"},"modified":"2023-08-02T14:35:44","modified_gmt":"2023-08-02T18:35:44","slug":"ventas-grupales","status":"publish","type":"page","link":"https:\/\/www.myvacaya.com\/es\/descubrir\/ventas-grupales\/","title":{"rendered":"Ventas grupales"},"content":{"rendered":"<p>[et_pb_section fb_built=\u00bb1&#8243; fullwidth=\u00bbon\u00bb admin_label=\u00bbSlider\u00bb module_id=\u00bbdeslizador-secci\u00f3n-interior\u00bb _builder_version=\u00bb4.17.6&#8243; _module_preset=\u00bbdefault\u00bb background_enable_image=\u00bboff\u00bb global_colors_info=\u00bb{}\u00bb][et_pb_fullwidth_code admin_label=\u00bbSlider Overlay\u00bb module_class=\u00bbinterior-page-overlay\u00bb _builder_version=\u00bb4.17.6&#8243; _module_preset=\u00bbdefault\u00bb positioning=\u00bbabsolute\u00bb position_origin_a=\u00bbtop_right\u00bb position_origin_f=\u00bbtop_right\u00bb z_index=\u00bb100&#8243; width=\u00bb50%\u00bb width_tablet=\u00bb50%\u00bb width_phone=\u00bb100%\u00bb width_last_edited=\u00bbon|phone\u00bb height=\u00bb100vh\u00bb hover_enabled=\u00bb0&#8243; global_colors_info=\u00bb{}\u00bb sticky_enabled=\u00bb0&#8243;]<div class=\"trip-overlay\"><div class=\"trip-title\"><h1>Ventas grupales<\/h1><\/div><\/div>[\/et_pb_fullwidth_code][et_pb_fullwidth_slider show_arrows=\u00bboff\u00bb admin_label=\u00bbSlider Images\u00bb module_id=\u00bbslider-images\u00bb _builder_version=\u00bb4.17.6&#8243; _module_preset=\u00bbdefault\u00bb height=\u00bb100vh\u00bb auto=\u00bbon\u00bb global_colors_info=\u00bb{}\u00bb][et_pb_slide _builder_version=\u00bb4.17.6&#8243; _module_preset=\u00bbdefault\u00bb background_color=\u00bbRGBA(255,255,255,0)\u00bb background_enable_color=\u00bbon\u00bb background_image=\u00bbhttps:\/\/www.myvacaya.com\/wp-content\/uploads\/2022\/09\/group-sales.jpg\u00bb background_enable_image=\u00bbon\u00bb background_last_edited=\u00bbon|desktop\u00bb background_image_phone=\u00bbhttps:\/\/www.myvacaya.com\/wp-content\/uploads\/2022\/11\/group-travel-mobile-414&#215;500-1.jpg\u00bb background_enable_image_phone=\u00bbon\u00bb global_colors_info=\u00bb{}\u00bb sticky_transition=\u00bbon\u00bb][\/et_pb_slide][\/et_pb_fullwidth_slider][\/et_pb_section][et_pb_section fb_built=\u00bb1&#8243; custom_padding_last_edited=\u00bbon|phone\u00bb _builder_version=\u00bb4.17.6&#8243; _module_preset=\u00bbdefault\u00bb custom_padding=\u00bb||0%||false|false\u00bb custom_padding_tablet=\u00bb||||false|false\u00bb custom_padding_phone=\u00bb||||false|false\u00bb global_colors_info=\u00bb{}\u00bb][et_pb_row custom_padding_last_edited=\u00bbon|desktop\u00bb _builder_version=\u00bb4.17.6&#8243; _module_preset=\u00bbdefault\u00bb custom_padding=\u00bb||0%||false|false\u00bb custom_padding_tablet=\u00bb||||false|false\u00bb custom_padding_phone=\u00bb||||false|false\u00bb global_colors_info=\u00bb{}\u00bb][et_pb_column type=\u00bb4_4&#8243; _builder_version=\u00bb4.17.6&#8243; _module_preset=\u00bbdefault\u00bb global_colors_info=\u00bb{}\u00bb][et_pb_text _builder_version=\u00bb4.17.6&#8243; _module_preset=\u00bbdefault\u00bb custom_margin=\u00bb||||false|false\u00bb custom_margin_tablet=\u00bb||||false|false\u00bb custom_margin_phone=\u00bb||||false|false\u00bb custom_margin_last_edited=\u00bbon|phone\u00bb global_colors_info=\u00bb{}\u00bb]Viajar con amigos es una gran parte de la experiencia de vacaciones LGBT+. Entonces, ya sea que usted y su risa <b><span style=\"color: #ffcc00;\"><span style=\"color: #ffff00;\">*<\/span><\/span><\/b> est\u00e9n buscando 2 o 50 habitaciones, la herramienta de reserva en l\u00ednea de VACAYA lo hace m\u00e1s f\u00e1cil que nunca.[\/et_pb_text][et_pb_text admin_label=\u00bbSection Title &#8211; H3&#8243; _builder_version=\u00bb4.17.6&#8243; _module_preset=\u00bbdefault\u00bb header_3_font=\u00bbFutura Bold|||on|||||\u00bb header_3_text_align=\u00bbcenter\u00bb header_3_text_color=\u00bb#000000&#8243; header_3_font_size=\u00bb18px\u00bb header_3_letter_spacing=\u00bb1.8px\u00bb header_3_line_height=\u00bb24px\u00bb custom_margin=\u00bb||||false|false\u00bb custom_margin_tablet=\u00bb||||false|false\u00bb custom_margin_phone=\u00bb||||false|false\u00bb custom_margin_last_edited=\u00bbon|phone\u00bb custom_padding=\u00bb||||false|false\u00bb custom_padding_tablet=\u00bb||||false|false\u00bb custom_padding_phone=\u00bb||||false|false\u00bb custom_padding_last_edited=\u00bbon|phone\u00bb global_colors_info=\u00bb{}\u00bb]<\/p>\n<h3>C\u00d3MO RESERVAR TU GRUPO &#8211; MEJORES PR\u00c1CTICAS<\/h3>\n<p>[\/et_pb_text][et_pb_text _builder_version=\u00bb4.17.6&#8243; _module_preset=\u00bbdefault\u00bb global_colors_info=\u00bb{}\u00bb]Si su grupo est\u00e1 buscando habitaciones contiguas o incluso habitaciones cercanas a diferentes precios, estamos seguros de que puede navegar por una reserva de grupo por su cuenta. Y aqu\u00ed hay algunos consejos para ayudarlo en el camino:<\/p>\n<ul>\n<li>Comience reuniendo a su grupo en una llamada (o incluso mejor&#8230; \u00a1cara a cara con c\u00f3cteles!). Una vez que todos est\u00e9n juntos, asigne un l\u00edder de grupo que pueda moderar. Conf\u00eda en nosotros&#8230; querr\u00e1s tu propia Julie McCoy.<span style=\"color: #ffff00;\"><strong>**<\/strong><\/span><\/li>\n<li>Eche un vistazo al plano de cubierta est\u00e1tico\/mapa del resort para el viaje que usted y sus amigos est\u00e1n interesados \u200b\u200b(estos est\u00e1n disponibles en la p\u00e1gina de PRECIOS para cada viaje).<\/li>\n<li>Seleccione un \u00e1rea general de inter\u00e9s en el barco\/en el resort. \u00bfD\u00f3nde le gustar\u00eda que se ubicaran las habitaciones de su grupo?<\/li>\n<li>Reservar\u00e1 cada habitaci\u00f3n individualmente directamente en nuestro sitio web, por lo que es mejor reservar todos al mismo tiempo para asegurarse de que todos en su risita obtengan la habitaci\u00f3n exacta que desean.<\/li>\n<li>Una vez que pasa a la opci\u00f3n RESERVAR AHORA, nuestra herramienta de reserva en l\u00ednea muestra el inventario disponible actual. Usando su investigaci\u00f3n inicial como punto de partida, simplemente busque esa \u00e1rea de inter\u00e9s para ver si esas habitaciones todav\u00eda est\u00e1n disponibles. Ya sea desde una computadora de escritorio, tableta o dispositivo m\u00f3vil, cada uno puede ver los planos de cubierta \u00aben vivo\u00bb y ver las habitaciones disponibles en tiempo real.<\/li>\n<li>Nuestro sistema le permite retener su elecci\u00f3n de habitaci\u00f3n hasta por 30 minutos mientras sus amigos tambi\u00e9n ponen en espera sus propias habitaciones contiguas o cercanas. Una vez que cada uno de ustedes haya puesto su habitaci\u00f3n deseada \u00aben espera\u00bb, puede proceder a realizar el check-out simult\u00e1neamente.<\/li>\n<\/ul>\n<p>\u00a1Realmente no hay mejor manera de viajar con VACAYA que reservar habitaciones contiguas con tus amigos y crear tu propio peque\u00f1o vecindario all\u00ed mismo en el barco!<\/p>\n<p>&nbsp;<\/p>\n<p><span style=\"color: #ffff00;\"><strong>*<\/strong><\/span> Un grupo de homosexuales sol\u00eda ser conocido como \u00abmanada\u00bb, pero ahora es una \u00abrisita\u00bb. De nada.<\/p>\n<p><span style=\"color: #ffff00;\"><strong>**<\/strong><\/span> Si tiene menos de 30 a\u00f1os, \u00abJulie McCoy\u00bb se refiere a la famosa directora de cruceros de la comedia de ABC de los a\u00f1os 70 y 80, <em>The Love Boat<\/em> . De nada&#8230; otra vez.[\/et_pb_text][\/et_pb_column][\/et_pb_row][\/et_pb_section][et_pb_section fb_built=\u00bb1&#8243; admin_label=\u00bbTrip Tiles with Divider and Title\u00bb _builder_version=\u00bb4.17.6&#8243; _module_preset=\u00bbdefault\u00bb global_colors_info=\u00bb{}\u00bb][et_pb_row _builder_version=\u00bb4.17.6&#8243; _module_preset=\u00bbdefault\u00bb global_colors_info=\u00bb{}\u00bb][et_pb_column type=\u00bb4_4&#8243; _builder_version=\u00bb4.17.6&#8243; _module_preset=\u00bbdefault\u00bb global_colors_info=\u00bb{}\u00bb][et_pb_divider color=\u00bb#000000&#8243; divider_position=\u00bbcenter\u00bb _builder_version=\u00bb4.17.6&#8243; _module_preset=\u00bbdefault\u00bb global_colors_info=\u00bb{}\u00bb][\/et_pb_divider][\/et_pb_column][\/et_pb_row][et_pb_row _builder_version=\u00bb4.17.6&#8243; _module_preset=\u00bbdefault\u00bb global_colors_info=\u00bb{}\u00bb][et_pb_column type=\u00bb4_4&#8243; _builder_version=\u00bb4.17.6&#8243; _module_preset=\u00bbdefault\u00bb global_colors_info=\u00bb{}\u00bb][et_pb_text admin_label=\u00bbSection Title &#8211; H3&#8243; _builder_version=\u00bb4.17.6&#8243; _module_preset=\u00bbdefault\u00bb header_3_font=\u00bbFutura Bold|||on|||||\u00bb header_3_text_align=\u00bbcenter\u00bb header_3_text_color=\u00bb#000000&#8243; header_3_font_size=\u00bb18px\u00bb header_3_letter_spacing=\u00bb1.8px\u00bb header_3_line_height=\u00bb24px\u00bb custom_margin=\u00bb||||false|false\u00bb custom_margin_tablet=\u00bb||||false|false\u00bb custom_margin_phone=\u00bb||||false|false\u00bb custom_margin_last_edited=\u00bbon|phone\u00bb custom_padding=\u00bb||||false|false\u00bb global_colors_info=\u00bb{}\u00bb]<\/p>\n<h3>SI NO HAS RESERVADO LAS VACACIONES LGBT+ M\u00c1S CALIENTES DEL PLANETA,<br \/>\n\u00bfQUE ESTAS ESPERANDO? \u00a1CONSULTALOS ABAJO!<\/h3>\n<p>[\/et_pb_text][\/et_pb_column][\/et_pb_row][et_pb_row _builder_version=\u00bb4.17.6&#8243; _module_preset=\u00bbdefault\u00bb global_colors_info=\u00bb{}\u00bb][et_pb_column type=\u00bb4_4&#8243; _builder_version=\u00bb4.17.6&#8243; _module_preset=\u00bbdefault\u00bb global_colors_info=\u00bb{}\u00bb][et_pb_text _builder_version=\u00bb4.17.6&#8243; _module_preset=\u00bbdefault\u00bb global_colors_info=\u00bb{}\u00bb]<div id=\"ajax-load-more\" class=\"ajax-load-more-wrap default\" data-id=\"experience-items\" data-alm-id=\"\" data-canonical-url=\"https:\/\/www.myvacaya.com\/es\/descubrir\/ventas-grupales\/\" data-slug=\"ventas-grupales\" data-post-id=\"62783\"  data-localized=\"ajax_load_more_experience_items_vars\" data-alm-object=\"ajax_load_more_experience_items\"><ul aria-live=\"polite\" aria-atomic=\"true\" class=\"alm-listing alm-ajax\" data-container-type=\"ul\" data-loading-style=\"default\" data-repeater=\"template_1\" data-post-type=\"trip\" data-meta-key=\"show_trip_tile\" data-meta-value=\"1\" data-custom-args=\"post_parent: 0\" data-order=\"ASC\" data-orderby=\"date\" data-offset=\"0\" data-posts-per-page=\"20\" data-lang=\"es\" data-scroll=\"false\" data-button-label=\"Load More\" data-prev-button-label=\"Load Previous\" data-destroy-after=\"1\"><\/ul><div class=\"alm-btn-wrap\" data-rel=\"ajax-load-more\"><button class=\"alm-load-more-btn\" type=\"button\">Load More<\/button><\/div><\/div>[\/et_pb_text][\/et_pb_column][\/et_pb_row][\/et_pb_section]<\/p>\n","protected":false},"excerpt":{"rendered":"<p><div class=\"trip-overlay\"><div class=\"trip-title\"><h1>Fichas de viaje con t\u00edtulo: solo cruceros<\/h1><\/div><\/div>Viajar con amigos es una gran parte de la experiencia de vacaciones LGBT+. Entonces, ya sea que usted y su risa * est\u00e9n buscando 2 o 50 habitaciones, la herramienta de reserva en l\u00ednea de VACAYA lo hace m\u00e1s f\u00e1cil que nunca.C\u00d3MO RESERVAR TU GRUPO &#8211; MEJORES PR\u00c1CTICASSi su grupo est\u00e1 buscando habitaciones contiguas o [&hellip;]<\/p>\n","protected":false},"author":1,"featured_media":0,"parent":62519,"menu_order":0,"comment_status":"closed","ping_status":"closed","template":"","meta":{"_acf_changed":false,"_et_pb_use_builder":"on","_et_pb_old_content":"","_et_gb_content_width":"","_monsterinsights_skip_tracking":false,"_monsterinsights_sitenote_active":false,"_monsterinsights_sitenote_note":"","_monsterinsights_sitenote_category":0,"footnotes":""},"class_list":["post-62783","page","type-page","status-publish","hentry"],"acf":[],"_links":{"self":[{"href":"https:\/\/www.myvacaya.com\/es\/wp-json\/wp\/v2\/pages\/62783","targetHints":{"allow":["GET"]}}],"collection":[{"href":"https:\/\/www.myvacaya.com\/es\/wp-json\/wp\/v2\/pages"}],"about":[{"href":"https:\/\/www.myvacaya.com\/es\/wp-json\/wp\/v2\/types\/page"}],"author":[{"embeddable":true,"href":"https:\/\/www.myvacaya.com\/es\/wp-json\/wp\/v2\/users\/1"}],"replies":[{"embeddable":true,"href":"https:\/\/www.myvacaya.com\/es\/wp-json\/wp\/v2\/comments?post=62783"}],"version-history":[{"count":1,"href":"https:\/\/www.myvacaya.com\/es\/wp-json\/wp\/v2\/pages\/62783\/revisions"}],"predecessor-version":[{"id":62786,"href":"https:\/\/www.myvacaya.com\/es\/wp-json\/wp\/v2\/pages\/62783\/revisions\/62786"}],"up":[{"embeddable":true,"href":"https:\/\/www.myvacaya.com\/es\/wp-json\/wp\/v2\/pages\/62519"}],"wp:attachment":[{"href":"https:\/\/www.myvacaya.com\/es\/wp-json\/wp\/v2\/media?parent=62783"}],"curies":[{"name":"wp","href":"https:\/\/api.w.org\/{rel}","templated":true}]}}