{"id":62727,"date":"2018-02-10T15:14:43","date_gmt":"2018-02-10T20:14:43","guid":{"rendered":"https:\/\/www.myvacaya.com\/sobre-vacaya\/carreras\/"},"modified":"2026-01-06T09:49:02","modified_gmt":"2026-01-06T14:49:02","slug":"carreras","status":"publish","type":"page","link":"https:\/\/www.myvacaya.com\/es\/sobre-vacaya\/carreras\/","title":{"rendered":"Carreras"},"content":{"rendered":"<p>[et_pb_section fb_built=\u00bb1&#8243; fullwidth=\u00bbon\u00bb admin_label=\u00bbSlider\u00bb module_id=\u00bbdeslizador-secci\u00f3n-interior\u00bb _builder_version=\u00bb4.17.6&#8243; _module_preset=\u00bbdefault\u00bb background_enable_image=\u00bboff\u00bb global_colors_info=\u00bb{}\u00bb][et_pb_fullwidth_code admin_label=\u00bbSlider Overlay\u00bb module_class=\u00bbinterior-page-overlay\u00bb _builder_version=\u00bb4.17.6&#8243; _module_preset=\u00bbdefault\u00bb positioning=\u00bbabsolute\u00bb position_origin_a=\u00bbtop_right\u00bb position_origin_f=\u00bbtop_right\u00bb z_index=\u00bb100&#8243; width=\u00bb50%\u00bb width_tablet=\u00bb50%\u00bb width_phone=\u00bb100%\u00bb width_last_edited=\u00bbon|phone\u00bb height=\u00bb100vh\u00bb global_colors_info=\u00bb{}\u00bb]<div class=\"trip-overlay\"><div class=\"trip-title\"><h1>Carreras<\/h1><\/div><\/div>[\/et_pb_fullwidth_code][et_pb_fullwidth_slider show_arrows=\u00bboff\u00bb admin_label=\u00bbSlider Images\u00bb module_id=\u00bbslider-images\u00bb _builder_version=\u00bb4.17.6&#8243; _module_preset=\u00bbdefault\u00bb height=\u00bb100vh\u00bb auto=\u00bbon\u00bb global_colors_info=\u00bb{}\u00bb][et_pb_slide _builder_version=\u00bb4.17.6&#8243; _module_preset=\u00bbdefault\u00bb background_color=\u00bbRGBA(255,255,255,0)\u00bb background_enable_color=\u00bbon\u00bb background_image=\u00bbhttps:\/\/www.myvacaya.com\/wp-content\/uploads\/2022\/09\/GettyImages-900637248-v1b.png\u00bb background_enable_image=\u00bbon\u00bb background_last_edited=\u00bbon|desktop\u00bb background_image_phone=\u00bbhttps:\/\/www.myvacaya.com\/wp-content\/uploads\/2022\/11\/careers-mobile-414&#215;500-1.jpg\u00bb background_enable_image_phone=\u00bbon\u00bb global_colors_info=\u00bb{}\u00bb sticky_transition=\u00bbon\u00bb][\/et_pb_slide][\/et_pb_fullwidth_slider][\/et_pb_section][et_pb_section fb_built=\u00bb1&#8243; custom_padding_last_edited=\u00bbon|phone\u00bb _builder_version=\u00bb4.17.6&#8243; _module_preset=\u00bbdefault\u00bb custom_padding=\u00bb||0%||false|false\u00bb custom_padding_tablet=\u00bb||||false|false\u00bb custom_padding_phone=\u00bb||||false|false\u00bb global_colors_info=\u00bb{}\u00bb][et_pb_row _builder_version=\u00bb4.17.6&#8243; _module_preset=\u00bbdefault\u00bb custom_padding=\u00bb||0%||false|false\u00bb global_colors_info=\u00bb{}\u00bb][et_pb_column type=\u00bb4_4&#8243; _builder_version=\u00bb4.17.6&#8243; _module_preset=\u00bbdefault\u00bb global_colors_info=\u00bb{}\u00bb][et_pb_text _builder_version=\u00bb4.27.4&#8243; _module_preset=\u00bbdefault\u00bb custom_margin=\u00bb||||false|false\u00bb custom_margin_tablet=\u00bb||||false|false\u00bb custom_margin_phone=\u00bb||||false|false\u00bb custom_margin_last_edited=\u00bbon|phone\u00bb custom_padding=\u00bb||4%||false|false\u00bb custom_padding_tablet=\u00bb||4%||false|false\u00bb custom_padding_phone=\u00bb||40px||false|false\u00bb custom_padding_last_edited=\u00bbon|phone\u00bb hover_enabled=\u00bb0&#8243; global_colors_info=\u00bb{}\u00bb sticky_enabled=\u00bb0&#8243;]<\/p>\n<p>En VACAYA, estamos en un viaje emocionante para crear una de las marcas de viajes m\u00e1s innovadoras del mundo. A medida que crezcamos, reuniremos un fant\u00e1stico equipo de personas que comprendan la verdadera importancia del trabajo en equipo.<\/p>\n<p>Los valores centrales de VACAYA informan c\u00f3mo se maneja nuestro negocio d\u00eda a d\u00eda. Nos esforzamos por ser considerados, generosos, curiosos, audaces, flexibles, amables, agradecidos y, sobre todo, por hacer lo correcto&#8230; el uno para el otro, para nuestros hu\u00e9spedes y para nuestros socios de la industria. Todos aqu\u00ed en VACAYA hacemos este trabajo por la alegr\u00eda que da la creaci\u00f3n y la ejecuci\u00f3n. <i>Siempre<\/i> somos un equipo, trabajando juntos para hacer realidad la Misi\u00f3n y la Visi\u00f3n de VACAYA.<\/p>\n<p style=\"padding-left: 30px;\"><strong>NUESTRA MISI\u00d3N<\/strong><br \/> Para hacer realidad los sue\u00f1os vacacionales de todos los adultos que creen que \u201cel amor es amor\u201d, a trav\u00e9s de nuestro compromiso con un servicio de primera clase altamente personalizado, experiencias de calidad y un valor inigualable.<\/p>\n<p style=\"padding-left: 30px;\"><strong>NUESTRA VISI\u00d3N<\/strong><br \/> Creemos que las interacciones consistentes, \u00e9ticas y de calidad con nuestros hu\u00e9spedes, socios comerciales, empleados y comunidad dar\u00e1n como resultado relaciones leales a largo plazo. VACAYA se compromete a ayudar a hacer del mundo un lugar mejor al inspirar a los hu\u00e9spedes a ser voluntarios, donar y promover la comprensi\u00f3n humana entre los menos afortunados dentro de las comunidades que visitamos en todo el mundo. Nuestro \u00e9xito se mide por los hu\u00e9spedes que eligen regresar a nosotros una y otra vez, y que alientan a sus amigos y familiares a experimentar VACAYA tambi\u00e9n.<\/p>\n<p>En VACAYA, la personalidad y las inclinaciones culturales de cada miembro individual del equipo son tan importantes como sus habilidades. Los vacayanos son amables, inteligentes, por encima de todo, capaces de pensar en el futuro, intuitivos, apasionados y respetados en toda la industria.<\/p>\n<p>Nuestra esperanza es asociarnos con personas que sean igualmente correctas (creativas) e izquierdistas (l\u00f3gicas), capaces de aportar un toque m\u00e1gico a la experiencia VACAYA mientras son muy conscientes de nuestro negocio.<\/p>\n<p>A medida que los puestos est\u00e9n disponibles (y lo estar\u00e1n), vuelva a consultar aqu\u00ed para obtener detalles espec\u00edficos e instrucciones de env\u00edo.<\/p>\n<p>&nbsp;<\/p>\n<h2 style=\"text-align: center;\"><span style=\"color: #800080;\">POSICIONES ABIERTAS<\/span><\/h2>\n<p>&nbsp;<\/p>\n<p style=\"font-weight: 400; text-align: center;\">Actualmente no hay posiciones abiertas.<\/p>\n<p>&nbsp;<\/p>\n<p>&nbsp;<\/p>\n<p style=\"font-weight: 400;\">VACAYA es un empleador que ofrece igualdad de oportunidades. Damos la bienvenida a candidatos de diversos or\u00edgenes y experiencias de vida.<\/p>\n<h3 style=\"text-align: center;\"> <\/h3>\n<p>&nbsp;<\/p>\n<p>&nbsp;<\/p>\n<p>[\/et_pb_text][\/et_pb_column][\/et_pb_row][\/et_pb_section]<\/p>\n","protected":false},"excerpt":{"rendered":"<p><div class=\"trip-overlay\"><div class=\"trip-title\"><h1>Fichas de viaje con t\u00edtulo: solo cruceros<\/h1><\/div><\/div>En VACAYA, estamos en un viaje emocionante para crear una de las marcas de viajes m\u00e1s innovadoras del mundo. A medida que crezcamos, reuniremos un fant\u00e1stico equipo de personas que comprendan la verdadera importancia del trabajo en equipo. Los valores centrales de VACAYA informan c\u00f3mo se maneja nuestro negocio d\u00eda a d\u00eda. Nos esforzamos por [&hellip;]<\/p>\n","protected":false},"author":1,"featured_media":0,"parent":62677,"menu_order":0,"comment_status":"closed","ping_status":"closed","template":"","meta":{"_acf_changed":false,"_et_pb_use_builder":"on","_et_pb_old_content":"","_et_gb_content_width":"","_monsterinsights_skip_tracking":false,"_monsterinsights_sitenote_active":false,"_monsterinsights_sitenote_note":"","_monsterinsights_sitenote_category":0,"footnotes":""},"class_list":["post-62727","page","type-page","status-publish","hentry"],"acf":[],"_links":{"self":[{"href":"https:\/\/www.myvacaya.com\/es\/wp-json\/wp\/v2\/pages\/62727","targetHints":{"allow":["GET"]}}],"collection":[{"href":"https:\/\/www.myvacaya.com\/es\/wp-json\/wp\/v2\/pages"}],"about":[{"href":"https:\/\/www.myvacaya.com\/es\/wp-json\/wp\/v2\/types\/page"}],"author":[{"embeddable":true,"href":"https:\/\/www.myvacaya.com\/es\/wp-json\/wp\/v2\/users\/1"}],"replies":[{"embeddable":true,"href":"https:\/\/www.myvacaya.com\/es\/wp-json\/wp\/v2\/comments?post=62727"}],"version-history":[{"count":22,"href":"https:\/\/www.myvacaya.com\/es\/wp-json\/wp\/v2\/pages\/62727\/revisions"}],"predecessor-version":[{"id":188415,"href":"https:\/\/www.myvacaya.com\/es\/wp-json\/wp\/v2\/pages\/62727\/revisions\/188415"}],"up":[{"embeddable":true,"href":"https:\/\/www.myvacaya.com\/es\/wp-json\/wp\/v2\/pages\/62677"}],"wp:attachment":[{"href":"https:\/\/www.myvacaya.com\/es\/wp-json\/wp\/v2\/media?parent=62727"}],"curies":[{"name":"wp","href":"https:\/\/api.w.org\/{rel}","templated":true}]}}