{"id":62668,"date":"2018-02-10T15:16:50","date_gmt":"2018-02-10T20:16:50","guid":{"rendered":"https:\/\/www.myvacaya.com\/recursos-para-invitados\/seguro-de-viaje\/"},"modified":"2024-04-30T14:15:53","modified_gmt":"2024-04-30T18:15:53","slug":"seguro-de-viaje","status":"publish","type":"page","link":"https:\/\/www.myvacaya.com\/es\/recursos-para-invitados\/seguro-de-viaje\/","title":{"rendered":"Seguro de viaje"},"content":{"rendered":"<p>[et_pb_section fb_built=\u00bb1&#8243; fullwidth=\u00bbon\u00bb admin_label=\u00bbSlider\u00bb module_id=\u00bbdeslizador-secci\u00f3n-interior\u00bb _builder_version=\u00bb4.17.6&#8243; _module_preset=\u00bbdefault\u00bb background_enable_image=\u00bboff\u00bb global_colors_info=\u00bb{}\u00bb][et_pb_fullwidth_code admin_label=\u00bbSlider Overlay\u00bb module_class=\u00bbinterior-page-overlay\u00bb _builder_version=\u00bb4.17.6&#8243; _module_preset=\u00bbdefault\u00bb positioning=\u00bbabsolute\u00bb position_origin_a=\u00bbtop_right\u00bb position_origin_f=\u00bbtop_right\u00bb z_index=\u00bb100&#8243; width=\u00bb50%\u00bb width_tablet=\u00bb50%\u00bb width_phone=\u00bb100%\u00bb width_last_edited=\u00bbon|phone\u00bb height=\u00bb100vh\u00bb global_colors_info=\u00bb{}\u00bb]<div class=\"trip-overlay\"><div class=\"trip-title\"><h1>Seguro de viaje<\/h1><\/div><\/div>[\/et_pb_fullwidth_code][et_pb_fullwidth_slider show_arrows=\u00bboff\u00bb admin_label=\u00bbSlider Images\u00bb module_id=\u00bbslider-images\u00bb _builder_version=\u00bb4.17.6&#8243; _module_preset=\u00bbdefault\u00bb height=\u00bb100vh\u00bb auto=\u00bbon\u00bb global_colors_info=\u00bb{}\u00bb][et_pb_slide _builder_version=\u00bb4.17.6&#8243; _module_preset=\u00bbdefault\u00bb background_color=\u00bbRGBA(255,255,255,0)\u00bb background_enable_color=\u00bbon\u00bb background_image=\u00bbhttps:\/\/www.myvacaya.com\/wp-content\/uploads\/2022\/09\/travel-insurance.jpg\u00bb background_enable_image=\u00bbon\u00bb background_last_edited=\u00bbon|desktop\u00bb background_image_phone=\u00bbhttps:\/\/www.myvacaya.com\/wp-content\/uploads\/2022\/11\/travel-insurancefb-1200&#215;630-1.png\u00bb background_enable_image_phone=\u00bbon\u00bb global_colors_info=\u00bb{}\u00bb sticky_transition=\u00bbon\u00bb][\/et_pb_slide][\/et_pb_fullwidth_slider][\/et_pb_section][et_pb_section fb_built=\u00bb1&#8243; custom_padding_last_edited=\u00bbon|phone\u00bb _builder_version=\u00bb4.17.6&#8243; _module_preset=\u00bbdefault\u00bb custom_padding=\u00bb||||false|false\u00bb custom_padding_tablet=\u00bb||||false|false\u00bb custom_padding_phone=\u00bb||||false|false\u00bb global_colors_info=\u00bb{}\u00bb][et_pb_row custom_padding_last_edited=\u00bbon|desktop\u00bb _builder_version=\u00bb4.17.6&#8243; _module_preset=\u00bbdefault\u00bb custom_padding=\u00bb||||false|false\u00bb custom_padding_tablet=\u00bb||||false|false\u00bb custom_padding_phone=\u00bb||||false|false\u00bb global_colors_info=\u00bb{}\u00bb][et_pb_column type=\u00bb4_4&#8243; _builder_version=\u00bb4.17.6&#8243; _module_preset=\u00bbdefault\u00bb global_colors_info=\u00bb{}\u00bb][et_pb_text _builder_version=\u00bb4.23.4&#8243; _module_preset=\u00bbdefault\u00bb custom_margin=\u00bb||||false|false\u00bb custom_margin_tablet=\u00bb||||false|false\u00bb custom_margin_phone=\u00bb||||false|false\u00bb custom_margin_last_edited=\u00bbon|phone\u00bb hover_enabled=\u00bb0&#8243; global_colors_info=\u00bb{}\u00bb sticky_enabled=\u00bb0&#8243;]El seguro de viaje puede ser una gran inversi\u00f3n, especialmente cuando viaja a destinos ex\u00f3ticos, tiene m\u00faltiples conexiones o planea participar en actividades de aventura. VACAYA recomienda enf\u00e1ticamente comprar una p\u00f3liza para proteger los d\u00f3lares de vacaciones que tanto le cost\u00f3 ganar. La clave es elegir la p\u00f3liza adecuada para sus necesidades espec\u00edficas. Lo siguiente puede ayudarlo a encontrar la p\u00f3liza correcta:<\/p>\n<ol>\n<li>Verifique si sus tarjetas de cr\u00e9dito, membres\u00edas de clubes de autom\u00f3viles, cobertura de propietario\/inquilino o empleador brindan p\u00f3lizas que incluyen cobertura para viajes al extranjero.<\/li>\n<li>Siempre desea elegir una compa\u00f1\u00eda de seguros de terceros para proporcionar su cobertura. Tendr\u00e1 la opci\u00f3n de comprar una p\u00f3liza de un tercero independiente al final de su reserva en l\u00ednea con nosotros.<\/li>\n<li>Preste atenci\u00f3n a la cobertura de condiciones m\u00e9dicas preexistentes y aseg\u00farese de que las disposiciones de la p\u00f3liza sean lo suficientemente amplias para cada pasajero individual. Por ejemplo, es posible que la cobertura grupal de Medicare para personas mayores no est\u00e9 disponible para tratamientos fuera de los EE. UU. Muchas p\u00f3lizas incluir\u00e1n cobertura para condiciones m\u00e9dicas preexistentes si compra la p\u00f3liza al mismo tiempo que realiza el dep\u00f3sito inicial para su viaje.<\/li>\n<li>Las pol\u00edticas que incluyen disposiciones de evacuaci\u00f3n son preferibles, especialmente cuando se viaja a \u00e1reas del tercer mundo, ya que los est\u00e1ndares m\u00e9dicos en muchos pa\u00edses son inferiores a los de EE. UU.<\/li>\n<li>Revise los t\u00e9rminos de la protecci\u00f3n contra el terrorismo en la p\u00f3liza para asegurarse de que incluya las \u00e1reas circundantes de un incidente de terrorismo, no solo las ciudades en el itinerario.<\/li>\n<li>Si es un viajero frecuente, adquirir una p\u00f3liza de cobertura de viaje anual puede ser una ganga.<\/li>\n<li>Al comparar p\u00f3lizas, no asuma que las p\u00f3lizas con precios similares brindan una cobertura id\u00e9ntica. Revise cuidadosamente los motivos de cancelaci\u00f3n cubiertos y no cubiertos.<\/li>\n<li>Las p\u00f3lizas de \u00abCancelar por cualquier motivo\u00bb son costosas, pero realizar un an\u00e1lisis de los costos adicionales para este tipo de cobertura y sus necesidades particulares puede evitar problemas m\u00e1s adelante.<\/li>\n<li>El seguro de vida a t\u00e9rmino es menos costoso a trav\u00e9s de su corredor que las m\u00e1quinas de seguros en el aeropuerto.<\/li>\n<li>Se recomienda encarecidamente una cobertura de equipaje adicional teniendo en cuenta la responsabilidad limitada de las aerol\u00edneas de $3300 nacionales \/ $1600 internacionales por p\u00e9rdida o demora de equipaje.<\/li>\n<\/ol>\n<p>Para obtener m\u00e1s informaci\u00f3n sobre este tema, aseg\u00farese de leer el blog <strong><a href=\"https:\/\/www.myvacaya.com\/es\/seguro-de-viaje-101\/\">Travel Insurance 101<\/a><\/strong> de Vacayan John Finen.[\/et_pb_text][\/et_pb_column][\/et_pb_row][\/et_pb_section]<\/p>\n","protected":false},"excerpt":{"rendered":"<p><div class=\"trip-overlay\"><div class=\"trip-title\"><h1>Fichas de viaje con t\u00edtulo: solo cruceros<\/h1><\/div><\/div>El seguro de viaje puede ser una gran inversi\u00f3n, especialmente cuando viaja a destinos ex\u00f3ticos, tiene m\u00faltiples conexiones o planea participar en actividades de aventura. VACAYA recomienda enf\u00e1ticamente comprar una p\u00f3liza para proteger los d\u00f3lares de vacaciones que tanto le cost\u00f3 ganar. La clave es elegir la p\u00f3liza adecuada para sus necesidades espec\u00edficas. Lo siguiente [&hellip;]<\/p>\n","protected":false},"author":1,"featured_media":0,"parent":62625,"menu_order":0,"comment_status":"closed","ping_status":"closed","template":"","meta":{"_acf_changed":false,"_et_pb_use_builder":"on","_et_pb_old_content":"","_et_gb_content_width":"","_monsterinsights_skip_tracking":false,"_monsterinsights_sitenote_active":false,"_monsterinsights_sitenote_note":"","_monsterinsights_sitenote_category":0,"footnotes":""},"class_list":["post-62668","page","type-page","status-publish","hentry"],"acf":[],"_links":{"self":[{"href":"https:\/\/www.myvacaya.com\/es\/wp-json\/wp\/v2\/pages\/62668","targetHints":{"allow":["GET"]}}],"collection":[{"href":"https:\/\/www.myvacaya.com\/es\/wp-json\/wp\/v2\/pages"}],"about":[{"href":"https:\/\/www.myvacaya.com\/es\/wp-json\/wp\/v2\/types\/page"}],"author":[{"embeddable":true,"href":"https:\/\/www.myvacaya.com\/es\/wp-json\/wp\/v2\/users\/1"}],"replies":[{"embeddable":true,"href":"https:\/\/www.myvacaya.com\/es\/wp-json\/wp\/v2\/comments?post=62668"}],"version-history":[{"count":5,"href":"https:\/\/www.myvacaya.com\/es\/wp-json\/wp\/v2\/pages\/62668\/revisions"}],"predecessor-version":[{"id":151448,"href":"https:\/\/www.myvacaya.com\/es\/wp-json\/wp\/v2\/pages\/62668\/revisions\/151448"}],"up":[{"embeddable":true,"href":"https:\/\/www.myvacaya.com\/es\/wp-json\/wp\/v2\/pages\/62625"}],"wp:attachment":[{"href":"https:\/\/www.myvacaya.com\/es\/wp-json\/wp\/v2\/media?parent=62668"}],"curies":[{"name":"wp","href":"https:\/\/api.w.org\/{rel}","templated":true}]}}