{"id":62561,"date":"2018-02-10T15:07:16","date_gmt":"2018-02-10T20:07:16","guid":{"rendered":"https:\/\/www.myvacaya.com\/descubrir\/devolviendo\/"},"modified":"2023-08-02T14:27:34","modified_gmt":"2023-08-02T18:27:34","slug":"devolviendo","status":"publish","type":"page","link":"https:\/\/www.myvacaya.com\/es\/descubrir\/devolviendo\/","title":{"rendered":"Devolviendo"},"content":{"rendered":"<p>[et_pb_section fb_built=\u00bb1&#8243; fullwidth=\u00bbon\u00bb admin_label=\u00bbSlider\u00bb module_id=\u00bbdeslizador-secci\u00f3n-interior\u00bb _builder_version=\u00bb4.17.6&#8243; _module_preset=\u00bbdefault\u00bb background_enable_image=\u00bboff\u00bb global_colors_info=\u00bb{}\u00bb][et_pb_fullwidth_code admin_label=\u00bbSlider Overlay\u00bb module_class=\u00bbinterior-page-overlay\u00bb _builder_version=\u00bb4.17.6&#8243; _module_preset=\u00bbdefault\u00bb positioning=\u00bbabsolute\u00bb position_origin_a=\u00bbtop_right\u00bb position_origin_f=\u00bbtop_right\u00bb z_index=\u00bb100&#8243; width=\u00bb50%\u00bb width_tablet=\u00bb50%\u00bb width_phone=\u00bb100%\u00bb width_last_edited=\u00bbon|phone\u00bb height=\u00bb100vh\u00bb hover_enabled=\u00bb0&#8243; global_colors_info=\u00bb{}\u00bb sticky_enabled=\u00bb0&#8243;]<div class=\"trip-overlay\"><div class=\"trip-title\"><h1>Devolviendo<\/h1><\/div><\/div>[\/et_pb_fullwidth_code][et_pb_fullwidth_slider show_arrows=\u00bboff\u00bb admin_label=\u00bbSlider Images\u00bb module_id=\u00bbslider-images\u00bb _builder_version=\u00bb4.17.6&#8243; _module_preset=\u00bbdefault\u00bb height=\u00bb100vh\u00bb auto=\u00bbon\u00bb global_colors_info=\u00bb{}\u00bb][et_pb_slide _builder_version=\u00bb4.17.6&#8243; _module_preset=\u00bbdefault\u00bb background_color=\u00bbRGBA(255,255,255,0)\u00bb background_enable_color=\u00bbon\u00bb background_image=\u00bbhttps:\/\/www.myvacaya.com\/wp-content\/uploads\/2022\/09\/giving-back-3.jpg\u00bb background_enable_image=\u00bbon\u00bb background_last_edited=\u00bbon|desktop\u00bb background_image_phone=\u00bbhttps:\/\/www.myvacaya.com\/wp-content\/uploads\/2022\/11\/give-back-mobile-414&#215;500-1.jpg\u00bb background_enable_image_phone=\u00bbon\u00bb global_colors_info=\u00bb{}\u00bb sticky_transition=\u00bbon\u00bb][\/et_pb_slide][\/et_pb_fullwidth_slider][\/et_pb_section][et_pb_section fb_built=\u00bb1&#8243; custom_padding_last_edited=\u00bbon|phone\u00bb _builder_version=\u00bb4.17.6&#8243; _module_preset=\u00bbdefault\u00bb custom_padding=\u00bb||||false|false\u00bb custom_padding_tablet=\u00bb||||false|false\u00bb custom_padding_phone=\u00bb||||false|false\u00bb global_colors_info=\u00bb{}\u00bb][et_pb_row custom_padding_last_edited=\u00bbon|desktop\u00bb _builder_version=\u00bb4.17.6&#8243; _module_preset=\u00bbdefault\u00bb custom_padding=\u00bb||||false|false\u00bb custom_padding_tablet=\u00bb||||false|false\u00bb custom_padding_phone=\u00bb||||false|false\u00bb global_colors_info=\u00bb{}\u00bb][et_pb_column type=\u00bb4_4&#8243; _builder_version=\u00bb4.17.6&#8243; _module_preset=\u00bbdefault\u00bb global_colors_info=\u00bb{}\u00bb][et_pb_text _builder_version=\u00bb4.17.6&#8243; _module_preset=\u00bbdefault\u00bb custom_margin=\u00bb||||false|false\u00bb custom_margin_tablet=\u00bb||||false|false\u00bb custom_margin_phone=\u00bb||||false|false\u00bb custom_margin_last_edited=\u00bbon|phone\u00bb global_colors_info=\u00bb{}\u00bb]\u00bfC\u00f3mo imaginas nuestro mundo en 50 a\u00f1os? Retribuir a la comunidad refleja nuestro compromiso con la idea de que todos podemos marcar la diferencia. Con ese fin, VACAYA tiene dos formas en las que esperamos tener un impacto tanto a nivel local como global&#8230;[\/et_pb_text][\/et_pb_column][\/et_pb_row][\/et_pb_section][et_pb_section fb_built=\u00bb1&#8243; custom_padding_last_edited=\u00bbon|desktop\u00bb admin_label=\u00bbVideo\u00bb _builder_version=\u00bb4.17.6&#8243; _module_preset=\u00bbdefault\u00bb custom_padding=\u00bb0%||0%||false|false\u00bb custom_padding_tablet=\u00bb0%||0%||false|false\u00bb custom_padding_phone=\u00bb0%||0%||false|false\u00bb global_colors_info=\u00bb{}\u00bb][et_pb_row custom_padding_last_edited=\u00bbon|desktop\u00bb _builder_version=\u00bb4.17.6&#8243; _module_preset=\u00bbdefault\u00bb custom_padding=\u00bb0%||0%||false|false\u00bb custom_padding_tablet=\u00bb\u00bb custom_padding_phone=\u00bb||0%||false|false\u00bb global_colors_info=\u00bb{}\u00bb][et_pb_column type=\u00bb4_4&#8243; _builder_version=\u00bb4.17.4&#8243; _module_preset=\u00bbdefault\u00bb global_colors_info=\u00bb{}\u00bb][et_pb_image src=\u00bbhttps:\/\/www.myvacaya.com\/wp-content\/uploads\/2022\/09\/giving-back-1.jpg\u00bb title_text=\u00bbdevolviendo-1&#8243; show_bottom_space=\u00bboff\u00bb force_fullwidth=\u00bbon\u00bb admin_label=\u00bbVideo Thumbnail\u00bb module_class=\u00bbpopmake-29174&#8243; _builder_version=\u00bb4.17.6&#8243; _module_preset=\u00bbdefault\u00bb scroll_fade_enable=\u00bbon\u00bb global_colors_info=\u00bb{}\u00bb][\/et_pb_image][et_pb_image src=\u00bbhttps:\/\/www.myvacaya.com\/wp-content\/uploads\/2022\/10\/play-btn-pink-white.png\u00bb title_text=\u00bbplay-btn-rosa-blanco\u00bb align=\u00bbcenter\u00bb admin_label=\u00bbPlay Button\u00bb module_class=\u00bbpopmake-29174&#8243; _builder_version=\u00bb4.17.6&#8243; _module_preset=\u00bbdefault\u00bb positioning=\u00bbabsolute\u00bb position_origin_a=\u00bbcenter_center\u00bb position_origin_f=\u00bbcenter_center\u00bb z_index=\u00bb10&#8243; width=\u00bb100%\u00bb width_tablet=\u00bb100%\u00bb width_phone=\u00bb\u00bb width_last_edited=\u00bbon|phone\u00bb max_width_tablet=\u00bb\u00bb max_width_phone=\u00bb50px\u00bb max_width_last_edited=\u00bbon|phone\u00bb global_colors_info=\u00bb{}\u00bb][\/et_pb_image][\/et_pb_column][\/et_pb_row][\/et_pb_section][et_pb_section fb_built=\u00bb1&#8243; custom_padding_last_edited=\u00bbon|desktop\u00bb _builder_version=\u00bb4.17.6&#8243; _module_preset=\u00bbdefault\u00bb custom_padding=\u00bb4%||0%||false|false\u00bb custom_padding_tablet=\u00bb4%||||false|false\u00bb custom_padding_phone=\u00bb40px||||false|false\u00bb global_colors_info=\u00bb{}\u00bb][et_pb_row column_structure=\u00bb1_2,1_2&#8243; custom_padding_last_edited=\u00bbon|desktop\u00bb _builder_version=\u00bb4.17.6&#8243; _module_preset=\u00bbdefault\u00bb custom_padding=\u00bb0%||0%||false|false\u00bb custom_padding_tablet=\u00bb0%||0%||false|false\u00bb custom_padding_phone=\u00bb0%||0%||false|false\u00bb global_colors_info=\u00bb{}\u00bb][et_pb_column type=\u00bb1_2&#8243; _builder_version=\u00bb4.17.6&#8243; _module_preset=\u00bbdefault\u00bb global_colors_info=\u00bb{}\u00bb][et_pb_text admin_label=\u00bbSection Title &#8211; H3&#8243; _builder_version=\u00bb4.17.6&#8243; _module_preset=\u00bbdefault\u00bb header_3_font=\u00bbFutura Bold|||on|||||\u00bb header_3_text_align=\u00bbcenter\u00bb header_3_text_color=\u00bb#000000&#8243; header_3_font_size=\u00bb18px\u00bb header_3_letter_spacing=\u00bb1.8px\u00bb header_3_line_height=\u00bb24px\u00bb custom_margin=\u00bb||||false|false\u00bb custom_margin_tablet=\u00bb||||false|false\u00bb custom_margin_phone=\u00bb||||false|false\u00bb custom_margin_last_edited=\u00bbon|phone\u00bb custom_padding=\u00bb||||false|false\u00bb global_colors_info=\u00bb{}\u00bb]<\/p>\n<h3>Alcanzar<\/h3>\n<p>[\/et_pb_text][et_pb_text _builder_version=\u00bb4.17.6&#8243; _module_preset=\u00bbdefault\u00bb global_colors_info=\u00bb{}\u00bb]Nuestra misi\u00f3n es asegurarnos de devolver a las comunidades que visitamos m\u00e1s de lo que se les quita. Al asociarnos con organizaciones locales, ofrecemos a nuestros hu\u00e9spedes la oportunidad durante sus vacaciones de retribuir a las comunidades que visitamos, ya sea con un poco de sudor o financieramente. Hacer del mundo un lugar mejor es f\u00e1cil. Todo lo que tienes que hacer es pasar el mejor momento de tu vida. Nuestras ofertas incluyen:<\/p>\n<p><strong>Mochila Proyecto<\/strong><br \/>\n Una de las consecuencias m\u00e1s devastadoras de vivir en la pobreza es el impacto que tiene en la educaci\u00f3n de un ni\u00f1o. Para un estudiante desfavorecido en lugares como Cuba, Roat\u00e1n, Barbuda o M\u00e9xico, poder comenzar el a\u00f1o escolar con \u00fatiles escolares nuevos es fundamental para su capacidad de aprender y crecer. Project Backpack brinda a los hu\u00e9spedes de VACAYA la oportunidad de recolectar y entregar estos suministros a las escuelas en los puertos que visitamos.<\/p>\n<p><strong>Fomentando el entendimiento a trav\u00e9s del volunturismo  <\/strong><br \/>\nLos viajes LGBT han demostrado ser uno de los principales impulsores para obtener la aceptaci\u00f3n de nuestra comunidad a nivel mundial. VACAYA fortalecer\u00e1 esas relaciones a trav\u00e9s de nuestras Excursiones Voluntur\u00edsticas en Tierra. Con el impacto social como meta, los invitados involucrar\u00e1n a las comunidades locales brindando alegr\u00eda a los j\u00f3venes que viven en orfanatos asolados por la pobreza, ayudando a reconstruir una instalaci\u00f3n devastada por un hurac\u00e1n o fabricando filtros de agua econ\u00f3micos pero efectivos y entreg\u00e1ndolos a familias necesitadas. VACAYA, en asociaci\u00f3n con nuestra l\u00ednea de cruceros y los anfitriones del resort, encabezar\u00e1 estos esfuerzos filantr\u00f3picos para dejar una impresi\u00f3n duradera en nuestros anfitriones.[\/et_pb_text][\/et_pb_column][et_pb_column type=\u00bb1_2&#8243; _builder_version=\u00bb4.17.6&#8243; _module_preset=\u00bbdefault\u00bb global_colors_info=\u00bb{}\u00bb][et_pb_text admin_label=\u00bbSection Title &#8211; H3&#8243; _builder_version=\u00bb4.17.6&#8243; _module_preset=\u00bbdefault\u00bb header_3_font=\u00bbFutura Bold|||on|||||\u00bb header_3_text_align=\u00bbcenter\u00bb header_3_text_color=\u00bb#000000&#8243; header_3_font_size=\u00bb18px\u00bb header_3_letter_spacing=\u00bb1.8px\u00bb header_3_line_height=\u00bb24px\u00bb custom_margin=\u00bb||||false|false\u00bb custom_margin_tablet=\u00bb||||false|false\u00bb custom_margin_phone=\u00bb||||false|false\u00bb custom_margin_last_edited=\u00bbon|phone\u00bb custom_padding=\u00bb||||false|false\u00bb global_colors_info=\u00bb{}\u00bb]<\/p>\n<h3>Caba\u00f1as por Causas<\/h3>\n<p>[\/et_pb_text][et_pb_text _builder_version=\u00bb4.17.6&#8243; _module_preset=\u00bbdefault\u00bb global_colors_info=\u00bb{}\u00bb]Como empresa de propiedad independiente, tenemos la libertad de apoyar causas que impactan nuestro mundo de manera positiva. Retribuir es importante para nosotros y queremos compartir esa pasi\u00f3n capacitando a los hu\u00e9spedes de VACAYA para que ayuden a decidir qu\u00e9 causas apoyamos. A trav\u00e9s de su apoyo a VACAYA, nuestro programa <em>Cabins for Causes<\/em> donar\u00e1 habitaciones de crucero a causas nobles de su elecci\u00f3n. De vez en cuando, realizaremos nominaciones y elecciones que involucren a nuestros invitados para guiar nuestras donaciones caritativas. Esperamos ayudar de las siguientes maneras:<\/p>\n<ul>\n<li><strong>Resolver problemas cr\u00edticos en el hogar<\/strong><br \/>\nNuestro objetivo es apoyar a las organizaciones que abordan los problemas dif\u00edciles que enfrentan las personas LGBT en Estados Unidos. Los ejemplos incluyen superar los efectos de los j\u00f3venes que salen del armario con familias que no los apoyan, brindar atenci\u00f3n m\u00e9dica cr\u00edtica para el VIH\/SIDA a todos los necesitados y garantizar viviendas asequibles y libres de discriminaci\u00f3n para nuestros adultos mayores LGBT en crecimiento.<\/li>\n<li><strong>Garantizar que la igualdad siga creciendo<\/strong><br \/>\nGracias al arduo trabajo de generaciones de defensores y activistas LGBT que lucharon para hacerlo posible, nuestro pa\u00eds ha logrado avances de igualdad que algunos de nosotros no imaginamos posibles en nuestra vida. Aspiramos a apoyar a las organizaciones que luchan por la plena igualdad federal para los estadounidenses LGBT, honrar el servicio militar de las personas LGBT y educar a los desinformados sobre los desaf\u00edos que enfrenta nuestra comunidad.<\/li>\n<li><strong>Empoderando los derechos humanos en todo el mundo<\/strong><br \/>\nTenemos la intenci\u00f3n de apoyar a organizaciones en pa\u00edses como Rusia, India, Malasia, Arabia Saudita, Singapur, Emiratos \u00c1rabes Unidos y Qatar con gobiernos homof\u00f3bicos y leyes antihomosexuales que limitan la capacidad de los miembros de la comunidad LGBT para desarrollar todo su potencial. Ofreceremos recursos y un mensaje de esperanza con una visi\u00f3n de vida libre, abierta y mayoritaria.<\/li>\n<\/ul>\n<p><strong>Para ser considerado<\/strong><br \/>\nActualmente, VACAYA est\u00e1 aceptando solicitudes <em>de Caba\u00f1as por Causas<\/em> para su consideraci\u00f3n.<\/p>\n<p>Para aplicar, env\u00ede la siguiente informaci\u00f3n a <a href=\"mailto:marketing@myvacaya.com\" target=\"_blank\" rel=\"noopener\">marketing@myvacaya.com<\/a> :<\/p>\n<ul>\n<li>Nombre de la Organizaci\u00f3n<\/li>\n<li>Sitio web de la organizaci\u00f3n<\/li>\n<li>Nombre, correo electr\u00f3nico y n\u00famero de tel\u00e9fono del contacto de la organizaci\u00f3n<\/li>\n<li>Nombre y fecha del evento<\/li>\n<li>N\u00famero de asistentes<\/li>\n<li>Otros detalles (no dude en adjuntar una breve presentaci\u00f3n)<\/li>\n<\/ul>\n<p>[\/et_pb_text][\/et_pb_column][\/et_pb_row][\/et_pb_section][et_pb_section fb_built=\u00bb1&#8243; admin_label=\u00bbTrip Tiles with Divider and Title\u00bb _builder_version=\u00bb4.17.6&#8243; _module_preset=\u00bbdefault\u00bb global_colors_info=\u00bb{}\u00bb][et_pb_row _builder_version=\u00bb4.17.6&#8243; _module_preset=\u00bbdefault\u00bb global_colors_info=\u00bb{}\u00bb][et_pb_column type=\u00bb4_4&#8243; _builder_version=\u00bb4.17.6&#8243; _module_preset=\u00bbdefault\u00bb global_colors_info=\u00bb{}\u00bb][et_pb_divider color=\u00bb#000000&#8243; divider_position=\u00bbcenter\u00bb _builder_version=\u00bb4.17.6&#8243; _module_preset=\u00bbdefault\u00bb global_colors_info=\u00bb{}\u00bb][\/et_pb_divider][\/et_pb_column][\/et_pb_row][et_pb_row _builder_version=\u00bb4.17.6&#8243; _module_preset=\u00bbdefault\u00bb global_colors_info=\u00bb{}\u00bb][et_pb_column type=\u00bb4_4&#8243; _builder_version=\u00bb4.17.6&#8243; _module_preset=\u00bbdefault\u00bb global_colors_info=\u00bb{}\u00bb][et_pb_text admin_label=\u00bbSection Title &#8211; H3&#8243; _builder_version=\u00bb4.17.6&#8243; _module_preset=\u00bbdefault\u00bb header_3_font=\u00bbFutura Bold|||on|||||\u00bb header_3_text_align=\u00bbcenter\u00bb header_3_text_color=\u00bb#000000&#8243; header_3_font_size=\u00bb18px\u00bb header_3_letter_spacing=\u00bb1.8px\u00bb header_3_line_height=\u00bb24px\u00bb custom_margin=\u00bb||||false|false\u00bb custom_margin_tablet=\u00bb||||false|false\u00bb custom_margin_phone=\u00bb||||false|false\u00bb custom_margin_last_edited=\u00bbon|phone\u00bb custom_padding=\u00bb||||false|false\u00bb global_colors_info=\u00bb{}\u00bb]<\/p>\n<h3>DEVOLVER DURANTE ESTAS VACACIONES<\/h3>\n<p>[\/et_pb_text][\/et_pb_column][\/et_pb_row][et_pb_row _builder_version=\u00bb4.17.6&#8243; _module_preset=\u00bbdefault\u00bb global_colors_info=\u00bb{}\u00bb][et_pb_column type=\u00bb4_4&#8243; _builder_version=\u00bb4.17.6&#8243; _module_preset=\u00bbdefault\u00bb global_colors_info=\u00bb{}\u00bb][et_pb_text _builder_version=\u00bb4.17.6&#8243; _module_preset=\u00bbdefault\u00bb global_colors_info=\u00bb{}\u00bb]<div id=\"ajax-load-more\" class=\"ajax-load-more-wrap default\" data-id=\"experience-items\" data-alm-id=\"\" data-canonical-url=\"https:\/\/www.myvacaya.com\/es\/descubrir\/devolviendo\/\" data-slug=\"devolviendo\" data-post-id=\"62561\"  data-localized=\"ajax_load_more_experience_items_vars\" data-alm-object=\"ajax_load_more_experience_items\"><ul aria-live=\"polite\" aria-atomic=\"true\" class=\"alm-listing alm-ajax\" data-container-type=\"ul\" data-loading-style=\"default\" data-repeater=\"template_1\" data-post-type=\"trip\" data-meta-key=\"show_trip_tile\" data-meta-value=\"1\" data-custom-args=\"post_parent: 0\" data-order=\"ASC\" data-orderby=\"date\" data-offset=\"0\" data-posts-per-page=\"20\" data-lang=\"es\" data-scroll=\"false\" data-button-label=\"Load More\" data-prev-button-label=\"Load Previous\" data-destroy-after=\"1\"><\/ul><div class=\"alm-btn-wrap\" data-rel=\"ajax-load-more\"><button class=\"alm-load-more-btn\" type=\"button\">Load More<\/button><\/div><\/div>[\/et_pb_text][\/et_pb_column][\/et_pb_row][\/et_pb_section][et_pb_section fb_built=\u00bb1&#8243; admin_label=\u00bbThe Vacaya Difference\u00bb _builder_version=\u00bb4.17.6&#8243; _module_preset=\u00bbdefault\u00bb background_color=\u00bb#191919&#8243; custom_padding=\u00bb||||false|false\u00bb global_colors_info=\u00bb{}\u00bb][et_pb_row _builder_version=\u00bb4.17.6&#8243; _module_preset=\u00bbdefault\u00bb global_colors_info=\u00bb{}\u00bb][et_pb_column type=\u00bb4_4&#8243; _builder_version=\u00bb4.17.4&#8243; _module_preset=\u00bbdefault\u00bb global_colors_info=\u00bb{}\u00bb][et_pb_text admin_label=\u00bbSection Title &#8211; H3&#8243; _builder_version=\u00bb4.17.6&#8243; _module_preset=\u00bbdefault\u00bb header_3_font=\u00bbFutura Bold|||on|||||\u00bb header_3_text_align=\u00bbcenter\u00bb header_3_text_color=\u00bb#FFFFFF\u00bb header_3_font_size=\u00bb18px\u00bb header_3_letter_spacing=\u00bb1.8px\u00bb header_3_line_height=\u00bb24px\u00bb custom_margin=\u00bb||4%||false|false\u00bb custom_margin_tablet=\u00bb||4%||false|false\u00bb custom_margin_phone=\u00bb||40px||false|false\u00bb custom_margin_last_edited=\u00bbon|phone\u00bb global_colors_info=\u00bb{}\u00bb]<\/p>\n<h3>La diferencia vacaya<\/h3>\n<p>[\/et_pb_text][dmpro_carousel columns=\u00bb5&#8243; space_between=\u00bb32&#8243; container_padding=\u00bb0px|30px|0px|30px|false|false\u00bb loop=\u00bbon\u00bb autoplay=\u00bbon\u00bb pause_on_hover=\u00bboff\u00bb autoplay_speed=\u00bb3000&#8243; columns_tablet=\u00bb3&#8243; columns_phone=\u00bb2&#8243; columns_last_edited=\u00bbon|phone\u00bb _builder_version=\u00bb4.17.6&#8243; _module_preset=\u00bbdefault\u00bb title_font=\u00bbFutura Bold|||on|||||\u00bb title_text_color=\u00bb#FFFFFF\u00bb title_font_size=\u00bb18px\u00bb title_letter_spacing=\u00bb0.1em\u00bb title_line_height=\u00bb24px\u00bb desc_font=\u00bbHelvetica||||||||\u00bb desc_text_color=\u00bb#FFFFFF\u00bb desc_font_size=\u00bb16px\u00bb desc_line_height=\u00bb1.5em\u00bb global_colors_info=\u00bb{}\u00bb][dmpro_carousel_child title=\u00bbConvi\u00e9rtete en Embajador\u00bb img_src=\u00bbhttps:\/\/www.myvacaya.com\/wp-content\/uploads\/2022\/07\/ambassadors-1.jpg\u00bb text_title=\u00bbConvi\u00e9rtete en Embajador\u00bb desc_text=\u00bbEager to help spread the news about VACAYA? We have everything you need to get started!\u00bb _builder_version=\u00bb4.17.4&#8243; _module_preset=\u00bbdefault\u00bb global_colors_info=\u00bb{}\u00bb][\/dmpro_carousel_child][dmpro_carousel_child title=\u00bbOfertas sin igual\u00bb img_src=\u00bbhttps:\/\/www.myvacaya.com\/wp-content\/uploads\/2022\/07\/unparalled-offers.png\u00bb text_title=\u00bbOfertas sin igual\u00bb desc_text=\u00bbAre you ready to dive into VACAYA headfirst? We\u2019ve got a special selection of offers just for you!\u00bb _builder_version=\u00bb4.17.4&#8243; _module_preset=\u00bbdefault\u00bb global_colors_info=\u00bb{}\u00bb][\/dmpro_carousel_child][dmpro_carousel_child title=\u00bbAccesibilidad\u00bb img_src=\u00bbhttps:\/\/www.myvacaya.com\/wp-content\/uploads\/2022\/07\/accesibility.jpg\u00bb text_title=\u00bbAccesibilidad\u00bb desc_text=\u00bbVACAYA and our partners create a welcoming environment for travelers with special needs.\u00bb _builder_version=\u00bb4.17.4&#8243; _module_preset=\u00bbdefault\u00bb global_colors_info=\u00bb{}\u00bb][\/dmpro_carousel_child][dmpro_carousel_child title=\u00bbDevolviendo\u00bb img_src=\u00bbhttps:\/\/www.myvacaya.com\/wp-content\/uploads\/2022\/07\/giving-back-2.jpg\u00bb text_title=\u00bbDevolviendo\u00bb desc_text=\u00bbOur efforts in the community reflect our commitment to the idea that we can all make a difference.\u00bb _builder_version=\u00bb4.17.4&#8243; _module_preset=\u00bbdefault\u00bb global_colors_info=\u00bb{}\u00bb][\/dmpro_carousel_child][dmpro_carousel_child title=\u00bbTodos son bienvenidos\u00bb img_src=\u00bbhttps:\/\/www.myvacaya.com\/wp-content\/uploads\/2022\/07\/all-are-welcome.png\u00bb text_title=\u00bbTodos son bienvenidos\u00bb desc_text=\u00bbOpen your mind to the rainbow of fun that can be had in the world. <em>That\u2019s<\/em> the spirit of VACAYA!\u00bb _builder_version=\u00bb4.17.4&#8243; _module_preset=\u00bbdefault\u00bb global_colors_info=\u00bb{}\u00bb][\/dmpro_carousel_child][dmpro_carousel_child title=\u00bbNuestras Experiencias\u00bb img_src=\u00bbhttps:\/\/www.myvacaya.com\/wp-content\/uploads\/2022\/07\/vacaya-experiences.jpg\u00bb text_title=\u00bbNuestras Experiencias\u00bb desc_text=\u00bbVACAYA delivers vacations tailored to the unique desires of our guests. How will <em>you<\/em> VACAYA?\u00bb _builder_version=\u00bb4.17.4&#8243; _module_preset=\u00bbdefault\u00bb global_colors_info=\u00bb{}\u00bb][\/dmpro_carousel_child][dmpro_carousel_child title=\u00bbSopa de letras\u00bb img_src=\u00bbhttps:\/\/www.myvacaya.com\/wp-content\/uploads\/2022\/07\/the-difference-alphabet-soup-290&#215;175-2.jpg\u00bb text_title=\u00bbSopa de letras\u00bb desc_text=\u00bbLook no further\u2026 VACAYA\u2019s handy guide will help you navigate the entire LGBTQIAPK spectrum.\u00bb _builder_version=\u00bb4.17.4&#8243; _module_preset=\u00bbdefault\u00bb global_colors_info=\u00bb{}\u00bb][\/dmpro_carousel_child][dmpro_carousel_child title=\u00bbViajeros solos\u00bb img_src=\u00bbhttps:\/\/www.myvacaya.com\/wp-content\/uploads\/2022\/07\/step-by-step.jpg\u00bb text_title=\u00bbViajeros solos\u00bb desc_text=\u00bb<\/p>\n<p>VACAYA\u2019s \u201cSolo Traveling with Ease Program\u201d is perfect for single travelers looking to join in the fun.<\/p>\n<p>\u00bb _builder_version=\u00bb4.17.4&#8243; _module_preset=\u00bbdefault\u00bb global_colors_info=\u00bb{}\u00bb][\/dmpro_carousel_child][\/dmpro_carousel][\/et_pb_column][\/et_pb_row][\/et_pb_section]<\/p>\n","protected":false},"excerpt":{"rendered":"<p><div class=\"trip-overlay\"><div class=\"trip-title\"><h1>Fichas de viaje con t\u00edtulo: solo cruceros<\/h1><\/div><\/div>\u00bfC\u00f3mo imaginas nuestro mundo en 50 a\u00f1os? Retribuir a la comunidad refleja nuestro compromiso con la idea de que todos podemos marcar la diferencia. Con ese fin, VACAYA tiene dos formas en las que esperamos tener un impacto tanto a nivel local como global&#8230;AlcanzarNuestra misi\u00f3n es asegurarnos de devolver a las comunidades que visitamos m\u00e1s [&hellip;]<\/p>\n","protected":false},"author":1,"featured_media":0,"parent":62519,"menu_order":0,"comment_status":"closed","ping_status":"closed","template":"","meta":{"_acf_changed":false,"_et_pb_use_builder":"on","_et_pb_old_content":"","_et_gb_content_width":"","_monsterinsights_skip_tracking":false,"_monsterinsights_sitenote_active":false,"_monsterinsights_sitenote_note":"","_monsterinsights_sitenote_category":0,"footnotes":""},"class_list":["post-62561","page","type-page","status-publish","hentry"],"acf":[],"_links":{"self":[{"href":"https:\/\/www.myvacaya.com\/es\/wp-json\/wp\/v2\/pages\/62561","targetHints":{"allow":["GET"]}}],"collection":[{"href":"https:\/\/www.myvacaya.com\/es\/wp-json\/wp\/v2\/pages"}],"about":[{"href":"https:\/\/www.myvacaya.com\/es\/wp-json\/wp\/v2\/types\/page"}],"author":[{"embeddable":true,"href":"https:\/\/www.myvacaya.com\/es\/wp-json\/wp\/v2\/users\/1"}],"replies":[{"embeddable":true,"href":"https:\/\/www.myvacaya.com\/es\/wp-json\/wp\/v2\/comments?post=62561"}],"version-history":[{"count":2,"href":"https:\/\/www.myvacaya.com\/es\/wp-json\/wp\/v2\/pages\/62561\/revisions"}],"predecessor-version":[{"id":62571,"href":"https:\/\/www.myvacaya.com\/es\/wp-json\/wp\/v2\/pages\/62561\/revisions\/62571"}],"up":[{"embeddable":true,"href":"https:\/\/www.myvacaya.com\/es\/wp-json\/wp\/v2\/pages\/62519"}],"wp:attachment":[{"href":"https:\/\/www.myvacaya.com\/es\/wp-json\/wp\/v2\/media?parent=62561"}],"curies":[{"name":"wp","href":"https:\/\/api.w.org\/{rel}","templated":true}]}}