{"id":62556,"date":"2018-02-10T15:07:03","date_gmt":"2018-02-10T20:07:03","guid":{"rendered":"https:\/\/www.myvacaya.com\/descubrir\/aliados-heterosexuales\/"},"modified":"2023-08-02T14:27:33","modified_gmt":"2023-08-02T18:27:33","slug":"aliados-heterosexuales","status":"publish","type":"page","link":"https:\/\/www.myvacaya.com\/es\/descubrir\/aliados-heterosexuales\/","title":{"rendered":"Aliados heterosexuales"},"content":{"rendered":"<p>[et_pb_section fb_built=\u00bb1&#8243; fullwidth=\u00bbon\u00bb admin_label=\u00bbSlider\u00bb module_id=\u00bbdeslizador-secci\u00f3n-interior\u00bb _builder_version=\u00bb4.17.6&#8243; _module_preset=\u00bbdefault\u00bb background_enable_image=\u00bboff\u00bb global_colors_info=\u00bb{}\u00bb][et_pb_fullwidth_code admin_label=\u00bbSlider Overlay\u00bb module_class=\u00bbinterior-page-overlay\u00bb _builder_version=\u00bb4.17.6&#8243; _module_preset=\u00bbdefault\u00bb positioning=\u00bbabsolute\u00bb position_origin_a=\u00bbtop_right\u00bb position_origin_f=\u00bbtop_right\u00bb z_index=\u00bb100&#8243; width=\u00bb50%\u00bb width_tablet=\u00bb50%\u00bb width_phone=\u00bb100%\u00bb width_last_edited=\u00bbon|phone\u00bb height=\u00bb100vh\u00bb hover_enabled=\u00bb0&#8243; global_colors_info=\u00bb{}\u00bb sticky_enabled=\u00bb0&#8243;]<div class=\"trip-overlay\"><div class=\"trip-title\"><h1>Aliados heterosexuales<\/h1><\/div><\/div>[\/et_pb_fullwidth_code][et_pb_fullwidth_slider show_arrows=\u00bboff\u00bb admin_label=\u00bbSlider Images\u00bb module_id=\u00bbslider-images\u00bb _builder_version=\u00bb4.17.6&#8243; _module_preset=\u00bbdefault\u00bb height=\u00bb100vh\u00bb auto=\u00bbon\u00bb global_colors_info=\u00bb{}\u00bb][et_pb_slide _builder_version=\u00bb4.17.6&#8243; _module_preset=\u00bbdefault\u00bb background_color=\u00bbRGBA(255,255,255,0)\u00bb background_enable_color=\u00bbon\u00bb background_image=\u00bbhttps:\/\/www.myvacaya.com\/wp-content\/uploads\/2022\/09\/straight-allies.jpg\u00bb background_enable_image=\u00bbon\u00bb background_last_edited=\u00bbon|desktop\u00bb background_image_phone=\u00bbhttps:\/\/www.myvacaya.com\/wp-content\/uploads\/2022\/11\/straight-allies-mobile-414&#215;500-1.jpg\u00bb background_enable_image_phone=\u00bbon\u00bb global_colors_info=\u00bb{}\u00bb sticky_transition=\u00bbon\u00bb][\/et_pb_slide][\/et_pb_fullwidth_slider][\/et_pb_section][et_pb_section fb_built=\u00bb1&#8243; custom_padding_last_edited=\u00bbon|phone\u00bb _builder_version=\u00bb4.17.6&#8243; _module_preset=\u00bbdefault\u00bb custom_padding=\u00bb||0%||false|false\u00bb custom_padding_tablet=\u00bb||||false|false\u00bb custom_padding_phone=\u00bb||||false|false\u00bb global_colors_info=\u00bb{}\u00bb][et_pb_row custom_padding_last_edited=\u00bbon|desktop\u00bb _builder_version=\u00bb4.17.6&#8243; _module_preset=\u00bbdefault\u00bb custom_padding=\u00bb||0%||false|false\u00bb custom_padding_tablet=\u00bb||||false|false\u00bb custom_padding_phone=\u00bb||||false|false\u00bb global_colors_info=\u00bb{}\u00bb][et_pb_column type=\u00bb4_4&#8243; _builder_version=\u00bb4.17.6&#8243; _module_preset=\u00bbdefault\u00bb global_colors_info=\u00bb{}\u00bb][et_pb_text _builder_version=\u00bb4.17.6&#8243; _module_preset=\u00bbdefault\u00bb custom_margin=\u00bb||||false|false\u00bb custom_margin_tablet=\u00bb||||false|false\u00bb custom_margin_phone=\u00bb||||false|false\u00bb custom_margin_last_edited=\u00bbon|phone\u00bb global_colors_info=\u00bb{}\u00bb]Cuando se supo que los fundadores de VACAYA estaban trabajando en un nuevo tipo de compa\u00f1\u00eda de vacaciones, muchos de nuestros amigos heterosexuales nos instaron a no dejarlos fuera de toda la diversi\u00f3n. Nos recordaron que estaban cansados \u200b\u200bde ver nuestras payasadas en las redes sociales y no poder participar. Nos animaron a pensar m\u00e1s all\u00e1 de los estereotipos y a recibir aliados en nuestras vacaciones. Y eso es justo lo que hemos hecho. Entonces, si compartes el amor por el brillo, crees que la sexualidad puede ser fluida, y la vista de un oso caliente con alas de plumas y un suspensorio te hace tan alegre como tus amigos homosexuales, entonces eres bienvenido aqu\u00ed. En VACAYA estamos muy agradecidos por el apoyo progresivo que nuestra comunidad ha recibido de nuestros hermanos y hermanas aliados heterosexuales.<\/p>\n<p>Y ahora esto\u2026 una palabra especial para nuestros aliados masculinos heterosexuales que deciden viajar con VACAYA. El hecho de que los gays sepan que eres heterosexual no significa que no te coquetear\u00e1n. De hecho, probablemente aumente la probabilidad de que te hablen. Sin embargo, podemos afirmar inequ\u00edvocamente que los rumores de que los miembros de nuestra comunidad obtienen una tostadora por cada hombre heterosexual que \u00abconvierten\u00bb son TOTALMENTE FALSO. Entonces, si realmente no te sientes tan fluido como podr\u00eda requerir que te coqueteen, simplemente decepciona al chico con calma. O eso, o coquetear para conseguir unos tragos gratis. El hecho de que no est\u00e9 interesado no significa que no pueda disfrutar de una conversaci\u00f3n animada. Si abres tu mente al arco\u00edris de diversi\u00f3n que se puede tener en el mundo, es posible que incluso te conviertas en el alma de la fiesta. Ese es el esp\u00edritu de VACAYA.[\/et_pb_text][\/et_pb_column][\/et_pb_row][\/et_pb_section][et_pb_section fb_built=\u00bb1&#8243; admin_label=\u00bbTrip Tiles with Divider and Title\u00bb _builder_version=\u00bb4.17.6&#8243; _module_preset=\u00bbdefault\u00bb global_colors_info=\u00bb{}\u00bb][et_pb_row _builder_version=\u00bb4.17.6&#8243; _module_preset=\u00bbdefault\u00bb global_colors_info=\u00bb{}\u00bb][et_pb_column type=\u00bb4_4&#8243; _builder_version=\u00bb4.17.6&#8243; _module_preset=\u00bbdefault\u00bb global_colors_info=\u00bb{}\u00bb][et_pb_divider color=\u00bb#000000&#8243; divider_position=\u00bbcenter\u00bb _builder_version=\u00bb4.17.6&#8243; _module_preset=\u00bbdefault\u00bb global_colors_info=\u00bb{}\u00bb][\/et_pb_divider][\/et_pb_column][\/et_pb_row][et_pb_row _builder_version=\u00bb4.17.6&#8243; _module_preset=\u00bbdefault\u00bb global_colors_info=\u00bb{}\u00bb][et_pb_column type=\u00bb4_4&#8243; _builder_version=\u00bb4.17.6&#8243; _module_preset=\u00bbdefault\u00bb global_colors_info=\u00bb{}\u00bb][et_pb_text admin_label=\u00bbSection Title &#8211; H3&#8243; _builder_version=\u00bb4.17.6&#8243; _module_preset=\u00bbdefault\u00bb header_3_font=\u00bbFutura Bold|||on|||||\u00bb header_3_text_align=\u00bbcenter\u00bb header_3_text_color=\u00bb#000000&#8243; header_3_font_size=\u00bb18px\u00bb header_3_letter_spacing=\u00bb1.8px\u00bb header_3_line_height=\u00bb24px\u00bb custom_margin=\u00bb||||false|false\u00bb custom_margin_tablet=\u00bb||||false|false\u00bb custom_margin_phone=\u00bb||||false|false\u00bb custom_margin_last_edited=\u00bbon|phone\u00bb custom_padding=\u00bb||||false|false\u00bb global_colors_info=\u00bb{}\u00bb]<\/p>\n<h3>SI NO HAS RESERVADO LAS VACACIONES LGBT+ M\u00c1S CALIENTES DEL PLANETA,<br \/>\n\u00bfQUE ESTAS ESPERANDO? \u00a1CONSULTALOS ABAJO!<\/h3>\n<p>[\/et_pb_text][\/et_pb_column][\/et_pb_row][et_pb_row _builder_version=\u00bb4.17.6&#8243; _module_preset=\u00bbdefault\u00bb global_colors_info=\u00bb{}\u00bb][et_pb_column type=\u00bb4_4&#8243; _builder_version=\u00bb4.17.6&#8243; _module_preset=\u00bbdefault\u00bb global_colors_info=\u00bb{}\u00bb][et_pb_text _builder_version=\u00bb4.17.6&#8243; _module_preset=\u00bbdefault\u00bb global_colors_info=\u00bb{}\u00bb]<div id=\"ajax-load-more\" class=\"ajax-load-more-wrap default\" data-id=\"experience-items\" data-alm-id=\"\" data-canonical-url=\"https:\/\/www.myvacaya.com\/es\/descubrir\/aliados-heterosexuales\/\" data-slug=\"aliados-heterosexuales\" data-post-id=\"62556\"  data-localized=\"ajax_load_more_experience_items_vars\" data-alm-object=\"ajax_load_more_experience_items\"><ul aria-live=\"polite\" aria-atomic=\"true\" class=\"alm-listing alm-ajax\" data-container-type=\"ul\" data-loading-style=\"default\" data-repeater=\"template_1\" data-post-type=\"trip\" data-meta-key=\"show_trip_tile\" data-meta-value=\"1\" data-custom-args=\"post_parent: 0\" data-order=\"ASC\" data-orderby=\"date\" data-offset=\"0\" data-posts-per-page=\"20\" data-lang=\"es\" data-scroll=\"false\" data-button-label=\"Load More\" data-prev-button-label=\"Load Previous\" data-destroy-after=\"1\"><\/ul><div class=\"alm-btn-wrap\" data-rel=\"ajax-load-more\"><button class=\"alm-load-more-btn\" type=\"button\">Load More<\/button><\/div><\/div>[\/et_pb_text][\/et_pb_column][\/et_pb_row][\/et_pb_section][et_pb_section fb_built=\u00bb1&#8243; admin_label=\u00bbThe Vacaya Difference\u00bb _builder_version=\u00bb4.17.6&#8243; _module_preset=\u00bbdefault\u00bb background_color=\u00bb#191919&#8243; custom_padding=\u00bb||||false|false\u00bb global_colors_info=\u00bb{}\u00bb][et_pb_row _builder_version=\u00bb4.17.6&#8243; _module_preset=\u00bbdefault\u00bb global_colors_info=\u00bb{}\u00bb][et_pb_column type=\u00bb4_4&#8243; _builder_version=\u00bb4.17.4&#8243; _module_preset=\u00bbdefault\u00bb global_colors_info=\u00bb{}\u00bb][et_pb_text admin_label=\u00bbSection Title &#8211; H3&#8243; _builder_version=\u00bb4.17.6&#8243; _module_preset=\u00bbdefault\u00bb header_3_font=\u00bbFutura Bold|||on|||||\u00bb header_3_text_align=\u00bbcenter\u00bb header_3_text_color=\u00bb#FFFFFF\u00bb header_3_font_size=\u00bb18px\u00bb header_3_letter_spacing=\u00bb1.8px\u00bb header_3_line_height=\u00bb24px\u00bb custom_margin=\u00bb||4%||false|false\u00bb custom_margin_tablet=\u00bb||4%||false|false\u00bb custom_margin_phone=\u00bb||40px||false|false\u00bb custom_margin_last_edited=\u00bbon|phone\u00bb global_colors_info=\u00bb{}\u00bb]<\/p>\n<h3>La diferencia vacaya<\/h3>\n<p>[\/et_pb_text][dmpro_carousel columns=\u00bb5&#8243; space_between=\u00bb32&#8243; container_padding=\u00bb0px|30px|0px|30px|false|false\u00bb loop=\u00bbon\u00bb autoplay=\u00bbon\u00bb pause_on_hover=\u00bboff\u00bb autoplay_speed=\u00bb3000&#8243; columns_tablet=\u00bb3&#8243; columns_phone=\u00bb2&#8243; columns_last_edited=\u00bbon|desktop\u00bb _builder_version=\u00bb4.17.6&#8243; _module_preset=\u00bbdefault\u00bb title_font=\u00bbFutura Bold|||on|||||\u00bb title_text_color=\u00bb#FFFFFF\u00bb title_font_size=\u00bb18px\u00bb title_letter_spacing=\u00bb0.1em\u00bb title_line_height=\u00bb24px\u00bb desc_font=\u00bbHelvetica||||||||\u00bb desc_text_color=\u00bb#FFFFFF\u00bb desc_font_size=\u00bb16px\u00bb desc_line_height=\u00bb1.5em\u00bb global_colors_info=\u00bb{}\u00bb][dmpro_carousel_child title=\u00bbConvi\u00e9rtete en Embajador\u00bb img_src=\u00bbhttps:\/\/www.myvacaya.com\/wp-content\/uploads\/2022\/07\/ambassadors-1.jpg\u00bb text_title=\u00bbConvi\u00e9rtete en Embajador\u00bb desc_text=\u00bbEager to help spread the news about VACAYA? We have everything you need to get started!\u00bb _builder_version=\u00bb4.17.4&#8243; _module_preset=\u00bbdefault\u00bb global_colors_info=\u00bb{}\u00bb][\/dmpro_carousel_child][dmpro_carousel_child title=\u00bbOfertas sin igual\u00bb img_src=\u00bbhttps:\/\/www.myvacaya.com\/wp-content\/uploads\/2022\/07\/unparalled-offers.png\u00bb text_title=\u00bbOfertas sin igual\u00bb desc_text=\u00bbAre you ready to dive into VACAYA headfirst? We\u2019ve got a special selection of offers just for you!\u00bb _builder_version=\u00bb4.17.4&#8243; _module_preset=\u00bbdefault\u00bb global_colors_info=\u00bb{}\u00bb][\/dmpro_carousel_child][dmpro_carousel_child title=\u00bbAccesibilidad\u00bb img_src=\u00bbhttps:\/\/www.myvacaya.com\/wp-content\/uploads\/2022\/07\/accesibility.jpg\u00bb text_title=\u00bbAccesibilidad\u00bb desc_text=\u00bbVACAYA and our partners create a welcoming environment for travelers with special needs.\u00bb _builder_version=\u00bb4.17.4&#8243; _module_preset=\u00bbdefault\u00bb global_colors_info=\u00bb{}\u00bb][\/dmpro_carousel_child][dmpro_carousel_child title=\u00bbDevolviendo\u00bb img_src=\u00bbhttps:\/\/www.myvacaya.com\/wp-content\/uploads\/2022\/07\/giving-back-2.jpg\u00bb text_title=\u00bbDevolviendo\u00bb desc_text=\u00bbOur efforts in the community reflect our commitment to the idea that we can all make a difference.\u00bb _builder_version=\u00bb4.17.4&#8243; _module_preset=\u00bbdefault\u00bb global_colors_info=\u00bb{}\u00bb][\/dmpro_carousel_child][dmpro_carousel_child title=\u00bbTodos son bienvenidos\u00bb img_src=\u00bbhttps:\/\/www.myvacaya.com\/wp-content\/uploads\/2022\/07\/all-are-welcome.png\u00bb text_title=\u00bbTodos son bienvenidos\u00bb desc_text=\u00bbOpen your mind to the rainbow of fun that can be had in the world. <em>That\u2019s<\/em> the spirit of VACAYA!\u00bb _builder_version=\u00bb4.17.4&#8243; _module_preset=\u00bbdefault\u00bb global_colors_info=\u00bb{}\u00bb][\/dmpro_carousel_child][dmpro_carousel_child title=\u00bbNuestras Experiencias\u00bb img_src=\u00bbhttps:\/\/www.myvacaya.com\/wp-content\/uploads\/2022\/07\/vacaya-experiences.jpg\u00bb text_title=\u00bbNuestras Experiencias\u00bb desc_text=\u00bbVACAYA delivers vacations tailored to the unique desires of our guests. How will <em>you<\/em> VACAYA?\u00bb _builder_version=\u00bb4.17.4&#8243; _module_preset=\u00bbdefault\u00bb global_colors_info=\u00bb{}\u00bb][\/dmpro_carousel_child][dmpro_carousel_child title=\u00bbSopa de letras\u00bb img_src=\u00bbhttps:\/\/www.myvacaya.com\/wp-content\/uploads\/2022\/07\/the-difference-alphabet-soup-290&#215;175-2.jpg\u00bb text_title=\u00bbSopa de letras\u00bb desc_text=\u00bbLook no further\u2026 VACAYA\u2019s handy guide will help you navigate the entire LGBTQIAPK spectrum.\u00bb _builder_version=\u00bb4.17.4&#8243; _module_preset=\u00bbdefault\u00bb global_colors_info=\u00bb{}\u00bb][\/dmpro_carousel_child][dmpro_carousel_child title=\u00bbViajeros solos\u00bb img_src=\u00bbhttps:\/\/www.myvacaya.com\/wp-content\/uploads\/2022\/07\/step-by-step.jpg\u00bb text_title=\u00bbViajeros solos\u00bb desc_text=\u00bb<\/p>\n<p>VACAYA\u2019s \u201cSolo Traveling with Ease Program\u201d is perfect for single travelers looking to join in the fun.<\/p>\n<p>\u00bb _builder_version=\u00bb4.17.4&#8243; _module_preset=\u00bbdefault\u00bb global_colors_info=\u00bb{}\u00bb][\/dmpro_carousel_child][\/dmpro_carousel][\/et_pb_column][\/et_pb_row][\/et_pb_section]<\/p>\n","protected":false},"excerpt":{"rendered":"<p><div class=\"trip-overlay\"><div class=\"trip-title\"><h1>Fichas de viaje con t\u00edtulo: solo cruceros<\/h1><\/div><\/div>Cuando se supo que los fundadores de VACAYA estaban trabajando en un nuevo tipo de compa\u00f1\u00eda de vacaciones, muchos de nuestros amigos heterosexuales nos instaron a no dejarlos fuera de toda la diversi\u00f3n. Nos recordaron que estaban cansados \u200b\u200bde ver nuestras payasadas en las redes sociales y no poder participar. Nos animaron a pensar m\u00e1s [&hellip;]<\/p>\n","protected":false},"author":1,"featured_media":0,"parent":62519,"menu_order":0,"comment_status":"closed","ping_status":"closed","template":"","meta":{"_acf_changed":false,"_et_pb_use_builder":"on","_et_pb_old_content":"","_et_gb_content_width":"","_monsterinsights_skip_tracking":false,"_monsterinsights_sitenote_active":false,"_monsterinsights_sitenote_note":"","_monsterinsights_sitenote_category":0,"footnotes":""},"class_list":["post-62556","page","type-page","status-publish","hentry"],"acf":[],"_links":{"self":[{"href":"https:\/\/www.myvacaya.com\/es\/wp-json\/wp\/v2\/pages\/62556","targetHints":{"allow":["GET"]}}],"collection":[{"href":"https:\/\/www.myvacaya.com\/es\/wp-json\/wp\/v2\/pages"}],"about":[{"href":"https:\/\/www.myvacaya.com\/es\/wp-json\/wp\/v2\/types\/page"}],"author":[{"embeddable":true,"href":"https:\/\/www.myvacaya.com\/es\/wp-json\/wp\/v2\/users\/1"}],"replies":[{"embeddable":true,"href":"https:\/\/www.myvacaya.com\/es\/wp-json\/wp\/v2\/comments?post=62556"}],"version-history":[{"count":2,"href":"https:\/\/www.myvacaya.com\/es\/wp-json\/wp\/v2\/pages\/62556\/revisions"}],"predecessor-version":[{"id":62562,"href":"https:\/\/www.myvacaya.com\/es\/wp-json\/wp\/v2\/pages\/62556\/revisions\/62562"}],"up":[{"embeddable":true,"href":"https:\/\/www.myvacaya.com\/es\/wp-json\/wp\/v2\/pages\/62519"}],"wp:attachment":[{"href":"https:\/\/www.myvacaya.com\/es\/wp-json\/wp\/v2\/media?parent=62556"}],"curies":[{"name":"wp","href":"https:\/\/api.w.org\/{rel}","templated":true}]}}