{"id":62547,"date":"2018-02-10T15:05:39","date_gmt":"2018-02-10T20:05:39","guid":{"rendered":"https:\/\/www.myvacaya.com\/descubrir\/experiencias-vacaya\/"},"modified":"2023-12-21T08:53:41","modified_gmt":"2023-12-21T13:53:41","slug":"experiencias-vacaya","status":"publish","type":"page","link":"https:\/\/www.myvacaya.com\/es\/descubrir\/experiencias-vacaya\/","title":{"rendered":"Experiencias VACAYA"},"content":{"rendered":"<p>[et_pb_section fb_built=\u00bb1&#8243; fullwidth=\u00bbon\u00bb admin_label=\u00bbSlider\u00bb module_id=\u00bbdeslizador-secci\u00f3n-interior\u00bb _builder_version=\u00bb4.17.6&#8243; _module_preset=\u00bbdefault\u00bb background_enable_image=\u00bboff\u00bb global_colors_info=\u00bb{}\u00bb][et_pb_fullwidth_code admin_label=\u00bbSlider Overlay\u00bb module_class=\u00bbinterior-page-overlay\u00bb _builder_version=\u00bb4.17.6&#8243; _module_preset=\u00bbdefault\u00bb positioning=\u00bbabsolute\u00bb position_origin_a=\u00bbtop_right\u00bb position_origin_f=\u00bbtop_right\u00bb z_index=\u00bb100&#8243; width=\u00bb50%\u00bb width_tablet=\u00bb50%\u00bb width_phone=\u00bb100%\u00bb width_last_edited=\u00bbon|phone\u00bb height=\u00bb100vh\u00bb global_colors_info=\u00bb{}\u00bb]<div class=\"trip-overlay\"><div class=\"trip-title\"><h1>Experiencias VACAYA<\/h1><\/div><\/div>[\/et_pb_fullwidth_code][et_pb_fullwidth_slider show_arrows=\u00bboff\u00bb admin_label=\u00bbSlider Images\u00bb module_id=\u00bbslider-images\u00bb _builder_version=\u00bb4.17.6&#8243; _module_preset=\u00bbdefault\u00bb height=\u00bb100vh\u00bb auto=\u00bbon\u00bb global_colors_info=\u00bb{}\u00bb][et_pb_slide _builder_version=\u00bb4.17.6&#8243; _module_preset=\u00bbdefault\u00bb background_color=\u00bbRGBA(255,255,255,0)\u00bb background_enable_color=\u00bbon\u00bb background_image=\u00bbhttps:\/\/www.myvacaya.com\/wp-content\/uploads\/2022\/09\/our-experiences.jpg\u00bb background_enable_image=\u00bbon\u00bb background_last_edited=\u00bbon|desktop\u00bb background_image_phone=\u00bbhttps:\/\/www.myvacaya.com\/wp-content\/uploads\/2022\/11\/vacaya-experiences-mobile-414&#215;500-1.jpg\u00bb background_enable_image_phone=\u00bbon\u00bb global_colors_info=\u00bb{}\u00bb sticky_transition=\u00bbon\u00bb][\/et_pb_slide][\/et_pb_fullwidth_slider][\/et_pb_section][et_pb_section fb_built=\u00bb1&#8243; custom_padding_last_edited=\u00bbon|phone\u00bb _builder_version=\u00bb4.17.6&#8243; _module_preset=\u00bbdefault\u00bb custom_padding=\u00bb||0%||false|false\u00bb custom_padding_tablet=\u00bb||||false|false\u00bb custom_padding_phone=\u00bb||||false|false\u00bb global_colors_info=\u00bb{}\u00bb][et_pb_row custom_padding_last_edited=\u00bbon|desktop\u00bb _builder_version=\u00bb4.17.6&#8243; _module_preset=\u00bbdefault\u00bb custom_padding=\u00bb||0%||false|false\u00bb custom_padding_tablet=\u00bb||||false|false\u00bb custom_padding_phone=\u00bb||||false|false\u00bb global_colors_info=\u00bb{}\u00bb][et_pb_column type=\u00bb4_4&#8243; _builder_version=\u00bb4.17.6&#8243; _module_preset=\u00bbdefault\u00bb global_colors_info=\u00bb{}\u00bb][et_pb_text _builder_version=\u00bb4.17.6&#8243; _module_preset=\u00bbdefault\u00bb custom_margin=\u00bb||||false|false\u00bb custom_margin_tablet=\u00bb||||false|false\u00bb custom_margin_phone=\u00bb||||false|false\u00bb custom_margin_last_edited=\u00bbon|phone\u00bb global_colors_info=\u00bb{}\u00bb]Viajar LGBT+ es divertido, \u00bfverdad? Pero para muchos de nosotros, eso es solo una parte de la ecuaci\u00f3n. Claro, nos encanta el entretenimiento continuo, las fiestas, las conexiones y las amistades, pero tambi\u00e9n estamos buscando experiencias que resuenen en un nivel emocional m\u00e1s profundo. Vacaciones a una gama m\u00e1s amplia de destinos, m\u00e1s personalizados y m\u00e1s en sinton\u00eda con la cultura local, inspirando a nuestra comunidad hacia un camino de autodescubrimiento. Desde el D\u00eda 1, VACAYA defini\u00f3 tres categor\u00edas de vacaciones que sentar\u00edan las bases de nuestra amplia oferta para satisfacer una variedad de sue\u00f1os de vacaciones.<\/p>\n<p>Vamos a desglosarlos\u2026[\/et_pb_text][\/et_pb_column][\/et_pb_row][\/et_pb_section][et_pb_section fb_built=\u00bb1&#8243; custom_padding_last_edited=\u00bbon|phone\u00bb admin_label=\u00bbBliss\u00bb _builder_version=\u00bb4.17.6&#8243; _module_preset=\u00bbdefault\u00bb custom_padding=\u00bb0%||0%||false|false\u00bb custom_padding_tablet=\u00bb||||false|false\u00bb custom_padding_phone=\u00bb||||false|false\u00bb global_colors_info=\u00bb{}\u00bb][et_pb_row _builder_version=\u00bb4.17.6&#8243; _module_preset=\u00bbdefault\u00bb global_colors_info=\u00bb{}\u00bb][et_pb_column type=\u00bb4_4&#8243; _builder_version=\u00bb4.17.6&#8243; _module_preset=\u00bbdefault\u00bb global_colors_info=\u00bb{}\u00bb][et_pb_text admin_label=\u00bbSection Title &#8211; H3&#8243; _builder_version=\u00bb4.17.6&#8243; _module_preset=\u00bbdefault\u00bb header_3_font=\u00bbFutura Bold|||on|||||\u00bb header_3_text_align=\u00bbcenter\u00bb header_3_text_color=\u00bb#000000&#8243; header_3_font_size=\u00bb18px\u00bb header_3_letter_spacing=\u00bb1.8px\u00bb header_3_line_height=\u00bb24px\u00bb custom_margin=\u00bb||||false|false\u00bb custom_margin_tablet=\u00bb||||false|false\u00bb custom_margin_phone=\u00bb||||false|false\u00bb custom_margin_last_edited=\u00bbon|phone\u00bb custom_padding=\u00bb||||false|false\u00bb hover_enabled=\u00bb0&#8243; global_colors_info=\u00bb{}\u00bb sticky_enabled=\u00bb0&#8243;]<\/p>\n<h3>CRUCEROS EN GRANDES BARCOS VACAYA<\/h3>\n<p>[\/et_pb_text][\/et_pb_column][\/et_pb_row][et_pb_row column_structure=\u00bb1_3,2_3&#8243; _builder_version=\u00bb4.17.6&#8243; _module_preset=\u00bbdefault\u00bb global_colors_info=\u00bb{}\u00bb][et_pb_column type=\u00bb1_3&#8243; _builder_version=\u00bb4.17.6&#8243; _module_preset=\u00bbdefault\u00bb global_colors_info=\u00bb{}\u00bb][et_pb_image src=\u00bbhttps:\/\/www.myvacaya.com\/wp-content\/uploads\/2022\/09\/bliss-1&#215;1-v2a-300&#215;300-1.png\u00bb title_text=\u00bbdicha-1&#215;1-v2a-300&#215;300&#8243; force_fullwidth=\u00bbon\u00bb _builder_version=\u00bb4.17.6&#8243; _module_preset=\u00bbdefault\u00bb global_colors_info=\u00bb{}\u00bb][\/et_pb_image][\/et_pb_column][et_pb_column type=\u00bb2_3&#8243; _builder_version=\u00bb4.17.6&#8243; _module_preset=\u00bbdefault\u00bb global_colors_info=\u00bb{}\u00bb][et_pb_text _builder_version=\u00bb4.17.6&#8243; _module_preset=\u00bbdefault\u00bb hover_enabled=\u00bb0&#8243; global_colors_info=\u00bb{}\u00bb sticky_enabled=\u00bb0&#8243;]<\/p>\n<p>Obtenga lo que m\u00e1s importa con el estilo y el servicio que desea, todo a un precio incre\u00edble. Nuestros cruceros en barcos grandes ofrecen un ambiente acogedor y libre de juicios, entretenimiento de estrellas, fiestas alucinantes y actividades continuas para expandir exponencialmente su c\u00edrculo social.<\/p>\n<p>Nuestro compromiso con la excelencia comienza con las asociaciones que estamos construyendo con las principales l\u00edneas de cruceros del mundo: Celebrity, Royal Caribbean, Holland America, NCL, Oceania y Princess. Pero es la magia de nuestros hu\u00e9spedes que se re\u00fanen en estos barcos lo que realmente lleva a VACAYA al siguiente nivel. Nuestra programaci\u00f3n de vanguardia y las nuevas e innovadoras actividades sociales est\u00e1n destinadas a conectarlo con otros viajeros de maneras divertidas e inesperadas.<\/p>\n<p>El ritmo <strong>del BlG-SHIP CRUISE de VACAYA<\/strong> es\u2026 <strong>Divertido<\/strong> . <strong>Luz<\/strong> . <strong>C\u00e1lido<\/strong> . <strong>Espont\u00e1neo<\/strong> . <strong>Alegre<\/strong> . <strong>Atractivo<\/strong> . <strong>Celebrativo<\/strong> . <strong>Sin parar<\/strong> . En \u00faltima instancia, cada una de las vacaciones de Bliss es lo que t\u00fa haces, totalmente tuya para definir. Nuestros barcos son el centro definitivo para la amistad: su oportunidad de conectarse con personas de ideas afines de todo el mundo en un ambiente festivo y l\u00fadico.<\/p>\n<p>[\/et_pb_text][\/et_pb_column][\/et_pb_row][et_pb_row _builder_version=\u00bb4.17.6&#8243; _module_preset=\u00bbdefault\u00bb global_colors_info=\u00bb{}\u00bb][et_pb_column type=\u00bb4_4&#8243; _builder_version=\u00bb4.17.6&#8243; _module_preset=\u00bbdefault\u00bb global_colors_info=\u00bb{}\u00bb][et_pb_text admin_label=\u00bbTrip List &#8211; Bliss\u00bb _builder_version=\u00bb4.17.6&#8243; _module_preset=\u00bbdefault\u00bb custom_padding=\u00bb2.5%|10%|2.5%|10%|false|false\u00bb border_width_all=\u00bb1px\u00bb border_color_all=\u00bb#000000&#8243; global_colors_info=\u00bb{}\u00bb]<div id=\"ajax-load-more\" class=\"ajax-load-more-wrap default\" data-id=\"experience-items\" data-alm-id=\"\" data-canonical-url=\"https:\/\/www.myvacaya.com\/es\/descubrir\/experiencias-vacaya\/\" data-slug=\"experiencias-vacaya\" data-post-id=\"62547\"  data-localized=\"ajax_load_more_experience_items_vars\" data-alm-object=\"ajax_load_more_experience_items\"><ul aria-live=\"polite\" aria-atomic=\"true\" class=\"alm-listing alm-ajax\" data-container-type=\"ul\" data-loading-style=\"default\" data-repeater=\"template_4\" data-post-type=\"trip\" data-taxonomy=\"experience_type\" data-taxonomy-terms=\"bliss\" data-taxonomy-operator=\"IN\" data-meta-key=\"show_trip_tile\" data-meta-value=\"1\" data-custom-args=\"post_parent: 0\" data-order=\"ASC\" data-orderby=\"date\" data-offset=\"0\" data-posts-per-page=\"20\" data-lang=\"es\" data-scroll=\"false\" data-button-label=\"Load More\" data-prev-button-label=\"Load Previous\" data-destroy-after=\"1\"><\/ul><div class=\"alm-btn-wrap\" data-rel=\"ajax-load-more\"><button class=\"alm-load-more-btn\" type=\"button\">Load More<\/button><\/div><\/div>[\/et_pb_text][\/et_pb_column][\/et_pb_row][\/et_pb_section][et_pb_section fb_built=\u00bb1&#8243; custom_padding_last_edited=\u00bbon|phone\u00bb admin_label=\u00bbOasis\u00bb _builder_version=\u00bb4.17.6&#8243; _module_preset=\u00bbdefault\u00bb custom_padding=\u00bb0%||0%||false|false\u00bb custom_padding_tablet=\u00bb||||false|false\u00bb custom_padding_phone=\u00bb||||false|false\u00bb global_colors_info=\u00bb{}\u00bb][et_pb_row _builder_version=\u00bb4.17.6&#8243; _module_preset=\u00bbdefault\u00bb global_colors_info=\u00bb{}\u00bb][et_pb_column type=\u00bb4_4&#8243; _builder_version=\u00bb4.17.6&#8243; _module_preset=\u00bbdefault\u00bb global_colors_info=\u00bb{}\u00bb][et_pb_text admin_label=\u00bbSection Title &#8211; H3&#8243; _builder_version=\u00bb4.17.6&#8243; _module_preset=\u00bbdefault\u00bb header_3_font=\u00bbFutura Bold|||on|||||\u00bb header_3_text_align=\u00bbcenter\u00bb header_3_text_color=\u00bb#000000&#8243; header_3_font_size=\u00bb18px\u00bb header_3_letter_spacing=\u00bb1.8px\u00bb header_3_line_height=\u00bb24px\u00bb custom_margin=\u00bb||||false|false\u00bb custom_margin_tablet=\u00bb||||false|false\u00bb custom_margin_phone=\u00bb||||false|false\u00bb custom_margin_last_edited=\u00bbon|phone\u00bb custom_padding=\u00bb||||false|false\u00bb hover_enabled=\u00bb0&#8243; global_colors_info=\u00bb{}\u00bb sticky_enabled=\u00bb0&#8243;]<\/p>\n<h3>RESORTES Y TOURS DE VACAYA<\/h3>\n<p>[\/et_pb_text][\/et_pb_column][\/et_pb_row][et_pb_row column_structure=\u00bb1_3,2_3&#8243; _builder_version=\u00bb4.17.6&#8243; _module_preset=\u00bbdefault\u00bb global_colors_info=\u00bb{}\u00bb][et_pb_column type=\u00bb1_3&#8243; _builder_version=\u00bb4.17.6&#8243; _module_preset=\u00bbdefault\u00bb global_colors_info=\u00bb{}\u00bb][et_pb_image src=\u00bbhttps:\/\/www.myvacaya.com\/wp-content\/uploads\/2022\/09\/oasis-1&#215;1-v2a-300&#215;300-1.png\u00bb title_text=\u00bboasis-1&#215;1-v2a-300&#215;300&#8243; force_fullwidth=\u00bbon\u00bb _builder_version=\u00bb4.17.6&#8243; _module_preset=\u00bbdefault\u00bb global_colors_info=\u00bb{}\u00bb][\/et_pb_image][\/et_pb_column][et_pb_column type=\u00bb2_3&#8243; _builder_version=\u00bb4.17.6&#8243; _module_preset=\u00bbdefault\u00bb global_colors_info=\u00bb{}\u00bb][et_pb_text _builder_version=\u00bb4.17.6&#8243; _module_preset=\u00bbdefault\u00bb hover_enabled=\u00bb0&#8243; global_colors_info=\u00bb{}\u00bb sticky_enabled=\u00bb0&#8243;]<\/p>\n<p>M\u00e1s relajados que nuestros cruceros en grandes barcos, los irresistibles Resorts &amp; Tours de VACAYA ofrecen la escapada perfecta para quienes buscan diversi\u00f3n, relajaci\u00f3n, aventura y romance. Ya sea que est\u00e9 buscando deslizarse en tirolesa a trav\u00e9s de las copas de los \u00e1rboles o descansar junto a una piscina incre\u00edble, lo encontrar\u00e1 aqu\u00ed mientras crea amistades y recuerdos que durar\u00e1n toda la vida.<\/p>\n<p>Hemos roto completamente el molde con nuestras vacaciones en resorts, asoci\u00e1ndonos con propiedades que redefinen lo que se espera y lo que es posible, desde el verdadero \u00abtodo incluido\u00bb (donde todo, desde cocina galardonada, c\u00f3cteles de primer nivel, tratamientos de spa selectos, excursiones, servicios de sal\u00f3n, experiencias de buceo SCUBA y golf est\u00e1n incluidos) hasta propiedades que no incluyen todo y que establecen un est\u00e1ndar completamente nuevo en las comunidades que representan. Es un estilo de vacaciones LGBT+ en un resort que sabemos que te encantar\u00e1: cada viaje a Oasis es \u00fanico por derecho propio.<\/p>\n<p>El ritmo de <strong>VACAYA RESORTS &amp; TOURS<\/strong> es\u2026 <strong>Relajado<\/strong> . <strong>F\u00e1cil<\/strong> . <strong>Divertido<\/strong> . <strong>Equilibrado<\/strong> . <strong>Lujoso<\/strong> . <strong>Indulgente<\/strong> . <strong>Deportivo<\/strong> . <strong>Sin gui\u00f3n<\/strong> . <strong>Aventurero<\/strong> . Una nueva forma de jugar.<\/p>\n<p>[\/et_pb_text][\/et_pb_column][\/et_pb_row][et_pb_row _builder_version=\u00bb4.17.6&#8243; _module_preset=\u00bbdefault\u00bb global_colors_info=\u00bb{}\u00bb][et_pb_column type=\u00bb4_4&#8243; _builder_version=\u00bb4.17.6&#8243; _module_preset=\u00bbdefault\u00bb global_colors_info=\u00bb{}\u00bb][et_pb_text admin_label=\u00bbTrip List &#8211; Oasis\u00bb _builder_version=\u00bb4.17.6&#8243; _module_preset=\u00bbdefault\u00bb custom_padding=\u00bb2.5%|10%|2.5%|10%|false|false\u00bb border_width_all=\u00bb1px\u00bb border_color_all=\u00bb#000000&#8243; global_colors_info=\u00bb{}\u00bb]<div id=\"ajax-load-more-2\" class=\"ajax-load-more-wrap default\" data-id=\"experience-items\" data-alm-id=\"\" data-canonical-url=\"https:\/\/www.myvacaya.com\/es\/descubrir\/experiencias-vacaya\/\" data-slug=\"experiencias-vacaya\" data-post-id=\"62547\"  data-localized=\"ajax_load_more_experience_items_vars\" data-alm-object=\"ajax_load_more_experience_items\"><ul aria-live=\"polite\" aria-atomic=\"true\" class=\"alm-listing alm-ajax\" data-container-type=\"ul\" data-loading-style=\"default\" data-repeater=\"template_4\" data-post-type=\"trip\" data-taxonomy=\"experience_type\" data-taxonomy-terms=\"oasis\" data-taxonomy-operator=\"IN\" data-meta-key=\"show_trip_tile\" data-meta-value=\"1\" data-custom-args=\"post_parent: 0\" data-order=\"ASC\" data-orderby=\"date\" data-offset=\"0\" data-posts-per-page=\"20\" data-lang=\"es\" data-scroll=\"false\" data-button-label=\"Load More\" data-prev-button-label=\"Load Previous\" data-destroy-after=\"1\"><\/ul><div class=\"alm-btn-wrap\" data-rel=\"ajax-load-more-2\"><button class=\"alm-load-more-btn\" type=\"button\">Load More<\/button><\/div><\/div>[\/et_pb_text][\/et_pb_column][\/et_pb_row][\/et_pb_section][et_pb_section fb_built=\u00bb1&#8243; custom_padding_last_edited=\u00bbon|phone\u00bb admin_label=\u00bbLuxe\u00bb _builder_version=\u00bb4.17.6&#8243; _module_preset=\u00bbdefault\u00bb custom_padding=\u00bb0%||||false|false\u00bb custom_padding_tablet=\u00bb||||false|false\u00bb custom_padding_phone=\u00bb||||false|false\u00bb global_colors_info=\u00bb{}\u00bb][et_pb_row _builder_version=\u00bb4.17.6&#8243; _module_preset=\u00bbdefault\u00bb global_colors_info=\u00bb{}\u00bb][et_pb_column type=\u00bb4_4&#8243; _builder_version=\u00bb4.17.6&#8243; _module_preset=\u00bbdefault\u00bb global_colors_info=\u00bb{}\u00bb][et_pb_text admin_label=\u00bbSection Title &#8211; H3&#8243; _builder_version=\u00bb4.17.6&#8243; _module_preset=\u00bbdefault\u00bb header_3_font=\u00bbFutura Bold|||on|||||\u00bb header_3_text_align=\u00bbcenter\u00bb header_3_text_color=\u00bb#000000&#8243; header_3_font_size=\u00bb18px\u00bb header_3_letter_spacing=\u00bb1.8px\u00bb header_3_line_height=\u00bb24px\u00bb custom_margin=\u00bb||||false|false\u00bb custom_margin_tablet=\u00bb||||false|false\u00bb custom_margin_phone=\u00bb||||false|false\u00bb custom_margin_last_edited=\u00bbon|phone\u00bb custom_padding=\u00bb||||false|false\u00bb hover_enabled=\u00bb0&#8243; global_colors_info=\u00bb{}\u00bb sticky_enabled=\u00bb0&#8243;]<\/p>\n<h3>CRUCEROS EN PEQUE\u00d1OS BARCOS VACAYA<\/h3>\n<p>[\/et_pb_text][\/et_pb_column][\/et_pb_row][et_pb_row column_structure=\u00bb1_3,2_3&#8243; _builder_version=\u00bb4.17.6&#8243; _module_preset=\u00bbdefault\u00bb global_colors_info=\u00bb{}\u00bb][et_pb_column type=\u00bb1_3&#8243; _builder_version=\u00bb4.17.6&#8243; _module_preset=\u00bbdefault\u00bb global_colors_info=\u00bb{}\u00bb][et_pb_image src=\u00bbhttps:\/\/www.myvacaya.com\/wp-content\/uploads\/2022\/09\/oasis-1&#215;1-v2a-300&#215;300-1.png\u00bb title_text=\u00bboasis-1&#215;1-v2a-300&#215;300&#8243; force_fullwidth=\u00bbon\u00bb _builder_version=\u00bb4.17.6&#8243; _module_preset=\u00bbdefault\u00bb global_colors_info=\u00bb{}\u00bb][\/et_pb_image][\/et_pb_column][et_pb_column type=\u00bb2_3&#8243; _builder_version=\u00bb4.17.6&#8243; _module_preset=\u00bbdefault\u00bb global_colors_info=\u00bb{}\u00bb][et_pb_text _builder_version=\u00bb4.17.6&#8243; _module_preset=\u00bbdefault\u00bb hover_enabled=\u00bb0&#8243; global_colors_info=\u00bb{}\u00bb sticky_enabled=\u00bb0&#8243;]<\/p>\n<p>Desde especias indias y ruinas mayas hasta ping\u00fcinos ant\u00e1rticos y paisajes de ensue\u00f1o europeos, nuestros viajes de descubrimiento lo sumergen en los sabores aut\u00e9nticos de los destinos populares y fuera de lo com\u00fan m\u00e1s emocionantes del mundo, todo con estilo y lujo de primera clase. Los cruceros en barcos peque\u00f1os de VACAYA, que navegan en barcos fluviales y de expedici\u00f3n estilo boutique, son absolutamente exclusivos: acogedores para todos, por supuesto, pero dise\u00f1ados para viajeros exigentes que buscan experiencias \u00edntimas, alojamiento espl\u00e9ndido y un servicio incomparable.<\/p>\n<p>VACAYA se est\u00e1 asociando con las principales l\u00edneas de cruceros de barcos peque\u00f1os del mundo, incluidas Transcend, Emerald Waterways, Ponant, Avalon Waterways y Hurtigruten, l\u00edneas elegidas porque est\u00e1n dise\u00f1adas para superar constantemente las expectativas.<\/p>\n<p>Nuestras vacaciones en crucero en barcos peque\u00f1os son una celebraci\u00f3n de las maravillas de nuestro planeta. Llegar\u00e1n a los rincones m\u00e1s lejanos del mundo, brindando a los hu\u00e9spedes de VACAYA la oportunidad de expandir sus horizontes de formas completamente nuevas.<\/p>\n<p>El ritmo <strong>del CRUCERO EN BARCOS PEQUE\u00d1OS DE VACAYA<\/strong> es\u2026 <strong>Atrevido<\/strong> . <strong>Refinado<\/strong> . <strong>\u00cdntimo<\/strong> . <strong>Ex\u00f3tico<\/strong> . <strong>Atesorado<\/strong> . <strong>Calma<\/strong> . <strong>Fresco<\/strong> . <strong>Grandioso<\/strong> . Una oportunidad de vivir la vida al m\u00e1ximo.<\/p>\n<p>[\/et_pb_text][\/et_pb_column][\/et_pb_row][et_pb_row _builder_version=\u00bb4.17.6&#8243; _module_preset=\u00bbdefault\u00bb global_colors_info=\u00bb{}\u00bb][et_pb_column type=\u00bb4_4&#8243; _builder_version=\u00bb4.17.6&#8243; _module_preset=\u00bbdefault\u00bb global_colors_info=\u00bb{}\u00bb][et_pb_text admin_label=\u00bbTrip List &#8211; Luxe\u00bb _builder_version=\u00bb4.17.6&#8243; _module_preset=\u00bbdefault\u00bb custom_padding=\u00bb2.5%|10%|2.5%|10%|false|false\u00bb border_width_all=\u00bb1px\u00bb border_color_all=\u00bb#000000&#8243; global_colors_info=\u00bb{}\u00bb]<div id=\"ajax-load-more-3\" class=\"ajax-load-more-wrap default\" data-id=\"experience-items\" data-alm-id=\"\" data-canonical-url=\"https:\/\/www.myvacaya.com\/es\/descubrir\/experiencias-vacaya\/\" data-slug=\"experiencias-vacaya\" data-post-id=\"62547\"  data-localized=\"ajax_load_more_experience_items_vars\" data-alm-object=\"ajax_load_more_experience_items\"><ul aria-live=\"polite\" aria-atomic=\"true\" class=\"alm-listing alm-ajax\" data-container-type=\"ul\" data-loading-style=\"default\" data-repeater=\"template_4\" data-post-type=\"trip\" data-taxonomy=\"experience_type\" data-taxonomy-terms=\"luxe\" data-taxonomy-operator=\"IN\" data-meta-key=\"show_trip_tile\" data-meta-value=\"1\" data-custom-args=\"post_parent: 0\" data-order=\"ASC\" data-orderby=\"date\" data-offset=\"0\" data-posts-per-page=\"20\" data-lang=\"es\" data-scroll=\"false\" data-button-label=\"Load More\" data-prev-button-label=\"Load Previous\" data-destroy-after=\"1\"><\/ul><div class=\"alm-btn-wrap\" data-rel=\"ajax-load-more-3\"><button class=\"alm-load-more-btn\" type=\"button\">Load More<\/button><\/div><\/div>[\/et_pb_text][\/et_pb_column][\/et_pb_row][\/et_pb_section]<\/p>\n","protected":false},"excerpt":{"rendered":"<p><div class=\"trip-overlay\"><div class=\"trip-title\"><h1>Fichas de viaje con t\u00edtulo: solo cruceros<\/h1><\/div><\/div>Viajar LGBT+ es divertido, \u00bfverdad? Pero para muchos de nosotros, eso es solo una parte de la ecuaci\u00f3n. Claro, nos encanta el entretenimiento continuo, las fiestas, las conexiones y las amistades, pero tambi\u00e9n estamos buscando experiencias que resuenen en un nivel emocional m\u00e1s profundo. Vacaciones a una gama m\u00e1s amplia de destinos, m\u00e1s personalizados y [&hellip;]<\/p>\n","protected":false},"author":1,"featured_media":0,"parent":62519,"menu_order":0,"comment_status":"closed","ping_status":"closed","template":"","meta":{"_acf_changed":false,"_et_pb_use_builder":"on","_et_pb_old_content":"","_et_gb_content_width":"","_monsterinsights_skip_tracking":false,"_monsterinsights_sitenote_active":false,"_monsterinsights_sitenote_note":"","_monsterinsights_sitenote_category":0,"footnotes":""},"class_list":["post-62547","page","type-page","status-publish","hentry"],"acf":[],"_links":{"self":[{"href":"https:\/\/www.myvacaya.com\/es\/wp-json\/wp\/v2\/pages\/62547","targetHints":{"allow":["GET"]}}],"collection":[{"href":"https:\/\/www.myvacaya.com\/es\/wp-json\/wp\/v2\/pages"}],"about":[{"href":"https:\/\/www.myvacaya.com\/es\/wp-json\/wp\/v2\/types\/page"}],"author":[{"embeddable":true,"href":"https:\/\/www.myvacaya.com\/es\/wp-json\/wp\/v2\/users\/1"}],"replies":[{"embeddable":true,"href":"https:\/\/www.myvacaya.com\/es\/wp-json\/wp\/v2\/comments?post=62547"}],"version-history":[{"count":8,"href":"https:\/\/www.myvacaya.com\/es\/wp-json\/wp\/v2\/pages\/62547\/revisions"}],"predecessor-version":[{"id":141598,"href":"https:\/\/www.myvacaya.com\/es\/wp-json\/wp\/v2\/pages\/62547\/revisions\/141598"}],"up":[{"embeddable":true,"href":"https:\/\/www.myvacaya.com\/es\/wp-json\/wp\/v2\/pages\/62519"}],"wp:attachment":[{"href":"https:\/\/www.myvacaya.com\/es\/wp-json\/wp\/v2\/media?parent=62547"}],"curies":[{"name":"wp","href":"https:\/\/api.w.org\/{rel}","templated":true}]}}