{"id":62533,"date":"2018-02-10T15:04:40","date_gmt":"2018-02-10T20:04:40","guid":{"rendered":"https:\/\/www.myvacaya.com\/prepararse\/"},"modified":"2025-11-11T09:34:52","modified_gmt":"2025-11-11T14:34:52","slug":"prepararse","status":"publish","type":"page","link":"https:\/\/www.myvacaya.com\/es\/prepararse\/","title":{"rendered":"Prepararse"},"content":{"rendered":"<p>[et_pb_section fb_built=\u00bb1&#8243; fullwidth=\u00bbon\u00bb admin_label=\u00bbSlider\u00bb module_id=\u00bbdeslizador-secci\u00f3n-interior\u00bb _builder_version=\u00bb4.17.6&#8243; _module_preset=\u00bbdefault\u00bb background_enable_image=\u00bboff\u00bb global_colors_info=\u00bb{}\u00bb][et_pb_fullwidth_code admin_label=\u00bbSlider Overlay\u00bb module_class=\u00bbinterior-page-overlay\u00bb _builder_version=\u00bb4.17.6&#8243; _module_preset=\u00bbdefault\u00bb positioning=\u00bbabsolute\u00bb position_origin_a=\u00bbtop_right\u00bb position_origin_f=\u00bbtop_right\u00bb z_index=\u00bb100&#8243; width=\u00bb50%\u00bb width_tablet=\u00bb50%\u00bb width_phone=\u00bb100%\u00bb width_last_edited=\u00bbon|phone\u00bb height=\u00bb100vh\u00bb global_colors_info=\u00bb{}\u00bb]<div class=\"trip-overlay\"><div class=\"trip-title\"><h1>Prepararse<\/h1><\/div><\/div>[\/et_pb_fullwidth_code][et_pb_fullwidth_slider show_arrows=\u00bboff\u00bb admin_label=\u00bbSlider Images\u00bb module_id=\u00bbslider-images\u00bb _builder_version=\u00bb4.17.6&#8243; _module_preset=\u00bbdefault\u00bb height=\u00bb100vh\u00bb auto=\u00bbon\u00bb global_colors_info=\u00bb{}\u00bb][et_pb_slide _builder_version=\u00bb4.17.6&#8243; _module_preset=\u00bbdefault\u00bb background_color=\u00bbRGBA(255,255,255,0)\u00bb background_enable_color=\u00bbon\u00bb background_image=\u00bbhttps:\/\/www.myvacaya.com\/wp-content\/uploads\/2022\/09\/get-ready.jpg\u00bb background_enable_image=\u00bbon\u00bb background_last_edited=\u00bbon|desktop\u00bb background_image_phone=\u00bbhttps:\/\/www.myvacaya.com\/wp-content\/uploads\/2022\/11\/get-ready-mobile-414&#215;500-1.jpg\u00bb background_enable_image_phone=\u00bbon\u00bb global_colors_info=\u00bb{}\u00bb sticky_transition=\u00bbon\u00bb][\/et_pb_slide][\/et_pb_fullwidth_slider][\/et_pb_section][et_pb_section fb_built=\u00bb1&#8243; custom_padding_last_edited=\u00bbon|phone\u00bb _builder_version=\u00bb4.17.6&#8243; _module_preset=\u00bbdefault\u00bb custom_padding=\u00bb||||false|false\u00bb custom_padding_tablet=\u00bb||||false|false\u00bb custom_padding_phone=\u00bb||||false|false\u00bb global_colors_info=\u00bb{}\u00bb][et_pb_row custom_padding_last_edited=\u00bbon|desktop\u00bb _builder_version=\u00bb4.17.6&#8243; _module_preset=\u00bbdefault\u00bb custom_padding=\u00bb||||false|false\u00bb custom_padding_tablet=\u00bb||||false|false\u00bb custom_padding_phone=\u00bb||||false|false\u00bb global_colors_info=\u00bb{}\u00bb][et_pb_column type=\u00bb4_4&#8243; _builder_version=\u00bb4.17.6&#8243; _module_preset=\u00bbdefault\u00bb global_colors_info=\u00bb{}\u00bb][et_pb_text admin_label=\u00bbSection Title &#8211; H2&#8243; _builder_version=\u00bb4.17.6&#8243; _module_preset=\u00bbdefault\u00bb text_letter_spacing=\u00bb1.8px\u00bb text_line_height=\u00bb22px\u00bb header_2_font=\u00bbFutura Bold|||on|||||\u00bb header_2_text_align=\u00bbcenter\u00bb header_2_text_color=\u00bb#000000&#8243; header_2_font_size=\u00bb30px\u00bb header_2_letter_spacing=\u00bb1.8px\u00bb header_2_line_height=\u00bb36px\u00bb header_3_font=\u00bbFutura Bold|||on|||||\u00bb header_3_text_align=\u00bbcenter\u00bb header_3_text_color=\u00bb#000000&#8243; header_3_font_size=\u00bb18px\u00bb header_3_letter_spacing=\u00bb1.8px\u00bb header_3_line_height=\u00bb24px\u00bb custom_margin=\u00bb||||false|false\u00bb custom_padding=\u00bb||||false|false\u00bb custom_padding_tablet=\u00bb||||false|false\u00bb custom_padding_phone=\u00bb||||false|false\u00bb custom_padding_last_edited=\u00bbon|phone\u00bb global_colors_info=\u00bb{}\u00bb]<\/p>\n<h2>Nuestra misi\u00f3n es garantizar que usted tenga todas las herramientas<br \/> necesario para disfrutar de sus vacaciones con nosotros<\/h2>\n<p>[\/et_pb_text][et_pb_text admin_label=\u00bbText\u00bb _builder_version=\u00bb4.23.4&#8243; _module_preset=\u00bbdefault\u00bb custom_margin=\u00bb||||false|false\u00bb custom_margin_tablet=\u00bb||||false|false\u00bb custom_margin_phone=\u00bb||||false|false\u00bb custom_margin_last_edited=\u00bbon|phone\u00bb global_colors_info=\u00bb{}\u00bb]<\/p>\n<p>Le daremos toda la informaci\u00f3n que necesita, desde temas de fiesta hasta un adelanto de entretenimiento, mucho antes de que comiencen sus vacaciones. Adem\u00e1s, nos comunicaremos con usted a lo largo de su experiencia previa y posterior a las vacaciones. Nos ayudar\u00e1s a dise\u00f1ar e implementar nuestras iniciativas ben\u00e9ficas espec\u00edficas para viajes. Y en los concursos al estilo <em>Elige tu propia aventura<\/em> , tambi\u00e9n ayudar\u00e1s a escribir parte del gui\u00f3n para tus vacaciones en un crucero o resort VACAYA.<\/p>\n<p>[\/et_pb_text][\/et_pb_column][\/et_pb_row][et_pb_row column_structure=\u00bb1_3,1_3,1_3&#8243; _builder_version=\u00bb4.23.4&#8243; _module_preset=\u00bbdefault\u00bb global_colors_info=\u00bb{}\u00bb][et_pb_column type=\u00bb1_3&#8243; _builder_version=\u00bb4.23.4&#8243; _module_preset=\u00bbdefault\u00bb global_colors_info=\u00bb{}\u00bb][et_pb_text admin_label=\u00bbSection Title &#8211; H3&#8243; _builder_version=\u00bb4.23.4&#8243; _module_preset=\u00bbdefault\u00bb header_3_font=\u00bbFutura Bold|||on|||||\u00bb header_3_text_align=\u00bbcenter\u00bb header_3_text_color=\u00bb#000000&#8243; header_3_font_size=\u00bb18px\u00bb header_3_letter_spacing=\u00bb1.8px\u00bb header_3_line_height=\u00bb24px\u00bb custom_margin=\u00bb||||false|false\u00bb custom_margin_tablet=\u00bb||||false|false\u00bb custom_margin_phone=\u00bb||||false|false\u00bb custom_margin_last_edited=\u00bbon|phone\u00bb custom_padding=\u00bb||||false|false\u00bb global_colors_info=\u00bb{}\u00bb]<\/p>\n<h3>Aproximadamente 120 d\u00edas antes de su viaje<\/h3>\n<p>[\/et_pb_text][et_pb_text _builder_version=\u00bb4.23.4&#8243; _module_preset=\u00bbdefault\u00bb global_colors_info=\u00bb{}\u00bb]<\/p>\n<p>\u00a1Llevamos meses trabajando juntando todo para ti y no podemos aguantar m\u00e1s! Si eres como nosotros, sabemos que est\u00e1s ansioso por comenzar a prepararte para tu viaje. Aproximadamente cuatro meses antes de sus vacaciones, <strong>anunciaremos los temas de las fiestas<\/strong> para nuestros cruceros y resorts. <strong>*<\/strong> Queremos que no tenga que preocuparse por las prisas de \u00faltima hora para decidir qu\u00e9 ponerse, as\u00ed que tendr\u00e1 tiempo suficiente para empezar a pensar y comprar sus fabulosos disfraces individuales y grupales. Por supuesto, los disfraces nunca son necesarios, pero sin lugar a dudas, \u00a1aumentan la diversi\u00f3n!<\/p>\n<p>[\/et_pb_text][\/et_pb_column][et_pb_column type=\u00bb1_3&#8243; _builder_version=\u00bb4.23.4&#8243; _module_preset=\u00bbdefault\u00bb global_colors_info=\u00bb{}\u00bb][et_pb_text admin_label=\u00bbSection Title &#8211; H3&#8243; _builder_version=\u00bb4.23.4&#8243; _module_preset=\u00bbdefault\u00bb header_3_font=\u00bbFutura Bold|||on|||||\u00bb header_3_text_align=\u00bbcenter\u00bb header_3_text_color=\u00bb#000000&#8243; header_3_font_size=\u00bb18px\u00bb header_3_letter_spacing=\u00bb1.8px\u00bb header_3_line_height=\u00bb24px\u00bb custom_margin=\u00bb||||false|false\u00bb custom_margin_tablet=\u00bb||||false|false\u00bb custom_margin_phone=\u00bb||||false|false\u00bb custom_margin_last_edited=\u00bbon|phone\u00bb custom_padding=\u00bb||||false|false\u00bb global_colors_info=\u00bb{}\u00bb]<\/p>\n<h3>Aproximadamente 45 d\u00edas antes de su viaje<\/h3>\n<p>[\/et_pb_text][et_pb_text _builder_version=\u00bb4.23.4&#8243; _module_preset=\u00bbdefault\u00bb global_colors_info=\u00bb{}\u00bb]<\/p>\n<p><strong>Cruceros VACAYA en grandes barcos:<\/strong> \u00a1Aproximadamente 45 d\u00edas <strong>**<\/strong> antes de su crucero es cuando <em>realmente<\/em> comienza la cuenta regresiva para sus vacaciones! Hemos enviado nuestro manifiesto final a la l\u00ednea de cruceros y <strong>se generar\u00e1 su n\u00famero de reserva oficial y se le proporcionar\u00e1 dentro de 45 d\u00edas<\/strong> . Su n\u00famero de reserva es la clave para organizar todo con anticipaci\u00f3n, incluida la programaci\u00f3n de citas para el spa, la reserva de excursiones en tierra y la b\u00fasqueda del momento adecuado para disfrutar de uno de nuestros restaurantes de especialidades de alta cocina. Y, por supuesto, si no eres un planificador, tendr\u00e1s la oportunidad de reservar muchos de estos extras a bordo. Pero recuerda\u2026 casi todo se basa en la regla del orden de llegada, \u00a1as\u00ed que querr\u00e1s obtenerlos mientras la obtenci\u00f3n sea buena!<\/p>\n<p><strong>VACAYA Resorts &amp; Tours:<\/strong> para nuestros programas de resorts y tours (que no tienen un equivalente de \u00abN\u00famero de reserva\u00bb), publicaremos informaci\u00f3n espec\u00edfica del programa aproximadamente 45 d\u00edas antes del evento de vacaciones.<\/p>\n<p><strong>Cruceros en barcos peque\u00f1os de VACAYA:<\/strong> para nuestros programas de barcos peque\u00f1os (que var\u00edan mucho seg\u00fan la l\u00ednea de cruceros con la que trabajamos), publicaremos informaci\u00f3n espec\u00edfica del programa aproximadamente 45 d\u00edas antes de sus vacaciones.<\/p>\n<p>Para una comprensi\u00f3n m\u00e1s profunda de las diferencias entre nuestras experiencias de barcos grandes, barcos peque\u00f1os y Resorts &amp; Tours, <a href=\"https:\/\/www.myvacaya.com\/es\/descubrir\/experiencias-vacaya\/\" target=\"_blank\" rel=\"noopener\">EXPLORA AQU\u00cd<\/a> .<\/p>\n<p>[\/et_pb_text][\/et_pb_column][et_pb_column type=\u00bb1_3&#8243; _builder_version=\u00bb4.23.4&#8243; _module_preset=\u00bbdefault\u00bb global_colors_info=\u00bb{}\u00bb][et_pb_text admin_label=\u00bbSection Title &#8211; H3&#8243; _builder_version=\u00bb4.23.4&#8243; _module_preset=\u00bbdefault\u00bb header_3_font=\u00bbFutura Bold|||on|||||\u00bb header_3_text_align=\u00bbcenter\u00bb header_3_text_color=\u00bb#000000&#8243; header_3_font_size=\u00bb18px\u00bb header_3_letter_spacing=\u00bb1.8px\u00bb header_3_line_height=\u00bb24px\u00bb custom_margin=\u00bb||||false|false\u00bb custom_margin_tablet=\u00bb||||false|false\u00bb custom_margin_phone=\u00bb||||false|false\u00bb custom_margin_last_edited=\u00bbon|phone\u00bb custom_padding=\u00bb||||false|false\u00bb global_colors_info=\u00bb{}\u00bb]<\/p>\n<h3>La cuenta atr\u00e1s final<\/h3>\n<p>[\/et_pb_text][et_pb_text _builder_version=\u00bb4.23.4&#8243; _module_preset=\u00bbdefault\u00bb global_colors_info=\u00bb{}\u00bb]<\/p>\n<p>Sabemos que comenzar\u00e1s a estallar de emoci\u00f3n en los \u00faltimos <strong>30 d\u00edas antes de tu viaje<\/strong> mientras compartimos una vista previa del entretenimiento y las actividades que har\u00e1n que tu experiencia VACAYA cobre vida.<\/p>\n<p>Aseg\u00farese de vigilar de cerca su bandeja de entrada durante este per\u00edodo. Le estaremos comunicando informaci\u00f3n importante por correo electr\u00f3nico que sin duda enriquecer\u00e1 su viaje. Adem\u00e1s, la p\u00e1gina Prep\u00e1rese de su viaje (a la que puede acceder haciendo clic en su viaje en la lista a continuaci\u00f3n) es su fuente de referencia para toda la informaci\u00f3n importante sobre sus vacaciones. Tambi\u00e9n se encuentra un archivo de correo electr\u00f3nico en cada p\u00e1gina Prep\u00e1rese. Almacenamos todos los correos electr\u00f3nicos de nuestro servicio a los hu\u00e9spedes en este archivo. Entonces, si tiene dificultades para encontrar un correo electr\u00f3nico antiguo, siempre puede buscar aqu\u00ed para actualizarlo.  <\/p>\n<p>[\/et_pb_text][\/et_pb_column][\/et_pb_row][et_pb_row _builder_version=\u00bb4.17.6&#8243; _module_preset=\u00bbdefault\u00bb global_colors_info=\u00bb{}\u00bb][et_pb_column type=\u00bb4_4&#8243; _builder_version=\u00bb4.17.6&#8243; _module_preset=\u00bbdefault\u00bb global_colors_info=\u00bb{}\u00bb][et_pb_text _builder_version=\u00bb4.23.4&#8243; _module_preset=\u00bbdefault\u00bb custom_padding=\u00bb2.5%|10%|2.5%|10%|false|false\u00bb hover_enabled=\u00bb0&#8243; border_width_all=\u00bb1px\u00bb border_color_all=\u00bb#000000&#8243; global_colors_info=\u00bb{}\u00bb sticky_enabled=\u00bb0&#8243;]<\/p>\n<p style=\"font-weight: 400;\"><strong>*Nota importante sobre las fiestas exclusivas de VACAYA: \u00a1El coraz\u00f3n de tu experiencia en el destino!<\/strong><\/p>\n<p style=\"font-weight: 400;\">Ya sea que navegues en alta mar o explores resorts ex\u00f3ticos, en VACAYA creemos que nuestras fiestas son la esencia de tu aventura. Cada tipo de viaje tiene sus propias festividades exclusivas, dise\u00f1adas para reunir a todos, celebrar y crear recuerdos inolvidables. Aqu\u00ed tienes un adelanto de lo que puedes esperar en cada tipo de viaje de VACAYA\u2026  <\/p>\n<p>&nbsp;<\/p>\n<p style=\"font-weight: 400;\"><strong>CRUCEROS EN GRANDES BARCOS: \u00a1Zarpe hacia la celebraci\u00f3n!<\/strong><\/p>\n<p style=\"font-weight: 400;\"><strong>Noche 1 \u2013 ESTE SOY YO<\/strong><br \/> \u00a1Empieza con estilo! Ponte algo que les diga a los dem\u00e1s qui\u00e9n eres y de d\u00f3nde vienes. <\/p>\n<p style=\"font-weight: 400;\"><strong>D\u00eda 2 \u2013 Nuestro primer baile en V (fiesta de la tarde): FIESTA DEL SEM\u00c1FORO<\/strong><br \/> \u00a1Una forma colorida de socializar! \u00bfSoltero\/a y con ganas de conocer gente? \u00a1S\u00e9 ecol\u00f3gico! \u00bfSolo est\u00e1s aqu\u00ed para relajarte y hacer amigos plat\u00f3nicos? V\u00edstete de ROJO. \u00bfEn alg\u00fan punto m\u00e1gico intermedio? El AMARILLO es tu color para contar la historia.<\/p>\n<p><strong>En un d\u00eda o noche cualquiera \u2013 FIESTA DE AVENTURAS ELIGE TU PROPIA AVENTURA<\/strong><br \/> Nuestra FIESTA CYOA es TU oportunidad para elegir el tema de la fiesta. Recibimos propuestas online de todos y luego los cruceristas seleccionan el tema ganador de la lista de finalistas determinada por el Equipo V. <\/p>\n<p style=\"font-weight: 400;\"><strong>Noche 5 \u2013 UNA FIESTA DE COLORES<\/strong><br \/> Hist\u00f3ricamente, este ha sido un partido rojo, \u00a1pero estamos avanzando! As\u00ed pues, en cada crucero de 7 noches a bordo de un gran barco de VACAYA, nuestra mayor fiesta de la semana, en la noche 5, estallar\u00e1 de color al invitar a los pasajeros de Vacaya a vestirse para impresionar con un solo tono, convirtiendo todo el barco en un mar de vibrante autoexpresi\u00f3n y conexi\u00f3n. El azul podr\u00eda evocar la frescura oce\u00e1nica y la fantas\u00eda del denim. El color p\u00farpura podr\u00eda evocar el glamour de la realeza y la majestuosidad de la m\u00fasica disco. O bien, Orange podr\u00eda encender la chispa de la diversi\u00f3n con vibras de atardecer tropical y un estilo retro audaz. Tu equipo V seleccionar\u00e1 el color destacado del viaje y se anunciar\u00e1 120 d\u00edas antes de la salida.<\/p>\n<p style=\"font-weight: 400;\"><strong>D\u00eda 7 \u2013 Baile final en V: \u00a1ES UN DESASTRE!<\/strong><br \/>\u00a1V\u00edstete con una gloriosa mezcla de tus disfraces de la semana, usando una prenda de cada uno! \u00a1S\u00e9 tan divertido y extravagante como quieras, ya que nuestro baile favorito de la semana, el V-Dance, ser\u00e1 el broche de oro para tu crucero! <\/p>\n<p style=\"font-weight: 400;\">Adem\u00e1s de estas celebraciones emblem\u00e1ticas, otras fiestas se inspiran en acontecimientos \u2014desde los Juegos Ol\u00edmpicos hasta las fiestas navide\u00f1as\u2014 y var\u00edan en cada aventura. Los temas restantes de las fiestas se anuncian 120 d\u00edas antes del inicio del crucero. <\/p>\n<p>&nbsp;<\/p>\n<p style=\"font-weight: 400;\"><strong>RESORTS: \u00a1La mejor vida nocturna de tu hogar lejos de casa!<\/strong><strong> <\/strong><\/p>\n<p style=\"font-weight: 400;\"><strong>Noche 1 \u2013 ESTE SOY YO<\/strong><br \/> Igual que en los cruceros\u2026 \u00a1muestra qui\u00e9n eres con un atuendo divertido que d\u00e9 pie a conversaciones!<\/p>\n<p style=\"font-weight: 400;\"><strong>D\u00eda 2 \u2013 FIESTA DEL SEM\u00c1FORO<\/strong><br \/> Los mismos colores que en el crucero: verde para solteros, rojo para amigos, amarillo para personas con una relaci\u00f3n estable.<\/p>\n<p style=\"font-weight: 400;\"><strong>Normalmente el d\u00eda 4 o el d\u00eda 7 \u2013 BAILE DE LA LETRA V<\/strong><br \/> Escogemos una letra del alfabeto, y t\u00fa y tus amigos luc\u00e9is disfraces que empiecen por esa letra. \u00a1Sencillo y divertido! <\/p>\n<p style=\"font-weight: 400;\">El resto de las tem\u00e1ticas de la fiesta las determina vuestro Equipo V y se publican 120 d\u00edas antes del inicio del evento.<\/p>\n<p style=\"font-weight: 400;\"><strong> <\/strong><\/p>\n<p style=\"font-weight: 400;\"><strong>CRUCEROS EN BARCOS PEQUE\u00d1OS: \u00cdntimos y divertidos<\/strong><\/p>\n<p style=\"font-weight: 400;\">Aunque el ambiente aqu\u00ed es m\u00e1s bien de fiesta de c\u00f3ctel elegante, \u00a1nos encanta un toque de diversi\u00f3n con disfraces!<\/p>\n<p style=\"font-weight: 400;\"><strong>Noche 1 \u2013 ESTE SOY YO<\/strong><br \/> Personaliza tu imagen y pres\u00e9ntate con estilo.<\/p>\n<p style=\"font-weight: 400;\"><strong>Noche cualquiera \u2013 \u00a1NOCHE DE ALBA\u00d1O!<\/strong><br \/>Toma la bata c\u00f3moda de tu camarote, comb\u00ednala con accesorios de casa y \u00fasala toda la noche a partir de las 6 pm. Esta noche suele terminar con todos quit\u00e1ndose las batas y disfrutando de una divertida <strong>fiesta en ropa interior.<\/strong> <\/p>\n<p>Adem\u00e1s de estas dos noches, tambi\u00e9n solemos organizar dos o tres noches de m\u00fasica inspiradas en d\u00e9cadas pasadas (por ejemplo, una <strong>FIESTA de los 80<\/strong> ).<\/p>\n<p>&nbsp;<\/p>\n<p style=\"font-weight: 400;\"><strong>TOURS: \u00a1Exploraciones sin el caos de los disfraces!<\/strong><\/p>\n<p style=\"font-weight: 400;\">La mayor\u00eda de nuestros tours se centran en el descubrimiento, lejos de ser un lugar de fiesta. Quiz\u00e1s disfrutes de una cena en grupo o unos c\u00f3cteles, pero no hace falta que traigas disfraces. \u00a1Solo trae tu esp\u00edritu aventurero!  <\/p>\n<p>&nbsp;<\/p>\n<p style=\"font-weight: 400;\">Sin importar el tipo de viaje, las fiestas exclusivas de VACAYA son tu oportunidad para conectar, bailar, re\u00edr y celebrar todo lo que hace que tu viaje sea extraordinario. \u00a1As\u00ed que, creemos recuerdos inolvidables\u2026 una fiesta exclusiva a la vez! <\/p>\n<p>[\/et_pb_text][et_pb_text _builder_version=\u00bb4.23.4&#8243; _module_preset=\u00bbdefault\u00bb custom_padding=\u00bb2.5%|10%|2.5%|10%|false|false\u00bb border_width_all=\u00bb1px\u00bb border_color_all=\u00bb#000000&#8243; global_colors_info=\u00bb{}\u00bb]<\/p>\n<p><strong><span class=\"yellow\">**<\/span> Tenga en cuenta:<\/strong><br \/> VACAYA tiene acuerdos de colaboraci\u00f3n con las principales compa\u00f1\u00edas de cruceros, y algunas no abren el registro en l\u00ednea hasta que se acerca la fecha de salida. Por supuesto, le comunicaremos esto desde el principio si ese es el caso con un programa en particular. Tendr\u00e1 una comprensi\u00f3n completa de la l\u00ednea de tiempo anticipada desde el momento en que reserve con nosotros.<\/p>\n<p>[\/et_pb_text][et_pb_text _builder_version=\u00bb4.17.6&#8243; _module_preset=\u00bbdefault\u00bb custom_margin=\u00bb4%||||false|false\u00bb custom_padding=\u00bb2.5%|10%|2.5%|10%|false|false\u00bb border_width_all=\u00bb1px\u00bb border_color_all=\u00bb#000000&#8243; global_colors_info=\u00bb{}\u00bb]<div id=\"ajax-load-more\" class=\"ajax-load-more-wrap default\" data-id=\"experience-items\" data-alm-id=\"\" data-canonical-url=\"https:\/\/www.myvacaya.com\/es\/prepararse\/\" data-slug=\"prepararse\" data-post-id=\"62533\"  data-localized=\"ajax_load_more_experience_items_vars\" data-alm-object=\"ajax_load_more_experience_items\"><ul aria-live=\"polite\" aria-atomic=\"true\" class=\"alm-listing alm-ajax\" data-container-type=\"ul\" data-loading-style=\"default\" data-repeater=\"template_5\" data-post-type=\"trip\" data-meta-key=\"show_trip_tile\" data-meta-value=\"1\" data-custom-args=\"post_parent: 0\" data-order=\"ASC\" data-orderby=\"date\" data-offset=\"0\" data-posts-per-page=\"20\" data-lang=\"es\" data-scroll=\"false\" data-button-label=\"Load More\" data-prev-button-label=\"Load Previous\" data-destroy-after=\"1\"><\/ul><div class=\"alm-btn-wrap\" data-rel=\"ajax-load-more\"><button class=\"alm-load-more-btn\" type=\"button\">Load More<\/button><\/div><\/div>[\/et_pb_text][\/et_pb_column][\/et_pb_row][\/et_pb_section][et_pb_section fb_built=\u00bb1&#8243; admin_label=\u00bbSide to Side\u00bb _builder_version=\u00bb4.17.6&#8243; _module_preset=\u00bbdefault\u00bb custom_padding=\u00bb0%||0%||false|false\u00bb global_colors_info=\u00bb{}\u00bb][et_pb_row use_custom_gutter=\u00bbon\u00bb make_equal=\u00bbon\u00bb custom_padding_last_edited=\u00bbon|tablet\u00bb admin_label=\u00bbFila de lado a lado\u00bb module_class=\u00bbsocial-media-header side-by-side\u00bb _builder_version=\u00bb4.17.6&#8243; _module_preset=\u00bbdefault\u00bb background_image=\u00bbhttps:\/\/www.myvacaya.com\/wp-content\/uploads\/2022\/09\/social-media-full-size.png\u00bb parallax=\u00bbon\u00bb width=\u00bb100%\u00bb height=\u00bb600px\u00bb height_tablet=\u00bb600px\u00bb height_phone=\u00bbauto\u00bb height_last_edited=\u00bbon|phone\u00bb custom_padding=\u00bb20%||20%||false|false\u00bb custom_padding_tablet=\u00bb20%||20%||false|false\u00bb custom_padding_phone=\u00bb20%||20%||false|false\u00bb custom_css_main_element=\u00bbmargin: auto;\u00bb global_colors_info=\u00bb{}\u00bb][et_pb_column type=\u00bb4_4&#8243; _builder_version=\u00bb4.17.6&#8243; _module_preset=\u00bbdefault\u00bb custom_css_main_element=\u00bbdisplay: flex;||flex-direction: column;||justify-content: center;\u00bb global_colors_info=\u00bb{}\u00bb][et_pb_text admin_label=\u00bbSide to Side Text\u00bb _builder_version=\u00bb4.17.6&#8243; _module_preset=\u00bbdefault\u00bb header_3_font=\u00bbNorthwell Alt||||||||\u00bb header_3_text_align=\u00bbcenter\u00bb header_3_text_color=\u00bb#FFFFFF\u00bb header_3_font_size=\u00bb150px\u00bb header_3_line_height=\u00bb153px\u00bb custom_margin_tablet=\u00bb\u00bb custom_margin_phone=\u00bb\u00bb custom_margin_last_edited=\u00bbon|phone\u00bb scroll_fade_enable=\u00bbon\u00bb scroll_blur_enable=\u00bbon\u00bb header_3_font_size_tablet=\u00bb150px\u00bb header_3_font_size_phone=\u00bb40px\u00bb header_3_font_size_last_edited=\u00bbon|phone\u00bb header_3_line_height_tablet=\u00bb153px\u00bb header_3_line_height_phone=\u00bb43px\u00bb header_3_line_height_last_edited=\u00bbon|phone\u00bb global_colors_info=\u00bb{}\u00bb]<\/p>\n<h3>Lo f\u00e1cil nunca fue f\u00e1cil.<br \/>\n \u00a1Qu\u00e9 divertido!<\/h3>\n<p>[\/et_pb_text][\/et_pb_column][\/et_pb_row][\/et_pb_section]<\/p>\n","protected":false},"excerpt":{"rendered":"<p><div class=\"trip-overlay\"><div class=\"trip-title\"><h1>Fichas de viaje con t\u00edtulo: solo cruceros<\/h1><\/div><\/div>Nuestra misi\u00f3n es garantizar que usted tenga todas las herramientas necesario para disfrutar de sus vacaciones con nosotrosLe daremos toda la informaci\u00f3n que necesita, desde temas de fiesta hasta un adelanto de entretenimiento, mucho antes de que comiencen sus vacaciones. Adem\u00e1s, nos comunicaremos con usted a lo largo de su experiencia previa y posterior a [&hellip;]<\/p>\n","protected":false},"author":1,"featured_media":0,"parent":0,"menu_order":0,"comment_status":"closed","ping_status":"closed","template":"","meta":{"_acf_changed":false,"_et_pb_use_builder":"on","_et_pb_old_content":"","_et_gb_content_width":"","_monsterinsights_skip_tracking":false,"_monsterinsights_sitenote_active":false,"_monsterinsights_sitenote_note":"","_monsterinsights_sitenote_category":0,"footnotes":""},"class_list":["post-62533","page","type-page","status-publish","hentry"],"acf":[],"_links":{"self":[{"href":"https:\/\/www.myvacaya.com\/es\/wp-json\/wp\/v2\/pages\/62533","targetHints":{"allow":["GET"]}}],"collection":[{"href":"https:\/\/www.myvacaya.com\/es\/wp-json\/wp\/v2\/pages"}],"about":[{"href":"https:\/\/www.myvacaya.com\/es\/wp-json\/wp\/v2\/types\/page"}],"author":[{"embeddable":true,"href":"https:\/\/www.myvacaya.com\/es\/wp-json\/wp\/v2\/users\/1"}],"replies":[{"embeddable":true,"href":"https:\/\/www.myvacaya.com\/es\/wp-json\/wp\/v2\/comments?post=62533"}],"version-history":[{"count":39,"href":"https:\/\/www.myvacaya.com\/es\/wp-json\/wp\/v2\/pages\/62533\/revisions"}],"predecessor-version":[{"id":187076,"href":"https:\/\/www.myvacaya.com\/es\/wp-json\/wp\/v2\/pages\/62533\/revisions\/187076"}],"wp:attachment":[{"href":"https:\/\/www.myvacaya.com\/es\/wp-json\/wp\/v2\/media?parent=62533"}],"curies":[{"name":"wp","href":"https:\/\/api.w.org\/{rel}","templated":true}]}}