{"id":62522,"date":"2018-02-10T15:04:53","date_gmt":"2018-02-10T20:04:53","guid":{"rendered":"https:\/\/www.myvacaya.com\/blog\/"},"modified":"2023-08-02T14:27:19","modified_gmt":"2023-08-02T18:27:19","slug":"blog","status":"publish","type":"page","link":"https:\/\/www.myvacaya.com\/es\/blog\/","title":{"rendered":"Blog"},"content":{"rendered":"<p>[et_pb_section fb_built=\u00bb1&#8243; fullwidth=\u00bbon\u00bb admin_label=\u00bbSlider\u00bb module_id=\u00bbdeslizador-secci\u00f3n-interior\u00bb _builder_version=\u00bb4.17.6&#8243; _module_preset=\u00bbdefault\u00bb background_enable_image=\u00bboff\u00bb global_colors_info=\u00bb{}\u00bb][et_pb_fullwidth_code admin_label=\u00bbSlider Overlay\u00bb module_class=\u00bbinterior-page-overlay\u00bb _builder_version=\u00bb4.17.6&#8243; _module_preset=\u00bbdefault\u00bb positioning=\u00bbabsolute\u00bb position_origin_a=\u00bbtop_right\u00bb position_origin_f=\u00bbtop_right\u00bb z_index=\u00bb100&#8243; width=\u00bb50%\u00bb width_tablet=\u00bb50%\u00bb width_phone=\u00bb100%\u00bb width_last_edited=\u00bbon|phone\u00bb height=\u00bb100vh\u00bb hover_enabled=\u00bb0&#8243; global_colors_info=\u00bb{}\u00bb sticky_enabled=\u00bb0&#8243;]<div class=\"trip-overlay\"><div class=\"trip-title\"><h1>Blog<\/h1><\/div><\/div>[\/et_pb_fullwidth_code][et_pb_fullwidth_slider show_arrows=\u00bboff\u00bb admin_label=\u00bbSlider Images\u00bb module_id=\u00bbslider-images\u00bb _builder_version=\u00bb4.17.6&#8243; _module_preset=\u00bbdefault\u00bb height=\u00bb100vh\u00bb auto=\u00bbon\u00bb global_colors_info=\u00bb{}\u00bb][et_pb_slide _builder_version=\u00bb4.17.6&#8243; _module_preset=\u00bbdefault\u00bb background_color=\u00bbRGBA(255,255,255,0)\u00bb background_enable_color=\u00bbon\u00bb background_image=\u00bbhttps:\/\/www.myvacaya.com\/wp-content\/uploads\/2022\/09\/blog.jpg\u00bb background_enable_image=\u00bbon\u00bb background_last_edited=\u00bbon|desktop\u00bb background_image_phone=\u00bbhttps:\/\/www.myvacaya.com\/wp-content\/uploads\/2022\/11\/blog-mobile-414&#215;500-1.jpg\u00bb background_enable_image_phone=\u00bbon\u00bb global_colors_info=\u00bb{}\u00bb sticky_transition=\u00bbon\u00bb][\/et_pb_slide][\/et_pb_fullwidth_slider][\/et_pb_section][et_pb_section fb_built=\u00bb1&#8243; custom_padding_last_edited=\u00bbon|phone\u00bb _builder_version=\u00bb4.17.6&#8243; _module_preset=\u00bbdefault\u00bb custom_padding=\u00bb||||false|false\u00bb custom_padding_tablet=\u00bb||||false|false\u00bb custom_padding_phone=\u00bb||||false|false\u00bb global_colors_info=\u00bb{}\u00bb][et_pb_row custom_padding_last_edited=\u00bbon|desktop\u00bb _builder_version=\u00bb4.17.6&#8243; _module_preset=\u00bbdefault\u00bb custom_padding=\u00bb||||false|false\u00bb custom_padding_tablet=\u00bb||||false|false\u00bb custom_padding_phone=\u00bb||||false|false\u00bb global_colors_info=\u00bb{}\u00bb][et_pb_column type=\u00bb4_4&#8243; _builder_version=\u00bb4.17.6&#8243; _module_preset=\u00bbdefault\u00bb global_colors_info=\u00bb{}\u00bb][et_pb_text admin_label=\u00bbPosts Filter\u00bb _builder_version=\u00bb4.17.6&#8243; _module_preset=\u00bbdefault\u00bb global_colors_info=\u00bb{}\u00bb]<div class=\"alm-filters alm-filters-container\" id=\"alm-filters-post_items_filter\" data-target=\"post_items\" data-style=\"change\" data-id=\"post_items_filter\" ><div class=\"alm-filter alm-filter--group alm-filter--category\" id=\"alm-filter-1\" data-key=\"category\" data-fieldtype=\"select\" data-selected-value=\"\" data-default-value=\"\"><div class=\"alm-filter--inner\"><div class=\"alm-filter--select \"><select id=\"category-select-1\" class=\"alm-filter--item\"><option id=\"select-blog-es\" value=\"blog-es\" data-name=\"Blog\">Blog<\/option><option id=\"select-buques\" value=\"buques\" data-name=\" - Buques\"> - Buques<\/option><option id=\"select-centros-turisticos\" value=\"centros-turisticos\" data-name=\" - centros tur\u00edsticos\"> - centros tur\u00edsticos<\/option><option id=\"select-destinos\" value=\"destinos\" data-name=\" - Destinos\"> - Destinos<\/option><option id=\"select-filantropia\" value=\"filantropia\" data-name=\" - Filantrop\u00eda\"> - Filantrop\u00eda<\/option><option id=\"select-sin-categorizar\" value=\"sin-categorizar\" data-name=\" - Sin categorizar\"> - Sin categorizar<\/option><option id=\"select-vacaya-es\" value=\"vacaya-es\" data-name=\" - Vacaya\"> - Vacaya<\/option><\/select><\/div><\/div><\/div><div class=\"alm-filter alm-filter--group alm-filter--search\" id=\"alm-filter-2\" data-key=\"search\" data-fieldtype=\"text\" data-selected-value=\"\" data-default-value=\"\"><div class=\"alm-filter--inner\"><div class=\"alm-filter--text\"><div class=\"alm-filter--text-wrap has-button\"><input class=\"alm-filter--textfield textfield\" id=\"search-text-2\" name=\"search-text\" type=\"text\" value=\"\" placeholder=\"Search Blog\" \/><button type=\"button\">Submit<\/button><\/div><\/div><\/div><\/div><div class=\"alm-filters--loading\"><\/div><\/div>[\/et_pb_text][et_pb_text admin_label=\u00bbPosts\u00bb module_id=\u00bbposts\u00bb _builder_version=\u00bb4.17.6&#8243; _module_preset=\u00bbdefault\u00bb custom_margin_tablet=\u00bb\u00bb custom_margin_phone=\u00bb\u00bb custom_margin_last_edited=\u00bbon|desktop\u00bb global_colors_info=\u00bb{}\u00bb]<div id=\"ajax-load-more\" class=\"ajax-load-more-wrap default\" data-id=\"post_items\" data-alm-id=\"\" data-canonical-url=\"https:\/\/www.myvacaya.com\/es\/blog\/\" data-slug=\"blog\" data-post-id=\"62522\"  data-localized=\"ajax_load_more_post_items_vars\" data-alm-object=\"ajax_load_more_post_items\"><ul aria-live=\"polite\" aria-atomic=\"true\" class=\"alm-listing alm-ajax\" data-container-type=\"ul\" data-loading-style=\"default\" data-repeater=\"default\" data-post-type=\"post\" data-order=\"DESC\" data-orderby=\"date\" data-offset=\"0\" data-posts-per-page=\"9\" data-lang=\"es\" data-scroll=\"false\" data-button-label=\"Load More\" data-prev-button-label=\"Load Previous\"><\/ul><div class=\"alm-btn-wrap\" data-rel=\"ajax-load-more\"><button class=\"alm-load-more-btn\" type=\"button\">Load More<\/button><\/div><\/div>[\/et_pb_text][et_pb_text _builder_version=\u00bb4.17.6&#8243; _module_preset=\u00bbdefault\u00bb text_orientation=\u00bbcenter\u00bb custom_margin=\u00bb||||false|false\u00bb custom_margin_tablet=\u00bb||||false|false\u00bb custom_margin_phone=\u00bb||||false|false\u00bb custom_margin_last_edited=\u00bbon|phone\u00bb custom_padding=\u00bb||||false|false\u00bb custom_padding_tablet=\u00bb||||false|false\u00bb custom_padding_phone=\u00bb||||false|false\u00bb custom_padding_last_edited=\u00bbon|phone\u00bb global_colors_info=\u00bb{}\u00bb]<\/p>\n<p style=\"text-align: center;\">Si desea convertirse en colaborador del blog VACAYA, le damos la bienvenida a las voces variadas y fuertes de nuestra comunidad.<br \/>\u00a1Simplemente env\u00ede un correo electr\u00f3nico <a href=\"mailto:info@myvacaya.com\"><strong>a info@myvacaya.com<\/strong><\/a> y d\u00e9nos su mejor presentaci\u00f3n!<\/p>\n<p>[\/et_pb_text][\/et_pb_column][\/et_pb_row][\/et_pb_section]<\/p>\n","protected":false},"excerpt":{"rendered":"<p><div class=\"trip-overlay\"><div class=\"trip-title\"><h1>Fichas de viaje con t\u00edtulo: solo cruceros<\/h1><\/div><\/div><div class=\"alm-filters alm-filters-container\" id=\"alm-filters-post_items_filter\" data-target=\"post_items\" data-style=\"change\" data-id=\"post_items_filter\" ><div class=\"alm-filter alm-filter--group alm-filter--category\" id=\"alm-filter-1\" data-key=\"category\" data-fieldtype=\"select\" data-selected-value=\"\" data-default-value=\"\"><div class=\"alm-filter--inner\"><div class=\"alm-filter--select \"><select id=\"category-select-1\" class=\"alm-filter--item\"><option id=\"select-blog-es\" value=\"blog-es\" data-name=\"Blog\">Blog<\/option><option id=\"select-buques\" value=\"buques\" data-name=\" - Buques\"> - Buques<\/option><option id=\"select-centros-turisticos\" value=\"centros-turisticos\" data-name=\" - centros tur\u00edsticos\"> - centros tur\u00edsticos<\/option><option id=\"select-destinos\" value=\"destinos\" data-name=\" - Destinos\"> - Destinos<\/option><option id=\"select-filantropia\" value=\"filantropia\" data-name=\" - Filantrop\u00eda\"> - Filantrop\u00eda<\/option><option id=\"select-sin-categorizar\" value=\"sin-categorizar\" data-name=\" - Sin categorizar\"> - Sin categorizar<\/option><option id=\"select-vacaya-es\" value=\"vacaya-es\" data-name=\" - Vacaya\"> - Vacaya<\/option><\/select><\/div><\/div><\/div><div class=\"alm-filter alm-filter--group alm-filter--search\" id=\"alm-filter-2\" data-key=\"search\" data-fieldtype=\"text\" data-selected-value=\"\" data-default-value=\"\"><div class=\"alm-filter--inner\"><div class=\"alm-filter--text\"><div class=\"alm-filter--text-wrap has-button\"><input class=\"alm-filter--textfield textfield\" id=\"search-text-2\" name=\"search-text\" type=\"text\" value=\"\" placeholder=\"Search Blog\" \/><button type=\"button\">Submit<\/button><\/div><\/div><\/div><\/div><div class=\"alm-filters--loading\"><\/div><\/div><div id=\"ajax-load-more-2\" class=\"ajax-load-more-wrap default\" data-id=\"post_items\" data-alm-id=\"\" data-canonical-url=\"https:\/\/www.myvacaya.com\/es\/et_pb_layout\/fichas-de-viaje-con-titulo-solo-cruceros\/\" data-slug=\"fichas-de-viaje-con-titulo-solo-cruceros\" data-post-id=\"63654\"  data-localized=\"ajax_load_more_post_items_vars\" data-alm-object=\"ajax_load_more_post_items\"><ul aria-live=\"polite\" aria-atomic=\"true\" class=\"alm-listing alm-ajax\" data-container-type=\"ul\" data-loading-style=\"default\" data-repeater=\"default\" data-post-type=\"post\" data-order=\"DESC\" data-orderby=\"date\" data-offset=\"0\" data-posts-per-page=\"9\" data-lang=\"es\" data-scroll=\"false\" data-button-label=\"Load More\" data-prev-button-label=\"Load Previous\"><\/ul><div class=\"alm-btn-wrap\" data-rel=\"ajax-load-more-2\"><button class=\"alm-load-more-btn\" type=\"button\">Load More<\/button><\/div><\/div>Si desea convertirse en colaborador del blog VACAYA, le damos la bienvenida a las voces variadas y fuertes de nuestra comunidad.\u00a1Simplemente env\u00ede un correo electr\u00f3nico a info@myvacaya.com y d\u00e9nos su mejor presentaci\u00f3n!<\/p>\n","protected":false},"author":1,"featured_media":0,"parent":0,"menu_order":0,"comment_status":"closed","ping_status":"closed","template":"","meta":{"_acf_changed":false,"_et_pb_use_builder":"on","_et_pb_old_content":"","_et_gb_content_width":"","_monsterinsights_skip_tracking":false,"_monsterinsights_sitenote_active":false,"_monsterinsights_sitenote_note":"","_monsterinsights_sitenote_category":0,"footnotes":""},"class_list":["post-62522","page","type-page","status-publish","hentry"],"acf":[],"_links":{"self":[{"href":"https:\/\/www.myvacaya.com\/es\/wp-json\/wp\/v2\/pages\/62522","targetHints":{"allow":["GET"]}}],"collection":[{"href":"https:\/\/www.myvacaya.com\/es\/wp-json\/wp\/v2\/pages"}],"about":[{"href":"https:\/\/www.myvacaya.com\/es\/wp-json\/wp\/v2\/types\/page"}],"author":[{"embeddable":true,"href":"https:\/\/www.myvacaya.com\/es\/wp-json\/wp\/v2\/users\/1"}],"replies":[{"embeddable":true,"href":"https:\/\/www.myvacaya.com\/es\/wp-json\/wp\/v2\/comments?post=62522"}],"version-history":[{"count":2,"href":"https:\/\/www.myvacaya.com\/es\/wp-json\/wp\/v2\/pages\/62522\/revisions"}],"predecessor-version":[{"id":62530,"href":"https:\/\/www.myvacaya.com\/es\/wp-json\/wp\/v2\/pages\/62522\/revisions\/62530"}],"wp:attachment":[{"href":"https:\/\/www.myvacaya.com\/es\/wp-json\/wp\/v2\/media?parent=62522"}],"curies":[{"name":"wp","href":"https:\/\/api.w.org\/{rel}","templated":true}]}}