{"id":181182,"date":"2025-04-23T11:22:56","date_gmt":"2025-04-23T15:22:56","guid":{"rendered":"https:\/\/www.myvacaya.com\/bienvenidos-slay-rangers\/"},"modified":"2025-04-23T11:49:59","modified_gmt":"2025-04-23T15:49:59","slug":"bienvenidos-slay-rangers","status":"publish","type":"page","link":"https:\/\/www.myvacaya.com\/es\/bienvenidos-slay-rangers\/","title":{"rendered":"\u00a1BIENVENIDOS SLAY RANGERS!"},"content":{"rendered":"<p>[et_pb_section fb_built=\u00bb1&#8243; fullwidth=\u00bbon\u00bb admin_label=\u00bbSlider\u00bb module_id=\u00bbdeslizador-secci\u00f3n-interior\u00bb _builder_version=\u00bb4.17.6&#8243; _module_preset=\u00bbdefault\u00bb background_enable_image=\u00bboff\u00bb global_colors_info=\u00bb{}\u00bb][et_pb_fullwidth_code admin_label=\u00bbSlider Overlay\u00bb module_class=\u00bbinterior-page-overlay\u00bb _builder_version=\u00bb4.17.6&#8243; _module_preset=\u00bbdefault\u00bb positioning=\u00bbabsolute\u00bb position_origin_a=\u00bbtop_right\u00bb position_origin_f=\u00bbtop_right\u00bb z_index=\u00bb100&#8243; width=\u00bb50%\u00bb width_tablet=\u00bb50%\u00bb width_phone=\u00bb100%\u00bb width_last_edited=\u00bbon|phone\u00bb height=\u00bb100vh\u00bb global_colors_info=\u00bb{}\u00bb]<div class=\"trip-overlay\"><div class=\"trip-title\"><h1>\u00a1BIENVENIDOS SLAY RANGERS!<\/h1><\/div><\/div>[\/et_pb_fullwidth_code][et_pb_fullwidth_slider show_arrows=\u00bboff\u00bb admin_label=\u00bbSlider Images\u00bb module_id=\u00bbslider-images\u00bb _builder_version=\u00bb4.23.4&#8243; _module_preset=\u00bbdefault\u00bb height=\u00bb100vh\u00bb auto=\u00bbon\u00bb global_colors_info=\u00bb{}\u00bb][et_pb_slide _builder_version=\u00bb4.23.4&#8243; _module_preset=\u00bbdefault\u00bb background_color=\u00bbRGBA(255,255,255,0)\u00bb background_enable_color=\u00bbon\u00bb background_image=\u00bbhttps:\/\/www.myvacaya.com\/wp-content\/uploads\/2025\/04\/Mexico-DD-Desktop-Hero-1920&#215;1020-1.jpg\u00bb background_enable_image=\u00bbon\u00bb background_last_edited=\u00bbon|phone\u00bb background_image_phone=\u00bbhttps:\/\/www.myvacaya.com\/wp-content\/uploads\/2025\/04\/Mexico-DD-Mobile-Hero-1080&#215;1920-1.jpg\u00bb background_enable_image_phone=\u00bbon\u00bb global_colors_info=\u00bb{}\u00bb sticky_transition=\u00bbon\u00bb][\/et_pb_slide][\/et_pb_fullwidth_slider][\/et_pb_section][et_pb_section fb_built=\u00bb1&#8243; custom_padding_last_edited=\u00bbon|phone\u00bb _builder_version=\u00bb4.17.6&#8243; _module_preset=\u00bbdefault\u00bb custom_padding=\u00bb||||false|false\u00bb custom_padding_tablet=\u00bb||||false|false\u00bb custom_padding_phone=\u00bb||||false|false\u00bb global_colors_info=\u00bb{}\u00bb][et_pb_row custom_padding_last_edited=\u00bbon|desktop\u00bb _builder_version=\u00bb4.17.6&#8243; _module_preset=\u00bbdefault\u00bb custom_padding=\u00bb||||false|false\u00bb custom_padding_tablet=\u00bb||||false|false\u00bb custom_padding_phone=\u00bb||||false|false\u00bb global_colors_info=\u00bb{}\u00bb][et_pb_column type=\u00bb4_4&#8243; _builder_version=\u00bb4.17.6&#8243; _module_preset=\u00bbdefault\u00bb global_colors_info=\u00bb{}\u00bb][et_pb_text admin_label=\u00bbSection Title &#8211; H2&#8243; _builder_version=\u00bb4.23.4&#8243; _module_preset=\u00bbdefault\u00bb text_letter_spacing=\u00bb1.8px\u00bb text_line_height=\u00bb22px\u00bb header_2_font=\u00bbFutura Bold|||on|||||\u00bb header_2_text_align=\u00bbcenter\u00bb header_2_text_color=\u00bb#000000&#8243; header_2_font_size=\u00bb30px\u00bb header_2_letter_spacing=\u00bb1.8px\u00bb header_2_line_height=\u00bb36px\u00bb header_3_font=\u00bbFutura Bold|||on|||||\u00bb header_3_text_align=\u00bbcenter\u00bb header_3_text_color=\u00bb#000000&#8243; header_3_font_size=\u00bb18px\u00bb header_3_letter_spacing=\u00bb1.8px\u00bb header_3_line_height=\u00bb24px\u00bb custom_margin=\u00bb||||false|false\u00bb custom_padding=\u00bb||||false|false\u00bb custom_padding_tablet=\u00bb||||false|false\u00bb custom_padding_phone=\u00bb||||false|false\u00bb custom_padding_last_edited=\u00bbon|phone\u00bb global_colors_info=\u00bb{}\u00bb]<\/p>\n<h2>La aventura gay definitiva te espera en el campamento VACAYA<\/h2>\n<p>[\/et_pb_text][dmpro_carousel columns=\u00bb2&#8243; space_between=\u00bb35&#8243; container_padding=\u00bb4%|0%|4%|2%|false|false\u00bb loop=\u00bbon\u00bb autoplay=\u00bbon\u00bb pause_on_hover=\u00bboff\u00bb navigation=\u00bbon\u00bb navigation_prev_icon_yn=\u00bbon\u00bb navigation_prev_icon=\u00bb&#x34;||divi||400&#8243; navigation_next_icon_yn=\u00bbon\u00bb navigation_next_icon=\u00bb&#x35;||divi||400&#8243; navigation_color=\u00bb#000000&#8243; columns_tablet=\u00bb3&#8243; columns_phone=\u00bb1&#8243; columns_last_edited=\u00bbon|phone\u00bb container_padding_tablet=\u00bb\u00bb container_padding_phone=\u00bb||0%||false|false\u00bb container_padding_last_edited=\u00bbon|phone\u00bb _builder_version=\u00bb4.23.4&#8243; _module_preset=\u00bbdefault\u00bb title_font=\u00bbFutura Bold||||||||\u00bb title_font_size=\u00bb18px\u00bb title_letter_spacing=\u00bb0.1em\u00bb title_line_height=\u00bb24px\u00bb hover_transition_speed_curve=\u00bbease-in\u00bb scroll_fade_enable=\u00bbon\u00bb global_colors_info=\u00bb{}\u00bb][dmpro_carousel_child title=\u00bbDD1&#8243; img_src=\u00bbhttps:\/\/www.myvacaya.com\/wp-content\/uploads\/2025\/04\/1.-DD-Carousel.jpg\u00bb text_title=\u00bbDD1&#8243; _builder_version=\u00bb4.23.4&#8243; _module_preset=\u00bbdefault\u00bb title_font_size=\u00bb24px\u00bb title_line_height=\u00bb27px\u00bb global_colors_info=\u00bb{}\u00bb][\/dmpro_carousel_child][dmpro_carousel_child title=\u00bbDD2&#8243; img_src=\u00bbhttps:\/\/www.myvacaya.com\/wp-content\/uploads\/2025\/04\/2.-DD-Carousel.jpg\u00bb text_title=\u00bbDD2&#8243; _builder_version=\u00bb4.23.4&#8243; _module_preset=\u00bbdefault\u00bb title_font_size=\u00bb24px\u00bb title_line_height=\u00bb27px\u00bb global_colors_info=\u00bb{}\u00bb][\/dmpro_carousel_child][dmpro_carousel_child title=\u00bbDD3&#8243; img_src=\u00bbhttps:\/\/www.myvacaya.com\/wp-content\/uploads\/2025\/04\/3.-DD-Carousel.jpg\u00bb text_title=\u00bbDD3&#8243; _builder_version=\u00bb4.23.4&#8243; _module_preset=\u00bbdefault\u00bb title_font_size=\u00bb24px\u00bb title_line_height=\u00bb27px\u00bb global_colors_info=\u00bb{}\u00bb][\/dmpro_carousel_child][dmpro_carousel_child title=\u00bbDD4&#8243; img_src=\u00bbhttps:\/\/www.myvacaya.com\/wp-content\/uploads\/2025\/04\/4.-DD-Carousel.jpg\u00bb text_title=\u00bbDD4&#8243; _builder_version=\u00bb4.23.4&#8243; _module_preset=\u00bbdefault\u00bb title_font_size=\u00bb24px\u00bb title_line_height=\u00bb27px\u00bb global_colors_info=\u00bb{}\u00bb][\/dmpro_carousel_child][dmpro_carousel_child title=\u00bbDD5&#8243; img_src=\u00bbhttps:\/\/www.myvacaya.com\/wp-content\/uploads\/2025\/04\/5.-DD-Carousel.jpg\u00bb text_title=\u00bbDD5&#8243; _builder_version=\u00bb4.23.4&#8243; _module_preset=\u00bbdefault\u00bb title_font_size=\u00bb24px\u00bb title_line_height=\u00bb27px\u00bb global_colors_info=\u00bb{}\u00bb][\/dmpro_carousel_child][\/dmpro_carousel][et_pb_text _builder_version=\u00bb4.23.4&#8243; _module_preset=\u00bbdefault\u00bb custom_margin=\u00bb||||false|false\u00bb custom_margin_tablet=\u00bb||||false|false\u00bb custom_margin_phone=\u00bb||||false|false\u00bb custom_margin_last_edited=\u00bbon|phone\u00bb global_colors_info=\u00bb{}\u00bb]Prep\u00e1rate para subir de nivel en Slay Rangers, \u00a1un evento \u00e9pico de juegos en el Campamento VACAYA en Vallarta! Ya seas aficionado a los juegos de mesa o un experto en Dungeons &amp; Dragons, hay algo para todos los gustos. Sum\u00e9rgete en emocionantes juegos de rol de mesa, reta a tus amigos en juegos de mesa cl\u00e1sicos o rel\u00e1jate y disfruta de las partidas en vivo. Es el lugar perfecto para tirar los dados, conocer a otros jugadores y crear recuerdos legendarios. \u00a1No te pierdas la acci\u00f3n, a jugar en el Campamento VACAYA![\/et_pb_text][dmpro_carousel columns=\u00bb2&#8243; space_between=\u00bb35&#8243; container_padding=\u00bb4%|0%|4%|2%|false|false\u00bb loop=\u00bbon\u00bb autoplay=\u00bbon\u00bb pause_on_hover=\u00bboff\u00bb navigation=\u00bbon\u00bb navigation_prev_icon_yn=\u00bbon\u00bb navigation_prev_icon=\u00bb&#x34;||divi||400&#8243; navigation_next_icon_yn=\u00bbon\u00bb navigation_next_icon=\u00bb&#x35;||divi||400&#8243; navigation_color=\u00bb#000000&#8243; columns_tablet=\u00bb3&#8243; columns_phone=\u00bb1&#8243; columns_last_edited=\u00bbon|phone\u00bb container_padding_tablet=\u00bb\u00bb container_padding_phone=\u00bb||0%||false|false\u00bb container_padding_last_edited=\u00bbon|phone\u00bb _builder_version=\u00bb4.23.4&#8243; _module_preset=\u00bbdefault\u00bb title_font=\u00bbFutura Bold||||||||\u00bb title_font_size=\u00bb18px\u00bb title_letter_spacing=\u00bb0.1em\u00bb title_line_height=\u00bb24px\u00bb hover_transition_speed_curve=\u00bbease-in\u00bb scroll_fade_enable=\u00bbon\u00bb global_colors_info=\u00bb{}\u00bb][dmpro_carousel_child title=\u00bbLA MEJOR RELACI\u00d3N CALIDAD-PRECIO PARA VIAJEROS CON PRESUPUESTO AJUSTADO\u00bb img_src=\u00bbhttps:\/\/www.myvacaya.com\/wp-content\/uploads\/2022\/11\/Carousel-budget-travelers-1.jpg\u00bb text_title=\u00bbLA MEJOR RELACI\u00d3N CALIDAD-PRECIO PARA VIAJEROS CON PRESUPUESTO AJUSTADO\u00bb _builder_version=\u00bb4.23.4&#8243; _module_preset=\u00bbdefault\u00bb title_font_size=\u00bb24px\u00bb title_line_height=\u00bb27px\u00bb global_colors_info=\u00bb{}\u00bb][\/dmpro_carousel_child][dmpro_carousel_child title=\u00bbTOMA DE RESORT LGBT+\u00bb img_src=\u00bbhttps:\/\/www.myvacaya.com\/wp-content\/uploads\/2022\/11\/Carousel-Resort-Take-Over-1.jpg\u00bb text_title=\u00bbTOMA DE RESORT LGBT+\u00bb _builder_version=\u00bb4.23.4&#8243; _module_preset=\u00bbdefault\u00bb title_font_size=\u00bb24px\u00bb title_line_height=\u00bb27px\u00bb global_colors_info=\u00bb{}\u00bb][\/dmpro_carousel_child][dmpro_carousel_child title=\u00bbTRES PISCINAS ESPECTACULARES\u00bb img_src=\u00bbhttps:\/\/www.myvacaya.com\/wp-content\/uploads\/2022\/11\/Carousel-3-sparkling-pools-1.jpg\u00bb text_title=\u00bbTRES PISCINAS ESPECTACULARES\u00bb _builder_version=\u00bb4.23.4&#8243; _module_preset=\u00bbdefault\u00bb title_font_size=\u00bb24px\u00bb title_line_height=\u00bb27px\u00bb global_colors_info=\u00bb{}\u00bb][\/dmpro_carousel_child][dmpro_carousel_child title=\u00bbUNA PISCINA PARA NI\u00d1OS CON VESTIMENTA OPCIONAL\u00bb img_src=\u00bbhttps:\/\/www.myvacaya.com\/wp-content\/uploads\/2022\/11\/Carousel-clothing-optional-pool-1.jpg\u00bb text_title=\u00bbUNA PISCINA CON ROPA OPCIONAL\u00bb _builder_version=\u00bb4.23.4&#8243; _module_preset=\u00bbdefault\u00bb title_font_size=\u00bb24px\u00bb title_line_height=\u00bb27px\u00bb global_colors_info=\u00bb{}\u00bb][\/dmpro_carousel_child][dmpro_carousel_child title=\u00bbRLD INFAMOSO\u00bb img_src=\u00bbhttps:\/\/www.myvacaya.com\/wp-content\/uploads\/2022\/11\/Carousel-RLD-1.jpg\u00bb text_title=\u00bbRLD INFAMOSO\u00bb _builder_version=\u00bb4.23.4&#8243; _module_preset=\u00bbdefault\u00bb title_font_size=\u00bb24px\u00bb title_line_height=\u00bb27px\u00bb global_colors_info=\u00bb{}\u00bb][\/dmpro_carousel_child][dmpro_carousel_child title=\u00bbEXCURSIONES CURADAS\u00bb img_src=\u00bbhttps:\/\/www.myvacaya.com\/wp-content\/uploads\/2022\/11\/girl-ziplining-mexico-1.jpg\u00bb text_title=\u00bbEXCURSIONES CURADAS\u00bb _builder_version=\u00bb4.23.4&#8243; _module_preset=\u00bbdefault\u00bb title_font_size=\u00bb24px\u00bb title_line_height=\u00bb27px\u00bb global_colors_info=\u00bb{}\u00bb][\/dmpro_carousel_child][dmpro_carousel_child title=\u00bbBARRAS EN CADA RUTA\u00bb img_src=\u00bbhttps:\/\/www.myvacaya.com\/wp-content\/uploads\/2022\/11\/Carousel-men-1.jpg\u00bb text_title=\u00bbBARRAS EN CADA RUTA\u00bb _builder_version=\u00bb4.23.4&#8243; _module_preset=\u00bbdefault\u00bb title_font_size=\u00bb24px\u00bb title_line_height=\u00bb27px\u00bb global_colors_info=\u00bb{}\u00bb][\/dmpro_carousel_child][dmpro_carousel_child title=\u00bbFIESTAS DIVERTIDAS Y AMISTOSAS\u00bb img_src=\u00bbhttps:\/\/www.myvacaya.com\/wp-content\/uploads\/2022\/11\/Value-Page-parties.jpg\u00bb text_title=\u00bbFIESTAS DIVERTIDAS Y AMISTOSAS\u00bb _builder_version=\u00bb4.23.4&#8243; _module_preset=\u00bbdefault\u00bb title_font_size=\u00bb24px\u00bb title_line_height=\u00bb27px\u00bb global_colors_info=\u00bb{}\u00bb][\/dmpro_carousel_child][dmpro_carousel_child title=\u00bbEQUIPO V Y PERSONAL DEL RESORT LOCAL\u00bb img_src=\u00bbhttps:\/\/www.myvacaya.com\/wp-content\/uploads\/2022\/11\/Carousel-Team-1.jpg\u00bb text_title=\u00bbEQUIPO V Y PERSONAL DEL RESORT LOCAL\u00bb _builder_version=\u00bb4.23.4&#8243; _module_preset=\u00bbdefault\u00bb title_font_size=\u00bb24px\u00bb title_line_height=\u00bb27px\u00bb global_colors_info=\u00bb{}\u00bb][\/dmpro_carousel_child][dmpro_carousel_child title=\u00bbTODOS SON BIENVENIDOS\u00bb img_src=\u00bbhttps:\/\/www.myvacaya.com\/wp-content\/uploads\/2022\/11\/All-Are-Welcome-1.jpg\u00bb text_title=\u00bbTODOS SON BIENVENIDOS\u00bb _builder_version=\u00bb4.23.4&#8243; _module_preset=\u00bbdefault\u00bb title_font_size=\u00bb24px\u00bb title_line_height=\u00bb27px\u00bb global_colors_info=\u00bb{}\u00bb][\/dmpro_carousel_child][\/dmpro_carousel][et_pb_text _builder_version=\u00bb4.23.4&#8243; _module_preset=\u00bbdefault\u00bb custom_margin=\u00bb||||false|false\u00bb custom_margin_tablet=\u00bb||||false|false\u00bb custom_margin_phone=\u00bb||||false|false\u00bb custom_margin_last_edited=\u00bbon|phone\u00bb global_colors_info=\u00bb{}\u00bb]Los Slay Rangers tienen acceso a TODAS LAS SESIONES DE JUEGOS DE MESA + la experiencia completa del resort VACAYA Todo Incluido como parte de nuestra semana \u00e9pica en Camp VACAYA. Del 26 de octubre al 2 de noviembre de 2025, nos instalaremos en el lujoso Hard Rock Hotel Vallarta para nuestra celebraci\u00f3n anual de Halloween y D\u00eda de Muertos. Esta escapada mexicana con todo incluido ofrece una relaci\u00f3n calidad-precio inigualable con alojamiento acogedor, comida y bebidas ilimitadas y un programa repleto de entretenimiento y experiencias sociales exclusivas de VACAYA. Desde voleibol de playa y yoga hasta piscinas frente al mar, aer\u00f3bic acu\u00e1tico y jacuzzis, encontrar\u00e1s el equilibrio perfecto entre relajaci\u00f3n y aventura. A esto le sumamos fiestas tem\u00e1ticas, presentaciones sorpresa y una comunidad c\u00e1lida y acogedora, y tendr\u00e1s unas vacaciones inolvidables al estilo Slay Rangers.    <\/p>\n<p>\u00a1RESERVA TU EXPERIENCIA SLAY RANGER EN CAMP VACAYA AHORA!  <\/p>\n<p><a class=\"btn-pink-inline\" href=\"https:\/\/www.myvacaya.com\/es\/trip\/resort-en-mexico-2025\/\"><span class=\"btn-inline-span\">M\u00c1S INFORMACI\u00d3N Y RESERVA AHORA<\/span><\/a>[\/et_pb_text][\/et_pb_column][\/et_pb_row][et_pb_row _builder_version=\u00bb4.23.4&#8243; _module_preset=\u00bbdefault\u00bb global_colors_info=\u00bb{}\u00bb][et_pb_column type=\u00bb4_4&#8243; _builder_version=\u00bb4.23.4&#8243; _module_preset=\u00bbdefault\u00bb global_colors_info=\u00bb{}\u00bb][et_pb_text admin_label=\u00bbSection Title &#8211; H2&#8243; _builder_version=\u00bb4.23.4&#8243; _module_preset=\u00bbdefault\u00bb text_letter_spacing=\u00bb1.8px\u00bb text_line_height=\u00bb22px\u00bb header_2_font=\u00bbFutura Bold|||on|||||\u00bb header_2_text_align=\u00bbcenter\u00bb header_2_text_color=\u00bb#000000&#8243; header_2_font_size=\u00bb30px\u00bb header_2_letter_spacing=\u00bb1.8px\u00bb header_2_line_height=\u00bb36px\u00bb header_3_font=\u00bbFutura Bold|||on|||||\u00bb header_3_text_align=\u00bbcenter\u00bb header_3_text_color=\u00bb#000000&#8243; header_3_font_size=\u00bb18px\u00bb header_3_letter_spacing=\u00bb1.8px\u00bb header_3_line_height=\u00bb24px\u00bb custom_margin=\u00bb||||false|false\u00bb custom_padding=\u00bb||||false|false\u00bb custom_padding_tablet=\u00bb||||false|false\u00bb custom_padding_phone=\u00bb||||false|false\u00bb custom_padding_last_edited=\u00bbon|phone\u00bb global_colors_info=\u00bb{}\u00bb]<\/p>\n<h2>\u00daNETE AL DISCORD<\/h2>\n<p>[\/et_pb_text][et_pb_text _builder_version=\u00bb4.23.4&#8243; _module_preset=\u00bbdefault\u00bb global_colors_info=\u00bb{}\u00bb]\u00a1La aventura empieza ya! Mientras nos preparamos para una experiencia de juego inolvidable en el Campamento VACAYA, puedes unirte a nosotros desde el principio en Discord para conectar con otros jugadores, charlar sobre tus juegos favoritos y enterarte de las \u00faltimas novedades sobre Slay Rangers. Desde juegos de mesa hasta Dungeons &amp; Dragons, eventos en vivo y mucho m\u00e1s, \u00a1lo pasar\u00e1s bomba!<br \/>\n\u00a1Haz clic a continuaci\u00f3n para unirte a la comunidad oficial de Discord de Slay Rangers, donde la diversi\u00f3n comienza hoy!<\/p>\n<p><a class=\"btn-pink-inline\" href=\"https:\/\/discord.com\/invite\/WUBSW2Ch4U\"><span class=\"btn-inline-span\">\u00a1\u00daNETE AL DISCORD DE SLAY RANGER!<\/span><\/a><\/p>\n<p>\u00a1Estamos ansiosos por conocerte y jugar contigo! [\/et_pb_text][\/et_pb_column][\/et_pb_row][\/et_pb_section]<\/p>\n","protected":false},"excerpt":{"rendered":"<p><div class=\"trip-overlay\"><div class=\"trip-title\"><h1>Fichas de viaje con t\u00edtulo: solo cruceros<\/h1><\/div><\/div>La aventura gay definitiva te espera en el campamento VACAYA<div class=\"et_pb_module dmpro_carousel dmpro_carousel_0\">\n\t\t\t\t\n\t\t\t\t\n\t\t\t\t\n\t\t\t\t\n\t\t\t\t\n\t\t\t\t\n\t\t\t\t<div class=\"et_pb_module_inner\">\n\t\t\t\t\t\n            <div class=\"dmpro-carousel-main\" data-columnsdesktop='2' data-columnstablet='3' data-columnsphone='1' data-spacebetween='35' data-spacebetween_tablet='35' data-spacebetween_phone='35' data-loop='on' data-speed='500' data-navigation='on' data-pagination='off' data-autoplay='on' data-autoplayspeed='5000' data-pauseonhover='off' data-effect='slide' data-rotate='50' data-dynamicbullets='on' data-ordernumber='0' data-centered='off' data-shadow='true'>\n                <div class=\"swiper swiper-dmpro-container\">\n                    <div class=\"swiper-wrapper dmpro-carousel-wrapper\">\n                        \n                    <\/div>\n                <\/div>\n                \n                <div class=\"swiper-button-next swiper-arrow-button dmpro-sbn0\" data-icon=\"&#x35;\"><\/div> \n                 <div class=\"swiper-button-prev swiper-arrow-button dmpro-sbp0\" data-icon=\"&#x34;\"><\/div>\n                 \n            <\/div>\n\t\t\t\t<\/div>\n\t\t\t<\/div><div class=\"et_pb_module dmpro_carousel_child dmpro_carousel_child_0\">\n\t\t\t\t\n\t\t\t\t\n\t\t\t\t\n\t\t\t\t\n\t\t\t\t\n\t\t\t\t\n\t\t\t\t<div class=\"et_pb_module_inner\">\n\t\t\t\t\t\n            <div class=\"dmpro-carousel-child-wrapper\">\n                <div class=\"dmpro-image-wrap\"><span class=\"dmpro-carousel-image\">\n                    <img decoding=\"async\" src=\"https:\/\/www.myvacaya.com\/wp-content\/uploads\/2025\/04\/1.-DD-Carousel.jpg\" alt=\"\"\/>\n                <\/span><\/div>\n                <div class=\"dmpro-carousel-item-content\">\n                    <h2 class=\"dmpro-carousel-item-title\">DD1<\/h2>\n                    \n                    <div class=\"dmpro-carousel-button-wrapper\">\n                        \n                    <\/div>\n                <\/div>\n            <\/div>\n\t\t\t\t<\/div>\n\t\t\t<\/div><div class=\"et_pb_module dmpro_carousel_child dmpro_carousel_child_1\">\n\t\t\t\t\n\t\t\t\t\n\t\t\t\t\n\t\t\t\t\n\t\t\t\t\n\t\t\t\t\n\t\t\t\t<div class=\"et_pb_module_inner\">\n\t\t\t\t\t\n            <div class=\"dmpro-carousel-child-wrapper\">\n                <div class=\"dmpro-image-wrap\"><span class=\"dmpro-carousel-image\">\n                    <img decoding=\"async\" src=\"https:\/\/www.myvacaya.com\/wp-content\/uploads\/2025\/04\/2.-DD-Carousel.jpg\" alt=\"\"\/>\n                <\/span><\/div>\n                <div class=\"dmpro-carousel-item-content\">\n                    <h2 class=\"dmpro-carousel-item-title\">DD2<\/h2>\n                    \n                    <div class=\"dmpro-carousel-button-wrapper\">\n                        \n                    <\/div>\n                <\/div>\n            <\/div>\n\t\t\t\t<\/div>\n\t\t\t<\/div><div class=\"et_pb_module dmpro_carousel_child dmpro_carousel_child_2\">\n\t\t\t\t\n\t\t\t\t\n\t\t\t\t\n\t\t\t\t\n\t\t\t\t\n\t\t\t\t\n\t\t\t\t<div class=\"et_pb_module_inner\">\n\t\t\t\t\t\n            <div class=\"dmpro-carousel-child-wrapper\">\n                <div class=\"dmpro-image-wrap\"><span class=\"dmpro-carousel-image\">\n                    <img decoding=\"async\" src=\"\" alt=\"\"\/>\n                <\/span><\/div>\n                <div class=\"dmpro-carousel-item-content\">\n                    \n                    \n                    <div class=\"dmpro-carousel-button-wrapper\">\n                        \n                    <\/div>\n                <\/div>\n            <\/div>\n\t\t\t\t<\/div>\n\t\t\t<\/div><\/p>\n","protected":false},"author":1,"featured_media":0,"parent":0,"menu_order":0,"comment_status":"closed","ping_status":"closed","template":"","meta":{"_acf_changed":false,"_et_pb_use_builder":"on","_et_pb_old_content":"","_et_gb_content_width":"","_monsterinsights_skip_tracking":false,"_monsterinsights_sitenote_active":false,"_monsterinsights_sitenote_note":"","_monsterinsights_sitenote_category":0,"footnotes":""},"class_list":["post-181182","page","type-page","status-publish","hentry"],"acf":[],"_links":{"self":[{"href":"https:\/\/www.myvacaya.com\/es\/wp-json\/wp\/v2\/pages\/181182","targetHints":{"allow":["GET"]}}],"collection":[{"href":"https:\/\/www.myvacaya.com\/es\/wp-json\/wp\/v2\/pages"}],"about":[{"href":"https:\/\/www.myvacaya.com\/es\/wp-json\/wp\/v2\/types\/page"}],"author":[{"embeddable":true,"href":"https:\/\/www.myvacaya.com\/es\/wp-json\/wp\/v2\/users\/1"}],"replies":[{"embeddable":true,"href":"https:\/\/www.myvacaya.com\/es\/wp-json\/wp\/v2\/comments?post=181182"}],"version-history":[{"count":6,"href":"https:\/\/www.myvacaya.com\/es\/wp-json\/wp\/v2\/pages\/181182\/revisions"}],"predecessor-version":[{"id":181376,"href":"https:\/\/www.myvacaya.com\/es\/wp-json\/wp\/v2\/pages\/181182\/revisions\/181376"}],"wp:attachment":[{"href":"https:\/\/www.myvacaya.com\/es\/wp-json\/wp\/v2\/media?parent=181182"}],"curies":[{"name":"wp","href":"https:\/\/api.w.org\/{rel}","templated":true}]}}