{"id":154599,"date":"2024-06-15T05:04:58","date_gmt":"2024-06-15T09:04:58","guid":{"rendered":"https:\/\/www.myvacaya.com\/politicas-de-formacion-de-grupos-sociales-privados\/"},"modified":"2024-06-15T05:05:16","modified_gmt":"2024-06-15T09:05:16","slug":"politicas-de-formacion-de-grupos-sociales-privados","status":"publish","type":"page","link":"https:\/\/www.myvacaya.com\/es\/politicas-de-formacion-de-grupos-sociales-privados\/","title":{"rendered":"Pol\u00edticas de formaci\u00f3n de grupos sociales privados"},"content":{"rendered":"<p style=\"font-weight: 400;\"><strong>Formaci\u00f3n de grupos sociales privados  <\/strong><\/p>\n<p style=\"font-weight: 400;\">Si bien creemos que <a href=\"https:\/\/www.facebook.com\/groups\/238279406908419\/\" target=\"_blank\" rel=\"noopener\"><strong>VACAYA LGBTQ+ Super Fan Group<\/strong><\/a> es una salida ideal para el debate y la construcci\u00f3n de comunidades, reconocemos que algunos de ustedes a\u00fan pueden querer conectarse en sus propios grupos sociales privados. Eso es comprensible. Sin embargo, hay algunas cosas que querr\u00e1s considerar (m\u00e1s all\u00e1 de las complejidades que hemos expuesto en nuestro blog Alejarse de Facebook) que te ayudar\u00e1n a mantenerte al d\u00eda con VACAYA si eliges lanzar tu propio grupo social:<\/p>\n<ul style=\"font-weight: 400;\">\n<li>Obviamente, estamos encantados de tener fans entusiastas y queremos asegurarnos de que todos disfruten de su tiempo en la comunidad. Para mantener la transparencia, incluya lo siguiente en la biograf\u00eda de su grupo: <strong><em>\u201cEste grupo no est\u00e1 afiliado a VACAYA. Cualquier punto de vista contenido en este documento no representa los puntos de vista de la empresa\u201d.<\/em><\/strong><\/li>\n<li>No utilices \u00edconos (por ejemplo, \u2705) que puedan inducir a error a las personas a creer que est\u00e1s representando oficialmente a VACAYA.<\/li>\n<li>No utilice marcas comerciales de VACAYA, incluido, entre otros, el nombre \u00abVACAYA\u00bb, el logotipo de VACAYA o cualquier otro elemento de marca asociado en el t\u00edtulo, la descripci\u00f3n o las im\u00e1genes del grupo. Esta pol\u00edtica se aplica a todas las formas de redes sociales y comunidades en l\u00ednea.<\/li>\n<\/ul>\n<p>&nbsp;<\/p>\n<p style=\"font-weight: 400;\"><strong>Las razones de esta pol\u00edtica<\/strong><\/p>\n<ul style=\"font-weight: 400;\">\n<li><strong>Integridad y coherencia de la marca:<\/strong> la marca VACAYA promete calidad, inclusi\u00f3n y experiencias de viaje LGBTQ+ \u00fanicas. El uso no autorizado de marcas comerciales puede crear inconsistencias y enga\u00f1ar a las personas, por lo que nuestro objetivo es garantizar una comprensi\u00f3n clara y coherente de nuestra marca y nuestros valores.<\/li>\n<li><strong>Consideraciones legales:<\/strong> el uso no autorizado de marcas comerciales puede generar problemas legales. Esta pol\u00edtica existe para proteger tanto a VACAYA como a sus hu\u00e9spedes de cualquier posible complicaci\u00f3n legal relacionada con los derechos de propiedad intelectual.<\/li>\n<li><strong>Experiencia del cliente:<\/strong> al garantizar que todas las comunidades y comunicaciones oficiales sean administradas por VACAYA, podemos brindar una experiencia al cliente consistente y de alta calidad. De esta manera, los hu\u00e9spedes reciben informaci\u00f3n precisa y apoyo directamente del V Team, asegurando que sus necesidades se satisfagan de manera efectiva.<\/li>\n<\/ul>\n<p>&nbsp;<\/p>\n<p style=\"font-weight: 400;\"><strong>Sugerencias para t\u00edtulos de grupos personales<\/strong><\/p>\n<p style=\"font-weight: 400;\">Si bien se anima a los hu\u00e9spedes a conectarse con otros viajeros, deben hacerlo sin utilizar el nombre de VACAYA. Aqu\u00ed hay algunas sugerencias alternativas para nombrar grupos personales:<\/p>\n<ul style=\"font-weight: 400;\">\n<li>\u00abCompa\u00f1eros de viaje queer\u00bb<\/li>\n<li>\u00abViajeros del arco iris\u00bb<\/li>\n<li>\u201cGrupo de cruceros por el Caribe 2025 \u2013 Fechas del crucero\u201d<\/li>\n<li>\u201cGrupo de cruceros de hombres gay\u201d<\/li>\n<\/ul>\n<p style=\"font-weight: 400;\">Estos t\u00edtulos permiten a las personas crear grupos significativos e identificables sin infringir las marcas comerciales de VACAYA. Al respetar esta pol\u00edtica, los hu\u00e9spedes ayudan a proteger la integridad de la marca VACAYA y contribuyen a una experiencia comunitaria positiva y unificada.<\/p>\n<p>&nbsp;<\/p>\n<p style=\"font-weight: 400;\"><strong>Implementaci\u00f3n<\/strong><\/p>\n<ol style=\"font-weight: 400;\">\n<li><strong>Comunicaci\u00f3n<\/strong> : esta pol\u00edtica se comunicar\u00e1 a todos los hu\u00e9spedes a trav\u00e9s de nuestras redes sociales, sitio web y otras comunicaciones para hu\u00e9spedes.<\/li>\n<li><strong>Monitoreo<\/strong> : VACAYA monitorear\u00e1 las plataformas de redes sociales y las comunidades en l\u00ednea para garantizar el cumplimiento de nuestras pol\u00edticas establecidas.<\/li>\n<li><strong>Aplicaci\u00f3n<\/strong> : A los grupos que infrinjan esta pol\u00edtica se les solicitar\u00e1 que cambien su nombre y\/o eliminen cualquier marca comercial de VACAYA. El incumplimiento puede dar lugar a acciones legales.<\/li>\n<\/ol>\n<p style=\"font-weight: 400;\">Al adherirse a esta pol\u00edtica, usted apoya el \u00e9xito continuo y la integridad de VACAYA, garantizando una experiencia clara, coherente y de alta calidad para todos.<\/p>\n<p style=\"font-weight: 400;\">Si tiene alguna pregunta sobre esta pol\u00edtica o desea que intervengamos en alguna decisi\u00f3n, simplemente env\u00ede un correo electr\u00f3nico <a href=\"mailto:marketing@myvacaya.com\" target=\"_blank\" rel=\"noopener\">a marketing@myvacaya.com<\/a> y nos comunicaremos con usted lo antes posible.<\/p>\n","protected":false},"excerpt":{"rendered":"<p>Formaci\u00f3n de grupos sociales privados Si bien creemos que VACAYA LGBTQ+ Super Fan Group es una salida ideal para el debate y la construcci\u00f3n de comunidades, reconocemos que algunos de ustedes a\u00fan pueden querer conectarse en sus propios grupos sociales privados. Eso es comprensible. Sin embargo, hay algunas cosas que querr\u00e1s considerar (m\u00e1s all\u00e1 de [&hellip;]<\/p>\n","protected":false},"author":4,"featured_media":0,"parent":0,"menu_order":0,"comment_status":"closed","ping_status":"closed","template":"","meta":{"_acf_changed":false,"_et_pb_use_builder":"","_et_pb_old_content":"","_et_gb_content_width":"","_monsterinsights_skip_tracking":false,"_monsterinsights_sitenote_active":false,"_monsterinsights_sitenote_note":"","_monsterinsights_sitenote_category":0,"footnotes":""},"class_list":["post-154599","page","type-page","status-publish","hentry"],"acf":[],"_links":{"self":[{"href":"https:\/\/www.myvacaya.com\/es\/wp-json\/wp\/v2\/pages\/154599","targetHints":{"allow":["GET"]}}],"collection":[{"href":"https:\/\/www.myvacaya.com\/es\/wp-json\/wp\/v2\/pages"}],"about":[{"href":"https:\/\/www.myvacaya.com\/es\/wp-json\/wp\/v2\/types\/page"}],"author":[{"embeddable":true,"href":"https:\/\/www.myvacaya.com\/es\/wp-json\/wp\/v2\/users\/4"}],"replies":[{"embeddable":true,"href":"https:\/\/www.myvacaya.com\/es\/wp-json\/wp\/v2\/comments?post=154599"}],"version-history":[{"count":1,"href":"https:\/\/www.myvacaya.com\/es\/wp-json\/wp\/v2\/pages\/154599\/revisions"}],"predecessor-version":[{"id":154605,"href":"https:\/\/www.myvacaya.com\/es\/wp-json\/wp\/v2\/pages\/154599\/revisions\/154605"}],"wp:attachment":[{"href":"https:\/\/www.myvacaya.com\/es\/wp-json\/wp\/v2\/media?parent=154599"}],"curies":[{"name":"wp","href":"https:\/\/api.w.org\/{rel}","templated":true}]}}