{"id":149305,"date":"2024-04-01T10:29:25","date_gmt":"2024-04-01T14:29:25","guid":{"rendered":"https:\/\/www.myvacaya.com\/descubrir\/inclusion-lgbt\/"},"modified":"2024-04-22T08:01:30","modified_gmt":"2024-04-22T12:01:30","slug":"inclusion-lgbt","status":"publish","type":"page","link":"https:\/\/www.myvacaya.com\/es\/descubrir\/inclusion-lgbt\/","title":{"rendered":"Inclusi\u00f3n LGBT+"},"content":{"rendered":"<p>[et_pb_section fb_built=\u00bb1&#8243; fullwidth=\u00bbon\u00bb admin_label=\u00bbSlider\u00bb module_id=\u00bbdeslizador-secci\u00f3n-interior\u00bb _builder_version=\u00bb4.17.6&#8243; _module_preset=\u00bbdefault\u00bb background_enable_image=\u00bboff\u00bb global_colors_info=\u00bb{}\u00bb][et_pb_fullwidth_code admin_label=\u00bbSlider Overlay\u00bb module_class=\u00bbinterior-page-overlay\u00bb _builder_version=\u00bb4.17.6&#8243; _module_preset=\u00bbdefault\u00bb positioning=\u00bbabsolute\u00bb position_origin_a=\u00bbtop_right\u00bb position_origin_f=\u00bbtop_right\u00bb z_index=\u00bb100&#8243; width=\u00bb50%\u00bb width_tablet=\u00bb50%\u00bb width_phone=\u00bb100%\u00bb width_last_edited=\u00bbon|phone\u00bb height=\u00bb100vh\u00bb global_colors_info=\u00bb{}\u00bb]<div class=\"trip-overlay\"><div class=\"trip-title\"><h1>Inclusi\u00f3n LGBT+<\/h1><\/div><\/div>[\/et_pb_fullwidth_code][et_pb_fullwidth_slider show_arrows=\u00bboff\u00bb admin_label=\u00bbSlider Images\u00bb module_id=\u00bbslider-images\u00bb _builder_version=\u00bb4.23.4&#8243; _module_preset=\u00bbdefault\u00bb height=\u00bb100vh\u00bb auto=\u00bbon\u00bb global_colors_info=\u00bb{}\u00bb][et_pb_slide _builder_version=\u00bb4.23.4&#8243; _module_preset=\u00bbdefault\u00bb background_color=\u00bbRGBA(255,255,255,0)\u00bb background_enable_color=\u00bbon\u00bb background_image=\u00bbhttps:\/\/www.myvacaya.com\/wp-content\/uploads\/2024\/04\/Hero-Desktop-LGBT-Inclusivity.jpg\u00bb background_enable_image=\u00bbon\u00bb background_last_edited=\u00bbon|phone\u00bb background_image_phone=\u00bbhttps:\/\/www.myvacaya.com\/wp-content\/uploads\/2024\/04\/Hero-mobile-LGBT-Inclusivity.jpg\u00bb background_enable_image_phone=\u00bbon\u00bb global_colors_info=\u00bb{}\u00bb sticky_transition=\u00bbon\u00bb][\/et_pb_slide][\/et_pb_fullwidth_slider][\/et_pb_section][et_pb_section fb_built=\u00bb1&#8243; custom_padding_last_edited=\u00bbon|desktop\u00bb _builder_version=\u00bb4.23.4&#8243; _module_preset=\u00bbdefault\u00bb custom_padding=\u00bb||||false|false\u00bb custom_padding_tablet=\u00bb||||false|false\u00bb custom_padding_phone=\u00bb||||false|false\u00bb global_colors_info=\u00bb{}\u00bb][et_pb_row _builder_version=\u00bb4.17.6&#8243; _module_preset=\u00bbdefault\u00bb custom_padding=\u00bb||0%||false|false\u00bb global_colors_info=\u00bb{}\u00bb][et_pb_column type=\u00bb4_4&#8243; _builder_version=\u00bb4.17.6&#8243; _module_preset=\u00bbdefault\u00bb global_colors_info=\u00bb{}\u00bb][et_pb_text admin_label=\u00bbSection Title &#8211; H3&#8243; _builder_version=\u00bb4.23.4&#8243; _module_preset=\u00bbdefault\u00bb header_3_font=\u00bbFutura Bold|||on|||||\u00bb header_3_text_align=\u00bbcenter\u00bb header_3_text_color=\u00bb#000000&#8243; header_3_font_size=\u00bb18px\u00bb header_3_letter_spacing=\u00bb1.8px\u00bb header_3_line_height=\u00bb24px\u00bb custom_margin=\u00bb||||false|false\u00bb custom_margin_tablet=\u00bb||||false|false\u00bb custom_margin_phone=\u00bb||||false|false\u00bb custom_margin_last_edited=\u00bbon|phone\u00bb custom_padding=\u00bb||||false|false\u00bb global_colors_info=\u00bb{}\u00bb]<\/p>\n<h3>\u00a1VACAYA es la empresa de vacaciones LGBT+ M\u00c1S inclusiva del planeta!<\/h3>\n<p>[\/et_pb_text][et_pb_text _builder_version=\u00bb4.23.4&#8243; _module_preset=\u00bbdefault\u00bb hover_enabled=\u00bb0&#8243; global_colors_info=\u00bb{}\u00bb sticky_enabled=\u00bb0&#8243;]<\/p>\n<p>VACAYA no es s\u00f3lo una empresa de vacaciones promedio. Somos los m\u00e1ximos defensores de la inclusi\u00f3n y ponemos el list\u00f3n muy alto para que todos se sientan valorados y aceptados. VACAYA ha establecido un est\u00e1ndar completamente nuevo para la diversidad, dando la bienvenida a todas las orientaciones sexuales e identidades de g\u00e9nero.<\/p>\n<p>A diferencia de otras empresas, el compromiso de VACAYA con la inclusi\u00f3n no es solo una casilla de verificaci\u00f3n: est\u00e1 arraigado en todos los aspectos de nuestra operaci\u00f3n. Todo comienza con las empresas con las que elegimos colaborar y los miembros del equipo que contratamos. Sus corazones y mentes est\u00e1n alineados con la misi\u00f3n de VACAYA y reflejan la diversidad de nuestra comunidad en casi todos los sentidos.<\/p>\n<p>Pero nuestra dedicaci\u00f3n va mucho m\u00e1s all\u00e1 de la mera representaci\u00f3n; se trata de crear conexiones genuinas, fomentar la comprensi\u00f3n y celebrar el hermoso tapiz de la humanidad. Lo logramos desarrollando programaci\u00f3n que atienda a un espectro completo de orientaciones e identidades. VACAYA asegura que cada viajero, independientemente de a qui\u00e9n ame o c\u00f3mo se identifique, encuentre un espacio donde pueda ser \u00e9l mismo. Una vez que se forman esos v\u00ednculos iniciales, VACAYA re\u00fane a grupos con ideas afines en celebraciones m\u00e1s amplias durante las vacaciones.<\/p>\n<p>Cuando nos referimos a personas con ideas afines, no estamos sugiriendo que todos en nuestras vacaciones tengan que suscribirse a UN conjunto de creencias. Pero si crees <em>que el amor es amor<\/em> y dejas espacio para diferentes puntos de vista, \u00a1VACAYA es para ti!<\/p>\n<p>En un mundo donde la inclusi\u00f3n es primordial, VACAYA brilla como un faro de aceptaci\u00f3n, convirti\u00e9ndola no solo en una empresa de vacaciones, sino en una experiencia transformadora a la que <em>todos<\/em> pertenecen. Entonces, ya sea que vayas a la playa con tu pareja, tu tripulaci\u00f3n o vuele solo, VACAYA te respalda. \u00a1Con VACAYA, no solo est\u00e1s reservando unas vacaciones, sino que te unes a una familia que se dedica a difundir amor y alegr\u00eda dondequiera que vayamos!<\/p>\n<p>Pero no conf\u00ede en nuestra palabra&#8230;<\/p>\n<p>[\/et_pb_text][\/et_pb_column][\/et_pb_row][et_pb_row _builder_version=\u00bb4.17.6&#8243; _module_preset=\u00bbdefault\u00bb custom_padding=\u00bb||0%||false|false\u00bb global_colors_info=\u00bb{}\u00bb][et_pb_column type=\u00bb4_4&#8243; _builder_version=\u00bb4.17.6&#8243; _module_preset=\u00bbdefault\u00bb global_colors_info=\u00bb{}\u00bb][et_pb_text admin_label=\u00bbSection Title &#8211; H3&#8243; _builder_version=\u00bb4.23.4&#8243; _module_preset=\u00bbdefault\u00bb header_3_font=\u00bbFutura Bold|||on|||||\u00bb header_3_text_align=\u00bbcenter\u00bb header_3_text_color=\u00bb#000000&#8243; header_3_font_size=\u00bb18px\u00bb header_3_letter_spacing=\u00bb1.8px\u00bb header_3_line_height=\u00bb24px\u00bb custom_margin=\u00bb||||false|false\u00bb custom_margin_tablet=\u00bb||||false|false\u00bb custom_margin_phone=\u00bb||||false|false\u00bb custom_margin_last_edited=\u00bbon|phone\u00bb custom_padding=\u00bb||||false|false\u00bb global_colors_info=\u00bb{}\u00bb]<\/p>\n<h3>Vea lo que dice la gente sobre VACAYA<\/h3>\n<p>[\/et_pb_text][\/et_pb_column][\/et_pb_row][et_pb_row custom_padding_last_edited=\u00bbon|desktop\u00bb _builder_version=\u00bb4.17.6&#8243; _module_preset=\u00bbdefault\u00bb custom_padding=\u00bb||0%||false|false\u00bb custom_padding_tablet=\u00bb\u00bb custom_padding_phone=\u00bb||||false|false\u00bb global_colors_info=\u00bb{}\u00bb][et_pb_column type=\u00bb4_4&#8243; _builder_version=\u00bb4.17.4&#8243; _module_preset=\u00bbdefault\u00bb global_colors_info=\u00bb{}\u00bb][et_pb_text _builder_version=\u00bb4.23.4&#8243; _module_preset=\u00bbdefault\u00bb global_colors_info=\u00bb{}\u00bb]<\/p>\n<p>&nbsp;<\/p>\n<p><strong>CONOCE A CHRISTOPH \u2013 Se identifica como \u00c9l\/\u00c9l<\/strong><br \/><em>\u201cNo se trata s\u00f3lo de alimentos y bebidas inclusivos, se trata de una comunidad inclusiva\u201d<\/em><\/p>\n<p>[\/et_pb_text][et_pb_image src=\u00bbhttps:\/\/www.myvacaya.com\/wp-content\/uploads\/2024\/04\/Most-Inclusive-Company-Video-Thumbnail-Christoph.jpg\u00bb title_text=\u00bbMiniatura del v\u00eddeo de la empresa m\u00e1s inclusiva: Christoph\u00bb show_bottom_space=\u00bboff\u00bb force_fullwidth=\u00bbon\u00bb admin_label=\u00bbVideo Thumbnail\u00bb module_class=\u00bbpopmake-149174&#8243; _builder_version=\u00bb4.23.4&#8243; _module_preset=\u00bbdefault\u00bb scroll_fade_enable=\u00bbon\u00bb global_colors_info=\u00bb{}\u00bb][\/et_pb_image][\/et_pb_column][\/et_pb_row][et_pb_row custom_padding_last_edited=\u00bbon|desktop\u00bb _builder_version=\u00bb4.17.6&#8243; _module_preset=\u00bbdefault\u00bb custom_padding=\u00bb||0%||false|false\u00bb custom_padding_tablet=\u00bb\u00bb custom_padding_phone=\u00bb||||false|false\u00bb global_colors_info=\u00bb{}\u00bb][et_pb_column type=\u00bb4_4&#8243; _builder_version=\u00bb4.17.4&#8243; _module_preset=\u00bbdefault\u00bb global_colors_info=\u00bb{}\u00bb][et_pb_text _builder_version=\u00bb4.23.4&#8243; _module_preset=\u00bbdefault\u00bb global_colors_info=\u00bb{}\u00bb]<\/p>\n<p>&nbsp;<\/p>\n<p>&nbsp;<\/p>\n<p><strong>CONOCE A JUDE \u2013 Se identifica como Ellos\/Ellos<\/strong><br \/><em>\u201cComo Hombre Trans en VACAYA, he vivido un paso revolucionario en t\u00e9rminos de inclusi\u00f3n\u2026 he hecho amigos\u201d.<\/em><\/p>\n<p>[\/et_pb_text][et_pb_image src=\u00bbhttps:\/\/www.myvacaya.com\/wp-content\/uploads\/2024\/04\/Most-Inclusive-Company-Video-Thumbnail-Jude.jpg\u00bb title_text=\u00bbMiniatura del v\u00eddeo de empresa m\u00e1s inclusivo: Jude\u00bb show_bottom_space=\u00bboff\u00bb force_fullwidth=\u00bbon\u00bb admin_label=\u00bbVideo Thumbnail\u00bb module_class=\u00bbpopmake-149200&#8243; _builder_version=\u00bb4.23.4&#8243; _module_preset=\u00bbdefault\u00bb scroll_fade_enable=\u00bbon\u00bb global_colors_info=\u00bb{}\u00bb][\/et_pb_image][\/et_pb_column][\/et_pb_row][et_pb_row custom_padding_last_edited=\u00bbon|desktop\u00bb _builder_version=\u00bb4.17.6&#8243; _module_preset=\u00bbdefault\u00bb custom_padding=\u00bb||0%||false|false\u00bb custom_padding_tablet=\u00bb\u00bb custom_padding_phone=\u00bb||||false|false\u00bb global_colors_info=\u00bb{}\u00bb][et_pb_column type=\u00bb4_4&#8243; _builder_version=\u00bb4.17.4&#8243; _module_preset=\u00bbdefault\u00bb global_colors_info=\u00bb{}\u00bb][et_pb_text _builder_version=\u00bb4.23.4&#8243; _module_preset=\u00bbdefault\u00bb global_colors_info=\u00bb{}\u00bb]<\/p>\n<p>&nbsp;<\/p>\n<p>&nbsp;<\/p>\n<p><strong>CONOCE A ALLYSE \u2013 Se identifica como ella\/ella<\/strong><br \/><em>\u00abVACAYA satisface las verdaderas necesidades de todos los miembros de la comunidad LGBTQ&#8230; donde podemos relajarnos, recargarnos y tener conversaciones profundas y significativas\u00bb.<\/em><\/p>\n<p>[\/et_pb_text][et_pb_image src=\u00bbhttps:\/\/www.myvacaya.com\/wp-content\/uploads\/2024\/04\/Most-Inclusive-Company-Video-Thumbnail-Alysse.jpg\u00bb title_text=\u00bbMiniatura del v\u00eddeo de empresa m\u00e1s inclusivo: Alysse\u00bb show_bottom_space=\u00bboff\u00bb force_fullwidth=\u00bbon\u00bb admin_label=\u00bbVideo Thumbnail\u00bb module_class=\u00bbpopmake-149226&#8243; _builder_version=\u00bb4.23.4&#8243; _module_preset=\u00bbdefault\u00bb scroll_fade_enable=\u00bbon\u00bb global_colors_info=\u00bb{}\u00bb][\/et_pb_image][\/et_pb_column][\/et_pb_row][et_pb_row _builder_version=\u00bb4.17.6&#8243; _module_preset=\u00bbdefault\u00bb custom_padding=\u00bb||0%||false|false\u00bb global_colors_info=\u00bb{}\u00bb][et_pb_column type=\u00bb4_4&#8243; _builder_version=\u00bb4.17.6&#8243; _module_preset=\u00bbdefault\u00bb global_colors_info=\u00bb{}\u00bb][et_pb_text admin_label=\u00bbSection Title &#8211; H3&#8243; _builder_version=\u00bb4.23.4&#8243; _module_preset=\u00bbdefault\u00bb header_3_font=\u00bbFutura Bold|||on|||||\u00bb header_3_text_align=\u00bbcenter\u00bb header_3_text_color=\u00bb#000000&#8243; header_3_font_size=\u00bb18px\u00bb header_3_letter_spacing=\u00bb1.8px\u00bb header_3_line_height=\u00bb24px\u00bb custom_margin=\u00bb||||false|false\u00bb custom_margin_tablet=\u00bb||||false|false\u00bb custom_margin_phone=\u00bb||||false|false\u00bb custom_margin_last_edited=\u00bbon|phone\u00bb custom_padding=\u00bb||||false|false\u00bb global_colors_info=\u00bb{}\u00bb]<\/p>\n<h3> <\/h3>\n<h3> <\/h3>\n<h3> <\/h3>\n<h3>Vea lo que dicen los medios sobre VACAYA<\/h3>\n<p>[\/et_pb_text][\/et_pb_column][\/et_pb_row][et_pb_row custom_padding_last_edited=\u00bbon|desktop\u00bb _builder_version=\u00bb4.17.6&#8243; _module_preset=\u00bbdefault\u00bb custom_padding=\u00bb||0%||false|false\u00bb custom_padding_tablet=\u00bb\u00bb custom_padding_phone=\u00bb||||false|false\u00bb global_colors_info=\u00bb{}\u00bb][et_pb_column type=\u00bb4_4&#8243; _builder_version=\u00bb4.17.4&#8243; _module_preset=\u00bbdefault\u00bb global_colors_info=\u00bb{}\u00bb][et_pb_text _builder_version=\u00bb4.23.4&#8243; _module_preset=\u00bbdefault\u00bb global_colors_info=\u00bb{}\u00bb]<\/p>\n<p>&nbsp;<\/p>\n<p><strong>IVAN QUINTANILLA \u2013 EDGE Media \u2013 Se identifica como \u00c9l\/\u00c9l<\/strong><br \/><em>\u201c\u00bfPuedes pintar con todos los colores del viento? Bueno, resulta que \u00a1VACAYA puede! \u2026Incluso con la extensa programaci\u00f3n que VACAYA crea para todos los colores de nuestro espectro LGBTQIAPK, es la amabilidad de la comunidad de VACAYA la que demuestra ser su mayor activo\u201d.<\/em><\/p>\n<p>[\/et_pb_text][et_pb_image src=\u00bbhttps:\/\/www.myvacaya.com\/wp-content\/uploads\/2024\/04\/Most-Inclusive-Company-Video-Thumbnail-Ivan-from-EDGE-Media.jpg\u00bb title_text=\u00bbMiniatura del v\u00eddeo de la empresa m\u00e1s inclusiva: Ivan de EDGE Media\u00bb show_bottom_space=\u00bboff\u00bb force_fullwidth=\u00bbon\u00bb admin_label=\u00bbVideo Thumbnail\u00bb module_class=\u00bbpopmake-149252&#8243; _builder_version=\u00bb4.23.4&#8243; _module_preset=\u00bbdefault\u00bb scroll_fade_enable=\u00bbon\u00bb global_colors_info=\u00bb{}\u00bb][\/et_pb_image][et_pb_text _builder_version=\u00bb4.23.4&#8243; _module_preset=\u00bbdefault\u00bb global_colors_info=\u00bb{}\u00bb]<\/p>\n<p>&nbsp;<\/p>\n<p style=\"text-align: center;\"><a class=\"btn-pink-inline\" href=\"https:\/\/www.edgemedianetwork.com\/story\/332322\" target=\"_blank\" rel=\"noopener\"><span class=\"btn-inside\">LEER RESE\u00d1A COMPLETA<\/span><\/a><\/p>\n<p>[\/et_pb_text][\/et_pb_column][\/et_pb_row][et_pb_row custom_padding_last_edited=\u00bbon|desktop\u00bb _builder_version=\u00bb4.17.6&#8243; _module_preset=\u00bbdefault\u00bb custom_padding=\u00bb||0%||false|false\u00bb custom_padding_tablet=\u00bb\u00bb custom_padding_phone=\u00bb||||false|false\u00bb global_colors_info=\u00bb{}\u00bb][et_pb_column type=\u00bb4_4&#8243; _builder_version=\u00bb4.17.4&#8243; _module_preset=\u00bbdefault\u00bb global_colors_info=\u00bb{}\u00bb][et_pb_text _builder_version=\u00bb4.23.4&#8243; _module_preset=\u00bbdefault\u00bb global_colors_info=\u00bb{}\u00bb]<\/p>\n<p>Ya sea que est\u00e9 buscando una escapada a la playa llena de sol, una escapada rom\u00e1ntica o una expedici\u00f3n llena de diversi\u00f3n, VACAYA es su compa\u00f1ero experto en viajes. \u00danase a nosotros para crear recuerdos que trasciendan fronteras, redefinan las vacaciones y fomenten conexiones que durar\u00e1n toda la vida. Las vacaciones de tus sue\u00f1os te esperan. \u00a1Ven, hag\u00e1moslas extraordinarias juntos!<\/p>\n<p>[\/et_pb_text][\/et_pb_column][\/et_pb_row][\/et_pb_section][et_pb_section fb_built=\u00bb1&#8243; admin_label=\u00bbBlog Trip Tiles\u00bb _builder_version=\u00bb4.17.6&#8243; _module_preset=\u00bbdefault\u00bb global_colors_info=\u00bb{}\u00bb][et_pb_row _builder_version=\u00bb4.23.4&#8243; _module_preset=\u00bbdefault\u00bb global_colors_info=\u00bb{}\u00bb][et_pb_column type=\u00bb4_4&#8243; _builder_version=\u00bb4.17.6&#8243; _module_preset=\u00bbdefault\u00bb global_colors_info=\u00bb{}\u00bb][et_pb_divider color=\u00bb#000000&#8243; divider_position=\u00bbcenter\u00bb _builder_version=\u00bb4.17.6&#8243; _module_preset=\u00bbdefault\u00bb global_colors_info=\u00bb{}\u00bb][\/et_pb_divider][\/et_pb_column][\/et_pb_row][et_pb_row _builder_version=\u00bb4.17.6&#8243; _module_preset=\u00bbdefault\u00bb global_colors_info=\u00bb{}\u00bb][et_pb_column type=\u00bb4_4&#8243; _builder_version=\u00bb4.17.6&#8243; _module_preset=\u00bbdefault\u00bb global_colors_info=\u00bb{}\u00bb][et_pb_text admin_label=\u00bbSection Title &#8211; H3&#8243; _builder_version=\u00bb4.23.4&#8243; _module_preset=\u00bbdefault\u00bb header_3_font=\u00bbFutura Bold|||on|||||\u00bb header_3_text_align=\u00bbcenter\u00bb header_3_text_color=\u00bb#000000&#8243; header_3_font_size=\u00bb18px\u00bb header_3_letter_spacing=\u00bb1.8px\u00bb header_3_line_height=\u00bb24px\u00bb custom_margin=\u00bb||||false|false\u00bb custom_margin_tablet=\u00bb||||false|false\u00bb custom_margin_phone=\u00bb||||false|false\u00bb custom_margin_last_edited=\u00bbon|phone\u00bb custom_padding=\u00bb||||false|false\u00bb global_colors_info=\u00bb{}\u00bb]<\/p>\n<h3>ENTONCES \u00bfQU\u00c9 EST\u00c1S ESPERANDO?  <\/p>\n<p>\u00a1MIRA LAS VACACIONES LGBT+ M\u00c1S INCLUSIVAS DEL PLANETA!<\/h3>\n<p>[\/et_pb_text][\/et_pb_column][\/et_pb_row][et_pb_row _builder_version=\u00bb4.17.6&#8243; _module_preset=\u00bbdefault\u00bb global_colors_info=\u00bb{}\u00bb][et_pb_column type=\u00bb4_4&#8243; _builder_version=\u00bb4.17.6&#8243; _module_preset=\u00bbdefault\u00bb global_colors_info=\u00bb{}\u00bb][et_pb_text _builder_version=\u00bb4.17.6&#8243; _module_preset=\u00bbdefault\u00bb global_colors_info=\u00bb{}\u00bb]<div id=\"ajax-load-more\" class=\"ajax-load-more-wrap default\" data-id=\"experience-items\" data-alm-id=\"\" data-canonical-url=\"https:\/\/www.myvacaya.com\/es\/descubrir\/inclusion-lgbt\/\" data-slug=\"inclusion-lgbt\" data-post-id=\"149305\"  data-localized=\"ajax_load_more_experience_items_vars\" data-alm-object=\"ajax_load_more_experience_items\"><ul aria-live=\"polite\" aria-atomic=\"true\" class=\"alm-listing alm-ajax\" data-container-type=\"ul\" data-loading-style=\"default\" data-repeater=\"template_1\" data-post-type=\"trip\" data-meta-key=\"show_trip_tile\" data-meta-value=\"1\" data-custom-args=\"post_parent: 0\" data-order=\"ASC\" data-orderby=\"date\" data-offset=\"0\" data-posts-per-page=\"20\" data-lang=\"es\" data-scroll=\"false\" data-button-label=\"Load More\" data-prev-button-label=\"Load Previous\" data-destroy-after=\"1\"><\/ul><div class=\"alm-btn-wrap\" data-rel=\"ajax-load-more\"><button class=\"alm-load-more-btn\" type=\"button\">Load More<\/button><\/div><\/div>[\/et_pb_text][\/et_pb_column][\/et_pb_row][\/et_pb_section]<\/p>\n","protected":false},"excerpt":{"rendered":"<p><div class=\"trip-overlay\"><div class=\"trip-title\"><h1>Fichas de viaje con t\u00edtulo: solo cruceros<\/h1><\/div><\/div>\u00a1VACAYA es la empresa de vacaciones LGBT+ M\u00c1S inclusiva del planeta!VACAYA no es s\u00f3lo una empresa de vacaciones promedio. Somos los m\u00e1ximos defensores de la inclusi\u00f3n y ponemos el list\u00f3n muy alto para que todos se sientan valorados y aceptados. VACAYA ha establecido un est\u00e1ndar completamente nuevo para la diversidad, dando la bienvenida a todas [&hellip;]<\/p>\n","protected":false},"author":1,"featured_media":0,"parent":62519,"menu_order":0,"comment_status":"closed","ping_status":"closed","template":"","meta":{"_acf_changed":false,"_et_pb_use_builder":"on","_et_pb_old_content":"","_et_gb_content_width":"","_monsterinsights_skip_tracking":false,"_monsterinsights_sitenote_active":false,"_monsterinsights_sitenote_note":"","_monsterinsights_sitenote_category":0,"footnotes":""},"class_list":["post-149305","page","type-page","status-publish","hentry"],"acf":[],"_links":{"self":[{"href":"https:\/\/www.myvacaya.com\/es\/wp-json\/wp\/v2\/pages\/149305","targetHints":{"allow":["GET"]}}],"collection":[{"href":"https:\/\/www.myvacaya.com\/es\/wp-json\/wp\/v2\/pages"}],"about":[{"href":"https:\/\/www.myvacaya.com\/es\/wp-json\/wp\/v2\/types\/page"}],"author":[{"embeddable":true,"href":"https:\/\/www.myvacaya.com\/es\/wp-json\/wp\/v2\/users\/1"}],"replies":[{"embeddable":true,"href":"https:\/\/www.myvacaya.com\/es\/wp-json\/wp\/v2\/comments?post=149305"}],"version-history":[{"count":26,"href":"https:\/\/www.myvacaya.com\/es\/wp-json\/wp\/v2\/pages\/149305\/revisions"}],"predecessor-version":[{"id":150997,"href":"https:\/\/www.myvacaya.com\/es\/wp-json\/wp\/v2\/pages\/149305\/revisions\/150997"}],"up":[{"embeddable":true,"href":"https:\/\/www.myvacaya.com\/es\/wp-json\/wp\/v2\/pages\/62519"}],"wp:attachment":[{"href":"https:\/\/www.myvacaya.com\/es\/wp-json\/wp\/v2\/media?parent=149305"}],"curies":[{"name":"wp","href":"https:\/\/api.w.org\/{rel}","templated":true}]}}