{"id":148990,"date":"2024-03-27T10:12:15","date_gmt":"2024-03-27T14:12:15","guid":{"rendered":"https:\/\/www.myvacaya.com\/barrio-rojo-de-vacaya\/"},"modified":"2024-03-27T10:40:54","modified_gmt":"2024-03-27T14:40:54","slug":"barrio-rojo-de-vacaya","status":"publish","type":"page","link":"https:\/\/www.myvacaya.com\/es\/descubrir\/barrio-rojo-de-vacaya\/","title":{"rendered":"Barrio Rojo de Vacaya"},"content":{"rendered":"<p>[et_pb_section fb_built=\u00bb1&#8243; fullwidth=\u00bbon\u00bb admin_label=\u00bbSlider\u00bb module_id=\u00bbdeslizador-secci\u00f3n-interior\u00bb _builder_version=\u00bb4.17.6&#8243; _module_preset=\u00bbdefault\u00bb background_enable_image=\u00bboff\u00bb global_colors_info=\u00bb{}\u00bb][et_pb_fullwidth_code admin_label=\u00bbSlider Overlay\u00bb module_class=\u00bbinterior-page-overlay\u00bb _builder_version=\u00bb4.17.6&#8243; _module_preset=\u00bbdefault\u00bb positioning=\u00bbabsolute\u00bb position_origin_a=\u00bbtop_right\u00bb position_origin_f=\u00bbtop_right\u00bb z_index=\u00bb100&#8243; width=\u00bb50%\u00bb width_tablet=\u00bb50%\u00bb width_phone=\u00bb100%\u00bb width_last_edited=\u00bbon|phone\u00bb height=\u00bb100vh\u00bb global_colors_info=\u00bb{}\u00bb]<div class=\"trip-overlay\"><div class=\"trip-title\"><h1>Barrio Rojo de Vacaya<\/h1><\/div><\/div>[\/et_pb_fullwidth_code][et_pb_fullwidth_slider show_arrows=\u00bboff\u00bb admin_label=\u00bbSlider Images\u00bb module_id=\u00bbslider-images\u00bb _builder_version=\u00bb4.23.4&#8243; _module_preset=\u00bbdefault\u00bb height=\u00bb100vh\u00bb auto=\u00bbon\u00bb global_colors_info=\u00bb{}\u00bb][et_pb_slide _builder_version=\u00bb4.23.4&#8243; _module_preset=\u00bbdefault\u00bb background_color=\u00bbRGBA(255,255,255,0)\u00bb background_enable_color=\u00bbon\u00bb background_image=\u00bbhttps:\/\/www.myvacaya.com\/wp-content\/uploads\/2024\/03\/RLD-Hero-Desktop.jpg\u00bb background_enable_image=\u00bbon\u00bb background_last_edited=\u00bbon|phone\u00bb background_image_phone=\u00bbhttps:\/\/www.myvacaya.com\/wp-content\/uploads\/2024\/03\/RLD-Hero-mobile.jpg\u00bb background_enable_image_phone=\u00bbon\u00bb global_colors_info=\u00bb{}\u00bb sticky_transition=\u00bbon\u00bb][\/et_pb_slide][\/et_pb_fullwidth_slider][\/et_pb_section][et_pb_section fb_built=\u00bb1&#8243; custom_padding_last_edited=\u00bbon|desktop\u00bb _builder_version=\u00bb4.23.4&#8243; _module_preset=\u00bbdefault\u00bb custom_padding=\u00bb||||false|false\u00bb custom_padding_tablet=\u00bb||||false|false\u00bb custom_padding_phone=\u00bb||||false|false\u00bb global_colors_info=\u00bb{}\u00bb][et_pb_row _builder_version=\u00bb4.17.6&#8243; _module_preset=\u00bbdefault\u00bb custom_padding=\u00bb||0%||false|false\u00bb global_colors_info=\u00bb{}\u00bb][et_pb_column type=\u00bb4_4&#8243; _builder_version=\u00bb4.17.6&#8243; _module_preset=\u00bbdefault\u00bb global_colors_info=\u00bb{}\u00bb][et_pb_text _builder_version=\u00bb4.23.4&#8243; _module_preset=\u00bbdefault\u00bb global_colors_info=\u00bb{}\u00bb]<\/p>\n<p>Ingrese a un espacio cautivador donde las fantas\u00edas cobran vida y las inhibiciones se desvanecen en un patio de juegos sexualmente progresivo. Mientras exploras este oasis, descubrir\u00e1s un mundo \u00edntimo donde la pasi\u00f3n y el deseo sexual desinhibidos toman protagonismo. Pi\u00e9rdete en el laberinto, los ritmos y los tentadores gemidos de fervor que flotan en el aire. \u00a1Bienvenido al Barrio Rojo de VACAYA!<\/p>\n<p>RLD de VACAYA es un parque de sensualidad, meticulosamente dise\u00f1ado para satisfacer tus deseos m\u00e1s profundos. Pasa el rato en la zona de relajaci\u00f3n y disfruta de la compa\u00f1\u00eda de adultos con ideas afines bajo la luz de la luna. Cuando est\u00e9 listo, ingrese al espacio de juego para experimentar un \u00e1rea decadente adornada con muebles para darle vida a la noche y una iluminaci\u00f3n tenue que proyecta un brillo atractivo. D\u00e9jate transportar a un reino donde el placer no conoce l\u00edmites.<\/p>\n<p><strong>Escuchemos a algunos de nuestros hu\u00e9spedes que han experimentado el RLD de VACAYA:  <\/strong><\/p>\n<p>[\/et_pb_text][\/et_pb_column][\/et_pb_row][et_pb_row custom_padding_last_edited=\u00bbon|desktop\u00bb _builder_version=\u00bb4.17.6&#8243; _module_preset=\u00bbdefault\u00bb custom_padding=\u00bb||0%||false|false\u00bb custom_padding_tablet=\u00bb\u00bb custom_padding_phone=\u00bb||||false|false\u00bb global_colors_info=\u00bb{}\u00bb][et_pb_column type=\u00bb4_4&#8243; _builder_version=\u00bb4.17.4&#8243; _module_preset=\u00bbdefault\u00bb global_colors_info=\u00bb{}\u00bb][et_pb_image src=\u00bbhttps:\/\/www.myvacaya.com\/wp-content\/uploads\/2024\/03\/Website-Video-RLD-Testimonials-2.jpg\u00bb title_text=\u00bbTestimonios de RLD en v\u00eddeo del sitio web 2&#8243; show_bottom_space=\u00bboff\u00bb force_fullwidth=\u00bbon\u00bb admin_label=\u00bbVideo Thumbnail\u00bb module_class=\u00bbpopmake-148917&#8243; _builder_version=\u00bb4.23.4&#8243; _module_preset=\u00bbdefault\u00bb scroll_fade_enable=\u00bbon\u00bb global_colors_info=\u00bb{}\u00bb][\/et_pb_image][et_pb_image src=\u00bbhttps:\/\/www.myvacaya.com\/wp-content\/uploads\/2022\/07\/play-btn.png\u00bb title_text=\u00bbplay-btn\u00bb align=\u00bbcenter\u00bb admin_label=\u00bbPlay Button\u00bb module_class=\u00bbpopmake-148917&#8243; _builder_version=\u00bb4.23.4&#8243; _module_preset=\u00bbdefault\u00bb positioning=\u00bbabsolute\u00bb position_origin_a=\u00bbcenter_center\u00bb position_origin_f=\u00bbcenter_center\u00bb z_index=\u00bb10&#8243; width=\u00bb100%\u00bb global_colors_info=\u00bb{}\u00bb][\/et_pb_image][\/et_pb_column][\/et_pb_row][et_pb_row _builder_version=\u00bb4.17.6&#8243; _module_preset=\u00bbdefault\u00bb custom_padding=\u00bb||0%||false|false\u00bb global_colors_info=\u00bb{}\u00bb][et_pb_column type=\u00bb4_4&#8243; _builder_version=\u00bb4.17.6&#8243; _module_preset=\u00bbdefault\u00bb global_colors_info=\u00bb{}\u00bb][et_pb_text _builder_version=\u00bb4.23.4&#8243; _module_preset=\u00bbdefault\u00bb global_colors_info=\u00bb{}\u00bb]<strong>Por qu\u00e9 existe el RLD<\/strong><br \/>\nEn VACAYA, abrazamos y celebramos todo el espectro de nuestra existencia humana, aprovechando las verdades y realidades humanas sublimes de cada uno de los miembros de nuestra comunidad. Con s\u00f3lo unas pocas excepciones (los saludamos a ustedes, nuestros hermanos asexuales), TODOS somos seres sexuales. Y para muchos en nuestra comunidad, el sexo es una de las expresiones m\u00e1s fundamentales de nuestra humanidad.<\/p>\n<p>Entonces, en lugar de llevar esa realidad a las sombras como lo han hecho muchos otros, en VACAYA la celebramos con nuestro innovador Barrio Rojo nocturno en nuestros cruceros de grandes barcos y en la mayor\u00eda de nuestros resorts. Nuestro \u00abRLD\u00bb es s\u00f3lo uno de los muchos aspectos de la experiencia VACAYA. Si esta no es tu proverbial taza de t\u00e9, estar\u00e1s encantado con otras innumerables opciones no sexuales todas las noches.<\/p>\n<p>Si desea experimentar nuestro RLD, comprender los elementos fundamentales y la etiqueta es clave:<\/p>\n<p><strong>Cuando y donde.  <\/strong><br \/>\nNuestros Barrios Rojos est\u00e1n ubicados en los espacios a bordo o en nuestros resorts que tienen m\u00e1s sentido. Consideramos la seguridad, la privacidad, la salida, etc. para determinar la mejor ubicaci\u00f3n. En los barcos, el RLD suele estar en las canchas deportivas de la cubierta superior. En nuestros resorts, la ubicaci\u00f3n es m\u00e1s fluida, pero generalmente algo fuera de lo com\u00fan. En la mayor\u00eda de los viajes en barcos grandes o resorts, nuestro RLD abre en alg\u00fan momento entre las 10:00 p. m. y las 11:00 p. m. y permanece abierto hasta altas horas de la madrugada (la \u201cmadrugada\u201d se define como cuando quedan pocas personas en el espacio de juego y VACAYA RLD Guru Patrick est\u00e1 listo para partir). a la cama. As\u00ed que venga cuando est\u00e9 listo, venga a menudo y \u00a1disfr\u00fatelo!).<\/p>\n<p><strong>Espacios Sexo Positivo y Progresivo.<\/strong><br \/>\nEl movimiento sex-positive es un movimiento social y filos\u00f3fico que busca cambiar las actitudes y normas culturales en torno a la sexualidad, promoviendo el reconocimiento de la sexualidad (y sus innumerables formas de expresi\u00f3n) como una parte natural y saludable de la experiencia humana y enfatizando la importancia de soberan\u00eda personal, pr\u00e1cticas sexuales m\u00e1s seguras y sexo consensual (libre de violencia o coerci\u00f3n). Cubre todos los aspectos de la identidad sexual, incluida la expresi\u00f3n de g\u00e9nero, la orientaci\u00f3n, la relaci\u00f3n con el cuerpo (positividad corporal, desnudez, elecci\u00f3n), elecci\u00f3n del estilo de relaci\u00f3n y derechos reproductivos.<\/p>\n<p>La naturaleza progresista sexual de VACAYA es \u00abuna actitud hacia la sexualidad humana que considera todas las actividades sexuales consensuales como fundamentalmente saludables y placenteras, fomentando el placer y la experimentaci\u00f3n sexual\u00bb. Desaf\u00eda los tab\u00faes sociales y tiene como objetivo promover actividades sexuales saludables y consensuales. Nuestra naturaleza progresista sexual tambi\u00e9n aboga por la educaci\u00f3n sexual integral y el sexo seguro como parte de su posici\u00f3n. Generalmente no hacemos distinciones morales entre los tipos de actividades sexuales, considerando estas elecciones como cuestiones de preferencia personal.<\/p>\n<p><strong>Se requiere consentimiento.<\/strong><br \/>\nAl participar en el RLD, buscar el consentimiento no es solo un requisito, sino un aspecto fundamental del respeto, la dignidad y la conducta \u00e9tica. Encarna el reconocimiento de la autonom\u00eda individual y el derecho a la autodeterminaci\u00f3n. Obtener el consentimiento expl\u00edcito establece una base de confianza y garantiza que todas las partes involucradas sean participantes dispuestos. Fomenta una cultura de comprensi\u00f3n mutua, donde los l\u00edmites se reconocen y respetan, fomentando en \u00faltima instancia conexiones m\u00e1s saludables y significativas. POR FAVOR, BUSQUE Y OBTENGA EL CONSENTIMIENTO ANTES DE REALIZAR CUALQUIER ACTIVIDAD DENTRO DEL RLD.<\/p>\n<p><strong>Las personas buscan y brindan consentimiento de diversas maneras.<\/strong><br \/>\nYa sea a trav\u00e9s de la comunicaci\u00f3n verbal o de se\u00f1ales no verbales como el tacto, reconocer diversos estilos de comunicaci\u00f3n es crucial para fomentar el entendimiento mutuo y garantizar que todas las interacciones sean consensuales y respetuosas. Adem\u00e1s, es importante comprender que en ciertos espacios pueden ocurrir manoseos y tocamientos an\u00f3nimos, y las personas deben estar preparadas para manejar tales situaciones de manera asertiva. No importa c\u00f3mo se busque el consentimiento, todos conservan la capacidad de negarlo; Si alguien te toca, puedes verbalizar tu falta de consentimiento o rechazarlo suavemente o alejar su mano.<\/p>\n<p><strong>No significa no.  <\/strong><br \/>\nEsto deber\u00eda ser evidente, pero \u00abno significa no\u00bb en todas las formas de comunicaci\u00f3n. Ya sea que alguien exprese desinter\u00e9s verbal, f\u00edsicamente o mediante el lenguaje corporal, es esencial respetar sus l\u00edmites y abstenerse de ser agresivo o irrespetuoso. No intentes iniciar el juego si alguien se est\u00e1 alejando, sacudiendo la cabeza, apartando tu mano o declinando de otra manera a trav\u00e9s del lenguaje corporal. No seas insistente ni grosero. Sea consciente de su lenguaje corporal y del lenguaje corporal de los dem\u00e1s y recuerde que el consentimiento no verbal se vuelve m\u00e1s dif\u00edcil de leer cuando se trata de alcohol. Si est\u00e1 ebrio, el monitor de VACAYA RLD le pedir\u00e1 que abandone el espacio, ya sea que alguien se haya quejado o no. Para aquellos que buscan el consentimiento mediante un m\u00e9todo no verbal, tengan en cuenta esta sencilla regla: no sean idiotas. No presiones a alguien si claramente te niega el consentimiento. Hacerlo se convierte en agresi\u00f3n. Faltar el respeto al consentimiento no es sexy; es acoso. Y empujarlo demasiado lejos podr\u00eda ser criminal.<\/p>\n<p><strong>Escuchemos a Marie y Steve, nuestros sexpertos, mientras arrojan luz sobre c\u00f3mo var\u00eda el consentimiento entre espacios exclusivamente masculinos y queer:  <\/strong>[\/et_pb_text][\/et_pb_column][\/et_pb_row][et_pb_row custom_padding_last_edited=\u00bbon|desktop\u00bb _builder_version=\u00bb4.17.6&#8243; _module_preset=\u00bbdefault\u00bb custom_padding=\u00bb||0%||false|false\u00bb custom_padding_tablet=\u00bb\u00bb custom_padding_phone=\u00bb||||false|false\u00bb global_colors_info=\u00bb{}\u00bb][et_pb_column type=\u00bb4_4&#8243; _builder_version=\u00bb4.17.4&#8243; _module_preset=\u00bbdefault\u00bb global_colors_info=\u00bb{}\u00bb][et_pb_image src=\u00bbhttps:\/\/www.myvacaya.com\/wp-content\/uploads\/2024\/03\/Consent-Website-Video-Thumbnail.jpg\u00bb title_text=\u00bbMiniatura del v\u00eddeo del sitio web de consentimiento\u00bb show_bottom_space=\u00bboff\u00bb force_fullwidth=\u00bbon\u00bb admin_label=\u00bbVideo Thumbnail\u00bb module_class=\u00bbpopmake-148946&#8243; _builder_version=\u00bb4.23.4&#8243; _module_preset=\u00bbdefault\u00bb scroll_fade_enable=\u00bbon\u00bb global_colors_info=\u00bb{}\u00bb][\/et_pb_image][et_pb_image src=\u00bbhttps:\/\/www.myvacaya.com\/wp-content\/uploads\/2022\/07\/play-btn.png\u00bb title_text=\u00bbplay-btn\u00bb align=\u00bbcenter\u00bb admin_label=\u00bbPlay Button\u00bb module_class=\u00bbpopmake-148946&#8243; _builder_version=\u00bb4.23.4&#8243; _module_preset=\u00bbdefault\u00bb positioning=\u00bbabsolute\u00bb position_origin_a=\u00bbcenter_center\u00bb position_origin_f=\u00bbcenter_center\u00bb z_index=\u00bb10&#8243; width=\u00bb100%\u00bb global_colors_info=\u00bb{}\u00bb][\/et_pb_image][\/et_pb_column][\/et_pb_row][et_pb_row _builder_version=\u00bb4.23.4&#8243; _module_preset=\u00bbdefault\u00bb custom_padding=\u00bb||||false|false\u00bb global_colors_info=\u00bb{}\u00bb][et_pb_column type=\u00bb4_4&#8243; _builder_version=\u00bb4.17.6&#8243; _module_preset=\u00bbdefault\u00bb global_colors_info=\u00bb{}\u00bb][et_pb_text _builder_version=\u00bb4.23.4&#8243; _module_preset=\u00bbdefault\u00bb global_colors_info=\u00bb{}\u00bb]<strong>El consentimiento impl\u00edcito es posible, pero puede revocarse.<\/strong><br \/>\nSi alguien tiene los ojos vendados y est\u00e1 a cuatro patas, es probable que le est\u00e9 dando su consentimiento no verbal para tener relaciones sexuales con \u00e9l. Si un chico est\u00e1 parado all\u00ed con la polla en la mano, es posible que te est\u00e9 dando tu consentimiento no verbal para acercarte y probablemente darle sexo oral. Algunos eventos tienen Glory Holes. Los Glory Holes son otro lugar donde hay una cierta cantidad de consentimiento impl\u00edcito porque parte de la emoci\u00f3n para los participantes dispuestos es que no pueden ver a la persona al otro lado del Glory Hole. Sin embargo, si alguien se aleja o indica de otro modo un cambio de intenci\u00f3n, significa que ha rechazado el consentimiento.<\/p>\n<p><strong>Si no est\u00e1 seguro, pregunte. Si pasa algo, d\u00edselo a alguien.<\/strong><br \/>\nEs aceptable pedir una aclaraci\u00f3n a un participante de RLD o al <strong>VACAYA RLD Monitor<\/strong> . Y si encuentra un comportamiento que queda fuera de los par\u00e1metros anteriores y cree que su espacio fue violado, informe al VACAYA RLD Monitor o a un miembro del V Team. Si hay una queja, nuestro monitor RLD entrar\u00e1 y recordar\u00e1 a todos cu\u00e1les son las pol\u00edticas para asegurarse de que no vuelva a suceder. Si se trata de un problema grave, el monitor puede apagar el RLD por la noche. Pero, en general, el monitor RLD garantiza que el RLD est\u00e9 ordenado, responde preguntas y ayuda a crear un espacio seguro y sensual para nuestros hu\u00e9spedes.<\/p>\n<p><strong>No dejes que el rechazo arruine tu noche.<\/strong><br \/>\nAlgunas personas querr\u00e1n jugar contigo, otras simplemente no. Es posible que la persona a la que has estado mirando toda la noche no est\u00e9 interesada en ti, y eso est\u00e1 bien. Ac\u00e9ptalo y recuerda que es parte de la realidad de cada espacio de juego.<\/p>\n<p><strong>Respete la privacidad. Sin fotos ni videograf\u00eda.<\/strong><br \/>\nEl Barrio Rojo es un lugar al que la gente va para desinhibirse, para liberarse de la moral y el juicio de la sociedad y cumplir sus fantas\u00edas sexuales. Respetar la privacidad de los dem\u00e1s es clave para mantener esa atm\u00f3sfera. Hablar de otros asistentes fuera de estos lugares da una mala imagen de ti y resta valor al prop\u00f3sito del espacio. LAS C\u00c1MARAS NO EST\u00c1N PERMITIDAS EN EL DISTRITO DE LUZ ROJA.<\/p>\n<p><strong>Si elige tener relaciones sexuales sin protecci\u00f3n, asuma los riesgos.<\/strong><br \/>\nTodas las relaciones sexuales conllevan cierto riesgo de transmisi\u00f3n del VIH\/ITS, pero ese riesgo se puede minimizar si se toman ciertas medidas de precauci\u00f3n, como usar condones o tomar PrEP. Incluso con condones, todav\u00eda corres riesgo de contraer infecciones de transmisi\u00f3n sexual comunes y la PrEP solo te protege del VIH. Es por eso que la p\u00e1gina oficial de PrEP en el sitio web de los CDC indica que debes usar condones junto con PrEP para protegerte de infecciones como s\u00edfilis, clamidia y gonorrea.<\/p>\n<p>Si elige no usar condones, obviamente tiene un mayor riesgo de contraer una ITS que sus compa\u00f1eros que usan condones. Ese es un hecho simple. Sin embargo, no hay nada de qu\u00e9 avergonzarse de ello. Es simplemente un hecho de la vida sexual actual. Si disfruta del juego an\u00f3nimo (sin hablar, sin nombres, sin parloteo), asume un riesgo a\u00fan mayor, y ese riesgo es absolutamente parte de este tipo de experiencia.<\/p>\n<p>Dado que el riesgo es inevitable, no hay raz\u00f3n para dejar que la realidad le impida disfrutar de lo que disfruta. Tome las medidas necesarias para mantenerse saludable. H\u00e1gase la prueba con frecuencia. Si eres VIH+, toma medicamentos lo antes posible y t\u00f3malos con diligencia. Las personas VIH+ que toman sus medicamentos seg\u00fan lo prescrito pueden volverse indetectables, lo que significa que las pruebas de anticuerpos contra el VIH no pueden detectar el virus en la sangre y la probabilidad de transmitir el virus a sus parejas es \u00abextremadamente baja\u00bb. Indetectable = Intransmisible (U=U).<\/p>\n<p><strong>H\u00e1gase la prueba del VIH y otras ITS antes Y despu\u00e9s del evento.<\/strong><br \/>\nSi hace algo m\u00e1s que observar, no hace falta decir que todos deben hacerse pruebas de detecci\u00f3n de infecciones de transmisi\u00f3n sexual antes y despu\u00e9s de unas vacaciones de VACAYA en las que planea frecuentar el Barrio Rojo. Las pruebas frecuentes son la forma en que nuestra comunidad reduce la propagaci\u00f3n del VIH y otras infecciones de transmisi\u00f3n sexual.<\/p>\n<p><strong>Divi\u00e9rtete y explora tus l\u00edmites pasados.<\/strong><br \/>\nSobre todo, divi\u00e9rtete. La RLD es un lugar seguro para explorar e incluso ir m\u00e1s all\u00e1 de los l\u00edmites sexuales, donde las personas pueden abrazar libremente sus deseos y curiosidades sin temor a ser juzgadas o da\u00f1adas. Ofrece un entorno de apoyo para el crecimiento y el descubrimiento personal, animando a los participantes a participar en experiencias consensuales que satisfagan sus deseos y ampl\u00eden sus horizontes sexuales. Ya sea que busquen nuevas aventuras o profundicen las conexiones existentes, el RLD fomenta una cultura de apertura y aceptaci\u00f3n, donde las personas pueden expresarse aut\u00e9nticamente y abrazar los placeres de la exploraci\u00f3n.[\/et_pb_text][\/et_pb_column][\/et_pb_row][\/et_pb_section]<\/p>\n","protected":false},"excerpt":{"rendered":"<p><div class=\"trip-overlay\"><div class=\"trip-title\"><h1>Fichas de viaje con t\u00edtulo: solo cruceros<\/h1><\/div><\/div>Ingrese a un espacio cautivador donde las fantas\u00edas cobran vida y las inhibiciones se desvanecen en un patio de juegos sexualmente progresivo. Mientras exploras este oasis, descubrir\u00e1s un mundo \u00edntimo donde la pasi\u00f3n y el deseo sexual desinhibidos toman protagonismo. Pi\u00e9rdete en el laberinto, los ritmos y los tentadores gemidos de fervor que flotan en [&hellip;]<\/p>\n","protected":false},"author":1,"featured_media":0,"parent":62519,"menu_order":0,"comment_status":"closed","ping_status":"closed","template":"","meta":{"_acf_changed":false,"_et_pb_use_builder":"on","_et_pb_old_content":"","_et_gb_content_width":"","_monsterinsights_skip_tracking":false,"_monsterinsights_sitenote_active":false,"_monsterinsights_sitenote_note":"","_monsterinsights_sitenote_category":0,"footnotes":""},"class_list":["post-148990","page","type-page","status-publish","hentry"],"acf":[],"_links":{"self":[{"href":"https:\/\/www.myvacaya.com\/es\/wp-json\/wp\/v2\/pages\/148990","targetHints":{"allow":["GET"]}}],"collection":[{"href":"https:\/\/www.myvacaya.com\/es\/wp-json\/wp\/v2\/pages"}],"about":[{"href":"https:\/\/www.myvacaya.com\/es\/wp-json\/wp\/v2\/types\/page"}],"author":[{"embeddable":true,"href":"https:\/\/www.myvacaya.com\/es\/wp-json\/wp\/v2\/users\/1"}],"replies":[{"embeddable":true,"href":"https:\/\/www.myvacaya.com\/es\/wp-json\/wp\/v2\/comments?post=148990"}],"version-history":[{"count":8,"href":"https:\/\/www.myvacaya.com\/es\/wp-json\/wp\/v2\/pages\/148990\/revisions"}],"predecessor-version":[{"id":149038,"href":"https:\/\/www.myvacaya.com\/es\/wp-json\/wp\/v2\/pages\/148990\/revisions\/149038"}],"up":[{"embeddable":true,"href":"https:\/\/www.myvacaya.com\/es\/wp-json\/wp\/v2\/pages\/62519"}],"wp:attachment":[{"href":"https:\/\/www.myvacaya.com\/es\/wp-json\/wp\/v2\/media?parent=148990"}],"curies":[{"name":"wp","href":"https:\/\/api.w.org\/{rel}","templated":true}]}}