{"id":148072,"date":"2024-03-05T09:38:43","date_gmt":"2024-03-05T14:38:43","guid":{"rendered":"https:\/\/www.myvacaya.com\/programa-de-afiliacion\/"},"modified":"2024-03-06T09:47:39","modified_gmt":"2024-03-06T14:47:39","slug":"programa-de-afiliacion","status":"publish","type":"page","link":"https:\/\/www.myvacaya.com\/es\/programa-de-afiliacion\/","title":{"rendered":"programa de afiliaci\u00f3n"},"content":{"rendered":"<p>[et_pb_section fb_built=\u00bb1&#8243; fullwidth=\u00bbon\u00bb admin_label=\u00bbSlider\u00bb module_id=\u00bbdeslizador-secci\u00f3n-interior\u00bb _builder_version=\u00bb4.17.6&#8243; _module_preset=\u00bbdefault\u00bb background_enable_image=\u00bboff\u00bb global_colors_info=\u00bb{}\u00bb][et_pb_fullwidth_code admin_label=\u00bbSlider Overlay\u00bb module_class=\u00bbinterior-page-overlay\u00bb _builder_version=\u00bb4.17.6&#8243; _module_preset=\u00bbdefault\u00bb positioning=\u00bbabsolute\u00bb position_origin_a=\u00bbtop_right\u00bb position_origin_f=\u00bbtop_right\u00bb z_index=\u00bb100&#8243; width=\u00bb50%\u00bb width_tablet=\u00bb50%\u00bb width_phone=\u00bb100%\u00bb width_last_edited=\u00bbon|phone\u00bb height=\u00bb100vh\u00bb global_colors_info=\u00bb{}\u00bb]<div class=\"trip-overlay\"><div class=\"trip-title\"><h1>programa de afiliaci\u00f3n<\/h1><\/div><\/div>[\/et_pb_fullwidth_code][et_pb_fullwidth_slider show_arrows=\u00bboff\u00bb admin_label=\u00bbSlider Images\u00bb module_id=\u00bbslider-images\u00bb _builder_version=\u00bb4.23.4&#8243; _module_preset=\u00bbdefault\u00bb height=\u00bb100vh\u00bb auto=\u00bbon\u00bb global_colors_info=\u00bb{}\u00bb][et_pb_slide _builder_version=\u00bb4.23.4&#8243; _module_preset=\u00bbdefault\u00bb background_color=\u00bbRGBA(255,255,255,0)\u00bb background_enable_color=\u00bbon\u00bb background_image=\u00bbhttps:\/\/www.myvacaya.com\/wp-content\/uploads\/2024\/03\/Blog-Hero-Desktop.jpg\u00bb background_enable_image=\u00bbon\u00bb background_last_edited=\u00bbon|phone\u00bb background_image_phone=\u00bbhttps:\/\/www.myvacaya.com\/wp-content\/uploads\/2024\/03\/Blog-Hero-Mobile-Affiliate-Program.jpg\u00bb background_enable_image_phone=\u00bbon\u00bb global_colors_info=\u00bb{}\u00bb sticky_transition=\u00bbon\u00bb][\/et_pb_slide][\/et_pb_fullwidth_slider][\/et_pb_section][et_pb_section fb_built=\u00bb1&#8243; custom_padding_last_edited=\u00bbon|phone\u00bb _builder_version=\u00bb4.17.6&#8243; _module_preset=\u00bbdefault\u00bb custom_padding=\u00bb||0%||false|false\u00bb custom_padding_tablet=\u00bb||||false|false\u00bb custom_padding_phone=\u00bb||||false|false\u00bb global_colors_info=\u00bb{}\u00bb][et_pb_row _builder_version=\u00bb4.17.6&#8243; _module_preset=\u00bbdefault\u00bb custom_padding=\u00bb||0%||false|false\u00bb global_colors_info=\u00bb{}\u00bb][et_pb_column type=\u00bb4_4&#8243; _builder_version=\u00bb4.17.6&#8243; _module_preset=\u00bbdefault\u00bb global_colors_info=\u00bb{}\u00bb][et_pb_text admin_label=\u00bbSection Title &#8211; H2&#8243; _builder_version=\u00bb4.23.4&#8243; _module_preset=\u00bbdefault\u00bb text_letter_spacing=\u00bb1.8px\u00bb text_line_height=\u00bb22px\u00bb header_2_font=\u00bbFutura Bold|||on|||||\u00bb header_2_text_align=\u00bbcenter\u00bb header_2_text_color=\u00bb#000000&#8243; header_2_font_size=\u00bb30px\u00bb header_2_letter_spacing=\u00bb1.8px\u00bb header_2_line_height=\u00bb36px\u00bb header_3_font=\u00bbFutura Bold|||on|||||\u00bb header_3_text_align=\u00bbcenter\u00bb header_3_text_color=\u00bb#000000&#8243; header_3_font_size=\u00bb18px\u00bb header_3_letter_spacing=\u00bb1.8px\u00bb header_3_line_height=\u00bb24px\u00bb custom_margin=\u00bb||||false|false\u00bb custom_padding=\u00bb||||false|false\u00bb custom_padding_tablet=\u00bb||||false|false\u00bb custom_padding_phone=\u00bb||||false|false\u00bb custom_padding_last_edited=\u00bbon|phone\u00bb global_colors_info=\u00bb{}\u00bb]<\/p>\n<h2>BIENVENIDOS A VACACIONES VACAYA LGBT+<br \/>\nGracias por su inter\u00e9s en nuestro programa de afiliados.<\/h2>\n<p>[\/et_pb_text][et_pb_text admin_label=\u00bbSection Title &#8211; H3&#8243; _builder_version=\u00bb4.23.4&#8243; _module_preset=\u00bbdefault\u00bb header_3_font=\u00bbFutura Bold|||on|||||\u00bb header_3_text_align=\u00bbcenter\u00bb header_3_text_color=\u00bb#000000&#8243; header_3_font_size=\u00bb18px\u00bb header_3_letter_spacing=\u00bb1.8px\u00bb header_3_line_height=\u00bb24px\u00bb custom_margin=\u00bb||||false|false\u00bb custom_margin_tablet=\u00bb||||false|false\u00bb custom_margin_phone=\u00bb||||false|false\u00bb custom_margin_last_edited=\u00bbon|phone\u00bb custom_padding=\u00bb||||false|false\u00bb custom_padding_tablet=\u00bb\u00bb custom_padding_phone=\u00bb\u00bb custom_padding_last_edited=\u00bbon|phone\u00bb global_colors_info=\u00bb{}\u00bb]<\/p>\n<h3>C\u00d3MO FUNCIONA<\/h3>\n<p>[\/et_pb_text][\/et_pb_column][\/et_pb_row][et_pb_row column_structure=\u00bb1_2,1_2&#8243; _builder_version=\u00bb4.23.4&#8243; _module_preset=\u00bbdefault\u00bb global_colors_info=\u00bb{}\u00bb][et_pb_column type=\u00bb1_2&#8243; _builder_version=\u00bb4.23.4&#8243; _module_preset=\u00bbdefault\u00bb global_colors_info=\u00bb{}\u00bb][et_pb_image src=\u00bbhttps:\/\/www.myvacaya.com\/wp-content\/uploads\/2024\/03\/Graphic-for-web-page.jpg\u00bb title_text=\u00bbGr\u00e1fico para p\u00e1gina web.\u00bb force_fullwidth=\u00bbon\u00bb _builder_version=\u00bb4.23.4&#8243; _module_preset=\u00bbdefault\u00bb global_colors_info=\u00bb{}\u00bb][\/et_pb_image][\/et_pb_column][et_pb_column type=\u00bb1_2&#8243; _builder_version=\u00bb4.23.4&#8243; _module_preset=\u00bbdefault\u00bb global_colors_info=\u00bb{}\u00bb][et_pb_text _builder_version=\u00bb4.23.4&#8243; _module_preset=\u00bbdefault\u00bb text_font_size=\u00bb24px\u00bb text_line_height=\u00bb30px\u00bb global_colors_info=\u00bb{}\u00bb]1. Reg\u00edstrate. Es absolutamente GRATIS. Todo lo que necesitas hacer es crear una cuenta para comenzar.<\/p>\n<p>2. Coloque su enlace de afiliado en su sitio web o comp\u00e1rtalo con otros a trav\u00e9s de su blog o redes sociales.<\/p>\n<p>3. Gana una comisi\u00f3n cada vez que alguien compre una de nuestras vacaciones.<\/p>\n<p>4.Gana una comisi\u00f3n cada vez que alguien se suscriba a nuestro bolet\u00edn a trav\u00e9s de tu enlace.[\/et_pb_text][\/et_pb_column][\/et_pb_row][et_pb_row _builder_version=\u00bb4.23.4&#8243; _module_preset=\u00bbdefault\u00bb global_colors_info=\u00bb{}\u00bb][et_pb_column type=\u00bb4_4&#8243; _builder_version=\u00bb4.23.4&#8243; _module_preset=\u00bbdefault\u00bb global_colors_info=\u00bb{}\u00bb][et_pb_text admin_label=\u00bbSection Title &#8211; H3&#8243; _builder_version=\u00bb4.23.4&#8243; _module_preset=\u00bbdefault\u00bb header_3_font=\u00bbFutura Bold|||on|||||\u00bb header_3_text_align=\u00bbcenter\u00bb header_3_text_color=\u00bb#000000&#8243; header_3_font_size=\u00bb18px\u00bb header_3_letter_spacing=\u00bb1.8px\u00bb header_3_line_height=\u00bb24px\u00bb custom_margin=\u00bb||||false|false\u00bb custom_margin_tablet=\u00bb||||false|false\u00bb custom_margin_phone=\u00bb||||false|false\u00bb custom_margin_last_edited=\u00bbon|phone\u00bb custom_padding=\u00bb||||false|false\u00bb custom_padding_tablet=\u00bb\u00bb custom_padding_phone=\u00bb\u00bb custom_padding_last_edited=\u00bbon|phone\u00bb global_colors_info=\u00bb{}\u00bb]<\/p>\n<h3>LO QUE LES ENCANTA A NUESTROS AFILIADOS DE VACAYA<\/h3>\n<p>[\/et_pb_text][et_pb_text _builder_version=\u00bb4.23.4&#8243; _module_preset=\u00bbdefault\u00bb text_font_size=\u00bb24px\u00bb text_line_height=\u00bb30px\u00bb global_colors_info=\u00bb{}\u00bb]<\/p>\n<p>\u2022 Rango de comisi\u00f3n a partir de $20 por cada venta que recomiendes<\/p>\n<p>\u2022 $1.00 de comisi\u00f3n por cada referencia al bolet\u00edn informativo por correo electr\u00f3nico de VACAYA<\/p>\n<p>\u2022 Activos creativos: enlaces, banners, v\u00eddeos y promociones para consumidores para impulsar las conversiones.<\/p>\n<p>\u2022 Reconocimiento y Lealtad de Marca<\/p>\n<p>[\/et_pb_text][et_pb_button button_url=\u00bbhttps:\/\/www.myvacaya.com\/wp-content\/uploads\/2024\/03\/VACAYA_Affiliate_Instructions.pdf\u00bb url_new_window=\u00bbon\u00bb button_text=\u00bbDESCARGAR INSTRUCCIONES DEL SOLICITANTE\u00bb button_alignment=\u00bbcenter\u00bb module_class=\u00bbbtn-pink\u00bb _builder_version=\u00bb4.23.4&#8243; _module_preset=\u00bbdefault\u00bb custom_button=\u00bbon\u00bb button_border_width=\u00bb0px\u00bb button_border_color=\u00bbRGBA(255,255,255,0)\u00bb button_use_icon=\u00bboff\u00bb custom_padding=\u00bb12px|70px|12px|70px|false|false\u00bb global_colors_info=\u00bb{}\u00bb][\/et_pb_button][et_pb_button button_url=\u00bbhttps:\/\/account.shareasale.com\/newsignup.cfm\u00bb url_new_window=\u00bbon\u00bb button_text=\u00bbSOLICITE AHORA EN SHAREASALE.COM\u00bb button_alignment=\u00bbcenter\u00bb admin_label=\u00bbAPPLY BUTTON\u00bb module_class=\u00bbbtn-pink\u00bb _builder_version=\u00bb4.23.4&#8243; _module_preset=\u00bbdefault\u00bb custom_button=\u00bbon\u00bb button_text_color=\u00bb#FFFFFF\u00bb button_border_width=\u00bb0px\u00bb button_border_color=\u00bb#fa0375&#8243; button_use_icon=\u00bboff\u00bb custom_padding=\u00bb12px|70px|12px|70px|false|false\u00bb hover_enabled=\u00bb0&#8243; global_colors_info=\u00bb{}\u00bb button_bg_enable_color=\u00bboff\u00bb sticky_enabled=\u00bb0&#8243;][\/et_pb_button][\/et_pb_column][\/et_pb_row][et_pb_row _builder_version=\u00bb4.23.4&#8243; _module_preset=\u00bbdefault\u00bb global_colors_info=\u00bb{}\u00bb][et_pb_column type=\u00bb4_4&#8243; _builder_version=\u00bb4.23.4&#8243; _module_preset=\u00bbdefault\u00bb global_colors_info=\u00bb{}\u00bb][et_pb_text admin_label=\u00bbSection Title &#8211; H3&#8243; _builder_version=\u00bb4.23.4&#8243; _module_preset=\u00bbdefault\u00bb header_3_font=\u00bbFutura Bold|||on|||||\u00bb header_3_text_align=\u00bbcenter\u00bb header_3_text_color=\u00bb#000000&#8243; header_3_font_size=\u00bb18px\u00bb header_3_letter_spacing=\u00bb1.8px\u00bb header_3_line_height=\u00bb24px\u00bb custom_margin=\u00bb||||false|false\u00bb custom_margin_tablet=\u00bb||||false|false\u00bb custom_margin_phone=\u00bb||||false|false\u00bb custom_margin_last_edited=\u00bbon|phone\u00bb custom_padding=\u00bb||||false|false\u00bb custom_padding_tablet=\u00bb\u00bb custom_padding_phone=\u00bb\u00bb custom_padding_last_edited=\u00bbon|phone\u00bb global_colors_info=\u00bb{}\u00bb]<\/p>\n<h3>LETRA PEQUE\u00d1A<\/h3>\n<p>[\/et_pb_text][et_pb_text _builder_version=\u00bb4.23.4&#8243; _module_preset=\u00bbdefault\u00bb text_font_size=\u00bb24px\u00bb text_line_height=\u00bb30px\u00bb global_colors_info=\u00bb{}\u00bb]<\/p>\n<p>\u2022 SI USTED ES UN SITIO DE CUPONES, SITIO DE DESCUENTOS, SITIO DE REVISI\u00d3N O PROMUEBE T\u00c9CNICAS DE MONETIZACI\u00d3N, NO SOLICITE. NO SER\u00c1S ACEPTADO. SUS SITIOS DEBEN CUBRIR TEMAS DE INTER\u00c9S PARA LA COMUNIDAD LGBT+ Y\/O VIAJES RELACIONADOS CON LGBT+. TODOS LOS DEM\u00c1S SER\u00c1N RECHAZADOS.<\/p>\n<p>\u2022 VACAYA no permite marcas registradas, marcas registradas m\u00e1s ofertas ni errores ortogr\u00e1ficos en el nombre de la marca.<\/p>\n<p>\u2022 Los consumidores deben reservar directamente con VACAYA desde su enlace de afiliado para que se le pague. No se paga ninguna comisi\u00f3n de Afiliado si el consumidor reserva posteriormente a trav\u00e9s de un agente de viajes.<\/p>\n<p>\u2022 Los afiliados de VACAYA son exclusivos y no publicitan marcas competidoras.<\/p>\n<p>\u2022 Sitios de cupones no permitidos.<\/p>\n<p>\u2022 Espere recibir noticias nuestras sobre su solicitud dentro de los 7 d\u00edas h\u00e1biles.<\/p>\n<p>[\/et_pb_text][\/et_pb_column][\/et_pb_row][et_pb_row _builder_version=\u00bb4.23.4&#8243; _module_preset=\u00bbdefault\u00bb global_colors_info=\u00bb{}\u00bb][et_pb_column type=\u00bb4_4&#8243; _builder_version=\u00bb4.23.4&#8243; _module_preset=\u00bbdefault\u00bb global_colors_info=\u00bb{}\u00bb][et_pb_text admin_label=\u00bbSection Title &#8211; H3&#8243; _builder_version=\u00bb4.23.4&#8243; _module_preset=\u00bbdefault\u00bb header_3_font=\u00bbFutura Bold|||on|||||\u00bb header_3_text_align=\u00bbcenter\u00bb header_3_text_color=\u00bb#000000&#8243; header_3_font_size=\u00bb18px\u00bb header_3_letter_spacing=\u00bb1.8px\u00bb header_3_line_height=\u00bb24px\u00bb custom_margin=\u00bb||||false|false\u00bb custom_margin_tablet=\u00bb||||false|false\u00bb custom_margin_phone=\u00bb||||false|false\u00bb custom_margin_last_edited=\u00bbon|phone\u00bb custom_padding=\u00bb||||false|false\u00bb custom_padding_tablet=\u00bb\u00bb custom_padding_phone=\u00bb\u00bb custom_padding_last_edited=\u00bbon|phone\u00bb global_colors_info=\u00bb{}\u00bb]<\/p>\n<h3>QUIENES SOMOS<\/h3>\n<p>[\/et_pb_text][et_pb_text _builder_version=\u00bb4.23.4&#8243; _module_preset=\u00bbdefault\u00bb text_font_size=\u00bb24px\u00bb text_line_height=\u00bb30px\u00bb global_colors_info=\u00bb{}\u00bb]<\/p>\n<p>VACAYA es un nuevo enfoque para los viajes LGBT+, uno centrado completamente en los hu\u00e9spedes LGBT+ y creando experiencias memorables y personalizadas construidas en torno a destinos incre\u00edbles, entretenimiento estelar, hospitalidad de clase mundial y diversi\u00f3n sin fin. Las vacaciones en barco y resort completo de VACAYA est\u00e1n dise\u00f1adas para toda la comunidad LGBTQIAPK, para que los hu\u00e9spedes tengan la libertad de expresar su individualidad, hacer conexiones personales, celebrar la vida, acelerar o simplemente relajarse&#8230; juntos. Entonces, si alguien cree que \u00abel amor es amor\u00bb, entonces debe tomar unas vacaciones en VACAYA. Comun\u00edquese con hank@advertisepurple.com si tiene alguna pregunta.<\/p>\n<p>[\/et_pb_text][\/et_pb_column][\/et_pb_row][\/et_pb_section]<\/p>\n","protected":false},"excerpt":{"rendered":"<p><div class=\"trip-overlay\"><div class=\"trip-title\"><h1>Fichas de viaje con t\u00edtulo: solo cruceros<\/h1><\/div><\/div>BIENVENIDOS A VACACIONES VACAYA LGBT+ Gracias por su inter\u00e9s en nuestro programa de afiliados.C\u00d3MO FUNCIONA1. Reg\u00edstrate. Es absolutamente GRATIS. Todo lo que necesitas hacer es crear una cuenta para comenzar. 2. Coloque su enlace de afiliado en su sitio web o comp\u00e1rtalo con otros a trav\u00e9s de su blog o redes sociales. 3. Gana una [&hellip;]<\/p>\n","protected":false},"author":1,"featured_media":0,"parent":0,"menu_order":0,"comment_status":"closed","ping_status":"closed","template":"","meta":{"_acf_changed":false,"_et_pb_use_builder":"on","_et_pb_old_content":"","_et_gb_content_width":"","_monsterinsights_skip_tracking":false,"_monsterinsights_sitenote_active":false,"_monsterinsights_sitenote_note":"","_monsterinsights_sitenote_category":0,"footnotes":""},"class_list":["post-148072","page","type-page","status-publish","hentry"],"acf":[],"_links":{"self":[{"href":"https:\/\/www.myvacaya.com\/es\/wp-json\/wp\/v2\/pages\/148072","targetHints":{"allow":["GET"]}}],"collection":[{"href":"https:\/\/www.myvacaya.com\/es\/wp-json\/wp\/v2\/pages"}],"about":[{"href":"https:\/\/www.myvacaya.com\/es\/wp-json\/wp\/v2\/types\/page"}],"author":[{"embeddable":true,"href":"https:\/\/www.myvacaya.com\/es\/wp-json\/wp\/v2\/users\/1"}],"replies":[{"embeddable":true,"href":"https:\/\/www.myvacaya.com\/es\/wp-json\/wp\/v2\/comments?post=148072"}],"version-history":[{"count":22,"href":"https:\/\/www.myvacaya.com\/es\/wp-json\/wp\/v2\/pages\/148072\/revisions"}],"predecessor-version":[{"id":148264,"href":"https:\/\/www.myvacaya.com\/es\/wp-json\/wp\/v2\/pages\/148072\/revisions\/148264"}],"wp:attachment":[{"href":"https:\/\/www.myvacaya.com\/es\/wp-json\/wp\/v2\/media?parent=148072"}],"curies":[{"name":"wp","href":"https:\/\/api.w.org\/{rel}","templated":true}]}}