{"id":84745,"date":"2021-08-20T20:20:31","date_gmt":"2021-08-21T00:20:31","guid":{"rendered":"https:\/\/www.myvacaya.com\/mailyn-soulfree\/"},"modified":"2023-08-02T16:46:01","modified_gmt":"2023-08-02T20:46:01","slug":"mailyn-soulfree","status":"publish","type":"page","link":"https:\/\/www.myvacaya.com\/de\/mailyn-soulfree\/","title":{"rendered":"Mailyn Soulfree"},"content":{"rendered":"<p>[et_pb_section fb_built=&#8220;1&#8243; fullwidth=&#8220;on&#8220; admin_label=&#8220;Slider&#8220; module_id=&#8220;Schieberabschnitt-Innenraum&#8220; _builder_version=&#8220;4.17.6&#8243; _module_preset=&#8220;default&#8220; background_enable_image=&#8220;off&#8220; global_colors_info=&#8220;{}&#8220;][et_pb_fullwidth_code admin_label=&#8220;Slider Overlay&#8220; module_class=&#8220;interior-page-overlay&#8220; _builder_version=&#8220;4.17.6&#8243; _module_preset=&#8220;default&#8220; positioning=&#8220;absolute&#8220; position_origin_a=&#8220;top_right&#8220; position_origin_f=&#8220;top_right&#8220; z_index=&#8220;100&#8243; width=&#8220;50%&#8220; width_tablet=&#8220;50%&#8220; width_phone=&#8220;100%&#8220; width_last_edited=&#8220;on|phone&#8220; height=&#8220;100vh&#8220; hover_enabled=&#8220;0&#8243; global_colors_info=&#8220;{}&#8220; sticky_enabled=&#8220;0&#8243;]<div class=\"trip-overlay\"><div class=\"trip-title\"><h1>Mailyn Soulfree<\/h1><\/div><\/div>[\/et_pb_fullwidth_code][et_pb_fullwidth_slider show_arrows=&#8220;off&#8220; admin_label=&#8220;Slider Images&#8220; module_id=&#8220;slider-images&#8220; _builder_version=&#8220;4.17.6&#8243; _module_preset=&#8220;default&#8220; height=&#8220;100vh&#8220; auto=&#8220;on&#8220; global_colors_info=&#8220;{}&#8220;][et_pb_slide _builder_version=&#8220;4.17.6&#8243; _module_preset=&#8220;default&#8220; background_color=&#8220;RGBA(255,255,255,0)&#8220; background_enable_color=&#8220;on&#8220; background_image=&#8220;https:\/\/www.myvacaya.com\/wp-content\/uploads\/2022\/09\/Piano-Desktop.jpeg&#8220; background_enable_image=&#8220;on&#8220; background_last_edited=&#8220;on|desktop&#8220; background_image_phone=&#8220;https:\/\/www.myvacaya.com\/wp-content\/uploads\/2022\/11\/Piano-Mobile.jpeg&#8220; background_enable_image_phone=&#8220;on&#8220; global_colors_info=&#8220;{}&#8220; sticky_transition=&#8220;on&#8220;][\/et_pb_slide][\/et_pb_fullwidth_slider][\/et_pb_section][et_pb_section fb_built=&#8220;1&#8243; custom_padding_last_edited=&#8220;on|phone&#8220; _builder_version=&#8220;4.17.6&#8243; _module_preset=&#8220;default&#8220; custom_padding=&#8220;||||false|false&#8220; custom_padding_tablet=&#8220;||||false|false&#8220; custom_padding_phone=&#8220;||||false|false&#8220; global_colors_info=&#8220;{}&#8220;][et_pb_row column_structure=&#8220;1_4,3_4&#8243; custom_padding_last_edited=&#8220;on|desktop&#8220; _builder_version=&#8220;4.17.6&#8243; _module_preset=&#8220;default&#8220; custom_padding=&#8220;||||false|false&#8220; custom_padding_tablet=&#8220;||||false|false&#8220; custom_padding_phone=&#8220;||||false|false&#8220; global_colors_info=&#8220;{}&#8220;][et_pb_column type=&#8220;1_4&#8243; _builder_version=&#8220;4.17.6&#8243; _module_preset=&#8220;default&#8220; global_colors_info=&#8220;{}&#8220;][et_pb_image src=&#8220;https:\/\/www.myvacaya.com\/wp-content\/uploads\/2021\/08\/Unknown-4.jpeg&#8220; title_text=&#8220;Unbekannt-4&#8243; force_fullwidth=&#8220;on&#8220; _builder_version=&#8220;4.17.6&#8243; _module_preset=&#8220;default&#8220; global_colors_info=&#8220;{}&#8220;][\/et_pb_image][\/et_pb_column][et_pb_column type=&#8220;3_4&#8243; _builder_version=&#8220;4.17.6&#8243; _module_preset=&#8220;default&#8220; global_colors_info=&#8220;{}&#8220;][et_pb_text _builder_version=&#8220;4.17.6&#8243; _module_preset=&#8220;default&#8220; custom_margin=&#8220;||||false|false&#8220; custom_margin_tablet=&#8220;||||false|false&#8220; custom_margin_phone=&#8220;||||false|false&#8220; custom_margin_last_edited=&#8220;on|phone&#8220; global_colors_info=&#8220;{}&#8220;]<strong>Mailyn Soulfree<\/strong> ist eine Singer\/Songwriterin, die in Managua, Nicaragua, geboren und in Miami, Florida, aufgewachsen ist. Diese gef\u00fchlvolle Singvogelin singt und lernt Lieder, seit sie ein kleines M\u00e4dchen war, und ist mit unz\u00e4hligen Soul-, R&amp;B-, Pop- und Latin-Musikst\u00fccken aufgewachsen. Ihre fr\u00fchen Einfl\u00fcsse waren Michael Jackson, Mariah Carey, Celia Cruz und Whitney Houston. Sie sprach f\u00fcr das New York International Music Festival vor und erhielt die Gelegenheit, im Madison Square Garden beim ersten Network-Mix-Konzert des Festivals f\u00fcr neue K\u00fcnstler zu singen. 2014 trat sie der Besetzung von The Cabaret South Beach bei und trat regelm\u00e4\u00dfig in beiden Veranstaltungsorten auf. Dar\u00fcber hinaus trat sie im Magic City Casino, im Hard Rock und beim Miami Beach Gay Pride-Konzert auf und war Solistin bei der LGBTQ-Gala zu Ehren von Gloria Estefan. Zu Mailyn gesellt sich Rick Leonard an den Tasten.[\/et_pb_text][\/et_pb_column][\/et_pb_row][\/et_pb_section]<\/p>\n","protected":false},"excerpt":{"rendered":"<p><div class=\"trip-overlay\"><div class=\"trip-title\"><h1>Reisepl\u00e4ttchen mit Titel \u2013 Nur Kreuzfahrten<\/h1><\/div><\/div>Mailyn Soulfree ist eine Singer\/Songwriterin, die in Managua, Nicaragua, geboren und in Miami, Florida, aufgewachsen ist. Diese gef\u00fchlvolle Singvogelin singt und lernt Lieder, seit sie ein kleines M\u00e4dchen war, und ist mit unz\u00e4hligen Soul-, R&amp;B-, Pop- und Latin-Musikst\u00fccken aufgewachsen. Ihre fr\u00fchen Einfl\u00fcsse waren Michael Jackson, Mariah Carey, Celia Cruz und Whitney Houston. Sie sprach f\u00fcr [&hellip;]<\/p>\n","protected":false},"author":4,"featured_media":0,"parent":0,"menu_order":0,"comment_status":"closed","ping_status":"closed","template":"","meta":{"_acf_changed":false,"_et_pb_use_builder":"on","_et_pb_old_content":"","_et_gb_content_width":"","_monsterinsights_skip_tracking":false,"_monsterinsights_sitenote_active":false,"_monsterinsights_sitenote_note":"","_monsterinsights_sitenote_category":0,"footnotes":""},"class_list":["post-84745","page","type-page","status-publish","hentry"],"acf":[],"_links":{"self":[{"href":"https:\/\/www.myvacaya.com\/de\/wp-json\/wp\/v2\/pages\/84745","targetHints":{"allow":["GET"]}}],"collection":[{"href":"https:\/\/www.myvacaya.com\/de\/wp-json\/wp\/v2\/pages"}],"about":[{"href":"https:\/\/www.myvacaya.com\/de\/wp-json\/wp\/v2\/types\/page"}],"author":[{"embeddable":true,"href":"https:\/\/www.myvacaya.com\/de\/wp-json\/wp\/v2\/users\/4"}],"replies":[{"embeddable":true,"href":"https:\/\/www.myvacaya.com\/de\/wp-json\/wp\/v2\/comments?post=84745"}],"version-history":[{"count":1,"href":"https:\/\/www.myvacaya.com\/de\/wp-json\/wp\/v2\/pages\/84745\/revisions"}],"predecessor-version":[{"id":84761,"href":"https:\/\/www.myvacaya.com\/de\/wp-json\/wp\/v2\/pages\/84745\/revisions\/84761"}],"wp:attachment":[{"href":"https:\/\/www.myvacaya.com\/de\/wp-json\/wp\/v2\/media?parent=84745"}],"curies":[{"name":"wp","href":"https:\/\/api.w.org\/{rel}","templated":true}]}}