{"id":84675,"date":"2021-06-17T09:17:47","date_gmt":"2021-06-17T13:17:47","guid":{"rendered":"https:\/\/www.myvacaya.com\/rick-leonard\/"},"modified":"2023-08-02T16:45:59","modified_gmt":"2023-08-02T20:45:59","slug":"rick-leonard","status":"publish","type":"page","link":"https:\/\/www.myvacaya.com\/de\/rick-leonard\/","title":{"rendered":"Rick Leonard"},"content":{"rendered":"<p>[et_pb_section fb_built=&#8220;1&#8243; fullwidth=&#8220;on&#8220; admin_label=&#8220;Slider&#8220; module_id=&#8220;Schieberabschnitt-Innenraum&#8220; _builder_version=&#8220;4.17.6&#8243; _module_preset=&#8220;default&#8220; background_enable_image=&#8220;off&#8220; global_colors_info=&#8220;{}&#8220;][et_pb_fullwidth_code admin_label=&#8220;Slider Overlay&#8220; module_class=&#8220;interior-page-overlay&#8220; _builder_version=&#8220;4.17.6&#8243; _module_preset=&#8220;default&#8220; positioning=&#8220;absolute&#8220; position_origin_a=&#8220;top_right&#8220; position_origin_f=&#8220;top_right&#8220; z_index=&#8220;100&#8243; width=&#8220;50%&#8220; width_tablet=&#8220;50%&#8220; width_phone=&#8220;100%&#8220; width_last_edited=&#8220;on|phone&#8220; height=&#8220;100vh&#8220; hover_enabled=&#8220;0&#8243; global_colors_info=&#8220;{}&#8220; sticky_enabled=&#8220;0&#8243;]<div class=\"trip-overlay\"><div class=\"trip-title\"><h1>Rick Leonard<\/h1><\/div><\/div>[\/et_pb_fullwidth_code][et_pb_fullwidth_slider show_arrows=&#8220;off&#8220; admin_label=&#8220;Slider Images&#8220; module_id=&#8220;slider-images&#8220; _builder_version=&#8220;4.17.6&#8243; _module_preset=&#8220;default&#8220; height=&#8220;100vh&#8220; auto=&#8220;on&#8220; global_colors_info=&#8220;{}&#8220;][et_pb_slide _builder_version=&#8220;4.17.6&#8243; _module_preset=&#8220;default&#8220; background_color=&#8220;RGBA(255,255,255,0)&#8220; background_enable_color=&#8220;on&#8220; background_image=&#8220;https:\/\/www.myvacaya.com\/wp-content\/uploads\/2022\/09\/Piano-Desktop.jpeg&#8220; background_enable_image=&#8220;on&#8220; background_last_edited=&#8220;on|desktop&#8220; background_enable_color_phone=&#8220;off&#8220; background_image_phone=&#8220;https:\/\/www.myvacaya.com\/wp-content\/uploads\/2022\/11\/Piano-Mobile.jpeg&#8220; background_enable_image_phone=&#8220;on&#8220; global_colors_info=&#8220;{}&#8220; sticky_transition=&#8220;on&#8220;][\/et_pb_slide][\/et_pb_fullwidth_slider][\/et_pb_section][et_pb_section fb_built=&#8220;1&#8243; custom_padding_last_edited=&#8220;on|phone&#8220; _builder_version=&#8220;4.17.6&#8243; _module_preset=&#8220;default&#8220; custom_padding=&#8220;||||false|false&#8220; custom_padding_tablet=&#8220;||||false|false&#8220; custom_padding_phone=&#8220;||||false|false&#8220; global_colors_info=&#8220;{}&#8220;][et_pb_row column_structure=&#8220;1_4,3_4&#8243; custom_padding_last_edited=&#8220;on|desktop&#8220; _builder_version=&#8220;4.17.6&#8243; _module_preset=&#8220;default&#8220; custom_padding=&#8220;||||false|false&#8220; custom_padding_tablet=&#8220;||||false|false&#8220; custom_padding_phone=&#8220;||||false|false&#8220; global_colors_info=&#8220;{}&#8220;][et_pb_column type=&#8220;1_4&#8243; _builder_version=&#8220;4.17.6&#8243; _module_preset=&#8220;default&#8220; global_colors_info=&#8220;{}&#8220;][et_pb_image src=&#8220;https:\/\/www.myvacaya.com\/wp-content\/uploads\/2022\/09\/Rick-Leonard-2-834&#215;1024-1.jpeg&#8220; title_text=&#8220;Rick-Leonard-2-834&#215;1024&#8243; force_fullwidth=&#8220;on&#8220; _builder_version=&#8220;4.17.6&#8243; _module_preset=&#8220;default&#8220; global_colors_info=&#8220;{}&#8220;][\/et_pb_image][\/et_pb_column][et_pb_column type=&#8220;3_4&#8243; _builder_version=&#8220;4.17.6&#8243; _module_preset=&#8220;default&#8220; global_colors_info=&#8220;{}&#8220;][et_pb_text _builder_version=&#8220;4.17.6&#8243; _module_preset=&#8220;default&#8220; custom_margin=&#8220;||||false|false&#8220; custom_margin_tablet=&#8220;||||false|false&#8220; custom_margin_phone=&#8220;||||false|false&#8220; custom_margin_last_edited=&#8220;on|phone&#8220; global_colors_info=&#8220;{}&#8220;]Rick Leonard ist ein beliebter, erfahrener K\u00fcnstler und Musikdirektor, der dem Publikum in S\u00fcdflorida seit \u00fcber einem Jahrzehnt bekannt ist. Rick stammt aus New York City und genoss renommierte Residenzen an so ber\u00fchmten Veranstaltungsorten wie Tavern on the Green, The Russian Tea Room, The Firebird, One If By Land, Two If By Sea und vielen mehr.<\/p>\n<p>Als musikalischer Leiter gr\u00fcndete er The Cabaret by the Bay in Cherry Grove, NY, und pr\u00e4sentierte dort \u00fcber sieben Jahre lang erstklassige Kabarettk\u00fcnstler. Dar\u00fcber hinaus fungierte er als musikalischer Leiter f\u00fcr K\u00fcnstler wie Belinda Carlysle (The Go-Gos), Kimberley Locke ( <strong><em>American Idol<\/em><\/strong> und Hit-K\u00fcnstlerin), Shoshana Bean ( <strong><em>Wicked<\/em><\/strong> ) am Broadway, die ber\u00fchmte Schauspielerin Sally Struthers und viele mehr.<\/p>\n<p>In S\u00fcdflorida war Rick 10 Jahre lang der ans\u00e4ssige K\u00fcnstler im mittlerweile legend\u00e4ren Magnum Lounge Supper Club und trat in Veranstaltungsorten wie The Manor in Fort Lauderdale auf.<\/p>\n<p>Rick ist derzeit Gastk\u00fcnstler bei \u201eLive at the National\u201c im National Hotel in Miami Beach und freut sich, zu den fantastischen Talenten auf VACAYAs Kreuzfahrten mit gro\u00dfen Schiffen, Abenteuern auf kleinen Schiffen und All-Inclusive-Resorts zu geh\u00f6ren.<\/p>\n<p>Aus dieser Inspiration wurde VACAYA geboren. Der Name selbst spricht f\u00fcr das Konzept: \u201eVACAYA\u201c ist ein Wort aus <a href=\"https:\/\/theculturetrip.com\/europe\/united-kingdom\/england\/london\/articles\/this-secret-language-allowed-gay-men-to-communicate-when-homosexuality-was-illegal\/?utm_source=facebook&amp;utm_medium=facebook&amp;utm_campaign=072018secretlanguagegay\" target=\"_blank\" rel=\"noopener\">Polari<\/a> , einer jahrhundertealten Sprache, die von der schwulen Subkultur zur diskreten Kommunikation verwendet wird. Dar\u00fcber hinaus ist das umgangssprachliche Wort \u201evacay\u201c zu einem allt\u00e4glichen Begriff f\u00fcr Urlaub geworden. Zusammengenommen feiern die beiden Bedeutungen unsere LGBT-Identit\u00e4t und den integrativen, freudigen und uneingeschr\u00e4nkten Geist, den wir sch\u00e4tzen.<\/p>\n<p>John, Randle, Patrick und alle von The Vacayans laden Sie ein, sich neuen Erfahrungen, achtsamen Erkundungen, endlosem Spa\u00df und tieferen Verbindungen zu \u00f6ffnen \u2026 sie laden Sie zu VACAYA ein.[\/et_pb_text][\/et_pb_column][\/et_pb_row][\/et_pb_section]<\/p>\n","protected":false},"excerpt":{"rendered":"<p><div class=\"trip-overlay\"><div class=\"trip-title\"><h1>Reisepl\u00e4ttchen mit Titel \u2013 Nur Kreuzfahrten<\/h1><\/div><\/div>Rick Leonard ist ein beliebter, erfahrener K\u00fcnstler und Musikdirektor, der dem Publikum in S\u00fcdflorida seit \u00fcber einem Jahrzehnt bekannt ist. Rick stammt aus New York City und genoss renommierte Residenzen an so ber\u00fchmten Veranstaltungsorten wie Tavern on the Green, The Russian Tea Room, The Firebird, One If By Land, Two If By Sea und vielen [&hellip;]<\/p>\n","protected":false},"author":4,"featured_media":0,"parent":0,"menu_order":0,"comment_status":"closed","ping_status":"closed","template":"","meta":{"_acf_changed":false,"_et_pb_use_builder":"on","_et_pb_old_content":"","_et_gb_content_width":"","_monsterinsights_skip_tracking":false,"_monsterinsights_sitenote_active":false,"_monsterinsights_sitenote_note":"","_monsterinsights_sitenote_category":0,"footnotes":""},"class_list":["post-84675","page","type-page","status-publish","hentry"],"acf":[],"_links":{"self":[{"href":"https:\/\/www.myvacaya.com\/de\/wp-json\/wp\/v2\/pages\/84675","targetHints":{"allow":["GET"]}}],"collection":[{"href":"https:\/\/www.myvacaya.com\/de\/wp-json\/wp\/v2\/pages"}],"about":[{"href":"https:\/\/www.myvacaya.com\/de\/wp-json\/wp\/v2\/types\/page"}],"author":[{"embeddable":true,"href":"https:\/\/www.myvacaya.com\/de\/wp-json\/wp\/v2\/users\/4"}],"replies":[{"embeddable":true,"href":"https:\/\/www.myvacaya.com\/de\/wp-json\/wp\/v2\/comments?post=84675"}],"version-history":[{"count":10,"href":"https:\/\/www.myvacaya.com\/de\/wp-json\/wp\/v2\/pages\/84675\/revisions"}],"predecessor-version":[{"id":84753,"href":"https:\/\/www.myvacaya.com\/de\/wp-json\/wp\/v2\/pages\/84675\/revisions\/84753"}],"wp:attachment":[{"href":"https:\/\/www.myvacaya.com\/de\/wp-json\/wp\/v2\/media?parent=84675"}],"curies":[{"name":"wp","href":"https:\/\/api.w.org\/{rel}","templated":true}]}}