{"id":84607,"date":"2018-03-15T20:39:52","date_gmt":"2018-03-16T00:39:52","guid":{"rendered":"https:\/\/www.myvacaya.com\/entdecken\/gruppenverkauf\/"},"modified":"2023-08-02T16:45:35","modified_gmt":"2023-08-02T20:45:35","slug":"gruppenverkauf","status":"publish","type":"page","link":"https:\/\/www.myvacaya.com\/de\/entdecken\/gruppenverkauf\/","title":{"rendered":"Gruppenverkauf"},"content":{"rendered":"<p>[et_pb_section fb_built=&#8220;1&#8243; fullwidth=&#8220;on&#8220; admin_label=&#8220;Slider&#8220; module_id=&#8220;Schieberabschnitt-Innenraum&#8220; _builder_version=&#8220;4.17.6&#8243; _module_preset=&#8220;default&#8220; background_enable_image=&#8220;off&#8220; global_colors_info=&#8220;{}&#8220;][et_pb_fullwidth_code admin_label=&#8220;Slider Overlay&#8220; module_class=&#8220;interior-page-overlay&#8220; _builder_version=&#8220;4.17.6&#8243; _module_preset=&#8220;default&#8220; positioning=&#8220;absolute&#8220; position_origin_a=&#8220;top_right&#8220; position_origin_f=&#8220;top_right&#8220; z_index=&#8220;100&#8243; width=&#8220;50%&#8220; width_tablet=&#8220;50%&#8220; width_phone=&#8220;100%&#8220; width_last_edited=&#8220;on|phone&#8220; height=&#8220;100vh&#8220; hover_enabled=&#8220;0&#8243; global_colors_info=&#8220;{}&#8220; sticky_enabled=&#8220;0&#8243;]<div class=\"trip-overlay\"><div class=\"trip-title\"><h1>Gruppenverkauf<\/h1><\/div><\/div>[\/et_pb_fullwidth_code][et_pb_fullwidth_slider show_arrows=&#8220;off&#8220; admin_label=&#8220;Slider Images&#8220; module_id=&#8220;slider-images&#8220; _builder_version=&#8220;4.17.6&#8243; _module_preset=&#8220;default&#8220; height=&#8220;100vh&#8220; auto=&#8220;on&#8220; global_colors_info=&#8220;{}&#8220;][et_pb_slide _builder_version=&#8220;4.17.6&#8243; _module_preset=&#8220;default&#8220; background_color=&#8220;RGBA(255,255,255,0)&#8220; background_enable_color=&#8220;on&#8220; background_image=&#8220;https:\/\/www.myvacaya.com\/wp-content\/uploads\/2022\/09\/group-sales.jpg&#8220; background_enable_image=&#8220;on&#8220; background_last_edited=&#8220;on|desktop&#8220; background_image_phone=&#8220;https:\/\/www.myvacaya.com\/wp-content\/uploads\/2022\/11\/group-travel-mobile-414&#215;500-1.jpg&#8220; background_enable_image_phone=&#8220;on&#8220; global_colors_info=&#8220;{}&#8220; sticky_transition=&#8220;on&#8220;][\/et_pb_slide][\/et_pb_fullwidth_slider][\/et_pb_section][et_pb_section fb_built=&#8220;1&#8243; custom_padding_last_edited=&#8220;on|phone&#8220; _builder_version=&#8220;4.17.6&#8243; _module_preset=&#8220;default&#8220; custom_padding=&#8220;||0%||false|false&#8220; custom_padding_tablet=&#8220;||||false|false&#8220; custom_padding_phone=&#8220;||||false|false&#8220; global_colors_info=&#8220;{}&#8220;][et_pb_row custom_padding_last_edited=&#8220;on|desktop&#8220; _builder_version=&#8220;4.17.6&#8243; _module_preset=&#8220;default&#8220; custom_padding=&#8220;||0%||false|false&#8220; custom_padding_tablet=&#8220;||||false|false&#8220; custom_padding_phone=&#8220;||||false|false&#8220; global_colors_info=&#8220;{}&#8220;][et_pb_column type=&#8220;4_4&#8243; _builder_version=&#8220;4.17.6&#8243; _module_preset=&#8220;default&#8220; global_colors_info=&#8220;{}&#8220;][et_pb_text _builder_version=&#8220;4.17.6&#8243; _module_preset=&#8220;default&#8220; custom_margin=&#8220;||||false|false&#8220; custom_margin_tablet=&#8220;||||false|false&#8220; custom_margin_phone=&#8220;||||false|false&#8220; custom_margin_last_edited=&#8220;on|phone&#8220; global_colors_info=&#8220;{}&#8220;]Reisen mit Freunden ist ein gro\u00dfer Teil des LGBT+-Urlaubserlebnisses. Ganz gleich, ob Sie und Ihr Kicher <b><span style=\"color: #ffcc00;\"><span style=\"color: #ffff00;\">*<\/span><\/span><\/b> 2 oder 50 Zimmer suchen, das Online-Buchungstool von VACAYA macht es einfacher als je zuvor.[\/et_pb_text][et_pb_text admin_label=&#8220;Section Title &#8211; H3&#8243; _builder_version=&#8220;4.17.6&#8243; _module_preset=&#8220;default&#8220; header_3_font=&#8220;Futura Bold|||on|||||&#8220; header_3_text_align=&#8220;center&#8220; header_3_text_color=&#8220;#000000&#8243; header_3_font_size=&#8220;18px&#8220; header_3_letter_spacing=&#8220;1.8px&#8220; header_3_line_height=&#8220;24px&#8220; custom_margin=&#8220;||||false|false&#8220; custom_margin_tablet=&#8220;||||false|false&#8220; custom_margin_phone=&#8220;||||false|false&#8220; custom_margin_last_edited=&#8220;on|phone&#8220; custom_padding=&#8220;||||false|false&#8220; custom_padding_tablet=&#8220;||||false|false&#8220; custom_padding_phone=&#8220;||||false|false&#8220; custom_padding_last_edited=&#8220;on|phone&#8220; global_colors_info=&#8220;{}&#8220;]<\/p>\n<h3>So buchen Sie Ihre Gruppe \u2013 Best Practices<\/h3>\n<p>[\/et_pb_text][et_pb_text _builder_version=&#8220;4.17.6&#8243; _module_preset=&#8220;default&#8220; global_colors_info=&#8220;{}&#8220;]Wenn Ihre Gruppe nebeneinanderliegende Zimmer oder sogar benachbarte Zimmer zu unterschiedlichen Preisen sucht, sind wir sicher, dass Sie eine Gruppenbuchung selbst durchf\u00fchren k\u00f6nnen. Und hier sind ein paar Tipps, die Ihnen dabei helfen:<\/p>\n<ul>\n<li>Beginnen Sie damit, Ihre Gruppe per Telefongespr\u00e4ch (oder noch besser: pers\u00f6nlich bei einem Cocktail!) zusammenzubringen. Sobald alle zusammen sind, weisen Sie einen Gruppenleiter zu, der moderieren kann. Vertrauen Sie uns&#8230; Sie werden Ihre eigene Julie McCoy wollen.<span style=\"color: #ffff00;\"><strong>**<\/strong><\/span><\/li>\n<li>Schauen Sie sich den statischen Deckplan\/Resortplan f\u00fcr die Reise an, an der Sie und Ihre Freunde interessiert sind (diese finden Sie auf der Seite \u201ePREISE\u201c f\u00fcr jede Reise).<\/li>\n<li>W\u00e4hlen Sie einen allgemeinen Interessenbereich auf dem Schiff\/im Resort aus. Wo sollen die R\u00e4ume Ihrer Gruppe liegen?<\/li>\n<li>Sie buchen jedes Zimmer einzeln direkt auf unserer Website, daher ist es am besten, alle gleichzeitig zu buchen, um sicherzustellen, dass jeder in Ihrer N\u00e4he genau das Zimmer bekommt, das er m\u00f6chte.<\/li>\n<li>Sobald Sie zur Option JETZT BUCHEN weitergeleitet haben, zeigt unser Online-Buchungstool den aktuell verf\u00fcgbaren Bestand an. Suchen Sie ausgehend von Ihren ersten Recherchen einfach nach dem Interessengebiet, um zu sehen, ob diese R\u00e4ume noch verf\u00fcgbar sind. Ob vom Desktop, Tablet oder Mobilger\u00e4t aus, jeder kann sich die \u201eLive\u201c-Deckpl\u00e4ne ansehen und die verf\u00fcgbaren R\u00e4ume in Echtzeit sehen.<\/li>\n<li>Unser System erm\u00f6glicht es Ihnen, den von Ihnen gew\u00e4hlten Raum bis zu 30 Minuten lang zu halten, w\u00e4hrend Ihre Freunde auch ihre eigenen R\u00e4ume nebeneinander oder in der N\u00e4he in die Warteschleife stellen. Sobald jeder von Ihnen sein Wunschzimmer in die Warteschleife gestellt hat, k\u00f6nnen Sie gleichzeitig mit dem Auschecken fortfahren.<\/li>\n<\/ul>\n<p>Es gibt wirklich keinen besseren Weg, mit VACAYA zu reisen, als mit Ihren Freunden benachbarte Zimmer zu buchen und direkt auf dem Schiff Ihre eigene kleine Nachbarschaft zu schaffen!<\/p>\n<p>&nbsp;<\/p>\n<p><span style=\"color: #ffff00;\"><strong>*<\/strong><\/span> Fr\u00fcher war eine Gruppe von Schwulen als \u201eGaggle\u201c bekannt, aber jetzt ist es \u201eGiggle\u201c. Gern geschehen.<\/p>\n<p><span style=\"color: #ffff00;\"><strong>**<\/strong><\/span> Wenn Sie unter 30 sind, bezieht sich \u201eJulie McCoy\u201c auf die ber\u00fchmte Kreuzfahrtregisseurin aus der ABC-Kom\u00f6die <em>\u201eThe Love Boat\u201c<\/em> aus den 70er\/80er Jahren. Gern geschehen&#8230; nochmal.[\/et_pb_text][\/et_pb_column][\/et_pb_row][\/et_pb_section][et_pb_section fb_built=&#8220;1&#8243; admin_label=&#8220;Trip Tiles with Divider and Title&#8220; _builder_version=&#8220;4.17.6&#8243; _module_preset=&#8220;default&#8220; global_colors_info=&#8220;{}&#8220;][et_pb_row _builder_version=&#8220;4.17.6&#8243; _module_preset=&#8220;default&#8220; global_colors_info=&#8220;{}&#8220;][et_pb_column type=&#8220;4_4&#8243; _builder_version=&#8220;4.17.6&#8243; _module_preset=&#8220;default&#8220; global_colors_info=&#8220;{}&#8220;][et_pb_divider color=&#8220;#000000&#8243; divider_position=&#8220;center&#8220; _builder_version=&#8220;4.17.6&#8243; _module_preset=&#8220;default&#8220; global_colors_info=&#8220;{}&#8220;][\/et_pb_divider][\/et_pb_column][\/et_pb_row][et_pb_row _builder_version=&#8220;4.17.6&#8243; _module_preset=&#8220;default&#8220; global_colors_info=&#8220;{}&#8220;][et_pb_column type=&#8220;4_4&#8243; _builder_version=&#8220;4.17.6&#8243; _module_preset=&#8220;default&#8220; global_colors_info=&#8220;{}&#8220;][et_pb_text admin_label=&#8220;Section Title &#8211; H3&#8243; _builder_version=&#8220;4.17.6&#8243; _module_preset=&#8220;default&#8220; header_3_font=&#8220;Futura Bold|||on|||||&#8220; header_3_text_align=&#8220;center&#8220; header_3_text_color=&#8220;#000000&#8243; header_3_font_size=&#8220;18px&#8220; header_3_letter_spacing=&#8220;1.8px&#8220; header_3_line_height=&#8220;24px&#8220; custom_margin=&#8220;||||false|false&#8220; custom_margin_tablet=&#8220;||||false|false&#8220; custom_margin_phone=&#8220;||||false|false&#8220; custom_margin_last_edited=&#8220;on|phone&#8220; custom_padding=&#8220;||||false|false&#8220; global_colors_info=&#8220;{}&#8220;]<\/p>\n<h3>WENN SIE DIE HEISSESTEN LGBT+-URLAUBE AUF DEM PLANETEN NOCH NICHT GEBUCHT HABEN,<br \/>\nWORAUF WARTEST DU? Schauen Sie sie sich unten an!<\/h3>\n<p>[\/et_pb_text][\/et_pb_column][\/et_pb_row][et_pb_row _builder_version=&#8220;4.17.6&#8243; _module_preset=&#8220;default&#8220; global_colors_info=&#8220;{}&#8220;][et_pb_column type=&#8220;4_4&#8243; _builder_version=&#8220;4.17.6&#8243; _module_preset=&#8220;default&#8220; global_colors_info=&#8220;{}&#8220;][et_pb_text _builder_version=&#8220;4.17.6&#8243; _module_preset=&#8220;default&#8220; global_colors_info=&#8220;{}&#8220;]<div id=\"ajax-load-more\" class=\"ajax-load-more-wrap default\" data-id=\"experience-items\" data-alm-id=\"\" data-canonical-url=\"https:\/\/www.myvacaya.com\/de\/entdecken\/gruppenverkauf\/\" data-slug=\"gruppenverkauf\" data-post-id=\"84607\"  data-localized=\"ajax_load_more_experience_items_vars\" data-alm-object=\"ajax_load_more_experience_items\"><ul aria-live=\"polite\" aria-atomic=\"true\" class=\"alm-listing alm-ajax\" data-container-type=\"ul\" data-loading-style=\"default\" data-repeater=\"template_1\" data-post-type=\"trip\" data-meta-key=\"show_trip_tile\" data-meta-value=\"1\" data-custom-args=\"post_parent: 0\" data-order=\"ASC\" data-orderby=\"date\" data-offset=\"0\" data-posts-per-page=\"20\" data-lang=\"de\" data-scroll=\"false\" data-button-label=\"Load More\" data-prev-button-label=\"Load Previous\" data-destroy-after=\"1\"><\/ul><div class=\"alm-btn-wrap\" data-rel=\"ajax-load-more\"><button class=\"alm-load-more-btn\" type=\"button\">Load More<\/button><\/div><\/div>[\/et_pb_text][\/et_pb_column][\/et_pb_row][\/et_pb_section]<\/p>\n","protected":false},"excerpt":{"rendered":"<p><div class=\"trip-overlay\"><div class=\"trip-title\"><h1>Reisepl\u00e4ttchen mit Titel \u2013 Nur Kreuzfahrten<\/h1><\/div><\/div>Reisen mit Freunden ist ein gro\u00dfer Teil des LGBT+-Urlaubserlebnisses. Ganz gleich, ob Sie und Ihr Kicher * 2 oder 50 Zimmer suchen, das Online-Buchungstool von VACAYA macht es einfacher als je zuvor.So buchen Sie Ihre Gruppe \u2013 Best PracticesWenn Ihre Gruppe nebeneinanderliegende Zimmer oder sogar benachbarte Zimmer zu unterschiedlichen Preisen sucht, sind wir sicher, dass [&hellip;]<\/p>\n","protected":false},"author":1,"featured_media":0,"parent":84362,"menu_order":0,"comment_status":"closed","ping_status":"closed","template":"","meta":{"_acf_changed":false,"_et_pb_use_builder":"on","_et_pb_old_content":"","_et_gb_content_width":"","_monsterinsights_skip_tracking":false,"_monsterinsights_sitenote_active":false,"_monsterinsights_sitenote_note":"","_monsterinsights_sitenote_category":0,"footnotes":""},"class_list":["post-84607","page","type-page","status-publish","hentry"],"acf":[],"_links":{"self":[{"href":"https:\/\/www.myvacaya.com\/de\/wp-json\/wp\/v2\/pages\/84607","targetHints":{"allow":["GET"]}}],"collection":[{"href":"https:\/\/www.myvacaya.com\/de\/wp-json\/wp\/v2\/pages"}],"about":[{"href":"https:\/\/www.myvacaya.com\/de\/wp-json\/wp\/v2\/types\/page"}],"author":[{"embeddable":true,"href":"https:\/\/www.myvacaya.com\/de\/wp-json\/wp\/v2\/users\/1"}],"replies":[{"embeddable":true,"href":"https:\/\/www.myvacaya.com\/de\/wp-json\/wp\/v2\/comments?post=84607"}],"version-history":[{"count":1,"href":"https:\/\/www.myvacaya.com\/de\/wp-json\/wp\/v2\/pages\/84607\/revisions"}],"predecessor-version":[{"id":84623,"href":"https:\/\/www.myvacaya.com\/de\/wp-json\/wp\/v2\/pages\/84607\/revisions\/84623"}],"up":[{"embeddable":true,"href":"https:\/\/www.myvacaya.com\/de\/wp-json\/wp\/v2\/pages\/84362"}],"wp:attachment":[{"href":"https:\/\/www.myvacaya.com\/de\/wp-json\/wp\/v2\/media?parent=84607"}],"curies":[{"name":"wp","href":"https:\/\/api.w.org\/{rel}","templated":true}]}}