{"id":84530,"date":"2018-03-08T23:35:14","date_gmt":"2018-03-09T04:35:14","guid":{"rendered":"https:\/\/www.myvacaya.com\/travel-pro-ressourcen\/anmeldung\/"},"modified":"2024-04-30T14:13:49","modified_gmt":"2024-04-30T18:13:49","slug":"anmeldung","status":"publish","type":"page","link":"https:\/\/www.myvacaya.com\/de\/travel-pro-ressourcen\/anmeldung\/","title":{"rendered":"Anmeldung"},"content":{"rendered":"<p>[et_pb_section fb_built=&#8220;1&#8243; fullwidth=&#8220;on&#8220; admin_label=&#8220;Slider&#8220; module_id=&#8220;Schieberabschnitt-Innenraum&#8220; _builder_version=&#8220;4.17.6&#8243; _module_preset=&#8220;default&#8220; background_enable_image=&#8220;off&#8220; global_colors_info=&#8220;{}&#8220;][et_pb_fullwidth_code admin_label=&#8220;Slider Overlay&#8220; module_class=&#8220;interior-page-overlay&#8220; _builder_version=&#8220;4.17.6&#8243; _module_preset=&#8220;default&#8220; positioning=&#8220;absolute&#8220; position_origin_a=&#8220;top_right&#8220; position_origin_f=&#8220;top_right&#8220; z_index=&#8220;100&#8243; width=&#8220;50%&#8220; width_tablet=&#8220;50%&#8220; width_phone=&#8220;100%&#8220; width_last_edited=&#8220;on|phone&#8220; height=&#8220;100vh&#8220; global_colors_info=&#8220;{}&#8220;]<div class=\"trip-overlay\"><div class=\"trip-title\"><h1>Anmeldung<\/h1><\/div><\/div>[\/et_pb_fullwidth_code][et_pb_fullwidth_slider show_arrows=&#8220;off&#8220; admin_label=&#8220;Slider Images&#8220; module_id=&#8220;slider-images&#8220; _builder_version=&#8220;4.17.6&#8243; _module_preset=&#8220;default&#8220; height=&#8220;100vh&#8220; auto=&#8220;on&#8220; global_colors_info=&#8220;{}&#8220;][et_pb_slide _builder_version=&#8220;4.17.6&#8243; _module_preset=&#8220;default&#8220; background_color=&#8220;RGBA(255,255,255,0)&#8220; background_enable_color=&#8220;on&#8220; background_image=&#8220;https:\/\/www.myvacaya.com\/wp-content\/uploads\/2022\/09\/travel-agents-login-1.jpg&#8220; background_enable_image=&#8220;on&#8220; background_last_edited=&#8220;on|desktop&#8220; background_image_phone=&#8220;https:\/\/www.myvacaya.com\/wp-content\/uploads\/2022\/11\/travelpro-login-mobile-414&#215;500-1.jpg&#8220; background_enable_image_phone=&#8220;on&#8220; global_colors_info=&#8220;{}&#8220; sticky_transition=&#8220;on&#8220;][\/et_pb_slide][\/et_pb_fullwidth_slider][\/et_pb_section][et_pb_section fb_built=&#8220;1&#8243; custom_padding_last_edited=&#8220;on|phone&#8220; _builder_version=&#8220;4.17.6&#8243; _module_preset=&#8220;default&#8220; custom_padding=&#8220;||||false|false&#8220; custom_padding_tablet=&#8220;||||false|false&#8220; custom_padding_phone=&#8220;||||false|false&#8220; global_colors_info=&#8220;{}&#8220;][et_pb_row custom_padding_last_edited=&#8220;on|desktop&#8220; _builder_version=&#8220;4.17.6&#8243; _module_preset=&#8220;default&#8220; custom_padding=&#8220;||||false|false&#8220; custom_padding_tablet=&#8220;||||false|false&#8220; custom_padding_phone=&#8220;||||false|false&#8220; global_colors_info=&#8220;{}&#8220;][et_pb_column type=&#8220;4_4&#8243; _builder_version=&#8220;4.17.6&#8243; _module_preset=&#8220;default&#8220; global_colors_info=&#8220;{}&#8220;][et_pb_text admin_label=&#8220;Section Title &#8211; H3&#8243; _builder_version=&#8220;4.17.6&#8243; _module_preset=&#8220;default&#8220; header_3_font=&#8220;Futura Bold|||on|||||&#8220; header_3_text_align=&#8220;center&#8220; header_3_text_color=&#8220;#000000&#8243; header_3_font_size=&#8220;18px&#8220; header_3_letter_spacing=&#8220;1.8px&#8220; header_3_line_height=&#8220;24px&#8220; custom_margin=&#8220;||||false|false&#8220; custom_margin_tablet=&#8220;||||false|false&#8220; custom_margin_phone=&#8220;||||false|false&#8220; custom_margin_last_edited=&#8220;on|phone&#8220; custom_padding=&#8220;||||false|false&#8220; custom_padding_tablet=&#8220;||||false|false&#8220; custom_padding_phone=&#8220;||||false|false&#8220; custom_padding_last_edited=&#8220;on|desktop&#8220; global_colors_info=&#8220;{}&#8220;]<\/p>\n<h3>Willkommen bei VACAYA!<\/h3>\n<p>[\/et_pb_text][\/et_pb_column][\/et_pb_row][et_pb_row column_structure=&#8220;2_3,1_3&#8243; _builder_version=&#8220;4.17.6&#8243; _module_preset=&#8220;default&#8220; global_colors_info=&#8220;{}&#8220;][et_pb_column type=&#8220;2_3&#8243; _builder_version=&#8220;4.17.6&#8243; _module_preset=&#8220;default&#8220; global_colors_info=&#8220;{}&#8220;][et_pb_text _builder_version=&#8220;4.17.6&#8243; _module_preset=&#8220;default&#8220; global_colors_info=&#8220;{}&#8220;]VACAYA \/vuh kai&#8216; uh\/ ist ein v\u00f6llig neuer Akteur in der umfassenden LGBTQ-Reiselandschaft und bietet unseren Reiseb\u00fcrokollegen eine echte Partnerschaft \u2013 eine Partnerschaft, die auf klarer, zeitnaher Kommunikation basiert; unendlicher Respekt f\u00fcr Ihren Beitrag zu unserem gemeinsamen Erfolg; und robuste Standardprovisionen und Bonuspr\u00e4mien.<\/p>\n<p>Wir sind zuversichtlich, dass Sie in VACAYA einen begeisterten Partner finden werden. Tats\u00e4chlich k\u00f6nnen wir es kaum erwarten, mit dem Aufbau unserer Beziehung zu Ihnen zu beginnen!<\/p>\n<p>Mit dem hochmodernen Online-Reservierungsmanagementsystem von VACAYA war es noch nie so einfach, Provisionen zu verdienen. Buchungen \u00fcber unser Nur-Agenten-Portal dauern von Anfang bis Ende weniger als 5 Minuten und k\u00f6nnen buchst\u00e4blich von \u00fcberall auf der Welt rund um die Uhr vorgenommen werden.<\/p>\n<p>Und nat\u00fcrlich stehen Ihnen die Vacayans jederzeit mit Rat und Tat zur Seite, wenn Sie VACAYA verkaufen m\u00f6chten. Unsere Standard-Telefonzeiten sind Montag bis Freitag von 10:00 bis 13:00 Uhr und von 14:00 bis 17:00 Uhr ET. Wenn Sie au\u00dferhalb dieser Zeiten Hilfe ben\u00f6tigen, wenden Sie sich einfach per E-Mail an <strong><a href=\"mailto:travelagents@myvacaya.com\" target=\"_blank\" rel=\"noopener\">travelagents@myvacaya.com<\/a><\/strong> . Wir werden uns so schnell wie m\u00f6glich bei Ihnen melden .[\/et_pb_text][\/et_pb_column][et_pb_column type=&#8220;1_3&#8243; _builder_version=&#8220;4.17.6&#8243; _module_preset=&#8220;default&#8220; global_colors_info=&#8220;{}&#8220;][revslider_divi revslider_divi=&#8220;%91rev_slider alias=%22travel-agent-randle%22 slidertitle=%22Travel Agent &#8211; Randle%22%93%91\/rev_slider%93&#8243; _builder_version=&#8220;4.17.6&#8243; _module_preset=&#8220;default&#8220; global_colors_info=&#8220;{}&#8220;][\/revslider_divi][\/et_pb_column][\/et_pb_row][et_pb_row _builder_version=&#8220;4.17.6&#8243; _module_preset=&#8220;default&#8220; global_colors_info=&#8220;{}&#8220;][et_pb_column type=&#8220;4_4&#8243; _builder_version=&#8220;4.17.6&#8243; _module_preset=&#8220;default&#8220; global_colors_info=&#8220;{}&#8220;][et_pb_text admin_label=&#8220;Section Title &#8211; H3&#8243; _builder_version=&#8220;4.17.6&#8243; _module_preset=&#8220;default&#8220; header_3_font=&#8220;Futura Bold|||on|||||&#8220; header_3_text_align=&#8220;center&#8220; header_3_text_color=&#8220;#000000&#8243; header_3_font_size=&#8220;18px&#8220; header_3_letter_spacing=&#8220;1.8px&#8220; header_3_line_height=&#8220;24px&#8220; custom_margin=&#8220;||||false|false&#8220; custom_margin_tablet=&#8220;||||false|false&#8220; custom_margin_phone=&#8220;||||false|false&#8220; custom_margin_last_edited=&#8220;on|phone&#8220; custom_padding=&#8220;||||false|false&#8220; custom_padding_tablet=&#8220;||||false|false&#8220; custom_padding_phone=&#8220;||||false|false&#8220; custom_padding_last_edited=&#8220;on|phone&#8220; global_colors_info=&#8220;{}&#8220;]<\/p>\n<h3>REGISTRIEREN SIE SICH, UM EIN BEVORZUGTER VACAYA TRAVEL PROFESSIONAL ZU WERDEN<\/h3>\n<p>[\/et_pb_text][et_pb_text _builder_version=&#8220;4.17.6&#8243; _module_preset=&#8220;default&#8220; global_colors_info=&#8220;{}&#8220;]<\/p>\n<ol>\n<li>Registrieren Sie sich <strong><a href=\"https:\/\/www.myvacaya.com\/de\/travel-pro-ressourcen\/registrieren\/\">HIER<\/a><\/strong> . Sie ben\u00f6tigen eine professionelle Akkreditierung. Wir akzeptieren CLIA, IATAN oder IATA. Um ein akkreditierter Reiseprofi zu werden, besuchen Sie bitte:\n<ul>\n<li><strong><a href=\"http:\/\/bit.ly\/2i9BFtS\" target=\"_blank\" rel=\"noopener\">CLIA<\/a><\/strong><\/li>\n<li><strong><a href=\"http:\/\/bit.ly\/2fQ5Vcq\" target=\"_blank\" rel=\"noopener\">IATAN<\/a><\/strong><\/li>\n<li><strong><a href=\"http:\/\/bit.ly\/2rSisOp\" target=\"_blank\" rel=\"noopener\">IATA<\/a><\/strong><\/li>\n<\/ul>\n<\/li>\n<li>Reichen Sie ein beh\u00f6rdliches W-9 ein (nur US-Reiseb\u00fcros, <strong><a href=\"https:\/\/www.irs.gov\/pub\/irs-pdf\/fw9.pdf\" target=\"_blank\" rel=\"noopener\">HIER<\/a><\/strong> herunterladen). E-Mail an <strong><a href=\"mailto:travelagents@myvacaya.com\" target=\"_blank\" rel=\"noopener\">travelagents@myvacaya.com<\/a><\/strong> .<\/li>\n<\/ol>\n<p>Sobald Sie die oben genannten Schritte ausgef\u00fchrt haben, erhalten Sie von uns eine Best\u00e4tigungs-E-Mail mit einer kurzen Anleitung zu unserem Reservierungssystem, einschlie\u00dflich Anweisungen f\u00fcr die erstmalige Anmeldung. Wenn Sie nach Abschluss des Tutorials Fragen haben, stehen wir Ihnen selbstverst\u00e4ndlich gerne zur Verf\u00fcgung. Senden Sie Ihre Fragen einfach per E-Mail an <strong><a href=\"mailto:travelagents@myvacaya.com\" target=\"_blank\" rel=\"noopener\">travelagents@myvacaya.com<\/a><\/strong> .[\/et_pb_text][\/et_pb_column][\/et_pb_row][et_pb_row _builder_version=&#8220;4.17.6&#8243; _module_preset=&#8220;default&#8220; global_colors_info=&#8220;{}&#8220;][et_pb_column type=&#8220;4_4&#8243; _builder_version=&#8220;4.17.6&#8243; _module_preset=&#8220;default&#8220; global_colors_info=&#8220;{}&#8220;][et_pb_text admin_label=&#8220;Section Title &#8211; H3&#8243; _builder_version=&#8220;4.17.6&#8243; _module_preset=&#8220;default&#8220; header_3_font=&#8220;Futura Bold|||on|||||&#8220; header_3_text_align=&#8220;center&#8220; header_3_text_color=&#8220;#000000&#8243; header_3_font_size=&#8220;18px&#8220; header_3_letter_spacing=&#8220;1.8px&#8220; header_3_line_height=&#8220;24px&#8220; custom_margin=&#8220;||||false|false&#8220; custom_margin_tablet=&#8220;||||false|false&#8220; custom_margin_phone=&#8220;||||false|false&#8220; custom_margin_last_edited=&#8220;on|phone&#8220; custom_padding=&#8220;||||false|false&#8220; custom_padding_tablet=&#8220;||||false|false&#8220; custom_padding_phone=&#8220;||||false|false&#8220; custom_padding_last_edited=&#8220;on|phone&#8220; global_colors_info=&#8220;{}&#8220;]<\/p>\n<h3>BEREITS BEI VACAYA REGISTRIERT? Wenn ja, melden Sie sich bitte hier an:<\/h3>\n<p>[\/et_pb_text][et_pb_text _builder_version=&#8220;4.17.6&#8243; _module_preset=&#8220;default&#8220; global_colors_info=&#8220;{}&#8220;]<div id=\"wppb-login-wrap\" class=\"wppb-user-forms\">\n\t\t<form name=\"wppb-loginform\" id=\"wppb-loginform\" class=\"\" action=\"https:\/\/www.myvacaya.com\/de\/wp-json\/wp\/v2\/pages\/84530\" method=\"post\">\n\t\t\t\n\t\t\t<p class=\"wppb-form-field login-username\">\n\t\t\t\t<label for=\"wppb_user_login\">E-Mail<\/label>\n\t\t\t\t<input type=\"email\" name=\"log\" id=\"wppb_user_login\" class=\"input\" value=\"\" size=\"20\" \/>\n\t\t\t<\/p>\n\t\t\t<p class=\"wppb-form-field login-password\">\n\t\t\t\t<label for=\"wppb_user_pass\">Passwort<\/label>\n\t\t\t\t<span class=\"wppb-password-field-container\">\n\t\t\t\t    <input type=\"password\" name=\"pwd\" id=\"wppb_user_pass\" class=\"input\" value=\"\" size=\"20\" \/>\n\t\t\t\t     <!-- add the HTML for the visibility toggle -->\n\t\t\t\t<\/span>\n            <\/p>\n\t\t\t\n\t\t\t\n\t\t\t<p class=\"wppb-form-field login-remember\"><input name=\"rememberme\" type=\"checkbox\" id=\"rememberme\" value=\"forever\" \/><label for=\"rememberme\">Angemeldet bleiben<\/label><\/p>\n\t\t\t<p class=\"login-submit\">\n\t\t\t\t<input type=\"submit\" name=\"wp-submit\" id=\"wppb-submit\" class=\"button button-primary\" value=\"Anmelden\"\" \/>\n\t\t\t\t<input type=\"hidden\" name=\"redirect_to\" value=\"\/travel-pro-resources\/selling-and-marketing-with-vacaya\/\" \/>\n\t\t\t<\/p>\n\t\t\t<input type=\"hidden\" name=\"wppb_login\" value=\"true\"\/>\n\t\t\t<input type=\"hidden\" name=\"wppb_form_location\" value=\"widget\"\/>\n\t\t\t<input type=\"hidden\" name=\"wppb_request_url\" value=\"https:\/\/www.myvacaya.com\/de\/wp-json\/wp\/v2\/pages\/84530\"\/>\n\t\t\t<input type=\"hidden\" name=\"wppb_lostpassword_url\" value=\"\/travel-pro-resources\/reset-password\/\"\/>\n\t\t\t<input type=\"hidden\" name=\"wppb_redirect_priority\" value=\"normal\"\/>\n\t\t\t<input type=\"hidden\" name=\"wppb_referer_url\" value=\"\"\/>\n\t\t\t<input type=\"hidden\" id=\"CSRFToken-wppb\" name=\"CSRFToken-wppb\" value=\"34ce8e7c4d\" \/><input type=\"hidden\" name=\"_wp_http_referer\" value=\"\/de\/wp-json\/wp\/v2\/pages\/84530\" \/>\n\t\t\t<input type=\"hidden\" name=\"wppb_redirect_check\" value=\"true\"\/>\n\t\t\t\n\t\t<\/form><script>window.onload = function() { jQuery(document).ready(function($) { $(\"input[name=\\\"log\\\"]\").on(\"keyup\", function() { $(this).val( $.trim($(this).val()) ); }); }); }<\/script><p class=\"login-register-lost-password\"><a class=\"login-register\" href=\"\/travel-pro-resources\/register\/\">Registrieren<\/a><span class=\"login-separator\"> | <\/span><a class=\"login-lost-password\" href=\"\/travel-pro-resources\/reset-password\/\">Passwort vergessen?<\/a><\/p><\/div>[\/et_pb_text][\/et_pb_column][\/et_pb_row][et_pb_row _builder_version=&#8220;4.17.6&#8243; _module_preset=&#8220;default&#8220; global_colors_info=&#8220;{}&#8220;][et_pb_column type=&#8220;4_4&#8243; _builder_version=&#8220;4.17.6&#8243; _module_preset=&#8220;default&#8220; global_colors_info=&#8220;{}&#8220;][et_pb_text admin_label=&#8220;Section Title &#8211; H3&#8243; _builder_version=&#8220;4.17.6&#8243; _module_preset=&#8220;default&#8220; header_3_font=&#8220;Futura Bold|||on|||||&#8220; header_3_text_align=&#8220;center&#8220; header_3_text_color=&#8220;#000000&#8243; header_3_font_size=&#8220;18px&#8220; header_3_letter_spacing=&#8220;1.8px&#8220; header_3_line_height=&#8220;24px&#8220; custom_margin=&#8220;||||false|false&#8220; custom_margin_tablet=&#8220;||||false|false&#8220; custom_margin_phone=&#8220;||||false|false&#8220; custom_margin_last_edited=&#8220;on|phone&#8220; custom_padding=&#8220;||||false|false&#8220; custom_padding_tablet=&#8220;||||false|false&#8220; custom_padding_phone=&#8220;||||false|false&#8220; custom_padding_last_edited=&#8220;on|phone&#8220; global_colors_info=&#8220;{}&#8220;]<\/p>\n<h3>Verkauf und Marketing mit VACAYA<\/h3>\n<p>[\/et_pb_text][et_pb_text _builder_version=&#8220;4.23.4&#8243; _module_preset=&#8220;default&#8220; hover_enabled=&#8220;0&#8243; global_colors_info=&#8220;{}&#8220; sticky_enabled=&#8220;0&#8243;]<a class=\"btn-pink-inline\" href=\"https:\/\/www.myvacaya.com\/de\/travel-pro-ressourcen\/verkauf-und-marketing-mit-vacaya\/\"><span>Klicken Sie hier<\/span><\/a>[\/et_pb_text][\/et_pb_column][\/et_pb_row][\/et_pb_section]<\/p>\n","protected":false},"excerpt":{"rendered":"<p><div class=\"trip-overlay\"><div class=\"trip-title\"><h1>Reisepl\u00e4ttchen mit Titel \u2013 Nur Kreuzfahrten<\/h1><\/div><\/div>Willkommen bei VACAYA!VACAYA \/vuh kai&#8216; uh\/ ist ein v\u00f6llig neuer Akteur in der umfassenden LGBTQ-Reiselandschaft und bietet unseren Reiseb\u00fcrokollegen eine echte Partnerschaft \u2013 eine Partnerschaft, die auf klarer, zeitnaher Kommunikation basiert; unendlicher Respekt f\u00fcr Ihren Beitrag zu unserem gemeinsamen Erfolg; und robuste Standardprovisionen und Bonuspr\u00e4mien. Wir sind zuversichtlich, dass Sie in VACAYA einen begeisterten Partner [&hellip;]<\/p>\n","protected":false},"author":1,"featured_media":0,"parent":84484,"menu_order":0,"comment_status":"closed","ping_status":"closed","template":"","meta":{"_acf_changed":false,"_et_pb_use_builder":"on","_et_pb_old_content":"","_et_gb_content_width":"","_monsterinsights_skip_tracking":false,"_monsterinsights_sitenote_active":false,"_monsterinsights_sitenote_note":"","_monsterinsights_sitenote_category":0,"footnotes":""},"class_list":["post-84530","page","type-page","status-publish","hentry"],"acf":[],"_links":{"self":[{"href":"https:\/\/www.myvacaya.com\/de\/wp-json\/wp\/v2\/pages\/84530","targetHints":{"allow":["GET"]}}],"collection":[{"href":"https:\/\/www.myvacaya.com\/de\/wp-json\/wp\/v2\/pages"}],"about":[{"href":"https:\/\/www.myvacaya.com\/de\/wp-json\/wp\/v2\/types\/page"}],"author":[{"embeddable":true,"href":"https:\/\/www.myvacaya.com\/de\/wp-json\/wp\/v2\/users\/1"}],"replies":[{"embeddable":true,"href":"https:\/\/www.myvacaya.com\/de\/wp-json\/wp\/v2\/comments?post=84530"}],"version-history":[{"count":5,"href":"https:\/\/www.myvacaya.com\/de\/wp-json\/wp\/v2\/pages\/84530\/revisions"}],"predecessor-version":[{"id":151404,"href":"https:\/\/www.myvacaya.com\/de\/wp-json\/wp\/v2\/pages\/84530\/revisions\/151404"}],"up":[{"embeddable":true,"href":"https:\/\/www.myvacaya.com\/de\/wp-json\/wp\/v2\/pages\/84484"}],"wp:attachment":[{"href":"https:\/\/www.myvacaya.com\/de\/wp-json\/wp\/v2\/media?parent=84530"}],"curies":[{"name":"wp","href":"https:\/\/api.w.org\/{rel}","templated":true}]}}