{"id":84425,"date":"2018-02-10T15:13:57","date_gmt":"2018-02-10T20:13:57","guid":{"rendered":"https:\/\/www.myvacaya.com\/ueber-vacaya\/unser-name\/"},"modified":"2026-01-06T16:19:04","modified_gmt":"2026-01-06T21:19:04","slug":"unser-name","status":"publish","type":"page","link":"https:\/\/www.myvacaya.com\/de\/ueber-vacaya\/unser-name\/","title":{"rendered":"Unser Name"},"content":{"rendered":"<p>[et_pb_section fb_built=&#8220;1&#8243; fullwidth=&#8220;on&#8220; admin_label=&#8220;Slider&#8220; module_id=&#8220;Schieberabschnitt-Innenraum&#8220; _builder_version=&#8220;4.17.6&#8243; _module_preset=&#8220;default&#8220; background_enable_image=&#8220;off&#8220; global_colors_info=&#8220;{}&#8220;][et_pb_fullwidth_code admin_label=&#8220;Slider Overlay&#8220; module_class=&#8220;interior-page-overlay&#8220; _builder_version=&#8220;4.17.6&#8243; _module_preset=&#8220;default&#8220; positioning=&#8220;absolute&#8220; position_origin_a=&#8220;top_right&#8220; position_origin_f=&#8220;top_right&#8220; z_index=&#8220;100&#8243; width=&#8220;50%&#8220; width_tablet=&#8220;50%&#8220; width_phone=&#8220;100%&#8220; width_last_edited=&#8220;on|phone&#8220; height=&#8220;100vh&#8220; global_colors_info=&#8220;{}&#8220;]<div class=\"trip-overlay\"><div class=\"trip-title\"><h1>Unser Name<\/h1><\/div><\/div>[\/et_pb_fullwidth_code][et_pb_fullwidth_slider show_arrows=&#8220;off&#8220; admin_label=&#8220;Slider Images&#8220; module_id=&#8220;slider-images&#8220; _builder_version=&#8220;4.17.6&#8243; _module_preset=&#8220;default&#8220; height=&#8220;100vh&#8220; auto=&#8220;on&#8220; global_colors_info=&#8220;{}&#8220;][et_pb_slide _builder_version=&#8220;4.17.6&#8243; _module_preset=&#8220;default&#8220; background_color=&#8220;RGBA(255,255,255,0)&#8220; background_enable_color=&#8220;on&#8220; background_image=&#8220;https:\/\/www.myvacaya.com\/wp-content\/uploads\/2022\/09\/vacaya-sketch-our-name.png&#8220; background_enable_image=&#8220;on&#8220; background_last_edited=&#8220;on|desktop&#8220; background_image_phone=&#8220;https:\/\/www.myvacaya.com\/wp-content\/uploads\/2022\/11\/vacaya-our-name-mobile-414&#215;500-1.jpg&#8220; background_enable_image_phone=&#8220;on&#8220; global_colors_info=&#8220;{}&#8220; sticky_transition=&#8220;on&#8220;][\/et_pb_slide][\/et_pb_fullwidth_slider][\/et_pb_section][et_pb_section fb_built=&#8220;1&#8243; custom_padding_last_edited=&#8220;on|phone&#8220; _builder_version=&#8220;4.17.6&#8243; _module_preset=&#8220;default&#8220; custom_padding=&#8220;||||false|false&#8220; custom_padding_tablet=&#8220;||||false|false&#8220; custom_padding_phone=&#8220;||||false|false&#8220; global_colors_info=&#8220;{}&#8220;][et_pb_row custom_padding_last_edited=&#8220;on|desktop&#8220; _builder_version=&#8220;4.17.6&#8243; _module_preset=&#8220;default&#8220; custom_padding=&#8220;||||false|false&#8220; custom_padding_tablet=&#8220;||||false|false&#8220; custom_padding_phone=&#8220;||||false|false&#8220; global_colors_info=&#8220;{}&#8220;][et_pb_column type=&#8220;4_4&#8243; _builder_version=&#8220;4.17.6&#8243; _module_preset=&#8220;default&#8220; global_colors_info=&#8220;{}&#8220;][et_pb_text _builder_version=&#8220;4.27.4&#8243; _module_preset=&#8220;default&#8220; custom_margin=&#8220;||||false|false&#8220; custom_margin_tablet=&#8220;||||false|false&#8220; custom_margin_phone=&#8220;||||false|false&#8220; custom_margin_last_edited=&#8220;on|phone&#8220; hover_enabled=&#8220;0&#8243; global_colors_info=&#8220;{}&#8220; sticky_enabled=&#8220;0&#8243;]<\/p>\n<p>Die Inspiration f\u00fcr unseren Namen begann f\u00fcr John, Randle und Patrick lange vor ihrer Rolle im Vollschiff-\/Vollresort-Chartergesch\u00e4ft, sogar vor ihrer insgesamt acht Jahrzehnte langen Erfahrung in Management, Marketing und Betrieb.<\/p>\n<p>Das VACAYA-Konzept entstand w\u00e4hrend ihres eigenen Urlaubs, wo sie zwei sehr unterschiedliche Erfahrungen machten. Die rein schwulen Kreuzfahrten waren befreiend, st\u00e4rkend und unterhaltsam, aber auf eine kleine Gruppe von Menschen beschr\u00e4nkt. Und obwohl jeder eine sch\u00f6ne Zeit liebt, geh\u00f6rt zu einem unvergesslichen Urlaub mehr als nur Partys. Mainstream-Urlaube boten mehr Aktivit\u00e4ten und Reiseziele und waren f\u00fcr eine vielf\u00e4ltige Gruppe von Menschen zug\u00e4nglich, wirkten jedoch nicht immer wie eine freundliche, urteilsfreie Umgebung.<\/p>\n<p>Sie alle waren sich einig, dass es einen \u201eSweet Spot\u201c gab \u2013 ein gro\u00dfartiges \u201eDazwischen\u201c \u2013 einen, der die Freude gleichgesinnter Menschen bot, die zum Feiern zusammenkamen, mit mehr Aktivit\u00e4ten, Reisezielen und M\u00f6glichkeiten, das Urlaubserlebnis zu personalisieren als je zuvor. Eines, das von intelligenter, technisch versierter Buchung und Kundenservice profitiert \u2013 genau wie man es von einem Mainstream-Urlaub erwarten kann.<\/p>\n<p>Aus dieser Inspiration wurde VACAYA geboren. Der Name selbst spricht f\u00fcr das Konzept: \u201eVACAYA\u201c ist ein Wort aus <a href=\"https:\/\/theculturetrip.com\/europe\/united-kingdom\/england\/london\/articles\/this-secret-language-allowed-gay-men-to-communicate-when-homosexuality-was-illegal\/?utm_source=facebook&amp;utm_medium=facebook&amp;utm_campaign=072018secretlanguagegay\" target=\"_blank\" rel=\"noopener\">Polari<\/a> , einer jahrhundertealten Sprache, die von der schwulen Subkultur zur diskreten Kommunikation verwendet wird. Dar\u00fcber hinaus ist das umgangssprachliche Wort \u201evacay\u201c zu einem allt\u00e4glichen Begriff f\u00fcr Urlaub geworden. Zusammengenommen feiern die beiden Bedeutungen unsere LGBT-Identit\u00e4t und den integrativen, freudigen und uneingeschr\u00e4nkten Geist, den wir sch\u00e4tzen.<\/p>\n<p>Das V-Team und alle Vacayans laden Sie ein, sich f\u00fcr neue Erfahrungen, bewusstes Erkunden, endlosen Spa\u00df und tiefere Verbindungen zu \u00f6ffnen \u2026 wir laden Sie zu VACAYA ein.<\/p>\n<p>&nbsp;<\/p>\n<p>VACAYA wurde am 27. September 2017 gegr\u00fcndet, der \u00f6ffentliche Start erfolgte am 2. Mai 2018 und die Jungfernfahrt fand vom 11. bis 18. August 2019 statt.  <\/p>\n<p>[\/et_pb_text][\/et_pb_column][\/et_pb_row][\/et_pb_section][et_pb_section fb_built=&#8220;1&#8243; admin_label=&#8220;The Vacaya Difference&#8220; _builder_version=&#8220;4.17.6&#8243; _module_preset=&#8220;default&#8220; background_color=&#8220;#191919&#8243; custom_padding=&#8220;||||false|false&#8220; global_colors_info=&#8220;{}&#8220;][et_pb_row _builder_version=&#8220;4.17.6&#8243; _module_preset=&#8220;default&#8220; global_colors_info=&#8220;{}&#8220;][et_pb_column type=&#8220;4_4&#8243; _builder_version=&#8220;4.17.4&#8243; _module_preset=&#8220;default&#8220; global_colors_info=&#8220;{}&#8220;][et_pb_text admin_label=&#8220;Section Title &#8211; H3&#8243; _builder_version=&#8220;4.17.6&#8243; _module_preset=&#8220;default&#8220; header_3_font=&#8220;Futura Bold|||on|||||&#8220; header_3_text_align=&#8220;center&#8220; header_3_text_color=&#8220;#FFFFFF&#8220; header_3_font_size=&#8220;18px&#8220; header_3_letter_spacing=&#8220;1.8px&#8220; header_3_line_height=&#8220;24px&#8220; custom_margin=&#8220;||4%||false|false&#8220; custom_margin_tablet=&#8220;||4%||false|false&#8220; custom_margin_phone=&#8220;||40px||false|false&#8220; custom_margin_last_edited=&#8220;on|phone&#8220; global_colors_info=&#8220;{}&#8220;]<\/p>\n<h3>Der Vacaya-Unterschied<\/h3>\n<p>[\/et_pb_text][dmpro_carousel columns=&#8220;5&#8243; space_between=&#8220;32&#8243; container_padding=&#8220;0px|30px|0px|30px|false|false&#8220; loop=&#8220;on&#8220; autoplay=&#8220;on&#8220; pause_on_hover=&#8220;off&#8220; autoplay_speed=&#8220;3000&#8243; columns_tablet=&#8220;3&#8243; columns_phone=&#8220;2&#8243; columns_last_edited=&#8220;on|desktop&#8220; _builder_version=&#8220;4.17.6&#8243; _module_preset=&#8220;default&#8220; title_font=&#8220;Futura Bold|||on|||||&#8220; title_text_color=&#8220;#FFFFFF&#8220; title_font_size=&#8220;18px&#8220; title_letter_spacing=&#8220;0.1em&#8220; title_line_height=&#8220;24px&#8220; desc_font=&#8220;Helvetica||||||||&#8220; desc_text_color=&#8220;#FFFFFF&#8220; desc_font_size=&#8220;16px&#8220; desc_line_height=&#8220;1.5em&#8220; global_colors_info=&#8220;{}&#8220;][dmpro_carousel_child title=&#8220;Werden Sie Botschafter&#8220; img_src=&#8220;https:\/\/www.myvacaya.com\/wp-content\/uploads\/2022\/07\/ambassadors-1.jpg&#8220; text_title=&#8220;Werden Sie Botschafter&#8220; desc_text=&#8220;Eager to help spread the news about VACAYA? We have everything you need to get started!&#8220; _builder_version=&#8220;4.17.4&#8243; _module_preset=&#8220;default&#8220; global_colors_info=&#8220;{}&#8220;][\/dmpro_carousel_child][dmpro_carousel_child title=&#8220;Unvergleichliche Angebote&#8220; img_src=&#8220;https:\/\/www.myvacaya.com\/wp-content\/uploads\/2022\/07\/unparalled-offers.png&#8220; text_title=&#8220;Unvergleichliche Angebote&#8220; desc_text=&#8220;Are you ready to dive into VACAYA headfirst? We\u2019ve got a special selection of offers just for you!&#8220; _builder_version=&#8220;4.17.4&#8243; _module_preset=&#8220;default&#8220; global_colors_info=&#8220;{}&#8220;][\/dmpro_carousel_child][dmpro_carousel_child title=&#8220;Barrierefreiheit&#8220; img_src=&#8220;https:\/\/www.myvacaya.com\/wp-content\/uploads\/2022\/07\/accesibility.jpg&#8220; text_title=&#8220;Barrierefreiheit&#8220; desc_text=&#8220;VACAYA and our partners create a welcoming environment for travelers with special needs.&#8220; _builder_version=&#8220;4.17.4&#8243; _module_preset=&#8220;default&#8220; global_colors_info=&#8220;{}&#8220;][\/dmpro_carousel_child][dmpro_carousel_child title=&#8220;Zur\u00fcckgeben&#8220; img_src=&#8220;https:\/\/www.myvacaya.com\/wp-content\/uploads\/2022\/07\/giving-back-2.jpg&#8220; text_title=&#8220;Zur\u00fcckgeben&#8220; desc_text=&#8220;Our efforts in the community reflect our commitment to the idea that we can all make a difference.&#8220; _builder_version=&#8220;4.17.4&#8243; _module_preset=&#8220;default&#8220; global_colors_info=&#8220;{}&#8220;][\/dmpro_carousel_child][dmpro_carousel_child title=&#8220;Alle sind willkommen&#8220; img_src=&#8220;https:\/\/www.myvacaya.com\/wp-content\/uploads\/2022\/07\/all-are-welcome.png&#8220; text_title=&#8220;Alle sind willkommen&#8220; desc_text=&#8220;Open your mind to the rainbow of fun that can be had in the world. <em>That\u2019s<\/em> the spirit of VACAYA!&#8220; _builder_version=&#8220;4.17.4&#8243; _module_preset=&#8220;default&#8220; global_colors_info=&#8220;{}&#8220;][\/dmpro_carousel_child][dmpro_carousel_child title=&#8220;Unsere Erfahrungen&#8220; img_src=&#8220;https:\/\/www.myvacaya.com\/wp-content\/uploads\/2022\/07\/vacaya-experiences.jpg&#8220; text_title=&#8220;Unsere Erfahrungen&#8220; desc_text=&#8220;VACAYA delivers vacations tailored to the unique desires of our guests. How will <em>you<\/em> VACAYA?&#8220; _builder_version=&#8220;4.17.4&#8243; _module_preset=&#8220;default&#8220; global_colors_info=&#8220;{}&#8220;][\/dmpro_carousel_child][dmpro_carousel_child title=&#8220;Buchstabensuppe&#8220; img_src=&#8220;https:\/\/www.myvacaya.com\/wp-content\/uploads\/2022\/07\/the-difference-alphabet-soup-290&#215;175-2.jpg&#8220; text_title=&#8220;Buchstabensuppe&#8220; desc_text=&#8220;Look no further\u2026 VACAYA\u2019s handy guide will help you navigate the entire LGBTQIAPK spectrum.&#8220; _builder_version=&#8220;4.17.4&#8243; _module_preset=&#8220;default&#8220; global_colors_info=&#8220;{}&#8220;][\/dmpro_carousel_child][dmpro_carousel_child title=&#8220;Alleinreisende&#8220; img_src=&#8220;https:\/\/www.myvacaya.com\/wp-content\/uploads\/2022\/07\/step-by-step.jpg&#8220; text_title=&#8220;Alleinreisende&#8220; desc_text=&#8220;<\/p>\n<p>VACAYA\u2019s \u201cSolo Traveling with Ease Program\u201d is perfect for single travelers looking to join in the fun.<\/p>\n<p>&#8220; _builder_version=&#8220;4.17.4&#8243; _module_preset=&#8220;default&#8220; global_colors_info=&#8220;{}&#8220;][\/dmpro_carousel_child][\/dmpro_carousel][\/et_pb_column][\/et_pb_row][\/et_pb_section]<\/p>\n","protected":false},"excerpt":{"rendered":"<p><div class=\"trip-overlay\"><div class=\"trip-title\"><h1>Reisepl\u00e4ttchen mit Titel \u2013 Nur Kreuzfahrten<\/h1><\/div><\/div>Die Inspiration f\u00fcr unseren Namen begann f\u00fcr John, Randle und Patrick lange vor ihrer Rolle im Vollschiff-\/Vollresort-Chartergesch\u00e4ft, sogar vor ihrer insgesamt acht Jahrzehnte langen Erfahrung in Management, Marketing und Betrieb. Das VACAYA-Konzept entstand w\u00e4hrend ihres eigenen Urlaubs, wo sie zwei sehr unterschiedliche Erfahrungen machten. Die rein schwulen Kreuzfahrten waren befreiend, st\u00e4rkend und unterhaltsam, aber auf [&hellip;]<\/p>\n","protected":false},"author":1,"featured_media":0,"parent":84419,"menu_order":0,"comment_status":"closed","ping_status":"closed","template":"","meta":{"_acf_changed":false,"_et_pb_use_builder":"on","_et_pb_old_content":"","_et_gb_content_width":"","_monsterinsights_skip_tracking":false,"_monsterinsights_sitenote_active":false,"_monsterinsights_sitenote_note":"","_monsterinsights_sitenote_category":0,"footnotes":""},"class_list":["post-84425","page","type-page","status-publish","hentry"],"acf":[],"_links":{"self":[{"href":"https:\/\/www.myvacaya.com\/de\/wp-json\/wp\/v2\/pages\/84425","targetHints":{"allow":["GET"]}}],"collection":[{"href":"https:\/\/www.myvacaya.com\/de\/wp-json\/wp\/v2\/pages"}],"about":[{"href":"https:\/\/www.myvacaya.com\/de\/wp-json\/wp\/v2\/types\/page"}],"author":[{"embeddable":true,"href":"https:\/\/www.myvacaya.com\/de\/wp-json\/wp\/v2\/users\/1"}],"replies":[{"embeddable":true,"href":"https:\/\/www.myvacaya.com\/de\/wp-json\/wp\/v2\/comments?post=84425"}],"version-history":[{"count":11,"href":"https:\/\/www.myvacaya.com\/de\/wp-json\/wp\/v2\/pages\/84425\/revisions"}],"predecessor-version":[{"id":188495,"href":"https:\/\/www.myvacaya.com\/de\/wp-json\/wp\/v2\/pages\/84425\/revisions\/188495"}],"up":[{"embeddable":true,"href":"https:\/\/www.myvacaya.com\/de\/wp-json\/wp\/v2\/pages\/84419"}],"wp:attachment":[{"href":"https:\/\/www.myvacaya.com\/de\/wp-json\/wp\/v2\/media?parent=84425"}],"curies":[{"name":"wp","href":"https:\/\/api.w.org\/{rel}","templated":true}]}}