{"id":84424,"date":"2018-02-10T15:16:25","date_gmt":"2018-02-10T20:16:25","guid":{"rendered":"https:\/\/www.myvacaya.com\/gastressourcen\/datenschutz-bestimmungen\/"},"modified":"2023-08-02T16:44:59","modified_gmt":"2023-08-02T20:44:59","slug":"datenschutz-bestimmungen","status":"publish","type":"page","link":"https:\/\/www.myvacaya.com\/de\/gastressourcen\/datenschutz-bestimmungen\/","title":{"rendered":"Datenschutz-Bestimmungen"},"content":{"rendered":"<p>[et_pb_section fb_built=&#8220;1&#8243; fullwidth=&#8220;on&#8220; admin_label=&#8220;Slider&#8220; module_id=&#8220;Schieberabschnitt-Innenraum&#8220; _builder_version=&#8220;4.17.6&#8243; _module_preset=&#8220;default&#8220; background_enable_image=&#8220;off&#8220; global_colors_info=&#8220;{}&#8220;][et_pb_fullwidth_code admin_label=&#8220;Slider Overlay&#8220; module_class=&#8220;interior-page-overlay&#8220; _builder_version=&#8220;4.17.6&#8243; _module_preset=&#8220;default&#8220; positioning=&#8220;absolute&#8220; position_origin_a=&#8220;top_right&#8220; position_origin_f=&#8220;top_right&#8220; z_index=&#8220;100&#8243; width=&#8220;50%&#8220; width_tablet=&#8220;50%&#8220; width_phone=&#8220;100%&#8220; width_last_edited=&#8220;on|phone&#8220; height=&#8220;100vh&#8220; hover_enabled=&#8220;0&#8243; global_colors_info=&#8220;{}&#8220; sticky_enabled=&#8220;0&#8243;]<div class=\"trip-overlay\"><div class=\"trip-title\"><h1>Datenschutz-Bestimmungen<\/h1><\/div><\/div>[\/et_pb_fullwidth_code][et_pb_fullwidth_slider show_arrows=&#8220;off&#8220; admin_label=&#8220;Slider Images&#8220; module_id=&#8220;slider-images&#8220; _builder_version=&#8220;4.17.6&#8243; _module_preset=&#8220;default&#8220; height=&#8220;100vh&#8220; auto=&#8220;on&#8220; global_colors_info=&#8220;{}&#8220;][et_pb_slide _builder_version=&#8220;4.17.6&#8243; _module_preset=&#8220;default&#8220; background_color=&#8220;RGBA(255,255,255,0)&#8220; background_enable_color=&#8220;on&#8220; background_image=&#8220;https:\/\/www.myvacaya.com\/wp-content\/uploads\/2022\/09\/privacy.jpg&#8220; background_enable_image=&#8220;on&#8220; background_last_edited=&#8220;on|desktop&#8220; background_image_phone=&#8220;https:\/\/www.myvacaya.com\/wp-content\/uploads\/2022\/11\/privacy-policy-mobile-414&#215;500-1.jpg&#8220; background_enable_image_phone=&#8220;on&#8220; global_colors_info=&#8220;{}&#8220; sticky_transition=&#8220;on&#8220;][\/et_pb_slide][\/et_pb_fullwidth_slider][\/et_pb_section][et_pb_section fb_built=&#8220;1&#8243; custom_padding_last_edited=&#8220;on|phone&#8220; _builder_version=&#8220;4.17.6&#8243; _module_preset=&#8220;default&#8220; custom_padding=&#8220;||||false|false&#8220; custom_padding_tablet=&#8220;||||false|false&#8220; custom_padding_phone=&#8220;||||false|false&#8220; global_colors_info=&#8220;{}&#8220;][et_pb_row custom_padding_last_edited=&#8220;on|desktop&#8220; _builder_version=&#8220;4.17.6&#8243; _module_preset=&#8220;default&#8220; custom_padding=&#8220;||||false|false&#8220; custom_padding_tablet=&#8220;||||false|false&#8220; custom_padding_phone=&#8220;||||false|false&#8220; global_colors_info=&#8220;{}&#8220;][et_pb_column type=&#8220;4_4&#8243; _builder_version=&#8220;4.17.6&#8243; _module_preset=&#8220;default&#8220; global_colors_info=&#8220;{}&#8220;][et_pb_text _builder_version=&#8220;4.17.6&#8243; _module_preset=&#8220;default&#8220; custom_margin=&#8220;||||false|false&#8220; custom_margin_tablet=&#8220;||||false|false&#8220; custom_margin_phone=&#8220;||||false|false&#8220; custom_margin_last_edited=&#8220;on|phone&#8220; global_colors_info=&#8220;{}&#8220;]Diese Datenschutzrichtlinie (\u201eRichtlinie\u201c) gilt f\u00fcr Informationen, die VACAYA (das \u201eUnternehmen\u201c) erh\u00e4lt. Dieser Hinweis beschreibt unsere Datenschutzrichtlinie (\u201eRichtlinie\u201c) in Bezug auf Daten, die \u00fcber unsere Website, interaktive Funktionen, Anwendungen, Widgets, Blogs, soziale Netzwerke und \u201eRegisterkarten\u201c f\u00fcr soziale Netzwerke oder Mitgliedschaften sowie andere Online- oder drahtlose Angebote erfasst werden, die a Link zu dieser Datenschutzrichtlinie, unabh\u00e4ngig davon, ob der Zugriff \u00fcber einen Computer, ein mobiles Ger\u00e4t oder eine andere Technologie erfolgt (zusammen die \u201eWebsite\u201c). In dieser Richtlinie wird erl\u00e4utert, welche Informationen wir \u00fcber Sie sammeln und was wir damit machen. Das Unternehmen beh\u00e4lt sich das Recht vor, diese Datenschutzrichtlinie jederzeit zu \u00e4ndern. Wir werden Sie \u00fcber alle wesentlichen \u00c4nderungen der Richtlinie informieren, indem wir die neue Richtlinie hier ver\u00f6ffentlichen und das Datum \u201eLetzte Aktualisierung\u201c oben \u00e4ndern. Sie sollten diese Richtlinie regelm\u00e4\u00dfig lesen, um sich \u00fcber etwaige \u00c4nderungen zu informieren.<\/p>\n<p><strong>Welche Informationen sammeln wir?<\/strong><br \/>\nSie stellen uns freiwillig personenbezogene Daten zur Verf\u00fcgung, wenn Sie beispielsweise eine Reservierung bei uns vornehmen, Informationen \u00fcber VACAYA anfordern, die Website besuchen oder auf verschiedene andere Weise. Gegebenenfalls erfassen wir Kreditkarteninformationen von Ihnen, um Ihre Eink\u00e4ufe zu erleichtern. Wir erfassen individuell identifizierbare personenbezogene Daten (\u201epersonenbezogene Daten\u201c), die Sie uns zur Verf\u00fcgung stellen, wie z. B. Ihren Namen, Ihre E-Mail-Adresse, Ihre Anschrift, Ihre Telefonnummer, Ihre Postleitzahl, Ihr Land, Ihr Geschlecht, Ihr Geburtsdatum, Ihr Alter, Ihren Mitglieds- oder Bildschirmnamen, und Passwort. Dar\u00fcber hinaus k\u00f6nnen Sie VACAYA zus\u00e4tzliche Informationen wie Familienstand, Haushaltseinkommen, Bildung und Besch\u00e4ftigungsstatus zur Verf\u00fcgung stellen. Unsere Umfragen fragen Sie nach Ihrer Meinung zu verschiedenen Themen. VACAYA bietet die M\u00f6glichkeit, Informationen auf der Website per E-Mail oder \u00fcber soziale Medien an eine andere Person weiterzuleiten. Wenn Sie einen dieser Dienste nutzen, verwenden wir zum Versenden der Informationen die E-Mail-Adresse des Empf\u00e4ngers oder Ihr Social-Media-Signal und fragen auch nach Ihrer E-Mail-Adresse.<\/p>\n<p>Auf unserer Website erfassen wir zus\u00e4tzlich zu personenbezogenen Daten auch nicht pers\u00f6nlich identifizierbare Daten, wie z. B. (aber nicht beschr\u00e4nkt auf) die Anzahl der einzelnen Besucher, die H\u00e4ufigkeit der Besuche auf der Website, die aufgerufenen Website-Seiten und die Website des Besuchers die ankommenden und abgehenden Daten sowie die IP-Adresse des Computers, \u00fcber den auf die Website zugegriffen wird.<\/p>\n<p><strong>Was machen wir mit den von uns gesammelten Informationen?<\/strong><br \/>\nWir verwenden die von uns erfassten personenbezogenen Daten, um unsere Dienste bereitzustellen und Werbe- und Marketingaktivit\u00e4ten durchzuf\u00fchren. Wir verwenden Kreditkarten- und\/oder andere Finanzinformationen, die Sie uns zur Verf\u00fcgung stellen, um Ihre Bestellung oder Anfrage zu erf\u00fcllen. Das Unternehmen ergreift angemessene Vorsichtsma\u00dfnahmen, um die Sicherheit der Online-Transaktionen unserer Kunden zu gew\u00e4hrleisten. Kreditkartennummern, die Sie auf unserer Abrechnungsseite eingeben, werden verschl\u00fcsselt und \u00fcber die SSL-Technologie (Secure Sockets Layer) \u00fcbertragen. SSL ist der Industriestandard zur Sicherung von Web-Messaging-Transaktionen.<\/p>\n<p>Wir erfassen Ihre IP-Adresse (eine Nummer, die Ihr Internetdienstanbieter Ihrem Computer zuweist, um dessen Standort zu identifizieren). Wir verwenden Ihre IP-Adresse, um Probleme mit unserem Server zu diagnostizieren und diese Website zu verwalten. Manchmal verwenden wir auch IP-Adressen, um mit Mitgliedern und Abonnenten zu kommunizieren und sperren m\u00f6glicherweise sogar Mitglieder aus, die unsere Nutzungsbedingungen nicht einhalten.<\/p>\n<p><strong>Geben wir die von uns erfassten Informationen an Dritte weiter?<\/strong><br \/>\nWir geben personenbezogene Daten sowie nicht personenbezogene Daten an unsere Gesch\u00e4ftspartner\/Lieferanten weiter, um unsere Dienstleistungen zu erbringen, zu Markt- und Branchenforschungszwecken, zu Werbe- und Marketingzwecken und aus anderen Gr\u00fcnden.<\/p>\n<p>Das Unternehmen kann alle Informationen in seinen Datenbanken, einschlie\u00dflich, aber nicht beschr\u00e4nkt auf personenbezogene Daten, im Rahmen einer \u00dcbertragung von Gesch\u00e4ftsverm\u00f6gen an ein verbundenes Unternehmen oder einen Dritten \u00fcbertragen.<\/p>\n<p>Das Unternehmen kann Daten auch freigeben, um rechtlichen Verfahren nachzukommen, einschlie\u00dflich Anfragen von Strafverfolgungs- und Regierungsbeh\u00f6rden, um die Nutzungsbedingungen der Website und andere Vereinbarungen durchzusetzen und um Kunden und andere zu sch\u00fctzen. Wir k\u00f6nnen dies tun, wenn wir in gutem Glauben davon ausgehen, dass die Offenlegung dieser Informationen aus anderen Gr\u00fcnden notwendig oder ratsam ist, beispielsweise um jemanden zu identifizieren, zu kontaktieren oder rechtliche Schritte gegen ihn einzuleiten, der m\u00f6glicherweise die Rechte oder das Eigentum von Personen verletzt oder beeintr\u00e4chtigt das Unternehmen, einen anderen Benutzer oder jede andere Person, die durch solche Aktivit\u00e4ten gesch\u00e4digt werden k\u00f6nnte.<\/p>\n<p>Das Unternehmen kann personenbezogene Daten offenlegen, wenn wir Grund zu der Annahme haben, dass die Offenlegung dieser Informationen erforderlich ist, um jemanden zu identifizieren, zu untersuchen, zu kontaktieren oder rechtliche Schritte gegen ihn einzuleiten, der m\u00f6glicherweise (absichtlich oder unabsichtlich) die Website oder die des Unternehmens sch\u00e4digt oder st\u00f6rt Rechte oder Eigentum.<\/p>\n<p><strong>Verwenden wir Cookies?<\/strong><br \/>\nJa. Cookies sind kleine Datendateien, die von Webservern generiert und f\u00fcr den zuk\u00fcnftigen Zugriff auf Ihrem Computer gespeichert werden. Wir verwenden Cookies haupts\u00e4chlich, um Ihre Navigation auf unserer Website zu verbessern. Ein Cookie erm\u00f6glicht es Ihnen beispielsweise, den Einkauf fortzusetzen, ohne bereits im Warenkorb abgelegte Artikel erneut eingeben zu m\u00fcssen. Die meisten Webbrowser akzeptieren Cookies, aber das \u201eHilfe\u201c-Men\u00fc Ihres Browsers sollte Ihnen Optionen zum Verhindern, Akzeptieren oder Erhalten von Benachrichtigungen \u00fcber neue Cookies bieten. Sie k\u00f6nnen Ihren Webbrowser so konfigurieren, dass Cookies deaktiviert werden. Dies kann jedoch Ihre Nutzung der Website beeintr\u00e4chtigen.<\/p>\n<p><strong>Was ist mit Links Dritter?<\/strong><br \/>\nDiese Website kann Hyperlinks zu anderen Websites enthalten. Das Unternehmen ist nicht f\u00fcr deren Datenschutzpraktiken oder Inhalte verantwortlich. Wir bitten Sie dringend, die Datenschutzrichtlinien jeder von Ihnen besuchten Website zu lesen.<\/p>\n<p><strong>Sicherheit<\/strong><br \/>\nObwohl das Unternehmen bestrebt ist, personenbezogene Daten und die Privatsph\u00e4re der Benutzer zu sch\u00fctzen, k\u00f6nnen wir die Sicherheit der von Ihnen online offengelegten Informationen nicht garantieren und tun dies auf eigenes Risiko. Leider kann die Daten\u00fcbertragung im Internet nicht zu 100 % sicher sein. Obwohl wir bestrebt sind, Ihre personenbezogenen Daten zu sch\u00fctzen, kann das Unternehmen daher die Sicherheit der Informationen, die Sie an uns oder \u00fcber unsere Online-Produkte oder -Dienste \u00fcbermitteln, nicht gew\u00e4hrleisten oder garantieren, und Sie tun dies auf eigenes Risiko. Sobald wir Ihre \u00dcbertragung erhalten, unternehmen wir angemessene Anstrengungen, um deren Sicherheit auf unseren Systemen zu gew\u00e4hrleisten.<\/p>\n<p><strong>Werbung Dritter<\/strong><br \/>\nAuf der Website erscheinende Anzeigen k\u00f6nnen Ihnen von einem unserer Werbepartner geliefert werden. Unsere Werbepartner k\u00f6nnen Cookies verwenden. Dadurch kann das Werbenetzwerk Ihren Computer jedes Mal erkennen, wenn es Ihnen eine Online-Werbung sendet. Auf diese Weise k\u00f6nnen Werbenetzwerke Informationen dar\u00fcber sammeln, wo Sie oder andere Benutzer Ihres Computers ihre Werbung gesehen haben, und feststellen, auf welche Anzeigen geklickt wird. Mithilfe dieser Informationen kann ein Werbenetzwerk zielgerichtete Werbung schalten, von der es glaubt, dass sie f\u00fcr Sie am interessantesten ist. VACAYA hat keinen Zugriff auf und keine Kontrolle \u00fcber die Cookies, die auf dem Computer platziert werden k\u00f6nnen oder die von Werbeservern oder Werbenetzwerken Dritter verwendet werden.<\/p>\n<p><strong>Hinweis f\u00fcr Einwohner Kaliforniens<\/strong><br \/>\nGem\u00e4\u00df Abschnitt 1798.83 des kalifornischen Zivilgesetzbuchs haben Einwohner Kaliforniens das Recht, von Unternehmen, mit denen sie eine bestehende Gesch\u00e4ftsbeziehung haben, schriftlich zu verlangen, (a) eine Liste der Kategorien personenbezogener Daten, wie Name, E-Mail- und Postanschrift sowie die Art der f\u00fcr den Kunden bereitgestellten Dienstleistungen, die ein Unternehmen im Laufe der Zeit an Dritte (einschlie\u00dflich verbundener Unternehmen, bei denen es sich um separate juristische Personen handelt) weitergegeben hat vorangegangenes Kalenderjahr f\u00fcr Direktmarketingzwecke Dritter und (b) die Namen und Adressen aller dieser Dritten. Um die oben genannten Informationen anzufordern, kontaktieren Sie uns bitte per E-Mail an <strong><a href=\"mailto:marketing@myvacaya.com\">marketing@myvacaya.com<\/a><\/strong> oder schreiben Sie uns an: Attn: California Privacy Rights Info Request, <strong><a href=\"mailto:info@myvacaya.com\">info@myvacaya.com<\/a><\/strong> . Wir werden auf solche Anfragen zum Zugang zu Informationen innerhalb von 30 Tagen nach Eingang an der oben genannten E-Mail- oder Postanschrift antworten. Bitte beachten Sie, dass wir nur einmal pro Kalenderjahr verpflichtet sind, jedem Kunden zu antworten.<\/p>\n<p>Dar\u00fcber hinaus verlangt das kalifornische Recht, dass wir angeben, ob wir die \u201eDo Not Track\u201c-Einstellungen in Ihrem Browser in Bezug auf gezielte Werbung ber\u00fccksichtigen. Wir \u00e4ndern unsere Vorgehensweise derzeit nicht, wenn ein \u201eDo Not Track\u201c-Signal empfangen wird. Um mehr \u00fcber \u201eDo Not Track\u201c zu erfahren und Informationen dar\u00fcber zu erhalten, wie Sie den Erhalt gezielter Werbung ablehnen k\u00f6nnen, klicken Sie bitte auf <strong><a href=\"https:\/\/www.aboutads.info\/choices\" target=\"_blank\" rel=\"noopener\">www.aboutads.info\/choices<\/a><\/strong> .<\/p>\n<p><strong>Kinder<\/strong><br \/>\nDie Website ist nicht f\u00fcr Kinder gedacht und das Unternehmen erhebt nicht absichtlich personenbezogene Daten von Kindern. Wenn Sie Grund zu der Annahme haben, dass wir personenbezogene Daten von einer Person unter 13 Jahren erfasst haben, teilen Sie uns dies bitte mit.<\/p>\n<p><strong>Wie kann ich mich abmelden oder mich abmelden?<\/strong><br \/>\nAlle E-Mails, die Sie von uns erhalten, enthalten spezifische Anweisungen zum Abbestellen. Sie k\u00f6nnen sich jederzeit abmelden.<\/p>\n<ul>\n<li>Befolgen Sie die Anweisungen in jeder E-Mail des Unternehmens. oder<\/li>\n<li>Senden Sie eine E-Mail an die folgende Adresse: <strong><a href=\"mailto:info@myvacaya.com\">info@myvacaya.com<\/a><\/strong> , Achtung: Fragen zum Datenschutz der Website<\/li>\n<\/ul>\n<p>Die Abmeldung aller Unternehmens-E-Mails kann bis zu zwei Wochen dauern.<\/p>\n<p><strong>Anspr\u00fcche<\/strong><br \/>\nWenn Sie der Meinung sind, dass das Unternehmen gegen diese Richtlinie versto\u00dfen hat, benachrichtigen Sie uns bitte unter der oben genannten Adresse unter <strong><a href=\"mailto:info@myvacaya.com\">info@myvacaya.com<\/a><\/strong> und wir werden versuchen, Ihr Anliegen zu l\u00f6sen.[\/et_pb_text][\/et_pb_column][\/et_pb_row][\/et_pb_section]<\/p>\n","protected":false},"excerpt":{"rendered":"<p><div class=\"trip-overlay\"><div class=\"trip-title\"><h1>Reisepl\u00e4ttchen mit Titel \u2013 Nur Kreuzfahrten<\/h1><\/div><\/div>Diese Datenschutzrichtlinie (\u201eRichtlinie\u201c) gilt f\u00fcr Informationen, die VACAYA (das \u201eUnternehmen\u201c) erh\u00e4lt. Dieser Hinweis beschreibt unsere Datenschutzrichtlinie (\u201eRichtlinie\u201c) in Bezug auf Daten, die \u00fcber unsere Website, interaktive Funktionen, Anwendungen, Widgets, Blogs, soziale Netzwerke und \u201eRegisterkarten\u201c f\u00fcr soziale Netzwerke oder Mitgliedschaften sowie andere Online- oder drahtlose Angebote erfasst werden, die a Link zu dieser Datenschutzrichtlinie, unabh\u00e4ngig davon, [&hellip;]<\/p>\n","protected":false},"author":1,"featured_media":0,"parent":84423,"menu_order":0,"comment_status":"closed","ping_status":"closed","template":"","meta":{"_acf_changed":false,"_et_pb_use_builder":"on","_et_pb_old_content":"","_et_gb_content_width":"","_monsterinsights_skip_tracking":false,"_monsterinsights_sitenote_active":false,"_monsterinsights_sitenote_note":"","_monsterinsights_sitenote_category":0,"footnotes":""},"class_list":["post-84424","page","type-page","status-publish","hentry"],"acf":[],"_links":{"self":[{"href":"https:\/\/www.myvacaya.com\/de\/wp-json\/wp\/v2\/pages\/84424","targetHints":{"allow":["GET"]}}],"collection":[{"href":"https:\/\/www.myvacaya.com\/de\/wp-json\/wp\/v2\/pages"}],"about":[{"href":"https:\/\/www.myvacaya.com\/de\/wp-json\/wp\/v2\/types\/page"}],"author":[{"embeddable":true,"href":"https:\/\/www.myvacaya.com\/de\/wp-json\/wp\/v2\/users\/1"}],"replies":[{"embeddable":true,"href":"https:\/\/www.myvacaya.com\/de\/wp-json\/wp\/v2\/comments?post=84424"}],"version-history":[{"count":1,"href":"https:\/\/www.myvacaya.com\/de\/wp-json\/wp\/v2\/pages\/84424\/revisions"}],"predecessor-version":[{"id":84432,"href":"https:\/\/www.myvacaya.com\/de\/wp-json\/wp\/v2\/pages\/84424\/revisions\/84432"}],"up":[{"embeddable":true,"href":"https:\/\/www.myvacaya.com\/de\/wp-json\/wp\/v2\/pages\/84423"}],"wp:attachment":[{"href":"https:\/\/www.myvacaya.com\/de\/wp-json\/wp\/v2\/media?parent=84424"}],"curies":[{"name":"wp","href":"https:\/\/api.w.org\/{rel}","templated":true}]}}