{"id":84321,"date":"2018-02-10T15:04:53","date_gmt":"2018-02-10T20:04:53","guid":{"rendered":"https:\/\/www.myvacaya.com\/blog\/"},"modified":"2023-08-02T16:44:41","modified_gmt":"2023-08-02T20:44:41","slug":"blog","status":"publish","type":"page","link":"https:\/\/www.myvacaya.com\/de\/blog\/","title":{"rendered":"Blog"},"content":{"rendered":"<p>[et_pb_section fb_built=&#8220;1&#8243; fullwidth=&#8220;on&#8220; admin_label=&#8220;Slider&#8220; module_id=&#8220;Schieberabschnitt-Innenraum&#8220; _builder_version=&#8220;4.17.6&#8243; _module_preset=&#8220;default&#8220; background_enable_image=&#8220;off&#8220; global_colors_info=&#8220;{}&#8220;][et_pb_fullwidth_code admin_label=&#8220;Slider Overlay&#8220; module_class=&#8220;interior-page-overlay&#8220; _builder_version=&#8220;4.17.6&#8243; _module_preset=&#8220;default&#8220; positioning=&#8220;absolute&#8220; position_origin_a=&#8220;top_right&#8220; position_origin_f=&#8220;top_right&#8220; z_index=&#8220;100&#8243; width=&#8220;50%&#8220; width_tablet=&#8220;50%&#8220; width_phone=&#8220;100%&#8220; width_last_edited=&#8220;on|phone&#8220; height=&#8220;100vh&#8220; hover_enabled=&#8220;0&#8243; global_colors_info=&#8220;{}&#8220; sticky_enabled=&#8220;0&#8243;]<div class=\"trip-overlay\"><div class=\"trip-title\"><h1>Blog<\/h1><\/div><\/div>[\/et_pb_fullwidth_code][et_pb_fullwidth_slider show_arrows=&#8220;off&#8220; admin_label=&#8220;Slider Images&#8220; module_id=&#8220;slider-images&#8220; _builder_version=&#8220;4.17.6&#8243; _module_preset=&#8220;default&#8220; height=&#8220;100vh&#8220; auto=&#8220;on&#8220; global_colors_info=&#8220;{}&#8220;][et_pb_slide _builder_version=&#8220;4.17.6&#8243; _module_preset=&#8220;default&#8220; background_color=&#8220;RGBA(255,255,255,0)&#8220; background_enable_color=&#8220;on&#8220; background_image=&#8220;https:\/\/www.myvacaya.com\/wp-content\/uploads\/2022\/09\/blog.jpg&#8220; background_enable_image=&#8220;on&#8220; background_last_edited=&#8220;on|desktop&#8220; background_image_phone=&#8220;https:\/\/www.myvacaya.com\/wp-content\/uploads\/2022\/11\/blog-mobile-414&#215;500-1.jpg&#8220; background_enable_image_phone=&#8220;on&#8220; global_colors_info=&#8220;{}&#8220; sticky_transition=&#8220;on&#8220;][\/et_pb_slide][\/et_pb_fullwidth_slider][\/et_pb_section][et_pb_section fb_built=&#8220;1&#8243; custom_padding_last_edited=&#8220;on|phone&#8220; _builder_version=&#8220;4.17.6&#8243; _module_preset=&#8220;default&#8220; custom_padding=&#8220;||||false|false&#8220; custom_padding_tablet=&#8220;||||false|false&#8220; custom_padding_phone=&#8220;||||false|false&#8220; global_colors_info=&#8220;{}&#8220;][et_pb_row custom_padding_last_edited=&#8220;on|desktop&#8220; _builder_version=&#8220;4.17.6&#8243; _module_preset=&#8220;default&#8220; custom_padding=&#8220;||||false|false&#8220; custom_padding_tablet=&#8220;||||false|false&#8220; custom_padding_phone=&#8220;||||false|false&#8220; global_colors_info=&#8220;{}&#8220;][et_pb_column type=&#8220;4_4&#8243; _builder_version=&#8220;4.17.6&#8243; _module_preset=&#8220;default&#8220; global_colors_info=&#8220;{}&#8220;][et_pb_text admin_label=&#8220;Posts Filter&#8220; _builder_version=&#8220;4.17.6&#8243; _module_preset=&#8220;default&#8220; global_colors_info=&#8220;{}&#8220;]<div class=\"alm-filters alm-filters-container\" id=\"alm-filters-post_items_filter\" data-target=\"post_items\" data-style=\"change\" data-id=\"post_items_filter\" ><div class=\"alm-filter alm-filter--group alm-filter--category\" id=\"alm-filter-1\" data-key=\"category\" data-fieldtype=\"select\" data-selected-value=\"\" data-default-value=\"\"><div class=\"alm-filter--inner\"><div class=\"alm-filter--select \"><select id=\"category-select-1\" class=\"alm-filter--item\"><option id=\"select-blog-de\" value=\"blog-de\" data-name=\"Blog\">Blog<\/option><option id=\"select-philanthropie\" value=\"philanthropie\" data-name=\" - Philanthropie\"> - Philanthropie<\/option><option id=\"select-reiseziele\" value=\"reiseziele\" data-name=\" - Reiseziele\"> - Reiseziele<\/option><option id=\"select-resorts-de\" value=\"resorts-de\" data-name=\" - Resorts\"> - Resorts<\/option><option id=\"select-schiffe\" value=\"schiffe\" data-name=\" - Schiffe\"> - Schiffe<\/option><option id=\"select-unkategorisiert\" value=\"unkategorisiert\" data-name=\" - Unkategorisiert\"> - Unkategorisiert<\/option><option id=\"select-vacaya-de\" value=\"vacaya-de\" data-name=\" - Vacaya\"> - Vacaya<\/option><\/select><\/div><\/div><\/div><div class=\"alm-filter alm-filter--group alm-filter--search\" id=\"alm-filter-2\" data-key=\"search\" data-fieldtype=\"text\" data-selected-value=\"\" data-default-value=\"\"><div class=\"alm-filter--inner\"><div class=\"alm-filter--text\"><div class=\"alm-filter--text-wrap has-button\"><input class=\"alm-filter--textfield textfield\" id=\"search-text-2\" name=\"search-text\" type=\"text\" value=\"\" placeholder=\"Search Blog\" \/><button type=\"button\">Submit<\/button><\/div><\/div><\/div><\/div><div class=\"alm-filters--loading\"><\/div><\/div>[\/et_pb_text][et_pb_text admin_label=&#8220;Posts&#8220; module_id=&#8220;posts&#8220; _builder_version=&#8220;4.17.6&#8243; _module_preset=&#8220;default&#8220; custom_margin_tablet=&#8220;&#8220; custom_margin_phone=&#8220;&#8220; custom_margin_last_edited=&#8220;on|desktop&#8220; global_colors_info=&#8220;{}&#8220;]<div id=\"ajax-load-more\" class=\"ajax-load-more-wrap default\" data-id=\"post_items\" data-alm-id=\"\" data-canonical-url=\"https:\/\/www.myvacaya.com\/de\/blog\/\" data-slug=\"blog\" data-post-id=\"84321\"  data-localized=\"ajax_load_more_post_items_vars\" data-alm-object=\"ajax_load_more_post_items\"><ul aria-live=\"polite\" aria-atomic=\"true\" class=\"alm-listing alm-ajax\" data-container-type=\"ul\" data-loading-style=\"default\" data-repeater=\"default\" data-post-type=\"post\" data-order=\"DESC\" data-orderby=\"date\" data-offset=\"0\" data-posts-per-page=\"9\" data-lang=\"de\" data-scroll=\"false\" data-button-label=\"Load More\" data-prev-button-label=\"Load Previous\"><\/ul><div class=\"alm-btn-wrap\" data-rel=\"ajax-load-more\"><button class=\"alm-load-more-btn\" type=\"button\">Load More<\/button><\/div><\/div>[\/et_pb_text][et_pb_text _builder_version=&#8220;4.17.6&#8243; _module_preset=&#8220;default&#8220; text_orientation=&#8220;center&#8220; custom_margin=&#8220;||||false|false&#8220; custom_margin_tablet=&#8220;||||false|false&#8220; custom_margin_phone=&#8220;||||false|false&#8220; custom_margin_last_edited=&#8220;on|phone&#8220; custom_padding=&#8220;||||false|false&#8220; custom_padding_tablet=&#8220;||||false|false&#8220; custom_padding_phone=&#8220;||||false|false&#8220; custom_padding_last_edited=&#8220;on|phone&#8220; global_colors_info=&#8220;{}&#8220;]<\/p>\n<p style=\"text-align: center;\">Wenn Sie VACAYA-Blog-Mitwirkender werden m\u00f6chten, freuen wir uns \u00fcber die vielf\u00e4ltigen und starken Stimmen unserer Community.<br \/>Senden Sie einfach eine E-Mail an <a href=\"mailto:info@myvacaya.com\"><strong>info@myvacaya.com<\/strong><\/a> und teilen Sie uns Ihren besten Pitch mit!<\/p>\n<p>[\/et_pb_text][\/et_pb_column][\/et_pb_row][\/et_pb_section]<\/p>\n","protected":false},"excerpt":{"rendered":"<p><div class=\"trip-overlay\"><div class=\"trip-title\"><h1>Reisepl\u00e4ttchen mit Titel \u2013 Nur Kreuzfahrten<\/h1><\/div><\/div><div class=\"alm-filters alm-filters-container\" id=\"alm-filters-post_items_filter\" data-target=\"post_items\" data-style=\"change\" data-id=\"post_items_filter\" ><div class=\"alm-filter alm-filter--group alm-filter--category\" id=\"alm-filter-1\" data-key=\"category\" data-fieldtype=\"select\" data-selected-value=\"\" data-default-value=\"\"><div class=\"alm-filter--inner\"><div class=\"alm-filter--select \"><select id=\"category-select-1\" class=\"alm-filter--item\"><option id=\"select-blog-de\" value=\"blog-de\" data-name=\"Blog\">Blog<\/option><option id=\"select-philanthropie\" value=\"philanthropie\" data-name=\" - Philanthropie\"> - Philanthropie<\/option><option id=\"select-reiseziele\" value=\"reiseziele\" data-name=\" - Reiseziele\"> - Reiseziele<\/option><option id=\"select-resorts-de\" value=\"resorts-de\" data-name=\" - Resorts\"> - Resorts<\/option><option id=\"select-schiffe\" value=\"schiffe\" data-name=\" - Schiffe\"> - Schiffe<\/option><option id=\"select-unkategorisiert\" value=\"unkategorisiert\" data-name=\" - Unkategorisiert\"> - Unkategorisiert<\/option><option id=\"select-vacaya-de\" value=\"vacaya-de\" data-name=\" - Vacaya\"> - Vacaya<\/option><\/select><\/div><\/div><\/div><div class=\"alm-filter alm-filter--group alm-filter--search\" id=\"alm-filter-2\" data-key=\"search\" data-fieldtype=\"text\" data-selected-value=\"\" data-default-value=\"\"><div class=\"alm-filter--inner\"><div class=\"alm-filter--text\"><div class=\"alm-filter--text-wrap has-button\"><input class=\"alm-filter--textfield textfield\" id=\"search-text-2\" name=\"search-text\" type=\"text\" value=\"\" placeholder=\"Search Blog\" \/><button type=\"button\">Submit<\/button><\/div><\/div><\/div><\/div><div class=\"alm-filters--loading\"><\/div><\/div><div id=\"ajax-load-more-2\" class=\"ajax-load-more-wrap default\" data-id=\"post_items\" data-alm-id=\"\" data-canonical-url=\"https:\/\/www.myvacaya.com\/de\/et_pb_layout\/reiseplaettchen-mit-titel-nur-kreuzfahrten\/\" data-slug=\"reiseplaettchen-mit-titel-nur-kreuzfahrten\" data-post-id=\"85426\"  data-localized=\"ajax_load_more_post_items_vars\" data-alm-object=\"ajax_load_more_post_items\"><ul aria-live=\"polite\" aria-atomic=\"true\" class=\"alm-listing alm-ajax\" data-container-type=\"ul\" data-loading-style=\"default\" data-repeater=\"default\" data-post-type=\"post\" data-order=\"DESC\" data-orderby=\"date\" data-offset=\"0\" data-posts-per-page=\"9\" data-lang=\"de\" data-scroll=\"false\" data-button-label=\"Load More\" data-prev-button-label=\"Load Previous\"><\/ul><div class=\"alm-btn-wrap\" data-rel=\"ajax-load-more-2\"><button class=\"alm-load-more-btn\" type=\"button\">Load More<\/button><\/div><\/div>Wenn Sie VACAYA-Blog-Mitwirkender werden m\u00f6chten, freuen wir uns \u00fcber die vielf\u00e4ltigen und starken Stimmen unserer Community.Senden Sie einfach eine E-Mail an info@myvacaya.com und teilen Sie uns Ihren besten Pitch mit!<\/p>\n","protected":false},"author":1,"featured_media":0,"parent":0,"menu_order":0,"comment_status":"closed","ping_status":"closed","template":"","meta":{"_acf_changed":false,"_et_pb_use_builder":"on","_et_pb_old_content":"","_et_gb_content_width":"","_monsterinsights_skip_tracking":false,"_monsterinsights_sitenote_active":false,"_monsterinsights_sitenote_note":"","_monsterinsights_sitenote_category":0,"footnotes":""},"class_list":["post-84321","page","type-page","status-publish","hentry"],"acf":[],"_links":{"self":[{"href":"https:\/\/www.myvacaya.com\/de\/wp-json\/wp\/v2\/pages\/84321","targetHints":{"allow":["GET"]}}],"collection":[{"href":"https:\/\/www.myvacaya.com\/de\/wp-json\/wp\/v2\/pages"}],"about":[{"href":"https:\/\/www.myvacaya.com\/de\/wp-json\/wp\/v2\/types\/page"}],"author":[{"embeddable":true,"href":"https:\/\/www.myvacaya.com\/de\/wp-json\/wp\/v2\/users\/1"}],"replies":[{"embeddable":true,"href":"https:\/\/www.myvacaya.com\/de\/wp-json\/wp\/v2\/comments?post=84321"}],"version-history":[{"count":1,"href":"https:\/\/www.myvacaya.com\/de\/wp-json\/wp\/v2\/pages\/84321\/revisions"}],"predecessor-version":[{"id":84336,"href":"https:\/\/www.myvacaya.com\/de\/wp-json\/wp\/v2\/pages\/84321\/revisions\/84336"}],"wp:attachment":[{"href":"https:\/\/www.myvacaya.com\/de\/wp-json\/wp\/v2\/media?parent=84321"}],"curies":[{"name":"wp","href":"https:\/\/api.w.org\/{rel}","templated":true}]}}