{"id":84303,"date":"2018-02-10T15:07:16","date_gmt":"2018-02-10T20:07:16","guid":{"rendered":"https:\/\/www.myvacaya.com\/zurueckgeben\/"},"modified":"2023-08-02T16:44:43","modified_gmt":"2023-08-02T20:44:43","slug":"zurueckgeben","status":"publish","type":"page","link":"https:\/\/www.myvacaya.com\/de\/entdecken\/zurueckgeben\/","title":{"rendered":"Zur\u00fcckgeben"},"content":{"rendered":"<p>[et_pb_section fb_built=&#8220;1&#8243; fullwidth=&#8220;on&#8220; admin_label=&#8220;Slider&#8220; module_id=&#8220;Schieberabschnitt-Innenraum&#8220; _builder_version=&#8220;4.17.6&#8243; _module_preset=&#8220;default&#8220; background_enable_image=&#8220;off&#8220; global_colors_info=&#8220;{}&#8220;][et_pb_fullwidth_code admin_label=&#8220;Slider Overlay&#8220; module_class=&#8220;interior-page-overlay&#8220; _builder_version=&#8220;4.17.6&#8243; _module_preset=&#8220;default&#8220; positioning=&#8220;absolute&#8220; position_origin_a=&#8220;top_right&#8220; position_origin_f=&#8220;top_right&#8220; z_index=&#8220;100&#8243; width=&#8220;50%&#8220; width_tablet=&#8220;50%&#8220; width_phone=&#8220;100%&#8220; width_last_edited=&#8220;on|phone&#8220; height=&#8220;100vh&#8220; hover_enabled=&#8220;0&#8243; global_colors_info=&#8220;{}&#8220; sticky_enabled=&#8220;0&#8243;]<div class=\"trip-overlay\"><div class=\"trip-title\"><h1>Zur\u00fcckgeben<\/h1><\/div><\/div>[\/et_pb_fullwidth_code][et_pb_fullwidth_slider show_arrows=&#8220;off&#8220; admin_label=&#8220;Slider Images&#8220; module_id=&#8220;slider-images&#8220; _builder_version=&#8220;4.17.6&#8243; _module_preset=&#8220;default&#8220; height=&#8220;100vh&#8220; auto=&#8220;on&#8220; global_colors_info=&#8220;{}&#8220;][et_pb_slide _builder_version=&#8220;4.17.6&#8243; _module_preset=&#8220;default&#8220; background_color=&#8220;RGBA(255,255,255,0)&#8220; background_enable_color=&#8220;on&#8220; background_image=&#8220;https:\/\/www.myvacaya.com\/wp-content\/uploads\/2022\/09\/giving-back-3.jpg&#8220; background_enable_image=&#8220;on&#8220; background_last_edited=&#8220;on|desktop&#8220; background_image_phone=&#8220;https:\/\/www.myvacaya.com\/wp-content\/uploads\/2022\/11\/give-back-mobile-414&#215;500-1.jpg&#8220; background_enable_image_phone=&#8220;on&#8220; global_colors_info=&#8220;{}&#8220; sticky_transition=&#8220;on&#8220;][\/et_pb_slide][\/et_pb_fullwidth_slider][\/et_pb_section][et_pb_section fb_built=&#8220;1&#8243; custom_padding_last_edited=&#8220;on|phone&#8220; _builder_version=&#8220;4.17.6&#8243; _module_preset=&#8220;default&#8220; custom_padding=&#8220;||||false|false&#8220; custom_padding_tablet=&#8220;||||false|false&#8220; custom_padding_phone=&#8220;||||false|false&#8220; global_colors_info=&#8220;{}&#8220;][et_pb_row custom_padding_last_edited=&#8220;on|desktop&#8220; _builder_version=&#8220;4.17.6&#8243; _module_preset=&#8220;default&#8220; custom_padding=&#8220;||||false|false&#8220; custom_padding_tablet=&#8220;||||false|false&#8220; custom_padding_phone=&#8220;||||false|false&#8220; global_colors_info=&#8220;{}&#8220;][et_pb_column type=&#8220;4_4&#8243; _builder_version=&#8220;4.17.6&#8243; _module_preset=&#8220;default&#8220; global_colors_info=&#8220;{}&#8220;][et_pb_text _builder_version=&#8220;4.17.6&#8243; _module_preset=&#8220;default&#8220; custom_margin=&#8220;||||false|false&#8220; custom_margin_tablet=&#8220;||||false|false&#8220; custom_margin_phone=&#8220;||||false|false&#8220; custom_margin_last_edited=&#8220;on|phone&#8220; global_colors_info=&#8220;{}&#8220;]Wie stellen Sie sich unsere Welt in 50 Jahren vor? Der Gemeinschaft etwas zur\u00fcckzugeben spiegelt unser Engagement f\u00fcr die Idee wider, dass wir alle etwas bewirken k\u00f6nnen. Zu diesem Zweck hat VACAYA zwei M\u00f6glichkeiten, wie wir hoffentlich sowohl lokal als auch global etwas bewirken k\u00f6nnen \u2026[\/et_pb_text][\/et_pb_column][\/et_pb_row][\/et_pb_section][et_pb_section fb_built=&#8220;1&#8243; custom_padding_last_edited=&#8220;on|desktop&#8220; admin_label=&#8220;Video&#8220; _builder_version=&#8220;4.17.6&#8243; _module_preset=&#8220;default&#8220; custom_padding=&#8220;0%||0%||false|false&#8220; custom_padding_tablet=&#8220;0%||0%||false|false&#8220; custom_padding_phone=&#8220;0%||0%||false|false&#8220; global_colors_info=&#8220;{}&#8220;][et_pb_row custom_padding_last_edited=&#8220;on|desktop&#8220; _builder_version=&#8220;4.17.6&#8243; _module_preset=&#8220;default&#8220; custom_padding=&#8220;0%||0%||false|false&#8220; custom_padding_tablet=&#8220;&#8220; custom_padding_phone=&#8220;||0%||false|false&#8220; global_colors_info=&#8220;{}&#8220;][et_pb_column type=&#8220;4_4&#8243; _builder_version=&#8220;4.17.4&#8243; _module_preset=&#8220;default&#8220; global_colors_info=&#8220;{}&#8220;][et_pb_image src=&#8220;https:\/\/www.myvacaya.com\/wp-content\/uploads\/2022\/09\/giving-back-1.jpg&#8220; title_text=&#8220;zur\u00fcckgeben-1&#8243; show_bottom_space=&#8220;off&#8220; force_fullwidth=&#8220;on&#8220; admin_label=&#8220;Video Thumbnail&#8220; module_class=&#8220;popmake-29174&#8243; _builder_version=&#8220;4.17.6&#8243; _module_preset=&#8220;default&#8220; scroll_fade_enable=&#8220;on&#8220; global_colors_info=&#8220;{}&#8220;][\/et_pb_image][et_pb_image src=&#8220;https:\/\/www.myvacaya.com\/wp-content\/uploads\/2022\/10\/play-btn-pink-white.png&#8220; title_text=&#8220;play-btn-pink-wei\u00df&#8220; align=&#8220;center&#8220; admin_label=&#8220;Play Button&#8220; module_class=&#8220;popmake-29174&#8243; _builder_version=&#8220;4.17.6&#8243; _module_preset=&#8220;default&#8220; positioning=&#8220;absolute&#8220; position_origin_a=&#8220;center_center&#8220; position_origin_f=&#8220;center_center&#8220; z_index=&#8220;10&#8243; width=&#8220;100%&#8220; width_tablet=&#8220;100%&#8220; width_phone=&#8220;&#8220; width_last_edited=&#8220;on|phone&#8220; max_width_tablet=&#8220;&#8220; max_width_phone=&#8220;50px&#8220; max_width_last_edited=&#8220;on|phone&#8220; global_colors_info=&#8220;{}&#8220;][\/et_pb_image][\/et_pb_column][\/et_pb_row][\/et_pb_section][et_pb_section fb_built=&#8220;1&#8243; custom_padding_last_edited=&#8220;on|desktop&#8220; _builder_version=&#8220;4.17.6&#8243; _module_preset=&#8220;default&#8220; custom_padding=&#8220;4%||0%||false|false&#8220; custom_padding_tablet=&#8220;4%||||false|false&#8220; custom_padding_phone=&#8220;40px||||false|false&#8220; global_colors_info=&#8220;{}&#8220;][et_pb_row column_structure=&#8220;1_2,1_2&#8243; custom_padding_last_edited=&#8220;on|desktop&#8220; _builder_version=&#8220;4.17.6&#8243; _module_preset=&#8220;default&#8220; custom_padding=&#8220;0%||0%||false|false&#8220; custom_padding_tablet=&#8220;0%||0%||false|false&#8220; custom_padding_phone=&#8220;0%||0%||false|false&#8220; global_colors_info=&#8220;{}&#8220;][et_pb_column type=&#8220;1_2&#8243; _builder_version=&#8220;4.17.6&#8243; _module_preset=&#8220;default&#8220; global_colors_info=&#8220;{}&#8220;][et_pb_text admin_label=&#8220;Section Title &#8211; H3&#8243; _builder_version=&#8220;4.17.6&#8243; _module_preset=&#8220;default&#8220; header_3_font=&#8220;Futura Bold|||on|||||&#8220; header_3_text_align=&#8220;center&#8220; header_3_text_color=&#8220;#000000&#8243; header_3_font_size=&#8220;18px&#8220; header_3_letter_spacing=&#8220;1.8px&#8220; header_3_line_height=&#8220;24px&#8220; custom_margin=&#8220;||||false|false&#8220; custom_margin_tablet=&#8220;||||false|false&#8220; custom_margin_phone=&#8220;||||false|false&#8220; custom_margin_last_edited=&#8220;on|phone&#8220; custom_padding=&#8220;||||false|false&#8220; global_colors_info=&#8220;{}&#8220;]<\/p>\n<h3>ReachOUT<\/h3>\n<p>[\/et_pb_text][et_pb_text _builder_version=&#8220;4.17.6&#8243; _module_preset=&#8220;default&#8220; global_colors_info=&#8220;{}&#8220;]Unsere Mission besteht darin, sicherzustellen, dass wir den Gemeinden, die wir besuchen, mehr zur\u00fcckgeben, als ihnen weggenommen wird. Durch die Zusammenarbeit mit lokalen Organisationen bieten wir unseren G\u00e4sten w\u00e4hrend ihres Urlaubs die M\u00f6glichkeit, den Gemeinden, die wir besuchen, etwas zur\u00fcckzugeben \u2013 entweder mit etwas Eigenkapital oder finanziell. Die Welt zu einem besseren Ort zu machen ist einfach. Alles, was Sie tun m\u00fcssen, ist, die Zeit Ihres Lebens zu haben. Zu unseren Angeboten geh\u00f6ren:<\/p>\n<p><strong>Projektrucksack<\/strong><br \/>\n Eine der verheerendsten Folgen des Lebens in Armut ist die Auswirkung auf die Bildung eines Kindes. F\u00fcr einen benachteiligten Sch\u00fcler in L\u00e4ndern wie Kuba, Roat\u00e1n, Barbuda oder Mexiko ist es f\u00fcr seine Lern- und Weiterentwicklungsf\u00e4higkeit entscheidend, dass er das Schuljahr mit brandneuen Schulmaterialien beginnen kann. Project Backpack bietet VACAYA-G\u00e4sten die M\u00f6glichkeit, diese Vorr\u00e4te zu sammeln und an Schulen in den von uns besuchten H\u00e4fen zu liefern.<\/p>\n<p><strong>F\u00f6rderung der Verst\u00e4ndigung durch Voluntourismus  <\/strong><br \/>\nLGBT-Reisen haben sich als einer der Haupttreiber f\u00fcr die weltweite Akzeptanz unserer Gemeinschaft erwiesen. VACAYA wird diese Beziehungen durch unsere Voluntourismus-Landausfl\u00fcge st\u00e4rken. Mit dem Ziel, soziale Auswirkungen zu erzielen, werden die G\u00e4ste lokale Gemeinschaften einbeziehen, indem sie Jugendlichen, die in von Armut geplagten Waisenh\u00e4usern leben, Freude bereiten, beim Wiederaufbau einer von einem Hurrikan zerst\u00f6rten Einrichtung helfen oder kosteng\u00fcnstige, aber wirksame Wasserfilter herstellen und diese an bed\u00fcrftige Familien liefern. VACAYA wird in Zusammenarbeit mit unseren Kreuzfahrtreedereien und Resort-Gastgebern diese philanthropischen Bem\u00fchungen vorantreiben, um bei unseren Gastgebern einen bleibenden Eindruck zu hinterlassen.[\/et_pb_text][\/et_pb_column][et_pb_column type=&#8220;1_2&#8243; _builder_version=&#8220;4.17.6&#8243; _module_preset=&#8220;default&#8220; global_colors_info=&#8220;{}&#8220;][et_pb_text admin_label=&#8220;Section Title &#8211; H3&#8243; _builder_version=&#8220;4.17.6&#8243; _module_preset=&#8220;default&#8220; header_3_font=&#8220;Futura Bold|||on|||||&#8220; header_3_text_align=&#8220;center&#8220; header_3_text_color=&#8220;#000000&#8243; header_3_font_size=&#8220;18px&#8220; header_3_letter_spacing=&#8220;1.8px&#8220; header_3_line_height=&#8220;24px&#8220; custom_margin=&#8220;||||false|false&#8220; custom_margin_tablet=&#8220;||||false|false&#8220; custom_margin_phone=&#8220;||||false|false&#8220; custom_margin_last_edited=&#8220;on|phone&#8220; custom_padding=&#8220;||||false|false&#8220; global_colors_info=&#8220;{}&#8220;]<\/p>\n<h3>H\u00fctten f\u00fcr gute Zwecke<\/h3>\n<p>[\/et_pb_text][et_pb_text _builder_version=&#8220;4.17.6&#8243; _module_preset=&#8220;default&#8220; global_colors_info=&#8220;{}&#8220;]Als unabh\u00e4ngiges Unternehmen haben wir die Freiheit, Anliegen zu unterst\u00fctzen, die sich positiv auf unsere Welt auswirken. Es ist uns wichtig, etwas zur\u00fcckzugeben, und wir m\u00f6chten diese Leidenschaft teilen, indem wir VACAYA-G\u00e4sten die M\u00f6glichkeit geben, mitzuentscheiden, welche Anliegen wir unterst\u00fctzen. Durch Ihre Unterst\u00fctzung von VACAYA spendet unser <em>Cabins for Causes<\/em> -Programm Kreuzfahrtzimmer f\u00fcr wohlt\u00e4tige Zwecke Ihrer Wahl. Von Zeit zu Zeit f\u00fchren wir Nominierungen und Wahlen durch, bei denen unsere G\u00e4ste als Leitfaden f\u00fcr unsere Spenden f\u00fcr wohlt\u00e4tige Zwecke dienen. Wir hoffen, auf folgende Weise helfen zu k\u00f6nnen:<\/p>\n<ul>\n<li><strong>Kritische Probleme zu Hause l\u00f6sen<\/strong><br \/>\nUnser Ziel ist es, Organisationen zu unterst\u00fctzen, die sich mit den schwierigen Problemen befassen, mit denen LGBTs in Amerika konfrontiert sind. Zu den Beispielen geh\u00f6ren die \u00dcberwindung der Auswirkungen des Outings junger Menschen bei nicht unterst\u00fctzenden Familien, die Bereitstellung wichtiger medizinischer HIV\/AIDS-Versorgung f\u00fcr alle Bed\u00fcrftigen und die Gew\u00e4hrleistung diskriminierungsfreier und bezahlbarer Wohnungen f\u00fcr unsere wachsenden LGBT-\u00c4ltesten.<\/li>\n<li><strong>Die Gew\u00e4hrleistung der Gleichstellung nimmt weiter zu<\/strong><br \/>\nDank der harten Arbeit von Generationen von LGBT-Bef\u00fcrwortern und Aktivisten, die daf\u00fcr gek\u00e4mpft haben, dies zu erm\u00f6glichen, hat unser Land Gleichstellungsschritte gemacht, die einige von uns zu ihren Lebzeiten nicht f\u00fcr m\u00f6glich gehalten h\u00e4tten. Unser Ziel ist es, Organisationen zu unterst\u00fctzen, die sich f\u00fcr die vollst\u00e4ndige Gleichstellung von LGBT-Amerikanern auf Bundesebene einsetzen, den Milit\u00e4rdienst von LGBT-Menschen w\u00fcrdigen und Uninformierte \u00fcber die Herausforderungen aufkl\u00e4ren, denen sich unsere Gemeinschaft gegen\u00fcbersieht.<\/li>\n<li><strong>St\u00e4rkung der Menschenrechte auf der ganzen Welt<\/strong><br \/>\nWir beabsichtigen, Organisationen in L\u00e4ndern wie Russland, Indien, Malaysia, Saudi-Arabien, Singapur, den Vereinigten Arabischen Emiraten und Katar mit homophoben Regierungen und antihomosexuellen Gesetzen zu unterst\u00fctzen, die die M\u00f6glichkeiten der LGBT-Community-Mitglieder einschr\u00e4nken, ihr volles Potenzial auszusch\u00f6pfen. Wir bieten Ressourcen und eine Botschaft der Hoffnung mit einer Vision f\u00fcr ein Leben, das frei, offen und in der Mehrheit ist.<\/li>\n<\/ul>\n<p><strong>In Betracht gezogen werden<\/strong><br \/>\nVACAYA nimmt derzeit Bewerbungen <em>von Cabins for Causes<\/em> zur Pr\u00fcfung entgegen.<\/p>\n<p>Um sich zu bewerben, senden Sie bitte die folgenden Informationen an <a href=\"mailto:marketing@myvacaya.com\" target=\"_blank\" rel=\"noopener\">marketing@myvacaya.com<\/a> :<\/p>\n<ul>\n<li>Name der Organisation<\/li>\n<li>Website der Organisation<\/li>\n<li>Name, E-Mail-Adresse und Telefonnummer des Organisationskontakts<\/li>\n<li>Name und Datum der Veranstaltung<\/li>\n<li>Anzahl der Teilnehmer<\/li>\n<li>Weitere Details (Sie k\u00f6nnen gerne eine kurze Pr\u00e4sentation beif\u00fcgen)<\/li>\n<\/ul>\n<p>[\/et_pb_text][\/et_pb_column][\/et_pb_row][\/et_pb_section][et_pb_section fb_built=&#8220;1&#8243; admin_label=&#8220;Trip Tiles with Divider and Title&#8220; _builder_version=&#8220;4.17.6&#8243; _module_preset=&#8220;default&#8220; global_colors_info=&#8220;{}&#8220;][et_pb_row _builder_version=&#8220;4.17.6&#8243; _module_preset=&#8220;default&#8220; global_colors_info=&#8220;{}&#8220;][et_pb_column type=&#8220;4_4&#8243; _builder_version=&#8220;4.17.6&#8243; _module_preset=&#8220;default&#8220; global_colors_info=&#8220;{}&#8220;][et_pb_divider color=&#8220;#000000&#8243; divider_position=&#8220;center&#8220; _builder_version=&#8220;4.17.6&#8243; _module_preset=&#8220;default&#8220; global_colors_info=&#8220;{}&#8220;][\/et_pb_divider][\/et_pb_column][\/et_pb_row][et_pb_row _builder_version=&#8220;4.17.6&#8243; _module_preset=&#8220;default&#8220; global_colors_info=&#8220;{}&#8220;][et_pb_column type=&#8220;4_4&#8243; _builder_version=&#8220;4.17.6&#8243; _module_preset=&#8220;default&#8220; global_colors_info=&#8220;{}&#8220;][et_pb_text admin_label=&#8220;Section Title &#8211; H3&#8243; _builder_version=&#8220;4.17.6&#8243; _module_preset=&#8220;default&#8220; header_3_font=&#8220;Futura Bold|||on|||||&#8220; header_3_text_align=&#8220;center&#8220; header_3_text_color=&#8220;#000000&#8243; header_3_font_size=&#8220;18px&#8220; header_3_letter_spacing=&#8220;1.8px&#8220; header_3_line_height=&#8220;24px&#8220; custom_margin=&#8220;||||false|false&#8220; custom_margin_tablet=&#8220;||||false|false&#8220; custom_margin_phone=&#8220;||||false|false&#8220; custom_margin_last_edited=&#8220;on|phone&#8220; custom_padding=&#8220;||||false|false&#8220; global_colors_info=&#8220;{}&#8220;]<\/p>\n<h3>Geben Sie w\u00e4hrend Ihres Urlaubs etwas zur\u00fcck<\/h3>\n<p>[\/et_pb_text][\/et_pb_column][\/et_pb_row][et_pb_row _builder_version=&#8220;4.17.6&#8243; _module_preset=&#8220;default&#8220; global_colors_info=&#8220;{}&#8220;][et_pb_column type=&#8220;4_4&#8243; _builder_version=&#8220;4.17.6&#8243; _module_preset=&#8220;default&#8220; global_colors_info=&#8220;{}&#8220;][et_pb_text _builder_version=&#8220;4.17.6&#8243; _module_preset=&#8220;default&#8220; global_colors_info=&#8220;{}&#8220;]<div id=\"ajax-load-more\" class=\"ajax-load-more-wrap default\" data-id=\"experience-items\" data-alm-id=\"\" data-canonical-url=\"https:\/\/www.myvacaya.com\/de\/entdecken\/zurueckgeben\/\" data-slug=\"zurueckgeben\" data-post-id=\"84303\"  data-localized=\"ajax_load_more_experience_items_vars\" data-alm-object=\"ajax_load_more_experience_items\"><ul aria-live=\"polite\" aria-atomic=\"true\" class=\"alm-listing alm-ajax\" data-container-type=\"ul\" data-loading-style=\"default\" data-repeater=\"template_1\" data-post-type=\"trip\" data-meta-key=\"show_trip_tile\" data-meta-value=\"1\" data-custom-args=\"post_parent: 0\" data-order=\"ASC\" data-orderby=\"date\" data-offset=\"0\" data-posts-per-page=\"20\" data-lang=\"de\" data-scroll=\"false\" data-button-label=\"Load More\" data-prev-button-label=\"Load Previous\" data-destroy-after=\"1\"><\/ul><div class=\"alm-btn-wrap\" data-rel=\"ajax-load-more\"><button class=\"alm-load-more-btn\" type=\"button\">Load More<\/button><\/div><\/div>[\/et_pb_text][\/et_pb_column][\/et_pb_row][\/et_pb_section][et_pb_section fb_built=&#8220;1&#8243; admin_label=&#8220;The Vacaya Difference&#8220; _builder_version=&#8220;4.17.6&#8243; _module_preset=&#8220;default&#8220; background_color=&#8220;#191919&#8243; custom_padding=&#8220;||||false|false&#8220; global_colors_info=&#8220;{}&#8220;][et_pb_row _builder_version=&#8220;4.17.6&#8243; _module_preset=&#8220;default&#8220; global_colors_info=&#8220;{}&#8220;][et_pb_column type=&#8220;4_4&#8243; _builder_version=&#8220;4.17.4&#8243; _module_preset=&#8220;default&#8220; global_colors_info=&#8220;{}&#8220;][et_pb_text admin_label=&#8220;Section Title &#8211; H3&#8243; _builder_version=&#8220;4.17.6&#8243; _module_preset=&#8220;default&#8220; header_3_font=&#8220;Futura Bold|||on|||||&#8220; header_3_text_align=&#8220;center&#8220; header_3_text_color=&#8220;#FFFFFF&#8220; header_3_font_size=&#8220;18px&#8220; header_3_letter_spacing=&#8220;1.8px&#8220; header_3_line_height=&#8220;24px&#8220; custom_margin=&#8220;||4%||false|false&#8220; custom_margin_tablet=&#8220;||4%||false|false&#8220; custom_margin_phone=&#8220;||40px||false|false&#8220; custom_margin_last_edited=&#8220;on|phone&#8220; global_colors_info=&#8220;{}&#8220;]<\/p>\n<h3>Der Vacaya-Unterschied<\/h3>\n<p>[\/et_pb_text][dmpro_carousel columns=&#8220;5&#8243; space_between=&#8220;32&#8243; container_padding=&#8220;0px|30px|0px|30px|false|false&#8220; loop=&#8220;on&#8220; autoplay=&#8220;on&#8220; pause_on_hover=&#8220;off&#8220; autoplay_speed=&#8220;3000&#8243; columns_tablet=&#8220;3&#8243; columns_phone=&#8220;2&#8243; columns_last_edited=&#8220;on|phone&#8220; _builder_version=&#8220;4.17.6&#8243; _module_preset=&#8220;default&#8220; title_font=&#8220;Futura Bold|||on|||||&#8220; title_text_color=&#8220;#FFFFFF&#8220; title_font_size=&#8220;18px&#8220; title_letter_spacing=&#8220;0.1em&#8220; title_line_height=&#8220;24px&#8220; desc_font=&#8220;Helvetica||||||||&#8220; desc_text_color=&#8220;#FFFFFF&#8220; desc_font_size=&#8220;16px&#8220; desc_line_height=&#8220;1.5em&#8220; global_colors_info=&#8220;{}&#8220;][dmpro_carousel_child title=&#8220;Werden Sie Botschafter&#8220; img_src=&#8220;https:\/\/www.myvacaya.com\/wp-content\/uploads\/2022\/07\/ambassadors-1.jpg&#8220; text_title=&#8220;Werden Sie Botschafter&#8220; desc_text=&#8220;Eager to help spread the news about VACAYA? We have everything you need to get started!&#8220; _builder_version=&#8220;4.17.4&#8243; _module_preset=&#8220;default&#8220; global_colors_info=&#8220;{}&#8220;][\/dmpro_carousel_child][dmpro_carousel_child title=&#8220;Unvergleichliche Angebote&#8220; img_src=&#8220;https:\/\/www.myvacaya.com\/wp-content\/uploads\/2022\/07\/unparalled-offers.png&#8220; text_title=&#8220;Unvergleichliche Angebote&#8220; desc_text=&#8220;Are you ready to dive into VACAYA headfirst? We\u2019ve got a special selection of offers just for you!&#8220; _builder_version=&#8220;4.17.4&#8243; _module_preset=&#8220;default&#8220; global_colors_info=&#8220;{}&#8220;][\/dmpro_carousel_child][dmpro_carousel_child title=&#8220;Barrierefreiheit&#8220; img_src=&#8220;https:\/\/www.myvacaya.com\/wp-content\/uploads\/2022\/07\/accesibility.jpg&#8220; text_title=&#8220;Barrierefreiheit&#8220; desc_text=&#8220;VACAYA and our partners create a welcoming environment for travelers with special needs.&#8220; _builder_version=&#8220;4.17.4&#8243; _module_preset=&#8220;default&#8220; global_colors_info=&#8220;{}&#8220;][\/dmpro_carousel_child][dmpro_carousel_child title=&#8220;Zur\u00fcckgeben&#8220; img_src=&#8220;https:\/\/www.myvacaya.com\/wp-content\/uploads\/2022\/07\/giving-back-2.jpg&#8220; text_title=&#8220;Zur\u00fcckgeben&#8220; desc_text=&#8220;Our efforts in the community reflect our commitment to the idea that we can all make a difference.&#8220; _builder_version=&#8220;4.17.4&#8243; _module_preset=&#8220;default&#8220; global_colors_info=&#8220;{}&#8220;][\/dmpro_carousel_child][dmpro_carousel_child title=&#8220;Alle sind willkommen&#8220; img_src=&#8220;https:\/\/www.myvacaya.com\/wp-content\/uploads\/2022\/07\/all-are-welcome.png&#8220; text_title=&#8220;Alle sind willkommen&#8220; desc_text=&#8220;Open your mind to the rainbow of fun that can be had in the world. <em>That\u2019s<\/em> the spirit of VACAYA!&#8220; _builder_version=&#8220;4.17.4&#8243; _module_preset=&#8220;default&#8220; global_colors_info=&#8220;{}&#8220;][\/dmpro_carousel_child][dmpro_carousel_child title=&#8220;Unsere Erfahrungen&#8220; img_src=&#8220;https:\/\/www.myvacaya.com\/wp-content\/uploads\/2022\/07\/vacaya-experiences.jpg&#8220; text_title=&#8220;Unsere Erfahrungen&#8220; desc_text=&#8220;VACAYA delivers vacations tailored to the unique desires of our guests. How will <em>you<\/em> VACAYA?&#8220; _builder_version=&#8220;4.17.4&#8243; _module_preset=&#8220;default&#8220; global_colors_info=&#8220;{}&#8220;][\/dmpro_carousel_child][dmpro_carousel_child title=&#8220;Buchstabensuppe&#8220; img_src=&#8220;https:\/\/www.myvacaya.com\/wp-content\/uploads\/2022\/07\/the-difference-alphabet-soup-290&#215;175-2.jpg&#8220; text_title=&#8220;Buchstabensuppe&#8220; desc_text=&#8220;Look no further\u2026 VACAYA\u2019s handy guide will help you navigate the entire LGBTQIAPK spectrum.&#8220; _builder_version=&#8220;4.17.4&#8243; _module_preset=&#8220;default&#8220; global_colors_info=&#8220;{}&#8220;][\/dmpro_carousel_child][dmpro_carousel_child title=&#8220;Alleinreisende&#8220; img_src=&#8220;https:\/\/www.myvacaya.com\/wp-content\/uploads\/2022\/07\/step-by-step.jpg&#8220; text_title=&#8220;Alleinreisende&#8220; desc_text=&#8220;<\/p>\n<p>VACAYA\u2019s \u201cSolo Traveling with Ease Program\u201d is perfect for single travelers looking to join in the fun.<\/p>\n<p>&#8220; _builder_version=&#8220;4.17.4&#8243; _module_preset=&#8220;default&#8220; global_colors_info=&#8220;{}&#8220;][\/dmpro_carousel_child][\/dmpro_carousel][\/et_pb_column][\/et_pb_row][\/et_pb_section]<\/p>\n","protected":false},"excerpt":{"rendered":"<p><div class=\"trip-overlay\"><div class=\"trip-title\"><h1>Reisepl\u00e4ttchen mit Titel \u2013 Nur Kreuzfahrten<\/h1><\/div><\/div>Wie stellen Sie sich unsere Welt in 50 Jahren vor? Der Gemeinschaft etwas zur\u00fcckzugeben spiegelt unser Engagement f\u00fcr die Idee wider, dass wir alle etwas bewirken k\u00f6nnen. Zu diesem Zweck hat VACAYA zwei M\u00f6glichkeiten, wie wir hoffentlich sowohl lokal als auch global etwas bewirken k\u00f6nnen \u2026ReachOUTUnsere Mission besteht darin, sicherzustellen, dass wir den Gemeinden, die [&hellip;]<\/p>\n","protected":false},"author":1,"featured_media":0,"parent":84362,"menu_order":0,"comment_status":"closed","ping_status":"closed","template":"","meta":{"_acf_changed":false,"_et_pb_use_builder":"on","_et_pb_old_content":"","_et_gb_content_width":"","_monsterinsights_skip_tracking":false,"_monsterinsights_sitenote_active":false,"_monsterinsights_sitenote_note":"","_monsterinsights_sitenote_category":0,"footnotes":""},"class_list":["post-84303","page","type-page","status-publish","hentry"],"acf":[],"_links":{"self":[{"href":"https:\/\/www.myvacaya.com\/de\/wp-json\/wp\/v2\/pages\/84303","targetHints":{"allow":["GET"]}}],"collection":[{"href":"https:\/\/www.myvacaya.com\/de\/wp-json\/wp\/v2\/pages"}],"about":[{"href":"https:\/\/www.myvacaya.com\/de\/wp-json\/wp\/v2\/types\/page"}],"author":[{"embeddable":true,"href":"https:\/\/www.myvacaya.com\/de\/wp-json\/wp\/v2\/users\/1"}],"replies":[{"embeddable":true,"href":"https:\/\/www.myvacaya.com\/de\/wp-json\/wp\/v2\/comments?post=84303"}],"version-history":[{"count":1,"href":"https:\/\/www.myvacaya.com\/de\/wp-json\/wp\/v2\/pages\/84303\/revisions"}],"predecessor-version":[{"id":84315,"href":"https:\/\/www.myvacaya.com\/de\/wp-json\/wp\/v2\/pages\/84303\/revisions\/84315"}],"up":[{"embeddable":true,"href":"https:\/\/www.myvacaya.com\/de\/wp-json\/wp\/v2\/pages\/84362"}],"wp:attachment":[{"href":"https:\/\/www.myvacaya.com\/de\/wp-json\/wp\/v2\/media?parent=84303"}],"curies":[{"name":"wp","href":"https:\/\/api.w.org\/{rel}","templated":true}]}}