{"id":84284,"date":"2018-02-10T15:04:40","date_gmt":"2018-02-10T20:04:40","guid":{"rendered":"https:\/\/www.myvacaya.com\/bereit-machen\/"},"modified":"2025-11-11T09:34:52","modified_gmt":"2025-11-11T14:34:52","slug":"bereit-machen","status":"publish","type":"page","link":"https:\/\/www.myvacaya.com\/de\/bereit-machen\/","title":{"rendered":"Bereit machen"},"content":{"rendered":"<p>[et_pb_section fb_built=&#8220;1&#8243; fullwidth=&#8220;on&#8220; admin_label=&#8220;Slider&#8220; module_id=&#8220;Schieberabschnitt-Innenraum&#8220; _builder_version=&#8220;4.17.6&#8243; _module_preset=&#8220;default&#8220; background_enable_image=&#8220;off&#8220; global_colors_info=&#8220;{}&#8220;][et_pb_fullwidth_code admin_label=&#8220;Slider Overlay&#8220; module_class=&#8220;interior-page-overlay&#8220; _builder_version=&#8220;4.17.6&#8243; _module_preset=&#8220;default&#8220; positioning=&#8220;absolute&#8220; position_origin_a=&#8220;top_right&#8220; position_origin_f=&#8220;top_right&#8220; z_index=&#8220;100&#8243; width=&#8220;50%&#8220; width_tablet=&#8220;50%&#8220; width_phone=&#8220;100%&#8220; width_last_edited=&#8220;on|phone&#8220; height=&#8220;100vh&#8220; global_colors_info=&#8220;{}&#8220;]<div class=\"trip-overlay\"><div class=\"trip-title\"><h1>Bereit machen<\/h1><\/div><\/div>[\/et_pb_fullwidth_code][et_pb_fullwidth_slider show_arrows=&#8220;off&#8220; admin_label=&#8220;Slider Images&#8220; module_id=&#8220;slider-images&#8220; _builder_version=&#8220;4.17.6&#8243; _module_preset=&#8220;default&#8220; height=&#8220;100vh&#8220; auto=&#8220;on&#8220; global_colors_info=&#8220;{}&#8220;][et_pb_slide _builder_version=&#8220;4.17.6&#8243; _module_preset=&#8220;default&#8220; background_color=&#8220;RGBA(255,255,255,0)&#8220; background_enable_color=&#8220;on&#8220; background_image=&#8220;https:\/\/www.myvacaya.com\/wp-content\/uploads\/2022\/09\/get-ready.jpg&#8220; background_enable_image=&#8220;on&#8220; background_last_edited=&#8220;on|desktop&#8220; background_image_phone=&#8220;https:\/\/www.myvacaya.com\/wp-content\/uploads\/2022\/11\/get-ready-mobile-414&#215;500-1.jpg&#8220; background_enable_image_phone=&#8220;on&#8220; global_colors_info=&#8220;{}&#8220; sticky_transition=&#8220;on&#8220;][\/et_pb_slide][\/et_pb_fullwidth_slider][\/et_pb_section][et_pb_section fb_built=&#8220;1&#8243; custom_padding_last_edited=&#8220;on|phone&#8220; _builder_version=&#8220;4.17.6&#8243; _module_preset=&#8220;default&#8220; custom_padding=&#8220;||||false|false&#8220; custom_padding_tablet=&#8220;||||false|false&#8220; custom_padding_phone=&#8220;||||false|false&#8220; global_colors_info=&#8220;{}&#8220;][et_pb_row custom_padding_last_edited=&#8220;on|desktop&#8220; _builder_version=&#8220;4.17.6&#8243; _module_preset=&#8220;default&#8220; custom_padding=&#8220;||||false|false&#8220; custom_padding_tablet=&#8220;||||false|false&#8220; custom_padding_phone=&#8220;||||false|false&#8220; global_colors_info=&#8220;{}&#8220;][et_pb_column type=&#8220;4_4&#8243; _builder_version=&#8220;4.17.6&#8243; _module_preset=&#8220;default&#8220; global_colors_info=&#8220;{}&#8220;][et_pb_text admin_label=&#8220;Section Title &#8211; H2&#8243; _builder_version=&#8220;4.17.6&#8243; _module_preset=&#8220;default&#8220; text_letter_spacing=&#8220;1.8px&#8220; text_line_height=&#8220;22px&#8220; header_2_font=&#8220;Futura Bold|||on|||||&#8220; header_2_text_align=&#8220;center&#8220; header_2_text_color=&#8220;#000000&#8243; header_2_font_size=&#8220;30px&#8220; header_2_letter_spacing=&#8220;1.8px&#8220; header_2_line_height=&#8220;36px&#8220; header_3_font=&#8220;Futura Bold|||on|||||&#8220; header_3_text_align=&#8220;center&#8220; header_3_text_color=&#8220;#000000&#8243; header_3_font_size=&#8220;18px&#8220; header_3_letter_spacing=&#8220;1.8px&#8220; header_3_line_height=&#8220;24px&#8220; custom_margin=&#8220;||||false|false&#8220; custom_padding=&#8220;||||false|false&#8220; custom_padding_tablet=&#8220;||||false|false&#8220; custom_padding_phone=&#8220;||||false|false&#8220; custom_padding_last_edited=&#8220;on|phone&#8220; global_colors_info=&#8220;{}&#8220;]<\/p>\n<h2>Unsere Mission ist es, sicherzustellen, dass Sie \u00fcber alle notwendigen Werkzeuge verf\u00fcgen.<br \/> notwendig, um Ihren Urlaub bei uns zu genie\u00dfen<\/h2>\n<p>[\/et_pb_text][et_pb_text admin_label=&#8220;Text&#8220; _builder_version=&#8220;4.23.4&#8243; _module_preset=&#8220;default&#8220; custom_margin=&#8220;||||false|false&#8220; custom_margin_tablet=&#8220;||||false|false&#8220; custom_margin_phone=&#8220;||||false|false&#8220; custom_margin_last_edited=&#8220;on|phone&#8220; global_colors_info=&#8220;{}&#8220;]<\/p>\n<p>Wir versorgen Sie rechtzeitig vor Urlaubsbeginn mit allen Informationen, die Sie ben\u00f6tigen \u2013 vom Partythema bis zur Entertainment-Vorschau. Dar\u00fcber hinaus betreuen wir Sie w\u00e4hrend der gesamten Zeit vor und nach dem Urlaub. Du hilfst uns bei der Konzeption und Umsetzung unserer reisespezifischen Wohlt\u00e4tigkeitsinitiativen. Und bei Wettbewerben im Stil <em>von \u201eChoose Your Own Adventure\u201c<\/em> helfen Sie auch dabei, einen Teil des Drehbuchs f\u00fcr Ihre VACAYA-Kreuzfahrt oder Ihren Resorturlaub zu schreiben.<\/p>\n<p>[\/et_pb_text][\/et_pb_column][\/et_pb_row][et_pb_row column_structure=&#8220;1_3,1_3,1_3&#8243; _builder_version=&#8220;4.23.4&#8243; _module_preset=&#8220;default&#8220; global_colors_info=&#8220;{}&#8220;][et_pb_column type=&#8220;1_3&#8243; _builder_version=&#8220;4.23.4&#8243; _module_preset=&#8220;default&#8220; global_colors_info=&#8220;{}&#8220;][et_pb_text admin_label=&#8220;Section Title &#8211; H3&#8243; _builder_version=&#8220;4.23.4&#8243; _module_preset=&#8220;default&#8220; header_3_font=&#8220;Futura Bold|||on|||||&#8220; header_3_text_align=&#8220;center&#8220; header_3_text_color=&#8220;#000000&#8243; header_3_font_size=&#8220;18px&#8220; header_3_letter_spacing=&#8220;1.8px&#8220; header_3_line_height=&#8220;24px&#8220; custom_margin=&#8220;||||false|false&#8220; custom_margin_tablet=&#8220;||||false|false&#8220; custom_margin_phone=&#8220;||||false|false&#8220; custom_margin_last_edited=&#8220;on|phone&#8220; custom_padding=&#8220;||||false|false&#8220; global_colors_info=&#8220;{}&#8220;]<\/p>\n<h3>Ungef\u00e4hr 120 Tage vor Ihrer Reise<\/h3>\n<p>[\/et_pb_text][et_pb_text _builder_version=&#8220;4.23.4&#8243; _module_preset=&#8220;default&#8220; global_colors_info=&#8220;{}&#8220;]<\/p>\n<p>Wir arbeiten seit Monaten daran, alles f\u00fcr Sie zusammenzustellen, und k\u00f6nnen es nicht l\u00e4nger auf sich warten lassen! Wenn Sie wie wir sind, wissen wir, dass Sie es kaum erwarten k\u00f6nnen, sich auf Ihre Reise vorzubereiten. Etwa vier Monate vor Ihrem Urlaub <strong>geben wir die Mottos f\u00fcr unsere Partys auf den gro\u00dfen Kreuzfahrtschiffen und in unseren Resorts bekannt<\/strong> . <strong>*<\/strong> Wir m\u00f6chten Ihnen den Stress ersparen, in letzter Minute hektisch nach dem passenden Outfit suchen zu m\u00fcssen. Deshalb haben Sie gen\u00fcgend Zeit, sich Gedanken \u00fcber Ihre tollen Einzel- und Gruppenkost\u00fcme zu machen und diese auszusuchen. Nat\u00fcrlich sind Kost\u00fcme nie erforderlich, aber sie tragen zweifellos zum Spa\u00df bei!<\/p>\n<p>[\/et_pb_text][\/et_pb_column][et_pb_column type=&#8220;1_3&#8243; _builder_version=&#8220;4.23.4&#8243; _module_preset=&#8220;default&#8220; global_colors_info=&#8220;{}&#8220;][et_pb_text admin_label=&#8220;Section Title &#8211; H3&#8243; _builder_version=&#8220;4.23.4&#8243; _module_preset=&#8220;default&#8220; header_3_font=&#8220;Futura Bold|||on|||||&#8220; header_3_text_align=&#8220;center&#8220; header_3_text_color=&#8220;#000000&#8243; header_3_font_size=&#8220;18px&#8220; header_3_letter_spacing=&#8220;1.8px&#8220; header_3_line_height=&#8220;24px&#8220; custom_margin=&#8220;||||false|false&#8220; custom_margin_tablet=&#8220;||||false|false&#8220; custom_margin_phone=&#8220;||||false|false&#8220; custom_margin_last_edited=&#8220;on|phone&#8220; custom_padding=&#8220;||||false|false&#8220; global_colors_info=&#8220;{}&#8220;]<\/p>\n<h3>Ungef\u00e4hr 45 Tage vor Ihrer Reise<\/h3>\n<p>[\/et_pb_text][et_pb_text _builder_version=&#8220;4.23.4&#8243; _module_preset=&#8220;default&#8220; global_colors_info=&#8220;{}&#8220;]<\/p>\n<p><strong>VACAYA Big-Ship Kreuzfahrten:<\/strong> Ungef\u00e4hr 45 Tage <strong>**<\/strong> vor Ihrer Kreuzfahrt beginnt der Countdown zu Ihrem Urlaub <em>so richtig<\/em> ! Wir haben unser endg\u00fcltiges Manifest an die Kreuzfahrtgesellschaft \u00fcbermittelt und <strong>Ihre offizielle Buchungsnummer wird generiert und Ihnen 45 Tage vor Reiseantritt mitgeteilt<\/strong> . Ihre Buchungsnummer ist der Schl\u00fcssel, um alles im Voraus zu organisieren, einschlie\u00dflich Spa-Termine zu vereinbaren, Landausfl\u00fcge zu reservieren und genau den richtigen Zeitpunkt zu finden, um eines unserer gehobenen Spezialit\u00e4tenrestaurants zu genie\u00dfen. Und wenn Sie kein Planer sind, haben Sie nat\u00fcrlich die M\u00f6glichkeit, viele dieser Extras an Bord zu buchen. Aber denken Sie daran &#8230; fast alles basiert auf der Regel \u201eWer zuerst kommt, mahlt zuerst\u201c, also sollten Sie sie sich holen, solange sie gut sind!<\/p>\n<p><strong>VACAYA Resorts &amp; Tours:<\/strong> F\u00fcr unsere Resort- und Tourprogramme (f\u00fcr die es keine entsprechende \u201eBuchungsnummer\u201c gibt) ver\u00f6ffentlichen wir programmspezifische Informationen ca. 45 Tage vor dem Urlaubsereignis.<\/p>\n<p><strong>VACAYA-Kreuzfahrten mit kleinen Schiffen:<\/strong> Zu unseren Programmen mit kleinen Schiffen (die je nach der Kreuzfahrtgesellschaft, mit der wir zusammenarbeiten, stark variieren) geben wir etwa 45 Tage vor Ihrem Urlaub programmspezifische Informationen heraus.<\/p>\n<p>Um ein tieferes Verst\u00e4ndnis f\u00fcr die Unterschiede zwischen unseren Erlebnissen auf gro\u00dfen Schiffen, auf kleinen Schiffen sowie bei Resorts &amp; Tours zu bekommen, <a href=\"https:\/\/www.myvacaya.com\/de\/entdecken\/vacaya-erlebnisse\/\" target=\"_blank\" rel=\"noopener\">ENTDECKEN SIE HIER<\/a> .<\/p>\n<p>[\/et_pb_text][\/et_pb_column][et_pb_column type=&#8220;1_3&#8243; _builder_version=&#8220;4.23.4&#8243; _module_preset=&#8220;default&#8220; global_colors_info=&#8220;{}&#8220;][et_pb_text admin_label=&#8220;Section Title &#8211; H3&#8243; _builder_version=&#8220;4.23.4&#8243; _module_preset=&#8220;default&#8220; header_3_font=&#8220;Futura Bold|||on|||||&#8220; header_3_text_align=&#8220;center&#8220; header_3_text_color=&#8220;#000000&#8243; header_3_font_size=&#8220;18px&#8220; header_3_letter_spacing=&#8220;1.8px&#8220; header_3_line_height=&#8220;24px&#8220; custom_margin=&#8220;||||false|false&#8220; custom_margin_tablet=&#8220;||||false|false&#8220; custom_margin_phone=&#8220;||||false|false&#8220; custom_margin_last_edited=&#8220;on|phone&#8220; custom_padding=&#8220;||||false|false&#8220; global_colors_info=&#8220;{}&#8220;]<\/p>\n<h3>Der finale Countdown<\/h3>\n<p>[\/et_pb_text][et_pb_text _builder_version=&#8220;4.23.4&#8243; _module_preset=&#8220;default&#8220; global_colors_info=&#8220;{}&#8220;]<\/p>\n<p>Wir wissen, dass Sie in den letzten <strong>30 Tagen vor Ihrer Reise<\/strong> vor Aufregung platzen werden, wenn wir Ihnen eine Vorschau auf die Unterhaltung und die Aktivit\u00e4ten geben, die Ihr VACAYA-Erlebnis zum Leben erwecken!<\/p>\n<p>Behalten Sie w\u00e4hrend dieser Zeit Ihren Posteingang genau im Auge. Per E-Mail werden wir Ihnen wichtige Informationen mitteilen, die Ihre Reise bereichern werden. Dar\u00fcber hinaus ist die Seite \u201eGet Ready\u201c Ihrer Reise (die Sie aufrufen k\u00f6nnen, indem Sie in der Liste unten auf Ihre Reise klicken) Ihre Anlaufstelle f\u00fcr alle wichtigen Informationen zu Ihrem Urlaub. Auf jeder \u201eGet Ready\u201c-Seite befindet sich au\u00dferdem ein E-Mail-Archiv. In diesem Archiv speichern wir alle unsere Service-E-Mails an G\u00e4ste. Wenn Sie also Schwierigkeiten haben, eine alte E-Mail zu finden, k\u00f6nnen Sie immer hier nachschauen, um auf den neuesten Stand zu kommen.  <\/p>\n<p>[\/et_pb_text][\/et_pb_column][\/et_pb_row][et_pb_row _builder_version=&#8220;4.17.6&#8243; _module_preset=&#8220;default&#8220; global_colors_info=&#8220;{}&#8220;][et_pb_column type=&#8220;4_4&#8243; _builder_version=&#8220;4.17.6&#8243; _module_preset=&#8220;default&#8220; global_colors_info=&#8220;{}&#8220;][et_pb_text _builder_version=&#8220;4.23.4&#8243; _module_preset=&#8220;default&#8220; custom_padding=&#8220;2.5%|10%|2.5%|10%|false|false&#8220; hover_enabled=&#8220;0&#8243; border_width_all=&#8220;1px&#8220; border_color_all=&#8220;#000000&#8243; global_colors_info=&#8220;{}&#8220; sticky_enabled=&#8220;0&#8243;]<\/p>\n<p style=\"font-weight: 400;\"><strong>*Ein wichtiger Hinweis zu den VACAYA Signature Parties: Das Herzst\u00fcck Ihres Reiseerlebnisses!<\/strong><\/p>\n<p style=\"font-weight: 400;\">Ob Sie die Weltmeere bereisen oder exotische Resorts erkunden \u2013 bei VACAYA glauben wir, dass unsere Partys das Herzst\u00fcck Ihres Abenteuers sind. Jede Reiseart bietet einzigartige Feierlichkeiten, die alle zusammenbringen, gemeinsam feiern und unvergessliche Erinnerungen schaffen. Hier ein kleiner Einblick in das, was Sie bei jeder VACAYA-Reise erwartet\u2026  <\/p>\n<p>&nbsp;<\/p>\n<p style=\"font-weight: 400;\"><strong>Kreuzfahrten mit gro\u00dfen Schiffen: Leinen los zum Feiern!<\/strong><\/p>\n<p style=\"font-weight: 400;\"><strong>Nacht 1 \u2013 DAS BIN ICH<\/strong><br \/> Starte stilvoll! Trage etwas, das anderen verr\u00e4t, wer du bist und woher du kommst. <\/p>\n<p style=\"font-weight: 400;\"><strong>Tag 2 \u2013 Unser erster V-Dance (Nachmittagsparty): AMPELPARTY<\/strong><br \/> Eine farbenfrohe Art, sich unter die Leute zu mischen! Single und bereit f\u00fcr neue Bekanntschaften? Werde umweltbewusst! Ich bin nur hier, um zu entspannen und platonische Freunde zu finden? Trage ROT. Irgendwo auf magische Weise dazwischen? GELB ist deine Farbe, um die Geschichte zu erz\u00e4hlen.<\/p>\n<p><strong>An einem beliebigen Tag oder Abend \u2013 W\u00c4HLE DEINE EIGENE ABENTEUERPARTY<\/strong><br \/> Bei unserer CYOA-Party haben SIE die M\u00f6glichkeit, das Partymotto selbst zu bestimmen. Wir nehmen online Vorschl\u00e4ge entgegen, und die Kreuzfahrtteilnehmer w\u00e4hlen dann aus der vom V-Team erstellten Liste der Finalisten das Gewinnermotto aus. <\/p>\n<p style=\"font-weight: 400;\"><strong>Nacht 5 \u2013 Eine &#8222;Farben&#8220;-Party<\/strong><br \/> Historisch gesehen war dies eine ROTE PARTEI, aber wir gehen weiter! Auf jeder 7-t\u00e4gigen VACAYA-Kreuzfahrt mit einem gro\u00dfen Schiff findet am 5. Abend unsere gr\u00f6\u00dfte Party der Woche statt, bei der wir die Vacayans einladen, sich in einer einzigen Farbe besonders schick zu machen und so das gesamte Schiff in ein Meer aus lebendiger Selbstentfaltung und Verbundenheit zu verwandeln. Blau k\u00f6nnte Assoziationen von ozeanischer K\u00fchle und Denim-Fantasien hervorrufen. Lila k\u00f6nnte k\u00f6niglichen Glamour und Disco-Majest\u00e4t verk\u00f6rpern. Oder Orange k\u00f6nnte feurigen Spa\u00df mit tropischen Sonnenuntergangs-Vibes und k\u00fchnem Retro-Flair entfachen. Ihr V-Team w\u00e4hlt die Farbe f\u00fcr die Reise aus, die 120 Tage vor Reisebeginn bekannt gegeben wird.<\/p>\n<p style=\"font-weight: 400;\"><strong>Tag 7 \u2013 Letzter V-Dance: SIE IST EIN VOLLIDIOT!<\/strong><br \/>Verkleide dich als eine fantastische Mischung deiner Kost\u00fcme der Woche und trage jeweils ein Teil von jedem deiner vorherigen Kost\u00fcme. Sei so verspielt und albern, wie du willst, denn unser Lieblings-V-Dance der Woche ist der perfekte Abschluss deiner Kreuzfahrt! <\/p>\n<p style=\"font-weight: 400;\">Neben diesen traditionellen Feierlichkeiten werden weitere Partys von verschiedenen Ereignissen inspiriert \u2013 von den Olympischen Spielen bis hin zu Feiertagen \u2013 und variieren je nach Reise. Die \u00fcbrigen Partythemen werden 120 Tage vor Reisebeginn bekannt gegeben. <\/p>\n<p>&nbsp;<\/p>\n<p style=\"font-weight: 400;\"><strong>RESORTS: Ihr zweites Zuhause \u2013 das beste Nachtleben!<\/strong><strong> <\/strong><\/p>\n<p style=\"font-weight: 400;\"><strong>Nacht 1 \u2013 DAS BIN ICH<\/strong><br \/> Genau wie auf Kreuzfahrtschiffen\u2026 zeigen Sie, wer Sie sind, mit einem witzigen Outfit, das Gespr\u00e4che anregt.<\/p>\n<p style=\"font-weight: 400;\"><strong>Tag 2 \u2013 AMPELPARTY<\/strong><br \/> Die gleichen Farben wie auf der Kreuzfahrt \u2013 Gr\u00fcn f\u00fcr Singles, Rot f\u00fcr Freunde, Gelb f\u00fcr alle dazwischen.<\/p>\n<p style=\"font-weight: 400;\"><strong>Normalerweise Tag 4 oder Tag 7 \u2013 BUCHSTABEN-V-TANZ<\/strong><br \/> Wir w\u00e4hlen einen Buchstaben des Alphabets aus, und du und deine Freunde tragt Kost\u00fcme, die mit diesem Buchstaben beginnen. Simpel und lustig! <\/p>\n<p style=\"font-weight: 400;\">Alle anderen Partythemen werden von Ihrem V-Team festgelegt und 120 Tage vor Beginn der Veranstaltung ver\u00f6ffentlicht.<\/p>\n<p style=\"font-weight: 400;\"><strong> <\/strong><\/p>\n<p style=\"font-weight: 400;\"><strong>KREUZFAHRTEN MIT KLEINEN SCHIFFEN: Intim &amp; Verspielt<\/strong><\/p>\n<p style=\"font-weight: 400;\">Auch wenn hier eher der Stil einer schicken Cocktailparty vorherrscht, lieben wir einen Hauch von Kost\u00fcmspa\u00df!<\/p>\n<p style=\"font-weight: 400;\"><strong>Nacht 1 \u2013 DAS BIN ICH<\/strong><br \/> Gestalte deinen Look individuell und pr\u00e4sentiere dich stilvoll.<\/p>\n<p style=\"font-weight: 400;\"><strong>Zuf\u00e4lliger Abend \u2013 Bademantelnacht!<\/strong><br \/>Schnapp dir den kuscheligen Bademantel aus deiner Kabine, peppe ihn mit ein paar Sachen von zu Hause auf und trag ihn den ganzen Abend ab 18 Uhr. Oft endet der Abend damit, dass alle ihre Badem\u00e4ntel ablegen und eine ausgelassene <strong>Unterw\u00e4scheparty feiern.<\/strong> <\/p>\n<p>Zus\u00e4tzlich zu diesen beiden Abenden veranstalten wir in der Regel auch zwei oder drei Musikabende, die von einem bestimmten Jahrzehnt inspiriert sind (zum Beispiel eine <strong>80er-Jahre-Party<\/strong> ).<\/p>\n<p>&nbsp;<\/p>\n<p style=\"font-weight: 400;\"><strong>TOUREN: Erkundungen ohne Kost\u00fcmchaos!<\/strong><\/p>\n<p style=\"font-weight: 400;\">Bei den meisten unserer Reisen stehen Entdeckungen im Vordergrund, fernab vom Partytrubel. Ein gemeinsames Abendessen oder Cocktails sind zwar m\u00f6glich, Kost\u00fcme brauchen Sie aber nicht einzupacken. Bringen Sie einfach Ihre Abenteuerlust mit!  <\/p>\n<p>&nbsp;<\/p>\n<p style=\"font-weight: 400;\">Ganz gleich, welche Art von Reise Sie planen, die legend\u00e4ren Partys von VACAYA bieten Ihnen die perfekte Gelegenheit, sich auszutauschen, zu tanzen, zu lachen und all das zu feiern, was Ihre Reise so besonders macht. Lassen Sie uns also unvergessliche Erinnerungen schaffen \u2026 eine Party nach der anderen! <\/p>\n<p>[\/et_pb_text][et_pb_text _builder_version=&#8220;4.23.4&#8243; _module_preset=&#8220;default&#8220; custom_padding=&#8220;2.5%|10%|2.5%|10%|false|false&#8220; border_width_all=&#8220;1px&#8220; border_color_all=&#8220;#000000&#8243; global_colors_info=&#8220;{}&#8220;]<\/p>\n<p><strong><span class=\"yellow\">**<\/span> Bitte beachten Sie:<\/strong><br \/> VACAYA arbeitet mit allen gro\u00dfen Kreuzfahrtlinien zusammen, und bei einigen \u00f6ffnet die Online-Registrierung erst kurz vor dem Abfahrtstermin. Sollte dies bei einem bestimmten Programm der Fall sein, werden wir Ihnen dies selbstverst\u00e4ndlich von Anfang an mitteilen. Von dem Moment an, in dem Sie bei uns buchen, erhalten Sie einen vollst\u00e4ndigen \u00dcberblick \u00fcber den voraussichtlichen Zeitplan.<\/p>\n<p>[\/et_pb_text][et_pb_text _builder_version=&#8220;4.17.6&#8243; _module_preset=&#8220;default&#8220; custom_margin=&#8220;4%||||false|false&#8220; custom_padding=&#8220;2.5%|10%|2.5%|10%|false|false&#8220; border_width_all=&#8220;1px&#8220; border_color_all=&#8220;#000000&#8243; global_colors_info=&#8220;{}&#8220;]<div id=\"ajax-load-more\" class=\"ajax-load-more-wrap default\" data-id=\"experience-items\" data-alm-id=\"\" data-canonical-url=\"https:\/\/www.myvacaya.com\/de\/bereit-machen\/\" data-slug=\"bereit-machen\" data-post-id=\"84284\"  data-localized=\"ajax_load_more_experience_items_vars\" data-alm-object=\"ajax_load_more_experience_items\"><ul aria-live=\"polite\" aria-atomic=\"true\" class=\"alm-listing alm-ajax\" data-container-type=\"ul\" data-loading-style=\"default\" data-repeater=\"template_5\" data-post-type=\"trip\" data-meta-key=\"show_trip_tile\" data-meta-value=\"1\" data-custom-args=\"post_parent: 0\" data-order=\"ASC\" data-orderby=\"date\" data-offset=\"0\" data-posts-per-page=\"20\" data-lang=\"de\" data-scroll=\"false\" data-button-label=\"Load More\" data-prev-button-label=\"Load Previous\" data-destroy-after=\"1\"><\/ul><div class=\"alm-btn-wrap\" data-rel=\"ajax-load-more\"><button class=\"alm-load-more-btn\" type=\"button\">Load More<\/button><\/div><\/div>[\/et_pb_text][\/et_pb_column][\/et_pb_row][\/et_pb_section][et_pb_section fb_built=&#8220;1&#8243; admin_label=&#8220;Side to Side&#8220; _builder_version=&#8220;4.17.6&#8243; _module_preset=&#8220;default&#8220; custom_padding=&#8220;0%||0%||false|false&#8220; global_colors_info=&#8220;{}&#8220;][et_pb_row use_custom_gutter=&#8220;on&#8220; make_equal=&#8220;on&#8220; custom_padding_last_edited=&#8220;on|tablet&#8220; admin_label=&#8220;Seitliche Reihe&#8220; module_class=&#8220;social-media-header side-by-side&#8220; _builder_version=&#8220;4.17.6&#8243; _module_preset=&#8220;default&#8220; background_image=&#8220;https:\/\/www.myvacaya.com\/wp-content\/uploads\/2022\/09\/social-media-full-size.png&#8220; parallax=&#8220;on&#8220; width=&#8220;100%&#8220; height=&#8220;600px&#8220; height_tablet=&#8220;600px&#8220; height_phone=&#8220;auto&#8220; height_last_edited=&#8220;on|phone&#8220; custom_padding=&#8220;20%||20%||false|false&#8220; custom_padding_tablet=&#8220;20%||20%||false|false&#8220; custom_padding_phone=&#8220;20%||20%||false|false&#8220; custom_css_main_element=&#8220;margin: auto;&#8220; global_colors_info=&#8220;{}&#8220;][et_pb_column type=&#8220;4_4&#8243; _builder_version=&#8220;4.17.6&#8243; _module_preset=&#8220;default&#8220; custom_css_main_element=&#8220;display: flex;||flex-direction: column;||justify-content: center;&#8220; global_colors_info=&#8220;{}&#8220;][et_pb_text admin_label=&#8220;Side to Side Text&#8220; _builder_version=&#8220;4.17.6&#8243; _module_preset=&#8220;default&#8220; header_3_font=&#8220;Northwell Alt||||||||&#8220; header_3_text_align=&#8220;center&#8220; header_3_text_color=&#8220;#FFFFFF&#8220; header_3_font_size=&#8220;150px&#8220; header_3_line_height=&#8220;153px&#8220; custom_margin_tablet=&#8220;&#8220; custom_margin_phone=&#8220;&#8220; custom_margin_last_edited=&#8220;on|phone&#8220; scroll_fade_enable=&#8220;on&#8220; scroll_blur_enable=&#8220;on&#8220; header_3_font_size_tablet=&#8220;150px&#8220; header_3_font_size_phone=&#8220;40px&#8220; header_3_font_size_last_edited=&#8220;on|phone&#8220; header_3_line_height_tablet=&#8220;153px&#8220; header_3_line_height_phone=&#8220;43px&#8220; header_3_line_height_last_edited=&#8220;on|phone&#8220; global_colors_info=&#8220;{}&#8220;]<\/p>\n<h3>Einfach war nie<br \/>\n dieser Spa\u00df<\/h3>\n<p>[\/et_pb_text][\/et_pb_column][\/et_pb_row][\/et_pb_section]<\/p>\n","protected":false},"excerpt":{"rendered":"<p><div class=\"trip-overlay\"><div class=\"trip-title\"><h1>Reisepl\u00e4ttchen mit Titel \u2013 Nur Kreuzfahrten<\/h1><\/div><\/div>Unsere Mission ist es, sicherzustellen, dass Sie \u00fcber alle notwendigen Werkzeuge verf\u00fcgen. notwendig, um Ihren Urlaub bei uns zu genie\u00dfenWir versorgen Sie rechtzeitig vor Urlaubsbeginn mit allen Informationen, die Sie ben\u00f6tigen \u2013 vom Partythema bis zur Entertainment-Vorschau. Dar\u00fcber hinaus betreuen wir Sie w\u00e4hrend der gesamten Zeit vor und nach dem Urlaub. Du hilfst uns bei [&hellip;]<\/p>\n","protected":false},"author":1,"featured_media":0,"parent":0,"menu_order":0,"comment_status":"closed","ping_status":"closed","template":"","meta":{"_acf_changed":false,"_et_pb_use_builder":"on","_et_pb_old_content":"","_et_gb_content_width":"","_monsterinsights_skip_tracking":false,"_monsterinsights_sitenote_active":false,"_monsterinsights_sitenote_note":"","_monsterinsights_sitenote_category":0,"footnotes":""},"class_list":["post-84284","page","type-page","status-publish","hentry"],"acf":[],"_links":{"self":[{"href":"https:\/\/www.myvacaya.com\/de\/wp-json\/wp\/v2\/pages\/84284","targetHints":{"allow":["GET"]}}],"collection":[{"href":"https:\/\/www.myvacaya.com\/de\/wp-json\/wp\/v2\/pages"}],"about":[{"href":"https:\/\/www.myvacaya.com\/de\/wp-json\/wp\/v2\/types\/page"}],"author":[{"embeddable":true,"href":"https:\/\/www.myvacaya.com\/de\/wp-json\/wp\/v2\/users\/1"}],"replies":[{"embeddable":true,"href":"https:\/\/www.myvacaya.com\/de\/wp-json\/wp\/v2\/comments?post=84284"}],"version-history":[{"count":51,"href":"https:\/\/www.myvacaya.com\/de\/wp-json\/wp\/v2\/pages\/84284\/revisions"}],"predecessor-version":[{"id":187077,"href":"https:\/\/www.myvacaya.com\/de\/wp-json\/wp\/v2\/pages\/84284\/revisions\/187077"}],"wp:attachment":[{"href":"https:\/\/www.myvacaya.com\/de\/wp-json\/wp\/v2\/media?parent=84284"}],"curies":[{"name":"wp","href":"https:\/\/api.w.org\/{rel}","templated":true}]}}