{"id":181170,"date":"2025-04-23T11:22:56","date_gmt":"2025-04-23T15:22:56","guid":{"rendered":"https:\/\/www.myvacaya.com\/willkommen-slay-rangers\/"},"modified":"2025-04-23T11:49:58","modified_gmt":"2025-04-23T15:49:58","slug":"willkommen-slay-rangers","status":"publish","type":"page","link":"https:\/\/www.myvacaya.com\/de\/willkommen-slay-rangers\/","title":{"rendered":"WILLKOMMEN, SLAY RANGERS!"},"content":{"rendered":"<p>[et_pb_section fb_built=&#8220;1&#8243; fullwidth=&#8220;on&#8220; admin_label=&#8220;Slider&#8220; module_id=&#8220;Schieberabschnitt-Innenraum&#8220; _builder_version=&#8220;4.17.6&#8243; _module_preset=&#8220;default&#8220; background_enable_image=&#8220;off&#8220; global_colors_info=&#8220;{}&#8220;][et_pb_fullwidth_code admin_label=&#8220;Slider Overlay&#8220; module_class=&#8220;interior-page-overlay&#8220; _builder_version=&#8220;4.17.6&#8243; _module_preset=&#8220;default&#8220; positioning=&#8220;absolute&#8220; position_origin_a=&#8220;top_right&#8220; position_origin_f=&#8220;top_right&#8220; z_index=&#8220;100&#8243; width=&#8220;50%&#8220; width_tablet=&#8220;50%&#8220; width_phone=&#8220;100%&#8220; width_last_edited=&#8220;on|phone&#8220; height=&#8220;100vh&#8220; global_colors_info=&#8220;{}&#8220;]<div class=\"trip-overlay\"><div class=\"trip-title\"><h1>WILLKOMMEN, SLAY RANGERS!<\/h1><\/div><\/div>[\/et_pb_fullwidth_code][et_pb_fullwidth_slider show_arrows=&#8220;off&#8220; admin_label=&#8220;Slider Images&#8220; module_id=&#8220;slider-images&#8220; _builder_version=&#8220;4.23.4&#8243; _module_preset=&#8220;default&#8220; height=&#8220;100vh&#8220; auto=&#8220;on&#8220; global_colors_info=&#8220;{}&#8220;][et_pb_slide _builder_version=&#8220;4.23.4&#8243; _module_preset=&#8220;default&#8220; background_color=&#8220;RGBA(255,255,255,0)&#8220; background_enable_color=&#8220;on&#8220; background_image=&#8220;https:\/\/www.myvacaya.com\/wp-content\/uploads\/2025\/04\/Mexico-DD-Desktop-Hero-1920&#215;1020-1.jpg&#8220; background_enable_image=&#8220;on&#8220; background_last_edited=&#8220;on|phone&#8220; background_image_phone=&#8220;https:\/\/www.myvacaya.com\/wp-content\/uploads\/2025\/04\/Mexico-DD-Mobile-Hero-1080&#215;1920-1.jpg&#8220; background_enable_image_phone=&#8220;on&#8220; global_colors_info=&#8220;{}&#8220; sticky_transition=&#8220;on&#8220;][\/et_pb_slide][\/et_pb_fullwidth_slider][\/et_pb_section][et_pb_section fb_built=&#8220;1&#8243; custom_padding_last_edited=&#8220;on|phone&#8220; _builder_version=&#8220;4.17.6&#8243; _module_preset=&#8220;default&#8220; custom_padding=&#8220;||||false|false&#8220; custom_padding_tablet=&#8220;||||false|false&#8220; custom_padding_phone=&#8220;||||false|false&#8220; global_colors_info=&#8220;{}&#8220;][et_pb_row custom_padding_last_edited=&#8220;on|desktop&#8220; _builder_version=&#8220;4.17.6&#8243; _module_preset=&#8220;default&#8220; custom_padding=&#8220;||||false|false&#8220; custom_padding_tablet=&#8220;||||false|false&#8220; custom_padding_phone=&#8220;||||false|false&#8220; global_colors_info=&#8220;{}&#8220;][et_pb_column type=&#8220;4_4&#8243; _builder_version=&#8220;4.17.6&#8243; _module_preset=&#8220;default&#8220; global_colors_info=&#8220;{}&#8220;][et_pb_text admin_label=&#8220;Section Title &#8211; H2&#8243; _builder_version=&#8220;4.23.4&#8243; _module_preset=&#8220;default&#8220; text_letter_spacing=&#8220;1.8px&#8220; text_line_height=&#8220;22px&#8220; header_2_font=&#8220;Futura Bold|||on|||||&#8220; header_2_text_align=&#8220;center&#8220; header_2_text_color=&#8220;#000000&#8243; header_2_font_size=&#8220;30px&#8220; header_2_letter_spacing=&#8220;1.8px&#8220; header_2_line_height=&#8220;36px&#8220; header_3_font=&#8220;Futura Bold|||on|||||&#8220; header_3_text_align=&#8220;center&#8220; header_3_text_color=&#8220;#000000&#8243; header_3_font_size=&#8220;18px&#8220; header_3_letter_spacing=&#8220;1.8px&#8220; header_3_line_height=&#8220;24px&#8220; custom_margin=&#8220;||||false|false&#8220; custom_padding=&#8220;||||false|false&#8220; custom_padding_tablet=&#8220;||||false|false&#8220; custom_padding_phone=&#8220;||||false|false&#8220; custom_padding_last_edited=&#8220;on|phone&#8220; global_colors_info=&#8220;{}&#8220;]<\/p>\n<h2>Das ultimative Gaymer-Quest erwartet Sie im Camp VACAYA<\/h2>\n<p>[\/et_pb_text][dmpro_carousel columns=&#8220;2&#8243; space_between=&#8220;35&#8243; container_padding=&#8220;4%|0%|4%|2%|false|false&#8220; loop=&#8220;on&#8220; autoplay=&#8220;on&#8220; pause_on_hover=&#8220;off&#8220; navigation=&#8220;on&#8220; navigation_prev_icon_yn=&#8220;on&#8220; navigation_prev_icon=&#8220;&#x34;||divi||400&#8243; navigation_next_icon_yn=&#8220;on&#8220; navigation_next_icon=&#8220;&#x35;||divi||400&#8243; navigation_color=&#8220;#000000&#8243; columns_tablet=&#8220;3&#8243; columns_phone=&#8220;1&#8243; columns_last_edited=&#8220;on|phone&#8220; container_padding_tablet=&#8220;&#8220; container_padding_phone=&#8220;||0%||false|false&#8220; container_padding_last_edited=&#8220;on|phone&#8220; _builder_version=&#8220;4.23.4&#8243; _module_preset=&#8220;default&#8220; title_font=&#8220;Futura Bold||||||||&#8220; title_font_size=&#8220;18px&#8220; title_letter_spacing=&#8220;0.1em&#8220; title_line_height=&#8220;24px&#8220; hover_transition_speed_curve=&#8220;ease-in&#8220; scroll_fade_enable=&#8220;on&#8220; global_colors_info=&#8220;{}&#8220;][dmpro_carousel_child title=&#8220;DD1&#8243; img_src=&#8220;https:\/\/www.myvacaya.com\/wp-content\/uploads\/2025\/04\/1.-DD-Carousel.jpg&#8220; text_title=&#8220;DD1&#8243; _builder_version=&#8220;4.23.4&#8243; _module_preset=&#8220;default&#8220; title_font_size=&#8220;24px&#8220; title_line_height=&#8220;27px&#8220; global_colors_info=&#8220;{}&#8220;][\/dmpro_carousel_child][dmpro_carousel_child title=&#8220;DD2&#8243; img_src=&#8220;https:\/\/www.myvacaya.com\/wp-content\/uploads\/2025\/04\/2.-DD-Carousel.jpg&#8220; text_title=&#8220;DD2&#8243; _builder_version=&#8220;4.23.4&#8243; _module_preset=&#8220;default&#8220; title_font_size=&#8220;24px&#8220; title_line_height=&#8220;27px&#8220; global_colors_info=&#8220;{}&#8220;][\/dmpro_carousel_child][dmpro_carousel_child title=&#8220;DD3&#8243; img_src=&#8220;https:\/\/www.myvacaya.com\/wp-content\/uploads\/2025\/04\/3.-DD-Carousel.jpg&#8220; text_title=&#8220;DD3&#8243; _builder_version=&#8220;4.23.4&#8243; _module_preset=&#8220;default&#8220; title_font_size=&#8220;24px&#8220; title_line_height=&#8220;27px&#8220; global_colors_info=&#8220;{}&#8220;][\/dmpro_carousel_child][dmpro_carousel_child title=&#8220;DD4&#8243; img_src=&#8220;https:\/\/www.myvacaya.com\/wp-content\/uploads\/2025\/04\/4.-DD-Carousel.jpg&#8220; text_title=&#8220;DD4&#8243; _builder_version=&#8220;4.23.4&#8243; _module_preset=&#8220;default&#8220; title_font_size=&#8220;24px&#8220; title_line_height=&#8220;27px&#8220; global_colors_info=&#8220;{}&#8220;][\/dmpro_carousel_child][dmpro_carousel_child title=&#8220;DD5&#8243; img_src=&#8220;https:\/\/www.myvacaya.com\/wp-content\/uploads\/2025\/04\/5.-DD-Carousel.jpg&#8220; text_title=&#8220;DD5&#8243; _builder_version=&#8220;4.23.4&#8243; _module_preset=&#8220;default&#8220; title_font_size=&#8220;24px&#8220; title_line_height=&#8220;27px&#8220; global_colors_info=&#8220;{}&#8220;][\/dmpro_carousel_child][\/dmpro_carousel][et_pb_text _builder_version=&#8220;4.23.4&#8243; _module_preset=&#8220;default&#8220; custom_margin=&#8220;||||false|false&#8220; custom_margin_tablet=&#8220;||||false|false&#8220; custom_margin_phone=&#8220;||||false|false&#8220; custom_margin_last_edited=&#8220;on|phone&#8220; global_colors_info=&#8220;{}&#8220;]Mach dich bereit f\u00fcr einen Levelaufstieg bei Slay Rangers, einem epischen Gaming-Event im Camp VACAYA in Vallarta! Ob Brettspiel-Fan oder Dungeons &amp; Dragons-Meister \u2013 hier ist f\u00fcr jeden Gamer etwas dabei. Tauche ein in spannende Tabletop-Rollenspiele, fordere deine Freunde in klassischen Brettspielen heraus oder lehne dich entspannt zur\u00fcck und schaue Live-Events zu. Es ist der perfekte Ort, um zu w\u00fcrfeln, andere Gamer zu treffen und legend\u00e4re Erinnerungen zu schaffen. Verpasse die Action nicht \u2013 los geht&#8217;s im Camp VACAYA![\/et_pb_text][dmpro_carousel columns=&#8220;2&#8243; space_between=&#8220;35&#8243; container_padding=&#8220;4%|0%|4%|2%|false|false&#8220; loop=&#8220;on&#8220; autoplay=&#8220;on&#8220; pause_on_hover=&#8220;off&#8220; navigation=&#8220;on&#8220; navigation_prev_icon_yn=&#8220;on&#8220; navigation_prev_icon=&#8220;&#x34;||divi||400&#8243; navigation_next_icon_yn=&#8220;on&#8220; navigation_next_icon=&#8220;&#x35;||divi||400&#8243; navigation_color=&#8220;#000000&#8243; columns_tablet=&#8220;3&#8243; columns_phone=&#8220;1&#8243; columns_last_edited=&#8220;on|phone&#8220; container_padding_tablet=&#8220;&#8220; container_padding_phone=&#8220;||0%||false|false&#8220; container_padding_last_edited=&#8220;on|phone&#8220; _builder_version=&#8220;4.23.4&#8243; _module_preset=&#8220;default&#8220; title_font=&#8220;Futura Bold||||||||&#8220; title_font_size=&#8220;18px&#8220; title_letter_spacing=&#8220;0.1em&#8220; title_line_height=&#8220;24px&#8220; hover_transition_speed_curve=&#8220;ease-in&#8220; scroll_fade_enable=&#8220;on&#8220; global_colors_info=&#8220;{}&#8220;][dmpro_carousel_child title=&#8220;BESTES PREIS-LEISTUNGS-VERH\u00c4LTNIS F\u00dcR BUDGETBEWUSSTE REISENDE&#8220; img_src=&#8220;https:\/\/www.myvacaya.com\/wp-content\/uploads\/2022\/11\/Carousel-budget-travelers-1.jpg&#8220; text_title=&#8220;BESTES PREIS-LEISTUNGS-VERH\u00c4LTNIS F\u00dcR BUDGETBEWUSSTE REISENDE&#8220; _builder_version=&#8220;4.23.4&#8243; _module_preset=&#8220;default&#8220; title_font_size=&#8220;24px&#8220; title_line_height=&#8220;27px&#8220; global_colors_info=&#8220;{}&#8220;][\/dmpro_carousel_child][dmpro_carousel_child title=&#8220;\u00dcBERNAHME DES LGBT+ RESORTS&#8220; img_src=&#8220;https:\/\/www.myvacaya.com\/wp-content\/uploads\/2022\/11\/Carousel-Resort-Take-Over-1.jpg&#8220; text_title=&#8220;\u00dcBERNAHME DES LGBT+ RESORTS&#8220; _builder_version=&#8220;4.23.4&#8243; _module_preset=&#8220;default&#8220; title_font_size=&#8220;24px&#8220; title_line_height=&#8220;27px&#8220; global_colors_info=&#8220;{}&#8220;][\/dmpro_carousel_child][dmpro_carousel_child title=&#8220;DREI GLITZERSCHWIMMB\u00c4DER&#8220; img_src=&#8220;https:\/\/www.myvacaya.com\/wp-content\/uploads\/2022\/11\/Carousel-3-sparkling-pools-1.jpg&#8220; text_title=&#8220;DREI GLITZERSCHWIMMB\u00c4DER&#8220; _builder_version=&#8220;4.23.4&#8243; _module_preset=&#8220;default&#8220; title_font_size=&#8220;24px&#8220; title_line_height=&#8220;27px&#8220; global_colors_info=&#8220;{}&#8220;][\/dmpro_carousel_child][dmpro_carousel_child title=&#8220;EIN PLANSCHBECKEN MIT OPTIONALER KLEIDUNG&#8220; img_src=&#8220;https:\/\/www.myvacaya.com\/wp-content\/uploads\/2022\/11\/Carousel-clothing-optional-pool-1.jpg&#8220; text_title=&#8220;EIN POOL MIT OPTIONALER KLEIDUNG&#8220; _builder_version=&#8220;4.23.4&#8243; _module_preset=&#8220;default&#8220; title_font_size=&#8220;24px&#8220; title_line_height=&#8220;27px&#8220; global_colors_info=&#8220;{}&#8220;][\/dmpro_carousel_child][dmpro_carousel_child title=&#8220;BER\u00dcHMTHEIT RLD&#8220; img_src=&#8220;https:\/\/www.myvacaya.com\/wp-content\/uploads\/2022\/11\/Carousel-RLD-1.jpg&#8220; text_title=&#8220;BER\u00dcHMTHEIT RLD&#8220; _builder_version=&#8220;4.23.4&#8243; _module_preset=&#8220;default&#8220; title_font_size=&#8220;24px&#8220; title_line_height=&#8220;27px&#8220; global_colors_info=&#8220;{}&#8220;][\/dmpro_carousel_child][dmpro_carousel_child title=&#8220;AUSGEW\u00c4HLTE AUSFL\u00dcGE&#8220; img_src=&#8220;https:\/\/www.myvacaya.com\/wp-content\/uploads\/2022\/11\/girl-ziplining-mexico-1.jpg&#8220; text_title=&#8220;AUSGEW\u00c4HLTE AUSFL\u00dcGE&#8220; _builder_version=&#8220;4.23.4&#8243; _module_preset=&#8220;default&#8220; title_font_size=&#8220;24px&#8220; title_line_height=&#8220;27px&#8220; global_colors_info=&#8220;{}&#8220;][\/dmpro_carousel_child][dmpro_carousel_child title=&#8220;Bars an jeder Ecke&#8220; img_src=&#8220;https:\/\/www.myvacaya.com\/wp-content\/uploads\/2022\/11\/Carousel-men-1.jpg&#8220; text_title=&#8220;Bars an jeder Ecke&#8220; _builder_version=&#8220;4.23.4&#8243; _module_preset=&#8220;default&#8220; title_font_size=&#8220;24px&#8220; title_line_height=&#8220;27px&#8220; global_colors_info=&#8220;{}&#8220;][\/dmpro_carousel_child][dmpro_carousel_child title=&#8220;SPASSIGE UND FREUNDLICHE PARTEIEN&#8220; img_src=&#8220;https:\/\/www.myvacaya.com\/wp-content\/uploads\/2022\/11\/Value-Page-parties.jpg&#8220; text_title=&#8220;SPASSIGE UND FREUNDLICHE PARTEIEN&#8220; _builder_version=&#8220;4.23.4&#8243; _module_preset=&#8220;default&#8220; title_font_size=&#8220;24px&#8220; title_line_height=&#8220;27px&#8220; global_colors_info=&#8220;{}&#8220;][\/dmpro_carousel_child][dmpro_carousel_child title=&#8220;V TEAM &amp; LOKALES RESORT-PERSONAL&#8220; img_src=&#8220;https:\/\/www.myvacaya.com\/wp-content\/uploads\/2022\/11\/Carousel-Team-1.jpg&#8220; text_title=&#8220;V TEAM &amp; LOKALES RESORT-PERSONAL&#8220; _builder_version=&#8220;4.23.4&#8243; _module_preset=&#8220;default&#8220; title_font_size=&#8220;24px&#8220; title_line_height=&#8220;27px&#8220; global_colors_info=&#8220;{}&#8220;][\/dmpro_carousel_child][dmpro_carousel_child title=&#8220;ALLE SIND WILLKOMMEN&#8220; img_src=&#8220;https:\/\/www.myvacaya.com\/wp-content\/uploads\/2022\/11\/All-Are-Welcome-1.jpg&#8220; text_title=&#8220;ALLE SIND WILLKOMMEN&#8220; _builder_version=&#8220;4.23.4&#8243; _module_preset=&#8220;default&#8220; title_font_size=&#8220;24px&#8220; title_line_height=&#8220;27px&#8220; global_colors_info=&#8220;{}&#8220;][\/dmpro_carousel_child][\/dmpro_carousel][et_pb_text _builder_version=&#8220;4.23.4&#8243; _module_preset=&#8220;default&#8220; custom_margin=&#8220;||||false|false&#8220; custom_margin_tablet=&#8220;||||false|false&#8220; custom_margin_phone=&#8220;||||false|false&#8220; custom_margin_last_edited=&#8220;on|phone&#8220; global_colors_info=&#8220;{}&#8220;]Slay Rangers erhalten im Rahmen unserer epischen Woche im Camp VACAYA Zugang zu ALLEN BRETTSPIEL-SESSIONS + dem vollen VACAYA All-Inclusive-Resort-Erlebnis! Vom 26. Oktober bis 2. November 2025 \u00fcbernehmen wir das luxuri\u00f6se Hard Rock Hotel Vallarta f\u00fcr unsere j\u00e4hrliche Halloween- und Tag der Toten-Feier. Dieses mexikanische All-Inclusive-Resort bietet ein unschlagbares Preis-Leistungs-Verh\u00e4ltnis mit gem\u00fctlichen Unterk\u00fcnften, unbegrenztem Essen und Trinken sowie einem vollgepackten Programm an VACAYA-exklusiven Unterhaltungs- und Erlebnisangeboten. Von Beachvolleyball und Yoga \u00fcber Pools am Meer, Wassergymnastik und Whirlpools finden Sie die perfekte Balance aus Entspannung und Abenteuer. Dazu kommen Themenpartys, \u00dcberraschungsauftritte und eine herzliche, einladende Community \u2013 und Sie haben das ultimative Urlaubs-Level-Up \u2013 ganz im Slay Rangers-Stil.    <\/p>\n<p>BUCHEN SIE JETZT IHR SLAY RANGER-ERLEBNIS IM CAMP VACAYA!  <\/p>\n<p><a class=\"btn-pink-inline\" href=\"https:\/\/www.myvacaya.com\/de\/trip\/mexiko-resort-2025\/\"><span class=\"btn-inline-span\">JETZT MEHR ERFAHREN &amp; BUCHEN<\/span><\/a>[\/et_pb_text][\/et_pb_column][\/et_pb_row][et_pb_row _builder_version=&#8220;4.23.4&#8243; _module_preset=&#8220;default&#8220; global_colors_info=&#8220;{}&#8220;][et_pb_column type=&#8220;4_4&#8243; _builder_version=&#8220;4.23.4&#8243; _module_preset=&#8220;default&#8220; global_colors_info=&#8220;{}&#8220;][et_pb_text admin_label=&#8220;Section Title &#8211; H2&#8243; _builder_version=&#8220;4.23.4&#8243; _module_preset=&#8220;default&#8220; text_letter_spacing=&#8220;1.8px&#8220; text_line_height=&#8220;22px&#8220; header_2_font=&#8220;Futura Bold|||on|||||&#8220; header_2_text_align=&#8220;center&#8220; header_2_text_color=&#8220;#000000&#8243; header_2_font_size=&#8220;30px&#8220; header_2_letter_spacing=&#8220;1.8px&#8220; header_2_line_height=&#8220;36px&#8220; header_3_font=&#8220;Futura Bold|||on|||||&#8220; header_3_text_align=&#8220;center&#8220; header_3_text_color=&#8220;#000000&#8243; header_3_font_size=&#8220;18px&#8220; header_3_letter_spacing=&#8220;1.8px&#8220; header_3_line_height=&#8220;24px&#8220; custom_margin=&#8220;||||false|false&#8220; custom_padding=&#8220;||||false|false&#8220; custom_padding_tablet=&#8220;||||false|false&#8220; custom_padding_phone=&#8220;||||false|false&#8220; custom_padding_last_edited=&#8220;on|phone&#8220; global_colors_info=&#8220;{}&#8220;]<\/p>\n<h2>Treten Sie dem Discord bei<\/h2>\n<p>[\/et_pb_text][et_pb_text _builder_version=&#8220;4.23.4&#8243; _module_preset=&#8220;default&#8220; global_colors_info=&#8220;{}&#8220;]Das Abenteuer beginnt jetzt! W\u00e4hrend wir uns auf ein unvergessliches Spielerlebnis im Camp VACAYA vorbereiten, kannst du dich schon jetzt auf Discord mit anderen Spielern vernetzen, \u00fcber deine Lieblingsspiele chatten und die neuesten Updates zu Slay Rangers erhalten! Von Brettspielen \u00fcber Dungeons &amp; Dragons bis hin zu Live-Spiel-Events und mehr \u2013 es wird ein Riesenspa\u00df!<br \/>\nKlicken Sie unten, um der offiziellen Slay Rangers Discord-Community beizutreten, wo der Spa\u00df heute beginnt!<\/p>\n<p><a class=\"btn-pink-inline\" href=\"https:\/\/discord.com\/invite\/WUBSW2Ch4U\"><span class=\"btn-inline-span\">Treten Sie dem Slay Ranger Discord bei!<\/span><\/a><\/p>\n<p>Wir k\u00f6nnen es kaum erwarten, Sie kennenzulernen und mit Ihnen zu spielen! [\/et_pb_text][\/et_pb_column][\/et_pb_row][\/et_pb_section]<\/p>\n","protected":false},"excerpt":{"rendered":"<p><div class=\"trip-overlay\"><div class=\"trip-title\"><h1>Reisepl\u00e4ttchen mit Titel \u2013 Nur Kreuzfahrten<\/h1><\/div><\/div>Das ultimative Gaymer-Quest erwartet Sie im Camp VACAYA<div class=\"et_pb_module dmpro_carousel dmpro_carousel_0\">\n\t\t\t\t\n\t\t\t\t\n\t\t\t\t\n\t\t\t\t\n\t\t\t\t\n\t\t\t\t\n\t\t\t\t<div class=\"et_pb_module_inner\">\n\t\t\t\t\t\n            <div class=\"dmpro-carousel-main\" data-columnsdesktop='2' data-columnstablet='3' data-columnsphone='1' data-spacebetween='35' data-spacebetween_tablet='35' data-spacebetween_phone='35' data-loop='on' data-speed='500' data-navigation='on' data-pagination='off' data-autoplay='on' data-autoplayspeed='5000' data-pauseonhover='off' data-effect='slide' data-rotate='50' data-dynamicbullets='on' data-ordernumber='0' data-centered='off' data-shadow='true'>\n                <div class=\"swiper swiper-dmpro-container\">\n                    <div class=\"swiper-wrapper dmpro-carousel-wrapper\">\n                        \n                    <\/div>\n                <\/div>\n                \n                <div class=\"swiper-button-next swiper-arrow-button dmpro-sbn0\" data-icon=\"&#x35;\"><\/div> \n                 <div class=\"swiper-button-prev swiper-arrow-button dmpro-sbp0\" data-icon=\"&#x34;\"><\/div>\n                 \n            <\/div>\n\t\t\t\t<\/div>\n\t\t\t<\/div><div class=\"et_pb_module dmpro_carousel_child dmpro_carousel_child_0\">\n\t\t\t\t\n\t\t\t\t\n\t\t\t\t\n\t\t\t\t\n\t\t\t\t\n\t\t\t\t\n\t\t\t\t<div class=\"et_pb_module_inner\">\n\t\t\t\t\t\n            <div class=\"dmpro-carousel-child-wrapper\">\n                <div class=\"dmpro-image-wrap\"><span class=\"dmpro-carousel-image\">\n                    <img decoding=\"async\" src=\"https:\/\/www.myvacaya.com\/wp-content\/uploads\/2025\/04\/1.-DD-Carousel.jpg\" alt=\"\"\/>\n                <\/span><\/div>\n                <div class=\"dmpro-carousel-item-content\">\n                    <h2 class=\"dmpro-carousel-item-title\">DD1<\/h2>\n                    \n                    <div class=\"dmpro-carousel-button-wrapper\">\n                        \n                    <\/div>\n                <\/div>\n            <\/div>\n\t\t\t\t<\/div>\n\t\t\t<\/div><div class=\"et_pb_module dmpro_carousel_child dmpro_carousel_child_1\">\n\t\t\t\t\n\t\t\t\t\n\t\t\t\t\n\t\t\t\t\n\t\t\t\t\n\t\t\t\t\n\t\t\t\t<div class=\"et_pb_module_inner\">\n\t\t\t\t\t\n            <div class=\"dmpro-carousel-child-wrapper\">\n                <div class=\"dmpro-image-wrap\"><span class=\"dmpro-carousel-image\">\n                    <img decoding=\"async\" src=\"https:\/\/www.myvacaya.com\/wp-content\/uploads\/2025\/04\/2.-DD-Carousel.jpg\" alt=\"\"\/>\n                <\/span><\/div>\n                <div class=\"dmpro-carousel-item-content\">\n                    <h2 class=\"dmpro-carousel-item-title\">DD2<\/h2>\n                    \n                    <div class=\"dmpro-carousel-button-wrapper\">\n                        \n                    <\/div>\n                <\/div>\n            <\/div>\n\t\t\t\t<\/div>\n\t\t\t<\/div><div class=\"et_pb_module dmpro_carousel_child dmpro_carousel_child_2\">\n\t\t\t\t\n\t\t\t\t\n\t\t\t\t\n\t\t\t\t\n\t\t\t\t\n\t\t\t\t\n\t\t\t\t<div class=\"et_pb_module_inner\">\n\t\t\t\t\t\n            <div class=\"dmpro-carousel-child-wrapper\">\n                <div class=\"dmpro-image-wrap\"><span class=\"dmpro-carousel-image\">\n                    <img decoding=\"async\" src=\"&#8220;https:\/\/www.myvacaya.com\/wp-content\/uploads\/2025\/04\/3.-DD-Carousel.jpg&#8220;\" alt=\"\"\/>\n                <\/span><\/div>\n                <div class=\"dmpro-carousel-item-content\">\n                    <h2 class=\"dmpro-carousel-item-title\">&#8220;DD3&#8243;<\/h2>\n                    \n                    <div class=\"dmpro-carousel-button-wrapper\">\n                        \n                    <\/div>\n                <\/div>\n            <\/div>\n\t\t\t\t<\/div>\n\t\t\t<\/div><\/p>\n","protected":false},"author":1,"featured_media":0,"parent":0,"menu_order":0,"comment_status":"closed","ping_status":"closed","template":"","meta":{"_acf_changed":false,"_et_pb_use_builder":"on","_et_pb_old_content":"","_et_gb_content_width":"","_monsterinsights_skip_tracking":false,"_monsterinsights_sitenote_active":false,"_monsterinsights_sitenote_note":"","_monsterinsights_sitenote_category":0,"footnotes":""},"class_list":["post-181170","page","type-page","status-publish","hentry"],"acf":[],"_links":{"self":[{"href":"https:\/\/www.myvacaya.com\/de\/wp-json\/wp\/v2\/pages\/181170","targetHints":{"allow":["GET"]}}],"collection":[{"href":"https:\/\/www.myvacaya.com\/de\/wp-json\/wp\/v2\/pages"}],"about":[{"href":"https:\/\/www.myvacaya.com\/de\/wp-json\/wp\/v2\/types\/page"}],"author":[{"embeddable":true,"href":"https:\/\/www.myvacaya.com\/de\/wp-json\/wp\/v2\/users\/1"}],"replies":[{"embeddable":true,"href":"https:\/\/www.myvacaya.com\/de\/wp-json\/wp\/v2\/comments?post=181170"}],"version-history":[{"count":6,"href":"https:\/\/www.myvacaya.com\/de\/wp-json\/wp\/v2\/pages\/181170\/revisions"}],"predecessor-version":[{"id":181375,"href":"https:\/\/www.myvacaya.com\/de\/wp-json\/wp\/v2\/pages\/181170\/revisions\/181375"}],"wp:attachment":[{"href":"https:\/\/www.myvacaya.com\/de\/wp-json\/wp\/v2\/media?parent=181170"}],"curies":[{"name":"wp","href":"https:\/\/api.w.org\/{rel}","templated":true}]}}