{"id":154613,"date":"2024-06-15T05:07:46","date_gmt":"2024-06-15T09:07:46","guid":{"rendered":"https:\/\/www.myvacaya.com\/entdecken\/gerade-verbundete\/"},"modified":"2024-06-15T05:09:01","modified_gmt":"2024-06-15T09:09:01","slug":"gerade-verbundete","status":"publish","type":"page","link":"https:\/\/www.myvacaya.com\/de\/entdecken\/gerade-verbundete\/","title":{"rendered":"Gerade Verb\u00fcndete"},"content":{"rendered":"<p>[et_pb_section fb_built=&#8220;1&#8243; fullwidth=&#8220;on&#8220; admin_label=&#8220;Slider&#8220; module_id=&#8220;Schieberabschnitt-Innenraum&#8220; _builder_version=&#8220;4.17.6&#8243; _module_preset=&#8220;default&#8220; background_enable_image=&#8220;off&#8220; global_colors_info=&#8220;{}&#8220;][et_pb_fullwidth_code admin_label=&#8220;Slider Overlay&#8220; module_class=&#8220;interior-page-overlay&#8220; _builder_version=&#8220;4.17.6&#8243; _module_preset=&#8220;default&#8220; positioning=&#8220;absolute&#8220; position_origin_a=&#8220;top_right&#8220; position_origin_f=&#8220;top_right&#8220; z_index=&#8220;100&#8243; width=&#8220;50%&#8220; width_tablet=&#8220;50%&#8220; width_phone=&#8220;100%&#8220; width_last_edited=&#8220;on|phone&#8220; height=&#8220;100vh&#8220; hover_enabled=&#8220;0&#8243; global_colors_info=&#8220;{}&#8220; sticky_enabled=&#8220;0&#8243;]<div class=\"trip-overlay\"><div class=\"trip-title\"><h1>Gerade Verb\u00fcndete<\/h1><\/div><\/div>[\/et_pb_fullwidth_code][et_pb_fullwidth_slider show_arrows=&#8220;off&#8220; admin_label=&#8220;Slider Images&#8220; module_id=&#8220;slider-images&#8220; _builder_version=&#8220;4.17.6&#8243; _module_preset=&#8220;default&#8220; height=&#8220;100vh&#8220; auto=&#8220;on&#8220; global_colors_info=&#8220;{}&#8220;][et_pb_slide _builder_version=&#8220;4.17.6&#8243; _module_preset=&#8220;default&#8220; background_color=&#8220;RGBA(255,255,255,0)&#8220; background_enable_color=&#8220;on&#8220; background_image=&#8220;https:\/\/www.myvacaya.com\/wp-content\/uploads\/2022\/09\/straight-allies.jpg&#8220; background_enable_image=&#8220;on&#8220; background_last_edited=&#8220;on|desktop&#8220; background_image_phone=&#8220;https:\/\/www.myvacaya.com\/wp-content\/uploads\/2022\/11\/straight-allies-mobile-414&#215;500-1.jpg&#8220; background_enable_image_phone=&#8220;on&#8220; global_colors_info=&#8220;{}&#8220; sticky_transition=&#8220;on&#8220;][\/et_pb_slide][\/et_pb_fullwidth_slider][\/et_pb_section][et_pb_section fb_built=&#8220;1&#8243; custom_padding_last_edited=&#8220;on|phone&#8220; _builder_version=&#8220;4.17.6&#8243; _module_preset=&#8220;default&#8220; custom_padding=&#8220;||0%||false|false&#8220; custom_padding_tablet=&#8220;||||false|false&#8220; custom_padding_phone=&#8220;||||false|false&#8220; global_colors_info=&#8220;{}&#8220;][et_pb_row custom_padding_last_edited=&#8220;on|desktop&#8220; _builder_version=&#8220;4.17.6&#8243; _module_preset=&#8220;default&#8220; custom_padding=&#8220;||0%||false|false&#8220; custom_padding_tablet=&#8220;||||false|false&#8220; custom_padding_phone=&#8220;||||false|false&#8220; global_colors_info=&#8220;{}&#8220;][et_pb_column type=&#8220;4_4&#8243; _builder_version=&#8220;4.17.6&#8243; _module_preset=&#8220;default&#8220; global_colors_info=&#8220;{}&#8220;][et_pb_text _builder_version=&#8220;4.17.6&#8243; _module_preset=&#8220;default&#8220; custom_margin=&#8220;||||false|false&#8220; custom_margin_tablet=&#8220;||||false|false&#8220; custom_margin_phone=&#8220;||||false|false&#8220; custom_margin_last_edited=&#8220;on|phone&#8220; global_colors_info=&#8220;{}&#8220;]Als bekannt wurde, dass die Gr\u00fcnder von VACAYA an einer v\u00f6llig neuen Art von Urlaubsunternehmen arbeiteten, dr\u00e4ngten uns viele unserer heterosexuellen Freunde, sie nicht aus dem Spa\u00df herauszulassen. Sie erinnerten uns daran, dass sie es satt hatten, unsere Possen in den sozialen Medien zu sehen und nicht teilnehmen zu k\u00f6nnen. Sie ermutigten uns, \u00fcber Stereotypen hinauszudenken und Verb\u00fcndete in unseren Ferien willkommen zu hei\u00dfen. Und genau das haben wir getan. Wenn Sie also eine Vorliebe f\u00fcr Glitzer haben, daran glauben, dass Sexualit\u00e4t flie\u00dfend sein kann und der Anblick eines hei\u00dfen B\u00e4ren mit Federfl\u00fcgeln und Jockstrap Sie genauso ausgelassen macht wie Ihre schwulen Freunde, dann sind Sie hier willkommen. Wir bei VACAYA sind so dankbar f\u00fcr die fortschrittliche Unterst\u00fctzung, die unsere Gemeinschaft von unseren heterosexuellen Br\u00fcdern und Schwestern erhalten hat.<\/p>\n<p>Und jetzt das\u2026 ein besonderes Wort an unsere heterosexuellen m\u00e4nnlichen Verb\u00fcndeten, die sich entscheiden, mit VACAYA zu reisen. Nur weil die Schwulen wissen, dass du hetero bist, hei\u00dft das nicht, dass sie dich nicht anmachen. Tats\u00e4chlich erh\u00f6ht es wahrscheinlich Ihre Wahrscheinlichkeit, angesprochen zu werden. Wir k\u00f6nnen jedoch zweifelsfrei sagen, dass die Ger\u00fcchte, dass unsere Community-Mitglieder f\u00fcr jeden Hetero, den sie \u201edrehen\u201c, einen Toaster bekommen, VOLLST\u00c4NDIG FALSCH sind. Wenn Sie sich also nicht so fl\u00fcssig f\u00fchlen, wie es f\u00fcr einen Schlag erforderlich w\u00e4re, lassen Sie den Kerl einfach im Stich. Entweder das oder flirten Sie sich ein paar Gratisgetr\u00e4nke. Nur weil Sie kein Interesse haben, hei\u00dft das nicht, dass Sie keine lebhaften Gespr\u00e4che f\u00fchren k\u00f6nnen. Wenn Sie Ihren Geist f\u00fcr den Regenbogen an Spa\u00df \u00f6ffnen, den es auf der Welt gibt, finden Sie vielleicht sogar das Leben auf der Party wieder. Das ist der Geist von VACAYA.[\/et_pb_text][\/et_pb_column][\/et_pb_row][\/et_pb_section][et_pb_section fb_built=&#8220;1&#8243; admin_label=&#8220;Trip Tiles with Divider and Title&#8220; _builder_version=&#8220;4.17.6&#8243; _module_preset=&#8220;default&#8220; global_colors_info=&#8220;{}&#8220;][et_pb_row _builder_version=&#8220;4.17.6&#8243; _module_preset=&#8220;default&#8220; global_colors_info=&#8220;{}&#8220;][et_pb_column type=&#8220;4_4&#8243; _builder_version=&#8220;4.17.6&#8243; _module_preset=&#8220;default&#8220; global_colors_info=&#8220;{}&#8220;][et_pb_divider color=&#8220;#000000&#8243; divider_position=&#8220;center&#8220; _builder_version=&#8220;4.17.6&#8243; _module_preset=&#8220;default&#8220; global_colors_info=&#8220;{}&#8220;][\/et_pb_divider][\/et_pb_column][\/et_pb_row][et_pb_row _builder_version=&#8220;4.17.6&#8243; _module_preset=&#8220;default&#8220; global_colors_info=&#8220;{}&#8220;][et_pb_column type=&#8220;4_4&#8243; _builder_version=&#8220;4.17.6&#8243; _module_preset=&#8220;default&#8220; global_colors_info=&#8220;{}&#8220;][et_pb_text admin_label=&#8220;Section Title &#8211; H3&#8243; _builder_version=&#8220;4.17.6&#8243; _module_preset=&#8220;default&#8220; header_3_font=&#8220;Futura Bold|||on|||||&#8220; header_3_text_align=&#8220;center&#8220; header_3_text_color=&#8220;#000000&#8243; header_3_font_size=&#8220;18px&#8220; header_3_letter_spacing=&#8220;1.8px&#8220; header_3_line_height=&#8220;24px&#8220; custom_margin=&#8220;||||false|false&#8220; custom_margin_tablet=&#8220;||||false|false&#8220; custom_margin_phone=&#8220;||||false|false&#8220; custom_margin_last_edited=&#8220;on|phone&#8220; custom_padding=&#8220;||||false|false&#8220; global_colors_info=&#8220;{}&#8220;]<\/p>\n<h3>WENN SIE DIE HEISSESTEN LGBT+-URLAUBE AUF DEM PLANETEN NOCH NICHT GEBUCHT HABEN,<br \/>\nWORAUF WARTEST DU? Schauen Sie sie sich unten an!<\/h3>\n<p>[\/et_pb_text][\/et_pb_column][\/et_pb_row][et_pb_row _builder_version=&#8220;4.17.6&#8243; _module_preset=&#8220;default&#8220; global_colors_info=&#8220;{}&#8220;][et_pb_column type=&#8220;4_4&#8243; _builder_version=&#8220;4.17.6&#8243; _module_preset=&#8220;default&#8220; global_colors_info=&#8220;{}&#8220;][et_pb_text _builder_version=&#8220;4.17.6&#8243; _module_preset=&#8220;default&#8220; global_colors_info=&#8220;{}&#8220;]<div id=\"ajax-load-more\" class=\"ajax-load-more-wrap default\" data-id=\"experience-items\" data-alm-id=\"\" data-canonical-url=\"https:\/\/www.myvacaya.com\/de\/entdecken\/gerade-verbundete\/\" data-slug=\"gerade-verbundete\" data-post-id=\"154613\"  data-localized=\"ajax_load_more_experience_items_vars\" data-alm-object=\"ajax_load_more_experience_items\"><ul aria-live=\"polite\" aria-atomic=\"true\" class=\"alm-listing alm-ajax\" data-container-type=\"ul\" data-loading-style=\"default\" data-repeater=\"template_1\" data-post-type=\"trip\" data-meta-key=\"show_trip_tile\" data-meta-value=\"1\" data-custom-args=\"post_parent: 0\" data-order=\"ASC\" data-orderby=\"date\" data-offset=\"0\" data-posts-per-page=\"20\" data-lang=\"de\" data-scroll=\"false\" data-button-label=\"Load More\" data-prev-button-label=\"Load Previous\" data-destroy-after=\"1\"><\/ul><div class=\"alm-btn-wrap\" data-rel=\"ajax-load-more\"><button class=\"alm-load-more-btn\" type=\"button\">Load More<\/button><\/div><\/div>[\/et_pb_text][\/et_pb_column][\/et_pb_row][\/et_pb_section][et_pb_section fb_built=&#8220;1&#8243; admin_label=&#8220;The Vacaya Difference&#8220; _builder_version=&#8220;4.17.6&#8243; _module_preset=&#8220;default&#8220; background_color=&#8220;#191919&#8243; custom_padding=&#8220;||||false|false&#8220; global_colors_info=&#8220;{}&#8220;][et_pb_row _builder_version=&#8220;4.17.6&#8243; _module_preset=&#8220;default&#8220; global_colors_info=&#8220;{}&#8220;][et_pb_column type=&#8220;4_4&#8243; _builder_version=&#8220;4.17.4&#8243; _module_preset=&#8220;default&#8220; global_colors_info=&#8220;{}&#8220;][et_pb_text admin_label=&#8220;Section Title &#8211; H3&#8243; _builder_version=&#8220;4.17.6&#8243; _module_preset=&#8220;default&#8220; header_3_font=&#8220;Futura Bold|||on|||||&#8220; header_3_text_align=&#8220;center&#8220; header_3_text_color=&#8220;#FFFFFF&#8220; header_3_font_size=&#8220;18px&#8220; header_3_letter_spacing=&#8220;1.8px&#8220; header_3_line_height=&#8220;24px&#8220; custom_margin=&#8220;||4%||false|false&#8220; custom_margin_tablet=&#8220;||4%||false|false&#8220; custom_margin_phone=&#8220;||40px||false|false&#8220; custom_margin_last_edited=&#8220;on|phone&#8220; global_colors_info=&#8220;{}&#8220;]<\/p>\n<h3>Der Vacaya-Unterschied<\/h3>\n<p>[\/et_pb_text][dmpro_carousel columns=&#8220;5&#8243; space_between=&#8220;32&#8243; container_padding=&#8220;0px|30px|0px|30px|false|false&#8220; loop=&#8220;on&#8220; autoplay=&#8220;on&#8220; pause_on_hover=&#8220;off&#8220; autoplay_speed=&#8220;3000&#8243; columns_tablet=&#8220;3&#8243; columns_phone=&#8220;2&#8243; columns_last_edited=&#8220;on|desktop&#8220; _builder_version=&#8220;4.17.6&#8243; _module_preset=&#8220;default&#8220; title_font=&#8220;Futura Bold|||on|||||&#8220; title_text_color=&#8220;#FFFFFF&#8220; title_font_size=&#8220;18px&#8220; title_letter_spacing=&#8220;0.1em&#8220; title_line_height=&#8220;24px&#8220; desc_font=&#8220;Helvetica||||||||&#8220; desc_text_color=&#8220;#FFFFFF&#8220; desc_font_size=&#8220;16px&#8220; desc_line_height=&#8220;1.5em&#8220; global_colors_info=&#8220;{}&#8220;][dmpro_carousel_child title=&#8220;Werden Sie Botschafter&#8220; img_src=&#8220;https:\/\/www.myvacaya.com\/wp-content\/uploads\/2022\/07\/ambassadors-1.jpg&#8220; text_title=&#8220;Werden Sie Botschafter&#8220; desc_text=&#8220;Eager to help spread the news about VACAYA? We have everything you need to get started!&#8220; _builder_version=&#8220;4.17.4&#8243; _module_preset=&#8220;default&#8220; global_colors_info=&#8220;{}&#8220;][\/dmpro_carousel_child][dmpro_carousel_child title=&#8220;Unvergleichliche Angebote&#8220; img_src=&#8220;https:\/\/www.myvacaya.com\/wp-content\/uploads\/2022\/07\/unparalled-offers.png&#8220; text_title=&#8220;Unvergleichliche Angebote&#8220; desc_text=&#8220;Are you ready to dive into VACAYA headfirst? We\u2019ve got a special selection of offers just for you!&#8220; _builder_version=&#8220;4.17.4&#8243; _module_preset=&#8220;default&#8220; global_colors_info=&#8220;{}&#8220;][\/dmpro_carousel_child][dmpro_carousel_child title=&#8220;Barrierefreiheit&#8220; img_src=&#8220;https:\/\/www.myvacaya.com\/wp-content\/uploads\/2022\/07\/accesibility.jpg&#8220; text_title=&#8220;Barrierefreiheit&#8220; desc_text=&#8220;VACAYA and our partners create a welcoming environment for travelers with special needs.&#8220; _builder_version=&#8220;4.17.4&#8243; _module_preset=&#8220;default&#8220; global_colors_info=&#8220;{}&#8220;][\/dmpro_carousel_child][dmpro_carousel_child title=&#8220;Zur\u00fcckgeben&#8220; img_src=&#8220;https:\/\/www.myvacaya.com\/wp-content\/uploads\/2022\/07\/giving-back-2.jpg&#8220; text_title=&#8220;Zur\u00fcckgeben&#8220; desc_text=&#8220;Our efforts in the community reflect our commitment to the idea that we can all make a difference.&#8220; _builder_version=&#8220;4.17.4&#8243; _module_preset=&#8220;default&#8220; global_colors_info=&#8220;{}&#8220;][\/dmpro_carousel_child][dmpro_carousel_child title=&#8220;Alle sind willkommen&#8220; img_src=&#8220;https:\/\/www.myvacaya.com\/wp-content\/uploads\/2022\/07\/all-are-welcome.png&#8220; text_title=&#8220;Alle sind willkommen&#8220; desc_text=&#8220;Open your mind to the rainbow of fun that can be had in the world. <em>That\u2019s<\/em> the spirit of VACAYA!&#8220; _builder_version=&#8220;4.17.4&#8243; _module_preset=&#8220;default&#8220; global_colors_info=&#8220;{}&#8220;][\/dmpro_carousel_child][dmpro_carousel_child title=&#8220;Unsere Erfahrungen&#8220; img_src=&#8220;https:\/\/www.myvacaya.com\/wp-content\/uploads\/2022\/07\/vacaya-experiences.jpg&#8220; text_title=&#8220;Unsere Erfahrungen&#8220; desc_text=&#8220;VACAYA delivers vacations tailored to the unique desires of our guests. How will <em>you<\/em> VACAYA?&#8220; _builder_version=&#8220;4.17.4&#8243; _module_preset=&#8220;default&#8220; global_colors_info=&#8220;{}&#8220;][\/dmpro_carousel_child][dmpro_carousel_child title=&#8220;Buchstabensuppe&#8220; img_src=&#8220;https:\/\/www.myvacaya.com\/wp-content\/uploads\/2022\/07\/the-difference-alphabet-soup-290&#215;175-2.jpg&#8220; text_title=&#8220;Buchstabensuppe&#8220; desc_text=&#8220;Look no further\u2026 VACAYA\u2019s handy guide will help you navigate the entire LGBTQIAPK spectrum.&#8220; _builder_version=&#8220;4.17.4&#8243; _module_preset=&#8220;default&#8220; global_colors_info=&#8220;{}&#8220;][\/dmpro_carousel_child][dmpro_carousel_child title=&#8220;Alleinreisende&#8220; img_src=&#8220;https:\/\/www.myvacaya.com\/wp-content\/uploads\/2022\/07\/step-by-step.jpg&#8220; text_title=&#8220;Alleinreisende&#8220; desc_text=&#8220;<\/p>\n<p>VACAYA\u2019s \u201cSolo Traveling with Ease Program\u201d is perfect for single travelers looking to join in the fun.<\/p>\n<p>&#8220; _builder_version=&#8220;4.17.4&#8243; _module_preset=&#8220;default&#8220; global_colors_info=&#8220;{}&#8220;][\/dmpro_carousel_child][\/dmpro_carousel][\/et_pb_column][\/et_pb_row][\/et_pb_section]<\/p>\n","protected":false},"excerpt":{"rendered":"<p><div class=\"trip-overlay\"><div class=\"trip-title\"><h1>Reisepl\u00e4ttchen mit Titel \u2013 Nur Kreuzfahrten<\/h1><\/div><\/div>Als bekannt wurde, dass die Gr\u00fcnder von VACAYA an einer v\u00f6llig neuen Art von Urlaubsunternehmen arbeiteten, dr\u00e4ngten uns viele unserer heterosexuellen Freunde, sie nicht aus dem Spa\u00df herauszulassen. Sie erinnerten uns daran, dass sie es satt hatten, unsere Possen in den sozialen Medien zu sehen und nicht teilnehmen zu k\u00f6nnen. Sie ermutigten uns, \u00fcber Stereotypen [&hellip;]<\/p>\n","protected":false},"author":4,"featured_media":0,"parent":84362,"menu_order":0,"comment_status":"closed","ping_status":"closed","template":"","meta":{"_acf_changed":false,"_et_pb_use_builder":"on","_et_pb_old_content":"","_et_gb_content_width":"","_monsterinsights_skip_tracking":false,"_monsterinsights_sitenote_active":false,"_monsterinsights_sitenote_note":"","_monsterinsights_sitenote_category":0,"footnotes":""},"class_list":["post-154613","page","type-page","status-publish","hentry"],"acf":[],"_links":{"self":[{"href":"https:\/\/www.myvacaya.com\/de\/wp-json\/wp\/v2\/pages\/154613","targetHints":{"allow":["GET"]}}],"collection":[{"href":"https:\/\/www.myvacaya.com\/de\/wp-json\/wp\/v2\/pages"}],"about":[{"href":"https:\/\/www.myvacaya.com\/de\/wp-json\/wp\/v2\/types\/page"}],"author":[{"embeddable":true,"href":"https:\/\/www.myvacaya.com\/de\/wp-json\/wp\/v2\/users\/4"}],"replies":[{"embeddable":true,"href":"https:\/\/www.myvacaya.com\/de\/wp-json\/wp\/v2\/comments?post=154613"}],"version-history":[{"count":2,"href":"https:\/\/www.myvacaya.com\/de\/wp-json\/wp\/v2\/pages\/154613\/revisions"}],"predecessor-version":[{"id":154656,"href":"https:\/\/www.myvacaya.com\/de\/wp-json\/wp\/v2\/pages\/154613\/revisions\/154656"}],"up":[{"embeddable":true,"href":"https:\/\/www.myvacaya.com\/de\/wp-json\/wp\/v2\/pages\/84362"}],"wp:attachment":[{"href":"https:\/\/www.myvacaya.com\/de\/wp-json\/wp\/v2\/media?parent=154613"}],"curies":[{"name":"wp","href":"https:\/\/api.w.org\/{rel}","templated":true}]}}