{"id":154598,"date":"2024-06-15T05:04:58","date_gmt":"2024-06-15T09:04:58","guid":{"rendered":"https:\/\/www.myvacaya.com\/richtlinien-zur-bildung-privater-sozialer-gruppen\/"},"modified":"2024-06-15T05:05:17","modified_gmt":"2024-06-15T09:05:17","slug":"richtlinien-zur-bildung-privater-sozialer-gruppen","status":"publish","type":"page","link":"https:\/\/www.myvacaya.com\/de\/richtlinien-zur-bildung-privater-sozialer-gruppen\/","title":{"rendered":"Richtlinien zur Bildung privater sozialer Gruppen"},"content":{"rendered":"<p style=\"font-weight: 400;\"><strong>Bildung privater sozialer Gruppen  <\/strong><\/p>\n<p style=\"font-weight: 400;\">Obwohl wir davon \u00fcberzeugt sind, dass die <a href=\"https:\/\/www.facebook.com\/groups\/238279406908419\/\" target=\"_blank\" rel=\"noopener\"><strong>VACAYA LGBTQ+ Super Fan Group<\/strong><\/a> ein ideales Forum f\u00fcr Diskussionen und den Aufbau einer Community ist, ist uns bewusst, dass manche von Ihnen sich vielleicht dennoch in Ihren eigenen privaten sozialen Gruppen vernetzen m\u00f6chten. Das ist verst\u00e4ndlich. Es gibt jedoch ein paar Dinge, die Sie bedenken sollten (\u00fcber die Komplexit\u00e4ten hinaus, die wir in unserem Blog \u201eWeg von Facebook\u201c erl\u00e4utert haben), damit Sie weiterhin einen guten Ruf bei VACAYA behalten, wenn Sie sich dazu entschlie\u00dfen, Ihre eigene soziale Gruppe zu gr\u00fcnden:<\/p>\n<ul style=\"font-weight: 400;\">\n<li>Nat\u00fcrlich freuen wir uns sehr \u00fcber begeisterte Fans und m\u00f6chten sicherstellen, dass alle ihre Zeit in der Community genie\u00dfen. Um die Transparenz zu wahren, f\u00fcgen Sie Ihrer Gruppenbiografie bitte Folgendes hinzu: <strong><em>\u201eDiese Gruppe ist nicht mit VACAYA verbunden. Die hierin enthaltenen Ansichten spiegeln nicht die Ansichten des Unternehmens wider.\u201c<\/em><\/strong><\/li>\n<li>Verwenden Sie keine Symbole (z. B. \u2705), die andere zu der Annahme verleiten k\u00f6nnten, Sie w\u00fcrden offiziell VACAYA vertreten.<\/li>\n<li>Verwenden Sie keine VACAYA-Markenzeichen, einschlie\u00dflich, aber nicht beschr\u00e4nkt auf den Namen \u201eVACAYA\u201c, das VACAYA-Logo oder andere zugeh\u00f6rige Markenelemente im Titel, in der Beschreibung oder in den Bildern der Gruppe. Diese Richtlinie gilt f\u00fcr alle Formen sozialer Medien und Online-Communitys.<\/li>\n<\/ul>\n<p>&nbsp;<\/p>\n<p style=\"font-weight: 400;\"><strong>Die Gr\u00fcnde f\u00fcr diese Richtlinie<\/strong><\/p>\n<ul style=\"font-weight: 400;\">\n<li><strong>Markenintegrit\u00e4t und -konsistenz:<\/strong> Die Marke VACAYA verspricht Qualit\u00e4t, Inklusivit\u00e4t und einzigartige LGBTQ+-Reiseerlebnisse. Die unbefugte Verwendung von Markenzeichen kann zu Unstimmigkeiten f\u00fchren und Menschen in die Irre f\u00fchren. Daher ist es unser Ziel, ein klares und einheitliches Verst\u00e4ndnis unserer Marke und Werte sicherzustellen.<\/li>\n<li><strong>Rechtliche Hinweise:<\/strong> Die unbefugte Verwendung von Marken kann zu rechtlichen Problemen f\u00fchren. Diese Richtlinie dient dem Schutz von VACAYA und seinen G\u00e4sten vor m\u00f6glichen rechtlichen Komplikationen im Zusammenhang mit geistigen Eigentumsrechten.<\/li>\n<li><strong>Kundenerfahrung:<\/strong> Indem wir sicherstellen, dass alle offiziellen Mitteilungen und Communities von VACAYA verwaltet werden, k\u00f6nnen wir eine konsistente und qualitativ hochwertige Kundenerfahrung bieten. Auf diese Weise erhalten G\u00e4ste genaue Informationen und Unterst\u00fctzung direkt vom V-Team, wodurch sichergestellt wird, dass ihre Bed\u00fcrfnisse effektiv erf\u00fcllt werden.<\/li>\n<\/ul>\n<p>&nbsp;<\/p>\n<p style=\"font-weight: 400;\"><strong>Vorschl\u00e4ge f\u00fcr pers\u00f6nliche Gruppentitel<\/strong><\/p>\n<p style=\"font-weight: 400;\">G\u00e4ste werden zwar ermutigt, Kontakte zu Mitreisenden zu kn\u00fcpfen, m\u00fcssen dies jedoch tun, ohne den Namen VACAYA zu verwenden. Hier sind einige alternative Vorschl\u00e4ge zur Benennung pers\u00f6nlicher Gruppen:<\/p>\n<ul style=\"font-weight: 400;\">\n<li>\u201eQueere Reisepartner\u201c<\/li>\n<li>\u201eRegenbogenreisende\u201c<\/li>\n<li>\u201e2025 Caribbean Cruise Group \u2013 Kreuzfahrttermine\u201c<\/li>\n<li>\u201eGruppe schwuler Cruiser\u201c<\/li>\n<\/ul>\n<p style=\"font-weight: 400;\">Diese Titel erm\u00f6glichen es den Leuten, aussagekr\u00e4ftige und identifizierbare Gruppen zu erstellen, ohne die Markenzeichen von VACAYA zu verletzen. Durch die Einhaltung dieser Richtlinie tragen G\u00e4ste dazu bei, die Integrit\u00e4t der Marke VACAYA zu sch\u00fctzen und zu einem positiven, einheitlichen Gemeinschaftserlebnis bei.<\/p>\n<p>&nbsp;<\/p>\n<p style=\"font-weight: 400;\"><strong>Implementierung<\/strong><\/p>\n<ol style=\"font-weight: 400;\">\n<li><strong>Kommunikation<\/strong> : Diese Richtlinie wird allen G\u00e4sten \u00fcber unsere sozialen Medien, unsere Website und andere G\u00e4stekommunikationsmittel mitgeteilt.<\/li>\n<li><strong>\u00dcberwachung<\/strong> : VACAYA \u00fcberwacht Social-Media-Plattformen und Online-Communitys, um die Einhaltung unserer erkl\u00e4rten Richtlinien sicherzustellen.<\/li>\n<li><strong>Durchsetzung<\/strong> : Gruppen, die gegen diese Richtlinie versto\u00dfen, werden aufgefordert, ihren Namen zu \u00e4ndern und\/oder s\u00e4mtliche VACAYA-Markenzeichen zu entfernen. Die Nichteinhaltung kann rechtliche Schritte nach sich ziehen.<\/li>\n<\/ol>\n<p style=\"font-weight: 400;\">Indem Sie sich an diese Richtlinie halten, unterst\u00fctzen Sie den anhaltenden Erfolg und die Integrit\u00e4t von VACAYA und gew\u00e4hrleisten ein klares, einheitliches und qualitativ hochwertiges Erlebnis f\u00fcr alle.<\/p>\n<p style=\"font-weight: 400;\">Wenn Sie Fragen zu dieser Richtlinie haben oder m\u00f6chten, dass wir bei einer Entscheidung mitreden, senden Sie einfach eine E-Mail an <a href=\"mailto:marketing@myvacaya.com\" target=\"_blank\" rel=\"noopener\">marketing@myvacaya.com<\/a> und wir werden uns so schnell wie m\u00f6glich bei Ihnen melden.<\/p>\n","protected":false},"excerpt":{"rendered":"<p>Bildung privater sozialer Gruppen Obwohl wir davon \u00fcberzeugt sind, dass die VACAYA LGBTQ+ Super Fan Group ein ideales Forum f\u00fcr Diskussionen und den Aufbau einer Community ist, ist uns bewusst, dass manche von Ihnen sich vielleicht dennoch in Ihren eigenen privaten sozialen Gruppen vernetzen m\u00f6chten. Das ist verst\u00e4ndlich. Es gibt jedoch ein paar Dinge, die [&hellip;]<\/p>\n","protected":false},"author":4,"featured_media":0,"parent":0,"menu_order":0,"comment_status":"closed","ping_status":"closed","template":"","meta":{"_acf_changed":false,"_et_pb_use_builder":"","_et_pb_old_content":"","_et_gb_content_width":"","_monsterinsights_skip_tracking":false,"_monsterinsights_sitenote_active":false,"_monsterinsights_sitenote_note":"","_monsterinsights_sitenote_category":0,"footnotes":""},"class_list":["post-154598","page","type-page","status-publish","hentry"],"acf":[],"_links":{"self":[{"href":"https:\/\/www.myvacaya.com\/de\/wp-json\/wp\/v2\/pages\/154598","targetHints":{"allow":["GET"]}}],"collection":[{"href":"https:\/\/www.myvacaya.com\/de\/wp-json\/wp\/v2\/pages"}],"about":[{"href":"https:\/\/www.myvacaya.com\/de\/wp-json\/wp\/v2\/types\/page"}],"author":[{"embeddable":true,"href":"https:\/\/www.myvacaya.com\/de\/wp-json\/wp\/v2\/users\/4"}],"replies":[{"embeddable":true,"href":"https:\/\/www.myvacaya.com\/de\/wp-json\/wp\/v2\/comments?post=154598"}],"version-history":[{"count":1,"href":"https:\/\/www.myvacaya.com\/de\/wp-json\/wp\/v2\/pages\/154598\/revisions"}],"predecessor-version":[{"id":154608,"href":"https:\/\/www.myvacaya.com\/de\/wp-json\/wp\/v2\/pages\/154598\/revisions\/154608"}],"wp:attachment":[{"href":"https:\/\/www.myvacaya.com\/de\/wp-json\/wp\/v2\/media?parent=154598"}],"curies":[{"name":"wp","href":"https:\/\/api.w.org\/{rel}","templated":true}]}}