{"id":148979,"date":"2024-03-27T10:12:15","date_gmt":"2024-03-27T14:12:15","guid":{"rendered":"https:\/\/www.myvacaya.com\/vacayas-rotlichtviertel\/"},"modified":"2024-03-27T10:40:53","modified_gmt":"2024-03-27T14:40:53","slug":"vacayas-rotlichtviertel","status":"publish","type":"page","link":"https:\/\/www.myvacaya.com\/de\/entdecken\/vacayas-rotlichtviertel\/","title":{"rendered":"Vacayas Rotlichtviertel"},"content":{"rendered":"<p>[et_pb_section fb_built=&#8220;1&#8243; fullwidth=&#8220;on&#8220; admin_label=&#8220;Slider&#8220; module_id=&#8220;Schieberabschnitt-Innenraum&#8220; _builder_version=&#8220;4.17.6&#8243; _module_preset=&#8220;default&#8220; background_enable_image=&#8220;off&#8220; global_colors_info=&#8220;{}&#8220;][et_pb_fullwidth_code admin_label=&#8220;Slider Overlay&#8220; module_class=&#8220;interior-page-overlay&#8220; _builder_version=&#8220;4.17.6&#8243; _module_preset=&#8220;default&#8220; positioning=&#8220;absolute&#8220; position_origin_a=&#8220;top_right&#8220; position_origin_f=&#8220;top_right&#8220; z_index=&#8220;100&#8243; width=&#8220;50%&#8220; width_tablet=&#8220;50%&#8220; width_phone=&#8220;100%&#8220; width_last_edited=&#8220;on|phone&#8220; height=&#8220;100vh&#8220; global_colors_info=&#8220;{}&#8220;]<div class=\"trip-overlay\"><div class=\"trip-title\"><h1>Vacayas Rotlichtviertel<\/h1><\/div><\/div>[\/et_pb_fullwidth_code][et_pb_fullwidth_slider show_arrows=&#8220;off&#8220; admin_label=&#8220;Slider Images&#8220; module_id=&#8220;slider-images&#8220; _builder_version=&#8220;4.23.4&#8243; _module_preset=&#8220;default&#8220; height=&#8220;100vh&#8220; auto=&#8220;on&#8220; global_colors_info=&#8220;{}&#8220;][et_pb_slide _builder_version=&#8220;4.23.4&#8243; _module_preset=&#8220;default&#8220; background_color=&#8220;RGBA(255,255,255,0)&#8220; background_enable_color=&#8220;on&#8220; background_image=&#8220;https:\/\/www.myvacaya.com\/wp-content\/uploads\/2024\/03\/RLD-Hero-Desktop.jpg&#8220; background_enable_image=&#8220;on&#8220; background_last_edited=&#8220;on|phone&#8220; background_image_phone=&#8220;https:\/\/www.myvacaya.com\/wp-content\/uploads\/2024\/03\/RLD-Hero-mobile.jpg&#8220; background_enable_image_phone=&#8220;on&#8220; global_colors_info=&#8220;{}&#8220; sticky_transition=&#8220;on&#8220;][\/et_pb_slide][\/et_pb_fullwidth_slider][\/et_pb_section][et_pb_section fb_built=&#8220;1&#8243; custom_padding_last_edited=&#8220;on|desktop&#8220; _builder_version=&#8220;4.23.4&#8243; _module_preset=&#8220;default&#8220; custom_padding=&#8220;||||false|false&#8220; custom_padding_tablet=&#8220;||||false|false&#8220; custom_padding_phone=&#8220;||||false|false&#8220; global_colors_info=&#8220;{}&#8220;][et_pb_row _builder_version=&#8220;4.17.6&#8243; _module_preset=&#8220;default&#8220; custom_padding=&#8220;||0%||false|false&#8220; global_colors_info=&#8220;{}&#8220;][et_pb_column type=&#8220;4_4&#8243; _builder_version=&#8220;4.17.6&#8243; _module_preset=&#8220;default&#8220; global_colors_info=&#8220;{}&#8220;][et_pb_text _builder_version=&#8220;4.23.4&#8243; _module_preset=&#8220;default&#8220; global_colors_info=&#8220;{}&#8220;]<\/p>\n<p>Betreten Sie einen fesselnden Raum, in dem Fantasien lebendig werden und Hemmungen auf einem progressiven Sexspielplatz dahinschmelzen. Wenn Sie diese Oase erkunden, werden Sie eine intime Welt entdecken, in der ungehemmte sexuelle Leidenschaft und Verlangen im Mittelpunkt stehen. Verlieren Sie sich im Labyrinth, den rhythmischen Beats und dem verlockenden, inbr\u00fcnstigen St\u00f6hnen, das in der Luft h\u00e4ngt. Willkommen im Rotlichtviertel von VACAYA!<\/p>\n<p>VACAYAs RLD ist ein Spielplatz der Sinnlichkeit, der sorgf\u00e4ltig darauf ausgelegt ist, Ihre tiefsten W\u00fcnsche zu erf\u00fcllen. Entspannen Sie sich in der Chill-Zone und genie\u00dfen Sie die Gesellschaft gleichgesinnter Erwachsener im Mondlicht. Wenn Sie bereit sind, betreten Sie den Spielbereich und erleben Sie einen dekadenten Bereich, der mit M\u00f6beln geschm\u00fcckt ist, die die Nacht aufpeppen, und ged\u00e4mpfter Beleuchtung, die einen verlockenden Glanz verbreitet. Lassen Sie sich in eine Welt entf\u00fchren, in der das Vergn\u00fcgen keine Grenzen kennt.<\/p>\n<p><strong>H\u00f6ren wir von einigen unserer G\u00e4ste, die VACAYAs RLD erlebt haben:  <\/strong><\/p>\n<p>[\/et_pb_text][\/et_pb_column][\/et_pb_row][et_pb_row custom_padding_last_edited=&#8220;on|desktop&#8220; _builder_version=&#8220;4.17.6&#8243; _module_preset=&#8220;default&#8220; custom_padding=&#8220;||0%||false|false&#8220; custom_padding_tablet=&#8220;&#8220; custom_padding_phone=&#8220;||||false|false&#8220; global_colors_info=&#8220;{}&#8220;][et_pb_column type=&#8220;4_4&#8243; _builder_version=&#8220;4.17.4&#8243; _module_preset=&#8220;default&#8220; global_colors_info=&#8220;{}&#8220;][et_pb_image src=&#8220;https:\/\/www.myvacaya.com\/wp-content\/uploads\/2024\/03\/Website-Video-RLD-Testimonials-2.jpg&#8220; title_text=&#8220;Website-Video RLD-Testimonials 2&#8243; show_bottom_space=&#8220;off&#8220; force_fullwidth=&#8220;on&#8220; admin_label=&#8220;Video Thumbnail&#8220; module_class=&#8220;popmake-148917&#8243; _builder_version=&#8220;4.23.4&#8243; _module_preset=&#8220;default&#8220; scroll_fade_enable=&#8220;on&#8220; global_colors_info=&#8220;{}&#8220;][\/et_pb_image][et_pb_image src=&#8220;https:\/\/www.myvacaya.com\/wp-content\/uploads\/2022\/07\/play-btn.png&#8220; title_text=&#8220;spiel-btn&#8220; align=&#8220;center&#8220; admin_label=&#8220;Play Button&#8220; module_class=&#8220;popmake-148917&#8243; _builder_version=&#8220;4.23.4&#8243; _module_preset=&#8220;default&#8220; positioning=&#8220;absolute&#8220; position_origin_a=&#8220;center_center&#8220; position_origin_f=&#8220;center_center&#8220; z_index=&#8220;10&#8243; width=&#8220;100%&#8220; global_colors_info=&#8220;{}&#8220;][\/et_pb_image][\/et_pb_column][\/et_pb_row][et_pb_row _builder_version=&#8220;4.17.6&#8243; _module_preset=&#8220;default&#8220; custom_padding=&#8220;||0%||false|false&#8220; global_colors_info=&#8220;{}&#8220;][et_pb_column type=&#8220;4_4&#8243; _builder_version=&#8220;4.17.6&#8243; _module_preset=&#8220;default&#8220; global_colors_info=&#8220;{}&#8220;][et_pb_text _builder_version=&#8220;4.23.4&#8243; _module_preset=&#8220;default&#8220; global_colors_info=&#8220;{}&#8220;]<strong>Warum es die RLD gibt<\/strong><br \/>\nBei VACAYA umarmen und feiern wir das gesamte Spektrum unserer menschlichen Existenz \u2013 indem wir uns die erhabenen menschlichen Wahrheiten und Realit\u00e4ten jedes unserer Community-Mitglieder zunutze machen. Mit nur wenigen Ausnahmen (wir gr\u00fc\u00dfen Sie, unsere asexuellen Geschwister) sind wir ALLE sexuelle Wesen. Und f\u00fcr viele in unserer Gemeinschaft ist Sex einer der grundlegendsten Ausdrucksformen unserer Menschlichkeit.<\/p>\n<p>Anstatt diese Realit\u00e4t wie viele andere in den Schatten zu dr\u00e4ngen, feiern wir sie bei VACAYA mit unserem bahnbrechenden Late-Night-Rotlichtviertel auf unseren Kreuzfahrten mit gro\u00dfen Schiffen und in den meisten unserer Resorts. Unser \u201eRLD\u201c ist nur einer von vielen Aspekten des VACAYA-Erlebnisses. Wenn dies nicht Ihr sprichw\u00f6rtliches Ding ist, werden Sie jeden Abend von unz\u00e4hligen anderen nicht-sexuellen Optionen begeistert sein.<\/p>\n<p>Wenn Sie unser RLD erleben m\u00f6chten, ist es wichtig, die grundlegenden Elemente und die Etikette zu verstehen:<\/p>\n<p><strong>Wann und wo.  <\/strong><br \/>\nUnsere Rotlichtviertel befinden sich an den sinnvollsten Orten an Bord oder in unseren Resorts. Wir achten auf Sicherheit, Privatsph\u00e4re, Austritt usw., um den besten Standort zu ermitteln. Auf Schiffen befindet sich das RLD typischerweise auf den Sportpl\u00e4tzen auf dem Oberdeck. In unseren Resorts ist die Lage flie\u00dfender, aber meist etwas abseits der ausgetretenen Pfade. Auf den meisten Reisen mit gro\u00dfen Schiffen\/Resorts \u00f6ffnet unser RLD irgendwann zwischen 22:00 und 23:00 Uhr und ist bis in die fr\u00fchen Morgenstunden ge\u00f6ffnet (\u201efr\u00fche Stunden\u201c ist definiert als die Zeit, in der sich nur noch wenige Personen im Spielbereich aufhalten und VACAYA RLD Guru Patrick startklar ist ins Bett. Also kommen Sie, wenn Sie bereit sind, kommen Sie oft und genie\u00dfen Sie!).<\/p>\n<p><strong>Sexpositive und progressive R\u00e4ume.<\/strong><br \/>\nDie sexpositive Bewegung ist eine soziale und philosophische Bewegung, die darauf abzielt, kulturelle Einstellungen und Normen rund um die Sexualit\u00e4t zu \u00e4ndern, indem sie die Anerkennung der Sexualit\u00e4t (und ihrer unz\u00e4hligen Ausdrucksformen) als nat\u00fcrlichen und gesunden Teil der menschlichen Erfahrung f\u00f6rdert und deren Bedeutung betont pers\u00f6nliche Souver\u00e4nit\u00e4t, Safer-Sex-Praktiken und einvernehmlicher Sex (frei von Gewalt oder Zwang). Es deckt jeden Aspekt der sexuellen Identit\u00e4t ab, einschlie\u00dflich Geschlechtsausdruck, Orientierung, Beziehung zum K\u00f6rper (K\u00f6rperpositivit\u00e4t, Nacktheit, Wahl), Wahl des Beziehungsstils und Fortpflanzungsrechte.<\/p>\n<p>Der progressive Sex-Charakter von VACAYA ist \u201eeine Haltung gegen\u00fcber der menschlichen Sexualit\u00e4t, die alle einvernehmlichen sexuellen Aktivit\u00e4ten als grunds\u00e4tzlich gesund und angenehm ansieht und sexuelle Lust und Experimente f\u00f6rdert.\u201c Es stellt gesellschaftliche Tabus in Frage und zielt darauf ab, gesunde und einvernehmliche sexuelle Aktivit\u00e4ten zu f\u00f6rdern. Unsere sex-progressive Natur setzt sich im Rahmen ihrer Position auch f\u00fcr umfassende Sexualaufkl\u00e4rung und Safer Sex ein. Wir machen im Allgemeinen keine moralischen Unterscheidungen zwischen den Arten sexueller Aktivit\u00e4ten und betrachten diese Entscheidungen als eine Angelegenheit pers\u00f6nlicher Pr\u00e4ferenzen.<\/p>\n<p><strong>Eine Einwilligung ist erforderlich.<\/strong><br \/>\nBei der Teilnahme am RLD ist die Einholung der Einwilligung nicht nur eine Voraussetzung, sondern ein grundlegender Aspekt von Respekt, W\u00fcrde und ethischem Verhalten. Es verk\u00f6rpert die Anerkennung der individuellen Autonomie und des Rechts auf Selbstbestimmung. Die Einholung einer ausdr\u00fccklichen Einwilligung schafft eine Vertrauensbasis und stellt sicher, dass alle Beteiligten teilnehmerwillig sind. Es f\u00f6rdert eine Kultur des gegenseitigen Verst\u00e4ndnisses, in der Grenzen anerkannt und respektiert werden, was letztendlich zu ges\u00fcnderen und bedeutungsvolleren Verbindungen f\u00fchrt. Bitte holen Sie Ihre Zustimmung ein, bevor Sie sich an Aktivit\u00e4ten innerhalb des RLD beteiligen.<\/p>\n<p><strong>Menschen holen ihre Einwilligung auf unterschiedliche Weise ein und erteilen sie.<\/strong><br \/>\nOb durch verbale Kommunikation oder nonverbale Signale wie Ber\u00fchrungen: Das Erkennen verschiedener Kommunikationsstile ist entscheidend, um gegenseitiges Verst\u00e4ndnis zu f\u00f6rdern und sicherzustellen, dass alle Interaktionen einvernehmlich und respektvoll sind. Dar\u00fcber hinaus ist es wichtig zu verstehen, dass es in bestimmten R\u00e4umen zu anonymem Tasten und Ber\u00fchren kommen kann, und Einzelpersonen sollten darauf vorbereitet sein, mit solchen Situationen selbstbewusst umzugehen. Unabh\u00e4ngig davon, auf welche Weise das Einverst\u00e4ndnis eingeholt wird, beh\u00e4lt jeder die M\u00f6glichkeit, es zu verweigern. Wenn Sie jemand ber\u00fchrt, k\u00f6nnen Sie Ihre Ablehnung verbalisieren, die Person sanft zur\u00fcckweisen oder ihre Hand wegziehen.<\/p>\n<p><strong>Nein hei\u00dft, nein.  <\/strong><br \/>\nDas sollte selbstverst\u00e4ndlich sein, aber \u201eNein hei\u00dft Nein\u201c gilt in allen Kommunikationsformen. Unabh\u00e4ngig davon, ob jemand sein Desinteresse verbal, k\u00f6rperlich oder durch K\u00f6rpersprache zum Ausdruck bringt, ist es wichtig, seine Grenzen zu respektieren und nicht aufdringlich oder respektlos zu sein. Versuchen Sie nicht, das Spiel einzuleiten, wenn jemand weggeht, den Kopf sch\u00fcttelt, Ihre Hand wegst\u00f6\u00dft oder auf andere Weise durch K\u00f6rpersprache ablehnt. Seien Sie nicht aufdringlich oder unh\u00f6flich. Seien Sie sich Ihrer K\u00f6rpersprache und der K\u00f6rpersprache anderer bewusst und denken Sie daran, dass die nonverbale Einwilligung schwerer zu verstehen ist, wenn Alkohol im Spiel ist. Wenn Sie betrunken sind, werden Sie vom VACAYA RLD-Monitor aufgefordert, den Raum zu verlassen, unabh\u00e4ngig davon, ob sich jemand beschwert hat oder nicht. F\u00fcr diejenigen, die die Einwilligung auf nonverbale Weise einholen, beachten Sie bitte diese einfache Regel: Seien Sie kein Arschloch. Dr\u00e4ngen Sie sich nicht zu jemandem auf, wenn dieser die Einwilligung eindeutig verweigert. Dies wird zur K\u00f6rperverletzung. Die Missachtung der Einwilligung ist nicht sexy; es ist Bel\u00e4stigung. Und es zu weit zu treiben, k\u00f6nnte kriminell sein.<\/p>\n<p><strong>Lassen Sie uns von Marie und Steve, unseren Sexexperten, h\u00f6ren, wie sie beleuchten, wie die Zustimmung zwischen rein m\u00e4nnlichen und queeren R\u00e4umen variiert:  <\/strong>[\/et_pb_text][\/et_pb_column][\/et_pb_row][et_pb_row custom_padding_last_edited=&#8220;on|desktop&#8220; _builder_version=&#8220;4.17.6&#8243; _module_preset=&#8220;default&#8220; custom_padding=&#8220;||0%||false|false&#8220; custom_padding_tablet=&#8220;&#8220; custom_padding_phone=&#8220;||||false|false&#8220; global_colors_info=&#8220;{}&#8220;][et_pb_column type=&#8220;4_4&#8243; _builder_version=&#8220;4.17.4&#8243; _module_preset=&#8220;default&#8220; global_colors_info=&#8220;{}&#8220;][et_pb_image src=&#8220;https:\/\/www.myvacaya.com\/wp-content\/uploads\/2024\/03\/Consent-Website-Video-Thumbnail.jpg&#8220; title_text=&#8220;Video-Thumbnail der Einwilligungs-Website&#8220; show_bottom_space=&#8220;off&#8220; force_fullwidth=&#8220;on&#8220; admin_label=&#8220;Video Thumbnail&#8220; module_class=&#8220;popmake-148946&#8243; _builder_version=&#8220;4.23.4&#8243; _module_preset=&#8220;default&#8220; scroll_fade_enable=&#8220;on&#8220; global_colors_info=&#8220;{}&#8220;][\/et_pb_image][et_pb_image src=&#8220;https:\/\/www.myvacaya.com\/wp-content\/uploads\/2022\/07\/play-btn.png&#8220; title_text=&#8220;spiel-btn&#8220; align=&#8220;center&#8220; admin_label=&#8220;Play Button&#8220; module_class=&#8220;popmake-148946&#8243; _builder_version=&#8220;4.23.4&#8243; _module_preset=&#8220;default&#8220; positioning=&#8220;absolute&#8220; position_origin_a=&#8220;center_center&#8220; position_origin_f=&#8220;center_center&#8220; z_index=&#8220;10&#8243; width=&#8220;100%&#8220; global_colors_info=&#8220;{}&#8220;][\/et_pb_image][\/et_pb_column][\/et_pb_row][et_pb_row _builder_version=&#8220;4.23.4&#8243; _module_preset=&#8220;default&#8220; custom_padding=&#8220;||||false|false&#8220; global_colors_info=&#8220;{}&#8220;][et_pb_column type=&#8220;4_4&#8243; _builder_version=&#8220;4.17.6&#8243; _module_preset=&#8220;default&#8220; global_colors_info=&#8220;{}&#8220;][et_pb_text _builder_version=&#8220;4.23.4&#8243; _module_preset=&#8220;default&#8220; global_colors_info=&#8220;{}&#8220;]<strong>Eine stillschweigende Einwilligung ist m\u00f6glich, kann aber widerrufen werden.<\/strong><br \/>\nWenn jemand die Augen verbunden hat und auf allen Vieren ist, gibt er dir wahrscheinlich nonverbal sein Einverst\u00e4ndnis, Sex mit ihm zu haben. Wenn ein Mann mit seinem Schwanz in der Hand dasteht, gibt er dir m\u00f6glicherweise nonverbal sein Einverst\u00e4ndnis, dich ihm zu n\u00e4hern und ihm wahrscheinlich Oralsex zu geben. Einige Veranstaltungen haben Glory Holes. Glory Holes sind ein weiterer Ort, an dem ein gewisses Ma\u00df an stillschweigender Zustimmung vorliegt, da ein Teil der Aufregung f\u00fcr willige Teilnehmer darin besteht, dass sie die Person auf der anderen Seite des Glory Hole nicht sehen k\u00f6nnen. Wenn sich jedoch jemand zur\u00fcckzieht oder auf andere Weise eine Absichts\u00e4nderung signalisiert, bedeutet das, dass er seine Einwilligung verweigert hat.<\/p>\n<p><strong>Wenn Sie unsicher sind, fragen Sie. Wenn etwas passiert, sagen Sie es jemandem.<\/strong><br \/>\nEs ist akzeptabel, einen RLD-Teilnehmer oder den <strong>VACAYA RLD Monitor<\/strong> um Kl\u00e4rung zu bitten. Und wenn Sie auf ein Verhalten sto\u00dfen, das au\u00dferhalb der oben genannten Parameter liegt, und Sie das Gef\u00fchl haben, dass Ihr Bereich verletzt wurde, informieren Sie den VACAYA RLD Monitor oder ein V-Teammitglied. Wenn es eine Beschwerde gibt, geht unser RLD-Monitor hinein und erinnert alle an die Richtlinien, um sicherzustellen, dass so etwas nicht noch einmal passiert. Wenn es sich um ein ernstes Problem handelt, kann der Monitor das RLD f\u00fcr die Nacht abschalten. Aber im Allgemeinen sorgt der RLD-Monitor daf\u00fcr, dass das RLD aufger\u00e4umt ist, beantwortet Fragen und tr\u00e4gt dazu bei, einen sicheren, sinnlichen Raum f\u00fcr unsere G\u00e4ste zu schaffen.<\/p>\n<p><strong>Lass nicht zu, dass die Ablehnung deine Nacht ruiniert.<\/strong><br \/>\nManche Leute werden mit dir spielen wollen, andere einfach nicht. Die Person, die Sie die ganze Nacht angeschaut haben, ist vielleicht nicht auf Sie fixiert, und das ist in Ordnung. Akzeptieren Sie es und wissen Sie, dass es Teil der Realit\u00e4t jedes Spielraums ist.<\/p>\n<p><strong>Respektieren Sie die Privatsph\u00e4re. Keine Fotos oder Videografie.<\/strong><br \/>\nDas Rotlichtviertel ist ein Ort, an dem Menschen ungehemmt sein, sich von der Moral und dem Urteil der Gesellschaft l\u00f6sen und ihre sexuellen Fantasien verwirklichen k\u00f6nnen. Der Respekt vor der Privatsph\u00e4re anderer ist der Schl\u00fcssel zur Aufrechterhaltung dieser Atmosph\u00e4re. \u00dcber andere Teilnehmer au\u00dferhalb dieser Veranstaltungsorte zu sprechen, wirft ein schlechtes Licht auf Sie und beeintr\u00e4chtigt den Zweck des Raums. Im Rotlichtviertel sind Kameras nicht erlaubt.<\/p>\n<p><strong>Wenn Sie sich f\u00fcr ungesch\u00fctzten Sex entscheiden, gehen Sie die Risiken ein.<\/strong><br \/>\nBei jedem Geschlechtsverkehr besteht ein gewisses Risiko einer HIV\/STI-\u00dcbertragung. Dieses Risiko kann jedoch minimiert werden, wenn Sie bestimmte Vorsichtsma\u00dfnahmen ergreifen, wie z. B. die Verwendung von Kondomen oder die Einnahme von PrEP. Selbst mit Kondomen besteht immer noch das Risiko h\u00e4ufiger sexuell \u00fcbertragbarer Infektionen, und PrEP sch\u00fctzt Sie nur vor HIV. Aus diesem Grund hei\u00dft es auf der offiziellen PrEP-Seite der CDC-Website, dass Sie in Verbindung mit PrEP Kondome verwenden sollten, um sich vor Infektionen wie Syphilis, Chlamydien und Gonorrhoe zu sch\u00fctzen.<\/p>\n<p>Wenn Sie sich daf\u00fcr entscheiden, keine Kondome zu tragen, besteht bei Ihnen offensichtlich ein h\u00f6heres Risiko, an einer Geschlechtskrankheit zu erkranken, als bei Ihren Kondom-tragenden Altersgenossen. Das ist eine einfache Tatsache. Es ist jedoch keine Schande darin. Es ist heute einfach eine Tatsache des Sexuallebens. Wenn Sie gerne anonym spielen \u2013 kein Gerede, keine Namen, kein Geschw\u00e4tz \u2013, gehen Sie ein noch h\u00f6heres Risiko ein, und ein solches Risiko ist absolut Teil dieser Art von Erfahrung.<\/p>\n<p>Da Risiken unvermeidbar sind, gibt es keinen Grund, sich von dieser Realit\u00e4t davon abhalten zu lassen, das zu genie\u00dfen, was Ihnen Spa\u00df macht. Ergreifen Sie die notwendigen Ma\u00dfnahmen, um gesund zu bleiben. Lassen Sie sich regelm\u00e4\u00dfig testen. Wenn Sie HIV-positiv sind, nehmen Sie so schnell wie m\u00f6glich Medikamente ein und nehmen Sie diese gewissenhaft ein. HIV-positive Menschen, die ihre Medikamente wie verordnet einnehmen, k\u00f6nnen nicht mehr nachweisbar sein, was bedeutet, dass HIV-Antik\u00f6rpertests das Virus in ihrem Blut nicht nachweisen k\u00f6nnen und die Wahrscheinlichkeit, das Virus auf ihre Partner zu \u00fcbertragen, \u201eau\u00dferordentlich gering\u201c ist. Nicht nachweisbar = nicht \u00fcbertragbar (U=U).<\/p>\n<p><strong>Lassen Sie sich vor UND nach der Veranstaltung auf HIV und andere sexuell \u00fcbertragbare Krankheiten testen.<\/strong><br \/>\nWenn Sie mehr als nur beobachten, ist es selbstverst\u00e4ndlich, dass jeder vor und nach einem VACAYA-Urlaub, bei dem Sie das Rotlichtviertel besuchen m\u00f6chten, auf sexuell \u00fcbertragbare Infektionen getestet werden sollte. Durch h\u00e4ufige Tests verringert unsere Gemeinschaft die Ausbreitung von HIV und anderen sexuell \u00fcbertragbaren Infektionen.<\/p>\n<p><strong>Haben Sie Spa\u00df und erkunden Sie Ihre bisherigen Grenzen.<\/strong><br \/>\nVor allem aber viel Spa\u00df. Das RLD ist ein sicherer Ort, um sexuelle Grenzen zu erkunden und sogar zu \u00fcberwinden, wo Einzelpersonen ihre W\u00fcnsche und Neugierde frei ausleben k\u00f6nnen, ohne Angst vor Verurteilung oder Schaden zu haben. Es bietet ein unterst\u00fctzendes Umfeld f\u00fcr pers\u00f6nliches Wachstum und Entdeckungen und ermutigt die Teilnehmer, sich auf einvernehmliche Erfahrungen einzulassen, die ihre W\u00fcnsche erf\u00fcllen und ihren sexuellen Horizont erweitern. Ganz gleich, ob Sie auf der Suche nach neuen Abenteuern sind oder bestehende Kontakte vertiefen m\u00f6chten, das RLD f\u00f6rdert eine Kultur der Offenheit und Akzeptanz, in der sich die Menschen authentisch ausdr\u00fccken und die Freude am Entdecken genie\u00dfen k\u00f6nnen.[\/et_pb_text][\/et_pb_column][\/et_pb_row][\/et_pb_section]<\/p>\n","protected":false},"excerpt":{"rendered":"<p><div class=\"trip-overlay\"><div class=\"trip-title\"><h1>Reisepl\u00e4ttchen mit Titel \u2013 Nur Kreuzfahrten<\/h1><\/div><\/div>Betreten Sie einen fesselnden Raum, in dem Fantasien lebendig werden und Hemmungen auf einem progressiven Sexspielplatz dahinschmelzen. Wenn Sie diese Oase erkunden, werden Sie eine intime Welt entdecken, in der ungehemmte sexuelle Leidenschaft und Verlangen im Mittelpunkt stehen. Verlieren Sie sich im Labyrinth, den rhythmischen Beats und dem verlockenden, inbr\u00fcnstigen St\u00f6hnen, das in der Luft [&hellip;]<\/p>\n","protected":false},"author":1,"featured_media":0,"parent":84362,"menu_order":0,"comment_status":"closed","ping_status":"closed","template":"","meta":{"_acf_changed":false,"_et_pb_use_builder":"on","_et_pb_old_content":"","_et_gb_content_width":"","_monsterinsights_skip_tracking":false,"_monsterinsights_sitenote_active":false,"_monsterinsights_sitenote_note":"","_monsterinsights_sitenote_category":0,"footnotes":""},"class_list":["post-148979","page","type-page","status-publish","hentry"],"acf":[],"_links":{"self":[{"href":"https:\/\/www.myvacaya.com\/de\/wp-json\/wp\/v2\/pages\/148979","targetHints":{"allow":["GET"]}}],"collection":[{"href":"https:\/\/www.myvacaya.com\/de\/wp-json\/wp\/v2\/pages"}],"about":[{"href":"https:\/\/www.myvacaya.com\/de\/wp-json\/wp\/v2\/types\/page"}],"author":[{"embeddable":true,"href":"https:\/\/www.myvacaya.com\/de\/wp-json\/wp\/v2\/users\/1"}],"replies":[{"embeddable":true,"href":"https:\/\/www.myvacaya.com\/de\/wp-json\/wp\/v2\/comments?post=148979"}],"version-history":[{"count":8,"href":"https:\/\/www.myvacaya.com\/de\/wp-json\/wp\/v2\/pages\/148979\/revisions"}],"predecessor-version":[{"id":149037,"href":"https:\/\/www.myvacaya.com\/de\/wp-json\/wp\/v2\/pages\/148979\/revisions\/149037"}],"up":[{"embeddable":true,"href":"https:\/\/www.myvacaya.com\/de\/wp-json\/wp\/v2\/pages\/84362"}],"wp:attachment":[{"href":"https:\/\/www.myvacaya.com\/de\/wp-json\/wp\/v2\/media?parent=148979"}],"curies":[{"name":"wp","href":"https:\/\/api.w.org\/{rel}","templated":true}]}}