{"id":98668,"date":"2020-06-19T14:46:25","date_gmt":"2020-06-19T18:46:25","guid":{"rendered":"https:\/\/www.myvacaya.com\/opdage\/sorte-stemmer\/"},"modified":"2023-08-04T10:04:10","modified_gmt":"2023-08-04T14:04:10","slug":"sorte-stemmer","status":"publish","type":"page","link":"https:\/\/www.myvacaya.com\/da\/opdage\/sorte-stemmer\/","title":{"rendered":"SORTE STEMMER"},"content":{"rendered":"<p>[et_pb_section fb_built=&#8221;1&#8243; fullwidth=&#8221;on&#8221; admin_label=&#8221;Slider&#8221; module_id=&#8221;skyder-sektion-interi\u00f8r&#8221; _builder_version=&#8221;4.17.6&#8243; _module_preset=&#8221;default&#8221; background_enable_image=&#8221;off&#8221; global_colors_info=&#8221;{}&#8221;][et_pb_fullwidth_code admin_label=&#8221;Slider Overlay&#8221; module_class=&#8221;interior-page-overlay&#8221; _builder_version=&#8221;4.17.6&#8243; _module_preset=&#8221;default&#8221; positioning=&#8221;absolute&#8221; position_origin_a=&#8221;top_right&#8221; position_origin_f=&#8221;top_right&#8221; z_index=&#8221;100&#8243; width=&#8221;50%&#8221; width_tablet=&#8221;50%&#8221; width_phone=&#8221;100%&#8221; width_last_edited=&#8221;on|phone&#8221; height=&#8221;100vh&#8221; hover_enabled=&#8221;0&#8243; global_colors_info=&#8221;{}&#8221; sticky_enabled=&#8221;0&#8243;]<div class=\"trip-overlay\"><div class=\"trip-title\"><h1>SORTE STEMMER<\/h1><\/div><\/div>[\/et_pb_fullwidth_code][et_pb_fullwidth_slider show_arrows=&#8221;off&#8221; admin_label=&#8221;Slider Images&#8221; module_id=&#8221;slider-images&#8221; _builder_version=&#8221;4.17.6&#8243; _module_preset=&#8221;default&#8221; height=&#8221;100vh&#8221; auto=&#8221;on&#8221; global_colors_info=&#8221;{}&#8221;][et_pb_slide _builder_version=&#8221;4.17.6&#8243; _module_preset=&#8221;default&#8221; background_color=&#8221;RGBA(255,255,255,0)&#8221; background_enable_color=&#8221;on&#8221; background_image=&#8221;https:\/\/www.myvacaya.com\/wp-content\/uploads\/2022\/09\/1440&#215;570.jpeg&#8221; background_enable_image=&#8221;on&#8221; background_last_edited=&#8221;on|desktop&#8221; background_image_phone=&#8221;https:\/\/www.myvacaya.com\/wp-content\/uploads\/2022\/11\/414&#215;500.jpeg&#8221; background_enable_image_phone=&#8221;on&#8221; global_colors_info=&#8221;{}&#8221; sticky_transition=&#8221;on&#8221;][\/et_pb_slide][\/et_pb_fullwidth_slider][\/et_pb_section][et_pb_section fb_built=&#8221;1&#8243; custom_padding_last_edited=&#8221;on|phone&#8221; _builder_version=&#8221;4.17.6&#8243; _module_preset=&#8221;default&#8221; custom_padding=&#8221;||||false|false&#8221; custom_padding_tablet=&#8221;||||false|false&#8221; custom_padding_phone=&#8221;||||false|false&#8221; global_colors_info=&#8221;{}&#8221;][et_pb_row custom_padding_last_edited=&#8221;on|desktop&#8221; _builder_version=&#8221;4.17.6&#8243; _module_preset=&#8221;default&#8221; custom_padding=&#8221;||||false|false&#8221; custom_padding_tablet=&#8221;||||false|false&#8221; custom_padding_phone=&#8221;||||false|false&#8221; global_colors_info=&#8221;{}&#8221;][et_pb_column type=&#8221;4_4&#8243; _builder_version=&#8221;4.17.6&#8243; _module_preset=&#8221;default&#8221; global_colors_info=&#8221;{}&#8221;][et_pb_text _builder_version=&#8221;4.17.6&#8243; _module_preset=&#8221;default&#8221; custom_margin=&#8221;||||false|false&#8221; custom_margin_tablet=&#8221;||||false|false&#8221; custom_margin_phone=&#8221;||||false|false&#8221; custom_margin_last_edited=&#8221;on|phone&#8221; global_colors_info=&#8221;{}&#8221;]I et fors\u00f8g p\u00e5 at styrke vores st\u00f8tte til Black Lives Matter-bev\u00e6gelsen, n\u00e5ede vi ud til flere af vores sorte g\u00e6ster, rejsebureauer og entertainere for at lytte til deres historier og diskutere, hvordan VACAYA kan st\u00e5 ved deres side, mens vi alle samles for forandring. Her pr\u00e6senterer vi dig for tre af disse utrolige mennesker. Vi opfordrer jer alle til at tage deres udfordringer op og ogs\u00e5 st\u00f8tte deres v\u00e6rdige form\u00e5l. Sammen har vi evnen til at \u00e6ndre verden.[\/et_pb_text][\/et_pb_column][\/et_pb_row][et_pb_row column_structure=&#8221;1_3,1_3,1_3&#8243; _builder_version=&#8221;4.17.6&#8243; _module_preset=&#8221;default&#8221; global_colors_info=&#8221;{}&#8221;][et_pb_column type=&#8221;1_3&#8243; _builder_version=&#8221;4.17.6&#8243; _module_preset=&#8221;default&#8221; global_colors_info=&#8221;{}&#8221;][et_pb_image src=&#8221;https:\/\/www.myvacaya.com\/wp-content\/uploads\/2022\/09\/RebasChallenge-300&#215;300-1.jpg&#8221; title_text=&#8221;RebasChallenge-300&#215;300&#8243; force_fullwidth=&#8221;on&#8221; _builder_version=&#8221;4.17.6&#8243; _module_preset=&#8221;default&#8221; global_colors_info=&#8221;{}&#8221;][\/et_pb_image][\/et_pb_column][et_pb_column type=&#8221;1_3&#8243; _builder_version=&#8221;4.17.6&#8243; _module_preset=&#8221;default&#8221; global_colors_info=&#8221;{}&#8221;][et_pb_image src=&#8221;https:\/\/www.myvacaya.com\/wp-content\/uploads\/2022\/09\/Laurence-Pinckney-300&#215;300-1.jpg&#8221; title_text=&#8221;Laurence-Pinckney-300&#215;300&#8243; force_fullwidth=&#8221;on&#8221; _builder_version=&#8221;4.17.6&#8243; _module_preset=&#8221;default&#8221; global_colors_info=&#8221;{}&#8221;][\/et_pb_image][\/et_pb_column][et_pb_column type=&#8221;1_3&#8243; _builder_version=&#8221;4.17.6&#8243; _module_preset=&#8221;default&#8221; global_colors_info=&#8221;{}&#8221;][et_pb_image src=&#8221;https:\/\/www.myvacaya.com\/wp-content\/uploads\/2022\/09\/Coreys-Challenge-300&#215;300-1.jpg&#8221; title_text=&#8221;Coreys-Challenge-300&#215;300&#8243; force_fullwidth=&#8221;on&#8221; admin_label=&#8221;Image&#8221; _builder_version=&#8221;4.17.6&#8243; _module_preset=&#8221;default&#8221; global_colors_info=&#8221;{}&#8221;][\/et_pb_image][\/et_pb_column][\/et_pb_row][et_pb_row _builder_version=&#8221;4.17.6&#8243; _module_preset=&#8221;default&#8221; global_colors_info=&#8221;{}&#8221;][et_pb_column type=&#8221;4_4&#8243; _builder_version=&#8221;4.17.6&#8243; _module_preset=&#8221;default&#8221; global_colors_info=&#8221;{}&#8221;][et_pb_text admin_label=&#8221;Section Title &#8211; H3&#8243; _builder_version=&#8221;4.17.6&#8243; _module_preset=&#8221;default&#8221; header_3_font=&#8221;Futura Bold|||on|||||&#8221; header_3_text_align=&#8221;center&#8221; header_3_text_color=&#8221;#000000&#8243; header_3_font_size=&#8221;18px&#8221; header_3_letter_spacing=&#8221;1.8px&#8221; header_3_line_height=&#8221;24px&#8221; custom_margin=&#8221;||||false|false&#8221; custom_margin_tablet=&#8221;||||false|false&#8221; custom_margin_phone=&#8221;||||false|false&#8221; custom_margin_last_edited=&#8221;on|phone&#8221; custom_padding=&#8221;||||false|false&#8221; custom_padding_tablet=&#8221;||||false|false&#8221; custom_padding_phone=&#8221;||||false|false&#8221; custom_padding_last_edited=&#8221;on|phone&#8221; global_colors_info=&#8221;{}&#8221;]<\/p>\n<h3>M\u00d8D ISREBA WHEELER AIKEN<\/h3>\n<p>[\/et_pb_text][et_pb_text _builder_version=&#8221;4.17.6&#8243; _module_preset=&#8221;default&#8221; global_colors_info=&#8221;{}&#8221;]Reba er den ene halvdel af den dynamiske duo af Reba &amp; Peaches \u2013 to st\u00e6rke sorte kvinder, der har fundet et hjem med VACAYA.<\/p>\n<p>Reba fort\u00e6ller: &#8220;Jeg er s\u00e5 tr\u00e6t. Jeg er tr\u00e6t af at skulle gentage det samme igen og igen, kun for at f\u00e5 det ignoreret. Jeg f\u00f8ler, at jeg sl\u00e5r mit hoved mod en murstensv\u00e6g. Jeg er tr\u00e6t af at k\u00e6mpe. Jeg er tr\u00e6t af at blive klassificeret som NHI (No Human Involved). Jeg er tr\u00e6t af ikke at kunne tr\u00e6kke vejret. N\u00e5r jeg g\u00e5r p\u00e5 gaden, f\u00f8ler jeg det&#8230; du hader mig, og du kender mig ikke engang.<\/p>\n<p>\u201cN\u00e5r jeg rejser med VACAYA, kan jeg efterlade de frustrationer og opleve en smule utopi. En ting, jeg elsker ved turene, er, at alle siger &#8216;hej&#8217;, n\u00e5r de passerer hinanden, uanset om de kender hinanden eller ej. Ingen har nogensinde bedt os om at g\u00f8re det. Det sker bare. Ville det ikke v\u00e6re fantastisk, hvis vi kunne bringe den enkle handling af venlighed ind i vores hverdag&#8230; f\u00e5 \u00f8jenkontakt, smile og sige hej til hinanden? S\u00e5 i dag udfordrer jeg jer til at begynde at g\u00f8re dette i jeres hjembyer for at lade hinanden vide &#8216;jeg ser dig&#8217;, &#8216;jeg respekterer dig&#8217;, &#8216;jeg v\u00e6rds\u00e6tter dig&#8217;. Det, vi alle st\u00e5r over for lige nu, er s\u00e5 enormt. Vi skal finde en m\u00e5de at g\u00f8re det lidt mere overskueligt. Med denne lille handling har vi sammen magten til at \u00e6ndre verden&#8230; et &#8216;hej&#8217; ad gangen.&#8221;<\/p>\n<p>Til \u00e6re for Reba og Peaches har VACAYA givet en donation i deres navn til Doing4Others. Vi opfordrer dig til at v\u00e6re med til at st\u00f8tte denne fantastiske organisation. Doing4Others&#8217; mission er at fremme samfundsengagement og opbygge lederskab, empati og karriereparathed for den n\u00e6ste generation af frivillige.<\/p>\n<p>Bes\u00f8g <a href=\"https:\/\/www.doing4others.org\" target=\"_blank\" rel=\"noopener\">https:\/\/www.doing4others.org<\/a> for at st\u00f8tte Doing4Others.[\/et_pb_text][et_pb_divider color=&#8221;#000000&#8243; divider_position=&#8221;center&#8221; _builder_version=&#8221;4.17.6&#8243; _module_preset=&#8221;default&#8221; global_colors_info=&#8221;{}&#8221;][\/et_pb_divider][et_pb_text admin_label=&#8221;Section Title &#8211; H3&#8243; _builder_version=&#8221;4.17.6&#8243; _module_preset=&#8221;default&#8221; header_3_font=&#8221;Futura Bold|||on|||||&#8221; header_3_text_align=&#8221;center&#8221; header_3_text_color=&#8221;#000000&#8243; header_3_font_size=&#8221;18px&#8221; header_3_letter_spacing=&#8221;1.8px&#8221; header_3_line_height=&#8221;24px&#8221; custom_margin=&#8221;||||false|false&#8221; custom_margin_tablet=&#8221;||||false|false&#8221; custom_margin_phone=&#8221;||||false|false&#8221; custom_margin_last_edited=&#8221;on|phone&#8221; custom_padding=&#8221;||||false|false&#8221; custom_padding_tablet=&#8221;||||false|false&#8221; custom_padding_phone=&#8221;||||false|false&#8221; custom_padding_last_edited=&#8221;on|phone&#8221; global_colors_info=&#8221;{}&#8221;]<\/p>\n<h3>M\u00d8D LAURENCE PINCKNEY<\/h3>\n<p>[\/et_pb_text][et_pb_text _builder_version=&#8221;4.17.6&#8243; _module_preset=&#8221;default&#8221; global_colors_info=&#8221;{}&#8221;]Laurence Pinckney, pr\u00e6sident for Zenbiz Travel, LLC. Laurence har brugt de sidste 15 \u00e5r p\u00e5 at tjene Black LGBT+-samfundet som et af dets f\u00f8rende rejsebureauer. Han var medarrang\u00f8r af Black Pride NYC fra 2001-2005, Dominican Island Heat-begivenheder og Nubian Dreams &amp; UHCC Cruises. P\u00e5 grund af manglen p\u00e5 mangfoldighed og inklusion i LGBT-samfundet voksede Black Prides og alternative begivenheder for Black LGBTQ-samfund over hele verden.<\/p>\n<p>Laurence delte sine tanker om alt det, der foreg\u00e5r i dag, &#8220;Det slutter aldrig. Igen og igen og igen. Denne gang f\u00f8les dog anderledes. Men for at sikre, at det er det, skal vi f\u00f8rst have, at ALLE erkender, at der er et problem. Vi kan ikke g\u00f8re det her alene. Hver af os skal spille en rolle.<\/p>\n<p>\u201dI rejsebranchen er repr\u00e6sentation vigtige. Hvis vi ikke ser vores egne ansigter i annoncerne p\u00e5 hjemmesiderne, g\u00e5r vi ofte ud fra, at vi ikke er velkomne. Alt for l\u00e6nge har vi v\u00e6ret underrepr\u00e6senteret eller slet ikke repr\u00e6senteret. Det, der tiltrak Zenbiz Travel til VACAYA lige fra starten, var, at jeg bem\u00e6rkede, at VACAYA havde markedsf\u00f8ring, der omfattede vores ansigter. Det var sj\u00e6ldent i LGBT-rejsemarkedsf\u00f8ring. Efter at have talt med The Vacayans blev det straks tydeligt, at VACAYA s\u00f8gte at g\u00f8re noget anderledes. De st\u00f8tter os, s\u00e5 vi st\u00f8tter dem. Vi er stolte af at bringe dette budskab til vores kunder og andre til st\u00f8tte for VACAYA. Vi vil forts\u00e6tte med at opmuntre VACAYA til at presse sig selv endnu l\u00e6ngere. Inklusive billeder er et godt f\u00f8rste skridt, men hvad sker der ud over det? Det er de sp\u00f8rgsm\u00e5l, vi nu skal besvare&#8230; sammen.<\/p>\n<p>&#8220;Vacayas spurgte mig, hvordan jeg ville udfordre dem, der ville v\u00e6re en del af l\u00f8sningen. S\u00e5 jeg tilbyder denne udfordring til alle&#8230; l\u00e6s eller se sorte medier i 40 minutter. Jeg anbefaler The Root ( <a href=\"http:\/\/www.theroot.com\/\"><span class=\"Hyperlink1\">www.theroot.com<\/span><\/a> ), Black News Channel ( <a href=\"https:\/\/blacknewschannel.com\/about\/\"><span class=\"Hyperlink1\">https:\/\/blacknewschannel.com\/about\/<\/span><\/a> ) eller AM Joy (p\u00e5 MSNBC). Jeg anbefaler ogs\u00e5 den prisvindende film <a href=\"https:\/\/www.burden-thefilm.com\/\"><span class=\"Link\">BURDEN, af Nathan Hale Williams<\/span><\/a> . 40 minutter kan ikke kun \u00e6ndre dit perspektiv, men det skift i den m\u00e5de, du ser tingene p\u00e5, har kraften til at \u00e6ndre verden.&#8221;<\/p>\n<p>Til \u00e6re for Laurence havde VACAYA givet en donation i hans navn til National Black Justice Coalition. NBJC er en borgerrettighedsorganisation dedikeret til styrkelse af sorte lesbiske, homoseksuelle, biseksuelle, transk\u00f8nnede, queer- og samme k\u00f8nselskende (LGBTQ\/SGL), herunder mennesker, der lever med HIV\/AIDS. NBJC&#8217;s mission er at stoppe racisme, homofobi og LGBTQ\/SGL-bias og stigmatisering.<\/p>\n<p>Bes\u00f8g <a href=\"http:\/\/www.nbjc.org\/donate\/\"><span class=\"Hyperlink0\">http:\/\/www.nbjc.org\/donate\/<\/span><\/a> for at slutte sig til os og st\u00f8tte National Black Justice Coalition.<\/p>\n<p>Og for at st\u00f8tte Laurence og hans team p\u00e5 Zenbiz Travel, bes\u00f8g <a href=\"https:\/\/www.zenbiztravel.com\/\"><span class=\"Hyperlink0\"><span lang=\"DE\">https:\/\/www.zenbiztravel.com<\/span><\/span><\/a> .[\/et_pb_text][et_pb_divider color=&#8221;#000000&#8243; divider_position=&#8221;center&#8221; _builder_version=&#8221;4.17.6&#8243; _module_preset=&#8221;default&#8221; global_colors_info=&#8221;{}&#8221;][\/et_pb_divider][et_pb_text admin_label=&#8221;Section Title &#8211; H3&#8243; _builder_version=&#8221;4.17.6&#8243; _module_preset=&#8221;default&#8221; header_3_font=&#8221;Futura Bold|||on|||||&#8221; header_3_text_align=&#8221;center&#8221; header_3_text_color=&#8221;#000000&#8243; header_3_font_size=&#8221;18px&#8221; header_3_letter_spacing=&#8221;1.8px&#8221; header_3_line_height=&#8221;24px&#8221; custom_margin=&#8221;||||false|false&#8221; custom_margin_tablet=&#8221;||||false|false&#8221; custom_margin_phone=&#8221;||||false|false&#8221; custom_margin_last_edited=&#8221;on|phone&#8221; custom_padding=&#8221;||||false|false&#8221; custom_padding_tablet=&#8221;||||false|false&#8221; custom_padding_phone=&#8221;||||false|false&#8221; custom_padding_last_edited=&#8221;on|phone&#8221; global_colors_info=&#8221;{}&#8221;]<\/p>\n<h3>M\u00d8D COREY CRAIG<\/h3>\n<p>[\/et_pb_text][et_pb_text _builder_version=&#8221;4.17.6&#8243; _module_preset=&#8221;default&#8221; global_colors_info=&#8221;{}&#8221;]Corey fik sin VACAYA-debut p\u00e5 vores Ptown-krydstogt sidste \u00e5r og vender tilbage til vores ferie i Mexico Resort i efter\u00e5ret og p\u00e5 vores krydstogt i Caribien i februar n\u00e6ste \u00e5r.<\/p>\n<p>Da han blev spurgt om hans opfattelse af alt, hvad der foreg\u00e5r lige nu, delte Corey: &#8220;I de enkleste vendinger er det som om nogen har pruttet i elevatoren HVER DAG for evigt, og alle ENDELIG kalder dem ud p\u00e5 det. Men min tro p\u00e5 menneskeheden er blevet genoprettet, da s\u00e5 mange mennesker af forskellige racer og etniciteter marcherer for det rigtige. Det n\u00e6ste normale handler i virkeligheden om at g\u00f8re rent i huset \u2013 at give slip p\u00e5 den sl\u00f8vhed og passivitet, der har bragt os hertil. Jeg leder ikke efter en undskyldning fra nogen, men jeg beder om anerkendelse, der er et problem. For at gentage Kimberly Jones dybe ord, ved, at vi leder efter lighed, ikke h\u00e6vn.\u201d<\/p>\n<p>Hvis du ikke har set Kimberlys video, er den et must at se ( <a href=\"https:\/\/www.youtube.com\/watch?v=sb9_qGOa9Go\">https:\/\/www.youtube.com\/watch?v=sb9_qGOa9Go<\/a> ).<\/p>\n<p>\u201cVACAYA spurgte mig, hvordan jeg ville udfordre folk, der ville v\u00e6re en del af l\u00f8sningen, og mit svar er tredelt. F\u00f8rst, se p\u00e5 denne mulighed som det st\u00f8rste situationsbevidsthedsseminar nogensinde. Grav ned i dine egne personlige fordomme og pr\u00f8v at finde ud af, hvorn\u00e5r de startede, og hvor du l\u00e6rte dem. Sp\u00f8rg dig selv&#8230; har disse fordomme gjort mig til et bedre menneske og beskyttet mig? Jeg g\u00e6tter p\u00e5, at de ikke har. N\u00e5r du genkender oprindelsen af \u200b\u200bdisse sk\u00e6vheder, er det meget nemmere at \u00e6ndre dem. Og for det andet&#8230; du skal forst\u00e5 sorts historie bedre. Tre sider i en l\u00e6rebog er ikke nok. Du skal grave dybere. At have en dybere forst\u00e5else er afg\u00f8rende for at p\u00e5virke forandringer. Og endelig, hvis du ser en forkert \u2013 og jeg taler om sm\u00e5 fejl og store Wrongs \u2013 skal du ikke tie stille. Sig noget. G\u00f8r noget. Vi er n\u00f8dt til at holde op for hinanden, og det g\u00e6lder is\u00e6r inden for LGBT+-samfundet.<\/p>\n<p>\u201cLige fra starten omfavnede VACAYA en tankegang om fuld inklusion. For mange gange bliver begivenheder m\u00e6rket baseret p\u00e5 markedsf\u00f8ringen. Vi har tilladt nogle f\u00e5 \u00f8nsker at holde et ellers farverigt dansegulv monolitisk. Hvis en plakat viser for mange farvede mennesker (eller endda \u00e9n person i nogle tilf\u00e6lde), bliver den for ofte afskrevet som en etnisk homoseksuel begivenhed. Det, der lokkede mig til at arbejde med VACAYA, var den \u00e5bne appel og inklusion i deres markedsf\u00f8ring, og det er jeg s\u00e5 taknemmelig for. Sp\u00f8rg dig selv, &#8216;f\u00f8ler jeg mig kun godt tilpas omkring sorte mennesker p\u00e5 et krydstogt eller p\u00e5 et feriested, hvis de er bag baren, i en DJ-stand eller i en slags servicerolle?&#8217; Hvis det er sandt, s\u00e5 er VACAYA ikke noget for dig. Hvis du har et problem med diversitet generelt, s\u00e5 er VACAYA ikke noget for dig. VACAYA siger, at de er &#8216;bygget til alle&#8217;, men ikke alle er bygget til VACAYA. Og det er okay. Der er masser af andre muligheder derude, hvis du f\u00f8ler, at du kun kan v\u00e6re omkring andre, der er ligesom dig. Men hvis du virkelig tror p\u00e5, at vi alle er lige, s\u00e5 h\u00e5ber jeg, at jeg f\u00e5r chancen for at m\u00f8de dig og dele et \u00f8jeblik med dig p\u00e5 vores n\u00e6ste tur sammen.&#8221;<\/p>\n<p>Til \u00e6re for Corey har VACAYA givet en donation til Black Trans Travel Fund. Corey forts\u00e6tter: &#8220;Det er hjertesk\u00e6rende at vide, at det sorte transsamfund stadig bliver myrdet landsd\u00e6kkende, og ingen taler for dem eller giver deres historier tryk. Det sorte transsamfund startede vores LGBT+ ligestillingsbev\u00e6gelse. Det mindste, vi kan g\u00f8re, er at hj\u00e6lpe dem med at bev\u00e6ge sig rundt i verden uden chikane og vold.&#8221;<\/p>\n<p>Vi opfordrer dig til at st\u00f8tte os. Bes\u00f8g <a href=\"https:\/\/www.blacktranstravelfund.com\/\">https:\/\/www.blacktranstravelfund.com\/<\/a> for at l\u00e6re mere eller bidrage.[\/et_pb_text][\/et_pb_column][\/et_pb_row][\/et_pb_section]<\/p>\n","protected":false},"excerpt":{"rendered":"<p><div class=\"trip-overlay\"><div class=\"trip-title\"><h1>Rejsefliser med titel &#8211; Kun krydstogter<\/h1><\/div><\/div>I et fors\u00f8g p\u00e5 at styrke vores st\u00f8tte til Black Lives Matter-bev\u00e6gelsen, n\u00e5ede vi ud til flere af vores sorte g\u00e6ster, rejsebureauer og entertainere for at lytte til deres historier og diskutere, hvordan VACAYA kan st\u00e5 ved deres side, mens vi alle samles for forandring. Her pr\u00e6senterer vi dig for tre af disse utrolige mennesker. [&hellip;]<\/p>\n","protected":false},"author":4,"featured_media":90171,"parent":98489,"menu_order":0,"comment_status":"closed","ping_status":"closed","template":"","meta":{"_acf_changed":false,"_et_pb_use_builder":"on","_et_pb_old_content":"","_et_gb_content_width":"","_monsterinsights_skip_tracking":false,"_monsterinsights_sitenote_active":false,"_monsterinsights_sitenote_note":"","_monsterinsights_sitenote_category":0,"footnotes":""},"class_list":["post-98668","page","type-page","status-publish","has-post-thumbnail","hentry"],"acf":[],"_links":{"self":[{"href":"https:\/\/www.myvacaya.com\/da\/wp-json\/wp\/v2\/pages\/98668","targetHints":{"allow":["GET"]}}],"collection":[{"href":"https:\/\/www.myvacaya.com\/da\/wp-json\/wp\/v2\/pages"}],"about":[{"href":"https:\/\/www.myvacaya.com\/da\/wp-json\/wp\/v2\/types\/page"}],"author":[{"embeddable":true,"href":"https:\/\/www.myvacaya.com\/da\/wp-json\/wp\/v2\/users\/4"}],"replies":[{"embeddable":true,"href":"https:\/\/www.myvacaya.com\/da\/wp-json\/wp\/v2\/comments?post=98668"}],"version-history":[{"count":1,"href":"https:\/\/www.myvacaya.com\/da\/wp-json\/wp\/v2\/pages\/98668\/revisions"}],"predecessor-version":[{"id":98680,"href":"https:\/\/www.myvacaya.com\/da\/wp-json\/wp\/v2\/pages\/98668\/revisions\/98680"}],"up":[{"embeddable":true,"href":"https:\/\/www.myvacaya.com\/da\/wp-json\/wp\/v2\/pages\/98489"}],"wp:featuredmedia":[{"embeddable":true,"href":"https:\/\/www.myvacaya.com\/da\/wp-json\/wp\/v2\/media\/90171"}],"wp:attachment":[{"href":"https:\/\/www.myvacaya.com\/da\/wp-json\/wp\/v2\/media?parent=98668"}],"curies":[{"name":"wp","href":"https:\/\/api.w.org\/{rel}","templated":true}]}}