{"id":98646,"date":"2019-04-10T14:36:37","date_gmt":"2019-04-10T18:36:37","guid":{"rendered":"https:\/\/www.myvacaya.com\/opdage\/vacayas-yndlingsting\/"},"modified":"2024-10-18T23:01:33","modified_gmt":"2024-10-19T03:01:33","slug":"vacayas-yndlingsting","status":"publish","type":"page","link":"https:\/\/www.myvacaya.com\/da\/opdage\/vacayas-yndlingsting\/","title":{"rendered":"VACAYAs yndlingsting"},"content":{"rendered":"<p>[et_pb_section fb_built=&#8221;1&#8243; fullwidth=&#8221;on&#8221; admin_label=&#8221;Slider&#8221; module_id=&#8221;skyder-sektion-interi\u00f8r&#8221; _builder_version=&#8221;4.17.6&#8243; _module_preset=&#8221;default&#8221; background_enable_image=&#8221;off&#8221; global_colors_info=&#8221;{}&#8221;][et_pb_fullwidth_code admin_label=&#8221;Slider Overlay&#8221; module_class=&#8221;interior-page-overlay&#8221; _builder_version=&#8221;4.17.6&#8243; _module_preset=&#8221;default&#8221; positioning=&#8221;absolute&#8221; position_origin_a=&#8221;top_right&#8221; position_origin_f=&#8221;top_right&#8221; z_index=&#8221;100&#8243; width=&#8221;50%&#8221; width_tablet=&#8221;50%&#8221; width_phone=&#8221;100%&#8221; width_last_edited=&#8221;on|phone&#8221; height=&#8221;100vh&#8221; global_colors_info=&#8221;{}&#8221;]<div class=\"trip-overlay\"><div class=\"trip-title\"><h1>VACAYAs yndlingsting<\/h1><\/div><\/div>[\/et_pb_fullwidth_code][et_pb_fullwidth_slider show_arrows=&#8221;off&#8221; admin_label=&#8221;Slider Images&#8221; module_id=&#8221;slider-images&#8221; _builder_version=&#8221;4.17.6&#8243; _module_preset=&#8221;default&#8221; height=&#8221;100vh&#8221; auto=&#8221;on&#8221; global_colors_info=&#8221;{}&#8221;][et_pb_slide _builder_version=&#8221;4.17.6&#8243; _module_preset=&#8221;default&#8221; background_color=&#8221;RGBA(255,255,255,0)&#8221; background_enable_color=&#8221;on&#8221; background_image=&#8221;https:\/\/www.myvacaya.com\/wp-content\/uploads\/2022\/09\/GettyImages-1053460884-3.jpg&#8221; background_enable_image=&#8221;on&#8221; background_last_edited=&#8221;on|desktop&#8221; background_image_phone=&#8221;https:\/\/www.myvacaya.com\/wp-content\/uploads\/2022\/11\/GettyImages-1053460884-5.jpg&#8221; background_enable_image_phone=&#8221;on&#8221; global_colors_info=&#8221;{}&#8221; sticky_transition=&#8221;on&#8221;][\/et_pb_slide][\/et_pb_fullwidth_slider][\/et_pb_section][et_pb_section fb_built=&#8221;1&#8243; custom_padding_last_edited=&#8221;on|phone&#8221; _builder_version=&#8221;4.17.6&#8243; _module_preset=&#8221;default&#8221; custom_padding=&#8221;||||false|false&#8221; custom_padding_tablet=&#8221;||||false|false&#8221; custom_padding_phone=&#8221;||||false|false&#8221; sticky_position_tablet=&#8221;&#8221; sticky_position_phone=&#8221;&#8221; sticky_position_last_edited=&#8221;on|tablet&#8221; custom_css_main_element=&#8221;padding-bottom: 4% !important;&#8221; global_colors_info=&#8221;{}&#8221; custom_css_main_element_last_edited=&#8221;on|desktop&#8221; custom_css_main_element_tablet=&#8221;padding-bottom: 4% !important;&#8221; custom_css_main_element_phone=&#8221;padding-bottom: 4% !important;&#8221;][et_pb_row custom_padding_last_edited=&#8221;on|desktop&#8221; _builder_version=&#8221;4.17.6&#8243; _module_preset=&#8221;default&#8221; custom_padding=&#8221;||||false|false&#8221; custom_padding_tablet=&#8221;||||false|false&#8221; custom_padding_phone=&#8221;||||false|false&#8221; global_colors_info=&#8221;{}&#8221;][et_pb_column type=&#8221;4_4&#8243; _builder_version=&#8221;4.17.6&#8243; _module_preset=&#8221;default&#8221; global_colors_info=&#8221;{}&#8221;][et_pb_text _builder_version=&#8221;4.17.6&#8243; _module_preset=&#8221;default&#8221; custom_margin=&#8221;||||false|false&#8221; custom_margin_tablet=&#8221;||||false|false&#8221; custom_margin_phone=&#8221;||||false|false&#8221; custom_margin_last_edited=&#8221;on|phone&#8221; global_colors_info=&#8221;{}&#8221;]Der er s\u00e5 mange vidunderlige ting i denne verden, der kilder, udfordrer, gl\u00e6der og inspirerer The Vacayans. Denne side er dedikeret til et par af disse yndlingsting! Vi opfordrer dig til at udforske og st\u00f8tte disse utrolige organisationer, virksomheder og produkter.[\/et_pb_text][\/et_pb_column][\/et_pb_row][et_pb_row column_structure=&#8221;1_2,1_2&#8243; _builder_version=&#8221;4.17.6&#8243; _module_preset=&#8221;default&#8221; global_colors_info=&#8221;{}&#8221;][et_pb_column type=&#8221;1_2&#8243; _builder_version=&#8221;4.17.6&#8243; _module_preset=&#8221;default&#8221; global_colors_info=&#8221;{}&#8221;][et_pb_image src=&#8221;https:\/\/www.myvacaya.com\/wp-content\/uploads\/2024\/10\/JimSupport-Hero-1000&#215;667-favorite-things-page-1.jpg&#8221; title_text=&#8221;JimSupport Hero 1000&#215;667 side med yndlingsting&#8221; url=&#8221;https:\/\/www.jimsupport.com\/&#8221; url_new_window=&#8221;on&#8221; show_bottom_space=&#8221;off&#8221; force_fullwidth=&#8221;on&#8221; _builder_version=&#8221;4.23.4&#8243; _module_preset=&#8221;default&#8221; hover_enabled=&#8221;0&#8243; global_colors_info=&#8221;{}&#8221; sticky_enabled=&#8221;0&#8243;][\/et_pb_image][\/et_pb_column][et_pb_column type=&#8221;1_2&#8243; _builder_version=&#8221;4.17.6&#8243; _module_preset=&#8221;default&#8221; global_colors_info=&#8221;{}&#8221;][et_pb_text _builder_version=&#8221;4.23.4&#8243; _module_preset=&#8221;default&#8221; hover_enabled=&#8221;0&#8243; global_colors_info=&#8221;{}&#8221; sticky_enabled=&#8221;0&#8243;]<\/p>\n<h5 style=\"text-align: center;\"><a href=\"https:\/\/www.visitlauderdale.com\/\" target=\"_blank\" rel=\"noopener\"><strong>JIMSUPPORT AF FETISH LOCKER<\/strong><\/a> &#8230; Sexm\u00f8bler, der f\u00e5r dig ud af det s\u00e6dvanlige <\/h5>\n<p>&nbsp;<\/p>\n<h5 style=\"text-align: center;\">Demo p\u00e5 Mexico Resort &#8211; 27. oktober &#8211; 3. november 2024<\/h5>\n<p>&nbsp;<\/p>\n<p style=\"text-align: center;\">S\u00e5 k\u00f8b online og spar 15% med kampagnekoden VACAYA15<\/p>\n<p>&nbsp;<\/p>\n<p style=\"text-align: center;\">JimSupport fra Fetish Locker er din kilde til overlegne slyngremmer, f\u00e6lgestole, fuck b\u00e6nke og alt andet, der h\u00f8rer til dem. Vores mission er at skabe enest\u00e5ende udstyr til mennesker, der kender hot sex og kr\u00e6ver fantastisk design, kvalitet og funktion. <\/p>\n<p><a class=\"btn-pink-inline\" href=\"https:\/\/www.jimsupport.com\/\" target=\"_blank\" rel=\"noopener\"><span class=\"link-inside\">ST\u00d8T GAY VIRKSOMHEDER OG SPAR<\/span><\/a><\/p>\n<p>[\/et_pb_text][\/et_pb_column][\/et_pb_row][et_pb_row column_structure=&#8221;1_2,1_2&#8243; _builder_version=&#8221;4.17.6&#8243; _module_preset=&#8221;default&#8221; global_colors_info=&#8221;{}&#8221;][et_pb_column type=&#8221;1_2&#8243; _builder_version=&#8221;4.17.6&#8243; _module_preset=&#8221;default&#8221; global_colors_info=&#8221;{}&#8221;][et_pb_image src=&#8221;https:\/\/www.myvacaya.com\/wp-content\/uploads\/2024\/02\/Visit-Lauderdale-Hero-1000&#215;667-favorite-things-page.jpg&#8221; title_text=&#8221;Bes\u00f8g Lauderdale Hero 1000&#215;667 yndlingsside&#8221; url=&#8221;https:\/\/www.visitlauderdale.com\/&#8221; url_new_window=&#8221;on&#8221; show_bottom_space=&#8221;off&#8221; force_fullwidth=&#8221;on&#8221; _builder_version=&#8221;4.23.4&#8243; _module_preset=&#8221;default&#8221; global_colors_info=&#8221;{}&#8221;][\/et_pb_image][\/et_pb_column][et_pb_column type=&#8221;1_2&#8243; _builder_version=&#8221;4.17.6&#8243; _module_preset=&#8221;default&#8221; global_colors_info=&#8221;{}&#8221;][et_pb_text _builder_version=&#8221;4.23.4&#8243; _module_preset=&#8221;default&#8221; global_colors_info=&#8221;{}&#8221;]<\/p>\n<h5 style=\"text-align: center;\"><a href=\"https:\/\/www.visitlauderdale.com\/\" target=\"_blank\" rel=\"noopener\"><strong>BES\u00d8G LAUDERDALE<\/strong><\/a> &#8230; Byder alle velkommen under solen<\/h5>\n<p>&nbsp;<\/p>\n<h5 style=\"text-align: center;\">Ombord p\u00e5 Celebrity APEX 17.-14. februar 2024<\/h5>\n<p>&nbsp;<\/p>\n<p style=\"text-align: center;\">Visit Lauderdale er dedikeret til at vise Fort Lauderdales mangfoldige, inkluderende og tilg\u00e6ngelige tilbud og promovere dens livlige kultur og indbydende atmosf\u00e6re til rejsende over hele verden. Ved at st\u00f8tte lokale LGBT-ejede og -drevne virksomheder spiller g\u00e6ster en afg\u00f8rende rolle i at opretholde byens pulserende LGBTQ+-kultur og fremme dens ry som en indbydende og st\u00f8ttende destination for alle rejsende.<\/p>\n<p><a class=\"btn-pink-inline\" href=\"https:\/\/www.visitlauderdale.com\/\" target=\"_blank\" rel=\"noopener\"><span class=\"link-inside\">SPIL. BUTIK. SPIS. LOKAL<\/span><\/a><\/p>\n<p>[\/et_pb_text][\/et_pb_column][\/et_pb_row][et_pb_row column_structure=&#8221;1_2,1_2&#8243; _builder_version=&#8221;4.17.6&#8243; _module_preset=&#8221;default&#8221; global_colors_info=&#8221;{}&#8221;][et_pb_column type=&#8221;1_2&#8243; _builder_version=&#8221;4.17.6&#8243; _module_preset=&#8221;default&#8221; global_colors_info=&#8221;{}&#8221;][et_pb_image src=&#8221;https:\/\/www.myvacaya.com\/wp-content\/uploads\/2024\/02\/Pride-Factory-Hero-1000&#215;667-favorite-things-pages.jpg&#8221; title_text=&#8221;Pride Factory Hero 1000&#215;667 yndlingssider&#8221; url=&#8221;https:\/\/www.pridefactory.com\/&#8221; url_new_window=&#8221;on&#8221; show_bottom_space=&#8221;off&#8221; force_fullwidth=&#8221;on&#8221; _builder_version=&#8221;4.23.4&#8243; _module_preset=&#8221;default&#8221; global_colors_info=&#8221;{}&#8221;][\/et_pb_image][\/et_pb_column][et_pb_column type=&#8221;1_2&#8243; _builder_version=&#8221;4.17.6&#8243; _module_preset=&#8221;default&#8221; global_colors_info=&#8221;{}&#8221;][et_pb_text _builder_version=&#8221;4.23.4&#8243; _module_preset=&#8221;default&#8221; global_colors_info=&#8221;{}&#8221;]<\/p>\n<h5 style=\"text-align: center;\"><a href=\"https:\/\/www.pridefactory.com\/\" target=\"_blank\" rel=\"noopener\"><strong>PRIDE FACTORY<\/strong><\/a> vil drive VACAYA Apparel Shop<\/h5>\n<p>&nbsp;<\/p>\n<h5 style=\"text-align: center;\">Ombord p\u00e5 Celebrity APEX 17.-14. februar 2024<\/h5>\n<p>&nbsp;<\/p>\n<p style=\"text-align: center;\">PRIDE FACTORY er en livlig bekl\u00e6dningsbutik i hjertet af Wilton Manors, Florida, der fejrer mangfoldighed og inklusivitet gennem sit farverige udvalg af t\u00f8j og tilbeh\u00f8r, der b\u00e5de henvender sig til LGBTQ+-samfundet og allierede. Med et udvalgt udvalg af trendy og stilfulde stykker tilbyder den en platform for selvudfoldelse og styrkelse, der fremmer en f\u00f8lelse af stolthed og enhed blandt sine kunder. VACAYA er heldige at have Pride Factory, der driver vores bekl\u00e6dningsbutik og pool-gayes ombord p\u00e5 Celebrity APEX, og vi er glade for at kunne st\u00f8tte denne lokale virksomhed under vores bes\u00f8g i Florida.<\/p>\n<p><a class=\"btn-pink-inline\" href=\"https:\/\/www.pridefactory.com\/\" target=\"_blank\" rel=\"noopener\"><span class=\"link-inside\">ST\u00d8T GAY VIRKSOMHEDER<\/span><\/a><\/p>\n<p>[\/et_pb_text][\/et_pb_column][\/et_pb_row][et_pb_row column_structure=&#8221;1_2,1_2&#8243; _builder_version=&#8221;4.17.6&#8243; _module_preset=&#8221;default&#8221; global_colors_info=&#8221;{}&#8221;][et_pb_column type=&#8221;1_2&#8243; _builder_version=&#8221;4.17.6&#8243; _module_preset=&#8221;default&#8221; global_colors_info=&#8221;{}&#8221;][et_pb_image src=&#8221;https:\/\/www.myvacaya.com\/wp-content\/uploads\/2024\/02\/Jimmy-Trendy-Hero-1000&#215;667-favorite-things-page.jpg&#8221; title_text=&#8221;Jimmy Trendy Hero 1000&#215;667 yndlingsside&#8221; url=&#8221;https:\/\/www.jimmytrendy.com\/&#8221; url_new_window=&#8221;on&#8221; show_bottom_space=&#8221;off&#8221; force_fullwidth=&#8221;on&#8221; _builder_version=&#8221;4.23.4&#8243; _module_preset=&#8221;default&#8221; global_colors_info=&#8221;{}&#8221;][\/et_pb_image][\/et_pb_column][et_pb_column type=&#8221;1_2&#8243; _builder_version=&#8221;4.17.6&#8243; _module_preset=&#8221;default&#8221; global_colors_info=&#8221;{}&#8221;][et_pb_text _builder_version=&#8221;4.23.4&#8243; _module_preset=&#8221;default&#8221; global_colors_info=&#8221;{}&#8221;]<\/p>\n<h5 style=\"text-align: center;\"><a href=\"https:\/\/www.jimmytrendy.com\" target=\"_blank\" rel=\"noopener\"><strong>JIMMY<\/strong><\/a> vil drive VACAYA Apparel Shop &amp; Pool Gaymes<\/h5>\n<p>&nbsp;<\/p>\n<h5 style=\"text-align: center;\">Ombord p\u00e5 Celebrity APEX 17.-14. februar 2024<\/h5>\n<p>&nbsp;<\/p>\n<p style=\"text-align: center;\">JIMMY TRENDY tilbyder et forfriskende bud p\u00e5 strandt\u00f8j med sin samling af livlige m\u00f8nstre og stilfulde badedragtssnit. Designet til den fashionable individ, kombinerer hvert smykke kvalitetsmaterialer med trendy design, hvilket sikrer, at du laver et spr\u00f8jt med selvtillid og flair. Slut dig til os i gavebutikken for en eksklusiv mulighed for at m\u00f8de designeren bag de fantastiske badedragter og shoppe de nyeste looks p\u00e5 f\u00f8rste h\u00e5nd! Oplev inspirationen bag hvert design, mens du udforsker vores kuraterede kollektion, og tag dine yndlingsstykker med hjem til en stilfuld sommer forude.<\/p>\n<p><a class=\"btn-pink-inline\" href=\"https:\/\/www.jimmytrendy.com\" target=\"_blank\" rel=\"noopener\"><span class=\"link-inside\">F\u00d8L dig TRENDY I DINE TRENDIER!<\/span><\/a><\/p>\n<p>[\/et_pb_text][\/et_pb_column][\/et_pb_row][et_pb_row column_structure=&#8221;1_2,1_2&#8243; _builder_version=&#8221;4.17.6&#8243; _module_preset=&#8221;default&#8221; global_colors_info=&#8221;{}&#8221;][et_pb_column type=&#8221;1_2&#8243; _builder_version=&#8221;4.17.6&#8243; _module_preset=&#8221;default&#8221; global_colors_info=&#8221;{}&#8221;][et_pb_image src=&#8221;https:\/\/www.myvacaya.com\/wp-content\/uploads\/2024\/02\/Bike-Athletic-Hero-1000&#215;667-favorite-things-page-1.jpg&#8221; title_text=&#8221;Bike Athletic Hero 1000&#215;667 favorit ting side&#8221; url=&#8221;https:\/\/www.bikeathletic.com\/&#8221; url_new_window=&#8221;on&#8221; show_bottom_space=&#8221;off&#8221; force_fullwidth=&#8221;on&#8221; _builder_version=&#8221;4.23.4&#8243; _module_preset=&#8221;default&#8221; global_colors_info=&#8221;{}&#8221;][\/et_pb_image][\/et_pb_column][et_pb_column type=&#8221;1_2&#8243; _builder_version=&#8221;4.17.6&#8243; _module_preset=&#8221;default&#8221; global_colors_info=&#8221;{}&#8221;][et_pb_text _builder_version=&#8221;4.23.4&#8243; _module_preset=&#8221;default&#8221; global_colors_info=&#8221;{}&#8221;]<\/p>\n<h5 style=\"text-align: center;\">BIKE Athletic vil drive pool homoseksuelle og outfit vores g\u00e6ster!<\/h5>\n<h5> <\/h5>\n<p>&nbsp;<\/p>\n<h5 style=\"text-align: center;\">Ombord p\u00e5 Celebrity APEX 17.-24. februar 2024<\/h5>\n<p>&nbsp;<\/p>\n<p>BIKE\u00ae er en \u00e6gte klassiker, der repr\u00e6senterer kvalitet og komfort, der etablerede den oprindelige h\u00f8je standard inden for jocks. BIKE produkter er lavet til dem, der kan lide at v\u00e6re modige!<\/p>\n<p><a class=\"btn-pink-inline\" href=\"https:\/\/www.bikeathletic.com\/\" target=\"_blank\" rel=\"noopener\"><span class=\"link-inside\">SHOP LOOKENE<\/span><\/a><\/p>\n<p>[\/et_pb_text][\/et_pb_column][\/et_pb_row][et_pb_row column_structure=&#8221;1_2,1_2&#8243; _builder_version=&#8221;4.17.6&#8243; _module_preset=&#8221;default&#8221; global_colors_info=&#8221;{}&#8221;][et_pb_column type=&#8221;1_2&#8243; _builder_version=&#8221;4.17.6&#8243; _module_preset=&#8221;default&#8221; global_colors_info=&#8221;{}&#8221;][et_pb_image src=&#8221;https:\/\/www.myvacaya.com\/wp-content\/uploads\/2024\/02\/KGAY-Radio-Hero-1000&#215;667-favorite-things-page.jpg&#8221; title_text=&#8221;KGAY Radio Hero 1000&#215;667 yndlingsside&#8221; url=&#8221;https:\/\/kgaypalmsprings.com\/&#8221; url_new_window=&#8221;on&#8221; show_bottom_space=&#8221;off&#8221; force_fullwidth=&#8221;on&#8221; _builder_version=&#8221;4.23.4&#8243; _module_preset=&#8221;default&#8221; global_colors_info=&#8221;{}&#8221;][\/et_pb_image][\/et_pb_column][et_pb_column type=&#8221;1_2&#8243; _builder_version=&#8221;4.17.6&#8243; _module_preset=&#8221;default&#8221; global_colors_info=&#8221;{}&#8221;][et_pb_text _builder_version=&#8221;4.23.4&#8243; _module_preset=&#8221;default&#8221; global_colors_info=&#8221;{}&#8221;]<\/p>\n<h5 style=\"text-align: center;\"><a href=\"https:\/\/kgaypalmsprings.com\/\">KGAY RADIO<\/a> vil drive VACAYA Music!<\/h5>\n<h5> <\/h5>\n<p>&nbsp;<\/p>\n<h5 style=\"text-align: center;\">Ombord p\u00e5 Celebrity APEX 17.-24. februar 2024<\/h5>\n<p>&nbsp;<\/p>\n<p>VACAYA Music powered by KGAY vil v\u00e6re tilg\u00e6ngelig p\u00e5 g\u00e6stestue-tv&#8217;erne ombord p\u00e5 Celebrity APEX til vores charter. N\u00e5r du er hjemme igen, kan du lytte til dansehits og l\u00e6re mere om alt, hvad homoseksuelle Palm Springs har at tilbyde p\u00e5 <a href=\"https:\/\/kgaypalmsprings.com\/\" target=\"_blank\" rel=\"noopener\">KGAY Radio<\/a> og <a href=\"https:\/\/gaydesertguide.com\/\" target=\"_blank\" rel=\"noopener\">GAY DESERT GUIDE<\/a> .<\/p>\n<p>[\/et_pb_text][\/et_pb_column][\/et_pb_row][et_pb_row _builder_version=&#8221;4.23.4&#8243; _module_preset=&#8221;default&#8221; global_colors_info=&#8221;{}&#8221;][et_pb_column type=&#8221;4_4&#8243; _builder_version=&#8221;4.23.4&#8243; _module_preset=&#8221;default&#8221; global_colors_info=&#8221;{}&#8221;][et_pb_divider _builder_version=&#8221;4.23.4&#8243; _module_preset=&#8221;default&#8221; global_colors_info=&#8221;{}&#8221;][\/et_pb_divider][\/et_pb_column][\/et_pb_row][et_pb_row column_structure=&#8221;1_4,3_4&#8243; _builder_version=&#8221;4.17.6&#8243; _module_preset=&#8221;default&#8221; global_colors_info=&#8221;{}&#8221;][et_pb_column type=&#8221;1_4&#8243; _builder_version=&#8221;4.17.6&#8243; _module_preset=&#8221;default&#8221; global_colors_info=&#8221;{}&#8221;][et_pb_image src=&#8221;https:\/\/www.myvacaya.com\/wp-content\/uploads\/2022\/09\/22181186_10159501435160217_93784187498304947_o-1.jpg&#8221; title_text=&#8221;22181186_10159501435160217_93784187498304947_o-1&#8243; show_bottom_space=&#8221;off&#8221; force_fullwidth=&#8221;on&#8221; _builder_version=&#8221;4.17.6&#8243; _module_preset=&#8221;default&#8221; global_colors_info=&#8221;{}&#8221;][\/et_pb_image][\/et_pb_column][et_pb_column type=&#8221;3_4&#8243; _builder_version=&#8221;4.17.6&#8243; _module_preset=&#8221;default&#8221; global_colors_info=&#8221;{}&#8221;][et_pb_text admin_label=&#8221;Section Title &#8211; H3&#8243; _builder_version=&#8221;4.17.6&#8243; _module_preset=&#8221;default&#8221; header_3_font=&#8221;Futura Bold|||on|||||&#8221; header_3_text_align=&#8221;center&#8221; header_3_text_color=&#8221;#000000&#8243; header_3_font_size=&#8221;18px&#8221; header_3_letter_spacing=&#8221;1.8px&#8221; header_3_line_height=&#8221;24px&#8221; custom_margin=&#8221;||||false|false&#8221; custom_margin_tablet=&#8221;||||false|false&#8221; custom_margin_phone=&#8221;||||false|false&#8221; custom_margin_last_edited=&#8221;on|phone&#8221; custom_padding=&#8221;||||false|false&#8221; global_colors_info=&#8221;{}&#8221;]<\/p>\n<h3>MENNESKERETTIGHEDSKAMPAGNE<\/h3>\n<p>[\/et_pb_text][et_pb_text _builder_version=&#8221;4.17.6&#8243; _module_preset=&#8221;default&#8221; global_colors_info=&#8221;{}&#8221;]<\/p>\n<p>Som den st\u00f8rste borgerrettighedsorganisation, der arbejder for at opn\u00e5 ligestilling for lesbiske, homoseksuelle, biseksuelle, transseksuelle og queer-amerikanere, repr\u00e6senterer Human Rights Campaign en styrke p\u00e5 mere end 3 millioner medlemmer og st\u00f8tter landsd\u00e6kkende &#8211; alle forpligtet til at g\u00f8re HRC&#8217;s vision til virkelighed.<\/p>\n<p>HRC forestiller sig en verden, hvor lesbiske, homoseksuelle, biseksuelle, transk\u00f8nnede og queer-personer omfavnes som fuldgyldige medlemmer af samfundet derhjemme, p\u00e5 arbejdet og i alle samfund.<\/p>\n<p>VACAYA er en stolt tilh\u00e6nger af menneskerettighedskampagnen.<\/p>\n<p><a class=\"btn-pink-inline\" href=\"https:\/\/www.hrc.org\" target=\"_blank\" rel=\"noopener\"><span class=\"link-inside\">L\u00c6R MERE OG ST\u00d8T HRC<\/span><\/a><\/p>\n<p>[\/et_pb_text][\/et_pb_column][\/et_pb_row][et_pb_row column_structure=&#8221;1_4,3_4&#8243; _builder_version=&#8221;4.17.6&#8243; _module_preset=&#8221;default&#8221; global_colors_info=&#8221;{}&#8221;][et_pb_column type=&#8221;1_4&#8243; _builder_version=&#8221;4.17.6&#8243; _module_preset=&#8221;default&#8221; global_colors_info=&#8221;{}&#8221;][et_pb_image src=&#8221;https:\/\/www.myvacaya.com\/wp-content\/uploads\/2022\/09\/GLAAD-2-1-768&#215;1024-1.jpg&#8221; title_text=&#8221;GLAAD-2-1-768&#215;1024&#8243; show_bottom_space=&#8221;off&#8221; force_fullwidth=&#8221;on&#8221; _builder_version=&#8221;4.17.6&#8243; _module_preset=&#8221;default&#8221; global_colors_info=&#8221;{}&#8221;][\/et_pb_image][\/et_pb_column][et_pb_column type=&#8221;3_4&#8243; _builder_version=&#8221;4.17.6&#8243; _module_preset=&#8221;default&#8221; global_colors_info=&#8221;{}&#8221;][et_pb_text admin_label=&#8221;Section Title &#8211; H3&#8243; _builder_version=&#8221;4.17.6&#8243; _module_preset=&#8221;default&#8221; header_3_font=&#8221;Futura Bold|||on|||||&#8221; header_3_text_align=&#8221;center&#8221; header_3_text_color=&#8221;#000000&#8243; header_3_font_size=&#8221;18px&#8221; header_3_letter_spacing=&#8221;1.8px&#8221; header_3_line_height=&#8221;24px&#8221; custom_margin=&#8221;||||false|false&#8221; custom_margin_tablet=&#8221;||||false|false&#8221; custom_margin_phone=&#8221;||||false|false&#8221; custom_margin_last_edited=&#8221;on|phone&#8221; custom_padding=&#8221;||||false|false&#8221; global_colors_info=&#8221;{}&#8221;]<\/p>\n<h3>GLAAD<\/h3>\n<p>[\/et_pb_text][et_pb_text _builder_version=&#8221;4.23.4&#8243; _module_preset=&#8221;default&#8221; global_colors_info=&#8221;{}&#8221;]<\/p>\n<p>GLAAD omskriver manuskriptet til LGBTQ-accept. Som en dynamisk mediekraft tackler GLAAD sv\u00e6re problemer for at forme fort\u00e6llingen og fremkalde dialog, der f\u00f8rer til kulturel forandring. GLAAD beskytter alt, hvad der er blevet opn\u00e5et og skaber en verden, hvor alle kan leve det liv, de elsker.<\/p>\n<p>GLAAD havde v\u00e6ret et akronym for &#8220;Gay &amp; Lesbian Alliance Against Defamation&#8221;, men nu er organisationen blot kendt som GLAAD, som er mere inkluderende for biseksuelle og transk\u00f8nnede problemer.<\/p>\n<p>VACAYA er en stolt tilh\u00e6nger af GLAAD og <a href=\"https:\/\/www.glaad.org\/events\/2019\/nashville\" target=\"_blank\" rel=\"noopener\">Love &amp; Acceptance<\/a> .<\/p>\n<p><a class=\"btn-pink-inline\" href=\"https:\/\/www.glaad.org\" target=\"_blank\" rel=\"noopener\"><span class=\"link-inside\">L\u00c6S MERE OG ST\u00d8T GLAAD<\/span><\/a><\/p>\n<p>[\/et_pb_text][\/et_pb_column][\/et_pb_row][\/et_pb_section]<\/p>\n","protected":false},"excerpt":{"rendered":"<p><div class=\"trip-overlay\"><div class=\"trip-title\"><h1>Rejsefliser med titel &#8211; Kun krydstogter<\/h1><\/div><\/div>Der er s\u00e5 mange vidunderlige ting i denne verden, der kilder, udfordrer, gl\u00e6der og inspirerer The Vacayans. Denne side er dedikeret til et par af disse yndlingsting! Vi opfordrer dig til at udforske og st\u00f8tte disse utrolige organisationer, virksomheder og produkter.JIMSUPPORT AF FETISH LOCKER &#8230; Sexm\u00f8bler, der f\u00e5r dig ud af det s\u00e6dvanlige &nbsp; Demo [&hellip;]<\/p>\n","protected":false},"author":4,"featured_media":88972,"parent":98489,"menu_order":0,"comment_status":"closed","ping_status":"closed","template":"","meta":{"_acf_changed":false,"_et_pb_use_builder":"on","_et_pb_old_content":"","_et_gb_content_width":"","_monsterinsights_skip_tracking":false,"_monsterinsights_sitenote_active":false,"_monsterinsights_sitenote_note":"","_monsterinsights_sitenote_category":0,"footnotes":""},"class_list":["post-98646","page","type-page","status-publish","has-post-thumbnail","hentry"],"acf":[],"_links":{"self":[{"href":"https:\/\/www.myvacaya.com\/da\/wp-json\/wp\/v2\/pages\/98646","targetHints":{"allow":["GET"]}}],"collection":[{"href":"https:\/\/www.myvacaya.com\/da\/wp-json\/wp\/v2\/pages"}],"about":[{"href":"https:\/\/www.myvacaya.com\/da\/wp-json\/wp\/v2\/types\/page"}],"author":[{"embeddable":true,"href":"https:\/\/www.myvacaya.com\/da\/wp-json\/wp\/v2\/users\/4"}],"replies":[{"embeddable":true,"href":"https:\/\/www.myvacaya.com\/da\/wp-json\/wp\/v2\/comments?post=98646"}],"version-history":[{"count":141,"href":"https:\/\/www.myvacaya.com\/da\/wp-json\/wp\/v2\/pages\/98646\/revisions"}],"predecessor-version":[{"id":166225,"href":"https:\/\/www.myvacaya.com\/da\/wp-json\/wp\/v2\/pages\/98646\/revisions\/166225"}],"up":[{"embeddable":true,"href":"https:\/\/www.myvacaya.com\/da\/wp-json\/wp\/v2\/pages\/98489"}],"wp:featuredmedia":[{"embeddable":true,"href":"https:\/\/www.myvacaya.com\/da\/wp-json\/wp\/v2\/media\/88972"}],"wp:attachment":[{"href":"https:\/\/www.myvacaya.com\/da\/wp-json\/wp\/v2\/media?parent=98646"}],"curies":[{"name":"wp","href":"https:\/\/api.w.org\/{rel}","templated":true}]}}