{"id":98631,"date":"2021-07-03T19:21:42","date_gmt":"2021-07-03T23:21:42","guid":{"rendered":"https:\/\/www.myvacaya.com\/konkurrencens-officielle-regler-tiktok-vacation-strut-challenge\/"},"modified":"2023-08-04T10:04:11","modified_gmt":"2023-08-04T14:04:11","slug":"konkurrencens-officielle-regler-tiktok-vacation-strut-challenge","status":"publish","type":"page","link":"https:\/\/www.myvacaya.com\/da\/konkurrencens-officielle-regler-tiktok-vacation-strut-challenge\/","title":{"rendered":"Konkurrencens officielle regler: TikTok Vacation Strut Challenge"},"content":{"rendered":"<p>[et_pb_section fb_built=&#8221;1&#8243; fullwidth=&#8221;on&#8221; admin_label=&#8221;Slider&#8221; module_id=&#8221;skyder-sektion-interi\u00f8r&#8221; _builder_version=&#8221;4.17.6&#8243; _module_preset=&#8221;default&#8221; background_enable_image=&#8221;off&#8221; global_colors_info=&#8221;{}&#8221;][et_pb_fullwidth_code admin_label=&#8221;Slider Overlay&#8221; module_class=&#8221;interior-page-overlay&#8221; _builder_version=&#8221;4.17.6&#8243; _module_preset=&#8221;default&#8221; positioning=&#8221;absolute&#8221; position_origin_a=&#8221;top_right&#8221; position_origin_f=&#8221;top_right&#8221; z_index=&#8221;100&#8243; width=&#8221;50%&#8221; width_tablet=&#8221;50%&#8221; width_phone=&#8221;100%&#8221; width_last_edited=&#8221;on|phone&#8221; height=&#8221;100vh&#8221; hover_enabled=&#8221;0&#8243; global_colors_info=&#8221;{}&#8221; sticky_enabled=&#8221;0&#8243;]<div class=\"trip-overlay\"><div class=\"trip-title\"><h1>Konkurrencens officielle regler: TikTok Vacation Strut Challenge<\/h1><\/div><\/div>[\/et_pb_fullwidth_code][et_pb_fullwidth_slider show_arrows=&#8221;off&#8221; admin_label=&#8221;Slider Images&#8221; module_id=&#8221;slider-images&#8221; _builder_version=&#8221;4.17.6&#8243; _module_preset=&#8221;default&#8221; height=&#8221;100vh&#8221; auto=&#8221;on&#8221; global_colors_info=&#8221;{}&#8221;][et_pb_slide _builder_version=&#8221;4.17.6&#8243; _module_preset=&#8221;default&#8221; background_color=&#8221;RGBA(255,255,255,0)&#8221; background_enable_color=&#8221;on&#8221; background_image=&#8221;https:\/\/www.myvacaya.com\/wp-content\/uploads\/2022\/09\/TikTok-Hero-Image-desktop-v3.jpg&#8221; background_enable_image=&#8221;on&#8221; background_last_edited=&#8221;on|desktop&#8221; background_image_phone=&#8221;https:\/\/www.myvacaya.com\/wp-content\/uploads\/2022\/11\/TikTok-Hero-Mobile.jpg&#8221; background_enable_image_phone=&#8221;on&#8221; global_colors_info=&#8221;{}&#8221; sticky_transition=&#8221;on&#8221;][\/et_pb_slide][\/et_pb_fullwidth_slider][\/et_pb_section][et_pb_section fb_built=&#8221;1&#8243; custom_padding_last_edited=&#8221;on|phone&#8221; _builder_version=&#8221;4.17.6&#8243; _module_preset=&#8221;default&#8221; custom_padding=&#8221;||0%||false|false&#8221; custom_padding_tablet=&#8221;||||false|false&#8221; custom_padding_phone=&#8221;||||false|false&#8221; global_colors_info=&#8221;{}&#8221;][et_pb_row custom_padding_last_edited=&#8221;on|desktop&#8221; _builder_version=&#8221;4.17.6&#8243; _module_preset=&#8221;default&#8221; custom_padding=&#8221;||0%||false|false&#8221; custom_padding_tablet=&#8221;||||false|false&#8221; custom_padding_phone=&#8221;||||false|false&#8221; global_colors_info=&#8221;{}&#8221;][et_pb_column type=&#8221;4_4&#8243; _builder_version=&#8221;4.17.6&#8243; _module_preset=&#8221;default&#8221; global_colors_info=&#8221;{}&#8221;][et_pb_text admin_label=&#8221;Section Title &#8211; H3&#8243; _builder_version=&#8221;4.17.6&#8243; _module_preset=&#8221;default&#8221; header_3_font=&#8221;Futura Bold|||on|||||&#8221; header_3_text_align=&#8221;center&#8221; header_3_text_color=&#8221;#000000&#8243; header_3_font_size=&#8221;18px&#8221; header_3_letter_spacing=&#8221;1.8px&#8221; header_3_line_height=&#8221;24px&#8221; custom_margin=&#8221;||||false|false&#8221; custom_margin_tablet=&#8221;||||false|false&#8221; custom_margin_phone=&#8221;||||false|false&#8221; custom_margin_last_edited=&#8221;on|phone&#8221; custom_padding=&#8221;||||false|false&#8221; custom_padding_tablet=&#8221;||||false|false&#8221; custom_padding_phone=&#8221;||||false|false&#8221; custom_padding_last_edited=&#8221;on|phone&#8221; global_colors_info=&#8221;{}&#8221;]<\/p>\n<h3>Officielle regler for konkurrence p\u00e5 TikTok<\/h3>\n<p>[\/et_pb_text][et_pb_text _builder_version=&#8221;4.17.6&#8243; _module_preset=&#8221;default&#8221; custom_margin=&#8221;||||false|false&#8221; custom_margin_tablet=&#8221;||||false|false&#8221; custom_margin_phone=&#8221;||||false|false&#8221; custom_margin_last_edited=&#8221;on|phone&#8221; global_colors_info=&#8221;{}&#8221;]MEDDELELSE TIL SWEEPSTAKES, GIVEAWAYS OG KONKURRENCER-WEBSITES: DENNE SWEEPSTAKES KAN IKKE GENUDGIVERES I NOGEN FORM P\u00c5 DIT WEBSTED. VACAYA og alle de relaterede sider, indhold og kode er \u00a9 2018 VACAYA, LLC. Kopiering eller uautoriseret brug af ophavsretligt beskyttet materiale eller varem\u00e6rker uden udtrykkeligt skriftligt samtykke fra dets ejer er strengt forbudt. Alle rettigheder forbeholdes.<\/p>\n<p>INGEN K\u00d8B N\u00d8DVENDIG FOR AT DELTA ELLER VINDE. Denne konkurrence (&#8220;Konkurrencen&#8221;) er sponsoreret af VACAYA, LLC. Et Delaware-firma (&#8220;sponsor&#8221;), 2020 Pennsylvania Ave. NW Suite 290. Washington DC 20006.<\/p>\n<p>Sponsor kan tilbyde en lignende konkurrence fra tid til anden. Hvert tilbud er separat. Deltagelse i hver konkurrence er separat. Start-\/sluttidspunktet, hvordan man deltager og den tilg\u00e6ngelige pr\u00e6mie for hver konkurrence vil blive anf\u00f8rt i tilbuddet for den p\u00e5g\u00e6ldende konkurrence p\u00e5 sponsorens hjemmeside p\u00e5 https:\/\/www.myvacaya.com\/. De \u00f8vrige vilk\u00e5r nedenfor vil g\u00e6lde for hver konkurrence. Mange kan komme ind; kun \u00e9n vinder.<\/p>\n<p>1. BETINGELSER: Kun \u00e5bent for lovlige indbyggere i de halvtreds (50) USA og District of Columbia, som er 18 \u00e5r eller \u00e6ldre p\u00e5 tidspunktet for indrejsen. Kvalificerede deltagere, der er under den lovlige myndige alder i deres prim\u00e6re bop\u00e6lsstat (en &#8220;mindre\u00e5rig&#8221;) skal have deres for\u00e6lders eller v\u00e6rges tilladelse til at deltage i konkurrencen, men er ikke berettiget til at vinde pr\u00e6mien. For brugere af mobiltelefoner kan operat\u00f8rbeskeder og datatakster g\u00e6lde. Ugyldig, hvor det er forbudt ved lov. Alle g\u00e6ldende f\u00f8derale, statslige og lokale love g\u00e6lder.<\/p>\n<p>2. S\u00c5DAN KOMMER DU MED: Adgang kr\u00e6ver ikke betaling eller k\u00f8b af nogen art. For at deltage i konkurrencen skal en deltager have en TikTok-konto. Hvis du ikke har en TikTok-konto, kan du oprette en gratis ved at bes\u00f8ge www.tiktok.com. Ved at indsende dine oplysninger og oprette en konto accepterer du TikToks brugsbetingelser og privatlivspolitik. Hvis du ikke accepterer s\u00e5danne vilk\u00e5r for brug og privatlivspolitik, kan du ikke oprette en konto eller deltage i denne konkurrence. Sponsor modtager muligvis ikke indl\u00e6g fra TikTok-brugere med &#8220;private&#8221; opdateringer (dvs. deltageren har indstillet sin konto, s\u00e5 kun personer, som deltageren har godkendt, kan se hans eller hendes opdateringer). Hvis deltageren bruger sin mobilenhed til at komme ind. , kan gebyrer, herunder besked- og datatakster, p\u00e5l\u00e6gges. Deltagere b\u00f8r konsultere deres udbyder af tr\u00e5dl\u00f8se tjenester vedr\u00f8rende deres prisplaner. Denne konkurrence er p\u00e5 ingen m\u00e5de sponsoreret, godkendt, administreret af eller forbundet med TikTok.<\/p>\n<p>For at deltage skal du f\u00f8lge sponsorens TikTok-konto som angivet og svare p\u00e5 ethvert konkurrencetilbud, der er opsl\u00e5et af sponsoren p\u00e5 dens webside p\u00e5 https:\/\/www.myvacaya.com\/ ved at &#8220;tagge&#8221; &#8220;synes godt om&#8221;, &#8220;kommentere&#8221; eller p\u00e5 anden m\u00e5de svare p\u00e5 den m\u00e5de. og tidsperiode angivet i tilbuddet (&#8220;Tiltr\u00e6delsesperioden&#8221;). &#8220;Synes godt om&#8221; eller &#8220;Kommentar&#8221;, &#8220;Tag&#8221; eller andet p\u00e5kr\u00e6vet svar skal indeholde alle oplysninger, der kr\u00e6ves i tilbuddet. Begr\u00e6ns \u00e9n (1) deltagelse pr. unik TikTok-konto og pr. person pr. konkurrence. Indgange, der er genereret af script, makro eller andre automatiserede midler, er ugyldige, ligesom indl\u00e6g, der er ul\u00e6selige, forvanskede, ufuldst\u00e6ndige eller som indeholder fejl. Normal tid, vejafgift, forbindelse og brugspriser, hvis nogen, opkr\u00e6vet af din internetudbyder vil g\u00e6lde. Alle bidrag bliver sponsorens ejendom. Ingen anden indtastningsmetode accepteres.<\/p>\n<p>Kr\u00e6nkelse af ophavsret: Vi kr\u00e6ver eller tillader ikke en deltager i TikTok-konkurrencen at bruge musik, fotos, logoer eller andet ophavsretligt beskyttet materiale, de ikke ejer, til at producere deres bidrag.<\/p>\n<p>3. UDV\u00c6LGELSE AF VINDER: Vinderne vil blive udvalgt i hver konkurrence ved tilf\u00e6ldig tr\u00e6kning blandt alle modtagne kvalificerede bidrag. Bevis for transmission er ikke bevis for modtagelse. Sponsorens computer er den officielle tidtagningsenhed for konkurrencen og bestemmer r\u00e6kkef\u00f8lgen for modtagelse af tilmeldinger. Alle sponsorens beslutninger er endelige og bindende med hensyn til alle forhold relateret til konkurrencen.<\/p>\n<p>4. VINDER MEDDELELSE\/VALIDERING: Den potentielle vinder vil blive bedt om en kvalificeret e-mailadresse via direkte besked og vil derefter blive underrettet via e-mail og kan blive bedt om at udf\u00f8re og returnere en erkl\u00e6ring om berettigelse\/frigivelse af ansvar\/offentlighed (hvor lovligt) formular inden for syv (7) dage efter datoen for fors\u00f8g p\u00e5 underretning. Hvis vinderen er en mindre\u00e5rig, fortabes pr\u00e6mien til den n\u00e6ste tilf\u00e6ldigt udvalgte deltager 18+. Manglende overholdelse inden for denne tidsperiode, af disse officielle regler eller returnering af enhver pr\u00e6mie-\/pr\u00e6miemeddelelse kan resultere i diskvalifikation, og efter sponsorens sk\u00f8n kan en alternativ potentiel vinder blive udvalgt af sponsoren. Pr\u00e6mier vil blive opfyldt cirka 4-6 uger efter vinderens validering. Enhver vinder, der senere afg\u00f8res som ikke-kvalificeret, kan blive bedt om at returnere sin pr\u00e6mie. Eventuelle skatter p\u00e5 pr\u00e6mien er vinderens ansvar.<\/p>\n<p>5. PR\u00c6MIER OG ODDS: Pr\u00e6mien n\u00e6vnt i konkurrencetilbuddet er den eneste tilg\u00e6ngelige pr\u00e6mie. Ingen overf\u00f8rsel, erstatning eller kontantindl\u00f8sning vil blive tildelt i stedet for den angivne pr\u00e6mie undtagen af \u200b\u200bsponsoren, som forbeholder sig retten til at erstatte en pr\u00e6mie (eller en del heraf) af sammenlignelig eller st\u00f8rre v\u00e6rdi, efter eget sk\u00f8n, hvis den annoncerede pr\u00e6mie bliver utilg\u00e6ngelig. Alle pr\u00e6miedetaljer er efter sponsorens eget sk\u00f8n. Chancerne for at vinde afh\u00e6nger af antallet og tidspunktet for tilmeldinger modtaget i hver konkurrence. Konkurrencen er \u00e5ben for over 100.000.000 internetbrugere i USA.<\/p>\n<p>6. PR\u00c6MIE: En (1) pr\u00e6mievinder i l\u00f8bet af Sweepstakes-perioden vil modtage en e-mail-bekr\u00e6ftelse (og muligvis et telefonopkald) for at modtage f\u00e6rdigg\u00f8relsen af \u200b\u200bsin reservation til krydstogtpr\u00e6mien. Pr\u00e6mien inkluderer et dobbeltv\u00e6relse for pr\u00e6mievinderen og rejseg\u00e6sten p\u00e5 det specifikke VACAYA LGBT+ krydstogt, der er anf\u00f8rt nedenfor og kan ikke p\u00e5 nogen m\u00e5de overf\u00f8res til en anden person, sejldato eller skib.<\/p>\n<p>Begivenhedsnavn: VACAYA LGBT+ Caribbean Cruise<br \/>\nBegivenhedsdato: 10.-17. januar 2022 (eller det er en erstatning)<br \/>\nKrydstogtskib: Celebrity Millennium (eller det er en erstatning)<\/p>\n<p>Den omtrentlige detailv\u00e6rdi (&#8220;ARV&#8221;) af det f\u00f8lgende krydstogt er $3300 USD. Ingen kontantv\u00e6rdi. Eventuelle afgifter p\u00e5 konkurrencepr\u00e6mien er vinderens ansvar.<\/p>\n<p>Omtrentlig detailv\u00e6rdi (&#8220;ARV&#8221;) af pr\u00e6mien vil blive endeligt fastlagt p\u00e5 reservationstidspunktet. Enhver forskel mellem angivet og faktisk v\u00e6rdi vil ikke blive tildelt. Pr\u00e6mien best\u00e5r af v\u00e6relsespris, standardm\u00e5ltider, standard drikkevarer uden alkohol. Alle andre udgifter, der ikke udtrykkeligt er angivet heri, herunder, men ikke begr\u00e6nset til, skatter, gebyrer, andre drikkepenge, flybillet, landtransport, landudflugtsgebyrer, alkoholholdige drikkevarer, udgifter ombord, f\u00f8rsteklasses spisning, spabehandlinger, toldfri shopping, sodavand , hasardspil og andre tilf\u00e6ldige omkostninger eller andre udgifter, der ikke er specifikt angivet heri, er eneansvaret for prisvinderen og\/eller rejseg\u00e6sten. Alle rejser er kapacitetsstyret og afh\u00e6ngig af tilg\u00e6ngelighed. Prisvinder og rejseg\u00e6st skal rejse p\u00e5 samme rejseplan. Rejseg\u00e6st skal (eller rejseg\u00e6sts for\u00e6lder eller juridiske v\u00e6rge, hvis rejseg\u00e6st er en person mellem 18-21 \u00e5r i hans\/hendes bop\u00e6lsstat\/-provins) underskrive og returnere en gyldig VACAYA reservationsbekr\u00e6ftelse og frigivelse f\u00f8r enhver billetbestilling af rejsen opst\u00e5r. Prisvinder og rejseg\u00e6st skal: (i) have alle n\u00f8dvendige identifikations- og\/eller rejsedokumenter (herunder, men ikke begr\u00e6nset til, et gyldigt pas (og visum, hvis det kr\u00e6ves til rejsen); og (ii) overholde alle krav til check-in, herunder, men ikke begr\u00e6nset til, fremvisning af et st\u00f8rre kreditkort. Ingen kontantindl\u00f8sninger. Enhver del af pr\u00e6mien, der ikke accepteres af pr\u00e6mievinderen, vil blive fortabt, og Celebrity Cruise Line er ikke ansvarlig for pr\u00e6mievinderens manglende evne til at acceptere eller bruge nogen del af pr\u00e6mien af \u200b\u200ben eller anden grund. Andre begr\u00e6nsninger og restriktioner kan v\u00e6re g\u00e6ldende. Pr\u00e6mien kan ikke overdrages, kan ikke erstattes (undtagen efter sponsorens sk\u00f8n, som forbeholder sig retten til at erstatte en pr\u00e6mie af samme eller st\u00f8rre v\u00e6rdi), og m\u00e5 ikke s\u00e6lges eller kombineres med andre tilbud. Pr\u00e6mien er underlagt de vilk\u00e5r og betingelser, der er angivet i disse officielle regler og enhver, der er angivet og detaljeret af Cruise Line. Hvis pr\u00e6mien annulleres efter billetsalg af pr\u00e6mien, af en eller anden grund, forbeholder sponsor sig retten til at erstatte en pr\u00e6mie af samme eller st\u00f8rre v\u00e6rdi. Yderligere g\u00e6ster og opgraderinger af v\u00e6relseskategorier er afh\u00e6ngig af tilg\u00e6ngelighed efter eget sk\u00f8n af VACAYA og p\u00e5 prisvinderens regning. Der ydes ingen refusion eller kredit for nedgradering af kahyt. Kategoribegr\u00e6nsninger og -udelukkelser og standard afbestillingspolitik g\u00e6lder. Pr\u00e6mien er muligvis ikke gyldig, hvor det er begr\u00e6nset ved lov. Tilbuddet kan ikke kombineres med nogen anden kupon eller kampagne. VACAYA er ikke ansvarlig for tabt eller forkert omdirigeret post. Ingen overf\u00f8rsel, tilsvarende kontanter eller pr\u00e6mieudskiftning tilladt, undtagen efter sponsorens eget sk\u00f8n. Sponsor kan kr\u00e6ve, at vinderne underskriver en erkl\u00e6ring om berettigelse og ansvar\/offentligg\u00f8relse. Beslutninger truffet af sponsor er endelige i alle sp\u00f8rgsm\u00e5l, herunder fortolkning af disse officielle regler og tildeling af pr\u00e6mien(erne). Hvis det er lovligt h\u00e6vdet, vil pr\u00e6mien(erne) blive tildelt. Der vil under ingen omst\u00e6ndigheder blive uddelt mere end det angivne antal pr\u00e6mier. Alle udgifter, der ikke er specificeret heri, inklusive, uden begr\u00e6nsning, alle f\u00f8derale, statslige og lokale skatter, er hver enkelt vinders ansvar.<\/p>\n<p>7. GENERELLE REGLER: Accept af pr\u00e6mien udg\u00f8r tilladelse til sponsoren og dens udpegede personer til at bruge hver vinders navn, by, stat, lighed, stemme, biografiske oplysninger og udtalelser med henblik p\u00e5 reklame, promovering og publicitet i alle medier, nu eller herefter kendt over hele verden i al evighed uden yderligere kompensation, meddelelse eller tilladelse, medmindre det er forbudt ved lov. Ved at deltage, deltager (i) accepterer at frigive og holde sponsor og dennes moderselskab, tilknyttede selskaber, datterselskaber og reklame- og reklamebureauer, Celebrity Cruise Lines og hver af deres respektive direkt\u00f8rer, officerer, ansatte og repr\u00e6sentanter (samlet ben\u00e6vnt de &#8220;frigivne parter&#8221;), uskadelig mod ethvert krav og ansvar, der opst\u00e5r helt eller delvist, direkte eller indirekte, fra deltagelse i konkurrencen eller misbrug, ikke-brug eller brug af en pr\u00e6mie; (ii) giver afkald p\u00e5 alle rettigheder til at kr\u00e6ve straf, h\u00e6ndelige skader og f\u00f8lgeskader, advokatsal\u00e6rer eller andre skader end de faktiske omkostninger, der er p\u00e5l\u00f8bet for at komme ind; og (iii) accepterer at v\u00e6re bundet af disse officielle regler. Frigivne parter er ikke ansvarlige for ufuldst\u00e6ndige, mistede, forsinkede, beskadigede, un\u00f8jagtige, ul\u00e6selige, forkerte, forvanskede, forsinkede eller ikke-leverede indtastninger eller henvisninger; eller for tekniske hardware- eller softwarefejl eller fejl af enhver art, mistede, utilg\u00e6ngelige netv\u00e6rksforbindelser eller mislykkede, ufuldst\u00e6ndige, forvanskede eller forsinket computertransmission, hvilket kan begr\u00e6nse en persons mulighed for at deltage. Sponsor forbeholder sig ret til efter eget sk\u00f8n at annullere, suspendere eller \u00e6ndre konkurrencer eller at diskvalificere enhver impliceret deltager(e) (og deres tilmeldinger), hvis der er svindel, virus, deltageres handlinger, tekniske eller andre fejl eller problemer, eller enhver anden h\u00e6ndelse korrumperer eller p\u00e5virker administrationen, integriteten, sikkerheden eller korrekt afspilning af konkurrencen, som bestemt af sponsoren efter eget sk\u00f8n. I tilf\u00e6lde af aflysning forbeholder sponsor sig retten til efter eget sk\u00f8n at uddele pr\u00e6mien i en tilf\u00e6ldig lodtr\u00e6kning blandt alle kvalificerede, ikke-mist\u00e6nkte bidrag modtaget op til tidspunktet for begivenheden eller handlingen, der berettiger en s\u00e5dan aflysning. I tilf\u00e6lde af at konkurrencen aflyses inden den angivne slutdato, vil en meddelelse blive offentliggjort p\u00e5 https:\/\/www.myVACAYA.com.<\/p>\n<p>FORSIGTIG: Ethvert fors\u00f8g fra en deltager p\u00e5 bevidst at beskadige et websted eller underminere konkurrencens legitime drift er en overtr\u00e6delse af strafferetlige og civile love, og hvis et s\u00e5dant fors\u00f8g g\u00f8res, forbeholder sponsoren sig retten til at s\u00f8ge erstatning fra enhver s\u00e5dan deltager. i videst muligt omfang tilladt ved lov, herunder strafferetlig forf\u00f8lgning. I tilf\u00e6lde af, at der opst\u00e5r en tvist vedr\u00f8rende en specifik person, der er berettiget til at modtage en pr\u00e6mie, vil tilmeldinger blive erkl\u00e6ret foretaget af den autoriserede kontoindehaver af den TikTok-konto, der blev indsendt p\u00e5 tidspunktet for adgangen, og enhver skade p\u00e5 webstedet vil ogs\u00e5 v\u00e6re ansvaret for den autoriserede kontohaver. &#8220;Autoriseret kontoindehaver&#8221; er defineret som den person, der er tildelt et TikTok-kontonavn af TikTok. Frigivne parter er ikke ansvarlige for tekniske, mekaniske, trykte, typografiske, menneskelige eller andre fejl i forbindelse med eller i forbindelse med konkurrencen, herunder, uden begr\u00e6nsning, fejl, der kan opst\u00e5 i administrationen af \u200b\u200bkonkurrencen, behandlingen af \u200b\u200bbidrag, annoncering af pr\u00e6mien eller i konkurrencerelateret materiale; eller for ethvert ansvar for skader p\u00e5 et computersystem som f\u00f8lge af deltagelse i eller adgang til eller download af information i forbindelse med denne konkurrence.<\/p>\n<p>8. INGEN GARANTIER: Sponsor giver ingen garantier, der d\u00e6kker nogen af \u200b\u200bpr\u00e6mierne, der er leveret som en del af denne konkurrence. Enhver pr\u00e6mie og alle materialer, der er leveret som en del af eller i forbindelse med denne konkurrence, leveres &#8220;som de er&#8221; uden garanti af nogen art, hverken udtrykkelig eller underforst\u00e5et, herunder uden begr\u00e6nsning de stiltiende garantier for salgbarhed, egnethed til et bestemt form\u00e5l.<\/p>\n<p>9. G\u00c6LDENDE LOV: Denne konkurrence og sponsorens og deltagernes rettigheder og forpligtelser vil v\u00e6re underlagt og kontrolleret af lovene i Delaware, g\u00e6ldende for kontrakter indg\u00e5et og udf\u00f8rt deri uden henvisning til de g\u00e6ldende lovbestemmelser. Alle handlinger, retssager eller retssager i forbindelse hermed vil blive anlagt og retsforfulgt udelukkende i staten Delaware. Parterne samtykker til jurisdiktionen for de delstatsdomstole i Delaware og den f\u00f8derale domstol beliggende i en s\u00e5dan stat og amt med hensyn til enhver handling, tvist eller andre sager vedr\u00f8rende eller opst\u00e5et af denne konkurrence<\/p>\n<p>10. FORTROLIGHED: Vinderens navn og kontaktoplysninger vil blive brugt til at kontakte vinderen med henblik p\u00e5 opfyldelse af pr\u00e6mier. Enhver information, der sendes til sponsor, inklusive alle bidrag, vil v\u00e6re underlagt vilk\u00e5rene i sponsorens brugeraftale og privatlivspolitik.<\/p>\n<p>11. INGEN UNDERFORST\u00c5ET STILLING: Navnene p\u00e5 enkeltpersoner, grupper, virksomheder, produkter og tjenester n\u00e6vnt heri, og eventuelle tilsvarende ligheder, logoer og billeder heraf gengivet heri, er kun blevet brugt til identifikationsform\u00e5l og kan v\u00e6re ophavsretligt beskyttede egenskaber og varem\u00e6rker tilh\u00f8rende deres respektive ejere. Omtalen af \u200b\u200ben person, gruppe eller virksomhed, inklusive TikTok eller medtagelsen af \u200b\u200bet produkt eller en tjeneste som pr\u00e6mien, indeb\u00e6rer ikke nogen tilknytning til eller godkendelse af en s\u00e5dan person, gruppe eller virksomhed eller producenten eller distribut\u00f8ren af \u200b\u200bet s\u00e5dant produkt eller en s\u00e5dan tjeneste og , medmindre andet er angivet, er ingen tilknytning eller godkendelse tilsigtet eller b\u00f8r udledes.<\/p>\n<p>12. VINDERS NAVN. Navnet p\u00e5 vinderen (fornavn \/ by) vil blive offentliggjort p\u00e5 sponsorens webside https:\/\/www.myvacaya.com\/, n\u00e5r det er tilg\u00e6ngeligt.[\/et_pb_text][\/et_pb_column][\/et_pb_row][\/et_pb_section][et_pb_section fb_built=&#8221;1&#8243; admin_label=&#8221;Trip Tiles with Divider and Title&#8221; _builder_version=&#8221;4.17.6&#8243; _module_preset=&#8221;default&#8221; global_colors_info=&#8221;{}&#8221;][et_pb_row _builder_version=&#8221;4.17.6&#8243; _module_preset=&#8221;default&#8221; global_colors_info=&#8221;{}&#8221;][et_pb_column type=&#8221;4_4&#8243; _builder_version=&#8221;4.17.6&#8243; _module_preset=&#8221;default&#8221; global_colors_info=&#8221;{}&#8221;][et_pb_divider color=&#8221;#000000&#8243; divider_position=&#8221;center&#8221; _builder_version=&#8221;4.17.6&#8243; _module_preset=&#8221;default&#8221; global_colors_info=&#8221;{}&#8221;][\/et_pb_divider][\/et_pb_column][\/et_pb_row][et_pb_row _builder_version=&#8221;4.17.6&#8243; _module_preset=&#8221;default&#8221; global_colors_info=&#8221;{}&#8221;][et_pb_column type=&#8221;4_4&#8243; _builder_version=&#8221;4.17.6&#8243; _module_preset=&#8221;default&#8221; global_colors_info=&#8221;{}&#8221;][et_pb_text admin_label=&#8221;Section Title &#8211; H3&#8243; _builder_version=&#8221;4.17.6&#8243; _module_preset=&#8221;default&#8221; header_3_font=&#8221;Futura Bold|||on|||||&#8221; header_3_text_align=&#8221;center&#8221; header_3_text_color=&#8221;#000000&#8243; header_3_font_size=&#8221;18px&#8221; header_3_letter_spacing=&#8221;1.8px&#8221; header_3_line_height=&#8221;24px&#8221; custom_margin=&#8221;||||false|false&#8221; custom_margin_tablet=&#8221;||||false|false&#8221; custom_margin_phone=&#8221;||||false|false&#8221; custom_margin_last_edited=&#8221;on|phone&#8221; custom_padding=&#8221;||||false|false&#8221; global_colors_info=&#8221;{}&#8221;]<\/p>\n<h3>HVIS DU IKKE HAR BESTILLET DE HOTESTE LGBT+ FERIE P\u00c5 PLANETEN,<br \/>\nHVAD VENTER DU P\u00c5? TJEK DEM NEDENFOR!<\/h3>\n<p>[\/et_pb_text][\/et_pb_column][\/et_pb_row][et_pb_row _builder_version=&#8221;4.17.6&#8243; _module_preset=&#8221;default&#8221; global_colors_info=&#8221;{}&#8221;][et_pb_column type=&#8221;4_4&#8243; _builder_version=&#8221;4.17.6&#8243; _module_preset=&#8221;default&#8221; global_colors_info=&#8221;{}&#8221;][et_pb_text _builder_version=&#8221;4.17.6&#8243; _module_preset=&#8221;default&#8221; global_colors_info=&#8221;{}&#8221;]<div id=\"ajax-load-more\" class=\"ajax-load-more-wrap default\" data-id=\"experience-items\" data-alm-id=\"\" data-canonical-url=\"https:\/\/www.myvacaya.com\/da\/konkurrencens-officielle-regler-tiktok-vacation-strut-challenge\/\" data-slug=\"konkurrencens-officielle-regler-tiktok-vacation-strut-challenge\" data-post-id=\"98631\"  data-localized=\"ajax_load_more_experience_items_vars\" data-alm-object=\"ajax_load_more_experience_items\"><ul aria-live=\"polite\" aria-atomic=\"true\" class=\"alm-listing alm-ajax\" data-container-type=\"ul\" data-loading-style=\"default\" data-repeater=\"template_1\" data-post-type=\"trip\" data-meta-key=\"show_trip_tile\" data-meta-value=\"1\" data-custom-args=\"post_parent: 0\" data-order=\"ASC\" data-orderby=\"date\" data-offset=\"0\" data-posts-per-page=\"20\" data-lang=\"da\" data-scroll=\"false\" data-button-label=\"Load More\" data-prev-button-label=\"Load Previous\" data-destroy-after=\"1\"><\/ul><div class=\"alm-btn-wrap\" data-rel=\"ajax-load-more\"><button class=\"alm-load-more-btn\" type=\"button\">Load More<\/button><\/div><\/div>[\/et_pb_text][\/et_pb_column][\/et_pb_row][\/et_pb_section]<\/p>\n","protected":false},"excerpt":{"rendered":"<p><div class=\"trip-overlay\"><div class=\"trip-title\"><h1>Rejsefliser med titel &#8211; Kun krydstogter<\/h1><\/div><\/div>Officielle regler for konkurrence p\u00e5 TikTokMEDDELELSE TIL SWEEPSTAKES, GIVEAWAYS OG KONKURRENCER-WEBSITES: DENNE SWEEPSTAKES KAN IKKE GENUDGIVERES I NOGEN FORM P\u00c5 DIT WEBSTED. VACAYA og alle de relaterede sider, indhold og kode er \u00a9 2018 VACAYA, LLC. Kopiering eller uautoriseret brug af ophavsretligt beskyttet materiale eller varem\u00e6rker uden udtrykkeligt skriftligt samtykke fra dets ejer er strengt [&hellip;]<\/p>\n","protected":false},"author":3,"featured_media":0,"parent":0,"menu_order":0,"comment_status":"closed","ping_status":"closed","template":"","meta":{"_acf_changed":false,"_et_pb_use_builder":"on","_et_pb_old_content":"","_et_gb_content_width":"","_monsterinsights_skip_tracking":false,"_monsterinsights_sitenote_active":false,"_monsterinsights_sitenote_note":"","_monsterinsights_sitenote_category":0,"footnotes":""},"class_list":["post-98631","page","type-page","status-publish","hentry"],"acf":[],"_links":{"self":[{"href":"https:\/\/www.myvacaya.com\/da\/wp-json\/wp\/v2\/pages\/98631","targetHints":{"allow":["GET"]}}],"collection":[{"href":"https:\/\/www.myvacaya.com\/da\/wp-json\/wp\/v2\/pages"}],"about":[{"href":"https:\/\/www.myvacaya.com\/da\/wp-json\/wp\/v2\/types\/page"}],"author":[{"embeddable":true,"href":"https:\/\/www.myvacaya.com\/da\/wp-json\/wp\/v2\/users\/3"}],"replies":[{"embeddable":true,"href":"https:\/\/www.myvacaya.com\/da\/wp-json\/wp\/v2\/comments?post=98631"}],"version-history":[{"count":1,"href":"https:\/\/www.myvacaya.com\/da\/wp-json\/wp\/v2\/pages\/98631\/revisions"}],"predecessor-version":[{"id":98638,"href":"https:\/\/www.myvacaya.com\/da\/wp-json\/wp\/v2\/pages\/98631\/revisions\/98638"}],"wp:attachment":[{"href":"https:\/\/www.myvacaya.com\/da\/wp-json\/wp\/v2\/media?parent=98631"}],"curies":[{"name":"wp","href":"https:\/\/api.w.org\/{rel}","templated":true}]}}