{"id":98597,"date":"2018-03-15T20:39:52","date_gmt":"2018-03-16T00:39:52","guid":{"rendered":"https:\/\/www.myvacaya.com\/opdage\/gruppesalg\/"},"modified":"2023-08-04T10:02:04","modified_gmt":"2023-08-04T14:02:04","slug":"gruppesalg","status":"publish","type":"page","link":"https:\/\/www.myvacaya.com\/da\/opdage\/gruppesalg\/","title":{"rendered":"Gruppesalg"},"content":{"rendered":"<p>[et_pb_section fb_built=&#8221;1&#8243; fullwidth=&#8221;on&#8221; admin_label=&#8221;Slider&#8221; module_id=&#8221;skyder-sektion-interi\u00f8r&#8221; _builder_version=&#8221;4.17.6&#8243; _module_preset=&#8221;default&#8221; background_enable_image=&#8221;off&#8221; global_colors_info=&#8221;{}&#8221;][et_pb_fullwidth_code admin_label=&#8221;Slider Overlay&#8221; module_class=&#8221;interior-page-overlay&#8221; _builder_version=&#8221;4.17.6&#8243; _module_preset=&#8221;default&#8221; positioning=&#8221;absolute&#8221; position_origin_a=&#8221;top_right&#8221; position_origin_f=&#8221;top_right&#8221; z_index=&#8221;100&#8243; width=&#8221;50%&#8221; width_tablet=&#8221;50%&#8221; width_phone=&#8221;100%&#8221; width_last_edited=&#8221;on|phone&#8221; height=&#8221;100vh&#8221; hover_enabled=&#8221;0&#8243; global_colors_info=&#8221;{}&#8221; sticky_enabled=&#8221;0&#8243;]<div class=\"trip-overlay\"><div class=\"trip-title\"><h1>Gruppesalg<\/h1><\/div><\/div>[\/et_pb_fullwidth_code][et_pb_fullwidth_slider show_arrows=&#8221;off&#8221; admin_label=&#8221;Slider Images&#8221; module_id=&#8221;slider-images&#8221; _builder_version=&#8221;4.17.6&#8243; _module_preset=&#8221;default&#8221; height=&#8221;100vh&#8221; auto=&#8221;on&#8221; global_colors_info=&#8221;{}&#8221;][et_pb_slide _builder_version=&#8221;4.17.6&#8243; _module_preset=&#8221;default&#8221; background_color=&#8221;RGBA(255,255,255,0)&#8221; background_enable_color=&#8221;on&#8221; background_image=&#8221;https:\/\/www.myvacaya.com\/wp-content\/uploads\/2022\/09\/group-sales.jpg&#8221; background_enable_image=&#8221;on&#8221; background_last_edited=&#8221;on|desktop&#8221; background_image_phone=&#8221;https:\/\/www.myvacaya.com\/wp-content\/uploads\/2022\/11\/group-travel-mobile-414&#215;500-1.jpg&#8221; background_enable_image_phone=&#8221;on&#8221; global_colors_info=&#8221;{}&#8221; sticky_transition=&#8221;on&#8221;][\/et_pb_slide][\/et_pb_fullwidth_slider][\/et_pb_section][et_pb_section fb_built=&#8221;1&#8243; custom_padding_last_edited=&#8221;on|phone&#8221; _builder_version=&#8221;4.17.6&#8243; _module_preset=&#8221;default&#8221; custom_padding=&#8221;||0%||false|false&#8221; custom_padding_tablet=&#8221;||||false|false&#8221; custom_padding_phone=&#8221;||||false|false&#8221; global_colors_info=&#8221;{}&#8221;][et_pb_row custom_padding_last_edited=&#8221;on|desktop&#8221; _builder_version=&#8221;4.17.6&#8243; _module_preset=&#8221;default&#8221; custom_padding=&#8221;||0%||false|false&#8221; custom_padding_tablet=&#8221;||||false|false&#8221; custom_padding_phone=&#8221;||||false|false&#8221; global_colors_info=&#8221;{}&#8221;][et_pb_column type=&#8221;4_4&#8243; _builder_version=&#8221;4.17.6&#8243; _module_preset=&#8221;default&#8221; global_colors_info=&#8221;{}&#8221;][et_pb_text _builder_version=&#8221;4.17.6&#8243; _module_preset=&#8221;default&#8221; custom_margin=&#8221;||||false|false&#8221; custom_margin_tablet=&#8221;||||false|false&#8221; custom_margin_phone=&#8221;||||false|false&#8221; custom_margin_last_edited=&#8221;on|phone&#8221; global_colors_info=&#8221;{}&#8221;]At rejse med venner er en stor del af LGBT+-ferieoplevelsen. S\u00e5 uanset om du og din fnis <b><span style=\"color: #ffcc00;\"><span style=\"color: #ffff00;\">*<\/span><\/span><\/b> leder efter 2 eller 50 v\u00e6relser, g\u00f8r VACAYAs online bookingv\u00e6rkt\u00f8j det nemmere end nogensinde f\u00f8r.[\/et_pb_text][et_pb_text admin_label=&#8221;Section Title &#8211; H3&#8243; _builder_version=&#8221;4.17.6&#8243; _module_preset=&#8221;default&#8221; header_3_font=&#8221;Futura Bold|||on|||||&#8221; header_3_text_align=&#8221;center&#8221; header_3_text_color=&#8221;#000000&#8243; header_3_font_size=&#8221;18px&#8221; header_3_letter_spacing=&#8221;1.8px&#8221; header_3_line_height=&#8221;24px&#8221; custom_margin=&#8221;||||false|false&#8221; custom_margin_tablet=&#8221;||||false|false&#8221; custom_margin_phone=&#8221;||||false|false&#8221; custom_margin_last_edited=&#8221;on|phone&#8221; custom_padding=&#8221;||||false|false&#8221; custom_padding_tablet=&#8221;||||false|false&#8221; custom_padding_phone=&#8221;||||false|false&#8221; custom_padding_last_edited=&#8221;on|phone&#8221; global_colors_info=&#8221;{}&#8221;]<\/p>\n<h3>S\u00c5DAN BESTILLER DU DIN GRUPPE &#8211; BEDSTE PRAKSIS<\/h3>\n<p>[\/et_pb_text][et_pb_text _builder_version=&#8221;4.17.6&#8243; _module_preset=&#8221;default&#8221; global_colors_info=&#8221;{}&#8221;]Hvis din gruppe leder efter side-by-side-v\u00e6relser eller endda n\u00e6rliggende v\u00e6relser til forskellige prisklasser, er vi sikre p\u00e5, at du kan navigere i en gruppebooking p\u00e5 egen h\u00e5nd. Og her er et par tips til at hj\u00e6lpe dig p\u00e5 vej:<\/p>\n<ul>\n<li>Start med at samle din gruppe p\u00e5 et opkald (eller endnu bedre&#8230; ansigt til ansigt med cocktails!). N\u00e5r alle er samlet, skal du udpege en gruppeleder, som kan moderere. Stol p\u00e5 os&#8230; du vil have din egen Julie McCoy.<span style=\"color: #ffff00;\"><strong>**<\/strong><\/span><\/li>\n<li>Tag et kig p\u00e5 den statiske d\u00e6kplan\/resorts-kort for den tur, du og dine venner er interesserede i (de er tilg\u00e6ngelige p\u00e5 siden PRIS for hver tur).<\/li>\n<li>V\u00e6lg et generelt interesseomr\u00e5de p\u00e5 skibet\/p\u00e5 resortet. Hvor vil du gerne have din gruppes lokaler placeret?<\/li>\n<li>Du booker hvert v\u00e6relse individuelt direkte p\u00e5 vores hjemmeside, s\u00e5 det er bedst at alle booker p\u00e5 samme tid for at sikre, at alle i din fnis f\u00e5r det pr\u00e6cise v\u00e6relse, de \u00f8nsker.<\/li>\n<li>N\u00e5r du g\u00e5r videre til BOOK NU-muligheden, viser vores online bookingv\u00e6rkt\u00f8j det aktuelle tilg\u00e6ngelige lager. Brug din indledende forskning som dit udgangspunkt, se blot efter det omr\u00e5de af interesse for at se, om disse v\u00e6relser stadig er ledige. Uanset om du er fra en desktop, tablet eller mobilenhed, kan I hver is\u00e6r se p\u00e5 de &#8220;live&#8221; d\u00e6kplaner og se de tilg\u00e6ngelige rum i realtid.<\/li>\n<li>Vores system giver dig mulighed for at holde dit v\u00e6relsesvalg i op til 30 minutter, mens dine venner ogs\u00e5 placerer deres egne side om side eller n\u00e6rliggende rum. N\u00e5r hver af jer har sat dit \u00f8nskede v\u00e6relse &#8220;p\u00e5 hold&#8221;, kan du forts\u00e6tte med at tjekke ud samtidigt.<\/li>\n<\/ul>\n<p>Der er virkelig ingen bedre m\u00e5de at rejse med VACAYA p\u00e5 end ved at stille tilst\u00f8dende v\u00e6relser op med dine venner og skabe dit eget lille kvarter lige der p\u00e5 skibet!<\/p>\n<p>&nbsp;<\/p>\n<p><span style=\"color: #ffff00;\"><strong>*<\/strong><\/span> En gruppe homoseksuelle plejede at v\u00e6re kendt som en &#8220;fnise&#8221;, men nu er det et &#8220;fnis&#8221;. Selv tak.<\/p>\n<p><span style=\"color: #ffff00;\"><strong>**<\/strong><\/span> Hvis du er under 30, refererer &#8220;Julie McCoy&#8221; til den ber\u00f8mte krydstogtdirekt\u00f8r fra 70&#8217;erne\/80&#8217;ernes ABC-komedie, <em>The Love Boat<\/em> . Du er velkommen&#8230; igen.[\/et_pb_text][\/et_pb_column][\/et_pb_row][\/et_pb_section][et_pb_section fb_built=&#8221;1&#8243; admin_label=&#8221;Trip Tiles with Divider and Title&#8221; _builder_version=&#8221;4.17.6&#8243; _module_preset=&#8221;default&#8221; global_colors_info=&#8221;{}&#8221;][et_pb_row _builder_version=&#8221;4.17.6&#8243; _module_preset=&#8221;default&#8221; global_colors_info=&#8221;{}&#8221;][et_pb_column type=&#8221;4_4&#8243; _builder_version=&#8221;4.17.6&#8243; _module_preset=&#8221;default&#8221; global_colors_info=&#8221;{}&#8221;][et_pb_divider color=&#8221;#000000&#8243; divider_position=&#8221;center&#8221; _builder_version=&#8221;4.17.6&#8243; _module_preset=&#8221;default&#8221; global_colors_info=&#8221;{}&#8221;][\/et_pb_divider][\/et_pb_column][\/et_pb_row][et_pb_row _builder_version=&#8221;4.17.6&#8243; _module_preset=&#8221;default&#8221; global_colors_info=&#8221;{}&#8221;][et_pb_column type=&#8221;4_4&#8243; _builder_version=&#8221;4.17.6&#8243; _module_preset=&#8221;default&#8221; global_colors_info=&#8221;{}&#8221;][et_pb_text admin_label=&#8221;Section Title &#8211; H3&#8243; _builder_version=&#8221;4.17.6&#8243; _module_preset=&#8221;default&#8221; header_3_font=&#8221;Futura Bold|||on|||||&#8221; header_3_text_align=&#8221;center&#8221; header_3_text_color=&#8221;#000000&#8243; header_3_font_size=&#8221;18px&#8221; header_3_letter_spacing=&#8221;1.8px&#8221; header_3_line_height=&#8221;24px&#8221; custom_margin=&#8221;||||false|false&#8221; custom_margin_tablet=&#8221;||||false|false&#8221; custom_margin_phone=&#8221;||||false|false&#8221; custom_margin_last_edited=&#8221;on|phone&#8221; custom_padding=&#8221;||||false|false&#8221; global_colors_info=&#8221;{}&#8221;]<\/p>\n<h3>HVIS DU IKKE HAR BESTILLET DE HOTESTE LGBT+ FERIE P\u00c5 PLANETEN,<br \/>\nHVAD VENTER DU P\u00c5? TJEK DEM NEDENFOR!<\/h3>\n<p>[\/et_pb_text][\/et_pb_column][\/et_pb_row][et_pb_row _builder_version=&#8221;4.17.6&#8243; _module_preset=&#8221;default&#8221; global_colors_info=&#8221;{}&#8221;][et_pb_column type=&#8221;4_4&#8243; _builder_version=&#8221;4.17.6&#8243; _module_preset=&#8221;default&#8221; global_colors_info=&#8221;{}&#8221;][et_pb_text _builder_version=&#8221;4.17.6&#8243; _module_preset=&#8221;default&#8221; global_colors_info=&#8221;{}&#8221;]<div id=\"ajax-load-more\" class=\"ajax-load-more-wrap default\" data-id=\"experience-items\" data-alm-id=\"\" data-canonical-url=\"https:\/\/www.myvacaya.com\/da\/opdage\/gruppesalg\/\" data-slug=\"gruppesalg\" data-post-id=\"98597\"  data-localized=\"ajax_load_more_experience_items_vars\" data-alm-object=\"ajax_load_more_experience_items\"><ul aria-live=\"polite\" aria-atomic=\"true\" class=\"alm-listing alm-ajax\" data-container-type=\"ul\" data-loading-style=\"default\" data-repeater=\"template_1\" data-post-type=\"trip\" data-meta-key=\"show_trip_tile\" data-meta-value=\"1\" data-custom-args=\"post_parent: 0\" data-order=\"ASC\" data-orderby=\"date\" data-offset=\"0\" data-posts-per-page=\"20\" data-lang=\"da\" data-scroll=\"false\" data-button-label=\"Load More\" data-prev-button-label=\"Load Previous\" data-destroy-after=\"1\"><\/ul><div class=\"alm-btn-wrap\" data-rel=\"ajax-load-more\"><button class=\"alm-load-more-btn\" type=\"button\">Load More<\/button><\/div><\/div>[\/et_pb_text][\/et_pb_column][\/et_pb_row][\/et_pb_section]<\/p>\n","protected":false},"excerpt":{"rendered":"<p><div class=\"trip-overlay\"><div class=\"trip-title\"><h1>Rejsefliser med titel &#8211; Kun krydstogter<\/h1><\/div><\/div>At rejse med venner er en stor del af LGBT+-ferieoplevelsen. S\u00e5 uanset om du og din fnis * leder efter 2 eller 50 v\u00e6relser, g\u00f8r VACAYAs online bookingv\u00e6rkt\u00f8j det nemmere end nogensinde f\u00f8r.S\u00c5DAN BESTILLER DU DIN GRUPPE &#8211; BEDSTE PRAKSISHvis din gruppe leder efter side-by-side-v\u00e6relser eller endda n\u00e6rliggende v\u00e6relser til forskellige prisklasser, er vi sikre [&hellip;]<\/p>\n","protected":false},"author":1,"featured_media":0,"parent":98489,"menu_order":0,"comment_status":"closed","ping_status":"closed","template":"","meta":{"_acf_changed":false,"_et_pb_use_builder":"on","_et_pb_old_content":"","_et_gb_content_width":"","_monsterinsights_skip_tracking":false,"_monsterinsights_sitenote_active":false,"_monsterinsights_sitenote_note":"","_monsterinsights_sitenote_category":0,"footnotes":""},"class_list":["post-98597","page","type-page","status-publish","hentry"],"acf":[],"_links":{"self":[{"href":"https:\/\/www.myvacaya.com\/da\/wp-json\/wp\/v2\/pages\/98597","targetHints":{"allow":["GET"]}}],"collection":[{"href":"https:\/\/www.myvacaya.com\/da\/wp-json\/wp\/v2\/pages"}],"about":[{"href":"https:\/\/www.myvacaya.com\/da\/wp-json\/wp\/v2\/types\/page"}],"author":[{"embeddable":true,"href":"https:\/\/www.myvacaya.com\/da\/wp-json\/wp\/v2\/users\/1"}],"replies":[{"embeddable":true,"href":"https:\/\/www.myvacaya.com\/da\/wp-json\/wp\/v2\/comments?post=98597"}],"version-history":[{"count":1,"href":"https:\/\/www.myvacaya.com\/da\/wp-json\/wp\/v2\/pages\/98597\/revisions"}],"predecessor-version":[{"id":98601,"href":"https:\/\/www.myvacaya.com\/da\/wp-json\/wp\/v2\/pages\/98597\/revisions\/98601"}],"up":[{"embeddable":true,"href":"https:\/\/www.myvacaya.com\/da\/wp-json\/wp\/v2\/pages\/98489"}],"wp:attachment":[{"href":"https:\/\/www.myvacaya.com\/da\/wp-json\/wp\/v2\/media?parent=98597"}],"curies":[{"name":"wp","href":"https:\/\/api.w.org\/{rel}","templated":true}]}}