{"id":98588,"date":"2018-03-08T23:35:14","date_gmt":"2018-03-09T04:35:14","guid":{"rendered":"https:\/\/www.myvacaya.com\/travel-pro-ressourcer\/log-paa\/"},"modified":"2024-04-30T14:13:46","modified_gmt":"2024-04-30T18:13:46","slug":"log-paa","status":"publish","type":"page","link":"https:\/\/www.myvacaya.com\/da\/travel-pro-ressourcer\/log-paa\/","title":{"rendered":"Log p\u00e5"},"content":{"rendered":"<p>[et_pb_section fb_built=&#8221;1&#8243; fullwidth=&#8221;on&#8221; admin_label=&#8221;Slider&#8221; module_id=&#8221;skyder-sektion-interi\u00f8r&#8221; _builder_version=&#8221;4.17.6&#8243; _module_preset=&#8221;default&#8221; background_enable_image=&#8221;off&#8221; global_colors_info=&#8221;{}&#8221;][et_pb_fullwidth_code admin_label=&#8221;Slider Overlay&#8221; module_class=&#8221;interior-page-overlay&#8221; _builder_version=&#8221;4.17.6&#8243; _module_preset=&#8221;default&#8221; positioning=&#8221;absolute&#8221; position_origin_a=&#8221;top_right&#8221; position_origin_f=&#8221;top_right&#8221; z_index=&#8221;100&#8243; width=&#8221;50%&#8221; width_tablet=&#8221;50%&#8221; width_phone=&#8221;100%&#8221; width_last_edited=&#8221;on|phone&#8221; height=&#8221;100vh&#8221; global_colors_info=&#8221;{}&#8221;]<div class=\"trip-overlay\"><div class=\"trip-title\"><h1>Log p\u00e5<\/h1><\/div><\/div>[\/et_pb_fullwidth_code][et_pb_fullwidth_slider show_arrows=&#8221;off&#8221; admin_label=&#8221;Slider Images&#8221; module_id=&#8221;slider-images&#8221; _builder_version=&#8221;4.17.6&#8243; _module_preset=&#8221;default&#8221; height=&#8221;100vh&#8221; auto=&#8221;on&#8221; global_colors_info=&#8221;{}&#8221;][et_pb_slide _builder_version=&#8221;4.17.6&#8243; _module_preset=&#8221;default&#8221; background_color=&#8221;RGBA(255,255,255,0)&#8221; background_enable_color=&#8221;on&#8221; background_image=&#8221;https:\/\/www.myvacaya.com\/wp-content\/uploads\/2022\/09\/travel-agents-login-1.jpg&#8221; background_enable_image=&#8221;on&#8221; background_last_edited=&#8221;on|desktop&#8221; background_image_phone=&#8221;https:\/\/www.myvacaya.com\/wp-content\/uploads\/2022\/11\/travelpro-login-mobile-414&#215;500-1.jpg&#8221; background_enable_image_phone=&#8221;on&#8221; global_colors_info=&#8221;{}&#8221; sticky_transition=&#8221;on&#8221;][\/et_pb_slide][\/et_pb_fullwidth_slider][\/et_pb_section][et_pb_section fb_built=&#8221;1&#8243; custom_padding_last_edited=&#8221;on|phone&#8221; _builder_version=&#8221;4.17.6&#8243; _module_preset=&#8221;default&#8221; custom_padding=&#8221;||||false|false&#8221; custom_padding_tablet=&#8221;||||false|false&#8221; custom_padding_phone=&#8221;||||false|false&#8221; global_colors_info=&#8221;{}&#8221;][et_pb_row custom_padding_last_edited=&#8221;on|desktop&#8221; _builder_version=&#8221;4.17.6&#8243; _module_preset=&#8221;default&#8221; custom_padding=&#8221;||||false|false&#8221; custom_padding_tablet=&#8221;||||false|false&#8221; custom_padding_phone=&#8221;||||false|false&#8221; global_colors_info=&#8221;{}&#8221;][et_pb_column type=&#8221;4_4&#8243; _builder_version=&#8221;4.17.6&#8243; _module_preset=&#8221;default&#8221; global_colors_info=&#8221;{}&#8221;][et_pb_text admin_label=&#8221;Section Title &#8211; H3&#8243; _builder_version=&#8221;4.17.6&#8243; _module_preset=&#8221;default&#8221; header_3_font=&#8221;Futura Bold|||on|||||&#8221; header_3_text_align=&#8221;center&#8221; header_3_text_color=&#8221;#000000&#8243; header_3_font_size=&#8221;18px&#8221; header_3_letter_spacing=&#8221;1.8px&#8221; header_3_line_height=&#8221;24px&#8221; custom_margin=&#8221;||||false|false&#8221; custom_margin_tablet=&#8221;||||false|false&#8221; custom_margin_phone=&#8221;||||false|false&#8221; custom_margin_last_edited=&#8221;on|phone&#8221; custom_padding=&#8221;||||false|false&#8221; custom_padding_tablet=&#8221;||||false|false&#8221; custom_padding_phone=&#8221;||||false|false&#8221; custom_padding_last_edited=&#8221;on|desktop&#8221; global_colors_info=&#8221;{}&#8221;]<\/p>\n<h3>Velkommen til VACAYA!<\/h3>\n<p>[\/et_pb_text][\/et_pb_column][\/et_pb_row][et_pb_row column_structure=&#8221;2_3,1_3&#8243; _builder_version=&#8221;4.17.6&#8243; _module_preset=&#8221;default&#8221; global_colors_info=&#8221;{}&#8221;][et_pb_column type=&#8221;2_3&#8243; _builder_version=&#8221;4.17.6&#8243; _module_preset=&#8221;default&#8221; global_colors_info=&#8221;{}&#8221;][et_pb_text _builder_version=&#8221;4.17.6&#8243; _module_preset=&#8221;default&#8221; global_colors_info=&#8221;{}&#8221;]VACAYA \/vuh kai&#8217; uh\/ er en helt ny spiller i LGBTQ-rejselandskabet med fuld skib, der giver vores rejsebureaukolleger et \u00e6gte partnerskab \u2013 et, der bygger p\u00e5 klar, rettidig kommunikation; uendelig respekt for jeres bidrag til vores gensidige succes; og robuste standardkommissioner og bonusbel\u00f8nninger.<\/p>\n<p>Vi er sikre p\u00e5, at du vil finde en entusiastisk partner i VACAYA. Faktisk kan vi ikke vente med at komme i gang med at opbygge vores forhold til dig!<\/p>\n<p>Med VACAYAs avancerede online reservationsstyringssystem har det aldrig v\u00e6ret nemmere at tjene provision. Bookinger gennem vores agent-only-portal tager mindre end 5 minutter fra start til slut og kan bogstaveligt talt foretages fra hvor som helst i verden d\u00f8gnet rundt.<\/p>\n<p>Og selvf\u00f8lgelig st\u00e5r The Vacayans klar til at tilbyde enhver hj\u00e6lp, du m\u00e5tte have brug for til at s\u00e6lge VACAYA. Vores standard telefontider er 10.00-13.00 og 14.00-17.00 ET mandag til fredag, men hvis du har brug for assistance uden for disse \u00e5bningstider, skal du blot kontakte dig via e-mail til <strong><a href=\"mailto:travelagents@myvacaya.com\" target=\"_blank\" rel=\"noopener\">travelagents@myvacaya.com<\/a><\/strong> , s\u00e5 vender vi tilbage til dig hurtigst muligt .[\/et_pb_text][\/et_pb_column][et_pb_column type=&#8221;1_3&#8243; _builder_version=&#8221;4.17.6&#8243; _module_preset=&#8221;default&#8221; global_colors_info=&#8221;{}&#8221;][revslider_divi revslider_divi=&#8221;%91rev_slider alias=%22travel-agent-randle%22 slidertitle=%22Travel Agent &#8211; Randle%22%93%91\/rev_slider%93&#8243; _builder_version=&#8221;4.17.6&#8243; _module_preset=&#8221;default&#8221; global_colors_info=&#8221;{}&#8221;][\/revslider_divi][\/et_pb_column][\/et_pb_row][et_pb_row _builder_version=&#8221;4.17.6&#8243; _module_preset=&#8221;default&#8221; global_colors_info=&#8221;{}&#8221;][et_pb_column type=&#8221;4_4&#8243; _builder_version=&#8221;4.17.6&#8243; _module_preset=&#8221;default&#8221; global_colors_info=&#8221;{}&#8221;][et_pb_text admin_label=&#8221;Section Title &#8211; H3&#8243; _builder_version=&#8221;4.17.6&#8243; _module_preset=&#8221;default&#8221; header_3_font=&#8221;Futura Bold|||on|||||&#8221; header_3_text_align=&#8221;center&#8221; header_3_text_color=&#8221;#000000&#8243; header_3_font_size=&#8221;18px&#8221; header_3_letter_spacing=&#8221;1.8px&#8221; header_3_line_height=&#8221;24px&#8221; custom_margin=&#8221;||||false|false&#8221; custom_margin_tablet=&#8221;||||false|false&#8221; custom_margin_phone=&#8221;||||false|false&#8221; custom_margin_last_edited=&#8221;on|phone&#8221; custom_padding=&#8221;||||false|false&#8221; custom_padding_tablet=&#8221;||||false|false&#8221; custom_padding_phone=&#8221;||||false|false&#8221; custom_padding_last_edited=&#8221;on|phone&#8221; global_colors_info=&#8221;{}&#8221;]<\/p>\n<h3>REGISTRER DIG FOR AT BLIVE EN FORETRUKKET VACAYA REJSEPROFESSIONEL<\/h3>\n<p>[\/et_pb_text][et_pb_text _builder_version=&#8221;4.17.6&#8243; _module_preset=&#8221;default&#8221; global_colors_info=&#8221;{}&#8221;]<\/p>\n<ol>\n<li>Tilmeld dig <strong><a href=\"https:\/\/www.myvacaya.com\/da\/travel-pro-ressourcer\/tilmeld\/\">HER<\/a><\/strong> . Du skal bruge en form for professionel akkreditering. Vi accepterer CLIA, IATAN eller IATA. For at blive en akkrediteret rejseprofessionel, bes\u00f8g venligst:\n<ul>\n<li><strong><a href=\"http:\/\/bit.ly\/2i9BFtS\" target=\"_blank\" rel=\"noopener\">CLIA<\/a><\/strong><\/li>\n<li><strong><a href=\"http:\/\/bit.ly\/2fQ5Vcq\" target=\"_blank\" rel=\"noopener\">IATAN<\/a><\/strong><\/li>\n<li><strong><a href=\"http:\/\/bit.ly\/2rSisOp\" target=\"_blank\" rel=\"noopener\">IATA<\/a><\/strong><\/li>\n<\/ul>\n<\/li>\n<li>Indsend en Government W-9 (kun amerikanske rejsebureauer, download <strong><a href=\"https:\/\/www.irs.gov\/pub\/irs-pdf\/fw9.pdf\" target=\"_blank\" rel=\"noopener\">HER<\/a><\/strong> ). E-mail til <strong><a href=\"mailto:travelagents@myvacaya.com\" target=\"_blank\" rel=\"noopener\">travelagents@myvacaya.com<\/a><\/strong> .<\/li>\n<\/ol>\n<p>N\u00e5r du har gennemf\u00f8rt ovenst\u00e5ende trin, modtager du en bekr\u00e6ftelses-e-mail fra os med en hurtig vejledning om vores reservationssystem, inklusive instruktioner til at logge ind for f\u00f8rste gang. Hvis du har sp\u00f8rgsm\u00e5l, n\u00e5r du har gennemf\u00f8rt vejledningen, vil vi naturligvis v\u00e6re der for at hj\u00e6lpe. Du skal blot e-maile dine sp\u00f8rgsm\u00e5l til <strong><a href=\"mailto:travelagents@myvacaya.com\" target=\"_blank\" rel=\"noopener\">travelagents@myvacaya.com<\/a><\/strong> .[\/et_pb_text][\/et_pb_column][\/et_pb_row][et_pb_row _builder_version=&#8221;4.17.6&#8243; _module_preset=&#8221;default&#8221; global_colors_info=&#8221;{}&#8221;][et_pb_column type=&#8221;4_4&#8243; _builder_version=&#8221;4.17.6&#8243; _module_preset=&#8221;default&#8221; global_colors_info=&#8221;{}&#8221;][et_pb_text admin_label=&#8221;Section Title &#8211; H3&#8243; _builder_version=&#8221;4.17.6&#8243; _module_preset=&#8221;default&#8221; header_3_font=&#8221;Futura Bold|||on|||||&#8221; header_3_text_align=&#8221;center&#8221; header_3_text_color=&#8221;#000000&#8243; header_3_font_size=&#8221;18px&#8221; header_3_letter_spacing=&#8221;1.8px&#8221; header_3_line_height=&#8221;24px&#8221; custom_margin=&#8221;||||false|false&#8221; custom_margin_tablet=&#8221;||||false|false&#8221; custom_margin_phone=&#8221;||||false|false&#8221; custom_margin_last_edited=&#8221;on|phone&#8221; custom_padding=&#8221;||||false|false&#8221; custom_padding_tablet=&#8221;||||false|false&#8221; custom_padding_phone=&#8221;||||false|false&#8221; custom_padding_last_edited=&#8221;on|phone&#8221; global_colors_info=&#8221;{}&#8221;]<\/p>\n<h3>ALLEREDE TILMELDT HOS VACAYA? HVIS JA, LOG VENLIGST IND HER:<\/h3>\n<p>[\/et_pb_text][et_pb_text _builder_version=&#8221;4.17.6&#8243; _module_preset=&#8221;default&#8221; global_colors_info=&#8221;{}&#8221;]<div id=\"wppb-login-wrap\" class=\"wppb-user-forms\">\n\t\t<form name=\"wppb-loginform\" id=\"wppb-loginform\" class=\"\" action=\"https:\/\/www.myvacaya.com\/da\/wp-json\/wp\/v2\/pages\/98588\" method=\"post\">\n\t\t\t\n\t\t\t<p class=\"wppb-form-field login-username\">\n\t\t\t\t<label for=\"wppb_user_login\">E-mail<\/label>\n\t\t\t\t<input type=\"email\" name=\"log\" id=\"wppb_user_login\" class=\"input\" value=\"\" size=\"20\" \/>\n\t\t\t<\/p>\n\t\t\t<p class=\"wppb-form-field login-password\">\n\t\t\t\t<label for=\"wppb_user_pass\">Adgangskode<\/label>\n\t\t\t\t<span class=\"wppb-password-field-container\">\n\t\t\t\t    <input type=\"password\" name=\"pwd\" id=\"wppb_user_pass\" class=\"input\" value=\"\" size=\"20\" \/>\n\t\t\t\t     <!-- add the HTML for the visibility toggle -->\n\t\t\t\t<\/span>\n            <\/p>\n\t\t\t\n\t\t\t\n\t\t\t<p class=\"wppb-form-field login-remember\"><input name=\"rememberme\" type=\"checkbox\" id=\"rememberme\" value=\"forever\" \/><label for=\"rememberme\">Husk mig<\/label><\/p>\n\t\t\t<p class=\"login-submit\">\n\t\t\t\t<input type=\"submit\" name=\"wp-submit\" id=\"wppb-submit\" class=\"button button-primary\" value=\"Log ind\"\" \/>\n\t\t\t\t<input type=\"hidden\" name=\"redirect_to\" value=\"\/travel-pro-resources\/selling-and-marketing-with-vacaya\/\" \/>\n\t\t\t<\/p>\n\t\t\t<input type=\"hidden\" name=\"wppb_login\" value=\"true\"\/>\n\t\t\t<input type=\"hidden\" name=\"wppb_form_location\" value=\"widget\"\/>\n\t\t\t<input type=\"hidden\" name=\"wppb_request_url\" value=\"https:\/\/www.myvacaya.com\/da\/wp-json\/wp\/v2\/pages\/98588\"\/>\n\t\t\t<input type=\"hidden\" name=\"wppb_lostpassword_url\" value=\"\/travel-pro-resources\/reset-password\/\"\/>\n\t\t\t<input type=\"hidden\" name=\"wppb_redirect_priority\" value=\"normal\"\/>\n\t\t\t<input type=\"hidden\" name=\"wppb_referer_url\" value=\"\"\/>\n\t\t\t<input type=\"hidden\" id=\"CSRFToken-wppb\" name=\"CSRFToken-wppb\" value=\"58d436f042\" \/><input type=\"hidden\" name=\"_wp_http_referer\" value=\"\/da\/wp-json\/wp\/v2\/pages\/98588\" \/>\n\t\t\t<input type=\"hidden\" name=\"wppb_redirect_check\" value=\"true\"\/>\n\t\t\t\n\t\t<\/form><script>window.onload = function() { jQuery(document).ready(function($) { $(\"input[name=\\\"log\\\"]\").on(\"keyup\", function() { $(this).val( $.trim($(this).val()) ); }); }); }<\/script><p class=\"login-register-lost-password\"><a class=\"login-register\" href=\"\/travel-pro-resources\/register\/\">Registrer<\/a><span class=\"login-separator\"> | <\/span><a class=\"login-lost-password\" href=\"\/travel-pro-resources\/reset-password\/\">Glemt din adgangskode?<\/a><\/p><\/div>[\/et_pb_text][\/et_pb_column][\/et_pb_row][et_pb_row _builder_version=&#8221;4.17.6&#8243; _module_preset=&#8221;default&#8221; global_colors_info=&#8221;{}&#8221;][et_pb_column type=&#8221;4_4&#8243; _builder_version=&#8221;4.17.6&#8243; _module_preset=&#8221;default&#8221; global_colors_info=&#8221;{}&#8221;][et_pb_text admin_label=&#8221;Section Title &#8211; H3&#8243; _builder_version=&#8221;4.17.6&#8243; _module_preset=&#8221;default&#8221; header_3_font=&#8221;Futura Bold|||on|||||&#8221; header_3_text_align=&#8221;center&#8221; header_3_text_color=&#8221;#000000&#8243; header_3_font_size=&#8221;18px&#8221; header_3_letter_spacing=&#8221;1.8px&#8221; header_3_line_height=&#8221;24px&#8221; custom_margin=&#8221;||||false|false&#8221; custom_margin_tablet=&#8221;||||false|false&#8221; custom_margin_phone=&#8221;||||false|false&#8221; custom_margin_last_edited=&#8221;on|phone&#8221; custom_padding=&#8221;||||false|false&#8221; custom_padding_tablet=&#8221;||||false|false&#8221; custom_padding_phone=&#8221;||||false|false&#8221; custom_padding_last_edited=&#8221;on|phone&#8221; global_colors_info=&#8221;{}&#8221;]<\/p>\n<h3>Salg og markedsf\u00f8ring med VACAYA<\/h3>\n<p>[\/et_pb_text][et_pb_text _builder_version=&#8221;4.23.4&#8243; _module_preset=&#8221;default&#8221; hover_enabled=&#8221;0&#8243; global_colors_info=&#8221;{}&#8221; sticky_enabled=&#8221;0&#8243;]<a class=\"btn-pink-inline\" href=\"https:\/\/www.myvacaya.com\/da\/travel-pro-ressourcer\/salg-og-markedsfoering-med-vacaya\/\"><span>Klik her<\/span><\/a>[\/et_pb_text][\/et_pb_column][\/et_pb_row][\/et_pb_section]<\/p>\n","protected":false},"excerpt":{"rendered":"<p><div class=\"trip-overlay\"><div class=\"trip-title\"><h1>Rejsefliser med titel &#8211; Kun krydstogter<\/h1><\/div><\/div>Velkommen til VACAYA!VACAYA \/vuh kai&#8217; uh\/ er en helt ny spiller i LGBTQ-rejselandskabet med fuld skib, der giver vores rejsebureaukolleger et \u00e6gte partnerskab \u2013 et, der bygger p\u00e5 klar, rettidig kommunikation; uendelig respekt for jeres bidrag til vores gensidige succes; og robuste standardkommissioner og bonusbel\u00f8nninger. Vi er sikre p\u00e5, at du vil finde en entusiastisk [&hellip;]<\/p>\n","protected":false},"author":1,"featured_media":0,"parent":98505,"menu_order":0,"comment_status":"closed","ping_status":"closed","template":"","meta":{"_acf_changed":false,"_et_pb_use_builder":"on","_et_pb_old_content":"","_et_gb_content_width":"","_monsterinsights_skip_tracking":false,"_monsterinsights_sitenote_active":false,"_monsterinsights_sitenote_note":"","_monsterinsights_sitenote_category":0,"footnotes":""},"class_list":["post-98588","page","type-page","status-publish","hentry"],"acf":[],"_links":{"self":[{"href":"https:\/\/www.myvacaya.com\/da\/wp-json\/wp\/v2\/pages\/98588","targetHints":{"allow":["GET"]}}],"collection":[{"href":"https:\/\/www.myvacaya.com\/da\/wp-json\/wp\/v2\/pages"}],"about":[{"href":"https:\/\/www.myvacaya.com\/da\/wp-json\/wp\/v2\/types\/page"}],"author":[{"embeddable":true,"href":"https:\/\/www.myvacaya.com\/da\/wp-json\/wp\/v2\/users\/1"}],"replies":[{"embeddable":true,"href":"https:\/\/www.myvacaya.com\/da\/wp-json\/wp\/v2\/comments?post=98588"}],"version-history":[{"count":5,"href":"https:\/\/www.myvacaya.com\/da\/wp-json\/wp\/v2\/pages\/98588\/revisions"}],"predecessor-version":[{"id":151400,"href":"https:\/\/www.myvacaya.com\/da\/wp-json\/wp\/v2\/pages\/98588\/revisions\/151400"}],"up":[{"embeddable":true,"href":"https:\/\/www.myvacaya.com\/da\/wp-json\/wp\/v2\/pages\/98505"}],"wp:attachment":[{"href":"https:\/\/www.myvacaya.com\/da\/wp-json\/wp\/v2\/media?parent=98588"}],"curies":[{"name":"wp","href":"https:\/\/api.w.org\/{rel}","templated":true}]}}