{"id":98573,"date":"2018-03-29T17:54:59","date_gmt":"2018-03-29T21:54:59","guid":{"rendered":"https:\/\/www.myvacaya.com\/travel-pro-ressourcer\/salg-og-markedsfoering-med-vacaya\/"},"modified":"2023-08-04T10:02:10","modified_gmt":"2023-08-04T14:02:10","slug":"salg-og-markedsfoering-med-vacaya","status":"publish","type":"page","link":"https:\/\/www.myvacaya.com\/da\/travel-pro-ressourcer\/salg-og-markedsfoering-med-vacaya\/","title":{"rendered":"Salg og markedsf\u00f8ring med VACAYA"},"content":{"rendered":"<p>[et_pb_section fb_built=&#8221;1&#8243; fullwidth=&#8221;on&#8221; admin_label=&#8221;Slider&#8221; module_id=&#8221;skyder-sektion-interi\u00f8r&#8221; _builder_version=&#8221;4.17.6&#8243; _module_preset=&#8221;default&#8221; background_enable_image=&#8221;off&#8221; global_colors_info=&#8221;{}&#8221;][et_pb_fullwidth_code admin_label=&#8221;Slider Overlay&#8221; module_class=&#8221;interior-page-overlay&#8221; _builder_version=&#8221;4.17.6&#8243; _module_preset=&#8221;default&#8221; positioning=&#8221;absolute&#8221; position_origin_a=&#8221;top_right&#8221; position_origin_f=&#8221;top_right&#8221; z_index=&#8221;100&#8243; width=&#8221;50%&#8221; width_tablet=&#8221;50%&#8221; width_phone=&#8221;100%&#8221; width_last_edited=&#8221;on|phone&#8221; height=&#8221;100vh&#8221; hover_enabled=&#8221;0&#8243; global_colors_info=&#8221;{}&#8221; sticky_enabled=&#8221;0&#8243;]<div class=\"trip-overlay\"><div class=\"trip-title\"><h1>Salg og markedsf\u00f8ring med VACAYA<\/h1><\/div><\/div>[\/et_pb_fullwidth_code][et_pb_fullwidth_slider show_arrows=&#8221;off&#8221; admin_label=&#8221;Slider Images&#8221; module_id=&#8221;slider-images&#8221; _builder_version=&#8221;4.17.6&#8243; _module_preset=&#8221;default&#8221; height=&#8221;100vh&#8221; auto=&#8221;on&#8221; global_colors_info=&#8221;{}&#8221;][et_pb_slide _builder_version=&#8221;4.17.6&#8243; _module_preset=&#8221;default&#8221; background_color=&#8221;RGBA(255,255,255,0)&#8221; background_enable_color=&#8221;on&#8221; background_image=&#8221;https:\/\/www.myvacaya.com\/wp-content\/uploads\/2022\/09\/travel-agents-selling-marketing.jpg&#8221; background_enable_image=&#8221;on&#8221; background_last_edited=&#8221;on|desktop&#8221; background_image_phone=&#8221;https:\/\/www.myvacaya.com\/wp-content\/uploads\/2022\/11\/selling-marketing-vacayamobile-414&#215;500-1.png&#8221; background_enable_image_phone=&#8221;on&#8221; global_colors_info=&#8221;{}&#8221; sticky_transition=&#8221;on&#8221;][\/et_pb_slide][\/et_pb_fullwidth_slider][\/et_pb_section][et_pb_section fb_built=&#8221;1&#8243; custom_padding_last_edited=&#8221;on|phone&#8221; _builder_version=&#8221;4.17.6&#8243; _module_preset=&#8221;default&#8221; custom_padding=&#8221;||||false|false&#8221; custom_padding_tablet=&#8221;||||false|false&#8221; custom_padding_phone=&#8221;||||false|false&#8221; global_colors_info=&#8221;{}&#8221;][et_pb_row custom_padding_last_edited=&#8221;on|desktop&#8221; _builder_version=&#8221;4.17.6&#8243; _module_preset=&#8221;default&#8221; custom_padding=&#8221;||||false|false&#8221; custom_padding_tablet=&#8221;||||false|false&#8221; custom_padding_phone=&#8221;||||false|false&#8221; global_colors_info=&#8221;{}&#8221;][et_pb_column type=&#8221;4_4&#8243; _builder_version=&#8221;4.17.6&#8243; _module_preset=&#8221;default&#8221; global_colors_info=&#8221;{}&#8221;][et_pb_text _builder_version=&#8221;4.17.6&#8243; _module_preset=&#8221;default&#8221; custom_margin=&#8221;||||false|false&#8221; custom_margin_tablet=&#8221;||||false|false&#8221; custom_margin_phone=&#8221;||||false|false&#8221; custom_margin_last_edited=&#8221;on|phone&#8221; global_colors_info=&#8221;{}&#8221;]At v\u00e6re en autoriseret VACAYA Travel Professional er en hyldest til din viden om VACAYA-produktet og den v\u00e6rdi, dit bureau tilf\u00f8rer vores f\u00e6lles kunder. Salg og markedsf\u00f8ring med VACAYA vil frig\u00f8re v\u00e6rdifulde fordele og kompensationsmuligheder. P\u00e5 forh\u00e5nd tak for at udnytte disse ressourcer og st\u00f8tte vores gensidigt gavnlige politikker.[\/et_pb_text][et_pb_text admin_label=&#8221;Section Title &#8211; H3&#8243; _builder_version=&#8221;4.17.6&#8243; _module_preset=&#8221;default&#8221; header_3_font=&#8221;Futura Bold|||on|||||&#8221; header_3_text_align=&#8221;center&#8221; header_3_text_color=&#8221;#000000&#8243; header_3_font_size=&#8221;18px&#8221; header_3_letter_spacing=&#8221;1.8px&#8221; header_3_line_height=&#8221;24px&#8221; custom_margin=&#8221;||||false|false&#8221; custom_margin_tablet=&#8221;||||false|false&#8221; custom_margin_phone=&#8221;||||false|false&#8221; custom_margin_last_edited=&#8221;on|phone&#8221; custom_padding=&#8221;||||false|false&#8221; custom_padding_tablet=&#8221;||||false|false&#8221; custom_padding_phone=&#8221;||||false|false&#8221; custom_padding_last_edited=&#8221;on|phone&#8221; global_colors_info=&#8221;{}&#8221;]<\/p>\n<h3>S\u00c6LGES MED VACAYA<\/h3>\n<p>[\/et_pb_text][et_pb_text _builder_version=&#8221;4.17.6&#8243; _module_preset=&#8221;default&#8221; global_colors_info=&#8221;{}&#8221;]Her finder du al den information, du beh\u00f8ver for at forst\u00e5 og vedligeholde det solide forhold mellem VAVACA og din klient, og vigtigst af alt, hvordan du tjener v\u00e6rdifulde provisioner.<\/p>\n<p>Og selvf\u00f8lgelig, hvis du nogensinde har sp\u00f8rgsm\u00e5l\/feedback, vil vores team altid v\u00e6re der for dig.<\/p>\n<p><a class=\"btn-pink-inline\" href=\"https:\/\/www.myvacaya.com\/da\/travel-pro-ressourcer\/travel-pro-guidelines\/\"><span>Travel Pro Guidelines<\/span><\/a>[\/et_pb_text][\/et_pb_column][\/et_pb_row][et_pb_row _builder_version=&#8221;4.17.6&#8243; _module_preset=&#8221;default&#8221; global_colors_info=&#8221;{}&#8221;][et_pb_column type=&#8221;4_4&#8243; _builder_version=&#8221;4.17.6&#8243; _module_preset=&#8221;default&#8221; global_colors_info=&#8221;{}&#8221;][et_pb_text admin_label=&#8221;Section Title &#8211; H3&#8243; _builder_version=&#8221;4.17.6&#8243; _module_preset=&#8221;default&#8221; header_3_font=&#8221;Futura Bold|||on|||||&#8221; header_3_text_align=&#8221;center&#8221; header_3_text_color=&#8221;#000000&#8243; header_3_font_size=&#8221;18px&#8221; header_3_letter_spacing=&#8221;1.8px&#8221; header_3_line_height=&#8221;24px&#8221; custom_margin=&#8221;||||false|false&#8221; custom_margin_tablet=&#8221;||||false|false&#8221; custom_margin_phone=&#8221;||||false|false&#8221; custom_margin_last_edited=&#8221;on|phone&#8221; custom_padding=&#8221;||||false|false&#8221; custom_padding_tablet=&#8221;||||false|false&#8221; custom_padding_phone=&#8221;||||false|false&#8221; custom_padding_last_edited=&#8221;on|phone&#8221; global_colors_info=&#8221;{}&#8221;]<\/p>\n<h3>MARKEDSF\u00d8RING MED VACAYA<\/h3>\n<p>[\/et_pb_text][\/et_pb_column][\/et_pb_row][et_pb_row column_structure=&#8221;2_3,1_3&#8243; _builder_version=&#8221;4.17.6&#8243; _module_preset=&#8221;default&#8221; global_colors_info=&#8221;{}&#8221;][et_pb_column type=&#8221;2_3&#8243; _builder_version=&#8221;4.17.6&#8243; _module_preset=&#8221;default&#8221; global_colors_info=&#8221;{}&#8221;][et_pb_text _builder_version=&#8221;4.17.6&#8243; _module_preset=&#8221;default&#8221; global_colors_info=&#8221;{}&#8221;]Vores marketingsektion fremh\u00e6ver de fordele og fordele, dit bureau vil nyde ved at opbygge et forhold til os. Du vil opdage utallige v\u00e6rkt\u00f8jer og ressourcer, der er tilg\u00e6ngelige gennem VACAYA&#8217;s Authorized Travel Professional Program for at hj\u00e6lpe dig med at fremme og v\u00e6kste din virksomhed. Til sidst vil vi skitsere de politikker, der styrer vores program for at hj\u00e6lpe dig med at bevare et godt omd\u00f8mme hos VACAYA.<\/p>\n<p>Efterh\u00e5nden som dit forhold til The Vacayans bliver st\u00e6rkere, er vi overbeviste om, at du vil opleve, at vi er im\u00f8dekommende partnere i din succes &#8211; et fuldst\u00e6ndigt samarbejdende team bygget op omkring gensidig forst\u00e5else og respekt for det arbejde, du udf\u00f8rer.<\/p>\n<p>Hele vores team er her for at hj\u00e6lpe dig med at s\u00e6lge VACAYA, men hvis du nogensinde har brug for direkte personlig assistance, bedes du sende en e-mail til <strong><a href=\"mailto:travelagents@myvacaya.com\" target=\"_blank\" rel=\"noopener\">travelagents@myvacaya.com<\/a><\/strong> , og vi vil g\u00f8re vores absolut bedste for at vende tilbage til dig hurtigt.<\/p>\n<p><a class=\"btn-pink-inline\" href=\"https:\/\/www.myvacaya.com\/da\/travel-pro-ressourcer\/travel-pro-marketing-retningslinjer\/\"><span>Marketingretningslinjer<\/span><\/a>[\/et_pb_text][\/et_pb_column][et_pb_column type=&#8221;1_3&#8243; _builder_version=&#8221;4.17.6&#8243; _module_preset=&#8221;default&#8221; global_colors_info=&#8221;{}&#8221;][revslider_divi revslider_divi=&#8221;%91rev_slider alias=%22travel-agent-patrick%22 slidertitle=%22Travel Agent &#8211; Patrick%22%93%91\/rev_slider%93&#8243; _builder_version=&#8221;4.17.6&#8243; _module_preset=&#8221;default&#8221; global_colors_info=&#8221;{}&#8221;][\/revslider_divi][\/et_pb_column][\/et_pb_row][\/et_pb_section]<\/p>\n","protected":false},"excerpt":{"rendered":"<p><div class=\"trip-overlay\"><div class=\"trip-title\"><h1>Rejsefliser med titel &#8211; Kun krydstogter<\/h1><\/div><\/div>At v\u00e6re en autoriseret VACAYA Travel Professional er en hyldest til din viden om VACAYA-produktet og den v\u00e6rdi, dit bureau tilf\u00f8rer vores f\u00e6lles kunder. Salg og markedsf\u00f8ring med VACAYA vil frig\u00f8re v\u00e6rdifulde fordele og kompensationsmuligheder. P\u00e5 forh\u00e5nd tak for at udnytte disse ressourcer og st\u00f8tte vores gensidigt gavnlige politikker.S\u00c6LGES MED VACAYAHer finder du al den [&hellip;]<\/p>\n","protected":false},"author":1,"featured_media":0,"parent":98505,"menu_order":0,"comment_status":"closed","ping_status":"closed","template":"","meta":{"_acf_changed":false,"_et_pb_use_builder":"on","_et_pb_old_content":"","_et_gb_content_width":"","_monsterinsights_skip_tracking":false,"_monsterinsights_sitenote_active":false,"_monsterinsights_sitenote_note":"","_monsterinsights_sitenote_category":0,"footnotes":""},"class_list":["post-98573","page","type-page","status-publish","hentry"],"acf":[],"_links":{"self":[{"href":"https:\/\/www.myvacaya.com\/da\/wp-json\/wp\/v2\/pages\/98573","targetHints":{"allow":["GET"]}}],"collection":[{"href":"https:\/\/www.myvacaya.com\/da\/wp-json\/wp\/v2\/pages"}],"about":[{"href":"https:\/\/www.myvacaya.com\/da\/wp-json\/wp\/v2\/types\/page"}],"author":[{"embeddable":true,"href":"https:\/\/www.myvacaya.com\/da\/wp-json\/wp\/v2\/users\/1"}],"replies":[{"embeddable":true,"href":"https:\/\/www.myvacaya.com\/da\/wp-json\/wp\/v2\/comments?post=98573"}],"version-history":[{"count":1,"href":"https:\/\/www.myvacaya.com\/da\/wp-json\/wp\/v2\/pages\/98573\/revisions"}],"predecessor-version":[{"id":98580,"href":"https:\/\/www.myvacaya.com\/da\/wp-json\/wp\/v2\/pages\/98573\/revisions\/98580"}],"up":[{"embeddable":true,"href":"https:\/\/www.myvacaya.com\/da\/wp-json\/wp\/v2\/pages\/98505"}],"wp:attachment":[{"href":"https:\/\/www.myvacaya.com\/da\/wp-json\/wp\/v2\/media?parent=98573"}],"curies":[{"name":"wp","href":"https:\/\/api.w.org\/{rel}","templated":true}]}}