{"id":98567,"date":"2018-02-10T15:14:43","date_gmt":"2018-02-10T20:14:43","guid":{"rendered":"https:\/\/www.myvacaya.com\/om-vacaya\/karrierer\/"},"modified":"2026-01-06T09:49:02","modified_gmt":"2026-01-06T14:49:02","slug":"karrierer","status":"publish","type":"page","link":"https:\/\/www.myvacaya.com\/da\/om-vacaya\/karrierer\/","title":{"rendered":"Karrierer"},"content":{"rendered":"<p>[et_pb_section fb_built=&#8221;1&#8243; fullwidth=&#8221;on&#8221; admin_label=&#8221;Slider&#8221; module_id=&#8221;skyder-sektion-interi\u00f8r&#8221; _builder_version=&#8221;4.17.6&#8243; _module_preset=&#8221;default&#8221; background_enable_image=&#8221;off&#8221; global_colors_info=&#8221;{}&#8221;][et_pb_fullwidth_code admin_label=&#8221;Slider Overlay&#8221; module_class=&#8221;interior-page-overlay&#8221; _builder_version=&#8221;4.17.6&#8243; _module_preset=&#8221;default&#8221; positioning=&#8221;absolute&#8221; position_origin_a=&#8221;top_right&#8221; position_origin_f=&#8221;top_right&#8221; z_index=&#8221;100&#8243; width=&#8221;50%&#8221; width_tablet=&#8221;50%&#8221; width_phone=&#8221;100%&#8221; width_last_edited=&#8221;on|phone&#8221; height=&#8221;100vh&#8221; global_colors_info=&#8221;{}&#8221;]<div class=\"trip-overlay\"><div class=\"trip-title\"><h1>Karrierer<\/h1><\/div><\/div>[\/et_pb_fullwidth_code][et_pb_fullwidth_slider show_arrows=&#8221;off&#8221; admin_label=&#8221;Slider Images&#8221; module_id=&#8221;slider-images&#8221; _builder_version=&#8221;4.17.6&#8243; _module_preset=&#8221;default&#8221; height=&#8221;100vh&#8221; auto=&#8221;on&#8221; global_colors_info=&#8221;{}&#8221;][et_pb_slide _builder_version=&#8221;4.17.6&#8243; _module_preset=&#8221;default&#8221; background_color=&#8221;RGBA(255,255,255,0)&#8221; background_enable_color=&#8221;on&#8221; background_image=&#8221;https:\/\/www.myvacaya.com\/wp-content\/uploads\/2022\/09\/GettyImages-900637248-v1b.png&#8221; background_enable_image=&#8221;on&#8221; background_last_edited=&#8221;on|desktop&#8221; background_image_phone=&#8221;https:\/\/www.myvacaya.com\/wp-content\/uploads\/2022\/11\/careers-mobile-414&#215;500-1.jpg&#8221; background_enable_image_phone=&#8221;on&#8221; global_colors_info=&#8221;{}&#8221; sticky_transition=&#8221;on&#8221;][\/et_pb_slide][\/et_pb_fullwidth_slider][\/et_pb_section][et_pb_section fb_built=&#8221;1&#8243; custom_padding_last_edited=&#8221;on|phone&#8221; _builder_version=&#8221;4.17.6&#8243; _module_preset=&#8221;default&#8221; custom_padding=&#8221;||0%||false|false&#8221; custom_padding_tablet=&#8221;||||false|false&#8221; custom_padding_phone=&#8221;||||false|false&#8221; global_colors_info=&#8221;{}&#8221;][et_pb_row _builder_version=&#8221;4.17.6&#8243; _module_preset=&#8221;default&#8221; custom_padding=&#8221;||0%||false|false&#8221; global_colors_info=&#8221;{}&#8221;][et_pb_column type=&#8221;4_4&#8243; _builder_version=&#8221;4.17.6&#8243; _module_preset=&#8221;default&#8221; global_colors_info=&#8221;{}&#8221;][et_pb_text _builder_version=&#8221;4.27.4&#8243; _module_preset=&#8221;default&#8221; custom_margin=&#8221;||||false|false&#8221; custom_margin_tablet=&#8221;||||false|false&#8221; custom_margin_phone=&#8221;||||false|false&#8221; custom_margin_last_edited=&#8221;on|phone&#8221; custom_padding=&#8221;||4%||false|false&#8221; custom_padding_tablet=&#8221;||4%||false|false&#8221; custom_padding_phone=&#8221;||40px||false|false&#8221; custom_padding_last_edited=&#8221;on|phone&#8221; hover_enabled=&#8221;0&#8243; global_colors_info=&#8221;{}&#8221; sticky_enabled=&#8221;0&#8243;]<\/p>\n<p>Hos VACAYA er vi p\u00e5 en sp\u00e6ndende rejse for at skabe et af de mest innovative rejsem\u00e6rker i verden. Efterh\u00e5nden som vi vokser, vil vi samle et fantastisk team af individer, der forst\u00e5r den sande betydning af teamwork.<\/p>\n<p>VACAYAs kernev\u00e6rdier informerer om, hvordan vores forretning drives dagligt. Vi str\u00e6ber efter at v\u00e6re bet\u00e6nksomme, gener\u00f8se, nysgerrige, modige, fleksible, elskv\u00e6rdige, taknemmelige og frem for alt at g\u00f8re det rigtige&#8230; for hinanden, for vores g\u00e6ster og for vores branchepartnere. Alle os her hos VACAYA g\u00f8r dette arbejde p\u00e5 grund af den gl\u00e6de, der kommer fra skabelse og udf\u00f8relse. Vi er <i>altid<\/i> et team \u2013 der arbejder sammen for at bringe VACAYA&#8217;s mission og vision ud i livet.<\/p>\n<p style=\"padding-left: 30px;\"><strong>VORES MISSION<\/strong><br \/> At opfylde feriedr\u00f8mmene hos alle voksne, der tror p\u00e5, at &#8220;k\u00e6rlighed er k\u00e6rlighed&#8221;, gennem vores engagement i personlig service i verdensklasse, kvalitetsoplevelser og uovertruffen v\u00e6rdi.<\/p>\n<p style=\"padding-left: 30px;\"><strong>VORES VISION<\/strong><br \/> Vi tror p\u00e5, at konsekvente, etiske og kvalitetsbevidste interaktioner med vores g\u00e6ster, forretningspartnere, medarbejdere og lokalsamfundet vil resultere i loyale langvarige relationer. VACAYA er forpligtet til at hj\u00e6lpe med at g\u00f8re verden til et bedre sted ved at inspirere g\u00e6ster til at arbejde frivilligt, donere og fremme menneskelig forst\u00e5else til de mindre heldige i de samfund, vi bes\u00f8ger rundt om i verden. Vores succes m\u00e5les af g\u00e6ster, der v\u00e6lger at vende tilbage til os igen og igen, og som opfordrer deres venner og familie til ogs\u00e5 at opleve VACAYA.<\/p>\n<p>Hos VACAYA betyder personligheden og kulturelle holdninger hos hvert enkelt teammedlem lige s\u00e5 meget som deres f\u00e6rdigheder. Vacayans er venlige, kloge, oven i k\u00f8bet, i stand til at t\u00e6nke fremad, intuitive, passionerede og respekterede i hele branchen.<\/p>\n<p>Vores h\u00e5b er at samarbejde med mennesker, der er lige h\u00f8jre (kreative) og venstre hjerne (logiske) &#8211; i stand til at bringe en magisk flair til VACAYA-oplevelsen, mens de er meget opm\u00e6rksomme p\u00e5 vores forretning.<\/p>\n<p>Efterh\u00e5nden som stillinger bliver tilg\u00e6ngelige (og de vil), tjek venligst tilbage her for specifikke detaljer og indsendelsesinstruktioner.<\/p>\n<p>&nbsp;<\/p>\n<h2 style=\"text-align: center;\"><span style=\"color: #800080;\">\u00c5BNE STILLINGER<\/span><\/h2>\n<p>&nbsp;<\/p>\n<p style=\"font-weight: 400; text-align: center;\">Der er i \u00f8jeblikket ingen ledige stillinger.<\/p>\n<p>&nbsp;<\/p>\n<p>&nbsp;<\/p>\n<p style=\"font-weight: 400;\">VACAYA er en arbejdsgiver med lige muligheder. Vi byder velkommen til kandidater med forskelligartet baggrund og livserfaring.<\/p>\n<h3 style=\"text-align: center;\"> <\/h3>\n<p>&nbsp;<\/p>\n<p>&nbsp;<\/p>\n<p>[\/et_pb_text][\/et_pb_column][\/et_pb_row][\/et_pb_section]<\/p>\n","protected":false},"excerpt":{"rendered":"<p><div class=\"trip-overlay\"><div class=\"trip-title\"><h1>Rejsefliser med titel &#8211; Kun krydstogter<\/h1><\/div><\/div>Hos VACAYA er vi p\u00e5 en sp\u00e6ndende rejse for at skabe et af de mest innovative rejsem\u00e6rker i verden. Efterh\u00e5nden som vi vokser, vil vi samle et fantastisk team af individer, der forst\u00e5r den sande betydning af teamwork. VACAYAs kernev\u00e6rdier informerer om, hvordan vores forretning drives dagligt. Vi str\u00e6ber efter at v\u00e6re bet\u00e6nksomme, gener\u00f8se, nysgerrige, [&hellip;]<\/p>\n","protected":false},"author":1,"featured_media":0,"parent":98500,"menu_order":0,"comment_status":"closed","ping_status":"closed","template":"","meta":{"_acf_changed":false,"_et_pb_use_builder":"on","_et_pb_old_content":"","_et_gb_content_width":"","_monsterinsights_skip_tracking":false,"_monsterinsights_sitenote_active":false,"_monsterinsights_sitenote_note":"","_monsterinsights_sitenote_category":0,"footnotes":""},"class_list":["post-98567","page","type-page","status-publish","hentry"],"acf":[],"_links":{"self":[{"href":"https:\/\/www.myvacaya.com\/da\/wp-json\/wp\/v2\/pages\/98567","targetHints":{"allow":["GET"]}}],"collection":[{"href":"https:\/\/www.myvacaya.com\/da\/wp-json\/wp\/v2\/pages"}],"about":[{"href":"https:\/\/www.myvacaya.com\/da\/wp-json\/wp\/v2\/types\/page"}],"author":[{"embeddable":true,"href":"https:\/\/www.myvacaya.com\/da\/wp-json\/wp\/v2\/users\/1"}],"replies":[{"embeddable":true,"href":"https:\/\/www.myvacaya.com\/da\/wp-json\/wp\/v2\/comments?post=98567"}],"version-history":[{"count":17,"href":"https:\/\/www.myvacaya.com\/da\/wp-json\/wp\/v2\/pages\/98567\/revisions"}],"predecessor-version":[{"id":188414,"href":"https:\/\/www.myvacaya.com\/da\/wp-json\/wp\/v2\/pages\/98567\/revisions\/188414"}],"up":[{"embeddable":true,"href":"https:\/\/www.myvacaya.com\/da\/wp-json\/wp\/v2\/pages\/98500"}],"wp:attachment":[{"href":"https:\/\/www.myvacaya.com\/da\/wp-json\/wp\/v2\/media?parent=98567"}],"curies":[{"name":"wp","href":"https:\/\/api.w.org\/{rel}","templated":true}]}}